{"id":6423,"date":"2015-09-15T11:53:50","date_gmt":"2015-12-17T13:58:07","guid":{"rendered":"https:\/\/www.raytech.it\/?post_type=product&#038;p=6423&#038;lang=es"},"modified":"2019-08-29T12:09:23","modified_gmt":"2019-08-29T12:09:23","slug":"cintas-termo-retractiles-hvbt","status":"publish","type":"product","link":"https:\/\/www.raytech.it\/es\/producto\/media-tension\/fundas-y-cintas-para-aislamiento\/cintas-termo-retractiles-hvbt","title":{"rendered":"Cintas termo retr\u00e1ctiles HVBT"},"content":{"rendered":"<h4><span style=\"color: #0069b4;\">Cinta HVBT termo retr\u00e1ctiles revestida de adhesivo termofusible para MT<\/span><\/h4>\n<p><strong>APLICACI\u00d3N<\/strong><br \/>\nLa cinta HVBT forma parte de la gama de productos para el aislamiento de las barras. Se trata de una cinta termoretraible revestido sobre un lado de adhesivo termofusible.<\/p>\n<p><strong>INSTALACI\u00d3N<\/strong><br \/>\nLa cinta HVBT se instala envolvi\u00e9ndolo sobre la barra con montaje igual a 2\/3 moderadamente tensado. Cuando es calentado, se encoge y adhiere al substrato; simult\u00e1neamente las capas de esta cinta se amalgaman para constituir una funda aislante continua.<\/p>\n<p><strong>DISTANCIA DE AISLAMIENTO<\/strong><br \/>\nRemitirse a la tabla de la p\u00e1gina 179 (valores BPM) para determinar las distancias entre las barras y hacia la tierra. La cinta HVBT es vendida con 4 anchos diferentes y est\u00e1 revestido de adhesivo sobre el lado externo. Una cinta adhesiva de fibra de vidrio, utilizada para detener la formaci\u00f3n del atado realizado, es entregada con cada rollo.<\/p>\n<p>&nbsp;<\/p>\n","protected":false},"excerpt":{"rendered":"<p>Cinta HVBT termo retr\u00e1ctiles revestida de adhesivo termofusible para MT APLICACI\u00d3N La cinta HVBT forma parte de la gama de productos para el aislamiento de las barras. Se trata de<span class=\"excerpt-hellip\"> [\u2026]<\/span><\/p>\n","protected":false},"featured_media":2476,"template":"","meta":[],"product_brand":[],"product_cat":[274,276],"product_tag":[],"class_list":{"0":"post-6423","1":"product","2":"type-product","3":"status-publish","4":"has-post-thumbnail","6":"product_cat-media-tension","7":"product_cat-fundas-y-cintas-para-aislamiento","9":"first","10":"instock","11":"taxable","12":"shipping-taxable","13":"product-type-simple"},"yoast_head":"<!-- This site is optimized with the Yoast SEO plugin v26.5 - https:\/\/yoast.com\/wordpress\/plugins\/seo\/ -->\n<title>Cintas termo retr\u00e1ctiles HVBT | Raytech<\/title>\n<meta name=\"robots\" content=\"index, follow, max-snippet:-1, max-image-preview:large, max-video-preview:-1\" \/>\n<link rel=\"canonical\" href=\"https:\/\/www.raytech.it\/es\/producto\/media-tension\/fundas-y-cintas-para-aislamiento\/cintas-termo-retractiles-hvbt\" \/>\n<meta property=\"og:locale\" content=\"es_ES\" \/>\n<meta property=\"og:type\" content=\"article\" \/>\n<meta property=\"og:title\" content=\"Cintas termo retr\u00e1ctiles HVBT | Raytech\" \/>\n<meta property=\"og:description\" content=\"Cinta HVBT termo retr\u00e1ctiles revestida de adhesivo termofusible para MT APLICACI\u00d3N La cinta HVBT forma parte de la gama de productos para el aislamiento de las barras. Se trata de [\u2026]\" \/>\n<meta property=\"og:url\" content=\"https:\/\/www.raytech.it\/es\/producto\/media-tension\/fundas-y-cintas-para-aislamiento\/cintas-termo-retractiles-hvbt\" \/>\n<meta property=\"og:site_name\" content=\"Raytech\" \/>\n<meta property=\"article:publisher\" content=\"https:\/\/www.facebook.com\/RaytechItaly\" \/>\n<meta property=\"article:modified_time\" content=\"2019-08-29T12:09:23+00:00\" \/>\n<meta property=\"og:image\" content=\"https:\/\/www.raytech.it\/wp-content\/uploads\/hvbt.jpg\" \/>\n\t<meta property=\"og:image:width\" content=\"1024\" \/>\n\t<meta property=\"og:image:height\" content=\"1024\" \/>\n\t<meta property=\"og:image:type\" content=\"image\/jpeg\" \/>\n<meta name=\"twitter:card\" content=\"summary_large_image\" \/>\n<meta name=\"twitter:label1\" content=\"Tiempo de lectura\" \/>\n\t<meta name=\"twitter:data1\" content=\"1 minuto\" \/>\n<script type=\"application\/ld+json\" class=\"yoast-schema-graph\">{\"@context\":\"https:\/\/schema.org\",\"@graph\":[{\"@type\":\"WebPage\",\"@id\":\"https:\/\/www.raytech.it\/es\/producto\/media-tension\/fundas-y-cintas-para-aislamiento\/cintas-termo-retractiles-hvbt\",\"url\":\"https:\/\/www.raytech.it\/es\/producto\/media-tension\/fundas-y-cintas-para-aislamiento\/cintas-termo-retractiles-hvbt\",\"name\":\"Cintas termo retr\u00e1ctiles HVBT | Raytech\",\"isPartOf\":{\"@id\":\"https:\/\/www.raytech.it\/#website\"},\"primaryImageOfPage\":{\"@id\":\"https:\/\/www.raytech.it\/es\/producto\/media-tension\/fundas-y-cintas-para-aislamiento\/cintas-termo-retractiles-hvbt#primaryimage\"},\"image\":{\"@id\":\"https:\/\/www.raytech.it\/es\/producto\/media-tension\/fundas-y-cintas-para-aislamiento\/cintas-termo-retractiles-hvbt#primaryimage\"},\"thumbnailUrl\":\"https:\/\/www.raytech.it\/wp-content\/uploads\/hvbt.jpg\",\"datePublished\":\"2015-12-17T13:58:07+00:00\",\"dateModified\":\"2019-08-29T12:09:23+00:00\",\"breadcrumb\":{\"@id\":\"https:\/\/www.raytech.it\/es\/producto\/media-tension\/fundas-y-cintas-para-aislamiento\/cintas-termo-retractiles-hvbt#breadcrumb\"},\"inLanguage\":\"es\",\"potentialAction\":[{\"@type\":\"ReadAction\",\"target\":[\"https:\/\/www.raytech.it\/es\/producto\/media-tension\/fundas-y-cintas-para-aislamiento\/cintas-termo-retractiles-hvbt\"]}]},{\"@type\":\"ImageObject\",\"inLanguage\":\"es\",\"@id\":\"https:\/\/www.raytech.it\/es\/producto\/media-tension\/fundas-y-cintas-para-aislamiento\/cintas-termo-retractiles-hvbt#primaryimage\",\"url\":\"https:\/\/www.raytech.it\/wp-content\/uploads\/hvbt.jpg\",\"contentUrl\":\"https:\/\/www.raytech.it\/wp-content\/uploads\/hvbt.jpg\",\"width\":1024,\"height\":1024},{\"@type\":\"BreadcrumbList\",\"@id\":\"https:\/\/www.raytech.it\/es\/producto\/media-tension\/fundas-y-cintas-para-aislamiento\/cintas-termo-retractiles-hvbt#breadcrumb\",\"itemListElement\":[{\"@type\":\"ListItem\",\"position\":1,\"name\":\"Home\",\"item\":\"https:\/\/www.raytech.it\/es\"},{\"@type\":\"ListItem\",\"position\":2,\"name\":\"Tienda\",\"item\":\"https:\/\/www.raytech.it\/es\/tienda\"},{\"@type\":\"ListItem\",\"position\":3,\"name\":\"Cintas termo retr\u00e1ctiles HVBT\"}]},{\"@type\":\"WebSite\",\"@id\":\"https:\/\/www.raytech.it\/#website\",\"url\":\"https:\/\/www.raytech.it\/\",\"name\":\"Raytech\",\"description\":\"Cable accessories company\",\"publisher\":{\"@id\":\"https:\/\/www.raytech.it\/#organization\"},\"potentialAction\":[{\"@type\":\"SearchAction\",\"target\":{\"@type\":\"EntryPoint\",\"urlTemplate\":\"https:\/\/www.raytech.it\/?s={search_term_string}\"},\"query-input\":{\"@type\":\"PropertyValueSpecification\",\"valueRequired\":true,\"valueName\":\"search_term_string\"}}],\"inLanguage\":\"es\"},{\"@type\":\"Organization\",\"@id\":\"https:\/\/www.raytech.it\/#organization\",\"name\":\"Raytech\",\"url\":\"https:\/\/www.raytech.it\/\",\"logo\":{\"@type\":\"ImageObject\",\"inLanguage\":\"es\",\"@id\":\"https:\/\/www.raytech.it\/#\/schema\/logo\/image\/\",\"url\":\"https:\/\/www.raytech.it\/wp-content\/uploads\/logo-raytech-2019-retina-3.png\",\"contentUrl\":\"https:\/\/www.raytech.it\/wp-content\/uploads\/logo-raytech-2019-retina-3.png\",\"width\":340,\"height\":90,\"caption\":\"Raytech\"},\"image\":{\"@id\":\"https:\/\/www.raytech.it\/#\/schema\/logo\/image\/\"},\"sameAs\":[\"https:\/\/www.facebook.com\/RaytechItaly\",\"https:\/\/www.instagram.com\/raytech_italy\/\",\"https:\/\/www.youtube.com\/user\/raytechitaly\",\"https:\/\/twitter.com\/Raytech_Italy\"]}]}<\/script>\n<!-- \/ Yoast SEO plugin. -->","yoast_head_json":{"title":"Cintas termo retr\u00e1ctiles HVBT | Raytech","robots":{"index":"index","follow":"follow","max-snippet":"max-snippet:-1","max-image-preview":"max-image-preview:large","max-video-preview":"max-video-preview:-1"},"canonical":"https:\/\/www.raytech.it\/es\/producto\/media-tension\/fundas-y-cintas-para-aislamiento\/cintas-termo-retractiles-hvbt","og_locale":"es_ES","og_type":"article","og_title":"Cintas termo retr\u00e1ctiles HVBT | Raytech","og_description":"Cinta HVBT termo retr\u00e1ctiles revestida de adhesivo termofusible para MT APLICACI\u00d3N La cinta HVBT forma parte de la gama de productos para el aislamiento de las barras. Se trata de [\u2026]","og_url":"https:\/\/www.raytech.it\/es\/producto\/media-tension\/fundas-y-cintas-para-aislamiento\/cintas-termo-retractiles-hvbt","og_site_name":"Raytech","article_publisher":"https:\/\/www.facebook.com\/RaytechItaly","article_modified_time":"2019-08-29T12:09:23+00:00","og_image":[{"width":1024,"height":1024,"url":"https:\/\/www.raytech.it\/wp-content\/uploads\/hvbt.jpg","type":"image\/jpeg"}],"twitter_card":"summary_large_image","twitter_misc":{"Tiempo de lectura":"1 minuto"},"schema":{"@context":"https:\/\/schema.org","@graph":[{"@type":"WebPage","@id":"https:\/\/www.raytech.it\/es\/producto\/media-tension\/fundas-y-cintas-para-aislamiento\/cintas-termo-retractiles-hvbt","url":"https:\/\/www.raytech.it\/es\/producto\/media-tension\/fundas-y-cintas-para-aislamiento\/cintas-termo-retractiles-hvbt","name":"Cintas termo retr\u00e1ctiles HVBT | Raytech","isPartOf":{"@id":"https:\/\/www.raytech.it\/#website"},"primaryImageOfPage":{"@id":"https:\/\/www.raytech.it\/es\/producto\/media-tension\/fundas-y-cintas-para-aislamiento\/cintas-termo-retractiles-hvbt#primaryimage"},"image":{"@id":"https:\/\/www.raytech.it\/es\/producto\/media-tension\/fundas-y-cintas-para-aislamiento\/cintas-termo-retractiles-hvbt#primaryimage"},"thumbnailUrl":"https:\/\/www.raytech.it\/wp-content\/uploads\/hvbt.jpg","datePublished":"2015-12-17T13:58:07+00:00","dateModified":"2019-08-29T12:09:23+00:00","breadcrumb":{"@id":"https:\/\/www.raytech.it\/es\/producto\/media-tension\/fundas-y-cintas-para-aislamiento\/cintas-termo-retractiles-hvbt#breadcrumb"},"inLanguage":"es","potentialAction":[{"@type":"ReadAction","target":["https:\/\/www.raytech.it\/es\/producto\/media-tension\/fundas-y-cintas-para-aislamiento\/cintas-termo-retractiles-hvbt"]}]},{"@type":"ImageObject","inLanguage":"es","@id":"https:\/\/www.raytech.it\/es\/producto\/media-tension\/fundas-y-cintas-para-aislamiento\/cintas-termo-retractiles-hvbt#primaryimage","url":"https:\/\/www.raytech.it\/wp-content\/uploads\/hvbt.jpg","contentUrl":"https:\/\/www.raytech.it\/wp-content\/uploads\/hvbt.jpg","width":1024,"height":1024},{"@type":"BreadcrumbList","@id":"https:\/\/www.raytech.it\/es\/producto\/media-tension\/fundas-y-cintas-para-aislamiento\/cintas-termo-retractiles-hvbt#breadcrumb","itemListElement":[{"@type":"ListItem","position":1,"name":"Home","item":"https:\/\/www.raytech.it\/es"},{"@type":"ListItem","position":2,"name":"Tienda","item":"https:\/\/www.raytech.it\/es\/tienda"},{"@type":"ListItem","position":3,"name":"Cintas termo retr\u00e1ctiles HVBT"}]},{"@type":"WebSite","@id":"https:\/\/www.raytech.it\/#website","url":"https:\/\/www.raytech.it\/","name":"Raytech","description":"Cable accessories company","publisher":{"@id":"https:\/\/www.raytech.it\/#organization"},"potentialAction":[{"@type":"SearchAction","target":{"@type":"EntryPoint","urlTemplate":"https:\/\/www.raytech.it\/?s={search_term_string}"},"query-input":{"@type":"PropertyValueSpecification","valueRequired":true,"valueName":"search_term_string"}}],"inLanguage":"es"},{"@type":"Organization","@id":"https:\/\/www.raytech.it\/#organization","name":"Raytech","url":"https:\/\/www.raytech.it\/","logo":{"@type":"ImageObject","inLanguage":"es","@id":"https:\/\/www.raytech.it\/#\/schema\/logo\/image\/","url":"https:\/\/www.raytech.it\/wp-content\/uploads\/logo-raytech-2019-retina-3.png","contentUrl":"https:\/\/www.raytech.it\/wp-content\/uploads\/logo-raytech-2019-retina-3.png","width":340,"height":90,"caption":"Raytech"},"image":{"@id":"https:\/\/www.raytech.it\/#\/schema\/logo\/image\/"},"sameAs":["https:\/\/www.facebook.com\/RaytechItaly","https:\/\/www.instagram.com\/raytech_italy\/","https:\/\/www.youtube.com\/user\/raytechitaly","https:\/\/twitter.com\/Raytech_Italy"]}]}},"_links":{"self":[{"href":"https:\/\/www.raytech.it\/es\/wp-json\/wp\/v2\/product\/6423","targetHints":{"allow":["GET"]}}],"collection":[{"href":"https:\/\/www.raytech.it\/es\/wp-json\/wp\/v2\/product"}],"about":[{"href":"https:\/\/www.raytech.it\/es\/wp-json\/wp\/v2\/types\/product"}],"wp:featuredmedia":[{"embeddable":true,"href":"https:\/\/www.raytech.it\/es\/wp-json\/wp\/v2\/media\/2476"}],"wp:attachment":[{"href":"https:\/\/www.raytech.it\/es\/wp-json\/wp\/v2\/media?parent=6423"}],"wp:term":[{"taxonomy":"product_brand","embeddable":true,"href":"https:\/\/www.raytech.it\/es\/wp-json\/wp\/v2\/product_brand?post=6423"},{"taxonomy":"product_cat","embeddable":true,"href":"https:\/\/www.raytech.it\/es\/wp-json\/wp\/v2\/product_cat?post=6423"},{"taxonomy":"product_tag","embeddable":true,"href":"https:\/\/www.raytech.it\/es\/wp-json\/wp\/v2\/product_tag?post=6423"}],"curies":[{"name":"wp","href":"https:\/\/api.w.org\/{rel}","templated":true}]}}