{"id":6437,"date":"2015-07-15T15:39:05","date_gmt":"2015-12-17T14:14:27","guid":{"rendered":"https:\/\/www.raytech.it\/?post_type=product&#038;p=6437&#038;lang=es"},"modified":"2025-02-19T09:00:49","modified_gmt":"2025-02-19T08:00:49","slug":"dcp-tec","status":"publish","type":"product","link":"https:\/\/www.raytech.it\/es\/producto\/baja-tension\/termo-retractil-es-2\/fundas\/en-pared-fina\/dcp-tec","title":{"rendered":"Funda indicada para el revestimiento de los cables de puesta a tierra"},"content":{"rendered":"<h4><span style=\"color: #009832;\">DCP-TEC<br \/>\nFunda indicada para el revestimiento de los cables de puesta a tierra<\/span><\/h4>\n<p>Fundas Termo retr\u00e1ctiles flexibles de poliolefina modificada y reticulada a trav\u00e9s de radiaci\u00f3n. Acortamiento longitudinal hasta al 15%. Indicadas para el aislamiento y la cobertura de conductores y sus conexiones, de barras, etc. sustituyen a las cintas aislantes autoadhesivas o auto aglomerantes.<\/p>\n","protected":false},"excerpt":{"rendered":"<p>DCP-TEC Funda indicada para el revestimiento de los cables de puesta a tierra Fundas Termo retr\u00e1ctiles flexibles de poliolefina modificada y reticulada a trav\u00e9s de radiaci\u00f3n. Acortamiento longitudinal hasta al<span class=\"excerpt-hellip\"> [\u2026]<\/span><\/p>\n","protected":false},"featured_media":2231,"template":"","meta":[],"product_brand":[],"product_cat":[239,248,470,493],"product_tag":[],"class_list":{"0":"post-6437","1":"product","2":"type-product","3":"status-publish","4":"has-post-thumbnail","6":"product_cat-baja-tension","7":"product_cat-termo-retractil-es-2","8":"product_cat-fundas","9":"product_cat-en-pared-fina","11":"first","12":"instock","13":"taxable","14":"shipping-taxable","15":"product-type-simple"},"yoast_head":"<!-- This site is optimized with the Yoast SEO plugin v26.5 - https:\/\/yoast.com\/wordpress\/plugins\/seo\/ -->\n<title>Funda indicada para el revestimiento de los cables de puesta a tierra | Raytech<\/title>\n<meta name=\"robots\" content=\"index, follow, max-snippet:-1, max-image-preview:large, max-video-preview:-1\" \/>\n<link rel=\"canonical\" href=\"https:\/\/www.raytech.it\/es\/producto\/baja-tension\/termo-retractil-es-2\/fundas\/en-pared-fina\/dcp-tec\" \/>\n<meta property=\"og:locale\" content=\"es_ES\" \/>\n<meta property=\"og:type\" content=\"article\" \/>\n<meta property=\"og:title\" content=\"Funda indicada para el revestimiento de los cables de puesta a tierra | Raytech\" \/>\n<meta property=\"og:description\" content=\"DCP-TEC Funda indicada para el revestimiento de los cables de puesta a tierra Fundas Termo retr\u00e1ctiles flexibles de poliolefina modificada y reticulada a trav\u00e9s de radiaci\u00f3n. Acortamiento longitudinal hasta al [\u2026]\" \/>\n<meta property=\"og:url\" content=\"https:\/\/www.raytech.it\/es\/producto\/baja-tension\/termo-retractil-es-2\/fundas\/en-pared-fina\/dcp-tec\" \/>\n<meta property=\"og:site_name\" content=\"Raytech\" \/>\n<meta property=\"article:publisher\" content=\"https:\/\/www.facebook.com\/RaytechItaly\" \/>\n<meta property=\"article:modified_time\" content=\"2025-02-19T08:00:49+00:00\" \/>\n<meta property=\"og:image\" content=\"https:\/\/www.raytech.it\/wp-content\/uploads\/dcp-tec.jpg\" \/>\n\t<meta property=\"og:image:width\" content=\"1024\" \/>\n\t<meta property=\"og:image:height\" content=\"1024\" \/>\n\t<meta property=\"og:image:type\" content=\"image\/jpeg\" \/>\n<meta name=\"twitter:card\" content=\"summary_large_image\" \/>\n<script type=\"application\/ld+json\" class=\"yoast-schema-graph\">{\"@context\":\"https:\/\/schema.org\",\"@graph\":[{\"@type\":\"WebPage\",\"@id\":\"https:\/\/www.raytech.it\/es\/producto\/baja-tension\/termo-retractil-es-2\/fundas\/en-pared-fina\/dcp-tec\",\"url\":\"https:\/\/www.raytech.it\/es\/producto\/baja-tension\/termo-retractil-es-2\/fundas\/en-pared-fina\/dcp-tec\",\"name\":\"Funda indicada para el revestimiento de los cables de puesta a tierra | Raytech\",\"isPartOf\":{\"@id\":\"https:\/\/www.raytech.it\/#website\"},\"primaryImageOfPage\":{\"@id\":\"https:\/\/www.raytech.it\/es\/producto\/baja-tension\/termo-retractil-es-2\/fundas\/en-pared-fina\/dcp-tec#primaryimage\"},\"image\":{\"@id\":\"https:\/\/www.raytech.it\/es\/producto\/baja-tension\/termo-retractil-es-2\/fundas\/en-pared-fina\/dcp-tec#primaryimage\"},\"thumbnailUrl\":\"https:\/\/www.raytech.it\/wp-content\/uploads\/dcp-tec.jpg\",\"datePublished\":\"2015-12-17T14:14:27+00:00\",\"dateModified\":\"2025-02-19T08:00:49+00:00\",\"breadcrumb\":{\"@id\":\"https:\/\/www.raytech.it\/es\/producto\/baja-tension\/termo-retractil-es-2\/fundas\/en-pared-fina\/dcp-tec#breadcrumb\"},\"inLanguage\":\"es\",\"potentialAction\":[{\"@type\":\"ReadAction\",\"target\":[\"https:\/\/www.raytech.it\/es\/producto\/baja-tension\/termo-retractil-es-2\/fundas\/en-pared-fina\/dcp-tec\"]}]},{\"@type\":\"ImageObject\",\"inLanguage\":\"es\",\"@id\":\"https:\/\/www.raytech.it\/es\/producto\/baja-tension\/termo-retractil-es-2\/fundas\/en-pared-fina\/dcp-tec#primaryimage\",\"url\":\"https:\/\/www.raytech.it\/wp-content\/uploads\/dcp-tec.jpg\",\"contentUrl\":\"https:\/\/www.raytech.it\/wp-content\/uploads\/dcp-tec.jpg\",\"width\":1024,\"height\":1024},{\"@type\":\"BreadcrumbList\",\"@id\":\"https:\/\/www.raytech.it\/es\/producto\/baja-tension\/termo-retractil-es-2\/fundas\/en-pared-fina\/dcp-tec#breadcrumb\",\"itemListElement\":[{\"@type\":\"ListItem\",\"position\":1,\"name\":\"Home\",\"item\":\"https:\/\/www.raytech.it\/es\"},{\"@type\":\"ListItem\",\"position\":2,\"name\":\"Tienda\",\"item\":\"https:\/\/www.raytech.it\/es\/tienda\"},{\"@type\":\"ListItem\",\"position\":3,\"name\":\"Funda indicada para el revestimiento de los cables de puesta a tierra\"}]},{\"@type\":\"WebSite\",\"@id\":\"https:\/\/www.raytech.it\/#website\",\"url\":\"https:\/\/www.raytech.it\/\",\"name\":\"Raytech\",\"description\":\"Cable accessories company\",\"publisher\":{\"@id\":\"https:\/\/www.raytech.it\/#organization\"},\"potentialAction\":[{\"@type\":\"SearchAction\",\"target\":{\"@type\":\"EntryPoint\",\"urlTemplate\":\"https:\/\/www.raytech.it\/?s={search_term_string}\"},\"query-input\":{\"@type\":\"PropertyValueSpecification\",\"valueRequired\":true,\"valueName\":\"search_term_string\"}}],\"inLanguage\":\"es\"},{\"@type\":\"Organization\",\"@id\":\"https:\/\/www.raytech.it\/#organization\",\"name\":\"Raytech\",\"url\":\"https:\/\/www.raytech.it\/\",\"logo\":{\"@type\":\"ImageObject\",\"inLanguage\":\"es\",\"@id\":\"https:\/\/www.raytech.it\/#\/schema\/logo\/image\/\",\"url\":\"https:\/\/www.raytech.it\/wp-content\/uploads\/logo-raytech-2019-retina-3.png\",\"contentUrl\":\"https:\/\/www.raytech.it\/wp-content\/uploads\/logo-raytech-2019-retina-3.png\",\"width\":340,\"height\":90,\"caption\":\"Raytech\"},\"image\":{\"@id\":\"https:\/\/www.raytech.it\/#\/schema\/logo\/image\/\"},\"sameAs\":[\"https:\/\/www.facebook.com\/RaytechItaly\",\"https:\/\/www.instagram.com\/raytech_italy\/\",\"https:\/\/www.youtube.com\/user\/raytechitaly\",\"https:\/\/twitter.com\/Raytech_Italy\"]}]}<\/script>\n<!-- \/ Yoast SEO plugin. -->","yoast_head_json":{"title":"Funda indicada para el revestimiento de los cables de puesta a tierra | Raytech","robots":{"index":"index","follow":"follow","max-snippet":"max-snippet:-1","max-image-preview":"max-image-preview:large","max-video-preview":"max-video-preview:-1"},"canonical":"https:\/\/www.raytech.it\/es\/producto\/baja-tension\/termo-retractil-es-2\/fundas\/en-pared-fina\/dcp-tec","og_locale":"es_ES","og_type":"article","og_title":"Funda indicada para el revestimiento de los cables de puesta a tierra | Raytech","og_description":"DCP-TEC Funda indicada para el revestimiento de los cables de puesta a tierra Fundas Termo retr\u00e1ctiles flexibles de poliolefina modificada y reticulada a trav\u00e9s de radiaci\u00f3n. Acortamiento longitudinal hasta al [\u2026]","og_url":"https:\/\/www.raytech.it\/es\/producto\/baja-tension\/termo-retractil-es-2\/fundas\/en-pared-fina\/dcp-tec","og_site_name":"Raytech","article_publisher":"https:\/\/www.facebook.com\/RaytechItaly","article_modified_time":"2025-02-19T08:00:49+00:00","og_image":[{"width":1024,"height":1024,"url":"https:\/\/www.raytech.it\/wp-content\/uploads\/dcp-tec.jpg","type":"image\/jpeg"}],"twitter_card":"summary_large_image","schema":{"@context":"https:\/\/schema.org","@graph":[{"@type":"WebPage","@id":"https:\/\/www.raytech.it\/es\/producto\/baja-tension\/termo-retractil-es-2\/fundas\/en-pared-fina\/dcp-tec","url":"https:\/\/www.raytech.it\/es\/producto\/baja-tension\/termo-retractil-es-2\/fundas\/en-pared-fina\/dcp-tec","name":"Funda indicada para el revestimiento de los cables de puesta a tierra | Raytech","isPartOf":{"@id":"https:\/\/www.raytech.it\/#website"},"primaryImageOfPage":{"@id":"https:\/\/www.raytech.it\/es\/producto\/baja-tension\/termo-retractil-es-2\/fundas\/en-pared-fina\/dcp-tec#primaryimage"},"image":{"@id":"https:\/\/www.raytech.it\/es\/producto\/baja-tension\/termo-retractil-es-2\/fundas\/en-pared-fina\/dcp-tec#primaryimage"},"thumbnailUrl":"https:\/\/www.raytech.it\/wp-content\/uploads\/dcp-tec.jpg","datePublished":"2015-12-17T14:14:27+00:00","dateModified":"2025-02-19T08:00:49+00:00","breadcrumb":{"@id":"https:\/\/www.raytech.it\/es\/producto\/baja-tension\/termo-retractil-es-2\/fundas\/en-pared-fina\/dcp-tec#breadcrumb"},"inLanguage":"es","potentialAction":[{"@type":"ReadAction","target":["https:\/\/www.raytech.it\/es\/producto\/baja-tension\/termo-retractil-es-2\/fundas\/en-pared-fina\/dcp-tec"]}]},{"@type":"ImageObject","inLanguage":"es","@id":"https:\/\/www.raytech.it\/es\/producto\/baja-tension\/termo-retractil-es-2\/fundas\/en-pared-fina\/dcp-tec#primaryimage","url":"https:\/\/www.raytech.it\/wp-content\/uploads\/dcp-tec.jpg","contentUrl":"https:\/\/www.raytech.it\/wp-content\/uploads\/dcp-tec.jpg","width":1024,"height":1024},{"@type":"BreadcrumbList","@id":"https:\/\/www.raytech.it\/es\/producto\/baja-tension\/termo-retractil-es-2\/fundas\/en-pared-fina\/dcp-tec#breadcrumb","itemListElement":[{"@type":"ListItem","position":1,"name":"Home","item":"https:\/\/www.raytech.it\/es"},{"@type":"ListItem","position":2,"name":"Tienda","item":"https:\/\/www.raytech.it\/es\/tienda"},{"@type":"ListItem","position":3,"name":"Funda indicada para el revestimiento de los cables de puesta a tierra"}]},{"@type":"WebSite","@id":"https:\/\/www.raytech.it\/#website","url":"https:\/\/www.raytech.it\/","name":"Raytech","description":"Cable accessories company","publisher":{"@id":"https:\/\/www.raytech.it\/#organization"},"potentialAction":[{"@type":"SearchAction","target":{"@type":"EntryPoint","urlTemplate":"https:\/\/www.raytech.it\/?s={search_term_string}"},"query-input":{"@type":"PropertyValueSpecification","valueRequired":true,"valueName":"search_term_string"}}],"inLanguage":"es"},{"@type":"Organization","@id":"https:\/\/www.raytech.it\/#organization","name":"Raytech","url":"https:\/\/www.raytech.it\/","logo":{"@type":"ImageObject","inLanguage":"es","@id":"https:\/\/www.raytech.it\/#\/schema\/logo\/image\/","url":"https:\/\/www.raytech.it\/wp-content\/uploads\/logo-raytech-2019-retina-3.png","contentUrl":"https:\/\/www.raytech.it\/wp-content\/uploads\/logo-raytech-2019-retina-3.png","width":340,"height":90,"caption":"Raytech"},"image":{"@id":"https:\/\/www.raytech.it\/#\/schema\/logo\/image\/"},"sameAs":["https:\/\/www.facebook.com\/RaytechItaly","https:\/\/www.instagram.com\/raytech_italy\/","https:\/\/www.youtube.com\/user\/raytechitaly","https:\/\/twitter.com\/Raytech_Italy"]}]}},"_links":{"self":[{"href":"https:\/\/www.raytech.it\/es\/wp-json\/wp\/v2\/product\/6437","targetHints":{"allow":["GET"]}}],"collection":[{"href":"https:\/\/www.raytech.it\/es\/wp-json\/wp\/v2\/product"}],"about":[{"href":"https:\/\/www.raytech.it\/es\/wp-json\/wp\/v2\/types\/product"}],"wp:featuredmedia":[{"embeddable":true,"href":"https:\/\/www.raytech.it\/es\/wp-json\/wp\/v2\/media\/2231"}],"wp:attachment":[{"href":"https:\/\/www.raytech.it\/es\/wp-json\/wp\/v2\/media?parent=6437"}],"wp:term":[{"taxonomy":"product_brand","embeddable":true,"href":"https:\/\/www.raytech.it\/es\/wp-json\/wp\/v2\/product_brand?post=6437"},{"taxonomy":"product_cat","embeddable":true,"href":"https:\/\/www.raytech.it\/es\/wp-json\/wp\/v2\/product_cat?post=6437"},{"taxonomy":"product_tag","embeddable":true,"href":"https:\/\/www.raytech.it\/es\/wp-json\/wp\/v2\/product_tag?post=6437"}],"curies":[{"name":"wp","href":"https:\/\/api.w.org\/{rel}","templated":true}]}}