{"id":6467,"date":"2015-07-16T14:23:02","date_gmt":"2015-12-17T16:40:00","guid":{"rendered":"https:\/\/www.raytech.it\/?post_type=product&#038;p=6467&#038;lang=es"},"modified":"2025-02-18T17:07:51","modified_gmt":"2025-02-18T16:07:51","slug":"mca-2","status":"publish","type":"product","link":"https:\/\/www.raytech.it\/es\/producto\/cables-calefactores\/uso-industrial\/mca-2","title":{"rendered":"Cables calefactores autoregulantes para empleo anticongelante o mantenimiento de temperaturas con exposici\u00f3n a soluciones inorg\u00e1nicas blandas"},"content":{"rendered":"<h4><span style=\"color: #e3001a;\">MCA<br \/>\nCables calefactores autoregulantes para empleo anticongelante o mantenimiento de temperaturas con exposici\u00f3n a soluciones inorg\u00e1nicas blandas<\/span><\/h4>\n<p>Indicados para aplicaciones anticongelante o para el mantenimiento de temperaturas de proceso <strong>hasta 65\u00b0C<\/strong> en tuber\u00edas y dep\u00f3sitos. No pueden utilizarse cuando est\u00e1n previstos lavados con vapor o exposiciones continuas a \u00e1cidos y corrosivos org\u00e1nicos fuertes.<\/p>\n<h4 class=\"title-description-product\" style=\"padding-top: 30px;\"><span style=\"color: #e3001a;\">MCA-I-PF<br \/>\nCables calefactores autoregulantes para empleo anticongelante o mantenimiento de temperaturas con exposici\u00f3n a soluciones agresivas.<\/span><\/h4>\n<p>Indicados para aplicaciones anticongelante o para el mantenimiento de temperaturas de proceso hasta 65\u00b0C en tuber\u00edas y dep\u00f3sitos. No pueden utilizarse cuando est\u00e1n previstos lavados con vapor o exposiciones continuas a \u00e1cidos y corrosivos org\u00e1nicos fuertes.<\/p>\n","protected":false},"excerpt":{"rendered":"<p>MCA Cables calefactores autoregulantes para empleo anticongelante o mantenimiento de temperaturas con exposici\u00f3n a soluciones inorg\u00e1nicas blandas Indicados para aplicaciones anticongelante o para el mantenimiento de temperaturas de proceso hasta<span class=\"excerpt-hellip\"> [\u2026]<\/span><\/p>\n","protected":false},"featured_media":33848,"template":"","meta":[],"product_brand":[],"product_cat":[264,273],"product_tag":[],"class_list":{"0":"post-6467","1":"product","2":"type-product","3":"status-publish","4":"has-post-thumbnail","6":"product_cat-cables-calefactores","7":"product_cat-uso-industrial","9":"first","10":"instock","11":"taxable","12":"shipping-taxable","13":"product-type-simple"},"yoast_head":"<!-- This site is optimized with the Yoast SEO plugin v26.5 - https:\/\/yoast.com\/wordpress\/plugins\/seo\/ -->\n<title>Cables calefactores autoregulantes para empleo anticongelante o mantenimiento de temperaturas con exposici\u00f3n a soluciones inorg\u00e1nicas blandas | Raytech<\/title>\n<meta name=\"robots\" content=\"index, follow, max-snippet:-1, max-image-preview:large, max-video-preview:-1\" \/>\n<link rel=\"canonical\" href=\"https:\/\/www.raytech.it\/es\/producto\/cables-calefactores\/uso-industrial\/mca-2\" \/>\n<meta property=\"og:locale\" content=\"es_ES\" \/>\n<meta property=\"og:type\" content=\"article\" \/>\n<meta property=\"og:title\" content=\"Cables calefactores autoregulantes para empleo anticongelante o mantenimiento de temperaturas con exposici\u00f3n a soluciones inorg\u00e1nicas blandas | Raytech\" \/>\n<meta property=\"og:description\" content=\"MCA Cables calefactores autoregulantes para empleo anticongelante o mantenimiento de temperaturas con exposici\u00f3n a soluciones inorg\u00e1nicas blandas Indicados para aplicaciones anticongelante o para el mantenimiento de temperaturas de proceso hasta [\u2026]\" \/>\n<meta property=\"og:url\" content=\"https:\/\/www.raytech.it\/es\/producto\/cables-calefactores\/uso-industrial\/mca-2\" \/>\n<meta property=\"og:site_name\" content=\"Raytech\" \/>\n<meta property=\"article:publisher\" content=\"https:\/\/www.facebook.com\/RaytechItaly\" \/>\n<meta property=\"article:modified_time\" content=\"2025-02-18T16:07:51+00:00\" \/>\n<meta property=\"og:image\" content=\"https:\/\/www.raytech.it\/wp-content\/uploads\/MCA-3.jpg\" \/>\n\t<meta property=\"og:image:width\" content=\"755\" \/>\n\t<meta property=\"og:image:height\" content=\"755\" \/>\n\t<meta property=\"og:image:type\" content=\"image\/jpeg\" \/>\n<meta name=\"twitter:card\" content=\"summary_large_image\" \/>\n<meta name=\"twitter:label1\" content=\"Tiempo de lectura\" \/>\n\t<meta name=\"twitter:data1\" content=\"1 minuto\" \/>\n<script type=\"application\/ld+json\" class=\"yoast-schema-graph\">{\"@context\":\"https:\/\/schema.org\",\"@graph\":[{\"@type\":\"WebPage\",\"@id\":\"https:\/\/www.raytech.it\/es\/producto\/cables-calefactores\/uso-industrial\/mca-2\",\"url\":\"https:\/\/www.raytech.it\/es\/producto\/cables-calefactores\/uso-industrial\/mca-2\",\"name\":\"Cables calefactores autoregulantes para empleo anticongelante o mantenimiento de temperaturas con exposici\u00f3n a soluciones inorg\u00e1nicas blandas | Raytech\",\"isPartOf\":{\"@id\":\"https:\/\/www.raytech.it\/#website\"},\"primaryImageOfPage\":{\"@id\":\"https:\/\/www.raytech.it\/es\/producto\/cables-calefactores\/uso-industrial\/mca-2#primaryimage\"},\"image\":{\"@id\":\"https:\/\/www.raytech.it\/es\/producto\/cables-calefactores\/uso-industrial\/mca-2#primaryimage\"},\"thumbnailUrl\":\"https:\/\/www.raytech.it\/wp-content\/uploads\/MCA-3.jpg\",\"datePublished\":\"2015-12-17T16:40:00+00:00\",\"dateModified\":\"2025-02-18T16:07:51+00:00\",\"breadcrumb\":{\"@id\":\"https:\/\/www.raytech.it\/es\/producto\/cables-calefactores\/uso-industrial\/mca-2#breadcrumb\"},\"inLanguage\":\"es\",\"potentialAction\":[{\"@type\":\"ReadAction\",\"target\":[\"https:\/\/www.raytech.it\/es\/producto\/cables-calefactores\/uso-industrial\/mca-2\"]}]},{\"@type\":\"ImageObject\",\"inLanguage\":\"es\",\"@id\":\"https:\/\/www.raytech.it\/es\/producto\/cables-calefactores\/uso-industrial\/mca-2#primaryimage\",\"url\":\"https:\/\/www.raytech.it\/wp-content\/uploads\/MCA-3.jpg\",\"contentUrl\":\"https:\/\/www.raytech.it\/wp-content\/uploads\/MCA-3.jpg\",\"width\":755,\"height\":755},{\"@type\":\"BreadcrumbList\",\"@id\":\"https:\/\/www.raytech.it\/es\/producto\/cables-calefactores\/uso-industrial\/mca-2#breadcrumb\",\"itemListElement\":[{\"@type\":\"ListItem\",\"position\":1,\"name\":\"Home\",\"item\":\"https:\/\/www.raytech.it\/es\"},{\"@type\":\"ListItem\",\"position\":2,\"name\":\"Tienda\",\"item\":\"https:\/\/www.raytech.it\/es\/tienda\"},{\"@type\":\"ListItem\",\"position\":3,\"name\":\"Cables calefactores autoregulantes para empleo anticongelante o mantenimiento de temperaturas con exposici\u00f3n a soluciones inorg\u00e1nicas blandas\"}]},{\"@type\":\"WebSite\",\"@id\":\"https:\/\/www.raytech.it\/#website\",\"url\":\"https:\/\/www.raytech.it\/\",\"name\":\"Raytech\",\"description\":\"Cable accessories company\",\"publisher\":{\"@id\":\"https:\/\/www.raytech.it\/#organization\"},\"potentialAction\":[{\"@type\":\"SearchAction\",\"target\":{\"@type\":\"EntryPoint\",\"urlTemplate\":\"https:\/\/www.raytech.it\/?s={search_term_string}\"},\"query-input\":{\"@type\":\"PropertyValueSpecification\",\"valueRequired\":true,\"valueName\":\"search_term_string\"}}],\"inLanguage\":\"es\"},{\"@type\":\"Organization\",\"@id\":\"https:\/\/www.raytech.it\/#organization\",\"name\":\"Raytech\",\"url\":\"https:\/\/www.raytech.it\/\",\"logo\":{\"@type\":\"ImageObject\",\"inLanguage\":\"es\",\"@id\":\"https:\/\/www.raytech.it\/#\/schema\/logo\/image\/\",\"url\":\"https:\/\/www.raytech.it\/wp-content\/uploads\/logo-raytech-2019-retina-3.png\",\"contentUrl\":\"https:\/\/www.raytech.it\/wp-content\/uploads\/logo-raytech-2019-retina-3.png\",\"width\":340,\"height\":90,\"caption\":\"Raytech\"},\"image\":{\"@id\":\"https:\/\/www.raytech.it\/#\/schema\/logo\/image\/\"},\"sameAs\":[\"https:\/\/www.facebook.com\/RaytechItaly\",\"https:\/\/www.instagram.com\/raytech_italy\/\",\"https:\/\/www.youtube.com\/user\/raytechitaly\",\"https:\/\/twitter.com\/Raytech_Italy\"]}]}<\/script>\n<!-- \/ Yoast SEO plugin. -->","yoast_head_json":{"title":"Cables calefactores autoregulantes para empleo anticongelante o mantenimiento de temperaturas con exposici\u00f3n a soluciones inorg\u00e1nicas blandas | Raytech","robots":{"index":"index","follow":"follow","max-snippet":"max-snippet:-1","max-image-preview":"max-image-preview:large","max-video-preview":"max-video-preview:-1"},"canonical":"https:\/\/www.raytech.it\/es\/producto\/cables-calefactores\/uso-industrial\/mca-2","og_locale":"es_ES","og_type":"article","og_title":"Cables calefactores autoregulantes para empleo anticongelante o mantenimiento de temperaturas con exposici\u00f3n a soluciones inorg\u00e1nicas blandas | Raytech","og_description":"MCA Cables calefactores autoregulantes para empleo anticongelante o mantenimiento de temperaturas con exposici\u00f3n a soluciones inorg\u00e1nicas blandas Indicados para aplicaciones anticongelante o para el mantenimiento de temperaturas de proceso hasta [\u2026]","og_url":"https:\/\/www.raytech.it\/es\/producto\/cables-calefactores\/uso-industrial\/mca-2","og_site_name":"Raytech","article_publisher":"https:\/\/www.facebook.com\/RaytechItaly","article_modified_time":"2025-02-18T16:07:51+00:00","og_image":[{"width":755,"height":755,"url":"https:\/\/www.raytech.it\/wp-content\/uploads\/MCA-3.jpg","type":"image\/jpeg"}],"twitter_card":"summary_large_image","twitter_misc":{"Tiempo de lectura":"1 minuto"},"schema":{"@context":"https:\/\/schema.org","@graph":[{"@type":"WebPage","@id":"https:\/\/www.raytech.it\/es\/producto\/cables-calefactores\/uso-industrial\/mca-2","url":"https:\/\/www.raytech.it\/es\/producto\/cables-calefactores\/uso-industrial\/mca-2","name":"Cables calefactores autoregulantes para empleo anticongelante o mantenimiento de temperaturas con exposici\u00f3n a soluciones inorg\u00e1nicas blandas | Raytech","isPartOf":{"@id":"https:\/\/www.raytech.it\/#website"},"primaryImageOfPage":{"@id":"https:\/\/www.raytech.it\/es\/producto\/cables-calefactores\/uso-industrial\/mca-2#primaryimage"},"image":{"@id":"https:\/\/www.raytech.it\/es\/producto\/cables-calefactores\/uso-industrial\/mca-2#primaryimage"},"thumbnailUrl":"https:\/\/www.raytech.it\/wp-content\/uploads\/MCA-3.jpg","datePublished":"2015-12-17T16:40:00+00:00","dateModified":"2025-02-18T16:07:51+00:00","breadcrumb":{"@id":"https:\/\/www.raytech.it\/es\/producto\/cables-calefactores\/uso-industrial\/mca-2#breadcrumb"},"inLanguage":"es","potentialAction":[{"@type":"ReadAction","target":["https:\/\/www.raytech.it\/es\/producto\/cables-calefactores\/uso-industrial\/mca-2"]}]},{"@type":"ImageObject","inLanguage":"es","@id":"https:\/\/www.raytech.it\/es\/producto\/cables-calefactores\/uso-industrial\/mca-2#primaryimage","url":"https:\/\/www.raytech.it\/wp-content\/uploads\/MCA-3.jpg","contentUrl":"https:\/\/www.raytech.it\/wp-content\/uploads\/MCA-3.jpg","width":755,"height":755},{"@type":"BreadcrumbList","@id":"https:\/\/www.raytech.it\/es\/producto\/cables-calefactores\/uso-industrial\/mca-2#breadcrumb","itemListElement":[{"@type":"ListItem","position":1,"name":"Home","item":"https:\/\/www.raytech.it\/es"},{"@type":"ListItem","position":2,"name":"Tienda","item":"https:\/\/www.raytech.it\/es\/tienda"},{"@type":"ListItem","position":3,"name":"Cables calefactores autoregulantes para empleo anticongelante o mantenimiento de temperaturas con exposici\u00f3n a soluciones inorg\u00e1nicas blandas"}]},{"@type":"WebSite","@id":"https:\/\/www.raytech.it\/#website","url":"https:\/\/www.raytech.it\/","name":"Raytech","description":"Cable accessories company","publisher":{"@id":"https:\/\/www.raytech.it\/#organization"},"potentialAction":[{"@type":"SearchAction","target":{"@type":"EntryPoint","urlTemplate":"https:\/\/www.raytech.it\/?s={search_term_string}"},"query-input":{"@type":"PropertyValueSpecification","valueRequired":true,"valueName":"search_term_string"}}],"inLanguage":"es"},{"@type":"Organization","@id":"https:\/\/www.raytech.it\/#organization","name":"Raytech","url":"https:\/\/www.raytech.it\/","logo":{"@type":"ImageObject","inLanguage":"es","@id":"https:\/\/www.raytech.it\/#\/schema\/logo\/image\/","url":"https:\/\/www.raytech.it\/wp-content\/uploads\/logo-raytech-2019-retina-3.png","contentUrl":"https:\/\/www.raytech.it\/wp-content\/uploads\/logo-raytech-2019-retina-3.png","width":340,"height":90,"caption":"Raytech"},"image":{"@id":"https:\/\/www.raytech.it\/#\/schema\/logo\/image\/"},"sameAs":["https:\/\/www.facebook.com\/RaytechItaly","https:\/\/www.instagram.com\/raytech_italy\/","https:\/\/www.youtube.com\/user\/raytechitaly","https:\/\/twitter.com\/Raytech_Italy"]}]}},"_links":{"self":[{"href":"https:\/\/www.raytech.it\/es\/wp-json\/wp\/v2\/product\/6467","targetHints":{"allow":["GET"]}}],"collection":[{"href":"https:\/\/www.raytech.it\/es\/wp-json\/wp\/v2\/product"}],"about":[{"href":"https:\/\/www.raytech.it\/es\/wp-json\/wp\/v2\/types\/product"}],"wp:featuredmedia":[{"embeddable":true,"href":"https:\/\/www.raytech.it\/es\/wp-json\/wp\/v2\/media\/33848"}],"wp:attachment":[{"href":"https:\/\/www.raytech.it\/es\/wp-json\/wp\/v2\/media?parent=6467"}],"wp:term":[{"taxonomy":"product_brand","embeddable":true,"href":"https:\/\/www.raytech.it\/es\/wp-json\/wp\/v2\/product_brand?post=6467"},{"taxonomy":"product_cat","embeddable":true,"href":"https:\/\/www.raytech.it\/es\/wp-json\/wp\/v2\/product_cat?post=6467"},{"taxonomy":"product_tag","embeddable":true,"href":"https:\/\/www.raytech.it\/es\/wp-json\/wp\/v2\/product_tag?post=6467"}],"curies":[{"name":"wp","href":"https:\/\/api.w.org\/{rel}","templated":true}]}}