{"id":6468,"date":"2015-07-16T14:21:03","date_gmt":"2015-12-17T16:38:23","guid":{"rendered":"https:\/\/www.raytech.it\/?post_type=product&#038;p=6468&#038;lang=es"},"modified":"2019-07-31T15:07:12","modified_gmt":"2019-07-31T15:07:12","slug":"mca-8","status":"publish","type":"product","link":"https:\/\/www.raytech.it\/es\/producto\/cables-calefactores\/uso-civil\/anticongelante-para-canalones\/autoregulante\/mca-8","title":{"rendered":"MCA 8"},"content":{"rendered":"<h4><span style=\"color: #e3001a;\">MCA 8<br \/>\nCable de auto regulaci\u00f3n para el trazado de techos, canalones y tubos de bajada de agua<\/span><\/h4>\n<p><strong>Previene<\/strong><br \/>\nLa formaci\u00f3n de hielo en el interior, de canalones y tubos de bajada, la acumulaci\u00f3n de nieve y hielo en techos, la creaci\u00f3n de infiltraciones a lo largo de las fachadas, y la formaci\u00f3n de bloques de hielo a lo largo de los canalones y en los extremos de los techos.<\/p>\n<p><strong>Evitando<\/strong><br \/>\nLa ruptura del canal\u00f3n por cese bajo el peso de la nieve, la ruptura de los tubos de bajada de agua a causa de la dilataci\u00f3n que el agua padece al helar, los da\u00f1os causados por la falta de desag\u00fce provocada por el atascamiento de las descargas, los da\u00f1os a personas y objetos provocados por la ca\u00edda de los bloques de hielo y los da\u00f1os a personas y objetos causados por los posibles \u201cdesprendimientos\u201d de nieve de los bordes de los techos.<\/p>\n","protected":false},"excerpt":{"rendered":"<p>MCA 8 Cable de auto regulaci\u00f3n para el trazado de techos, canalones y tubos de bajada de agua Previene La formaci\u00f3n de hielo en el interior, de canalones y tubos<span class=\"excerpt-hellip\"> [\u2026]<\/span><\/p>\n","protected":false},"featured_media":4586,"template":"","meta":[],"product_brand":[],"product_cat":[264,269,270,411],"product_tag":[],"class_list":{"0":"post-6468","1":"product","2":"type-product","3":"status-publish","4":"has-post-thumbnail","6":"product_cat-cables-calefactores","7":"product_cat-uso-civil","8":"product_cat-anticongelante-para-canalones","9":"product_cat-autoregulante","11":"first","12":"instock","13":"taxable","14":"shipping-taxable","15":"product-type-simple"},"yoast_head":"<!-- This site is optimized with the Yoast SEO plugin v26.5 - https:\/\/yoast.com\/wordpress\/plugins\/seo\/ -->\n<title>MCA 8 | Raytech<\/title>\n<meta name=\"robots\" content=\"index, follow, max-snippet:-1, max-image-preview:large, max-video-preview:-1\" \/>\n<link rel=\"canonical\" href=\"https:\/\/www.raytech.it\/es\/producto\/cables-calefactores\/uso-civil\/anticongelante-para-canalones\/autoregulante\/mca-8\" \/>\n<meta property=\"og:locale\" content=\"es_ES\" \/>\n<meta property=\"og:type\" content=\"article\" \/>\n<meta property=\"og:title\" content=\"MCA 8 | Raytech\" \/>\n<meta property=\"og:description\" content=\"MCA 8 Cable de auto regulaci\u00f3n para el trazado de techos, canalones y tubos de bajada de agua Previene La formaci\u00f3n de hielo en el interior, de canalones y tubos [\u2026]\" \/>\n<meta property=\"og:url\" content=\"https:\/\/www.raytech.it\/es\/producto\/cables-calefactores\/uso-civil\/anticongelante-para-canalones\/autoregulante\/mca-8\" \/>\n<meta property=\"og:site_name\" content=\"Raytech\" \/>\n<meta property=\"article:publisher\" content=\"https:\/\/www.facebook.com\/RaytechItaly\" \/>\n<meta property=\"article:modified_time\" content=\"2019-07-31T15:07:12+00:00\" \/>\n<meta property=\"og:image\" content=\"https:\/\/www.raytech.it\/wp-content\/uploads\/mca-8-1.jpg\" \/>\n\t<meta property=\"og:image:width\" content=\"1024\" \/>\n\t<meta property=\"og:image:height\" content=\"1024\" \/>\n\t<meta property=\"og:image:type\" content=\"image\/jpeg\" \/>\n<meta name=\"twitter:card\" content=\"summary_large_image\" \/>\n<meta name=\"twitter:label1\" content=\"Tiempo de lectura\" \/>\n\t<meta name=\"twitter:data1\" content=\"1 minuto\" \/>\n<script type=\"application\/ld+json\" class=\"yoast-schema-graph\">{\"@context\":\"https:\/\/schema.org\",\"@graph\":[{\"@type\":\"WebPage\",\"@id\":\"https:\/\/www.raytech.it\/es\/producto\/cables-calefactores\/uso-civil\/anticongelante-para-canalones\/autoregulante\/mca-8\",\"url\":\"https:\/\/www.raytech.it\/es\/producto\/cables-calefactores\/uso-civil\/anticongelante-para-canalones\/autoregulante\/mca-8\",\"name\":\"MCA 8 | Raytech\",\"isPartOf\":{\"@id\":\"https:\/\/www.raytech.it\/#website\"},\"primaryImageOfPage\":{\"@id\":\"https:\/\/www.raytech.it\/es\/producto\/cables-calefactores\/uso-civil\/anticongelante-para-canalones\/autoregulante\/mca-8#primaryimage\"},\"image\":{\"@id\":\"https:\/\/www.raytech.it\/es\/producto\/cables-calefactores\/uso-civil\/anticongelante-para-canalones\/autoregulante\/mca-8#primaryimage\"},\"thumbnailUrl\":\"https:\/\/www.raytech.it\/wp-content\/uploads\/mca-8-1.jpg\",\"datePublished\":\"2015-12-17T16:38:23+00:00\",\"dateModified\":\"2019-07-31T15:07:12+00:00\",\"breadcrumb\":{\"@id\":\"https:\/\/www.raytech.it\/es\/producto\/cables-calefactores\/uso-civil\/anticongelante-para-canalones\/autoregulante\/mca-8#breadcrumb\"},\"inLanguage\":\"es\",\"potentialAction\":[{\"@type\":\"ReadAction\",\"target\":[\"https:\/\/www.raytech.it\/es\/producto\/cables-calefactores\/uso-civil\/anticongelante-para-canalones\/autoregulante\/mca-8\"]}]},{\"@type\":\"ImageObject\",\"inLanguage\":\"es\",\"@id\":\"https:\/\/www.raytech.it\/es\/producto\/cables-calefactores\/uso-civil\/anticongelante-para-canalones\/autoregulante\/mca-8#primaryimage\",\"url\":\"https:\/\/www.raytech.it\/wp-content\/uploads\/mca-8-1.jpg\",\"contentUrl\":\"https:\/\/www.raytech.it\/wp-content\/uploads\/mca-8-1.jpg\",\"width\":1024,\"height\":1024},{\"@type\":\"BreadcrumbList\",\"@id\":\"https:\/\/www.raytech.it\/es\/producto\/cables-calefactores\/uso-civil\/anticongelante-para-canalones\/autoregulante\/mca-8#breadcrumb\",\"itemListElement\":[{\"@type\":\"ListItem\",\"position\":1,\"name\":\"Home\",\"item\":\"https:\/\/www.raytech.it\/es\"},{\"@type\":\"ListItem\",\"position\":2,\"name\":\"Tienda\",\"item\":\"https:\/\/www.raytech.it\/es\/tienda\"},{\"@type\":\"ListItem\",\"position\":3,\"name\":\"MCA 8\"}]},{\"@type\":\"WebSite\",\"@id\":\"https:\/\/www.raytech.it\/#website\",\"url\":\"https:\/\/www.raytech.it\/\",\"name\":\"Raytech\",\"description\":\"Cable accessories company\",\"publisher\":{\"@id\":\"https:\/\/www.raytech.it\/#organization\"},\"potentialAction\":[{\"@type\":\"SearchAction\",\"target\":{\"@type\":\"EntryPoint\",\"urlTemplate\":\"https:\/\/www.raytech.it\/?s={search_term_string}\"},\"query-input\":{\"@type\":\"PropertyValueSpecification\",\"valueRequired\":true,\"valueName\":\"search_term_string\"}}],\"inLanguage\":\"es\"},{\"@type\":\"Organization\",\"@id\":\"https:\/\/www.raytech.it\/#organization\",\"name\":\"Raytech\",\"url\":\"https:\/\/www.raytech.it\/\",\"logo\":{\"@type\":\"ImageObject\",\"inLanguage\":\"es\",\"@id\":\"https:\/\/www.raytech.it\/#\/schema\/logo\/image\/\",\"url\":\"https:\/\/www.raytech.it\/wp-content\/uploads\/logo-raytech-2019-retina-3.png\",\"contentUrl\":\"https:\/\/www.raytech.it\/wp-content\/uploads\/logo-raytech-2019-retina-3.png\",\"width\":340,\"height\":90,\"caption\":\"Raytech\"},\"image\":{\"@id\":\"https:\/\/www.raytech.it\/#\/schema\/logo\/image\/\"},\"sameAs\":[\"https:\/\/www.facebook.com\/RaytechItaly\",\"https:\/\/www.instagram.com\/raytech_italy\/\",\"https:\/\/www.youtube.com\/user\/raytechitaly\",\"https:\/\/twitter.com\/Raytech_Italy\"]}]}<\/script>\n<!-- \/ Yoast SEO plugin. -->","yoast_head_json":{"title":"MCA 8 | Raytech","robots":{"index":"index","follow":"follow","max-snippet":"max-snippet:-1","max-image-preview":"max-image-preview:large","max-video-preview":"max-video-preview:-1"},"canonical":"https:\/\/www.raytech.it\/es\/producto\/cables-calefactores\/uso-civil\/anticongelante-para-canalones\/autoregulante\/mca-8","og_locale":"es_ES","og_type":"article","og_title":"MCA 8 | Raytech","og_description":"MCA 8 Cable de auto regulaci\u00f3n para el trazado de techos, canalones y tubos de bajada de agua Previene La formaci\u00f3n de hielo en el interior, de canalones y tubos [\u2026]","og_url":"https:\/\/www.raytech.it\/es\/producto\/cables-calefactores\/uso-civil\/anticongelante-para-canalones\/autoregulante\/mca-8","og_site_name":"Raytech","article_publisher":"https:\/\/www.facebook.com\/RaytechItaly","article_modified_time":"2019-07-31T15:07:12+00:00","og_image":[{"width":1024,"height":1024,"url":"https:\/\/www.raytech.it\/wp-content\/uploads\/mca-8-1.jpg","type":"image\/jpeg"}],"twitter_card":"summary_large_image","twitter_misc":{"Tiempo de lectura":"1 minuto"},"schema":{"@context":"https:\/\/schema.org","@graph":[{"@type":"WebPage","@id":"https:\/\/www.raytech.it\/es\/producto\/cables-calefactores\/uso-civil\/anticongelante-para-canalones\/autoregulante\/mca-8","url":"https:\/\/www.raytech.it\/es\/producto\/cables-calefactores\/uso-civil\/anticongelante-para-canalones\/autoregulante\/mca-8","name":"MCA 8 | Raytech","isPartOf":{"@id":"https:\/\/www.raytech.it\/#website"},"primaryImageOfPage":{"@id":"https:\/\/www.raytech.it\/es\/producto\/cables-calefactores\/uso-civil\/anticongelante-para-canalones\/autoregulante\/mca-8#primaryimage"},"image":{"@id":"https:\/\/www.raytech.it\/es\/producto\/cables-calefactores\/uso-civil\/anticongelante-para-canalones\/autoregulante\/mca-8#primaryimage"},"thumbnailUrl":"https:\/\/www.raytech.it\/wp-content\/uploads\/mca-8-1.jpg","datePublished":"2015-12-17T16:38:23+00:00","dateModified":"2019-07-31T15:07:12+00:00","breadcrumb":{"@id":"https:\/\/www.raytech.it\/es\/producto\/cables-calefactores\/uso-civil\/anticongelante-para-canalones\/autoregulante\/mca-8#breadcrumb"},"inLanguage":"es","potentialAction":[{"@type":"ReadAction","target":["https:\/\/www.raytech.it\/es\/producto\/cables-calefactores\/uso-civil\/anticongelante-para-canalones\/autoregulante\/mca-8"]}]},{"@type":"ImageObject","inLanguage":"es","@id":"https:\/\/www.raytech.it\/es\/producto\/cables-calefactores\/uso-civil\/anticongelante-para-canalones\/autoregulante\/mca-8#primaryimage","url":"https:\/\/www.raytech.it\/wp-content\/uploads\/mca-8-1.jpg","contentUrl":"https:\/\/www.raytech.it\/wp-content\/uploads\/mca-8-1.jpg","width":1024,"height":1024},{"@type":"BreadcrumbList","@id":"https:\/\/www.raytech.it\/es\/producto\/cables-calefactores\/uso-civil\/anticongelante-para-canalones\/autoregulante\/mca-8#breadcrumb","itemListElement":[{"@type":"ListItem","position":1,"name":"Home","item":"https:\/\/www.raytech.it\/es"},{"@type":"ListItem","position":2,"name":"Tienda","item":"https:\/\/www.raytech.it\/es\/tienda"},{"@type":"ListItem","position":3,"name":"MCA 8"}]},{"@type":"WebSite","@id":"https:\/\/www.raytech.it\/#website","url":"https:\/\/www.raytech.it\/","name":"Raytech","description":"Cable accessories company","publisher":{"@id":"https:\/\/www.raytech.it\/#organization"},"potentialAction":[{"@type":"SearchAction","target":{"@type":"EntryPoint","urlTemplate":"https:\/\/www.raytech.it\/?s={search_term_string}"},"query-input":{"@type":"PropertyValueSpecification","valueRequired":true,"valueName":"search_term_string"}}],"inLanguage":"es"},{"@type":"Organization","@id":"https:\/\/www.raytech.it\/#organization","name":"Raytech","url":"https:\/\/www.raytech.it\/","logo":{"@type":"ImageObject","inLanguage":"es","@id":"https:\/\/www.raytech.it\/#\/schema\/logo\/image\/","url":"https:\/\/www.raytech.it\/wp-content\/uploads\/logo-raytech-2019-retina-3.png","contentUrl":"https:\/\/www.raytech.it\/wp-content\/uploads\/logo-raytech-2019-retina-3.png","width":340,"height":90,"caption":"Raytech"},"image":{"@id":"https:\/\/www.raytech.it\/#\/schema\/logo\/image\/"},"sameAs":["https:\/\/www.facebook.com\/RaytechItaly","https:\/\/www.instagram.com\/raytech_italy\/","https:\/\/www.youtube.com\/user\/raytechitaly","https:\/\/twitter.com\/Raytech_Italy"]}]}},"_links":{"self":[{"href":"https:\/\/www.raytech.it\/es\/wp-json\/wp\/v2\/product\/6468","targetHints":{"allow":["GET"]}}],"collection":[{"href":"https:\/\/www.raytech.it\/es\/wp-json\/wp\/v2\/product"}],"about":[{"href":"https:\/\/www.raytech.it\/es\/wp-json\/wp\/v2\/types\/product"}],"wp:featuredmedia":[{"embeddable":true,"href":"https:\/\/www.raytech.it\/es\/wp-json\/wp\/v2\/media\/4586"}],"wp:attachment":[{"href":"https:\/\/www.raytech.it\/es\/wp-json\/wp\/v2\/media?parent=6468"}],"wp:term":[{"taxonomy":"product_brand","embeddable":true,"href":"https:\/\/www.raytech.it\/es\/wp-json\/wp\/v2\/product_brand?post=6468"},{"taxonomy":"product_cat","embeddable":true,"href":"https:\/\/www.raytech.it\/es\/wp-json\/wp\/v2\/product_cat?post=6468"},{"taxonomy":"product_tag","embeddable":true,"href":"https:\/\/www.raytech.it\/es\/wp-json\/wp\/v2\/product_tag?post=6468"}],"curies":[{"name":"wp","href":"https:\/\/api.w.org\/{rel}","templated":true}]}}