{"id":6495,"date":"2015-07-16T15:16:54","date_gmt":"2015-12-18T10:21:54","guid":{"rendered":"https:\/\/www.raytech.it\/?post_type=product&#038;p=6495&#038;lang=es"},"modified":"2025-02-20T04:40:14","modified_gmt":"2025-02-20T03:40:14","slug":"rid-wl","status":"publish","type":"product","link":"https:\/\/www.raytech.it\/es\/producto\/cables-calefactores\/confort-es\/para-techo\/rid-wl","title":{"rendered":"Cronotermostato digital sin cable"},"content":{"rendered":"<h4><span style=\"color: #e3001a;\">RID-WL<br \/>\nCronotermostato digital sin cable (wireless)<\/span><\/h4>\n<p>Para una m\u00e1xima eficacia, rapidez y sencillez de montaje Raytech cuenta con el innovador CRONOTERMOSTATO AMBIENTE WIRELESS RID-WL que une a la destacada seguridad de funcionamiento y control de los par\u00e1metros ambientales del sistema RID, la ausencia de conexiones con cables.<\/p>\n<p>Le <strong>RID-WL<\/strong>, que funciona en radio frecuencia, permite la instalaci\u00f3n no invasiva sobre cualquier ambiente, ya sea para nuevas instalaciones como para renovaciones de locales, o incluso para reforzar a un sistema primario pre existente.<\/p>\n<p>Le <strong>RID-WL<\/strong> se encuentra acoplado con su propio receptor de acuerdo con la frecuencia del termostato (se\u00f1al exclusiva), que es capaz de controlar una carga de 16 A.<\/p>\n<p>Al no poseer cables, <strong>RID-WL<\/strong> puede ser desplazado dentro del \u00e1mbito del rango de uso, adem\u00e1s puede ser colocado en donde sea m\u00e1s necesario controlar los par\u00e1metros.<\/p>\n<p>Dotado de pantalla LCD de f\u00e1cil lectura e iluminado por la parte posterior, puede programarse y est\u00e1 provisto de un sensor interno integrado. Adem\u00e1s puede conectarse a un sensor separado (p. ej en el suelo).<\/p>\n<p>&nbsp;<\/p>\n","protected":false},"excerpt":{"rendered":"<p><strong>Accuratezza in temperatura:<\/strong> 0,1\u00b0C <strong>Campo di funzionamento:<\/strong> da 0\u00b0C a + 40\u00b0C <strong>Campo di temperatura:<\/strong> da 5\u00b0C a + 35\u00b0C <strong>Alimentazione:<\/strong> 2 batterie AAA da 1,5 V <strong>Grado di protezione<\/strong>: IP30 <strong>Frequenza:<\/strong> 868 MHz <strong>Ricevitore per alimentazione:<\/strong> 230 V, 50 Hz <strong>Portata rele\u0300:<\/strong> 16 A <strong>Portata in distanza:<\/strong> 100 mt all\u2019aperto, 30 mt all\u2019interno Programmabile in blocchi di 30 minuti 9 programmi gia\u0300 inseriti e 4 a programmazione dell\u2019utilizzatore. Controllo di temperatura \u201cself-learning\u201d. Blocco bambini. Allarme di basso livello batterie. Memoria illimitata dei programmi nel caso di batterie scariche.<\/p>\n","protected":false},"featured_media":18792,"template":"","meta":[],"product_brand":[],"product_cat":[264,265,268],"product_tag":[],"class_list":{"0":"post-6495","1":"product","2":"type-product","3":"status-publish","4":"has-post-thumbnail","6":"product_cat-cables-calefactores","7":"product_cat-confort-es","8":"product_cat-para-techo","10":"first","11":"instock","12":"taxable","13":"shipping-taxable","14":"product-type-simple"},"yoast_head":"<!-- This site is optimized with the Yoast SEO plugin v26.5 - https:\/\/yoast.com\/wordpress\/plugins\/seo\/ -->\n<title>Cronotermostato digital sin cable | Raytech<\/title>\n<meta name=\"robots\" content=\"index, follow, max-snippet:-1, max-image-preview:large, max-video-preview:-1\" \/>\n<link rel=\"canonical\" href=\"https:\/\/www.raytech.it\/es\/producto\/cables-calefactores\/confort-es\/para-techo\/rid-wl\" \/>\n<meta property=\"og:locale\" content=\"es_ES\" \/>\n<meta property=\"og:type\" content=\"article\" \/>\n<meta property=\"og:title\" content=\"Cronotermostato digital sin cable | Raytech\" \/>\n<meta property=\"og:description\" content=\"Accuratezza in temperatura: 0,1\u00b0C Campo di funzionamento: da 0\u00b0C a + 40\u00b0C Campo di temperatura: da 5\u00b0C a + 35\u00b0C Alimentazione: 2 batterie AAA da 1,5 V Grado di protezione: IP30 Frequenza: 868 MHz Ricevitore per alimentazione: 230 V, 50 Hz Portata rele\u0300: 16 A Portata in distanza: 100 mt all\u2019aperto, 30 mt all\u2019interno Programmabile in blocchi di 30 minuti 9 programmi gia\u0300 inseriti e 4 a programmazione dell\u2019utilizzatore. Controllo di temperatura \u201cself-learning\u201d. Blocco bambini. Allarme di basso livello batterie. Memoria illimitata dei programmi nel caso di batterie scariche.\" \/>\n<meta property=\"og:url\" content=\"https:\/\/www.raytech.it\/es\/producto\/cables-calefactores\/confort-es\/para-techo\/rid-wl\" \/>\n<meta property=\"og:site_name\" content=\"Raytech\" \/>\n<meta property=\"article:publisher\" content=\"https:\/\/www.facebook.com\/RaytechItaly\" \/>\n<meta property=\"article:modified_time\" content=\"2025-02-20T03:40:14+00:00\" \/>\n<meta property=\"og:image\" content=\"https:\/\/www.raytech.it\/wp-content\/uploads\/rid-wl-1.jpg\" \/>\n\t<meta property=\"og:image:width\" content=\"500\" \/>\n\t<meta property=\"og:image:height\" content=\"500\" \/>\n\t<meta property=\"og:image:type\" content=\"image\/jpeg\" \/>\n<meta name=\"twitter:card\" content=\"summary_large_image\" \/>\n<meta name=\"twitter:label1\" content=\"Tiempo de lectura\" \/>\n\t<meta name=\"twitter:data1\" content=\"1 minuto\" \/>\n<script type=\"application\/ld+json\" class=\"yoast-schema-graph\">{\"@context\":\"https:\/\/schema.org\",\"@graph\":[{\"@type\":\"WebPage\",\"@id\":\"https:\/\/www.raytech.it\/es\/producto\/cables-calefactores\/confort-es\/para-techo\/rid-wl\",\"url\":\"https:\/\/www.raytech.it\/es\/producto\/cables-calefactores\/confort-es\/para-techo\/rid-wl\",\"name\":\"Cronotermostato digital sin cable | Raytech\",\"isPartOf\":{\"@id\":\"https:\/\/www.raytech.it\/#website\"},\"primaryImageOfPage\":{\"@id\":\"https:\/\/www.raytech.it\/es\/producto\/cables-calefactores\/confort-es\/para-techo\/rid-wl#primaryimage\"},\"image\":{\"@id\":\"https:\/\/www.raytech.it\/es\/producto\/cables-calefactores\/confort-es\/para-techo\/rid-wl#primaryimage\"},\"thumbnailUrl\":\"https:\/\/www.raytech.it\/wp-content\/uploads\/rid-wl-1.jpg\",\"datePublished\":\"2015-12-18T10:21:54+00:00\",\"dateModified\":\"2025-02-20T03:40:14+00:00\",\"breadcrumb\":{\"@id\":\"https:\/\/www.raytech.it\/es\/producto\/cables-calefactores\/confort-es\/para-techo\/rid-wl#breadcrumb\"},\"inLanguage\":\"es\",\"potentialAction\":[{\"@type\":\"ReadAction\",\"target\":[\"https:\/\/www.raytech.it\/es\/producto\/cables-calefactores\/confort-es\/para-techo\/rid-wl\"]}]},{\"@type\":\"ImageObject\",\"inLanguage\":\"es\",\"@id\":\"https:\/\/www.raytech.it\/es\/producto\/cables-calefactores\/confort-es\/para-techo\/rid-wl#primaryimage\",\"url\":\"https:\/\/www.raytech.it\/wp-content\/uploads\/rid-wl-1.jpg\",\"contentUrl\":\"https:\/\/www.raytech.it\/wp-content\/uploads\/rid-wl-1.jpg\",\"width\":500,\"height\":500},{\"@type\":\"BreadcrumbList\",\"@id\":\"https:\/\/www.raytech.it\/es\/producto\/cables-calefactores\/confort-es\/para-techo\/rid-wl#breadcrumb\",\"itemListElement\":[{\"@type\":\"ListItem\",\"position\":1,\"name\":\"Home\",\"item\":\"https:\/\/www.raytech.it\/es\"},{\"@type\":\"ListItem\",\"position\":2,\"name\":\"Tienda\",\"item\":\"https:\/\/www.raytech.it\/es\/tienda\"},{\"@type\":\"ListItem\",\"position\":3,\"name\":\"Cronotermostato digital sin cable\"}]},{\"@type\":\"WebSite\",\"@id\":\"https:\/\/www.raytech.it\/#website\",\"url\":\"https:\/\/www.raytech.it\/\",\"name\":\"Raytech\",\"description\":\"Cable accessories company\",\"publisher\":{\"@id\":\"https:\/\/www.raytech.it\/#organization\"},\"potentialAction\":[{\"@type\":\"SearchAction\",\"target\":{\"@type\":\"EntryPoint\",\"urlTemplate\":\"https:\/\/www.raytech.it\/?s={search_term_string}\"},\"query-input\":{\"@type\":\"PropertyValueSpecification\",\"valueRequired\":true,\"valueName\":\"search_term_string\"}}],\"inLanguage\":\"es\"},{\"@type\":\"Organization\",\"@id\":\"https:\/\/www.raytech.it\/#organization\",\"name\":\"Raytech\",\"url\":\"https:\/\/www.raytech.it\/\",\"logo\":{\"@type\":\"ImageObject\",\"inLanguage\":\"es\",\"@id\":\"https:\/\/www.raytech.it\/#\/schema\/logo\/image\/\",\"url\":\"https:\/\/www.raytech.it\/wp-content\/uploads\/logo-raytech-2019-retina-3.png\",\"contentUrl\":\"https:\/\/www.raytech.it\/wp-content\/uploads\/logo-raytech-2019-retina-3.png\",\"width\":340,\"height\":90,\"caption\":\"Raytech\"},\"image\":{\"@id\":\"https:\/\/www.raytech.it\/#\/schema\/logo\/image\/\"},\"sameAs\":[\"https:\/\/www.facebook.com\/RaytechItaly\",\"https:\/\/www.instagram.com\/raytech_italy\/\",\"https:\/\/www.youtube.com\/user\/raytechitaly\",\"https:\/\/twitter.com\/Raytech_Italy\"]}]}<\/script>\n<!-- \/ Yoast SEO plugin. -->","yoast_head_json":{"title":"Cronotermostato digital sin cable | Raytech","robots":{"index":"index","follow":"follow","max-snippet":"max-snippet:-1","max-image-preview":"max-image-preview:large","max-video-preview":"max-video-preview:-1"},"canonical":"https:\/\/www.raytech.it\/es\/producto\/cables-calefactores\/confort-es\/para-techo\/rid-wl","og_locale":"es_ES","og_type":"article","og_title":"Cronotermostato digital sin cable | Raytech","og_description":"Accuratezza in temperatura: 0,1\u00b0C Campo di funzionamento: da 0\u00b0C a + 40\u00b0C Campo di temperatura: da 5\u00b0C a + 35\u00b0C Alimentazione: 2 batterie AAA da 1,5 V Grado di protezione: IP30 Frequenza: 868 MHz Ricevitore per alimentazione: 230 V, 50 Hz Portata rele\u0300: 16 A Portata in distanza: 100 mt all\u2019aperto, 30 mt all\u2019interno Programmabile in blocchi di 30 minuti 9 programmi gia\u0300 inseriti e 4 a programmazione dell\u2019utilizzatore. Controllo di temperatura \u201cself-learning\u201d. Blocco bambini. Allarme di basso livello batterie. Memoria illimitata dei programmi nel caso di batterie scariche.","og_url":"https:\/\/www.raytech.it\/es\/producto\/cables-calefactores\/confort-es\/para-techo\/rid-wl","og_site_name":"Raytech","article_publisher":"https:\/\/www.facebook.com\/RaytechItaly","article_modified_time":"2025-02-20T03:40:14+00:00","og_image":[{"width":500,"height":500,"url":"https:\/\/www.raytech.it\/wp-content\/uploads\/rid-wl-1.jpg","type":"image\/jpeg"}],"twitter_card":"summary_large_image","twitter_misc":{"Tiempo de lectura":"1 minuto"},"schema":{"@context":"https:\/\/schema.org","@graph":[{"@type":"WebPage","@id":"https:\/\/www.raytech.it\/es\/producto\/cables-calefactores\/confort-es\/para-techo\/rid-wl","url":"https:\/\/www.raytech.it\/es\/producto\/cables-calefactores\/confort-es\/para-techo\/rid-wl","name":"Cronotermostato digital sin cable | Raytech","isPartOf":{"@id":"https:\/\/www.raytech.it\/#website"},"primaryImageOfPage":{"@id":"https:\/\/www.raytech.it\/es\/producto\/cables-calefactores\/confort-es\/para-techo\/rid-wl#primaryimage"},"image":{"@id":"https:\/\/www.raytech.it\/es\/producto\/cables-calefactores\/confort-es\/para-techo\/rid-wl#primaryimage"},"thumbnailUrl":"https:\/\/www.raytech.it\/wp-content\/uploads\/rid-wl-1.jpg","datePublished":"2015-12-18T10:21:54+00:00","dateModified":"2025-02-20T03:40:14+00:00","breadcrumb":{"@id":"https:\/\/www.raytech.it\/es\/producto\/cables-calefactores\/confort-es\/para-techo\/rid-wl#breadcrumb"},"inLanguage":"es","potentialAction":[{"@type":"ReadAction","target":["https:\/\/www.raytech.it\/es\/producto\/cables-calefactores\/confort-es\/para-techo\/rid-wl"]}]},{"@type":"ImageObject","inLanguage":"es","@id":"https:\/\/www.raytech.it\/es\/producto\/cables-calefactores\/confort-es\/para-techo\/rid-wl#primaryimage","url":"https:\/\/www.raytech.it\/wp-content\/uploads\/rid-wl-1.jpg","contentUrl":"https:\/\/www.raytech.it\/wp-content\/uploads\/rid-wl-1.jpg","width":500,"height":500},{"@type":"BreadcrumbList","@id":"https:\/\/www.raytech.it\/es\/producto\/cables-calefactores\/confort-es\/para-techo\/rid-wl#breadcrumb","itemListElement":[{"@type":"ListItem","position":1,"name":"Home","item":"https:\/\/www.raytech.it\/es"},{"@type":"ListItem","position":2,"name":"Tienda","item":"https:\/\/www.raytech.it\/es\/tienda"},{"@type":"ListItem","position":3,"name":"Cronotermostato digital sin cable"}]},{"@type":"WebSite","@id":"https:\/\/www.raytech.it\/#website","url":"https:\/\/www.raytech.it\/","name":"Raytech","description":"Cable accessories company","publisher":{"@id":"https:\/\/www.raytech.it\/#organization"},"potentialAction":[{"@type":"SearchAction","target":{"@type":"EntryPoint","urlTemplate":"https:\/\/www.raytech.it\/?s={search_term_string}"},"query-input":{"@type":"PropertyValueSpecification","valueRequired":true,"valueName":"search_term_string"}}],"inLanguage":"es"},{"@type":"Organization","@id":"https:\/\/www.raytech.it\/#organization","name":"Raytech","url":"https:\/\/www.raytech.it\/","logo":{"@type":"ImageObject","inLanguage":"es","@id":"https:\/\/www.raytech.it\/#\/schema\/logo\/image\/","url":"https:\/\/www.raytech.it\/wp-content\/uploads\/logo-raytech-2019-retina-3.png","contentUrl":"https:\/\/www.raytech.it\/wp-content\/uploads\/logo-raytech-2019-retina-3.png","width":340,"height":90,"caption":"Raytech"},"image":{"@id":"https:\/\/www.raytech.it\/#\/schema\/logo\/image\/"},"sameAs":["https:\/\/www.facebook.com\/RaytechItaly","https:\/\/www.instagram.com\/raytech_italy\/","https:\/\/www.youtube.com\/user\/raytechitaly","https:\/\/twitter.com\/Raytech_Italy"]}]}},"_links":{"self":[{"href":"https:\/\/www.raytech.it\/es\/wp-json\/wp\/v2\/product\/6495","targetHints":{"allow":["GET"]}}],"collection":[{"href":"https:\/\/www.raytech.it\/es\/wp-json\/wp\/v2\/product"}],"about":[{"href":"https:\/\/www.raytech.it\/es\/wp-json\/wp\/v2\/types\/product"}],"wp:featuredmedia":[{"embeddable":true,"href":"https:\/\/www.raytech.it\/es\/wp-json\/wp\/v2\/media\/18792"}],"wp:attachment":[{"href":"https:\/\/www.raytech.it\/es\/wp-json\/wp\/v2\/media?parent=6495"}],"wp:term":[{"taxonomy":"product_brand","embeddable":true,"href":"https:\/\/www.raytech.it\/es\/wp-json\/wp\/v2\/product_brand?post=6495"},{"taxonomy":"product_cat","embeddable":true,"href":"https:\/\/www.raytech.it\/es\/wp-json\/wp\/v2\/product_cat?post=6495"},{"taxonomy":"product_tag","embeddable":true,"href":"https:\/\/www.raytech.it\/es\/wp-json\/wp\/v2\/product_tag?post=6495"}],"curies":[{"name":"wp","href":"https:\/\/api.w.org\/{rel}","templated":true}]}}