{"id":9992,"date":"2017-01-20T14:30:11","date_gmt":"2017-02-15T11:47:14","guid":{"rendered":"http:\/\/raytech.it\/?post_type=product&#038;p=9992&#038;lang=es"},"modified":"2025-02-18T19:55:48","modified_gmt":"2025-02-18T18:55:48","slug":"nano-joint","status":"publish","type":"product","link":"https:\/\/www.raytech.it\/es\/producto\/baja-tension\/empalmes\/pre-rellenados\/nano-joint","title":{"rendered":"Nano Joint"},"content":{"rendered":"<h4><span style=\"color: #008b33;\">Accesorios pre rellenados de gel, complementados con conectores para el sellado y la protecci\u00f3n de conexiones el\u00e9ctricas<\/span><\/h4>\n<p>ACTUALIZACI\u00d3N DE LA GAMA CON CONECTORES DE NUEVA GENERACI\u00d3N<\/p>\n<ul>\n<li><span style=\"color: #009832;\">LISTO PARA USAR, R\u00c1PIDO, RE-ACCESIBLE<\/span><\/li>\n<li><span style=\"color: #009832;\">Ideal para instalaciones al aire libre y subterr\u00e1neas<\/span><\/li>\n<li><span style=\"color: #009832;\">Sin la necesidad de herramientas<\/span><\/li>\n<li><span style=\"color: #009832;\">Conexi\u00f3n a tensi\u00f3n inmediata<\/span><\/li>\n<li><span style=\"color: #009832;\">Para conexiones RECTAS Y DERIVADAS<\/span><\/li>\n<li><span style=\"color: #009832;\">Para cables aislados, r\u00edgidos o flexibles, de 1 a 4 mm\u00b2<\/span><\/li>\n<li><span style=\"color: #009832;\">Para conexiones de 1, 2 o 3 cables<\/span><\/li>\n<li><span style=\"color: #009832;\">Hasta 5 conductores en una fase o hasta 2 conductores en dos o tres fase<\/span><\/li>\n<li><span style=\"color: #009832;\">Peque\u00f1o, compacto y resistente<\/span><\/li>\n<li><span style=\"color: #009832;\">Compatible con varios tipos de terminales<\/span><\/li>\n<li><span style=\"color: #009832;\">No caduca<\/span><\/li>\n<li><span style=\"color: #009832;\">Libre de hal\u00f3genos<\/span><\/li>\n<li><span style=\"color: #009832;\">Resistente a los rayos UV<\/span><\/li>\n<\/ul>\n","protected":false},"excerpt":{"rendered":"<p>Accesorios pre rellenados de gel, complementados con conectores para el sellado y la protecci\u00f3n de conexiones el\u00e9ctricas ACTUALIZACI\u00d3N DE LA GAMA CON CONECTORES DE NUEVA GENERACI\u00d3N LISTO PARA USAR, R\u00c1PIDO,<span class=\"excerpt-hellip\"> [\u2026]<\/span><\/p>\n","protected":false},"featured_media":9911,"template":"","meta":[],"product_brand":[],"product_cat":[239,241,244],"product_tag":[],"class_list":{"0":"post-9992","1":"product","2":"type-product","3":"status-publish","4":"has-post-thumbnail","6":"product_cat-baja-tension","7":"product_cat-empalmes","8":"product_cat-pre-rellenados","10":"first","11":"instock","12":"taxable","13":"shipping-taxable","14":"purchasable","15":"product-type-variable"},"yoast_head":"<!-- This site is optimized with the Yoast SEO plugin v26.5 - https:\/\/yoast.com\/wordpress\/plugins\/seo\/ -->\n<title>Nano Joint | Raytech<\/title>\n<meta name=\"robots\" content=\"index, follow, max-snippet:-1, max-image-preview:large, max-video-preview:-1\" \/>\n<link rel=\"canonical\" href=\"https:\/\/www.raytech.it\/es\/producto\/baja-tension\/empalmes\/pre-rellenados\/nano-joint\" \/>\n<meta property=\"og:locale\" content=\"es_ES\" \/>\n<meta property=\"og:type\" content=\"article\" \/>\n<meta property=\"og:title\" content=\"Nano Joint | Raytech\" \/>\n<meta property=\"og:description\" content=\"Accesorios pre rellenados de gel, complementados con conectores para el sellado y la protecci\u00f3n de conexiones el\u00e9ctricas ACTUALIZACI\u00d3N DE LA GAMA CON CONECTORES DE NUEVA GENERACI\u00d3N LISTO PARA USAR, R\u00c1PIDO, [\u2026]\" \/>\n<meta property=\"og:url\" content=\"https:\/\/www.raytech.it\/es\/producto\/baja-tension\/empalmes\/pre-rellenados\/nano-joint\" \/>\n<meta property=\"og:site_name\" content=\"Raytech\" \/>\n<meta property=\"article:publisher\" content=\"https:\/\/www.facebook.com\/RaytechItaly\" \/>\n<meta property=\"article:modified_time\" content=\"2025-02-18T18:55:48+00:00\" \/>\n<meta property=\"og:image\" content=\"https:\/\/www.raytech.it\/wp-content\/uploads\/Nano-Joint2017.jpg\" \/>\n\t<meta property=\"og:image:width\" content=\"1024\" \/>\n\t<meta property=\"og:image:height\" content=\"1024\" \/>\n\t<meta property=\"og:image:type\" content=\"image\/jpeg\" \/>\n<meta name=\"twitter:card\" content=\"summary_large_image\" \/>\n<meta name=\"twitter:label1\" content=\"Tiempo de lectura\" \/>\n\t<meta name=\"twitter:data1\" content=\"1 minuto\" \/>\n<script type=\"application\/ld+json\" class=\"yoast-schema-graph\">{\"@context\":\"https:\/\/schema.org\",\"@graph\":[{\"@type\":\"WebPage\",\"@id\":\"https:\/\/www.raytech.it\/es\/producto\/baja-tension\/empalmes\/pre-rellenados\/nano-joint\",\"url\":\"https:\/\/www.raytech.it\/es\/producto\/baja-tension\/empalmes\/pre-rellenados\/nano-joint\",\"name\":\"Nano Joint | Raytech\",\"isPartOf\":{\"@id\":\"https:\/\/www.raytech.it\/#website\"},\"primaryImageOfPage\":{\"@id\":\"https:\/\/www.raytech.it\/es\/producto\/baja-tension\/empalmes\/pre-rellenados\/nano-joint#primaryimage\"},\"image\":{\"@id\":\"https:\/\/www.raytech.it\/es\/producto\/baja-tension\/empalmes\/pre-rellenados\/nano-joint#primaryimage\"},\"thumbnailUrl\":\"https:\/\/www.raytech.it\/wp-content\/uploads\/Nano-Joint2017.jpg\",\"datePublished\":\"2017-02-15T11:47:14+00:00\",\"dateModified\":\"2025-02-18T18:55:48+00:00\",\"breadcrumb\":{\"@id\":\"https:\/\/www.raytech.it\/es\/producto\/baja-tension\/empalmes\/pre-rellenados\/nano-joint#breadcrumb\"},\"inLanguage\":\"es\",\"potentialAction\":[{\"@type\":\"ReadAction\",\"target\":[\"https:\/\/www.raytech.it\/es\/producto\/baja-tension\/empalmes\/pre-rellenados\/nano-joint\"]}]},{\"@type\":\"ImageObject\",\"inLanguage\":\"es\",\"@id\":\"https:\/\/www.raytech.it\/es\/producto\/baja-tension\/empalmes\/pre-rellenados\/nano-joint#primaryimage\",\"url\":\"https:\/\/www.raytech.it\/wp-content\/uploads\/Nano-Joint2017.jpg\",\"contentUrl\":\"https:\/\/www.raytech.it\/wp-content\/uploads\/Nano-Joint2017.jpg\",\"width\":1024,\"height\":1024},{\"@type\":\"BreadcrumbList\",\"@id\":\"https:\/\/www.raytech.it\/es\/producto\/baja-tension\/empalmes\/pre-rellenados\/nano-joint#breadcrumb\",\"itemListElement\":[{\"@type\":\"ListItem\",\"position\":1,\"name\":\"Home\",\"item\":\"https:\/\/www.raytech.it\/es\"},{\"@type\":\"ListItem\",\"position\":2,\"name\":\"Tienda\",\"item\":\"https:\/\/www.raytech.it\/es\/tienda\"},{\"@type\":\"ListItem\",\"position\":3,\"name\":\"Nano Joint\"}]},{\"@type\":\"WebSite\",\"@id\":\"https:\/\/www.raytech.it\/#website\",\"url\":\"https:\/\/www.raytech.it\/\",\"name\":\"Raytech\",\"description\":\"Cable accessories company\",\"publisher\":{\"@id\":\"https:\/\/www.raytech.it\/#organization\"},\"potentialAction\":[{\"@type\":\"SearchAction\",\"target\":{\"@type\":\"EntryPoint\",\"urlTemplate\":\"https:\/\/www.raytech.it\/?s={search_term_string}\"},\"query-input\":{\"@type\":\"PropertyValueSpecification\",\"valueRequired\":true,\"valueName\":\"search_term_string\"}}],\"inLanguage\":\"es\"},{\"@type\":\"Organization\",\"@id\":\"https:\/\/www.raytech.it\/#organization\",\"name\":\"Raytech\",\"url\":\"https:\/\/www.raytech.it\/\",\"logo\":{\"@type\":\"ImageObject\",\"inLanguage\":\"es\",\"@id\":\"https:\/\/www.raytech.it\/#\/schema\/logo\/image\/\",\"url\":\"https:\/\/www.raytech.it\/wp-content\/uploads\/logo-raytech-2019-retina-3.png\",\"contentUrl\":\"https:\/\/www.raytech.it\/wp-content\/uploads\/logo-raytech-2019-retina-3.png\",\"width\":340,\"height\":90,\"caption\":\"Raytech\"},\"image\":{\"@id\":\"https:\/\/www.raytech.it\/#\/schema\/logo\/image\/\"},\"sameAs\":[\"https:\/\/www.facebook.com\/RaytechItaly\",\"https:\/\/www.instagram.com\/raytech_italy\/\",\"https:\/\/www.youtube.com\/user\/raytechitaly\",\"https:\/\/twitter.com\/Raytech_Italy\"]}]}<\/script>\n<!-- \/ Yoast SEO plugin. -->","yoast_head_json":{"title":"Nano Joint | Raytech","robots":{"index":"index","follow":"follow","max-snippet":"max-snippet:-1","max-image-preview":"max-image-preview:large","max-video-preview":"max-video-preview:-1"},"canonical":"https:\/\/www.raytech.it\/es\/producto\/baja-tension\/empalmes\/pre-rellenados\/nano-joint","og_locale":"es_ES","og_type":"article","og_title":"Nano Joint | Raytech","og_description":"Accesorios pre rellenados de gel, complementados con conectores para el sellado y la protecci\u00f3n de conexiones el\u00e9ctricas ACTUALIZACI\u00d3N DE LA GAMA CON CONECTORES DE NUEVA GENERACI\u00d3N LISTO PARA USAR, R\u00c1PIDO, [\u2026]","og_url":"https:\/\/www.raytech.it\/es\/producto\/baja-tension\/empalmes\/pre-rellenados\/nano-joint","og_site_name":"Raytech","article_publisher":"https:\/\/www.facebook.com\/RaytechItaly","article_modified_time":"2025-02-18T18:55:48+00:00","og_image":[{"width":1024,"height":1024,"url":"https:\/\/www.raytech.it\/wp-content\/uploads\/Nano-Joint2017.jpg","type":"image\/jpeg"}],"twitter_card":"summary_large_image","twitter_misc":{"Tiempo de lectura":"1 minuto"},"schema":{"@context":"https:\/\/schema.org","@graph":[{"@type":"WebPage","@id":"https:\/\/www.raytech.it\/es\/producto\/baja-tension\/empalmes\/pre-rellenados\/nano-joint","url":"https:\/\/www.raytech.it\/es\/producto\/baja-tension\/empalmes\/pre-rellenados\/nano-joint","name":"Nano Joint | Raytech","isPartOf":{"@id":"https:\/\/www.raytech.it\/#website"},"primaryImageOfPage":{"@id":"https:\/\/www.raytech.it\/es\/producto\/baja-tension\/empalmes\/pre-rellenados\/nano-joint#primaryimage"},"image":{"@id":"https:\/\/www.raytech.it\/es\/producto\/baja-tension\/empalmes\/pre-rellenados\/nano-joint#primaryimage"},"thumbnailUrl":"https:\/\/www.raytech.it\/wp-content\/uploads\/Nano-Joint2017.jpg","datePublished":"2017-02-15T11:47:14+00:00","dateModified":"2025-02-18T18:55:48+00:00","breadcrumb":{"@id":"https:\/\/www.raytech.it\/es\/producto\/baja-tension\/empalmes\/pre-rellenados\/nano-joint#breadcrumb"},"inLanguage":"es","potentialAction":[{"@type":"ReadAction","target":["https:\/\/www.raytech.it\/es\/producto\/baja-tension\/empalmes\/pre-rellenados\/nano-joint"]}]},{"@type":"ImageObject","inLanguage":"es","@id":"https:\/\/www.raytech.it\/es\/producto\/baja-tension\/empalmes\/pre-rellenados\/nano-joint#primaryimage","url":"https:\/\/www.raytech.it\/wp-content\/uploads\/Nano-Joint2017.jpg","contentUrl":"https:\/\/www.raytech.it\/wp-content\/uploads\/Nano-Joint2017.jpg","width":1024,"height":1024},{"@type":"BreadcrumbList","@id":"https:\/\/www.raytech.it\/es\/producto\/baja-tension\/empalmes\/pre-rellenados\/nano-joint#breadcrumb","itemListElement":[{"@type":"ListItem","position":1,"name":"Home","item":"https:\/\/www.raytech.it\/es"},{"@type":"ListItem","position":2,"name":"Tienda","item":"https:\/\/www.raytech.it\/es\/tienda"},{"@type":"ListItem","position":3,"name":"Nano Joint"}]},{"@type":"WebSite","@id":"https:\/\/www.raytech.it\/#website","url":"https:\/\/www.raytech.it\/","name":"Raytech","description":"Cable accessories company","publisher":{"@id":"https:\/\/www.raytech.it\/#organization"},"potentialAction":[{"@type":"SearchAction","target":{"@type":"EntryPoint","urlTemplate":"https:\/\/www.raytech.it\/?s={search_term_string}"},"query-input":{"@type":"PropertyValueSpecification","valueRequired":true,"valueName":"search_term_string"}}],"inLanguage":"es"},{"@type":"Organization","@id":"https:\/\/www.raytech.it\/#organization","name":"Raytech","url":"https:\/\/www.raytech.it\/","logo":{"@type":"ImageObject","inLanguage":"es","@id":"https:\/\/www.raytech.it\/#\/schema\/logo\/image\/","url":"https:\/\/www.raytech.it\/wp-content\/uploads\/logo-raytech-2019-retina-3.png","contentUrl":"https:\/\/www.raytech.it\/wp-content\/uploads\/logo-raytech-2019-retina-3.png","width":340,"height":90,"caption":"Raytech"},"image":{"@id":"https:\/\/www.raytech.it\/#\/schema\/logo\/image\/"},"sameAs":["https:\/\/www.facebook.com\/RaytechItaly","https:\/\/www.instagram.com\/raytech_italy\/","https:\/\/www.youtube.com\/user\/raytechitaly","https:\/\/twitter.com\/Raytech_Italy"]}]}},"_links":{"self":[{"href":"https:\/\/www.raytech.it\/es\/wp-json\/wp\/v2\/product\/9992","targetHints":{"allow":["GET"]}}],"collection":[{"href":"https:\/\/www.raytech.it\/es\/wp-json\/wp\/v2\/product"}],"about":[{"href":"https:\/\/www.raytech.it\/es\/wp-json\/wp\/v2\/types\/product"}],"wp:featuredmedia":[{"embeddable":true,"href":"https:\/\/www.raytech.it\/es\/wp-json\/wp\/v2\/media\/9911"}],"wp:attachment":[{"href":"https:\/\/www.raytech.it\/es\/wp-json\/wp\/v2\/media?parent=9992"}],"wp:term":[{"taxonomy":"product_brand","embeddable":true,"href":"https:\/\/www.raytech.it\/es\/wp-json\/wp\/v2\/product_brand?post=9992"},{"taxonomy":"product_cat","embeddable":true,"href":"https:\/\/www.raytech.it\/es\/wp-json\/wp\/v2\/product_cat?post=9992"},{"taxonomy":"product_tag","embeddable":true,"href":"https:\/\/www.raytech.it\/es\/wp-json\/wp\/v2\/product_tag?post=9992"}],"curies":[{"name":"wp","href":"https:\/\/api.w.org\/{rel}","templated":true}]}}