{"id":12097,"date":"2017-11-21T10:08:41","date_gmt":"2017-11-21T10:08:41","guid":{"rendered":"http:\/\/raytech.it\/ready-box"},"modified":"2019-08-22T08:31:47","modified_gmt":"2019-08-22T08:31:47","slug":"ready-box","status":"publish","type":"page","link":"https:\/\/www.raytech.it\/fr\/ready-box","title":{"rendered":"Ready Box"},"content":{"rendered":"<div class=\"wpb-content-wrapper\"><p>[vc_row][vc_column][vc_raw_html]JTNDc3R5bGUlM0UlMEElMjNtYWluLWNvbnRlbnQuY29udGFpbmVyJTIwJTdCJTBBJTIwJTIwJTIwJTIwcGFkZGluZy10b3AlM0ElMjAwJTIwJTIxaW1wb3J0YW50JTNCJTBBJTdEJTBBJTNDJTJGc3R5bGUlM0U=[\/vc_raw_html]\n\t\t\t<!-- START Video Ready Box REVOLUTION SLIDER 6.7.28 --><p class=\"rs-p-wp-fix\"><\/p>\n\t\t\t<rs-module-wrap id=\"rev_slider_14_1_wrapper\" data-source=\"gallery\" style=\"visibility:hidden;background:transparent;padding:0;margin:0px auto;margin-top:0;margin-bottom:0;\">\n\t\t\t\t<rs-module id=\"rev_slider_14_1\" style=\"\" data-version=\"6.7.28\">\n\t\t\t\t\t<rs-slides style=\"overflow: hidden; position: absolute;\">\n\t\t\t\t\t\t<rs-slide style=\"position: absolute;\" data-key=\"rs-147\" data-title=\"Slide\" data-anim=\"adpr:false;\">\n\t\t\t\t\t\t\t<img decoding=\"async\" src=\"\/\/www.raytech.it\/wp-content\/plugins\/revslider\/sr6\/assets\/assets\/dummy.png\" alt=\"\" title=\"Ready Box\" class=\"rev-slidebg tp-rs-img rs-lazyload\" data-lazyload=\"\/\/www.raytech.it\/wp-content\/plugins\/revslider\/sr6\/assets\/assets\/transparent.png\" data-no-retina>\n<!--\n\t\t\t\t\t\t\t--><rs-layer\n\t\t\t\t\t\t\t\tid=\"slider-14-slide-147-layer-2\" \n\t\t\t\t\t\t\t\tclass=\"rs-fsv rs-layer-video intrinsic-ignore\"\n\t\t\t\t\t\t\t\tdata-type=\"video\"\n\t\t\t\t\t\t\t\tdata-rsp_ch=\"on\"\n\t\t\t\t\t\t\t\tdata-xy=\"x:0;y:0;\"\n\t\t\t\t\t\t\t\tdata-text=\"l:22;\"\n\t\t\t\t\t\t\t\tdata-dim=\"w:100%;h:100%;\"\n\t\t\t\t\t\t\t\tdata-video=\"vfc:true;twa:false;vd:100;rwd:f;fc:true;l:none;ptimer:true;nse:f;sav:f;\"\n\t\t\t\t\t\t\t\tdata-mp4=\"\/\/raytech.it\/slidepage\/video-ready-box.mp4\"\n\t\t\t\t\t\t\t\tdata-frame_0=\"tp:600;\"\n\t\t\t\t\t\t\t\tdata-frame_1=\"tp:600;e:power2.inOut;st:500;\"\n\t\t\t\t\t\t\t\tdata-frame_999=\"o:0;tp:600;e:nothing;st:w;\"\n\t\t\t\t\t\t\t\tstyle=\"z-index:5;\"\n\t\t\t\t\t\t\t>\n\t\t\t\t\t\t\t<\/rs-layer><!--\n\n\t\t\t\t\t\t\t--><rs-layer\n\t\t\t\t\t\t\t\tid=\"slider-14-slide-147-layer-3\" \n\t\t\t\t\t\t\t\tclass=\"rs-fsv rs-layer-video intrinsic-ignore\"\n\t\t\t\t\t\t\t\tdata-type=\"video\"\n\t\t\t\t\t\t\t\tdata-rsp_ch=\"on\"\n\t\t\t\t\t\t\t\tdata-xy=\"x:0;y:0;\"\n\t\t\t\t\t\t\t\tdata-text=\"l:22;\"\n\t\t\t\t\t\t\t\tdata-dim=\"w:100%;h:100%;\"\n\t\t\t\t\t\t\t\tdata-basealign=\"slide\"\n\t\t\t\t\t\t\t\tdata-video=\"twa:false;vd:100;rwd:f;fc:true;l:loop;ptimer:true;nse:f;\"\n\t\t\t\t\t\t\t\tdata-ytid=\"sbQCugM4nZU\"\n\t\t\t\t\t\t\t\tdata-vatr=\"version=3&amp;enablejsapi=1&amp;html5=1&amp;hd=1&amp;wmode=opaque&amp;showinfo=0&amp;rel=0&amp;origin=https:\/\/www.raytech.it;\"\n\t\t\t\t\t\t\t\tdata-frame_0=\"tp:600;\"\n\t\t\t\t\t\t\t\tdata-frame_1=\"tp:600;e:power2.inOut;st:500;\"\n\t\t\t\t\t\t\t\tdata-frame_999=\"o:0;tp:600;e:nothing;st:w;\"\n\t\t\t\t\t\t\t\tdata-loop_999=\"sp:4000;yym:t;yys:t;yyf:t;\"\n\t\t\t\t\t\t\t\tstyle=\"z-index:6;\"\n\t\t\t\t\t\t\t>\n\t\t\t\t\t\t\t<\/rs-layer><!--\n-->\t\t\t\t\t<\/rs-slide>\n\t\t\t\t\t<\/rs-slides>\n\t\t\t\t<\/rs-module>\n\t\t\t\t<script>\n\t\t\t\t\tsetREVStartSize({c: 'rev_slider_14_1',rl:[1240,1024,778,480],el:[],gw:[1920],gh:[1080],type:'standard',justify:'',layout:'fullwidth',mh:\"0\"});if (window.RS_MODULES!==undefined && window.RS_MODULES.modules!==undefined && window.RS_MODULES.modules[\"revslider141\"]!==undefined) {window.RS_MODULES.modules[\"revslider141\"].once = false;window.revapi14 = undefined;if (window.RS_MODULES.checkMinimal!==undefined) window.RS_MODULES.checkMinimal()}\n\t\t\t\t<\/script>\n\t\t\t<\/rs-module-wrap>\n\t\t\t<!-- END REVOLUTION SLIDER -->\n[\/vc_column][\/vc_row][vc_row full_width=\u00a0\u00bbstretch_row\u00a0\u00bb row_type=\u00a0\u00bb2&Prime; blox_class=\u00a0\u00bbreadybox-header\u00a0\u00bb css=\u00a0\u00bb.vc_custom_1566459011051{margin-top: 35px !important;background-color: #c8d2d9 !important;}\u00a0\u00bb][vc_column width=\u00a0\u00bb1\/4&Prime; css=\u00a0\u00bb.vc_custom_1566458984983{padding-top: 0px !important;}\u00a0\u00bb][vc_single_image image=\u00a0\u00bb11761&Prime; img_size=\u00a0\u00bbfull\u00a0\u00bb alignment=\u00a0\u00bbcenter\u00a0\u00bb][\/vc_column][vc_column width=\u00a0\u00bb3\/4&Prime; css=\u00a0\u00bb.vc_custom_1566458996840{padding-top: 0px !important;}\u00a0\u00bb][vc_column_text css=\u00a0\u00bb.vc_custom_1566463209484{margin-top: 50px !important;padding-bottom: 10px !important;}\u00a0\u00bb]<\/p>\n<h2 style=\"font-family: 'lato', sans-serif; font-size: 32px; letter-spacing: 0.2px; line-height: normal !important; color: #004f81;\">La boite de jonction a 4 entr\u00e9es avec presse-\u00e9toupes, d\u00e9j\u00e0 pr\u00e9-remplie avec du gel et compl\u00e8te de syst\u00e8me de connexion pour c\u00e2bles pentapolaires jusqu\u2019\u00e0 un diam\u00e8tre de 16mm.<\/h2>\n<p>[\/vc_column_text][\/vc_column][\/vc_row][vc_row row_type=\u00a0\u00bb1&Prime;][vc_column][vc_single_image image=\u00a0\u00bb11930&Prime; img_size=\u00a0\u00bbfull\u00a0\u00bb alignment=\u00a0\u00bbcenter\u00a0\u00bb][\/vc_column][\/vc_row][vc_row row_type=\u00a0\u00bb1&Prime;][vc_column][vc_column_text css=\u00a0\u00bb.vc_custom_1566462772793{padding-top: 40px !important;padding-bottom: 20px !important;}\u00a0\u00bb]<\/p>\n<p style=\"text-align: center; font-family: 'lato', sans-serif; font-size: 44px; line-height: normal !important; color: #004f81;\">Pre\u0302te a\u0300 l\u2019usage, elle peut e\u0302tre installe\u0301e dans tout type d\u2019environnement<\/p>\n<p>[\/vc_column_text][\/vc_column][\/vc_row][vc_row full_width=\u00a0\u00bbstretch_row_content_no_spaces\u00a0\u00bb row_type=\u00a0\u00bb1&Prime;][vc_column][vc_single_image image=\u00a0\u00bb11972&Prime; img_size=\u00a0\u00bbfull\u00a0\u00bb alignment=\u00a0\u00bbcenter\u00a0\u00bb][\/vc_column][\/vc_row][vc_row full_width=\u00a0\u00bbstretch_row\u00a0\u00bb row_type=\u00a0\u00bb2&Prime; blox_image=\u00a0\u00bb11032&Prime; blox_class=\u00a0\u00bbreadybox-sezione-box\u00a0\u00bb el_class=\u00a0\u00bbreadybox-block-3&Prime; css=\u00a0\u00bb.vc_custom_1566459368446{background-image: url(https:\/\/www.raytech.it\/wp-content\/uploads\/sfondo.jpg?id=11032) !important;}\u00a0\u00bb][vc_column width=\u00a0\u00bb1\/3&Prime;][vc_column_text]<\/p>\n<p class=\"titolo-caratteristiche\"><em>Re\u0301volutionnaire<\/em>!<\/p>\n<ul class=\"lista-caratteristiche\">\n<li>Pr\u00eate \u00e0 l\u2019usage, elle peut \u00eatre install\u00e9e dans tout type d\u2019environnement<\/li>\n<li>Convient \u00e9galement \u00e0 des environnements humides ou immerg\u00e9s<\/li>\n<li>Toujours r\u00e9accessible<\/li>\n<li>D\u00e9j\u00e0 pr\u00e9-remplie en gel. Pas toxique et pas classifi\u00e9e comme dangereuse selon la Directive CLP<\/li>\n<li>Entr\u00e9es pr\u00e9-filet\u00e9es pour le positionnement des presse-\u00e9toupes<\/li>\n<li>Fermeture \u00e0 d\u00e9clic, sans utiliser de vis<\/li>\n<li>Syst\u00e8me de fixation au paroi ou au plafond ext\u00e9rieur<\/li>\n<li>Sans halog\u00e8nes &amp; r\u00e9sistante aux UV<\/li>\n<li>Sans date de p\u00e9remption<\/li>\n<\/ul>\n<p>[\/vc_column_text][vc_btn title=\u00a0\u00bbD\u00c9COUVREZ READY BOX\u00a0\u00bb style=\u00a0\u00bbcustom\u00a0\u00bb custom_background=\u00a0\u00bb#e30613&Prime; custom_text=\u00a0\u00bb#ffffff\u00a0\u00bb shape=\u00a0\u00bbsquare\u00a0\u00bb i_align=\u00a0\u00bbright\u00a0\u00bb i_icon_fontawesome=\u00a0\u00bbfa fa-angle-right\u00a0\u00bb add_icon=\u00a0\u00bbtrue\u00a0\u00bb link=\u00a0\u00bburl:https%3A%2F%2Fwww.raytech.it%2Fproduit%2Fbasse-tension%2Fjonction%2Fpre-remplis%2Fready-box-ip68%3Flang%3Dfr|||\u00a0\u00bb css=\u00a0\u00bb.vc_custom_1566462933680{margin-top: 30px !important;}\u00a0\u00bb][\/vc_column][vc_column width=\u00a0\u00bb2\/3&Prime; css=\u00a0\u00bb.vc_custom_1511281523451{margin-top: 0px !important;}\u00a0\u00bb][vc_column_text]<img loading=\"lazy\" decoding=\"async\" class=\"alignleft size-full wp-image-11173\" src=\"http:\/\/raytech.it\/wp-content\/uploads\/PACK-3D-1.png\" alt=\"Ready Box - Scatola\" width=\"750\" height=\"514\" srcset=\"https:\/\/www.raytech.it\/wp-content\/uploads\/PACK-3D-1.png 750w, https:\/\/www.raytech.it\/wp-content\/uploads\/PACK-3D-1-300x206.png 300w\" sizes=\"auto, (max-width:767px) 480px, 750px\" \/>[\/vc_column_text][\/vc_column][\/vc_row][vc_row row_type=\u00a0\u00bb1&Prime;][vc_column][vc_row_inner css=\u00a0\u00bb.vc_custom_1511197644010{background-color: #ffffff !important;}\u00a0\u00bb][vc_column_inner width=\u00a0\u00bb1\/6&Prime; css=\u00a0\u00bb.vc_custom_1511197714126{background-color: #ffffff !important;}\u00a0\u00bb][\/vc_column_inner][vc_column_inner width=\u00a0\u00bb2\/3&Prime; css=\u00a0\u00bb.vc_custom_1513010037002{margin-top: 30px !important;}\u00a0\u00bb][vc_column_text]<\/p>\n<h1 style=\"text-align: center;\">READY BOX IP68<\/h1>\n<p style=\"text-align: center;\"><img loading=\"lazy\" decoding=\"async\" class=\"alignleft size-full wp-image-12128\" src=\"https:\/\/www.raytech.it\/wp-content\/uploads\/foto-1-fra.jpg\" alt=\"\" width=\"1005\" height=\"587\" srcset=\"https:\/\/www.raytech.it\/wp-content\/uploads\/foto-1-fra.jpg 1005w, https:\/\/www.raytech.it\/wp-content\/uploads\/foto-1-fra-300x175.jpg 300w, https:\/\/www.raytech.it\/wp-content\/uploads\/foto-1-fra-768x449.jpg 768w\" sizes=\"auto, (max-width:767px) 480px, (max-width:1005px) 100vw, 1005px\" \/><\/p>\n<p>[\/vc_column_text][\/vc_column_inner][vc_column_inner width=\u00a0\u00bb1\/6&Prime;][\/vc_column_inner][\/vc_row_inner][vc_row_inner][vc_column_inner width=\u00a0\u00bb1\/6&Prime; css=\u00a0\u00bb.vc_custom_1511197797868{background-color: #ffffff !important;}\u00a0\u00bb][\/vc_column_inner][vc_column_inner width=\u00a0\u00bb1\/3&Prime;][vc_column_text]<\/p>\n<p style=\"text-align: center;\"><img loading=\"lazy\" decoding=\"async\" class=\"alignleft size-full wp-image-12014\" src=\"https:\/\/www.raytech.it\/wp-content\/uploads\/foto-2-fr.jpg\" alt=\"\" width=\"463\" height=\"400\" srcset=\"https:\/\/www.raytech.it\/wp-content\/uploads\/foto-2-fr.jpg 463w, https:\/\/www.raytech.it\/wp-content\/uploads\/foto-2-fr-300x259.jpg 300w\" sizes=\"auto, (max-width:767px) 463px, 463px\" \/><\/p>\n<p>[\/vc_column_text][\/vc_column_inner][vc_column_inner width=\u00a0\u00bb1\/3&Prime;][vc_column_text]<\/p>\n<p style=\"text-align: center;\"><img loading=\"lazy\" decoding=\"async\" class=\"alignleft size-full wp-image-12056\" src=\"https:\/\/www.raytech.it\/wp-content\/uploads\/foto-3-fr.jpg\" alt=\"\" width=\"463\" height=\"400\" srcset=\"https:\/\/www.raytech.it\/wp-content\/uploads\/foto-3-fr.jpg 463w, https:\/\/www.raytech.it\/wp-content\/uploads\/foto-3-fr-300x259.jpg 300w\" sizes=\"auto, (max-width:767px) 463px, 463px\" \/><\/p>\n<p>[\/vc_column_text][\/vc_column_inner][vc_column_inner width=\u00a0\u00bb1\/6&Prime; css=\u00a0\u00bb.vc_custom_1511197786962{background-color: #ffffff !important;}\u00a0\u00bb][\/vc_column_inner][\/vc_row_inner][\/vc_column][\/vc_row][vc_row full_width=\u00a0\u00bbstretch_row_content_no_spaces\u00a0\u00bb row_type=\u00a0\u00bb1&Prime;][vc_column][vc_column_text css=\u00a0\u00bb.vc_custom_1566463060741{padding-top: 40px !important;padding-bottom: 20px !important;}\u00a0\u00bb]<\/p>\n<p style=\"text-align: center; font-family: 'lato', sans-serif; font-size: 40px; line-height: 1em !important; color: #004f81; padding: 20px 0; background-color: #c8d2d9;\">Pre\u0302te, su\u0302re, tre\u0300s rapide et innovative<\/p>\n<p>[\/vc_column_text][\/vc_column][\/vc_row][vc_row row_type=\u00a0\u00bb2&Prime; blox_bg_position=\u00a0\u00bbcenter bottom\u00a0\u00bb blox_cover=\u00a0\u00bbfalse\u00a0\u00bb blox_bgcolor=\u00a0\u00bb#ffffff\u00a0\u00bb css=\u00a0\u00bb.vc_custom_1566459834478{padding-bottom: 30px !important;}\u00a0\u00bb][vc_column][vc_column_text]<img loading=\"lazy\" decoding=\"async\" class=\"alignleft size-full wp-image-12164\" src=\"https:\/\/www.raytech.it\/wp-content\/uploads\/ready-box-box-content-fra.jpg\" alt=\"\" width=\"1006\" height=\"504\" srcset=\"https:\/\/www.raytech.it\/wp-content\/uploads\/ready-box-box-content-fra.jpg 1006w, https:\/\/www.raytech.it\/wp-content\/uploads\/ready-box-box-content-fra-300x150.jpg 300w, https:\/\/www.raytech.it\/wp-content\/uploads\/ready-box-box-content-fra-768x385.jpg 768w\" sizes=\"auto, (max-width:767px) 480px, (max-width:1006px) 100vw, 1006px\" \/>[\/vc_column_text][\/vc_column][\/vc_row]<\/p>\n<\/div>","protected":false},"excerpt":{"rendered":"<p>[vc_row][vc_column][vc_raw_html]JTNDc3R5bGUlM0UlMEElMjNtYWluLWNvbnRlbnQuY29udGFpbmVyJTIwJTdCJTBBJTIwJTIwJTIwJTIwcGFkZGluZy10b3AlM0ElMjAwJTIwJTIxaW1wb3J0YW50JTNCJTBBJTdEJTBBJTNDJTJGc3R5bGUlM0U=[\/vc_raw_html][\/vc_column][\/vc_row][vc_row full_width=\u00a0\u00bbstretch_row\u00a0\u00bb row_type=\u00a0\u00bb2&Prime; blox_class=\u00a0\u00bbreadybox-header\u00a0\u00bb css=\u00a0\u00bb.vc_custom_1566459011051{margin-top: 35px !important;background-color: #c8d2d9 !important;}\u00a0\u00bb][vc_column width=\u00a0\u00bb1\/4&Prime; css=\u00a0\u00bb.vc_custom_1566458984983{padding-top: 0px !important;}\u00a0\u00bb][vc_single_image image=\u00a0\u00bb11761&Prime; img_size=\u00a0\u00bbfull\u00a0\u00bb alignment=\u00a0\u00bbcenter\u00a0\u00bb][\/vc_column][vc_column width=\u00a0\u00bb3\/4&Prime; css=\u00a0\u00bb.vc_custom_1566458996840{padding-top: 0px !important;}\u00a0\u00bb][vc_column_text css=\u00a0\u00bb.vc_custom_1566463209484{margin-top: 50px !important;padding-bottom: 10px !important;}\u00a0\u00bb] La boite de jonction a<span class=\"excerpt-hellip\"> [\u2026]<\/span><\/p>\n","protected":false},"author":1,"featured_media":0,"parent":0,"menu_order":0,"comment_status":"closed","ping_status":"closed","template":"","meta":{"footnotes":""},"class_list":["post-12097","page","type-page","status-publish","hentry"],"yoast_head":"<!-- This site is optimized with the Yoast SEO plugin v26.5 - https:\/\/yoast.com\/wordpress\/plugins\/seo\/ -->\n<title>Ready Box IP68 | Cassetta di giunzione per cavi elettrici pentapolari<\/title>\n<meta name=\"description\" content=\"Cassetta di giunzione Raytech Ready Box a 4 ingressi preriempita in gel, con morsettiera integrata e pressacavi per cavi pentapolari fino a 16 mm\" \/>\n<meta name=\"robots\" content=\"index, follow, max-snippet:-1, max-image-preview:large, max-video-preview:-1\" \/>\n<link rel=\"canonical\" href=\"https:\/\/www.raytech.it\/fr\/ready-box\" \/>\n<meta property=\"og:locale\" content=\"fr_FR\" \/>\n<meta property=\"og:type\" content=\"article\" \/>\n<meta property=\"og:title\" content=\"Ready Box IP68 | Cassetta di giunzione per cavi elettrici pentapolari\" \/>\n<meta property=\"og:description\" content=\"Cassetta di giunzione Raytech Ready Box a 4 ingressi preriempita in gel, con morsettiera integrata e pressacavi per cavi pentapolari fino a 16 mm\" \/>\n<meta property=\"og:url\" content=\"https:\/\/www.raytech.it\/fr\/ready-box\" \/>\n<meta property=\"og:site_name\" content=\"Raytech\" \/>\n<meta property=\"article:publisher\" content=\"https:\/\/www.facebook.com\/RaytechItaly\" \/>\n<meta property=\"article:modified_time\" content=\"2019-08-22T08:31:47+00:00\" \/>\n<meta property=\"og:image\" content=\"http:\/\/raytech.it\/wp-content\/uploads\/PACK-3D-1.png\" \/>\n<meta name=\"twitter:card\" content=\"summary_large_image\" \/>\n<meta name=\"twitter:label1\" content=\"Dur\u00e9e de lecture estim\u00e9e\" \/>\n\t<meta name=\"twitter:data1\" content=\"3 minutes\" \/>\n<script type=\"application\/ld+json\" class=\"yoast-schema-graph\">{\"@context\":\"https:\/\/schema.org\",\"@graph\":[{\"@type\":\"WebPage\",\"@id\":\"https:\/\/www.raytech.it\/fr\/ready-box\",\"url\":\"https:\/\/www.raytech.it\/fr\/ready-box\",\"name\":\"Ready Box IP68 | Cassetta di giunzione per cavi elettrici pentapolari\",\"isPartOf\":{\"@id\":\"https:\/\/www.raytech.it\/#website\"},\"primaryImageOfPage\":{\"@id\":\"https:\/\/www.raytech.it\/fr\/ready-box#primaryimage\"},\"image\":{\"@id\":\"https:\/\/www.raytech.it\/fr\/ready-box#primaryimage\"},\"thumbnailUrl\":\"http:\/\/raytech.it\/wp-content\/uploads\/PACK-3D-1.png\",\"datePublished\":\"2017-11-21T10:08:41+00:00\",\"dateModified\":\"2019-08-22T08:31:47+00:00\",\"description\":\"Cassetta di giunzione Raytech Ready Box a 4 ingressi preriempita in gel, con morsettiera integrata e pressacavi per cavi pentapolari fino a 16 mm\",\"breadcrumb\":{\"@id\":\"https:\/\/www.raytech.it\/fr\/ready-box#breadcrumb\"},\"inLanguage\":\"fr-FR\",\"potentialAction\":[{\"@type\":\"ReadAction\",\"target\":[\"https:\/\/www.raytech.it\/fr\/ready-box\"]}]},{\"@type\":\"ImageObject\",\"inLanguage\":\"fr-FR\",\"@id\":\"https:\/\/www.raytech.it\/fr\/ready-box#primaryimage\",\"url\":\"http:\/\/raytech.it\/wp-content\/uploads\/PACK-3D-1.png\",\"contentUrl\":\"http:\/\/raytech.it\/wp-content\/uploads\/PACK-3D-1.png\"},{\"@type\":\"BreadcrumbList\",\"@id\":\"https:\/\/www.raytech.it\/fr\/ready-box#breadcrumb\",\"itemListElement\":[{\"@type\":\"ListItem\",\"position\":1,\"name\":\"Home\",\"item\":\"https:\/\/www.raytech.it\/fr\"},{\"@type\":\"ListItem\",\"position\":2,\"name\":\"Ready Box\"}]},{\"@type\":\"WebSite\",\"@id\":\"https:\/\/www.raytech.it\/#website\",\"url\":\"https:\/\/www.raytech.it\/\",\"name\":\"Raytech\",\"description\":\"Cable accessories company\",\"publisher\":{\"@id\":\"https:\/\/www.raytech.it\/#organization\"},\"potentialAction\":[{\"@type\":\"SearchAction\",\"target\":{\"@type\":\"EntryPoint\",\"urlTemplate\":\"https:\/\/www.raytech.it\/?s={search_term_string}\"},\"query-input\":{\"@type\":\"PropertyValueSpecification\",\"valueRequired\":true,\"valueName\":\"search_term_string\"}}],\"inLanguage\":\"fr-FR\"},{\"@type\":\"Organization\",\"@id\":\"https:\/\/www.raytech.it\/#organization\",\"name\":\"Raytech\",\"url\":\"https:\/\/www.raytech.it\/\",\"logo\":{\"@type\":\"ImageObject\",\"inLanguage\":\"fr-FR\",\"@id\":\"https:\/\/www.raytech.it\/#\/schema\/logo\/image\/\",\"url\":\"https:\/\/www.raytech.it\/wp-content\/uploads\/logo-raytech-2019-retina-3.png\",\"contentUrl\":\"https:\/\/www.raytech.it\/wp-content\/uploads\/logo-raytech-2019-retina-3.png\",\"width\":340,\"height\":90,\"caption\":\"Raytech\"},\"image\":{\"@id\":\"https:\/\/www.raytech.it\/#\/schema\/logo\/image\/\"},\"sameAs\":[\"https:\/\/www.facebook.com\/RaytechItaly\",\"https:\/\/www.instagram.com\/raytech_italy\/\",\"https:\/\/www.youtube.com\/user\/raytechitaly\",\"https:\/\/twitter.com\/Raytech_Italy\"]}]}<\/script>\n<!-- \/ Yoast SEO plugin. -->","yoast_head_json":{"title":"Ready Box IP68 | Cassetta di giunzione per cavi elettrici pentapolari","description":"Cassetta di giunzione Raytech Ready Box a 4 ingressi preriempita in gel, con morsettiera integrata e pressacavi per cavi pentapolari fino a 16 mm","robots":{"index":"index","follow":"follow","max-snippet":"max-snippet:-1","max-image-preview":"max-image-preview:large","max-video-preview":"max-video-preview:-1"},"canonical":"https:\/\/www.raytech.it\/fr\/ready-box","og_locale":"fr_FR","og_type":"article","og_title":"Ready Box IP68 | Cassetta di giunzione per cavi elettrici pentapolari","og_description":"Cassetta di giunzione Raytech Ready Box a 4 ingressi preriempita in gel, con morsettiera integrata e pressacavi per cavi pentapolari fino a 16 mm","og_url":"https:\/\/www.raytech.it\/fr\/ready-box","og_site_name":"Raytech","article_publisher":"https:\/\/www.facebook.com\/RaytechItaly","article_modified_time":"2019-08-22T08:31:47+00:00","og_image":[{"url":"http:\/\/raytech.it\/wp-content\/uploads\/PACK-3D-1.png","type":"","width":"","height":""}],"twitter_card":"summary_large_image","twitter_misc":{"Dur\u00e9e de lecture estim\u00e9e":"3 minutes"},"schema":{"@context":"https:\/\/schema.org","@graph":[{"@type":"WebPage","@id":"https:\/\/www.raytech.it\/fr\/ready-box","url":"https:\/\/www.raytech.it\/fr\/ready-box","name":"Ready Box IP68 | Cassetta di giunzione per cavi elettrici pentapolari","isPartOf":{"@id":"https:\/\/www.raytech.it\/#website"},"primaryImageOfPage":{"@id":"https:\/\/www.raytech.it\/fr\/ready-box#primaryimage"},"image":{"@id":"https:\/\/www.raytech.it\/fr\/ready-box#primaryimage"},"thumbnailUrl":"http:\/\/raytech.it\/wp-content\/uploads\/PACK-3D-1.png","datePublished":"2017-11-21T10:08:41+00:00","dateModified":"2019-08-22T08:31:47+00:00","description":"Cassetta di giunzione Raytech Ready Box a 4 ingressi preriempita in gel, con morsettiera integrata e pressacavi per cavi pentapolari fino a 16 mm","breadcrumb":{"@id":"https:\/\/www.raytech.it\/fr\/ready-box#breadcrumb"},"inLanguage":"fr-FR","potentialAction":[{"@type":"ReadAction","target":["https:\/\/www.raytech.it\/fr\/ready-box"]}]},{"@type":"ImageObject","inLanguage":"fr-FR","@id":"https:\/\/www.raytech.it\/fr\/ready-box#primaryimage","url":"http:\/\/raytech.it\/wp-content\/uploads\/PACK-3D-1.png","contentUrl":"http:\/\/raytech.it\/wp-content\/uploads\/PACK-3D-1.png"},{"@type":"BreadcrumbList","@id":"https:\/\/www.raytech.it\/fr\/ready-box#breadcrumb","itemListElement":[{"@type":"ListItem","position":1,"name":"Home","item":"https:\/\/www.raytech.it\/fr"},{"@type":"ListItem","position":2,"name":"Ready Box"}]},{"@type":"WebSite","@id":"https:\/\/www.raytech.it\/#website","url":"https:\/\/www.raytech.it\/","name":"Raytech","description":"Cable accessories company","publisher":{"@id":"https:\/\/www.raytech.it\/#organization"},"potentialAction":[{"@type":"SearchAction","target":{"@type":"EntryPoint","urlTemplate":"https:\/\/www.raytech.it\/?s={search_term_string}"},"query-input":{"@type":"PropertyValueSpecification","valueRequired":true,"valueName":"search_term_string"}}],"inLanguage":"fr-FR"},{"@type":"Organization","@id":"https:\/\/www.raytech.it\/#organization","name":"Raytech","url":"https:\/\/www.raytech.it\/","logo":{"@type":"ImageObject","inLanguage":"fr-FR","@id":"https:\/\/www.raytech.it\/#\/schema\/logo\/image\/","url":"https:\/\/www.raytech.it\/wp-content\/uploads\/logo-raytech-2019-retina-3.png","contentUrl":"https:\/\/www.raytech.it\/wp-content\/uploads\/logo-raytech-2019-retina-3.png","width":340,"height":90,"caption":"Raytech"},"image":{"@id":"https:\/\/www.raytech.it\/#\/schema\/logo\/image\/"},"sameAs":["https:\/\/www.facebook.com\/RaytechItaly","https:\/\/www.instagram.com\/raytech_italy\/","https:\/\/www.youtube.com\/user\/raytechitaly","https:\/\/twitter.com\/Raytech_Italy"]}]}},"_links":{"self":[{"href":"https:\/\/www.raytech.it\/fr\/wp-json\/wp\/v2\/pages\/12097","targetHints":{"allow":["GET"]}}],"collection":[{"href":"https:\/\/www.raytech.it\/fr\/wp-json\/wp\/v2\/pages"}],"about":[{"href":"https:\/\/www.raytech.it\/fr\/wp-json\/wp\/v2\/types\/page"}],"author":[{"embeddable":true,"href":"https:\/\/www.raytech.it\/fr\/wp-json\/wp\/v2\/users\/1"}],"replies":[{"embeddable":true,"href":"https:\/\/www.raytech.it\/fr\/wp-json\/wp\/v2\/comments?post=12097"}],"version-history":[{"count":0,"href":"https:\/\/www.raytech.it\/fr\/wp-json\/wp\/v2\/pages\/12097\/revisions"}],"wp:attachment":[{"href":"https:\/\/www.raytech.it\/fr\/wp-json\/wp\/v2\/media?parent=12097"}],"curies":[{"name":"wp","href":"https:\/\/api.w.org\/{rel}","templated":true}]}}