{"id":13979,"date":"2018-11-23T08:42:00","date_gmt":"2018-11-23T08:42:00","guid":{"rendered":"http:\/\/raytech.it?page_id=13979"},"modified":"2021-02-17T16:24:12","modified_gmt":"2021-02-17T15:24:12","slug":"magic-gel-sprint-landing","status":"publish","type":"page","link":"https:\/\/www.raytech.it\/fr\/magic-gel-sprint-landing","title":{"rendered":"Magic Gel Sprint"},"content":{"rendered":"<div class=\"wpb-content-wrapper\"><p>[vc_row full_width=\u00a0\u00bbstretch_row_content_no_spaces\u00a0\u00bb][vc_column][vc_raw_html]JTNDc3R5bGUlM0UlMEEudGhlX2NvbnRlbnRfd3JhcHBlciUyMHVsJTIwbGklMjAlN0IlMjBtYXJnaW4tYm90dG9tJTNBJTIwMCUzQiUyMCU3RCUyMCUwQSUzQyUyRnN0eWxlJTNF[\/vc_raw_html][vc_video link=\u00a0\u00bbhttps:\/\/youtu.be\/xI52y7UQo6M\u00a0\u00bb align=\u00a0\u00bbcenter\u00a0\u00bb][\/vc_column][\/vc_row][vc_row css=\u00a0\u00bb.vc_custom_1566402928637{padding-bottom: 30px !important;}\u00a0\u00bb][vc_column][vc_custom_heading text=\u00a0\u00bbMAGIC GEL SPRINT LINE\u00a0\u00bb font_container=\u00a0\u00bbtag:h1|font_size:50px|text_align:center|color:%23292929|line_height:56px\u00a0\u00bb use_theme_fonts=\u00a0\u00bbyes\u00a0\u00bb css=\u00a0\u00bb.vc_custom_1613483869616{padding-top: 30px !important;}\u00a0\u00bb][vc_custom_heading text=\u00a0\u00bbGel isolant d&rsquo;\u00e9tanch\u00e9it\u00e9<br \/>\n\u00a0\u00bb font_container=\u00a0\u00bbtag:h2|font_size:44px|text_align:center|color:%23292929|line_height:50px\u00a0\u00bb use_theme_fonts=\u00a0\u00bbyes\u00a0\u00bb][vc_column_text]<\/p>\n<p style=\"font-size: 20px; text-align: center;\">Magic Gel Sprint, gel isolant d\u2019\u00e9tanch\u00e9it\u00e9 pour la protection des connexions \u00e9lectriques, est formul\u00e9 pour une polym\u00e9risation ultra rapide directement dans la bouteille et il combine les caract\u00e9ristiques di\u00e9lectrique, d&rsquo;\u00e9tanch\u00e9it\u00e9 et thermique qui ont fait Magic Gel le scellant le plus populaire pour les installateurs depuis 2005, avec la facilit\u00e9 d&rsquo;utilisation et avec un accent sur la durabilit\u00e9.<\/p>\n<p>[\/vc_column_text][\/vc_column][\/vc_row][vc_row gap=\u00a0\u00bb20&Prime; content_placement=\u00a0\u00bbtop\u00a0\u00bb css=\u00a0\u00bb.vc_custom_1613487169120{border-top-width: 1px !important;border-right-width: 1px !important;border-bottom-width: 1px !important;border-left-width: 1px !important;background-color: #ffffff !important;border-left-color: #cccccc !important;border-left-style: solid !important;border-right-color: #cccccc !important;border-right-style: solid !important;border-top-color: #cccccc !important;border-top-style: solid !important;border-bottom-color: #cccccc !important;border-bottom-style: solid !important;}\u00a0\u00bb][vc_column css=\u00a0\u00bb.vc_custom_1613488297655{padding-top: 0px !important;padding-bottom: 0px !important;}\u00a0\u00bb][vc_row_inner gap=\u00a0\u00bb20&Prime;][vc_column_inner width=\u00a0\u00bb1\/3&Prime;][vc_single_image image=\u00a0\u00bb25879&Prime; img_size=\u00a0\u00bbfull\u00a0\u00bb add_caption=\u00a0\u00bbyes\u00a0\u00bb alignment=\u00a0\u00bbcenter\u00a0\u00bb onclick=\u00a0\u00bblink_image\u00a0\u00bb][\/vc_column_inner][vc_column_inner width=\u00a0\u00bb2\/3&Prime;][vc_column_text]<\/p>\n<h3>MAGIC GEL SPRINT 450 ML<br \/>\nMAGIC GEL SPRINT 900 ML<\/h3>\n<h4><b>GEL ISOLANT D\u2019\u00c9TANCH\u00c9IT\u00c9<\/b><\/h4>\n<p style=\"font-size: 16px;\">Magic Gel Sprint prot\u00e8ge de la poussi\u00e8re et isole les connexions des effets d&rsquo;une immersion prolong\u00e9e dans l&rsquo;eau d\u00e8s lors qu\u2019il est coul\u00e9 dans des contenants prot\u00e9g\u00e9s de la p\u00e9n\u00e9tration de corps solides.<\/p>\n<ul style=\"font-size: 16px;\">\n<li>Ref.: <strong>MAGICSPRINT450<\/strong><\/li>\n<li>Ref.: <strong>MAGICSPRINT900<\/strong><\/li>\n<\/ul>\n<p>[\/vc_column_text][\/vc_column_inner][\/vc_row_inner][vc_row_inner css=\u00a0\u00bb.vc_custom_1613487994507{margin-bottom: 30px !important;}\u00a0\u00bb][vc_column_inner css=\u00a0\u00bb.vc_custom_1613488737581{margin-top: 0px !important;padding-top: 0px !important;padding-bottom: 0px !important;}\u00a0\u00bb][vc_btn title=\u00a0\u00bbDownload brochure\u00a0\u00bb style=\u00a0\u00bbcustom\u00a0\u00bb custom_background=\u00a0\u00bb#e30613&Prime; custom_text=\u00a0\u00bb#ffffff\u00a0\u00bb shape=\u00a0\u00bbsquare\u00a0\u00bb size=\u00a0\u00bblg\u00a0\u00bb align=\u00a0\u00bbright\u00a0\u00bb i_align=\u00a0\u00bbright\u00a0\u00bb i_icon_fontawesome=\u00a0\u00bbfa fa-angle-right\u00a0\u00bb add_icon=\u00a0\u00bbtrue\u00a0\u00bb link=\u00a0\u00bburl:https%3A%2F%2Fwww.raytech.it%2Fbrochure%2Ffr%2Fmagicgel-sprint-fr.pdf|title:Download%20brochure|target:%20_blank|\u00a0\u00bb css=\u00a0\u00bb.vc_custom_1613496338226{margin-top: 0px !important;}\u00a0\u00bb][\/vc_column_inner][\/vc_row_inner][\/vc_column][\/vc_row][vc_row gap=\u00a0\u00bb20&Prime; content_placement=\u00a0\u00bbtop\u00a0\u00bb css=\u00a0\u00bb.vc_custom_1613489056632{margin-top: 40px !important;margin-bottom: 40px !important;border-top-width: 1px !important;border-right-width: 1px !important;border-bottom-width: 1px !important;border-left-width: 1px !important;background-color: #ffffff !important;border-left-color: #cccccc !important;border-left-style: solid !important;border-right-color: #cccccc !important;border-right-style: solid !important;border-top-color: #cccccc !important;border-top-style: solid !important;border-bottom-color: #cccccc !important;border-bottom-style: solid !important;}\u00a0\u00bb][vc_column css=\u00a0\u00bb.vc_custom_1613488297655{padding-top: 0px !important;padding-bottom: 0px !important;}\u00a0\u00bb][vc_row_inner gap=\u00a0\u00bb20&Prime;][vc_column_inner width=\u00a0\u00bb1\/3&Prime;][vc_single_image image=\u00a0\u00bb25886&Prime; img_size=\u00a0\u00bbfull\u00a0\u00bb add_caption=\u00a0\u00bbyes\u00a0\u00bb alignment=\u00a0\u00bbcenter\u00a0\u00bb onclick=\u00a0\u00bblink_image\u00a0\u00bb][\/vc_column_inner][vc_column_inner width=\u00a0\u00bb2\/3&Prime;][vc_column_text]<\/p>\n<h3>MAGIC GEL SPRINT BOX100<\/h3>\n<h4><b>KIT IP68<\/b><\/h4>\n<p style=\"font-size: 16px;\">Kit de connexion compos\u00e9 de gel isolant d\u2019\u00e9tanch\u00e9it\u00e9 MAGIC GEL SPRINT, bo\u00eetier IP55 dimensions 100x100x50 mm et 3 presse-\u00e9toupes.<\/p>\n<ul style=\"font-size: 16px;\">\n<li>Ref.: <strong>MAGICSPRINTBOX1<\/strong><\/li>\n<\/ul>\n<p>[\/vc_column_text][\/vc_column_inner][\/vc_row_inner][vc_row_inner css=\u00a0\u00bb.vc_custom_1613487994507{margin-bottom: 30px !important;}\u00a0\u00bb][vc_column_inner css=\u00a0\u00bb.vc_custom_1613488737581{margin-top: 0px !important;padding-top: 0px !important;padding-bottom: 0px !important;}\u00a0\u00bb][vc_btn title=\u00a0\u00bbDownload brochure\u00a0\u00bb style=\u00a0\u00bbcustom\u00a0\u00bb custom_background=\u00a0\u00bb#e30613&Prime; custom_text=\u00a0\u00bb#ffffff\u00a0\u00bb shape=\u00a0\u00bbsquare\u00a0\u00bb size=\u00a0\u00bblg\u00a0\u00bb align=\u00a0\u00bbright\u00a0\u00bb i_align=\u00a0\u00bbright\u00a0\u00bb i_icon_fontawesome=\u00a0\u00bbfa fa-angle-right\u00a0\u00bb add_icon=\u00a0\u00bbtrue\u00a0\u00bb link=\u00a0\u00bburl:https%3A%2F%2Fwww.raytech.it%2Fbrochure%2Ffr%2Fmagicgel-sprint-fr.pdf|title:Download%20brochure|target:%20_blank|\u00a0\u00bb css=\u00a0\u00bb.vc_custom_1613496358555{margin-top: 0px !important;}\u00a0\u00bb][\/vc_column_inner][\/vc_row_inner][\/vc_column][\/vc_row]<\/p>\n<\/div>","protected":false},"excerpt":{"rendered":"<p>[vc_row full_width=\u00a0\u00bbstretch_row_content_no_spaces\u00a0\u00bb][vc_column][vc_raw_html]JTNDc3R5bGUlM0UlMEEudGhlX2NvbnRlbnRfd3JhcHBlciUyMHVsJTIwbGklMjAlN0IlMjBtYXJnaW4tYm90dG9tJTNBJTIwMCUzQiUyMCU3RCUyMCUwQSUzQyUyRnN0eWxlJTNF[\/vc_raw_html][vc_video link=\u00a0\u00bbhttps:\/\/youtu.be\/xI52y7UQo6M\u00a0\u00bb align=\u00a0\u00bbcenter\u00a0\u00bb][\/vc_column][\/vc_row][vc_row css=\u00a0\u00bb.vc_custom_1566402928637{padding-bottom: 30px !important;}\u00a0\u00bb][vc_column][vc_custom_heading text=\u00a0\u00bbMAGIC GEL SPRINT LINE\u00a0\u00bb font_container=\u00a0\u00bbtag:h1|font_size:50px|text_align:center|color:%23292929|line_height:56px\u00a0\u00bb use_theme_fonts=\u00a0\u00bbyes\u00a0\u00bb css=\u00a0\u00bb.vc_custom_1613483869616{padding-top: 30px !important;}\u00a0\u00bb][vc_custom_heading text=\u00a0\u00bbGel isolant d&rsquo;\u00e9tanch\u00e9it\u00e9 \u00a0\u00bb font_container=\u00a0\u00bbtag:h2|font_size:44px|text_align:center|color:%23292929|line_height:50px\u00a0\u00bb use_theme_fonts=\u00a0\u00bbyes\u00a0\u00bb][vc_column_text] Magic Gel Sprint, gel isolant d\u2019\u00e9tanch\u00e9it\u00e9 pour la<span class=\"excerpt-hellip\"> [\u2026]<\/span><\/p>\n","protected":false},"author":1,"featured_media":0,"parent":0,"menu_order":0,"comment_status":"closed","ping_status":"closed","template":"","meta":{"footnotes":""},"class_list":["post-13979","page","type-page","status-publish","hentry"],"yoast_head":"<!-- This site is optimized with the Yoast SEO plugin v26.5 - https:\/\/yoast.com\/wordpress\/plugins\/seo\/ -->\n<title>All in ONE Sealing Gel<\/title>\n<meta name=\"description\" content=\"Raytech Magic Gel Sprint IP68 - Gel isolante a polimerizzazione extra rapida e con particolare attenzione alla sostenibilit\u00e0.\" \/>\n<meta name=\"robots\" content=\"index, follow, max-snippet:-1, max-image-preview:large, max-video-preview:-1\" \/>\n<link rel=\"canonical\" href=\"https:\/\/www.raytech.it\/fr\/magic-gel-sprint-landing\" \/>\n<meta property=\"og:locale\" content=\"fr_FR\" \/>\n<meta property=\"og:type\" content=\"article\" \/>\n<meta property=\"og:title\" content=\"All in ONE Sealing Gel\" \/>\n<meta property=\"og:description\" content=\"Raytech Magic Gel Sprint IP68 - Gel isolante a polimerizzazione extra rapida e con particolare attenzione alla sostenibilit\u00e0.\" \/>\n<meta property=\"og:url\" content=\"https:\/\/www.raytech.it\/fr\/magic-gel-sprint-landing\" \/>\n<meta property=\"og:site_name\" content=\"Raytech\" \/>\n<meta property=\"article:publisher\" content=\"https:\/\/www.facebook.com\/RaytechItaly\" \/>\n<meta property=\"article:modified_time\" content=\"2021-02-17T15:24:12+00:00\" \/>\n<meta property=\"og:image\" content=\"https:\/\/www.raytech.it\/wp-content\/uploads\/logo_raytech.png\" \/>\n\t<meta property=\"og:image:width\" content=\"188\" \/>\n\t<meta property=\"og:image:height\" content=\"101\" \/>\n\t<meta property=\"og:image:type\" content=\"image\/png\" \/>\n<meta name=\"twitter:card\" content=\"summary_large_image\" \/>\n<meta name=\"twitter:label1\" content=\"Dur\u00e9e de lecture estim\u00e9e\" \/>\n\t<meta name=\"twitter:data1\" content=\"3 minutes\" \/>\n<script type=\"application\/ld+json\" class=\"yoast-schema-graph\">{\"@context\":\"https:\/\/schema.org\",\"@graph\":[{\"@type\":\"WebPage\",\"@id\":\"https:\/\/www.raytech.it\/fr\/magic-gel-sprint-landing\",\"url\":\"https:\/\/www.raytech.it\/fr\/magic-gel-sprint-landing\",\"name\":\"All in ONE Sealing Gel\",\"isPartOf\":{\"@id\":\"https:\/\/www.raytech.it\/#website\"},\"datePublished\":\"2018-11-23T08:42:00+00:00\",\"dateModified\":\"2021-02-17T15:24:12+00:00\",\"description\":\"Raytech Magic Gel Sprint IP68 - Gel isolante a polimerizzazione extra rapida e con particolare attenzione alla sostenibilit\u00e0.\",\"breadcrumb\":{\"@id\":\"https:\/\/www.raytech.it\/fr\/magic-gel-sprint-landing#breadcrumb\"},\"inLanguage\":\"fr-FR\",\"potentialAction\":[{\"@type\":\"ReadAction\",\"target\":[\"https:\/\/www.raytech.it\/fr\/magic-gel-sprint-landing\"]}]},{\"@type\":\"BreadcrumbList\",\"@id\":\"https:\/\/www.raytech.it\/fr\/magic-gel-sprint-landing#breadcrumb\",\"itemListElement\":[{\"@type\":\"ListItem\",\"position\":1,\"name\":\"Home\",\"item\":\"https:\/\/www.raytech.it\/fr\"},{\"@type\":\"ListItem\",\"position\":2,\"name\":\"Magic Gel Sprint\"}]},{\"@type\":\"WebSite\",\"@id\":\"https:\/\/www.raytech.it\/#website\",\"url\":\"https:\/\/www.raytech.it\/\",\"name\":\"Raytech\",\"description\":\"Cable accessories company\",\"publisher\":{\"@id\":\"https:\/\/www.raytech.it\/#organization\"},\"potentialAction\":[{\"@type\":\"SearchAction\",\"target\":{\"@type\":\"EntryPoint\",\"urlTemplate\":\"https:\/\/www.raytech.it\/?s={search_term_string}\"},\"query-input\":{\"@type\":\"PropertyValueSpecification\",\"valueRequired\":true,\"valueName\":\"search_term_string\"}}],\"inLanguage\":\"fr-FR\"},{\"@type\":\"Organization\",\"@id\":\"https:\/\/www.raytech.it\/#organization\",\"name\":\"Raytech\",\"url\":\"https:\/\/www.raytech.it\/\",\"logo\":{\"@type\":\"ImageObject\",\"inLanguage\":\"fr-FR\",\"@id\":\"https:\/\/www.raytech.it\/#\/schema\/logo\/image\/\",\"url\":\"https:\/\/www.raytech.it\/wp-content\/uploads\/logo-raytech-2019-retina-3.png\",\"contentUrl\":\"https:\/\/www.raytech.it\/wp-content\/uploads\/logo-raytech-2019-retina-3.png\",\"width\":340,\"height\":90,\"caption\":\"Raytech\"},\"image\":{\"@id\":\"https:\/\/www.raytech.it\/#\/schema\/logo\/image\/\"},\"sameAs\":[\"https:\/\/www.facebook.com\/RaytechItaly\",\"https:\/\/www.instagram.com\/raytech_italy\/\",\"https:\/\/www.youtube.com\/user\/raytechitaly\",\"https:\/\/twitter.com\/Raytech_Italy\"]}]}<\/script>\n<!-- \/ Yoast SEO plugin. -->","yoast_head_json":{"title":"All in ONE Sealing Gel","description":"Raytech Magic Gel Sprint IP68 - Gel isolante a polimerizzazione extra rapida e con particolare attenzione alla sostenibilit\u00e0.","robots":{"index":"index","follow":"follow","max-snippet":"max-snippet:-1","max-image-preview":"max-image-preview:large","max-video-preview":"max-video-preview:-1"},"canonical":"https:\/\/www.raytech.it\/fr\/magic-gel-sprint-landing","og_locale":"fr_FR","og_type":"article","og_title":"All in ONE Sealing Gel","og_description":"Raytech Magic Gel Sprint IP68 - Gel isolante a polimerizzazione extra rapida e con particolare attenzione alla sostenibilit\u00e0.","og_url":"https:\/\/www.raytech.it\/fr\/magic-gel-sprint-landing","og_site_name":"Raytech","article_publisher":"https:\/\/www.facebook.com\/RaytechItaly","article_modified_time":"2021-02-17T15:24:12+00:00","og_image":[{"width":188,"height":101,"url":"https:\/\/www.raytech.it\/wp-content\/uploads\/logo_raytech.png","type":"image\/png"}],"twitter_card":"summary_large_image","twitter_misc":{"Dur\u00e9e de lecture estim\u00e9e":"3 minutes"},"schema":{"@context":"https:\/\/schema.org","@graph":[{"@type":"WebPage","@id":"https:\/\/www.raytech.it\/fr\/magic-gel-sprint-landing","url":"https:\/\/www.raytech.it\/fr\/magic-gel-sprint-landing","name":"All in ONE Sealing Gel","isPartOf":{"@id":"https:\/\/www.raytech.it\/#website"},"datePublished":"2018-11-23T08:42:00+00:00","dateModified":"2021-02-17T15:24:12+00:00","description":"Raytech Magic Gel Sprint IP68 - Gel isolante a polimerizzazione extra rapida e con particolare attenzione alla sostenibilit\u00e0.","breadcrumb":{"@id":"https:\/\/www.raytech.it\/fr\/magic-gel-sprint-landing#breadcrumb"},"inLanguage":"fr-FR","potentialAction":[{"@type":"ReadAction","target":["https:\/\/www.raytech.it\/fr\/magic-gel-sprint-landing"]}]},{"@type":"BreadcrumbList","@id":"https:\/\/www.raytech.it\/fr\/magic-gel-sprint-landing#breadcrumb","itemListElement":[{"@type":"ListItem","position":1,"name":"Home","item":"https:\/\/www.raytech.it\/fr"},{"@type":"ListItem","position":2,"name":"Magic Gel Sprint"}]},{"@type":"WebSite","@id":"https:\/\/www.raytech.it\/#website","url":"https:\/\/www.raytech.it\/","name":"Raytech","description":"Cable accessories company","publisher":{"@id":"https:\/\/www.raytech.it\/#organization"},"potentialAction":[{"@type":"SearchAction","target":{"@type":"EntryPoint","urlTemplate":"https:\/\/www.raytech.it\/?s={search_term_string}"},"query-input":{"@type":"PropertyValueSpecification","valueRequired":true,"valueName":"search_term_string"}}],"inLanguage":"fr-FR"},{"@type":"Organization","@id":"https:\/\/www.raytech.it\/#organization","name":"Raytech","url":"https:\/\/www.raytech.it\/","logo":{"@type":"ImageObject","inLanguage":"fr-FR","@id":"https:\/\/www.raytech.it\/#\/schema\/logo\/image\/","url":"https:\/\/www.raytech.it\/wp-content\/uploads\/logo-raytech-2019-retina-3.png","contentUrl":"https:\/\/www.raytech.it\/wp-content\/uploads\/logo-raytech-2019-retina-3.png","width":340,"height":90,"caption":"Raytech"},"image":{"@id":"https:\/\/www.raytech.it\/#\/schema\/logo\/image\/"},"sameAs":["https:\/\/www.facebook.com\/RaytechItaly","https:\/\/www.instagram.com\/raytech_italy\/","https:\/\/www.youtube.com\/user\/raytechitaly","https:\/\/twitter.com\/Raytech_Italy"]}]}},"_links":{"self":[{"href":"https:\/\/www.raytech.it\/fr\/wp-json\/wp\/v2\/pages\/13979","targetHints":{"allow":["GET"]}}],"collection":[{"href":"https:\/\/www.raytech.it\/fr\/wp-json\/wp\/v2\/pages"}],"about":[{"href":"https:\/\/www.raytech.it\/fr\/wp-json\/wp\/v2\/types\/page"}],"author":[{"embeddable":true,"href":"https:\/\/www.raytech.it\/fr\/wp-json\/wp\/v2\/users\/1"}],"replies":[{"embeddable":true,"href":"https:\/\/www.raytech.it\/fr\/wp-json\/wp\/v2\/comments?post=13979"}],"version-history":[{"count":3,"href":"https:\/\/www.raytech.it\/fr\/wp-json\/wp\/v2\/pages\/13979\/revisions"}],"predecessor-version":[{"id":26182,"href":"https:\/\/www.raytech.it\/fr\/wp-json\/wp\/v2\/pages\/13979\/revisions\/26182"}],"wp:attachment":[{"href":"https:\/\/www.raytech.it\/fr\/wp-json\/wp\/v2\/media?parent=13979"}],"curies":[{"name":"wp","href":"https:\/\/api.w.org\/{rel}","templated":true}]}}