{"id":29111,"date":"2021-11-12T16:22:03","date_gmt":"2021-11-12T15:22:03","guid":{"rendered":"https:\/\/www.raytech.it\/?page_id=29111"},"modified":"2021-11-12T16:22:03","modified_gmt":"2021-11-12T15:22:03","slug":"gouttieres-et-pluviaux-mobile","status":"publish","type":"page","link":"https:\/\/www.raytech.it\/fr\/tracages-en-ligne\/gouttieres-et-pluviaux-mobile","title":{"rendered":"Goutti\u00e8res et pluviaux"},"content":{"rendered":"<div class=\"wpb-content-wrapper\"><p>[vc_row][vc_column][vc_column_text]\n<div class=\"wpcf7 no-js\" id=\"wpcf7-f29393-o1\" lang=\"it-IT\" dir=\"ltr\" data-wpcf7-id=\"29393\">\n<div class=\"screen-reader-response\"><p role=\"status\" aria-live=\"polite\" aria-atomic=\"true\"><\/p> <ul><\/ul><\/div>\n<form action=\"\/fr\/wp-json\/wp\/v2\/pages\/29111#wpcf7-f29393-o1\" method=\"post\" class=\"wpcf7-form init\" aria-label=\"Modulo di contatto\" enctype=\"multipart\/form-data\" novalidate=\"novalidate\" data-status=\"init\">\n<fieldset class=\"hidden-fields-container\"><input type=\"hidden\" name=\"_wpcf7\" value=\"29393\" \/><input type=\"hidden\" name=\"_wpcf7_version\" value=\"6.1.4\" \/><input type=\"hidden\" name=\"_wpcf7_locale\" value=\"it_IT\" \/><input type=\"hidden\" name=\"_wpcf7_unit_tag\" value=\"wpcf7-f29393-o1\" \/><input type=\"hidden\" name=\"_wpcf7_container_post\" value=\"0\" \/><input type=\"hidden\" name=\"_wpcf7_posted_data_hash\" value=\"\" \/><input type=\"hidden\" name=\"_wpcf7_recaptcha_response\" value=\"\" \/>\n<\/fieldset>\n<style>\n.file-item { display: flex;justify-content: flex-start;align-items: center; }\n.file-item span { width: unset; }\n.file-item button.reset-upload { background-color: #e30613; color: #fff; margin: 0; padding: 10px; }\n<\/style>\n<input class=\"wpcf7-form-control wpcf7-hidden\" value=\"cavi scaldanti per grandaie e pluviali\" type=\"hidden\" name=\"project-type\" \/>\n<input class=\"wpcf7-form-control wpcf7-hidden\" value=\"tra\u00e7age de c\u00e2bles chauffants pour Goutti\u00e8res et pluviaux\" type=\"hidden\" name=\"project-type-lang\" \/>\n<div class=\"vc_row intestazione-moduli\">\n\t<div class=\"vc_col-sm-12\">\n\t\t<h2 class=\"titolo-moduli\">Formulaire de demande de conception d'un traitement antigel<br \/>\n<span><strong>GOUTTI\u00c8RES ET PLUVIAUX<\/strong><\/span>\n\t\t<\/h2>\n\t<\/div>\n\t<div class=\"vc_col-sm-12\">\n\t\t<p class=\"testo-moduli\">Il est rappel\u00e9 au compilateur de ins\u00e9rer toutes les donn\u00e9es en sa possession dans ce formulaire. L'\u00e9valuation est effectu\u00e9e gratuitement par Raytech, afin de fournir au client une liste approximative du mat\u00e9riel Raytech adapt\u00e9 \u00e0 la r\u00e9alisation du tra\u00e7age requis.\n\t\t<\/p>\n\t<\/div>\n\t<div class=\"vc_col-sm-12\">\n\t\t<p class=\"testo-moduli campi-obbligatori\"><strong>Les champs marqu\u00e9s d'un ast\u00e9risque sont obligatoires<\/strong>\n\t\t<\/p>\n\t<\/div>\n<\/div>\n<div class=\"vc_row titolo-sezione-moduli\">\n\t<div class=\"vc_col-sm-12\">\n\t\t<h3>Enregistrement\n\t\t<\/h3>\n\t<\/div>\n<\/div>\n<div class=\"vc_row blocchi-moduli\">\n\t<div class=\"vc_col-sm-12\">\n\t\t<p class=\"label-campi-moduli\">Raison social <span>*<\/span>\n\t\t<\/p>\n\t\t<p><span class=\"wpcf7-form-control-wrap\" data-name=\"company\"><input size=\"40\" maxlength=\"400\" class=\"wpcf7-form-control wpcf7-text wpcf7-validates-as-required\" aria-required=\"true\" aria-invalid=\"false\" value=\"\" type=\"text\" name=\"company\" \/><\/span>\n\t\t<\/p>\n\t<\/div>\n\t<div class=\"vc_col-sm-6\">\n\t\t<p class=\"label-campi-moduli\">Nom <span>*<\/span>\n\t\t<\/p>\n\t\t<p><span class=\"wpcf7-form-control-wrap\" data-name=\"nome\"><input size=\"40\" maxlength=\"400\" class=\"wpcf7-form-control wpcf7-text wpcf7-validates-as-required\" aria-required=\"true\" aria-invalid=\"false\" value=\"\" type=\"text\" name=\"nome\" \/><\/span>\n\t\t<\/p>\n\t<\/div>\n\t<div class=\"vc_col-sm-6\">\n\t\t<p class=\"label-campi-moduli\">Nom de famille <span>*<\/span>\n\t\t<\/p>\n\t\t<p><span class=\"wpcf7-form-control-wrap\" data-name=\"lastname\"><input size=\"40\" maxlength=\"400\" class=\"wpcf7-form-control wpcf7-text wpcf7-validates-as-required\" aria-required=\"true\" aria-invalid=\"false\" value=\"\" type=\"text\" name=\"lastname\" \/><\/span>\n\t\t<\/p>\n\t<\/div>\n\t<div class=\"vc_col-sm-12\">\n\t\t<p class=\"label-campi-moduli\">Adresse <span>*<\/span>\n\t\t<\/p>\n\t\t<p><span class=\"wpcf7-form-control-wrap\" data-name=\"address\"><input size=\"40\" maxlength=\"400\" class=\"wpcf7-form-control wpcf7-text wpcf7-validates-as-required\" aria-required=\"true\" aria-invalid=\"false\" value=\"\" type=\"text\" name=\"address\" \/><\/span><br \/>\n<small>Adresse compl\u00e8te (rue, code postal, ville et province)<\/small>\n\t\t<\/p>\n\t<\/div>\n\t<div class=\"vc_col-sm-6\">\n\t\t<p class=\"label-campi-moduli\">E-mail <span>*<\/span>\n\t\t<\/p>\n\t\t<p><span class=\"wpcf7-form-control-wrap\" data-name=\"email\"><input size=\"40\" maxlength=\"400\" class=\"wpcf7-form-control wpcf7-email wpcf7-validates-as-required wpcf7-text wpcf7-validates-as-email\" aria-required=\"true\" aria-invalid=\"false\" value=\"\" type=\"email\" name=\"email\" \/><\/span>\n\t\t<\/p>\n\t<\/div>\n\t<div class=\"vc_col-sm-6\">\n\t\t<p class=\"label-campi-moduli\">T\u00e9l\u00e9phone <span>*<\/span>\n\t\t<\/p>\n\t\t<p><span class=\"wpcf7-form-control-wrap\" data-name=\"phone\"><input size=\"40\" maxlength=\"400\" class=\"wpcf7-form-control wpcf7-tel wpcf7-validates-as-required wpcf7-text wpcf7-validates-as-tel\" aria-required=\"true\" aria-invalid=\"false\" value=\"\" type=\"tel\" name=\"phone\" \/><\/span>\n\t\t<\/p>\n\t<\/div>\n<\/div>\n<div class=\"vc_row titolo-sezione-moduli\">\n\t<div class=\"vc_col-sm-12\">\n\t\t<h3>D\u00e9tails du projet\n\t\t<\/h3>\n\t<\/div>\n<\/div>\n<div class=\"vc_row blocchi-form-moduli\">\n\t<div class=\"vc_col-sm-12\">\n\t\t<p class=\"label-campi-moduli\">Nombre des goutti\u00e8res\n\t\t<\/p>\n\t\t<p><span class=\"wpcf7-form-control-wrap\" data-name=\"total-gutters\"><input class=\"wpcf7-form-control wpcf7-number wpcf7-validates-as-number\" aria-invalid=\"false\" value=\"\" type=\"number\" name=\"total-gutters\" \/><\/span>\n\t\t<\/p>\n\t<\/div>\n\t<div class=\"vc_col-sm-12\">\n\t\t<p class=\"label-campi-moduli\">Largeur de la goutti\u00e8re (cm)\n\t\t<\/p>\n\t\t<p><span class=\"wpcf7-form-control-wrap\" data-name=\"gutters-width\"><input class=\"wpcf7-form-control wpcf7-number wpcf7-validates-as-number\" aria-invalid=\"false\" value=\"\" type=\"number\" name=\"gutters-width\" \/><\/span>\n\t\t<\/p>\n\t<\/div>\n\t<div class=\"vc_col-sm-12\">\n\t\t<p class=\"label-campi-moduli\">Longueur de la goutti\u00e8re n\u00b01 (m)\n\t\t<\/p>\n\t\t<p><span class=\"wpcf7-form-control-wrap\" data-name=\"gutters-1-lenght\"><input class=\"wpcf7-form-control wpcf7-number wpcf7-validates-as-number\" aria-invalid=\"false\" value=\"\" type=\"number\" name=\"gutters-1-lenght\" \/><\/span>\n\t\t<\/p>\n\t<\/div>\n\t<div class=\"vc_col-sm-12\">\n\t\t<p class=\"label-campi-moduli\">Longueur de la goutti\u00e8re n\u00b02 (m)\n\t\t<\/p>\n\t\t<p><span class=\"wpcf7-form-control-wrap\" data-name=\"gutters-2-lenght\"><input class=\"wpcf7-form-control wpcf7-number wpcf7-validates-as-number\" aria-invalid=\"false\" value=\"\" type=\"number\" name=\"gutters-2-lenght\" \/><\/span>\n\t\t<\/p>\n\t<\/div>\n\t<div class=\"vc_col-sm-12\">\n\t\t<p class=\"label-campi-moduli\">Longueur de la goutti\u00e8re n\u00b03 (m)\n\t\t<\/p>\n\t\t<p><span class=\"wpcf7-form-control-wrap\" data-name=\"gutters-3-lenght\"><input class=\"wpcf7-form-control wpcf7-number wpcf7-validates-as-number\" aria-invalid=\"false\" value=\"\" type=\"number\" name=\"gutters-3-lenght\" \/><\/span>\n\t\t<\/p>\n\t<\/div>\n\t<div class=\"vc_col-sm-12\">\n\t\t<p class=\"label-campi-moduli\">Longueur de la goutti\u00e8re n\u00b04 (m)\n\t\t<\/p>\n\t\t<p><span class=\"wpcf7-form-control-wrap\" data-name=\"gutters-4-lenght\"><input class=\"wpcf7-form-control wpcf7-number wpcf7-validates-as-number\" aria-invalid=\"false\" value=\"\" type=\"number\" name=\"gutters-4-lenght\" \/><\/span>\n\t\t<\/p>\n\t<\/div>\n\t<div class=\"vc_col-sm-12\">\n\t\t<p class=\"label-campi-moduli\">Nombre des pluviaux\n\t\t<\/p>\n\t\t<p><span class=\"wpcf7-form-control-wrap\" data-name=\"total-downpipes\"><input class=\"wpcf7-form-control wpcf7-number wpcf7-validates-as-number\" aria-invalid=\"false\" value=\"\" type=\"number\" name=\"total-downpipes\" \/><\/span>\n\t\t<\/p>\n\t<\/div>\n\t<div class=\"vc_col-sm-12\">\n\t\t<p class=\"label-campi-moduli\">Hauteur moyenne des pluviaux (m)\n\t\t<\/p>\n\t\t<p><span class=\"wpcf7-form-control-wrap\" data-name=\"downpipes-average-high\"><input class=\"wpcf7-form-control wpcf7-number wpcf7-validates-as-number\" aria-invalid=\"false\" value=\"\" type=\"number\" name=\"downpipes-average-high\" \/><\/span>\n\t\t<\/p>\n\t<\/div>\n\t<div class=\"vc_col-sm-12\">\n\t\t<p class=\"label-campi-moduli\">Diam\u00e8tre des pluviaux (cm)\n\t\t<\/p>\n\t\t<p><span class=\"wpcf7-form-control-wrap\" data-name=\"downpipes-diameter\"><input class=\"wpcf7-form-control wpcf7-number wpcf7-validates-as-number\" aria-invalid=\"false\" value=\"\" type=\"number\" name=\"downpipes-diameter\" \/><\/span>\n\t\t<\/p>\n\t<\/div>\n\t<div class=\"vc_col-sm-12\">\n\t\t<p class=\"label-campi-moduli\">Goutti\u00e8res rev\u00eatues <small>(bitume\/tar)<\/small>\n\t\t<\/p>\n\t\t<p><span class=\"wpcf7-form-control-wrap\" data-name=\"gutter-bitumen-coated\"><span class=\"wpcf7-form-control wpcf7-checkbox wpcf7-exclusive-checkbox\"><span class=\"wpcf7-list-item first\"><input type=\"checkbox\" name=\"gutter-bitumen-coated\" value=\"Oui\" \/><span class=\"wpcf7-list-item-label\">Oui<\/span><\/span><span class=\"wpcf7-list-item last\"><input type=\"checkbox\" name=\"gutter-bitumen-coated\" value=\"Non\" \/><span class=\"wpcf7-list-item-label\">Non<\/span><\/span><\/span><\/span>\n\t\t<\/p>\n\t<\/div>\n\t<div class=\"vc_col-sm-12\">\n\t\t<p class=\"label-campi-moduli\">Temp\u00e9rature minime ambiante\n\t\t<\/p>\n\t\t<p><span class=\"wpcf7-form-control-wrap\" data-name=\"gutter-minimum-environmental-temperature\"><span class=\"wpcf7-form-control wpcf7-checkbox wpcf7-exclusive-checkbox\"><span class=\"wpcf7-list-item first\"><input type=\"checkbox\" name=\"gutter-minimum-environmental-temperature\" value=\"-10\u00b0C\" \/><span class=\"wpcf7-list-item-label\">-10\u00b0C<\/span><\/span><span class=\"wpcf7-list-item\"><input type=\"checkbox\" name=\"gutter-minimum-environmental-temperature\" value=\"-15\u00b0C\" \/><span class=\"wpcf7-list-item-label\">-15\u00b0C<\/span><\/span><span class=\"wpcf7-list-item\"><input type=\"checkbox\" name=\"gutter-minimum-environmental-temperature\" value=\"-20\u00b0C\" \/><span class=\"wpcf7-list-item-label\">-20\u00b0C<\/span><\/span><span class=\"wpcf7-list-item last\"><input type=\"checkbox\" name=\"gutter-minimum-environmental-temperature\" value=\"Autre\" \/><span class=\"wpcf7-list-item-label\">Autre<\/span><\/span><\/span><\/span>\n\t\t<\/p>\n\t<\/div>\n\t<div class=\"vc_col-sm-12\">\n\t\t<p class=\"label-campi-moduli\">Si vous s\u00e9lectionnez \"Autre\", indiquez la temp\u00e9rature\n\t\t<\/p>\n\t\t<p><span class=\"wpcf7-form-control-wrap\" data-name=\"gutter-minimum-environmental-temperature-other\"><input class=\"wpcf7-form-control wpcf7-number wpcf7-validates-as-number\" aria-invalid=\"false\" value=\"\" type=\"number\" name=\"gutter-minimum-environmental-temperature-other\" \/><\/span>\n\t\t<\/p>\n\t<\/div>\n\t<div class=\"vc_col-sm-12\">\n\t\t<p class=\"label-campi-moduli\">Possibilit\u00e9 d\u2019alimentation triphas\u00e9e\n\t\t<\/p>\n\t\t<p><span class=\"wpcf7-form-control-wrap\" data-name=\"availability-3phase\"><span class=\"wpcf7-form-control wpcf7-checkbox wpcf7-exclusive-checkbox\"><span class=\"wpcf7-list-item first\"><input type=\"checkbox\" name=\"availability-3phase\" value=\"Oui\" \/><span class=\"wpcf7-list-item-label\">Oui<\/span><\/span><span class=\"wpcf7-list-item last\"><input type=\"checkbox\" name=\"availability-3phase\" value=\"Non\" \/><span class=\"wpcf7-list-item-label\">Non<\/span><\/span><\/span><\/span>\n\t\t<\/p>\n\t<\/div>\n\t<div class=\"vc_col-sm-12\">\n\t\t<p class=\"label-campi-moduli\">Puissance disponible (kW) <small>Tension d\u2019alimentation 230V<\/small>\n\t\t<\/p>\n\t\t<p><span class=\"wpcf7-form-control-wrap\" data-name=\"available-power\"><input class=\"wpcf7-form-control wpcf7-number wpcf7-validates-as-number\" aria-invalid=\"false\" value=\"\" type=\"number\" name=\"available-power\" \/><\/span>\n\t\t<\/p>\n\t<\/div>\n\t<div class=\"vc_col-sm-12\">\n\t\t<p class=\"label-campi-moduli\">Ins\u00e9rez des images <small>(File)<\/small>\n\t\t<\/p>\n\t\t<p class=\"file-item\"><span class=\"wpcf7-form-control-wrap\" data-name=\"isometric-traking-file\"><input size=\"40\" class=\"wpcf7-form-control wpcf7-file\" id=\"isometric-traking-file\" accept=\".jpg,.jpeg,.png,.pdf\" aria-invalid=\"false\" type=\"file\" name=\"isometric-traking-file\" \/><\/span><button id=\"reset-file\" class=\"reset-upload\">X<\/button>\n\t\t<\/p>\n\t\t<p class=\"file-item\"><span class=\"wpcf7-form-control-wrap\" data-name=\"isometric-traking-file1\"><input size=\"40\" class=\"wpcf7-form-control wpcf7-file\" id=\"isometric-traking-file1\" accept=\".jpg,.jpeg,.png,.pdf\" aria-invalid=\"false\" type=\"file\" name=\"isometric-traking-file1\" \/><\/span><button id=\"reset-file-1\" class=\"reset-upload\">X<\/button>\n\t\t<\/p>\n\t\t<p class=\"file-item\"><span class=\"wpcf7-form-control-wrap\" data-name=\"isometric-traking-file2\"><input size=\"40\" class=\"wpcf7-form-control wpcf7-file\" id=\"isometric-traking-file2\" accept=\".jpg,.jpeg,.png,.pdf\" aria-invalid=\"false\" type=\"file\" name=\"isometric-traking-file2\" \/><\/span><button id=\"reset-file-2\" class=\"reset-upload\">X<\/button>\n\t\t<\/p>\n\t\t<p class=\"file-item\"><span class=\"wpcf7-form-control-wrap\" data-name=\"isometric-traking-file3\"><input size=\"40\" class=\"wpcf7-form-control wpcf7-file\" id=\"isometric-traking-file3\" accept=\".jpg,.jpeg,.png,.pdf\" aria-invalid=\"false\" type=\"file\" name=\"isometric-traking-file3\" \/><\/span><button id=\"reset-file-3\" class=\"reset-upload\">X<\/button>\n\t\t<\/p>\n\t\t<p class=\"file-item\"><span class=\"wpcf7-form-control-wrap\" data-name=\"isometric-traking-file4\"><input size=\"40\" class=\"wpcf7-form-control wpcf7-file\" id=\"isometric-traking-file4\" accept=\".jpg,.jpeg,.png,.pdf\" aria-invalid=\"false\" type=\"file\" name=\"isometric-traking-file4\" \/><\/span><button id=\"reset-file-4\" class=\"reset-upload\">X<\/button>\n\t\t<\/p>\n\t\t<p><small>Formats accept\u00e9s: jpg, pdf<\/small>\n\t\t<\/p>\n\t\t<p><small>Taille maximale du fichier: 3MB <\/small>\n\t\t<\/p>\n\t<\/div>\n\t<div class=\"vc_col-sm-12\">\n\t\t<p class=\"label-campi-moduli\">Notes\n\t\t<\/p>\n\t\t<p><span class=\"wpcf7-form-control-wrap\" data-name=\"notes\"><textarea cols=\"40\" rows=\"10\" maxlength=\"2000\" class=\"wpcf7-form-control wpcf7-textarea\" aria-invalid=\"false\" name=\"notes\"><\/textarea><\/span>\n\t\t<\/p>\n\t<\/div>\n<\/div>\n<div class=\"vc_row\">\n\t<div class=\"vc_col-sm-12\">\n\t\t<p class=\"campo-privacy\"><span class=\"wpcf7-form-control-wrap\" data-name=\"privacy\"><span class=\"wpcf7-form-control wpcf7-acceptance\"><span class=\"wpcf7-list-item\"><input type=\"checkbox\" name=\"privacy\" value=\"1\" aria-invalid=\"false\" \/><\/span><\/span><\/span> J'ai lu et j'accepte les conditions de la <a href=\"https:\/\/www.raytech.it\/fr\/politique-de-confidentialite-et-utilisation-des-cookies-mobile\" target=\"_blank\">Politique de confidentialit\u00e9<\/a>.\n\t\t<\/p>\n\t<\/div>\n<\/div>\n<div class=\"wpcf7-response-output\" aria-hidden=\"true\"><\/div>\n<div class=\"vc_row send-button\">\n\t<div class=\"vc_col-sm-12 text-center\">\n\t\t<p style=\"text-align: center;\"><input class=\"wpcf7-form-control wpcf7-submit has-spinner btn-rosso\" type=\"submit\" value=\"Envoyer\" \/>\n\t\t<\/p>\n\t<\/div>\n<\/div>\n<p><script>\njQuery('#reset-file').on('click', function(e) {\ne.preventDefault();\n jQuery('#isometric-traking-file').val('');\n});\njQuery('#reset-file-1').on('click', function(e) {\ne.preventDefault(); \n jQuery('#isometric-traking-file1').val(''); \n});\njQuery('#reset-file-2').on('click', function(e) {\ne.preventDefault(); \n jQuery('#isometric-traking-file2').val(''); \n});\njQuery('#reset-file-3').on('click', function(e) {\ne.preventDefault(); \n jQuery('#isometric-traking-file3').val(''); \n});\njQuery('#reset-file-4').on('click', function(e) {\ne.preventDefault(); \n jQuery('#isometric-traking-file4').val(''); \n});\n<\/script>\n<\/p><input type='hidden' class='wpcf7-pum' value='{\"closepopup\":false,\"closedelay\":0,\"openpopup\":false,\"openpopup_id\":0}' \/>\n<\/form>\n<\/div>\n[\/vc_column_text][\/vc_column][\/vc_row]<\/p>\n<\/div>","protected":false},"excerpt":{"rendered":"<p>[vc_row][vc_column][vc_column_text][\/vc_column_text][\/vc_column][\/vc_row]<\/p>\n","protected":false},"author":1,"featured_media":0,"parent":7624,"menu_order":3,"comment_status":"closed","ping_status":"open","template":"page-progetti.php","meta":{"footnotes":""},"class_list":["post-29111","page","type-page","status-publish","hentry"],"yoast_head":"<!-- This site is optimized with the Yoast SEO plugin v26.5 - https:\/\/yoast.com\/wordpress\/plugins\/seo\/ -->\n<title>Goutti\u00e8res et pluviaux | Raytech<\/title>\n<meta name=\"robots\" content=\"index, follow, max-snippet:-1, max-image-preview:large, max-video-preview:-1\" \/>\n<link rel=\"canonical\" href=\"https:\/\/www.raytech.it\/fr\/tracages-en-ligne\/gouttieres-et-pluviaux-mobile\" \/>\n<meta property=\"og:locale\" content=\"fr_FR\" \/>\n<meta property=\"og:type\" content=\"article\" \/>\n<meta property=\"og:title\" content=\"Goutti\u00e8res et pluviaux | Raytech\" \/>\n<meta property=\"og:description\" content=\"[vc_row][vc_column][vc_column_text][\/vc_column_text][\/vc_column][\/vc_row]\" \/>\n<meta property=\"og:url\" content=\"https:\/\/www.raytech.it\/fr\/tracages-en-ligne\/gouttieres-et-pluviaux-mobile\" \/>\n<meta property=\"og:site_name\" content=\"Raytech\" \/>\n<meta property=\"article:publisher\" content=\"https:\/\/www.facebook.com\/RaytechItaly\" \/>\n<meta property=\"og:image\" content=\"https:\/\/www.raytech.it\/wp-content\/uploads\/logo_raytech.png\" \/>\n\t<meta property=\"og:image:width\" content=\"188\" \/>\n\t<meta property=\"og:image:height\" content=\"101\" \/>\n\t<meta property=\"og:image:type\" content=\"image\/png\" \/>\n<meta name=\"twitter:card\" content=\"summary_large_image\" \/>\n<meta name=\"twitter:label1\" content=\"Dur\u00e9e de lecture estim\u00e9e\" \/>\n\t<meta name=\"twitter:data1\" content=\"1 minute\" \/>\n<script type=\"application\/ld+json\" class=\"yoast-schema-graph\">{\"@context\":\"https:\/\/schema.org\",\"@graph\":[{\"@type\":\"WebPage\",\"@id\":\"https:\/\/www.raytech.it\/fr\/tracages-en-ligne\/gouttieres-et-pluviaux-mobile\",\"url\":\"https:\/\/www.raytech.it\/fr\/tracages-en-ligne\/gouttieres-et-pluviaux-mobile\",\"name\":\"Goutti\u00e8res et pluviaux | Raytech\",\"isPartOf\":{\"@id\":\"https:\/\/www.raytech.it\/#website\"},\"datePublished\":\"2021-11-12T15:22:03+00:00\",\"breadcrumb\":{\"@id\":\"https:\/\/www.raytech.it\/fr\/tracages-en-ligne\/gouttieres-et-pluviaux-mobile#breadcrumb\"},\"inLanguage\":\"fr-FR\",\"potentialAction\":[{\"@type\":\"ReadAction\",\"target\":[\"https:\/\/www.raytech.it\/fr\/tracages-en-ligne\/gouttieres-et-pluviaux-mobile\"]}]},{\"@type\":\"BreadcrumbList\",\"@id\":\"https:\/\/www.raytech.it\/fr\/tracages-en-ligne\/gouttieres-et-pluviaux-mobile#breadcrumb\",\"itemListElement\":[{\"@type\":\"ListItem\",\"position\":1,\"name\":\"Home\",\"item\":\"https:\/\/www.raytech.it\/fr\"},{\"@type\":\"ListItem\",\"position\":2,\"name\":\"Tra\u00e7ages en ligne\",\"item\":\"https:\/\/www.raytech.it\/fr\/tracages-en-ligne\"},{\"@type\":\"ListItem\",\"position\":3,\"name\":\"Goutti\u00e8res et pluviaux\"}]},{\"@type\":\"WebSite\",\"@id\":\"https:\/\/www.raytech.it\/#website\",\"url\":\"https:\/\/www.raytech.it\/\",\"name\":\"Raytech\",\"description\":\"Cable accessories company\",\"publisher\":{\"@id\":\"https:\/\/www.raytech.it\/#organization\"},\"potentialAction\":[{\"@type\":\"SearchAction\",\"target\":{\"@type\":\"EntryPoint\",\"urlTemplate\":\"https:\/\/www.raytech.it\/?s={search_term_string}\"},\"query-input\":{\"@type\":\"PropertyValueSpecification\",\"valueRequired\":true,\"valueName\":\"search_term_string\"}}],\"inLanguage\":\"fr-FR\"},{\"@type\":\"Organization\",\"@id\":\"https:\/\/www.raytech.it\/#organization\",\"name\":\"Raytech\",\"url\":\"https:\/\/www.raytech.it\/\",\"logo\":{\"@type\":\"ImageObject\",\"inLanguage\":\"fr-FR\",\"@id\":\"https:\/\/www.raytech.it\/#\/schema\/logo\/image\/\",\"url\":\"https:\/\/www.raytech.it\/wp-content\/uploads\/logo-raytech-2019-retina-3.png\",\"contentUrl\":\"https:\/\/www.raytech.it\/wp-content\/uploads\/logo-raytech-2019-retina-3.png\",\"width\":340,\"height\":90,\"caption\":\"Raytech\"},\"image\":{\"@id\":\"https:\/\/www.raytech.it\/#\/schema\/logo\/image\/\"},\"sameAs\":[\"https:\/\/www.facebook.com\/RaytechItaly\",\"https:\/\/www.instagram.com\/raytech_italy\/\",\"https:\/\/www.youtube.com\/user\/raytechitaly\",\"https:\/\/twitter.com\/Raytech_Italy\"]}]}<\/script>\n<!-- \/ Yoast SEO plugin. -->","yoast_head_json":{"title":"Goutti\u00e8res et pluviaux | Raytech","robots":{"index":"index","follow":"follow","max-snippet":"max-snippet:-1","max-image-preview":"max-image-preview:large","max-video-preview":"max-video-preview:-1"},"canonical":"https:\/\/www.raytech.it\/fr\/tracages-en-ligne\/gouttieres-et-pluviaux-mobile","og_locale":"fr_FR","og_type":"article","og_title":"Goutti\u00e8res et pluviaux | Raytech","og_description":"[vc_row][vc_column][vc_column_text][\/vc_column_text][\/vc_column][\/vc_row]","og_url":"https:\/\/www.raytech.it\/fr\/tracages-en-ligne\/gouttieres-et-pluviaux-mobile","og_site_name":"Raytech","article_publisher":"https:\/\/www.facebook.com\/RaytechItaly","og_image":[{"width":188,"height":101,"url":"https:\/\/www.raytech.it\/wp-content\/uploads\/logo_raytech.png","type":"image\/png"}],"twitter_card":"summary_large_image","twitter_misc":{"Dur\u00e9e de lecture estim\u00e9e":"1 minute"},"schema":{"@context":"https:\/\/schema.org","@graph":[{"@type":"WebPage","@id":"https:\/\/www.raytech.it\/fr\/tracages-en-ligne\/gouttieres-et-pluviaux-mobile","url":"https:\/\/www.raytech.it\/fr\/tracages-en-ligne\/gouttieres-et-pluviaux-mobile","name":"Goutti\u00e8res et pluviaux | Raytech","isPartOf":{"@id":"https:\/\/www.raytech.it\/#website"},"datePublished":"2021-11-12T15:22:03+00:00","breadcrumb":{"@id":"https:\/\/www.raytech.it\/fr\/tracages-en-ligne\/gouttieres-et-pluviaux-mobile#breadcrumb"},"inLanguage":"fr-FR","potentialAction":[{"@type":"ReadAction","target":["https:\/\/www.raytech.it\/fr\/tracages-en-ligne\/gouttieres-et-pluviaux-mobile"]}]},{"@type":"BreadcrumbList","@id":"https:\/\/www.raytech.it\/fr\/tracages-en-ligne\/gouttieres-et-pluviaux-mobile#breadcrumb","itemListElement":[{"@type":"ListItem","position":1,"name":"Home","item":"https:\/\/www.raytech.it\/fr"},{"@type":"ListItem","position":2,"name":"Tra\u00e7ages en ligne","item":"https:\/\/www.raytech.it\/fr\/tracages-en-ligne"},{"@type":"ListItem","position":3,"name":"Goutti\u00e8res et pluviaux"}]},{"@type":"WebSite","@id":"https:\/\/www.raytech.it\/#website","url":"https:\/\/www.raytech.it\/","name":"Raytech","description":"Cable accessories company","publisher":{"@id":"https:\/\/www.raytech.it\/#organization"},"potentialAction":[{"@type":"SearchAction","target":{"@type":"EntryPoint","urlTemplate":"https:\/\/www.raytech.it\/?s={search_term_string}"},"query-input":{"@type":"PropertyValueSpecification","valueRequired":true,"valueName":"search_term_string"}}],"inLanguage":"fr-FR"},{"@type":"Organization","@id":"https:\/\/www.raytech.it\/#organization","name":"Raytech","url":"https:\/\/www.raytech.it\/","logo":{"@type":"ImageObject","inLanguage":"fr-FR","@id":"https:\/\/www.raytech.it\/#\/schema\/logo\/image\/","url":"https:\/\/www.raytech.it\/wp-content\/uploads\/logo-raytech-2019-retina-3.png","contentUrl":"https:\/\/www.raytech.it\/wp-content\/uploads\/logo-raytech-2019-retina-3.png","width":340,"height":90,"caption":"Raytech"},"image":{"@id":"https:\/\/www.raytech.it\/#\/schema\/logo\/image\/"},"sameAs":["https:\/\/www.facebook.com\/RaytechItaly","https:\/\/www.instagram.com\/raytech_italy\/","https:\/\/www.youtube.com\/user\/raytechitaly","https:\/\/twitter.com\/Raytech_Italy"]}]}},"_links":{"self":[{"href":"https:\/\/www.raytech.it\/fr\/wp-json\/wp\/v2\/pages\/29111","targetHints":{"allow":["GET"]}}],"collection":[{"href":"https:\/\/www.raytech.it\/fr\/wp-json\/wp\/v2\/pages"}],"about":[{"href":"https:\/\/www.raytech.it\/fr\/wp-json\/wp\/v2\/types\/page"}],"author":[{"embeddable":true,"href":"https:\/\/www.raytech.it\/fr\/wp-json\/wp\/v2\/users\/1"}],"replies":[{"embeddable":true,"href":"https:\/\/www.raytech.it\/fr\/wp-json\/wp\/v2\/comments?post=29111"}],"version-history":[{"count":1,"href":"https:\/\/www.raytech.it\/fr\/wp-json\/wp\/v2\/pages\/29111\/revisions"}],"predecessor-version":[{"id":29395,"href":"https:\/\/www.raytech.it\/fr\/wp-json\/wp\/v2\/pages\/29111\/revisions\/29395"}],"up":[{"embeddable":true,"href":"https:\/\/www.raytech.it\/fr\/wp-json\/wp\/v2\/pages\/7624"}],"wp:attachment":[{"href":"https:\/\/www.raytech.it\/fr\/wp-json\/wp\/v2\/media?parent=29111"}],"curies":[{"name":"wp","href":"https:\/\/api.w.org\/{rel}","templated":true}]}}