{"id":9154,"date":"2016-11-10T12:07:54","date_gmt":"2016-11-10T12:07:54","guid":{"rendered":"http:\/\/raytech.it\/?page_id=9154&#038;lang=fr"},"modified":"2019-08-21T17:00:49","modified_gmt":"2019-08-21T17:00:49","slug":"gel-box-line","status":"publish","type":"page","link":"https:\/\/www.raytech.it\/fr\/gel-box-line","title":{"rendered":"gel-box-line"},"content":{"rendered":"<div class=\"wpb-content-wrapper\"><p>[vc_row][vc_column][vc_raw_html]JTNDc3R5bGUlM0UlMEElMjNtYWluLWNvbnRlbnQuY29udGFpbmVyJTIwJTdCJTBBJTIwJTIwJTIwJTIwcGFkZGluZy10b3AlM0ElMjAwJTIwJTIxaW1wb3J0YW50JTNCJTBBJTdEJTBBJTNDJTJGc3R5bGUlM0U=[\/vc_raw_html]\n\t\t\t<!-- START Video Gel Box Line REVOLUTION SLIDER 6.7.28 --><p class=\"rs-p-wp-fix\"><\/p>\n\t\t\t<rs-module-wrap id=\"rev_slider_7_1_wrapper\" data-source=\"gallery\" style=\"visibility:hidden;background:transparent;padding:0;margin:0px auto;margin-top:0;margin-bottom:0;\">\n\t\t\t\t<rs-module id=\"rev_slider_7_1\" style=\"\" data-version=\"6.7.28\">\n\t\t\t\t\t<rs-slides style=\"overflow: hidden; position: absolute;\">\n\t\t\t\t\t\t<rs-slide style=\"position: absolute;\" data-key=\"rs-45\" data-title=\"Slide\" data-anim=\"adpr:false;\">\n\t\t\t\t\t\t\t<img decoding=\"async\" src=\"\/\/www.raytech.it\/wp-content\/plugins\/revslider\/sr6\/assets\/assets\/dummy.png\" alt=\"\" title=\"gel-box-line\" class=\"rev-slidebg tp-rs-img rs-lazyload\" data-lazyload=\"\/\/www.raytech.it\/wp-content\/plugins\/revslider\/sr6\/assets\/assets\/transparent.png\" data-no-retina>\n<!--\n\t\t\t\t\t\t\t--><rs-layer\n\t\t\t\t\t\t\t\tid=\"slider-7-slide-45-layer-1\" \n\t\t\t\t\t\t\t\tclass=\"rs-fsv rs-layer-video intrinsic-ignore\"\n\t\t\t\t\t\t\t\tdata-type=\"video\"\n\t\t\t\t\t\t\t\tdata-rsp_ch=\"on\"\n\t\t\t\t\t\t\t\tdata-xy=\"x:0;y:0;\"\n\t\t\t\t\t\t\t\tdata-text=\"l:22;\"\n\t\t\t\t\t\t\t\tdata-dim=\"w:100%;h:100%;\"\n\t\t\t\t\t\t\t\tdata-basealign=\"slide\"\n\t\t\t\t\t\t\t\tdata-video=\"twa:false;vd:100;scop:t;rwd:f;fc:true;l:loop;ptimer:true;nse:f;sav:f;\"\n\t\t\t\t\t\t\t\tdata-ytid=\"8DjZ6MfpJjw\"\n\t\t\t\t\t\t\t\tdata-vatr=\"version=3&amp;enablejsapi=1&amp;html5=1&amp;hd=1&amp;wmode=opaque&amp;showinfo=0&amp;rel=0&amp;origin=https:\/\/www.raytech.it;\"\n\t\t\t\t\t\t\t\tdata-frame_0=\"tp:600;\"\n\t\t\t\t\t\t\t\tdata-frame_1=\"tp:600;e:power2.inOut;st:500;\"\n\t\t\t\t\t\t\t\tdata-frame_999=\"o:0;tp:600;e:nothing;st:w;\"\n\t\t\t\t\t\t\t\tstyle=\"z-index:5;\"\n\t\t\t\t\t\t\t>\n\t\t\t\t\t\t\t<\/rs-layer><!--\n-->\t\t\t\t\t<\/rs-slide>\n\t\t\t\t\t<\/rs-slides>\n\t\t\t\t<\/rs-module>\n\t\t\t\t<script>\n\t\t\t\t\tsetREVStartSize({c: 'rev_slider_7_1',rl:[1240,1024,778,480],el:[],gw:[1240],gh:[868],type:'standard',justify:'',layout:'fullwidth',mh:\"0\"});if (window.RS_MODULES!==undefined && window.RS_MODULES.modules!==undefined && window.RS_MODULES.modules[\"revslider71\"]!==undefined) {window.RS_MODULES.modules[\"revslider71\"].once = false;window.revapi7 = undefined;if (window.RS_MODULES.checkMinimal!==undefined) window.RS_MODULES.checkMinimal()}\n\t\t\t\t<\/script>\n\t\t\t<\/rs-module-wrap>\n\t\t\t<!-- END REVOLUTION SLIDER -->\n[\/vc_column][\/vc_row][vc_row full_width=\u00a0\u00bbstretch_row\u00a0\u00bb parallax=\u00a0\u00bbcontent-moving\u00a0\u00bb parallax_image=\u00a0\u00bb9063&Prime; row_type=\u00a0\u00bb3&Prime; blox_height=\u00a0\u00bb750&Prime; blox_image=\u00a0\u00bb9063&Prime; el_class=\u00a0\u00bbgbl-block-1&Prime;][vc_column][vc_single_image image=\u00a0\u00bb9119&Prime; img_size=\u00a0\u00bbfull\u00a0\u00bb alignment=\u00a0\u00bbcenter\u00a0\u00bb][vc_column_text css=\u00a0\u00bb.vc_custom_1566408575856{padding-top: 30px !important;}\u00a0\u00bb]<\/p>\n<p style=\"text-align: center; font-family: 'lato', sans-serif; font-size: 36px; line-height: 1em !important;\">une fa\u00e7on simple de placer des bornes cr\u00e9\u00e9es<br \/>\npour l\u2019int\u00e9rieur en ext\u00e9rieur<\/p>\n<p>[\/vc_column_text][\/vc_column][\/vc_row][vc_row full_width=\u00a0\u00bbstretch_row\u00a0\u00bb row_type=\u00a0\u00bb2&Prime; blox_height=\u00a0\u00bb1050&Prime; blox_image=\u00a0\u00bb9070&Prime; blox_bg_position=\u00a0\u00bbcenter bottom\u00a0\u00bb blox_cover=\u00a0\u00bbfalse\u00a0\u00bb blox_padding_top=\u00a0\u00bb50&Prime; el_class=\u00a0\u00bbgbl-block-2&Prime; css=\u00a0\u00bb.vc_custom_1566405317023{background-image: url(https:\/\/www.raytech.it\/wp-content\/uploads\/Background-GBL-connessioni.jpg?id=9070) !important;}\u00a0\u00bb][vc_column][vc_column_text css_animation=\u00a0\u00bbtop-to-bottom\u00a0\u00bb css=\u00a0\u00bb.vc_custom_1566408589186{padding-top: 10px !important;}\u00a0\u00bb]<\/p>\n<h2 style=\"text-align: center; color: #ffcc00; font-family: 'Lato', sans-serif;\"><span style=\"color: #ff0000;\">Pour des connexions civiles et industrielles<\/span><\/h2>\n<p>[\/vc_column_text][vc_row_inner][vc_column_inner width=\u00a0\u00bb1\/6&Prime;][\/vc_column_inner][vc_column_inner width=\u00a0\u00bb2\/3&Prime; css=\u00a0\u00bb.vc_custom_1480074513851{margin-top: 590px !important;}\u00a0\u00bb][vc_column_text css_animation=\u00a0\u00bbbottom-to-top\u00a0\u00bb css=\u00a0\u00bb.vc_custom_1566408652302{padding-bottom: 100px !important;}\u00a0\u00bb]<\/p>\n<p style=\"font-size: 16px; line-height: 20px; font-family: 'Lato', sans-serif; font-weight: bold;\">Bo\u00eetes pr\u00e9-rempli de gel<br \/>\nen diff\u00e9rentes tailles,<br \/>\npour tous les types de bornes<\/p>\n<p style=\"font-size: 16px; line-height: 20px; font-family: 'Lato', sans-serif; font-weight: bold;\">pour fils isol\u00e9s de <span style=\"color: #ff0000;\"> 1.5 mm\u00b2<\/span><br \/>\njusqu\u2019\u00e0 <span style=\"color: #ff0000;\">6 mm\u00b2<\/span><\/p>\n<p>[\/vc_column_text][vc_btn title=\u00a0\u00bbD\u00e9couvre toute la ligne GEL BOX LIN\u00a0\u00bb style=\u00a0\u00bbcustom\u00a0\u00bb custom_background=\u00a0\u00bb#e30613&Prime; custom_text=\u00a0\u00bb#ffffff\u00a0\u00bb shape=\u00a0\u00bbsquare\u00a0\u00bb i_align=\u00a0\u00bbright\u00a0\u00bb i_icon_fontawesome=\u00a0\u00bbfa fa-angle-right\u00a0\u00bb css_animation=\u00a0\u00bbbottom-to-top\u00a0\u00bb add_icon=\u00a0\u00bbtrue\u00a0\u00bb link=\u00a0\u00bburl:https%3A%2F%2Fwww.raytech.it%2Fproduit%2Fbasse-tension%2Fjonction%2Fpre-remplis%2Fgel-box-line%3Flang%3Dfr|||\u00a0\u00bb][\/vc_column_inner][vc_column_inner width=\u00a0\u00bb1\/6&Prime;][\/vc_column_inner][\/vc_row_inner][\/vc_column][\/vc_row][vc_row full_width=\u00a0\u00bbstretch_row\u00a0\u00bb row_type=\u00a0\u00bb2&Prime; blox_height=\u00a0\u00bb980&Prime; blox_image=\u00a0\u00bb9084&Prime; blox_bg_position=\u00a0\u00bbcenter bottom\u00a0\u00bb blox_cover=\u00a0\u00bbfalse\u00a0\u00bb el_class=\u00a0\u00bbgbl-block-3&Prime; css=\u00a0\u00bb.vc_custom_1566405821751{background-image: url(https:\/\/www.raytech.it\/wp-content\/uploads\/Background-GBL-ordine.jpg?id=9084) !important;}\u00a0\u00bb][vc_column][vc_column_text css=\u00a0\u00bb.vc_custom_1566408696896{padding-top: 20px !important;padding-bottom: 40px !important;}\u00a0\u00bb]<\/p>\n<p style=\"text-align: center; font-family: 'lato', sans-serif; font-size: 44px; line-height: 1em !important;\"><span style=\"color: #ff0000;\">Pour ranger<br \/>\nles installations domestiques<\/span><\/p>\n<p>[\/vc_column_text][\/vc_column][\/vc_row][vc_row full_width=\u00a0\u00bbstretch_row\u00a0\u00bb row_type=\u00a0\u00bb2&Prime; blox_height=\u00a0\u00bb900&Prime; blox_image=\u00a0\u00bb9091&Prime; blox_bg_position=\u00a0\u00bbcenter bottom\u00a0\u00bb blox_cover=\u00a0\u00bbfalse\u00a0\u00bb el_class=\u00a0\u00bbgbl-block-4&Prime; css=\u00a0\u00bb.vc_custom_1566406155747{background-image: url(https:\/\/www.raytech.it\/wp-content\/uploads\/Background-GBL-versatili.jpg?id=9091) !important;}\u00a0\u00bb][vc_column][vc_column_text css=\u00a0\u00bb.vc_custom_1566408718855{padding-top: 40px !important;padding-bottom: 20px !important;}\u00a0\u00bb]<\/p>\n<p style=\"text-align: center; font-family: 'lato', sans-serif; font-size: 40px; line-height: 1em !important;\"><span style=\"color: #ff0000;\">Polyvalent et pr\u00eat \u00e0 l\u2019emploi<\/span><\/p>\n<p>[\/vc_column_text][vc_row_inner][vc_column_inner width=\u00a0\u00bb1\/4&Prime;][\/vc_column_inner][vc_column_inner width=\u00a0\u00bb1\/2&Prime;][vc_single_image image=\u00a0\u00bb9268&Prime; img_size=\u00a0\u00bbfull\u00a0\u00bb css_animation=\u00a0\u00bbbottom-to-top\u00a0\u00bb][\/vc_column_inner][vc_column_inner width=\u00a0\u00bb1\/4&Prime;][\/vc_column_inner][\/vc_row_inner][\/vc_column][\/vc_row][vc_row full_width=\u00a0\u00bbstretch_row\u00a0\u00bb row_type=\u00a0\u00bb2&Prime; blox_height=\u00a0\u00bb830&Prime; blox_image=\u00a0\u00bb9077&Prime; blox_bg_position=\u00a0\u00bbcenter bottom\u00a0\u00bb blox_cover=\u00a0\u00bbfalse\u00a0\u00bb el_class=\u00a0\u00bbgbl-block-5&Prime; css=\u00a0\u00bb.vc_custom_1566406401049{background-image: url(https:\/\/www.raytech.it\/wp-content\/uploads\/Background-GBL-dimensioni-ridotte.jpg?id=9077) !important;}\u00a0\u00bb][vc_column][vc_column_text css=\u00a0\u00bb.vc_custom_1566408789879{padding-top: 40px !important;padding-bottom: 20px !important;}\u00a0\u00bb]<\/p>\n<p style=\"text-align: center; font-family: 'lato', sans-serif; font-size: 40px; line-height: 1em !important;\"><span style=\"color: #ff0000;\">Dimensions appropri\u00e9es \u00e0 contenir<br \/>\nles connecteurs plus couramment utilis\u00e9s<\/span><\/p>\n<p>[\/vc_column_text][\/vc_column][\/vc_row][vc_row full_width=\u00a0\u00bbstretch_row\u00a0\u00bb row_type=\u00a0\u00bb2&Prime; blox_bg_position=\u00a0\u00bbcenter bottom\u00a0\u00bb blox_cover=\u00a0\u00bbfalse\u00a0\u00bb blox_bgcolor=\u00a0\u00bb#ffffff\u00a0\u00bb css=\u00a0\u00bb.vc_custom_1566406486402{background-color: #ffffff !important;}\u00a0\u00bb][vc_column][vc_column_text css=\u00a0\u00bb.vc_custom_1566408806990{padding-top: 40px !important;padding-bottom: 20px !important;}\u00a0\u00bb]<\/p>\n<p style=\"text-align: center; font-family: 'lato', sans-serif; font-size: 40px; line-height: 1em !important;\"><span style=\"color: #ff0000;\">Toute la gamme Gel Box line<\/span><\/p>\n<p>[\/vc_column_text][vc_row_inner][vc_column_inner width=\u00a0\u00bb1\/6&Prime;][\/vc_column_inner][vc_column_inner width=\u00a0\u00bb1\/3&Prime;][vc_single_image image=\u00a0\u00bb9233&Prime; img_size=\u00a0\u00bbfull\u00a0\u00bb css_animation=\u00a0\u00bbbottom-to-top\u00a0\u00bb el_class=\u00a0\u00bbimage-left\u00a0\u00bb][vc_single_image image=\u00a0\u00bb9275&Prime; img_size=\u00a0\u00bbfull\u00a0\u00bb css_animation=\u00a0\u00bbbottom-to-top\u00a0\u00bb el_class=\u00a0\u00bbimage-left\u00a0\u00bb][\/vc_column_inner][vc_column_inner width=\u00a0\u00bb1\/3&Prime;][vc_single_image image=\u00a0\u00bb9289&Prime; img_size=\u00a0\u00bbfull\u00a0\u00bb css_animation=\u00a0\u00bbbottom-to-top\u00a0\u00bb el_class=\u00a0\u00bbimage-left\u00a0\u00bb][vc_single_image image=\u00a0\u00bb9282&Prime; img_size=\u00a0\u00bbfull\u00a0\u00bb css_animation=\u00a0\u00bbbottom-to-top\u00a0\u00bb el_class=\u00a0\u00bbimage-left\u00a0\u00bb][\/vc_column_inner][vc_column_inner width=\u00a0\u00bb1\/6&Prime;][\/vc_column_inner][\/vc_row_inner][vc_row_inner][vc_column_inner width=\u00a0\u00bb1\/6&Prime;][\/vc_column_inner][vc_column_inner width=\u00a0\u00bb2\/3&Prime;][vc_single_image image=\u00a0\u00bb9112&Prime; img_size=\u00a0\u00bbfull\u00a0\u00bb][\/vc_column_inner][vc_column_inner width=\u00a0\u00bb1\/6&Prime;][\/vc_column_inner][\/vc_row_inner][vc_row_inner][vc_column_inner width=\u00a0\u00bb1\/6&Prime;][\/vc_column_inner][vc_column_inner width=\u00a0\u00bb1\/3&Prime;][vc_single_image image=\u00a0\u00bb9261&Prime; img_size=\u00a0\u00bbfull\u00a0\u00bb css_animation=\u00a0\u00bbbottom-to-top\u00a0\u00bb el_class=\u00a0\u00bbimage-left\u00a0\u00bb][vc_single_image image=\u00a0\u00bb9240&Prime; img_size=\u00a0\u00bbfull\u00a0\u00bb css_animation=\u00a0\u00bbbottom-to-top\u00a0\u00bb el_class=\u00a0\u00bbimage-left\u00a0\u00bb][\/vc_column_inner][vc_column_inner width=\u00a0\u00bb1\/3&Prime;][vc_single_image image=\u00a0\u00bb9254&Prime; img_size=\u00a0\u00bbfull\u00a0\u00bb css_animation=\u00a0\u00bbbottom-to-top\u00a0\u00bb el_class=\u00a0\u00bbimage-left\u00a0\u00bb][vc_single_image image=\u00a0\u00bb9247&Prime; img_size=\u00a0\u00bbfull\u00a0\u00bb css_animation=\u00a0\u00bbbottom-to-top\u00a0\u00bb el_class=\u00a0\u00bbimage-left\u00a0\u00bb][\/vc_column_inner][vc_column_inner width=\u00a0\u00bb1\/6&Prime;][\/vc_column_inner][\/vc_row_inner][\/vc_column][\/vc_row]<\/p>\n<\/div>","protected":false},"excerpt":{"rendered":"<p>[vc_row][vc_column][vc_raw_html]JTNDc3R5bGUlM0UlMEElMjNtYWluLWNvbnRlbnQuY29udGFpbmVyJTIwJTdCJTBBJTIwJTIwJTIwJTIwcGFkZGluZy10b3AlM0ElMjAwJTIwJTIxaW1wb3J0YW50JTNCJTBBJTdEJTBBJTNDJTJGc3R5bGUlM0U=[\/vc_raw_html][\/vc_column][\/vc_row][vc_row full_width=\u00a0\u00bbstretch_row\u00a0\u00bb parallax=\u00a0\u00bbcontent-moving\u00a0\u00bb parallax_image=\u00a0\u00bb9063&Prime; row_type=\u00a0\u00bb3&Prime; blox_height=\u00a0\u00bb750&Prime; blox_image=\u00a0\u00bb9063&Prime; el_class=\u00a0\u00bbgbl-block-1&Prime;][vc_column][vc_single_image image=\u00a0\u00bb9119&Prime; img_size=\u00a0\u00bbfull\u00a0\u00bb alignment=\u00a0\u00bbcenter\u00a0\u00bb][vc_column_text css=\u00a0\u00bb.vc_custom_1566408575856{padding-top: 30px !important;}\u00a0\u00bb] une fa\u00e7on simple de placer des bornes cr\u00e9\u00e9es pour l\u2019int\u00e9rieur en ext\u00e9rieur [\/vc_column_text][\/vc_column][\/vc_row][vc_row full_width=\u00a0\u00bbstretch_row\u00a0\u00bb row_type=\u00a0\u00bb2&Prime; blox_height=\u00a0\u00bb1050&Prime;<span class=\"excerpt-hellip\"> [\u2026]<\/span><\/p>\n","protected":false},"author":1,"featured_media":0,"parent":0,"menu_order":0,"comment_status":"closed","ping_status":"closed","template":"","meta":{"footnotes":""},"class_list":["post-9154","page","type-page","status-publish","hentry"],"yoast_head":"<!-- This site is optimized with the Yoast SEO plugin v26.5 - https:\/\/yoast.com\/wordpress\/plugins\/seo\/ -->\n<title>gel-box-line | Raytech<\/title>\n<meta name=\"robots\" content=\"index, follow, max-snippet:-1, max-image-preview:large, max-video-preview:-1\" \/>\n<link rel=\"canonical\" href=\"https:\/\/www.raytech.it\/fr\/gel-box-line\" \/>\n<meta property=\"og:locale\" content=\"fr_FR\" \/>\n<meta property=\"og:type\" content=\"article\" \/>\n<meta property=\"og:title\" content=\"gel-box-line | Raytech\" \/>\n<meta property=\"og:description\" content=\"[vc_row][vc_column][vc_raw_html]JTNDc3R5bGUlM0UlMEElMjNtYWluLWNvbnRlbnQuY29udGFpbmVyJTIwJTdCJTBBJTIwJTIwJTIwJTIwcGFkZGluZy10b3AlM0ElMjAwJTIwJTIxaW1wb3J0YW50JTNCJTBBJTdEJTBBJTNDJTJGc3R5bGUlM0U=[\/vc_raw_html][\/vc_column][\/vc_row][vc_row full_width=\u00a0\u00bbstretch_row\u00a0\u00bb parallax=\u00a0\u00bbcontent-moving\u00a0\u00bb parallax_image=\u00a0\u00bb9063&Prime; row_type=\u00a0\u00bb3&Prime; blox_height=\u00a0\u00bb750&Prime; blox_image=\u00a0\u00bb9063&Prime; el_class=\u00a0\u00bbgbl-block-1&Prime;][vc_column][vc_single_image image=\u00a0\u00bb9119&Prime; img_size=\u00a0\u00bbfull\u00a0\u00bb alignment=\u00a0\u00bbcenter\u00a0\u00bb][vc_column_text css=\u00a0\u00bb.vc_custom_1566408575856{padding-top: 30px !important;}\u00a0\u00bb] une fa\u00e7on simple de placer des bornes cr\u00e9\u00e9es pour l\u2019int\u00e9rieur en ext\u00e9rieur [\/vc_column_text][\/vc_column][\/vc_row][vc_row full_width=\u00a0\u00bbstretch_row\u00a0\u00bb row_type=\u00a0\u00bb2&Prime; blox_height=\u00a0\u00bb1050&Prime; [\u2026]\" \/>\n<meta property=\"og:url\" content=\"https:\/\/www.raytech.it\/fr\/gel-box-line\" \/>\n<meta property=\"og:site_name\" content=\"Raytech\" \/>\n<meta property=\"article:publisher\" content=\"https:\/\/www.facebook.com\/RaytechItaly\" \/>\n<meta property=\"article:modified_time\" content=\"2019-08-21T17:00:49+00:00\" \/>\n<meta property=\"og:image\" content=\"https:\/\/www.raytech.it\/wp-content\/uploads\/logo_raytech.png\" \/>\n\t<meta property=\"og:image:width\" content=\"188\" \/>\n\t<meta property=\"og:image:height\" content=\"101\" \/>\n\t<meta property=\"og:image:type\" content=\"image\/png\" \/>\n<meta name=\"twitter:card\" content=\"summary_large_image\" \/>\n<meta name=\"twitter:label1\" content=\"Dur\u00e9e de lecture estim\u00e9e\" \/>\n\t<meta name=\"twitter:data1\" content=\"4 minutes\" \/>\n<script type=\"application\/ld+json\" class=\"yoast-schema-graph\">{\"@context\":\"https:\/\/schema.org\",\"@graph\":[{\"@type\":\"WebPage\",\"@id\":\"https:\/\/www.raytech.it\/fr\/gel-box-line\",\"url\":\"https:\/\/www.raytech.it\/fr\/gel-box-line\",\"name\":\"gel-box-line | Raytech\",\"isPartOf\":{\"@id\":\"https:\/\/www.raytech.it\/#website\"},\"datePublished\":\"2016-11-10T12:07:54+00:00\",\"dateModified\":\"2019-08-21T17:00:49+00:00\",\"breadcrumb\":{\"@id\":\"https:\/\/www.raytech.it\/fr\/gel-box-line#breadcrumb\"},\"inLanguage\":\"fr-FR\",\"potentialAction\":[{\"@type\":\"ReadAction\",\"target\":[\"https:\/\/www.raytech.it\/fr\/gel-box-line\"]}]},{\"@type\":\"BreadcrumbList\",\"@id\":\"https:\/\/www.raytech.it\/fr\/gel-box-line#breadcrumb\",\"itemListElement\":[{\"@type\":\"ListItem\",\"position\":1,\"name\":\"Home\",\"item\":\"https:\/\/www.raytech.it\/fr\"},{\"@type\":\"ListItem\",\"position\":2,\"name\":\"gel-box-line\"}]},{\"@type\":\"WebSite\",\"@id\":\"https:\/\/www.raytech.it\/#website\",\"url\":\"https:\/\/www.raytech.it\/\",\"name\":\"Raytech\",\"description\":\"Cable accessories company\",\"publisher\":{\"@id\":\"https:\/\/www.raytech.it\/#organization\"},\"potentialAction\":[{\"@type\":\"SearchAction\",\"target\":{\"@type\":\"EntryPoint\",\"urlTemplate\":\"https:\/\/www.raytech.it\/?s={search_term_string}\"},\"query-input\":{\"@type\":\"PropertyValueSpecification\",\"valueRequired\":true,\"valueName\":\"search_term_string\"}}],\"inLanguage\":\"fr-FR\"},{\"@type\":\"Organization\",\"@id\":\"https:\/\/www.raytech.it\/#organization\",\"name\":\"Raytech\",\"url\":\"https:\/\/www.raytech.it\/\",\"logo\":{\"@type\":\"ImageObject\",\"inLanguage\":\"fr-FR\",\"@id\":\"https:\/\/www.raytech.it\/#\/schema\/logo\/image\/\",\"url\":\"https:\/\/www.raytech.it\/wp-content\/uploads\/logo-raytech-2019-retina-3.png\",\"contentUrl\":\"https:\/\/www.raytech.it\/wp-content\/uploads\/logo-raytech-2019-retina-3.png\",\"width\":340,\"height\":90,\"caption\":\"Raytech\"},\"image\":{\"@id\":\"https:\/\/www.raytech.it\/#\/schema\/logo\/image\/\"},\"sameAs\":[\"https:\/\/www.facebook.com\/RaytechItaly\",\"https:\/\/www.instagram.com\/raytech_italy\/\",\"https:\/\/www.youtube.com\/user\/raytechitaly\",\"https:\/\/twitter.com\/Raytech_Italy\"]}]}<\/script>\n<!-- \/ Yoast SEO plugin. -->","yoast_head_json":{"title":"gel-box-line | Raytech","robots":{"index":"index","follow":"follow","max-snippet":"max-snippet:-1","max-image-preview":"max-image-preview:large","max-video-preview":"max-video-preview:-1"},"canonical":"https:\/\/www.raytech.it\/fr\/gel-box-line","og_locale":"fr_FR","og_type":"article","og_title":"gel-box-line | Raytech","og_description":"[vc_row][vc_column][vc_raw_html]JTNDc3R5bGUlM0UlMEElMjNtYWluLWNvbnRlbnQuY29udGFpbmVyJTIwJTdCJTBBJTIwJTIwJTIwJTIwcGFkZGluZy10b3AlM0ElMjAwJTIwJTIxaW1wb3J0YW50JTNCJTBBJTdEJTBBJTNDJTJGc3R5bGUlM0U=[\/vc_raw_html][\/vc_column][\/vc_row][vc_row full_width=\u00a0\u00bbstretch_row\u00a0\u00bb parallax=\u00a0\u00bbcontent-moving\u00a0\u00bb parallax_image=\u00a0\u00bb9063&Prime; row_type=\u00a0\u00bb3&Prime; blox_height=\u00a0\u00bb750&Prime; blox_image=\u00a0\u00bb9063&Prime; el_class=\u00a0\u00bbgbl-block-1&Prime;][vc_column][vc_single_image image=\u00a0\u00bb9119&Prime; img_size=\u00a0\u00bbfull\u00a0\u00bb alignment=\u00a0\u00bbcenter\u00a0\u00bb][vc_column_text css=\u00a0\u00bb.vc_custom_1566408575856{padding-top: 30px !important;}\u00a0\u00bb] une fa\u00e7on simple de placer des bornes cr\u00e9\u00e9es pour l\u2019int\u00e9rieur en ext\u00e9rieur [\/vc_column_text][\/vc_column][\/vc_row][vc_row full_width=\u00a0\u00bbstretch_row\u00a0\u00bb row_type=\u00a0\u00bb2&Prime; blox_height=\u00a0\u00bb1050&Prime; [\u2026]","og_url":"https:\/\/www.raytech.it\/fr\/gel-box-line","og_site_name":"Raytech","article_publisher":"https:\/\/www.facebook.com\/RaytechItaly","article_modified_time":"2019-08-21T17:00:49+00:00","og_image":[{"width":188,"height":101,"url":"https:\/\/www.raytech.it\/wp-content\/uploads\/logo_raytech.png","type":"image\/png"}],"twitter_card":"summary_large_image","twitter_misc":{"Dur\u00e9e de lecture estim\u00e9e":"4 minutes"},"schema":{"@context":"https:\/\/schema.org","@graph":[{"@type":"WebPage","@id":"https:\/\/www.raytech.it\/fr\/gel-box-line","url":"https:\/\/www.raytech.it\/fr\/gel-box-line","name":"gel-box-line | Raytech","isPartOf":{"@id":"https:\/\/www.raytech.it\/#website"},"datePublished":"2016-11-10T12:07:54+00:00","dateModified":"2019-08-21T17:00:49+00:00","breadcrumb":{"@id":"https:\/\/www.raytech.it\/fr\/gel-box-line#breadcrumb"},"inLanguage":"fr-FR","potentialAction":[{"@type":"ReadAction","target":["https:\/\/www.raytech.it\/fr\/gel-box-line"]}]},{"@type":"BreadcrumbList","@id":"https:\/\/www.raytech.it\/fr\/gel-box-line#breadcrumb","itemListElement":[{"@type":"ListItem","position":1,"name":"Home","item":"https:\/\/www.raytech.it\/fr"},{"@type":"ListItem","position":2,"name":"gel-box-line"}]},{"@type":"WebSite","@id":"https:\/\/www.raytech.it\/#website","url":"https:\/\/www.raytech.it\/","name":"Raytech","description":"Cable accessories company","publisher":{"@id":"https:\/\/www.raytech.it\/#organization"},"potentialAction":[{"@type":"SearchAction","target":{"@type":"EntryPoint","urlTemplate":"https:\/\/www.raytech.it\/?s={search_term_string}"},"query-input":{"@type":"PropertyValueSpecification","valueRequired":true,"valueName":"search_term_string"}}],"inLanguage":"fr-FR"},{"@type":"Organization","@id":"https:\/\/www.raytech.it\/#organization","name":"Raytech","url":"https:\/\/www.raytech.it\/","logo":{"@type":"ImageObject","inLanguage":"fr-FR","@id":"https:\/\/www.raytech.it\/#\/schema\/logo\/image\/","url":"https:\/\/www.raytech.it\/wp-content\/uploads\/logo-raytech-2019-retina-3.png","contentUrl":"https:\/\/www.raytech.it\/wp-content\/uploads\/logo-raytech-2019-retina-3.png","width":340,"height":90,"caption":"Raytech"},"image":{"@id":"https:\/\/www.raytech.it\/#\/schema\/logo\/image\/"},"sameAs":["https:\/\/www.facebook.com\/RaytechItaly","https:\/\/www.instagram.com\/raytech_italy\/","https:\/\/www.youtube.com\/user\/raytechitaly","https:\/\/twitter.com\/Raytech_Italy"]}]}},"_links":{"self":[{"href":"https:\/\/www.raytech.it\/fr\/wp-json\/wp\/v2\/pages\/9154","targetHints":{"allow":["GET"]}}],"collection":[{"href":"https:\/\/www.raytech.it\/fr\/wp-json\/wp\/v2\/pages"}],"about":[{"href":"https:\/\/www.raytech.it\/fr\/wp-json\/wp\/v2\/types\/page"}],"author":[{"embeddable":true,"href":"https:\/\/www.raytech.it\/fr\/wp-json\/wp\/v2\/users\/1"}],"replies":[{"embeddable":true,"href":"https:\/\/www.raytech.it\/fr\/wp-json\/wp\/v2\/comments?post=9154"}],"version-history":[{"count":0,"href":"https:\/\/www.raytech.it\/fr\/wp-json\/wp\/v2\/pages\/9154\/revisions"}],"wp:attachment":[{"href":"https:\/\/www.raytech.it\/fr\/wp-json\/wp\/v2\/media?parent=9154"}],"curies":[{"name":"wp","href":"https:\/\/api.w.org\/{rel}","templated":true}]}}