{"id":33441,"date":"2023-06-07T14:59:34","date_gmt":"2023-06-07T13:59:34","guid":{"rendered":"https:\/\/www.raytech.it\/?post_type=product&#038;p=33441"},"modified":"2025-02-20T05:06:39","modified_gmt":"2025-02-20T04:06:39","slug":"ready-cast","status":"publish","type":"product","link":"https:\/\/www.raytech.it\/fr\/produit\/basse-tension\/jonction\/pre-remplis\/ready-cast","title":{"rendered":"Ready Cast"},"content":{"rendered":"<h4>La nouvelle jonction pr\u00e9remplie en r\u00e9sine pour c\u00e2bles \u00e0 isolation extrud\u00e9e jusqu\u2019\u00e0 1 kV.<\/h4>\n<p>Gr\u00e2ce \u00e0 son syst\u00e8me innovant d\u2019entr\u00e9e de c\u00e2ble pr\u00e9-grav\u00e9 et \u00e0 fracture facilit\u00e9e, Ready Cast s\u2019adapte rapidement et avec une extr\u00eame simplicit\u00e9 \u00e0 n\u2019importe quel diam\u00e8tre de c\u00e2ble dans le respect des diam\u00e8tres minimaux et maximaux qui peuvent \u00eatre log\u00e9s dans la gamme. Avec le bornier rapide et s\u00fbr inclus dans le pack ou avec des connecteurs d\u2019usage commun, toujours log\u00e9s dans le pratique s\u00e9parateur \u00e0 croisi\u00e8re, inclus dans le kit. Ready Cast est \u00e9quip\u00e9 d\u2019un syst\u00e8me anti-traction du c\u00e2ble car il peut \u00eatre ancr\u00e9 au bo\u00eetier \u00e0 l\u2019aide des colliers fournies.<\/p>\n","protected":false},"excerpt":{"rendered":"<p>La nouvelle jonction pr\u00e9remplie en r\u00e9sine pour c\u00e2bles \u00e0 isolation extrud\u00e9e jusqu\u2019\u00e0 1 kV. Gr\u00e2ce \u00e0 son syst\u00e8me innovant d\u2019entr\u00e9e de c\u00e2ble pr\u00e9-grav\u00e9 et \u00e0 fracture facilit\u00e9e, Ready Cast s\u2019adapte<span class=\"excerpt-hellip\"> [\u2026]<\/span><\/p>\n","protected":false},"featured_media":33524,"template":"","meta":[],"product_brand":[],"product_cat":[136,138,141],"product_tag":[],"class_list":{"0":"post-33441","1":"product","2":"type-product","3":"status-publish","4":"has-post-thumbnail","6":"product_cat-basse-tension","7":"product_cat-jonction","8":"product_cat-pre-remplis","10":"first","11":"instock","12":"taxable","13":"shipping-taxable","14":"purchasable","15":"product-type-variable"},"yoast_head":"<!-- This site is optimized with the Yoast SEO plugin v26.5 - https:\/\/yoast.com\/wordpress\/plugins\/seo\/ -->\n<title>Ready Cast - Mini giunti IP68 e IP69K pre-riempiti in gel | Raytech<\/title>\n<meta name=\"robots\" content=\"index, follow, max-snippet:-1, max-image-preview:large, max-video-preview:-1\" \/>\n<link rel=\"canonical\" href=\"https:\/\/www.raytech.it\/fr\/produit\/basse-tension\/jonction\/pre-remplis\/ready-cast\" \/>\n<meta property=\"og:locale\" content=\"fr_FR\" \/>\n<meta property=\"og:type\" content=\"article\" \/>\n<meta property=\"og:title\" content=\"Ready Cast - Mini giunti IP68 e IP69K pre-riempiti in gel | Raytech\" \/>\n<meta property=\"og:description\" content=\"La nouvelle jonction pr\u00e9remplie en r\u00e9sine pour c\u00e2bles \u00e0 isolation extrud\u00e9e jusqu\u2019\u00e0 1 kV. Gr\u00e2ce \u00e0 son syst\u00e8me innovant d\u2019entr\u00e9e de c\u00e2ble pr\u00e9-grav\u00e9 et \u00e0 fracture facilit\u00e9e, Ready Cast s\u2019adapte [\u2026]\" \/>\n<meta property=\"og:url\" content=\"https:\/\/www.raytech.it\/fr\/produit\/basse-tension\/jonction\/pre-remplis\/ready-cast\" \/>\n<meta property=\"og:site_name\" content=\"Raytech\" \/>\n<meta property=\"article:publisher\" content=\"https:\/\/www.facebook.com\/RaytechItaly\" \/>\n<meta property=\"article:modified_time\" content=\"2025-02-20T04:06:39+00:00\" \/>\n<meta property=\"og:image\" content=\"https:\/\/www.raytech.it\/wp-content\/uploads\/ReadyCast.jpg\" \/>\n\t<meta property=\"og:image:width\" content=\"1024\" \/>\n\t<meta property=\"og:image:height\" content=\"1024\" \/>\n\t<meta property=\"og:image:type\" content=\"image\/jpeg\" \/>\n<meta name=\"twitter:card\" content=\"summary_large_image\" \/>\n<meta name=\"twitter:label1\" content=\"Dur\u00e9e de lecture estim\u00e9e\" \/>\n\t<meta name=\"twitter:data1\" content=\"1 minute\" \/>\n<script type=\"application\/ld+json\" class=\"yoast-schema-graph\">{\"@context\":\"https:\/\/schema.org\",\"@graph\":[{\"@type\":\"WebPage\",\"@id\":\"https:\/\/www.raytech.it\/fr\/produit\/basse-tension\/jonction\/pre-remplis\/ready-cast\",\"url\":\"https:\/\/www.raytech.it\/fr\/produit\/basse-tension\/jonction\/pre-remplis\/ready-cast\",\"name\":\"Ready Cast - Mini giunti IP68 e IP69K pre-riempiti in gel | Raytech\",\"isPartOf\":{\"@id\":\"https:\/\/www.raytech.it\/#website\"},\"primaryImageOfPage\":{\"@id\":\"https:\/\/www.raytech.it\/fr\/produit\/basse-tension\/jonction\/pre-remplis\/ready-cast#primaryimage\"},\"image\":{\"@id\":\"https:\/\/www.raytech.it\/fr\/produit\/basse-tension\/jonction\/pre-remplis\/ready-cast#primaryimage\"},\"thumbnailUrl\":\"https:\/\/www.raytech.it\/wp-content\/uploads\/ReadyCast.jpg\",\"datePublished\":\"2023-06-07T13:59:34+00:00\",\"dateModified\":\"2025-02-20T04:06:39+00:00\",\"breadcrumb\":{\"@id\":\"https:\/\/www.raytech.it\/fr\/produit\/basse-tension\/jonction\/pre-remplis\/ready-cast#breadcrumb\"},\"inLanguage\":\"fr-FR\",\"potentialAction\":[{\"@type\":\"ReadAction\",\"target\":[\"https:\/\/www.raytech.it\/fr\/produit\/basse-tension\/jonction\/pre-remplis\/ready-cast\"]}]},{\"@type\":\"ImageObject\",\"inLanguage\":\"fr-FR\",\"@id\":\"https:\/\/www.raytech.it\/fr\/produit\/basse-tension\/jonction\/pre-remplis\/ready-cast#primaryimage\",\"url\":\"https:\/\/www.raytech.it\/wp-content\/uploads\/ReadyCast.jpg\",\"contentUrl\":\"https:\/\/www.raytech.it\/wp-content\/uploads\/ReadyCast.jpg\",\"width\":1024,\"height\":1024},{\"@type\":\"BreadcrumbList\",\"@id\":\"https:\/\/www.raytech.it\/fr\/produit\/basse-tension\/jonction\/pre-remplis\/ready-cast#breadcrumb\",\"itemListElement\":[{\"@type\":\"ListItem\",\"position\":1,\"name\":\"Home\",\"item\":\"https:\/\/www.raytech.it\/fr\"},{\"@type\":\"ListItem\",\"position\":2,\"name\":\"Boutique\",\"item\":\"https:\/\/www.raytech.it\/fr\/boutique\"},{\"@type\":\"ListItem\",\"position\":3,\"name\":\"Ready Cast\"}]},{\"@type\":\"WebSite\",\"@id\":\"https:\/\/www.raytech.it\/#website\",\"url\":\"https:\/\/www.raytech.it\/\",\"name\":\"Raytech\",\"description\":\"Cable accessories company\",\"publisher\":{\"@id\":\"https:\/\/www.raytech.it\/#organization\"},\"potentialAction\":[{\"@type\":\"SearchAction\",\"target\":{\"@type\":\"EntryPoint\",\"urlTemplate\":\"https:\/\/www.raytech.it\/?s={search_term_string}\"},\"query-input\":{\"@type\":\"PropertyValueSpecification\",\"valueRequired\":true,\"valueName\":\"search_term_string\"}}],\"inLanguage\":\"fr-FR\"},{\"@type\":\"Organization\",\"@id\":\"https:\/\/www.raytech.it\/#organization\",\"name\":\"Raytech\",\"url\":\"https:\/\/www.raytech.it\/\",\"logo\":{\"@type\":\"ImageObject\",\"inLanguage\":\"fr-FR\",\"@id\":\"https:\/\/www.raytech.it\/#\/schema\/logo\/image\/\",\"url\":\"https:\/\/www.raytech.it\/wp-content\/uploads\/logo-raytech-2019-retina-3.png\",\"contentUrl\":\"https:\/\/www.raytech.it\/wp-content\/uploads\/logo-raytech-2019-retina-3.png\",\"width\":340,\"height\":90,\"caption\":\"Raytech\"},\"image\":{\"@id\":\"https:\/\/www.raytech.it\/#\/schema\/logo\/image\/\"},\"sameAs\":[\"https:\/\/www.facebook.com\/RaytechItaly\",\"https:\/\/www.instagram.com\/raytech_italy\/\",\"https:\/\/www.youtube.com\/user\/raytechitaly\",\"https:\/\/twitter.com\/Raytech_Italy\"]}]}<\/script>\n<!-- \/ Yoast SEO plugin. -->","yoast_head_json":{"title":"Ready Cast - Mini giunti IP68 e IP69K pre-riempiti in gel | Raytech","robots":{"index":"index","follow":"follow","max-snippet":"max-snippet:-1","max-image-preview":"max-image-preview:large","max-video-preview":"max-video-preview:-1"},"canonical":"https:\/\/www.raytech.it\/fr\/produit\/basse-tension\/jonction\/pre-remplis\/ready-cast","og_locale":"fr_FR","og_type":"article","og_title":"Ready Cast - Mini giunti IP68 e IP69K pre-riempiti in gel | Raytech","og_description":"La nouvelle jonction pr\u00e9remplie en r\u00e9sine pour c\u00e2bles \u00e0 isolation extrud\u00e9e jusqu\u2019\u00e0 1 kV. Gr\u00e2ce \u00e0 son syst\u00e8me innovant d\u2019entr\u00e9e de c\u00e2ble pr\u00e9-grav\u00e9 et \u00e0 fracture facilit\u00e9e, Ready Cast s\u2019adapte [\u2026]","og_url":"https:\/\/www.raytech.it\/fr\/produit\/basse-tension\/jonction\/pre-remplis\/ready-cast","og_site_name":"Raytech","article_publisher":"https:\/\/www.facebook.com\/RaytechItaly","article_modified_time":"2025-02-20T04:06:39+00:00","og_image":[{"width":1024,"height":1024,"url":"https:\/\/www.raytech.it\/wp-content\/uploads\/ReadyCast.jpg","type":"image\/jpeg"}],"twitter_card":"summary_large_image","twitter_misc":{"Dur\u00e9e de lecture estim\u00e9e":"1 minute"},"schema":{"@context":"https:\/\/schema.org","@graph":[{"@type":"WebPage","@id":"https:\/\/www.raytech.it\/fr\/produit\/basse-tension\/jonction\/pre-remplis\/ready-cast","url":"https:\/\/www.raytech.it\/fr\/produit\/basse-tension\/jonction\/pre-remplis\/ready-cast","name":"Ready Cast - Mini giunti IP68 e IP69K pre-riempiti in gel | Raytech","isPartOf":{"@id":"https:\/\/www.raytech.it\/#website"},"primaryImageOfPage":{"@id":"https:\/\/www.raytech.it\/fr\/produit\/basse-tension\/jonction\/pre-remplis\/ready-cast#primaryimage"},"image":{"@id":"https:\/\/www.raytech.it\/fr\/produit\/basse-tension\/jonction\/pre-remplis\/ready-cast#primaryimage"},"thumbnailUrl":"https:\/\/www.raytech.it\/wp-content\/uploads\/ReadyCast.jpg","datePublished":"2023-06-07T13:59:34+00:00","dateModified":"2025-02-20T04:06:39+00:00","breadcrumb":{"@id":"https:\/\/www.raytech.it\/fr\/produit\/basse-tension\/jonction\/pre-remplis\/ready-cast#breadcrumb"},"inLanguage":"fr-FR","potentialAction":[{"@type":"ReadAction","target":["https:\/\/www.raytech.it\/fr\/produit\/basse-tension\/jonction\/pre-remplis\/ready-cast"]}]},{"@type":"ImageObject","inLanguage":"fr-FR","@id":"https:\/\/www.raytech.it\/fr\/produit\/basse-tension\/jonction\/pre-remplis\/ready-cast#primaryimage","url":"https:\/\/www.raytech.it\/wp-content\/uploads\/ReadyCast.jpg","contentUrl":"https:\/\/www.raytech.it\/wp-content\/uploads\/ReadyCast.jpg","width":1024,"height":1024},{"@type":"BreadcrumbList","@id":"https:\/\/www.raytech.it\/fr\/produit\/basse-tension\/jonction\/pre-remplis\/ready-cast#breadcrumb","itemListElement":[{"@type":"ListItem","position":1,"name":"Home","item":"https:\/\/www.raytech.it\/fr"},{"@type":"ListItem","position":2,"name":"Boutique","item":"https:\/\/www.raytech.it\/fr\/boutique"},{"@type":"ListItem","position":3,"name":"Ready Cast"}]},{"@type":"WebSite","@id":"https:\/\/www.raytech.it\/#website","url":"https:\/\/www.raytech.it\/","name":"Raytech","description":"Cable accessories company","publisher":{"@id":"https:\/\/www.raytech.it\/#organization"},"potentialAction":[{"@type":"SearchAction","target":{"@type":"EntryPoint","urlTemplate":"https:\/\/www.raytech.it\/?s={search_term_string}"},"query-input":{"@type":"PropertyValueSpecification","valueRequired":true,"valueName":"search_term_string"}}],"inLanguage":"fr-FR"},{"@type":"Organization","@id":"https:\/\/www.raytech.it\/#organization","name":"Raytech","url":"https:\/\/www.raytech.it\/","logo":{"@type":"ImageObject","inLanguage":"fr-FR","@id":"https:\/\/www.raytech.it\/#\/schema\/logo\/image\/","url":"https:\/\/www.raytech.it\/wp-content\/uploads\/logo-raytech-2019-retina-3.png","contentUrl":"https:\/\/www.raytech.it\/wp-content\/uploads\/logo-raytech-2019-retina-3.png","width":340,"height":90,"caption":"Raytech"},"image":{"@id":"https:\/\/www.raytech.it\/#\/schema\/logo\/image\/"},"sameAs":["https:\/\/www.facebook.com\/RaytechItaly","https:\/\/www.instagram.com\/raytech_italy\/","https:\/\/www.youtube.com\/user\/raytechitaly","https:\/\/twitter.com\/Raytech_Italy"]}]}},"_links":{"self":[{"href":"https:\/\/www.raytech.it\/fr\/wp-json\/wp\/v2\/product\/33441","targetHints":{"allow":["GET"]}}],"collection":[{"href":"https:\/\/www.raytech.it\/fr\/wp-json\/wp\/v2\/product"}],"about":[{"href":"https:\/\/www.raytech.it\/fr\/wp-json\/wp\/v2\/types\/product"}],"wp:featuredmedia":[{"embeddable":true,"href":"https:\/\/www.raytech.it\/fr\/wp-json\/wp\/v2\/media\/33524"}],"wp:attachment":[{"href":"https:\/\/www.raytech.it\/fr\/wp-json\/wp\/v2\/media?parent=33441"}],"wp:term":[{"taxonomy":"product_brand","embeddable":true,"href":"https:\/\/www.raytech.it\/fr\/wp-json\/wp\/v2\/product_brand?post=33441"},{"taxonomy":"product_cat","embeddable":true,"href":"https:\/\/www.raytech.it\/fr\/wp-json\/wp\/v2\/product_cat?post=33441"},{"taxonomy":"product_tag","embeddable":true,"href":"https:\/\/www.raytech.it\/fr\/wp-json\/wp\/v2\/product_tag?post=33441"}],"curies":[{"name":"wp","href":"https:\/\/api.w.org\/{rel}","templated":true}]}}