{"id":36053,"date":"2024-10-09T08:48:22","date_gmt":"2024-10-09T07:48:23","guid":{"rendered":"https:\/\/www.raytech.it\/?post_type=product&#038;p=36053"},"modified":"2025-02-18T16:36:52","modified_gmt":"2025-02-18T15:36:52","slug":"solarcover","status":"publish","type":"product","link":"https:\/\/www.raytech.it\/fr\/produit\/energies-renouvelables\/couvercles-ip68-pour-connecteurs\/solarcover","title":{"rendered":"Solarcover"},"content":{"rendered":"<h4><span style=\"color: #008b33;\">L&rsquo;accessoire cover extra dark avec remplissage en gel pour l&rsquo;\u00e9tanch\u00e9it\u00e9 des connecteurs de 4 \u00e0 10 mm\u00b2<br \/>\npour les syst\u00e8mes solaires et photovolta\u00efques.<\/span><\/h4>\n<p>Il pr\u00e9vient la d\u00e9t\u00e9rioration des connecteurs, en pr\u00e9servant leurs performances dans le temps et en \u00e9vitant les travaux de maintenance difficiles et co\u00fbteux. Il r\u00e9siste aux UV, \u00e0 la corrosion et \u00e0 l&rsquo;immersion dans l&rsquo;eau, m\u00eame sal\u00e9e ou chlor\u00e9e. Pr\u00eat, rapide et toujours avec possibilit\u00e9 de l\u2019inspecter.<\/p>\n<ul>\n<li>R\u00e9alis\u00e9 en polypropyl\u00e8ne UL 94-V2.<\/li>\n<li>Tr\u00e8s r\u00e9sistant \u00e0 l&rsquo;eau, \u00e0 la corrosion et au gel.<\/li>\n<li>Fourni avec un mastic silicone d&rsquo;\u00e9tanch\u00e9it\u00e9 non toxique et sans danger.<\/li>\n<li>C&rsquo;est l&rsquo;accessoire id\u00e9al pour prot\u00e9ger les connexions de c\u00e2bles des installations solaires et photovolta\u00efques en toutes saisons, compte tenu des variations de temp\u00e9rature et des conditions m\u00e9t\u00e9orologiques qui en d\u00e9coulent.<\/li>\n<li>Il permet de r\u00e9duire les risques d&rsquo;arcs \u00e9lectriques et les surchauffes qui en r\u00e9sultent.<\/li>\n<\/ul>\n","protected":false},"excerpt":{"rendered":"<p>L&rsquo;accessoire cover extra dark avec remplissage en gel pour l&rsquo;\u00e9tanch\u00e9it\u00e9 des connecteurs de 4 \u00e0 10 mm\u00b2 pour les syst\u00e8mes solaires et photovolta\u00efques. Il pr\u00e9vient la d\u00e9t\u00e9rioration des connecteurs, en<span class=\"excerpt-hellip\"> [\u2026]<\/span><\/p>\n","protected":false},"featured_media":36106,"template":"","meta":[],"product_brand":[],"product_cat":[1539,1541],"product_tag":[],"class_list":{"0":"post-36053","1":"product","2":"type-product","3":"status-publish","4":"has-post-thumbnail","6":"product_cat-energies-renouvelables","7":"product_cat-couvercles-ip68-pour-connecteurs","9":"first","10":"instock","11":"taxable","12":"shipping-taxable","13":"product-type-simple"},"yoast_head":"<!-- This site is optimized with the Yoast SEO plugin v26.5 - https:\/\/yoast.com\/wordpress\/plugins\/seo\/ -->\n<title>Solarcover | Raytech<\/title>\n<meta name=\"robots\" content=\"index, follow, max-snippet:-1, max-image-preview:large, max-video-preview:-1\" \/>\n<link rel=\"canonical\" href=\"https:\/\/www.raytech.it\/fr\/produit\/energies-renouvelables\/couvercles-ip68-pour-connecteurs\/solarcover\" \/>\n<meta property=\"og:locale\" content=\"fr_FR\" \/>\n<meta property=\"og:type\" content=\"article\" \/>\n<meta property=\"og:title\" content=\"Solarcover | Raytech\" \/>\n<meta property=\"og:description\" content=\"L&rsquo;accessoire cover extra dark avec remplissage en gel pour l&rsquo;\u00e9tanch\u00e9it\u00e9 des connecteurs de 4 \u00e0 10 mm\u00b2 pour les syst\u00e8mes solaires et photovolta\u00efques. Il pr\u00e9vient la d\u00e9t\u00e9rioration des connecteurs, en [\u2026]\" \/>\n<meta property=\"og:url\" content=\"https:\/\/www.raytech.it\/fr\/produit\/energies-renouvelables\/couvercles-ip68-pour-connecteurs\/solarcover\" \/>\n<meta property=\"og:site_name\" content=\"Raytech\" \/>\n<meta property=\"article:publisher\" content=\"https:\/\/www.facebook.com\/RaytechItaly\" \/>\n<meta property=\"article:modified_time\" content=\"2025-02-18T15:36:52+00:00\" \/>\n<meta property=\"og:image\" content=\"https:\/\/www.raytech.it\/wp-content\/uploads\/solarcover-installed.jpg\" \/>\n\t<meta property=\"og:image:width\" content=\"1024\" \/>\n\t<meta property=\"og:image:height\" content=\"1024\" \/>\n\t<meta property=\"og:image:type\" content=\"image\/jpeg\" \/>\n<meta name=\"twitter:card\" content=\"summary_large_image\" \/>\n<meta name=\"twitter:label1\" content=\"Dur\u00e9e de lecture estim\u00e9e\" \/>\n\t<meta name=\"twitter:data1\" content=\"1 minute\" \/>\n<script type=\"application\/ld+json\" class=\"yoast-schema-graph\">{\"@context\":\"https:\/\/schema.org\",\"@graph\":[{\"@type\":\"WebPage\",\"@id\":\"https:\/\/www.raytech.it\/fr\/produit\/energies-renouvelables\/couvercles-ip68-pour-connecteurs\/solarcover\",\"url\":\"https:\/\/www.raytech.it\/fr\/produit\/energies-renouvelables\/couvercles-ip68-pour-connecteurs\/solarcover\",\"name\":\"Solarcover | Raytech\",\"isPartOf\":{\"@id\":\"https:\/\/www.raytech.it\/#website\"},\"primaryImageOfPage\":{\"@id\":\"https:\/\/www.raytech.it\/fr\/produit\/energies-renouvelables\/couvercles-ip68-pour-connecteurs\/solarcover#primaryimage\"},\"image\":{\"@id\":\"https:\/\/www.raytech.it\/fr\/produit\/energies-renouvelables\/couvercles-ip68-pour-connecteurs\/solarcover#primaryimage\"},\"thumbnailUrl\":\"https:\/\/www.raytech.it\/wp-content\/uploads\/solarcover-installed.jpg\",\"datePublished\":\"2024-10-09T07:48:23+00:00\",\"dateModified\":\"2025-02-18T15:36:52+00:00\",\"breadcrumb\":{\"@id\":\"https:\/\/www.raytech.it\/fr\/produit\/energies-renouvelables\/couvercles-ip68-pour-connecteurs\/solarcover#breadcrumb\"},\"inLanguage\":\"fr-FR\",\"potentialAction\":[{\"@type\":\"ReadAction\",\"target\":[\"https:\/\/www.raytech.it\/fr\/produit\/energies-renouvelables\/couvercles-ip68-pour-connecteurs\/solarcover\"]}]},{\"@type\":\"ImageObject\",\"inLanguage\":\"fr-FR\",\"@id\":\"https:\/\/www.raytech.it\/fr\/produit\/energies-renouvelables\/couvercles-ip68-pour-connecteurs\/solarcover#primaryimage\",\"url\":\"https:\/\/www.raytech.it\/wp-content\/uploads\/solarcover-installed.jpg\",\"contentUrl\":\"https:\/\/www.raytech.it\/wp-content\/uploads\/solarcover-installed.jpg\",\"width\":1024,\"height\":1024},{\"@type\":\"BreadcrumbList\",\"@id\":\"https:\/\/www.raytech.it\/fr\/produit\/energies-renouvelables\/couvercles-ip68-pour-connecteurs\/solarcover#breadcrumb\",\"itemListElement\":[{\"@type\":\"ListItem\",\"position\":1,\"name\":\"Home\",\"item\":\"https:\/\/www.raytech.it\/fr\"},{\"@type\":\"ListItem\",\"position\":2,\"name\":\"Boutique\",\"item\":\"https:\/\/www.raytech.it\/fr\/boutique\"},{\"@type\":\"ListItem\",\"position\":3,\"name\":\"Solarcover\"}]},{\"@type\":\"WebSite\",\"@id\":\"https:\/\/www.raytech.it\/#website\",\"url\":\"https:\/\/www.raytech.it\/\",\"name\":\"Raytech\",\"description\":\"Cable accessories company\",\"publisher\":{\"@id\":\"https:\/\/www.raytech.it\/#organization\"},\"potentialAction\":[{\"@type\":\"SearchAction\",\"target\":{\"@type\":\"EntryPoint\",\"urlTemplate\":\"https:\/\/www.raytech.it\/?s={search_term_string}\"},\"query-input\":{\"@type\":\"PropertyValueSpecification\",\"valueRequired\":true,\"valueName\":\"search_term_string\"}}],\"inLanguage\":\"fr-FR\"},{\"@type\":\"Organization\",\"@id\":\"https:\/\/www.raytech.it\/#organization\",\"name\":\"Raytech\",\"url\":\"https:\/\/www.raytech.it\/\",\"logo\":{\"@type\":\"ImageObject\",\"inLanguage\":\"fr-FR\",\"@id\":\"https:\/\/www.raytech.it\/#\/schema\/logo\/image\/\",\"url\":\"https:\/\/www.raytech.it\/wp-content\/uploads\/logo-raytech-2019-retina-3.png\",\"contentUrl\":\"https:\/\/www.raytech.it\/wp-content\/uploads\/logo-raytech-2019-retina-3.png\",\"width\":340,\"height\":90,\"caption\":\"Raytech\"},\"image\":{\"@id\":\"https:\/\/www.raytech.it\/#\/schema\/logo\/image\/\"},\"sameAs\":[\"https:\/\/www.facebook.com\/RaytechItaly\",\"https:\/\/www.instagram.com\/raytech_italy\/\",\"https:\/\/www.youtube.com\/user\/raytechitaly\",\"https:\/\/twitter.com\/Raytech_Italy\"]}]}<\/script>\n<!-- \/ Yoast SEO plugin. -->","yoast_head_json":{"title":"Solarcover | Raytech","robots":{"index":"index","follow":"follow","max-snippet":"max-snippet:-1","max-image-preview":"max-image-preview:large","max-video-preview":"max-video-preview:-1"},"canonical":"https:\/\/www.raytech.it\/fr\/produit\/energies-renouvelables\/couvercles-ip68-pour-connecteurs\/solarcover","og_locale":"fr_FR","og_type":"article","og_title":"Solarcover | Raytech","og_description":"L&rsquo;accessoire cover extra dark avec remplissage en gel pour l&rsquo;\u00e9tanch\u00e9it\u00e9 des connecteurs de 4 \u00e0 10 mm\u00b2 pour les syst\u00e8mes solaires et photovolta\u00efques. Il pr\u00e9vient la d\u00e9t\u00e9rioration des connecteurs, en [\u2026]","og_url":"https:\/\/www.raytech.it\/fr\/produit\/energies-renouvelables\/couvercles-ip68-pour-connecteurs\/solarcover","og_site_name":"Raytech","article_publisher":"https:\/\/www.facebook.com\/RaytechItaly","article_modified_time":"2025-02-18T15:36:52+00:00","og_image":[{"width":1024,"height":1024,"url":"https:\/\/www.raytech.it\/wp-content\/uploads\/solarcover-installed.jpg","type":"image\/jpeg"}],"twitter_card":"summary_large_image","twitter_misc":{"Dur\u00e9e de lecture estim\u00e9e":"1 minute"},"schema":{"@context":"https:\/\/schema.org","@graph":[{"@type":"WebPage","@id":"https:\/\/www.raytech.it\/fr\/produit\/energies-renouvelables\/couvercles-ip68-pour-connecteurs\/solarcover","url":"https:\/\/www.raytech.it\/fr\/produit\/energies-renouvelables\/couvercles-ip68-pour-connecteurs\/solarcover","name":"Solarcover | Raytech","isPartOf":{"@id":"https:\/\/www.raytech.it\/#website"},"primaryImageOfPage":{"@id":"https:\/\/www.raytech.it\/fr\/produit\/energies-renouvelables\/couvercles-ip68-pour-connecteurs\/solarcover#primaryimage"},"image":{"@id":"https:\/\/www.raytech.it\/fr\/produit\/energies-renouvelables\/couvercles-ip68-pour-connecteurs\/solarcover#primaryimage"},"thumbnailUrl":"https:\/\/www.raytech.it\/wp-content\/uploads\/solarcover-installed.jpg","datePublished":"2024-10-09T07:48:23+00:00","dateModified":"2025-02-18T15:36:52+00:00","breadcrumb":{"@id":"https:\/\/www.raytech.it\/fr\/produit\/energies-renouvelables\/couvercles-ip68-pour-connecteurs\/solarcover#breadcrumb"},"inLanguage":"fr-FR","potentialAction":[{"@type":"ReadAction","target":["https:\/\/www.raytech.it\/fr\/produit\/energies-renouvelables\/couvercles-ip68-pour-connecteurs\/solarcover"]}]},{"@type":"ImageObject","inLanguage":"fr-FR","@id":"https:\/\/www.raytech.it\/fr\/produit\/energies-renouvelables\/couvercles-ip68-pour-connecteurs\/solarcover#primaryimage","url":"https:\/\/www.raytech.it\/wp-content\/uploads\/solarcover-installed.jpg","contentUrl":"https:\/\/www.raytech.it\/wp-content\/uploads\/solarcover-installed.jpg","width":1024,"height":1024},{"@type":"BreadcrumbList","@id":"https:\/\/www.raytech.it\/fr\/produit\/energies-renouvelables\/couvercles-ip68-pour-connecteurs\/solarcover#breadcrumb","itemListElement":[{"@type":"ListItem","position":1,"name":"Home","item":"https:\/\/www.raytech.it\/fr"},{"@type":"ListItem","position":2,"name":"Boutique","item":"https:\/\/www.raytech.it\/fr\/boutique"},{"@type":"ListItem","position":3,"name":"Solarcover"}]},{"@type":"WebSite","@id":"https:\/\/www.raytech.it\/#website","url":"https:\/\/www.raytech.it\/","name":"Raytech","description":"Cable accessories company","publisher":{"@id":"https:\/\/www.raytech.it\/#organization"},"potentialAction":[{"@type":"SearchAction","target":{"@type":"EntryPoint","urlTemplate":"https:\/\/www.raytech.it\/?s={search_term_string}"},"query-input":{"@type":"PropertyValueSpecification","valueRequired":true,"valueName":"search_term_string"}}],"inLanguage":"fr-FR"},{"@type":"Organization","@id":"https:\/\/www.raytech.it\/#organization","name":"Raytech","url":"https:\/\/www.raytech.it\/","logo":{"@type":"ImageObject","inLanguage":"fr-FR","@id":"https:\/\/www.raytech.it\/#\/schema\/logo\/image\/","url":"https:\/\/www.raytech.it\/wp-content\/uploads\/logo-raytech-2019-retina-3.png","contentUrl":"https:\/\/www.raytech.it\/wp-content\/uploads\/logo-raytech-2019-retina-3.png","width":340,"height":90,"caption":"Raytech"},"image":{"@id":"https:\/\/www.raytech.it\/#\/schema\/logo\/image\/"},"sameAs":["https:\/\/www.facebook.com\/RaytechItaly","https:\/\/www.instagram.com\/raytech_italy\/","https:\/\/www.youtube.com\/user\/raytechitaly","https:\/\/twitter.com\/Raytech_Italy"]}]}},"_links":{"self":[{"href":"https:\/\/www.raytech.it\/fr\/wp-json\/wp\/v2\/product\/36053","targetHints":{"allow":["GET"]}}],"collection":[{"href":"https:\/\/www.raytech.it\/fr\/wp-json\/wp\/v2\/product"}],"about":[{"href":"https:\/\/www.raytech.it\/fr\/wp-json\/wp\/v2\/types\/product"}],"wp:featuredmedia":[{"embeddable":true,"href":"https:\/\/www.raytech.it\/fr\/wp-json\/wp\/v2\/media\/36106"}],"wp:attachment":[{"href":"https:\/\/www.raytech.it\/fr\/wp-json\/wp\/v2\/media?parent=36053"}],"wp:term":[{"taxonomy":"product_brand","embeddable":true,"href":"https:\/\/www.raytech.it\/fr\/wp-json\/wp\/v2\/product_brand?post=36053"},{"taxonomy":"product_cat","embeddable":true,"href":"https:\/\/www.raytech.it\/fr\/wp-json\/wp\/v2\/product_cat?post=36053"},{"taxonomy":"product_tag","embeddable":true,"href":"https:\/\/www.raytech.it\/fr\/wp-json\/wp\/v2\/product_tag?post=36053"}],"curies":[{"name":"wp","href":"https:\/\/api.w.org\/{rel}","templated":true}]}}