{"id":36435,"date":"2024-10-15T10:48:24","date_gmt":"2024-10-15T09:48:24","guid":{"rendered":"https:\/\/www.raytech.it\/?post_type=product&#038;p=36435"},"modified":"2025-02-18T14:30:39","modified_gmt":"2025-02-18T13:30:39","slug":"rayblock","status":"publish","type":"product","link":"https:\/\/www.raytech.it\/fr\/produit\/basse-tension\/connecteurs\/bornes-a-levier\/rayblock","title":{"rendered":"RayBlock"},"content":{"rendered":"<h4><span style=\"color: #008b33;\">BORNES \u00c0 LEVIER IN &amp; OUT<\/span><\/h4>\n<p><strong>AVANTAGES<\/strong><\/p>\n<ul>\n<li>MODULAIRES<\/li>\n<li>COMPOSABLES<\/li>\n<li>ULTRARAPIDES<\/li>\n<li>AUTO-EXTINCTEURS<\/li>\n<li>Aucun outil n\u00e9cessaire.<\/li>\n<li>Elles permettent de bloquer et de d\u00e9bloquer individuellement chaque conducteur.<\/li>\n<\/ul>\n","protected":false},"excerpt":{"rendered":"<p>BORNES \u00c0 LEVIER IN &amp; OUT AVANTAGES MODULAIRES COMPOSABLES ULTRARAPIDES AUTO-EXTINCTEURS Aucun outil n\u00e9cessaire. Elles permettent de bloquer et de d\u00e9bloquer individuellement chaque conducteur.<\/p>\n","protected":false},"featured_media":36304,"template":"","meta":[],"product_brand":[],"product_cat":[1563,1557,136],"product_tag":[],"class_list":{"0":"post-36435","1":"product","2":"type-product","3":"status-publish","4":"has-post-thumbnail","6":"product_cat-bornes-a-levier","7":"product_cat-connecteurs","8":"product_cat-basse-tension","10":"first","11":"instock","12":"taxable","13":"shipping-taxable","14":"product-type-simple"},"yoast_head":"<!-- This site is optimized with the Yoast SEO plugin v26.5 - https:\/\/yoast.com\/wordpress\/plugins\/seo\/ -->\n<title>RayBlock<\/title>\n<meta name=\"description\" content=\"La cover extra dark con filler in gel per la sigillatura di connettori da 4 a 10 mm2 per impianti solari e fotovoltaici.\" \/>\n<meta name=\"robots\" content=\"index, follow, max-snippet:-1, max-image-preview:large, max-video-preview:-1\" \/>\n<link rel=\"canonical\" href=\"https:\/\/www.raytech.it\/fr\/produit\/basse-tension\/connecteurs\/bornes-a-levier\/rayblock\" \/>\n<meta property=\"og:locale\" content=\"fr_FR\" \/>\n<meta property=\"og:type\" content=\"article\" \/>\n<meta property=\"og:title\" content=\"RayBlock\" \/>\n<meta property=\"og:description\" content=\"La cover extra dark con filler in gel per la sigillatura di connettori da 4 a 10 mm2 per impianti solari e fotovoltaici.\" \/>\n<meta property=\"og:url\" content=\"https:\/\/www.raytech.it\/fr\/produit\/basse-tension\/connecteurs\/bornes-a-levier\/rayblock\" \/>\n<meta property=\"og:site_name\" content=\"Raytech\" \/>\n<meta property=\"article:publisher\" content=\"https:\/\/www.facebook.com\/RaytechItaly\" \/>\n<meta property=\"article:modified_time\" content=\"2025-02-18T13:30:39+00:00\" \/>\n<meta property=\"og:image\" content=\"https:\/\/www.raytech.it\/wp-content\/uploads\/morsetti-leva.jpg\" \/>\n\t<meta property=\"og:image:width\" content=\"1024\" \/>\n\t<meta property=\"og:image:height\" content=\"1024\" \/>\n\t<meta property=\"og:image:type\" content=\"image\/jpeg\" \/>\n<meta name=\"twitter:card\" content=\"summary_large_image\" \/>\n<meta name=\"twitter:label1\" content=\"Dur\u00e9e de lecture estim\u00e9e\" \/>\n\t<meta name=\"twitter:data1\" content=\"1 minute\" \/>\n<script type=\"application\/ld+json\" class=\"yoast-schema-graph\">{\"@context\":\"https:\/\/schema.org\",\"@graph\":[{\"@type\":\"WebPage\",\"@id\":\"https:\/\/www.raytech.it\/fr\/produit\/basse-tension\/connecteurs\/bornes-a-levier\/rayblock\",\"url\":\"https:\/\/www.raytech.it\/fr\/produit\/basse-tension\/connecteurs\/bornes-a-levier\/rayblock\",\"name\":\"RayBlock\",\"isPartOf\":{\"@id\":\"https:\/\/www.raytech.it\/#website\"},\"primaryImageOfPage\":{\"@id\":\"https:\/\/www.raytech.it\/fr\/produit\/basse-tension\/connecteurs\/bornes-a-levier\/rayblock#primaryimage\"},\"image\":{\"@id\":\"https:\/\/www.raytech.it\/fr\/produit\/basse-tension\/connecteurs\/bornes-a-levier\/rayblock#primaryimage\"},\"thumbnailUrl\":\"https:\/\/www.raytech.it\/wp-content\/uploads\/morsetti-leva.jpg\",\"datePublished\":\"2024-10-15T09:48:24+00:00\",\"dateModified\":\"2025-02-18T13:30:39+00:00\",\"description\":\"La cover extra dark con filler in gel per la sigillatura di connettori da 4 a 10 mm2 per impianti solari e fotovoltaici.\",\"breadcrumb\":{\"@id\":\"https:\/\/www.raytech.it\/fr\/produit\/basse-tension\/connecteurs\/bornes-a-levier\/rayblock#breadcrumb\"},\"inLanguage\":\"fr-FR\",\"potentialAction\":[{\"@type\":\"ReadAction\",\"target\":[\"https:\/\/www.raytech.it\/fr\/produit\/basse-tension\/connecteurs\/bornes-a-levier\/rayblock\"]}]},{\"@type\":\"ImageObject\",\"inLanguage\":\"fr-FR\",\"@id\":\"https:\/\/www.raytech.it\/fr\/produit\/basse-tension\/connecteurs\/bornes-a-levier\/rayblock#primaryimage\",\"url\":\"https:\/\/www.raytech.it\/wp-content\/uploads\/morsetti-leva.jpg\",\"contentUrl\":\"https:\/\/www.raytech.it\/wp-content\/uploads\/morsetti-leva.jpg\",\"width\":1024,\"height\":1024},{\"@type\":\"BreadcrumbList\",\"@id\":\"https:\/\/www.raytech.it\/fr\/produit\/basse-tension\/connecteurs\/bornes-a-levier\/rayblock#breadcrumb\",\"itemListElement\":[{\"@type\":\"ListItem\",\"position\":1,\"name\":\"Home\",\"item\":\"https:\/\/www.raytech.it\/fr\"},{\"@type\":\"ListItem\",\"position\":2,\"name\":\"Boutique\",\"item\":\"https:\/\/www.raytech.it\/fr\/boutique\"},{\"@type\":\"ListItem\",\"position\":3,\"name\":\"RayBlock\"}]},{\"@type\":\"WebSite\",\"@id\":\"https:\/\/www.raytech.it\/#website\",\"url\":\"https:\/\/www.raytech.it\/\",\"name\":\"Raytech\",\"description\":\"Cable accessories company\",\"publisher\":{\"@id\":\"https:\/\/www.raytech.it\/#organization\"},\"potentialAction\":[{\"@type\":\"SearchAction\",\"target\":{\"@type\":\"EntryPoint\",\"urlTemplate\":\"https:\/\/www.raytech.it\/?s={search_term_string}\"},\"query-input\":{\"@type\":\"PropertyValueSpecification\",\"valueRequired\":true,\"valueName\":\"search_term_string\"}}],\"inLanguage\":\"fr-FR\"},{\"@type\":\"Organization\",\"@id\":\"https:\/\/www.raytech.it\/#organization\",\"name\":\"Raytech\",\"url\":\"https:\/\/www.raytech.it\/\",\"logo\":{\"@type\":\"ImageObject\",\"inLanguage\":\"fr-FR\",\"@id\":\"https:\/\/www.raytech.it\/#\/schema\/logo\/image\/\",\"url\":\"https:\/\/www.raytech.it\/wp-content\/uploads\/logo-raytech-2019-retina-3.png\",\"contentUrl\":\"https:\/\/www.raytech.it\/wp-content\/uploads\/logo-raytech-2019-retina-3.png\",\"width\":340,\"height\":90,\"caption\":\"Raytech\"},\"image\":{\"@id\":\"https:\/\/www.raytech.it\/#\/schema\/logo\/image\/\"},\"sameAs\":[\"https:\/\/www.facebook.com\/RaytechItaly\",\"https:\/\/www.instagram.com\/raytech_italy\/\",\"https:\/\/www.youtube.com\/user\/raytechitaly\",\"https:\/\/twitter.com\/Raytech_Italy\"]}]}<\/script>\n<!-- \/ Yoast SEO plugin. -->","yoast_head_json":{"title":"RayBlock","description":"La cover extra dark con filler in gel per la sigillatura di connettori da 4 a 10 mm2 per impianti solari e fotovoltaici.","robots":{"index":"index","follow":"follow","max-snippet":"max-snippet:-1","max-image-preview":"max-image-preview:large","max-video-preview":"max-video-preview:-1"},"canonical":"https:\/\/www.raytech.it\/fr\/produit\/basse-tension\/connecteurs\/bornes-a-levier\/rayblock","og_locale":"fr_FR","og_type":"article","og_title":"RayBlock","og_description":"La cover extra dark con filler in gel per la sigillatura di connettori da 4 a 10 mm2 per impianti solari e fotovoltaici.","og_url":"https:\/\/www.raytech.it\/fr\/produit\/basse-tension\/connecteurs\/bornes-a-levier\/rayblock","og_site_name":"Raytech","article_publisher":"https:\/\/www.facebook.com\/RaytechItaly","article_modified_time":"2025-02-18T13:30:39+00:00","og_image":[{"width":1024,"height":1024,"url":"https:\/\/www.raytech.it\/wp-content\/uploads\/morsetti-leva.jpg","type":"image\/jpeg"}],"twitter_card":"summary_large_image","twitter_misc":{"Dur\u00e9e de lecture estim\u00e9e":"1 minute"},"schema":{"@context":"https:\/\/schema.org","@graph":[{"@type":"WebPage","@id":"https:\/\/www.raytech.it\/fr\/produit\/basse-tension\/connecteurs\/bornes-a-levier\/rayblock","url":"https:\/\/www.raytech.it\/fr\/produit\/basse-tension\/connecteurs\/bornes-a-levier\/rayblock","name":"RayBlock","isPartOf":{"@id":"https:\/\/www.raytech.it\/#website"},"primaryImageOfPage":{"@id":"https:\/\/www.raytech.it\/fr\/produit\/basse-tension\/connecteurs\/bornes-a-levier\/rayblock#primaryimage"},"image":{"@id":"https:\/\/www.raytech.it\/fr\/produit\/basse-tension\/connecteurs\/bornes-a-levier\/rayblock#primaryimage"},"thumbnailUrl":"https:\/\/www.raytech.it\/wp-content\/uploads\/morsetti-leva.jpg","datePublished":"2024-10-15T09:48:24+00:00","dateModified":"2025-02-18T13:30:39+00:00","description":"La cover extra dark con filler in gel per la sigillatura di connettori da 4 a 10 mm2 per impianti solari e fotovoltaici.","breadcrumb":{"@id":"https:\/\/www.raytech.it\/fr\/produit\/basse-tension\/connecteurs\/bornes-a-levier\/rayblock#breadcrumb"},"inLanguage":"fr-FR","potentialAction":[{"@type":"ReadAction","target":["https:\/\/www.raytech.it\/fr\/produit\/basse-tension\/connecteurs\/bornes-a-levier\/rayblock"]}]},{"@type":"ImageObject","inLanguage":"fr-FR","@id":"https:\/\/www.raytech.it\/fr\/produit\/basse-tension\/connecteurs\/bornes-a-levier\/rayblock#primaryimage","url":"https:\/\/www.raytech.it\/wp-content\/uploads\/morsetti-leva.jpg","contentUrl":"https:\/\/www.raytech.it\/wp-content\/uploads\/morsetti-leva.jpg","width":1024,"height":1024},{"@type":"BreadcrumbList","@id":"https:\/\/www.raytech.it\/fr\/produit\/basse-tension\/connecteurs\/bornes-a-levier\/rayblock#breadcrumb","itemListElement":[{"@type":"ListItem","position":1,"name":"Home","item":"https:\/\/www.raytech.it\/fr"},{"@type":"ListItem","position":2,"name":"Boutique","item":"https:\/\/www.raytech.it\/fr\/boutique"},{"@type":"ListItem","position":3,"name":"RayBlock"}]},{"@type":"WebSite","@id":"https:\/\/www.raytech.it\/#website","url":"https:\/\/www.raytech.it\/","name":"Raytech","description":"Cable accessories company","publisher":{"@id":"https:\/\/www.raytech.it\/#organization"},"potentialAction":[{"@type":"SearchAction","target":{"@type":"EntryPoint","urlTemplate":"https:\/\/www.raytech.it\/?s={search_term_string}"},"query-input":{"@type":"PropertyValueSpecification","valueRequired":true,"valueName":"search_term_string"}}],"inLanguage":"fr-FR"},{"@type":"Organization","@id":"https:\/\/www.raytech.it\/#organization","name":"Raytech","url":"https:\/\/www.raytech.it\/","logo":{"@type":"ImageObject","inLanguage":"fr-FR","@id":"https:\/\/www.raytech.it\/#\/schema\/logo\/image\/","url":"https:\/\/www.raytech.it\/wp-content\/uploads\/logo-raytech-2019-retina-3.png","contentUrl":"https:\/\/www.raytech.it\/wp-content\/uploads\/logo-raytech-2019-retina-3.png","width":340,"height":90,"caption":"Raytech"},"image":{"@id":"https:\/\/www.raytech.it\/#\/schema\/logo\/image\/"},"sameAs":["https:\/\/www.facebook.com\/RaytechItaly","https:\/\/www.instagram.com\/raytech_italy\/","https:\/\/www.youtube.com\/user\/raytechitaly","https:\/\/twitter.com\/Raytech_Italy"]}]}},"_links":{"self":[{"href":"https:\/\/www.raytech.it\/fr\/wp-json\/wp\/v2\/product\/36435","targetHints":{"allow":["GET"]}}],"collection":[{"href":"https:\/\/www.raytech.it\/fr\/wp-json\/wp\/v2\/product"}],"about":[{"href":"https:\/\/www.raytech.it\/fr\/wp-json\/wp\/v2\/types\/product"}],"wp:featuredmedia":[{"embeddable":true,"href":"https:\/\/www.raytech.it\/fr\/wp-json\/wp\/v2\/media\/36304"}],"wp:attachment":[{"href":"https:\/\/www.raytech.it\/fr\/wp-json\/wp\/v2\/media?parent=36435"}],"wp:term":[{"taxonomy":"product_brand","embeddable":true,"href":"https:\/\/www.raytech.it\/fr\/wp-json\/wp\/v2\/product_brand?post=36435"},{"taxonomy":"product_cat","embeddable":true,"href":"https:\/\/www.raytech.it\/fr\/wp-json\/wp\/v2\/product_cat?post=36435"},{"taxonomy":"product_tag","embeddable":true,"href":"https:\/\/www.raytech.it\/fr\/wp-json\/wp\/v2\/product_tag?post=36435"}],"curies":[{"name":"wp","href":"https:\/\/api.w.org\/{rel}","templated":true}]}}