{"id":6040,"date":"2015-11-10T10:42:08","date_gmt":"2015-12-14T11:02:34","guid":{"rendered":"https:\/\/www.raytech.it\/?post_type=product&#038;p=6040&#038;lang=fr"},"modified":"2025-02-20T02:41:38","modified_gmt":"2025-02-20T01:41:38","slug":"rapid-joint-ip68","status":"publish","type":"product","link":"https:\/\/www.raytech.it\/fr\/produit\/basse-tension\/jonction\/pre-remplis\/rapid-joint-ip68","title":{"rendered":"Rapid Joint IP68"},"content":{"rendered":"<h4>Joint pr\u00e9-rempli en gel, IP68 et IP69K, \u00e0 fermeture radiale<br \/>\npour des c\u00e2bles avec isolant extrud\u00e9 jusqu\u2019\u00e0 1 kV<\/h4>\n<p>L\u2019isolation primaire, constitu\u00e9e d\u2019un gel polym\u00e8re r\u00e9ticul\u00e9, et l\u2019\u00e9tui en plastique isolant d\u2019une<br \/>\nexcellente r\u00e9sistance rendent le joint de Classe 2 parfaitement conforme aux prescriptions<br \/>\nde la norme CEI 64-8. Le joint, test\u00e9 selon les crit\u00e8res sp\u00e9cifiques internationaux avec des<br \/>\ncycles de flexion et de torsion r\u00e9p\u00e9t\u00e9s et par immersion dans l\u2019eau, a \u00e9t\u00e9 d\u00e9clar\u00e9 conforme<br \/>\naux exigences m\u00e9caniques, \u00e9lectriques et de scellement n\u00e9cessaires aux accessoires pour<br \/>\nc\u00e2bles en plastique. Le joint et ses composants ont une dur\u00e9e de stockage illimit\u00e9e, sont<br \/>\nchimiquement inertes et donc absolument fiables ; les connexions des conducteurs sont r\u00e9accessibles m\u00eame apr\u00e8s de longues p\u00e9riodes de fonctionnement. R\u00e9alis\u00e9 dans un mat\u00e9riau<br \/>\nauto-extinguible, qui ne propage pas la flamme, pour des c\u00e2bles ayant une temp\u00e9rature de<br \/>\nfonctionnement de 90\u00b0C. Le syst\u00e8me de fermeture radiale facilite l\u2019application du joint, en<br \/>\nle rendant r\u00e9-accessible seulement avec l\u2019aide d\u2019un outil.<br \/>\n<\/br><\/br><\/p>\n<ul>\n<li><span style=\"color: #009233;\">Pour des connexions droites (en ligne)<\/span><\/li>\n<li><span style=\"color: #009233;\">Pour des c\u00e2bles multipolaires jusqu\u2019\u00e0 5 brins<\/span><\/li>\n<li><span style=\"color: #009233;\">Dot\u00e9 d\u2019un espaceur pour centrer correctement la connexion<\/span><\/li>\n<li><span style=\"color: #009233;\">Pour tous les emplois, m\u00eame submerg\u00e9<\/span><\/li>\n<li><span style=\"color: #009233;\">Vaste gamme de typologies de c\u00e2ble<\/span><\/li>\n<li><span style=\"color: #009233;\">R\u00e9-accessible seulement \u00e0 l\u2019aide d\u2019un outil<\/span><\/li>\n<li><span style=\"color: #009233;\">Indiqu\u00e9 m\u00eame pour la transposition des phases<\/span><\/li>\n<li><span style=\"color: #009233;\">Atoxique et sans date de p\u00e9remption<\/span><\/li>\n<\/ul>\n","protected":false},"excerpt":{"rendered":"<p>Joint pr\u00e9-rempli en gel, IP68 et IP69K, \u00e0 fermeture radiale pour des c\u00e2bles avec isolant extrud\u00e9 jusqu\u2019\u00e0 1 kV L\u2019isolation primaire, constitu\u00e9e d\u2019un gel polym\u00e8re r\u00e9ticul\u00e9, et l\u2019\u00e9tui en plastique<span class=\"excerpt-hellip\"> [\u2026]<\/span><\/p>\n","protected":false},"featured_media":19299,"template":"","meta":[],"product_brand":[],"product_cat":[136,138,141],"product_tag":[],"class_list":{"0":"post-6040","1":"product","2":"type-product","3":"status-publish","4":"has-post-thumbnail","6":"product_cat-basse-tension","7":"product_cat-jonction","8":"product_cat-pre-remplis","10":"first","11":"instock","12":"taxable","13":"shipping-taxable","14":"product-type-simple"},"yoast_head":"<!-- This site is optimized with the Yoast SEO plugin v26.5 - https:\/\/yoast.com\/wordpress\/plugins\/seo\/ -->\n<title>Rapid Joint IP68 | Raytech<\/title>\n<meta name=\"robots\" content=\"index, follow, max-snippet:-1, max-image-preview:large, max-video-preview:-1\" \/>\n<link rel=\"canonical\" href=\"https:\/\/www.raytech.it\/fr\/produit\/basse-tension\/jonction\/pre-remplis\/rapid-joint-ip68\" \/>\n<meta property=\"og:locale\" content=\"fr_FR\" \/>\n<meta property=\"og:type\" content=\"article\" \/>\n<meta property=\"og:title\" content=\"Rapid Joint IP68 | Raytech\" \/>\n<meta property=\"og:description\" content=\"Joint pr\u00e9-rempli en gel, IP68 et IP69K, \u00e0 fermeture radiale pour des c\u00e2bles avec isolant extrud\u00e9 jusqu\u2019\u00e0 1 kV L\u2019isolation primaire, constitu\u00e9e d\u2019un gel polym\u00e8re r\u00e9ticul\u00e9, et l\u2019\u00e9tui en plastique [\u2026]\" \/>\n<meta property=\"og:url\" content=\"https:\/\/www.raytech.it\/fr\/produit\/basse-tension\/jonction\/pre-remplis\/rapid-joint-ip68\" \/>\n<meta property=\"og:site_name\" content=\"Raytech\" \/>\n<meta property=\"article:publisher\" content=\"https:\/\/www.facebook.com\/RaytechItaly\" \/>\n<meta property=\"article:modified_time\" content=\"2025-02-20T01:41:38+00:00\" \/>\n<meta property=\"og:image\" content=\"https:\/\/www.raytech.it\/wp-content\/uploads\/rapidJIp68.jpg\" \/>\n\t<meta property=\"og:image:width\" content=\"1024\" \/>\n\t<meta property=\"og:image:height\" content=\"1024\" \/>\n\t<meta property=\"og:image:type\" content=\"image\/jpeg\" \/>\n<meta name=\"twitter:card\" content=\"summary_large_image\" \/>\n<meta name=\"twitter:label1\" content=\"Dur\u00e9e de lecture estim\u00e9e\" \/>\n\t<meta name=\"twitter:data1\" content=\"1 minute\" \/>\n<script type=\"application\/ld+json\" class=\"yoast-schema-graph\">{\"@context\":\"https:\/\/schema.org\",\"@graph\":[{\"@type\":\"WebPage\",\"@id\":\"https:\/\/www.raytech.it\/fr\/produit\/basse-tension\/jonction\/pre-remplis\/rapid-joint-ip68\",\"url\":\"https:\/\/www.raytech.it\/fr\/produit\/basse-tension\/jonction\/pre-remplis\/rapid-joint-ip68\",\"name\":\"Rapid Joint IP68 | Raytech\",\"isPartOf\":{\"@id\":\"https:\/\/www.raytech.it\/#website\"},\"primaryImageOfPage\":{\"@id\":\"https:\/\/www.raytech.it\/fr\/produit\/basse-tension\/jonction\/pre-remplis\/rapid-joint-ip68#primaryimage\"},\"image\":{\"@id\":\"https:\/\/www.raytech.it\/fr\/produit\/basse-tension\/jonction\/pre-remplis\/rapid-joint-ip68#primaryimage\"},\"thumbnailUrl\":\"https:\/\/www.raytech.it\/wp-content\/uploads\/rapidJIp68.jpg\",\"datePublished\":\"2015-12-14T11:02:34+00:00\",\"dateModified\":\"2025-02-20T01:41:38+00:00\",\"breadcrumb\":{\"@id\":\"https:\/\/www.raytech.it\/fr\/produit\/basse-tension\/jonction\/pre-remplis\/rapid-joint-ip68#breadcrumb\"},\"inLanguage\":\"fr-FR\",\"potentialAction\":[{\"@type\":\"ReadAction\",\"target\":[\"https:\/\/www.raytech.it\/fr\/produit\/basse-tension\/jonction\/pre-remplis\/rapid-joint-ip68\"]}]},{\"@type\":\"ImageObject\",\"inLanguage\":\"fr-FR\",\"@id\":\"https:\/\/www.raytech.it\/fr\/produit\/basse-tension\/jonction\/pre-remplis\/rapid-joint-ip68#primaryimage\",\"url\":\"https:\/\/www.raytech.it\/wp-content\/uploads\/rapidJIp68.jpg\",\"contentUrl\":\"https:\/\/www.raytech.it\/wp-content\/uploads\/rapidJIp68.jpg\",\"width\":1024,\"height\":1024},{\"@type\":\"BreadcrumbList\",\"@id\":\"https:\/\/www.raytech.it\/fr\/produit\/basse-tension\/jonction\/pre-remplis\/rapid-joint-ip68#breadcrumb\",\"itemListElement\":[{\"@type\":\"ListItem\",\"position\":1,\"name\":\"Home\",\"item\":\"https:\/\/www.raytech.it\/fr\"},{\"@type\":\"ListItem\",\"position\":2,\"name\":\"Boutique\",\"item\":\"https:\/\/www.raytech.it\/fr\/boutique\"},{\"@type\":\"ListItem\",\"position\":3,\"name\":\"Rapid Joint IP68\"}]},{\"@type\":\"WebSite\",\"@id\":\"https:\/\/www.raytech.it\/#website\",\"url\":\"https:\/\/www.raytech.it\/\",\"name\":\"Raytech\",\"description\":\"Cable accessories company\",\"publisher\":{\"@id\":\"https:\/\/www.raytech.it\/#organization\"},\"potentialAction\":[{\"@type\":\"SearchAction\",\"target\":{\"@type\":\"EntryPoint\",\"urlTemplate\":\"https:\/\/www.raytech.it\/?s={search_term_string}\"},\"query-input\":{\"@type\":\"PropertyValueSpecification\",\"valueRequired\":true,\"valueName\":\"search_term_string\"}}],\"inLanguage\":\"fr-FR\"},{\"@type\":\"Organization\",\"@id\":\"https:\/\/www.raytech.it\/#organization\",\"name\":\"Raytech\",\"url\":\"https:\/\/www.raytech.it\/\",\"logo\":{\"@type\":\"ImageObject\",\"inLanguage\":\"fr-FR\",\"@id\":\"https:\/\/www.raytech.it\/#\/schema\/logo\/image\/\",\"url\":\"https:\/\/www.raytech.it\/wp-content\/uploads\/logo-raytech-2019-retina-3.png\",\"contentUrl\":\"https:\/\/www.raytech.it\/wp-content\/uploads\/logo-raytech-2019-retina-3.png\",\"width\":340,\"height\":90,\"caption\":\"Raytech\"},\"image\":{\"@id\":\"https:\/\/www.raytech.it\/#\/schema\/logo\/image\/\"},\"sameAs\":[\"https:\/\/www.facebook.com\/RaytechItaly\",\"https:\/\/www.instagram.com\/raytech_italy\/\",\"https:\/\/www.youtube.com\/user\/raytechitaly\",\"https:\/\/twitter.com\/Raytech_Italy\"]}]}<\/script>\n<!-- \/ Yoast SEO plugin. -->","yoast_head_json":{"title":"Rapid Joint IP68 | Raytech","robots":{"index":"index","follow":"follow","max-snippet":"max-snippet:-1","max-image-preview":"max-image-preview:large","max-video-preview":"max-video-preview:-1"},"canonical":"https:\/\/www.raytech.it\/fr\/produit\/basse-tension\/jonction\/pre-remplis\/rapid-joint-ip68","og_locale":"fr_FR","og_type":"article","og_title":"Rapid Joint IP68 | Raytech","og_description":"Joint pr\u00e9-rempli en gel, IP68 et IP69K, \u00e0 fermeture radiale pour des c\u00e2bles avec isolant extrud\u00e9 jusqu\u2019\u00e0 1 kV L\u2019isolation primaire, constitu\u00e9e d\u2019un gel polym\u00e8re r\u00e9ticul\u00e9, et l\u2019\u00e9tui en plastique [\u2026]","og_url":"https:\/\/www.raytech.it\/fr\/produit\/basse-tension\/jonction\/pre-remplis\/rapid-joint-ip68","og_site_name":"Raytech","article_publisher":"https:\/\/www.facebook.com\/RaytechItaly","article_modified_time":"2025-02-20T01:41:38+00:00","og_image":[{"width":1024,"height":1024,"url":"https:\/\/www.raytech.it\/wp-content\/uploads\/rapidJIp68.jpg","type":"image\/jpeg"}],"twitter_card":"summary_large_image","twitter_misc":{"Dur\u00e9e de lecture estim\u00e9e":"1 minute"},"schema":{"@context":"https:\/\/schema.org","@graph":[{"@type":"WebPage","@id":"https:\/\/www.raytech.it\/fr\/produit\/basse-tension\/jonction\/pre-remplis\/rapid-joint-ip68","url":"https:\/\/www.raytech.it\/fr\/produit\/basse-tension\/jonction\/pre-remplis\/rapid-joint-ip68","name":"Rapid Joint IP68 | Raytech","isPartOf":{"@id":"https:\/\/www.raytech.it\/#website"},"primaryImageOfPage":{"@id":"https:\/\/www.raytech.it\/fr\/produit\/basse-tension\/jonction\/pre-remplis\/rapid-joint-ip68#primaryimage"},"image":{"@id":"https:\/\/www.raytech.it\/fr\/produit\/basse-tension\/jonction\/pre-remplis\/rapid-joint-ip68#primaryimage"},"thumbnailUrl":"https:\/\/www.raytech.it\/wp-content\/uploads\/rapidJIp68.jpg","datePublished":"2015-12-14T11:02:34+00:00","dateModified":"2025-02-20T01:41:38+00:00","breadcrumb":{"@id":"https:\/\/www.raytech.it\/fr\/produit\/basse-tension\/jonction\/pre-remplis\/rapid-joint-ip68#breadcrumb"},"inLanguage":"fr-FR","potentialAction":[{"@type":"ReadAction","target":["https:\/\/www.raytech.it\/fr\/produit\/basse-tension\/jonction\/pre-remplis\/rapid-joint-ip68"]}]},{"@type":"ImageObject","inLanguage":"fr-FR","@id":"https:\/\/www.raytech.it\/fr\/produit\/basse-tension\/jonction\/pre-remplis\/rapid-joint-ip68#primaryimage","url":"https:\/\/www.raytech.it\/wp-content\/uploads\/rapidJIp68.jpg","contentUrl":"https:\/\/www.raytech.it\/wp-content\/uploads\/rapidJIp68.jpg","width":1024,"height":1024},{"@type":"BreadcrumbList","@id":"https:\/\/www.raytech.it\/fr\/produit\/basse-tension\/jonction\/pre-remplis\/rapid-joint-ip68#breadcrumb","itemListElement":[{"@type":"ListItem","position":1,"name":"Home","item":"https:\/\/www.raytech.it\/fr"},{"@type":"ListItem","position":2,"name":"Boutique","item":"https:\/\/www.raytech.it\/fr\/boutique"},{"@type":"ListItem","position":3,"name":"Rapid Joint IP68"}]},{"@type":"WebSite","@id":"https:\/\/www.raytech.it\/#website","url":"https:\/\/www.raytech.it\/","name":"Raytech","description":"Cable accessories company","publisher":{"@id":"https:\/\/www.raytech.it\/#organization"},"potentialAction":[{"@type":"SearchAction","target":{"@type":"EntryPoint","urlTemplate":"https:\/\/www.raytech.it\/?s={search_term_string}"},"query-input":{"@type":"PropertyValueSpecification","valueRequired":true,"valueName":"search_term_string"}}],"inLanguage":"fr-FR"},{"@type":"Organization","@id":"https:\/\/www.raytech.it\/#organization","name":"Raytech","url":"https:\/\/www.raytech.it\/","logo":{"@type":"ImageObject","inLanguage":"fr-FR","@id":"https:\/\/www.raytech.it\/#\/schema\/logo\/image\/","url":"https:\/\/www.raytech.it\/wp-content\/uploads\/logo-raytech-2019-retina-3.png","contentUrl":"https:\/\/www.raytech.it\/wp-content\/uploads\/logo-raytech-2019-retina-3.png","width":340,"height":90,"caption":"Raytech"},"image":{"@id":"https:\/\/www.raytech.it\/#\/schema\/logo\/image\/"},"sameAs":["https:\/\/www.facebook.com\/RaytechItaly","https:\/\/www.instagram.com\/raytech_italy\/","https:\/\/www.youtube.com\/user\/raytechitaly","https:\/\/twitter.com\/Raytech_Italy"]}]}},"_links":{"self":[{"href":"https:\/\/www.raytech.it\/fr\/wp-json\/wp\/v2\/product\/6040","targetHints":{"allow":["GET"]}}],"collection":[{"href":"https:\/\/www.raytech.it\/fr\/wp-json\/wp\/v2\/product"}],"about":[{"href":"https:\/\/www.raytech.it\/fr\/wp-json\/wp\/v2\/types\/product"}],"wp:featuredmedia":[{"embeddable":true,"href":"https:\/\/www.raytech.it\/fr\/wp-json\/wp\/v2\/media\/19299"}],"wp:attachment":[{"href":"https:\/\/www.raytech.it\/fr\/wp-json\/wp\/v2\/media?parent=6040"}],"wp:term":[{"taxonomy":"product_brand","embeddable":true,"href":"https:\/\/www.raytech.it\/fr\/wp-json\/wp\/v2\/product_brand?post=6040"},{"taxonomy":"product_cat","embeddable":true,"href":"https:\/\/www.raytech.it\/fr\/wp-json\/wp\/v2\/product_cat?post=6040"},{"taxonomy":"product_tag","embeddable":true,"href":"https:\/\/www.raytech.it\/fr\/wp-json\/wp\/v2\/product_tag?post=6040"}],"curies":[{"name":"wp","href":"https:\/\/api.w.org\/{rel}","templated":true}]}}