{"id":6045,"date":"2015-07-15T12:30:37","date_gmt":"2015-12-14T11:19:48","guid":{"rendered":"https:\/\/www.raytech.it\/?post_type=product&#038;p=6045&#038;lang=fr"},"modified":"2025-02-19T09:59:30","modified_gmt":"2025-02-19T08:59:30","slug":"clik-fire","status":"publish","type":"product","link":"https:\/\/www.raytech.it\/fr\/produit\/basse-tension\/jonction\/pre-remplis\/clik-fire","title":{"rendered":"Clik Fire"},"content":{"rendered":"<h4> Jonction pr\u00e9-remplie en gel, droite ou d\u00e9riv\u00e9e,<br \/>\npour c\u00e2bles multipolaires jusqu\u2019\u00e0 4 brinds avec<br \/>\nconnexion libre.<\/h4>\n<p><\/br><\/p>\n<h4> Clik Fire &#8211; A2A<\/h4>\n<h4> Jonctions de d\u00e9rivation pour dorsale pour syst\u00e8mes<br \/>\nd\u2019\u00e9clairage publics de type parall\u00e8le<\/h4>\n<p>Joints de d\u00e9rivation de dorsale \u00e0 dorsale, de dorsale \u00e0 mont\u00e9e de poteau, de ligne a\u00e9rienne<br \/>\n\u00e0 appareil pour poteau, de c\u00e2ble torsad\u00e9 \u00e0 appareil pour poteau, homologu\u00e9 par l\u2019Entreprise<br \/>\n\u00e9lectrique de Milan(A2A, ex AEM). Les accessoires sont dot\u00e9s de conducteurs \u00e0 vis Allen de<br \/>\ntype \u00e0 cage, pr\u00e9-isol\u00e9s et, pour les installations en regards, du couvercle moniteur de protection. Les joints sont atoxiques, sans date de p\u00e9remption et r\u00e9-accessibles<\/p>\n<p><\/br><\/br><\/p>\n<h4> Clik Fire &#8211; A2A (Fuse)<\/h4>\n<h4> Jonctions de d\u00e9rivation de dorsale \u00e0 mont\u00e9e de poteau<br \/>\navec fusible de protection.<\/h4>\n<p>Joints de d\u00e9rivation de dorsale \u00e0 mont\u00e9e de poteau avec sectionneur porte-fusible et fusible avec avertisseur de fusion qui indique l\u2019intervention. Les accessoires sont dot\u00e9s de<br \/>\nconnecteurs \u00e0 vis Allen de type \u00e0 cage, pr\u00e9-isol\u00e9s, et pour les installations en regards, du<br \/>\ncouvercle moniteur de protection. Les joints sont atoxiques, sans date de p\u00e9remption et<br \/>\nr\u00e9-accessibles, retard\u00e9s \u00e0 la flamme.<\/p>\n","protected":false},"excerpt":{"rendered":"<p>Jonction pr\u00e9-remplie en gel, droite ou d\u00e9riv\u00e9e, pour c\u00e2bles multipolaires jusqu\u2019\u00e0 4 brinds avec connexion libre. Clik Fire &#8211; A2A Jonctions de d\u00e9rivation pour dorsale pour syst\u00e8mes d\u2019\u00e9clairage publics de<span class=\"excerpt-hellip\"> [\u2026]<\/span><\/p>\n","protected":false},"featured_media":19391,"template":"","meta":[],"product_brand":[],"product_cat":[136,138,141],"product_tag":[],"class_list":{"0":"post-6045","1":"product","2":"type-product","3":"status-publish","4":"has-post-thumbnail","6":"product_cat-basse-tension","7":"product_cat-jonction","8":"product_cat-pre-remplis","10":"first","11":"outofstock","12":"taxable","13":"shipping-taxable","14":"product-type-simple"},"yoast_head":"<!-- This site is optimized with the Yoast SEO plugin v26.5 - https:\/\/yoast.com\/wordpress\/plugins\/seo\/ -->\n<title>Clik Fire | Raytech<\/title>\n<meta name=\"robots\" content=\"index, follow, max-snippet:-1, max-image-preview:large, max-video-preview:-1\" \/>\n<link rel=\"canonical\" href=\"https:\/\/www.raytech.it\/fr\/produit\/basse-tension\/jonction\/pre-remplis\/clik-fire\" \/>\n<meta property=\"og:locale\" content=\"fr_FR\" \/>\n<meta property=\"og:type\" content=\"article\" \/>\n<meta property=\"og:title\" content=\"Clik Fire | Raytech\" \/>\n<meta property=\"og:description\" content=\"Jonction pr\u00e9-remplie en gel, droite ou d\u00e9riv\u00e9e, pour c\u00e2bles multipolaires jusqu\u2019\u00e0 4 brinds avec connexion libre. Clik Fire &#8211; A2A Jonctions de d\u00e9rivation pour dorsale pour syst\u00e8mes d\u2019\u00e9clairage publics de [\u2026]\" \/>\n<meta property=\"og:url\" content=\"https:\/\/www.raytech.it\/fr\/produit\/basse-tension\/jonction\/pre-remplis\/clik-fire\" \/>\n<meta property=\"og:site_name\" content=\"Raytech\" \/>\n<meta property=\"article:publisher\" content=\"https:\/\/www.facebook.com\/RaytechItaly\" \/>\n<meta property=\"article:modified_time\" content=\"2025-02-19T08:59:30+00:00\" \/>\n<meta property=\"og:image\" content=\"https:\/\/www.raytech.it\/wp-content\/uploads\/clik.jpg\" \/>\n\t<meta property=\"og:image:width\" content=\"1024\" \/>\n\t<meta property=\"og:image:height\" content=\"1024\" \/>\n\t<meta property=\"og:image:type\" content=\"image\/jpeg\" \/>\n<meta name=\"twitter:card\" content=\"summary_large_image\" \/>\n<meta name=\"twitter:label1\" content=\"Dur\u00e9e de lecture estim\u00e9e\" \/>\n\t<meta name=\"twitter:data1\" content=\"1 minute\" \/>\n<script type=\"application\/ld+json\" class=\"yoast-schema-graph\">{\"@context\":\"https:\/\/schema.org\",\"@graph\":[{\"@type\":\"WebPage\",\"@id\":\"https:\/\/www.raytech.it\/fr\/produit\/basse-tension\/jonction\/pre-remplis\/clik-fire\",\"url\":\"https:\/\/www.raytech.it\/fr\/produit\/basse-tension\/jonction\/pre-remplis\/clik-fire\",\"name\":\"Clik Fire | Raytech\",\"isPartOf\":{\"@id\":\"https:\/\/www.raytech.it\/#website\"},\"primaryImageOfPage\":{\"@id\":\"https:\/\/www.raytech.it\/fr\/produit\/basse-tension\/jonction\/pre-remplis\/clik-fire#primaryimage\"},\"image\":{\"@id\":\"https:\/\/www.raytech.it\/fr\/produit\/basse-tension\/jonction\/pre-remplis\/clik-fire#primaryimage\"},\"thumbnailUrl\":\"https:\/\/www.raytech.it\/wp-content\/uploads\/clik.jpg\",\"datePublished\":\"2015-12-14T11:19:48+00:00\",\"dateModified\":\"2025-02-19T08:59:30+00:00\",\"breadcrumb\":{\"@id\":\"https:\/\/www.raytech.it\/fr\/produit\/basse-tension\/jonction\/pre-remplis\/clik-fire#breadcrumb\"},\"inLanguage\":\"fr-FR\",\"potentialAction\":[{\"@type\":\"ReadAction\",\"target\":[\"https:\/\/www.raytech.it\/fr\/produit\/basse-tension\/jonction\/pre-remplis\/clik-fire\"]}]},{\"@type\":\"ImageObject\",\"inLanguage\":\"fr-FR\",\"@id\":\"https:\/\/www.raytech.it\/fr\/produit\/basse-tension\/jonction\/pre-remplis\/clik-fire#primaryimage\",\"url\":\"https:\/\/www.raytech.it\/wp-content\/uploads\/clik.jpg\",\"contentUrl\":\"https:\/\/www.raytech.it\/wp-content\/uploads\/clik.jpg\",\"width\":1024,\"height\":1024},{\"@type\":\"BreadcrumbList\",\"@id\":\"https:\/\/www.raytech.it\/fr\/produit\/basse-tension\/jonction\/pre-remplis\/clik-fire#breadcrumb\",\"itemListElement\":[{\"@type\":\"ListItem\",\"position\":1,\"name\":\"Home\",\"item\":\"https:\/\/www.raytech.it\/fr\"},{\"@type\":\"ListItem\",\"position\":2,\"name\":\"Boutique\",\"item\":\"https:\/\/www.raytech.it\/fr\/boutique\"},{\"@type\":\"ListItem\",\"position\":3,\"name\":\"Clik Fire\"}]},{\"@type\":\"WebSite\",\"@id\":\"https:\/\/www.raytech.it\/#website\",\"url\":\"https:\/\/www.raytech.it\/\",\"name\":\"Raytech\",\"description\":\"Cable accessories company\",\"publisher\":{\"@id\":\"https:\/\/www.raytech.it\/#organization\"},\"potentialAction\":[{\"@type\":\"SearchAction\",\"target\":{\"@type\":\"EntryPoint\",\"urlTemplate\":\"https:\/\/www.raytech.it\/?s={search_term_string}\"},\"query-input\":{\"@type\":\"PropertyValueSpecification\",\"valueRequired\":true,\"valueName\":\"search_term_string\"}}],\"inLanguage\":\"fr-FR\"},{\"@type\":\"Organization\",\"@id\":\"https:\/\/www.raytech.it\/#organization\",\"name\":\"Raytech\",\"url\":\"https:\/\/www.raytech.it\/\",\"logo\":{\"@type\":\"ImageObject\",\"inLanguage\":\"fr-FR\",\"@id\":\"https:\/\/www.raytech.it\/#\/schema\/logo\/image\/\",\"url\":\"https:\/\/www.raytech.it\/wp-content\/uploads\/logo-raytech-2019-retina-3.png\",\"contentUrl\":\"https:\/\/www.raytech.it\/wp-content\/uploads\/logo-raytech-2019-retina-3.png\",\"width\":340,\"height\":90,\"caption\":\"Raytech\"},\"image\":{\"@id\":\"https:\/\/www.raytech.it\/#\/schema\/logo\/image\/\"},\"sameAs\":[\"https:\/\/www.facebook.com\/RaytechItaly\",\"https:\/\/www.instagram.com\/raytech_italy\/\",\"https:\/\/www.youtube.com\/user\/raytechitaly\",\"https:\/\/twitter.com\/Raytech_Italy\"]}]}<\/script>\n<!-- \/ Yoast SEO plugin. -->","yoast_head_json":{"title":"Clik Fire | Raytech","robots":{"index":"index","follow":"follow","max-snippet":"max-snippet:-1","max-image-preview":"max-image-preview:large","max-video-preview":"max-video-preview:-1"},"canonical":"https:\/\/www.raytech.it\/fr\/produit\/basse-tension\/jonction\/pre-remplis\/clik-fire","og_locale":"fr_FR","og_type":"article","og_title":"Clik Fire | Raytech","og_description":"Jonction pr\u00e9-remplie en gel, droite ou d\u00e9riv\u00e9e, pour c\u00e2bles multipolaires jusqu\u2019\u00e0 4 brinds avec connexion libre. Clik Fire &#8211; A2A Jonctions de d\u00e9rivation pour dorsale pour syst\u00e8mes d\u2019\u00e9clairage publics de [\u2026]","og_url":"https:\/\/www.raytech.it\/fr\/produit\/basse-tension\/jonction\/pre-remplis\/clik-fire","og_site_name":"Raytech","article_publisher":"https:\/\/www.facebook.com\/RaytechItaly","article_modified_time":"2025-02-19T08:59:30+00:00","og_image":[{"width":1024,"height":1024,"url":"https:\/\/www.raytech.it\/wp-content\/uploads\/clik.jpg","type":"image\/jpeg"}],"twitter_card":"summary_large_image","twitter_misc":{"Dur\u00e9e de lecture estim\u00e9e":"1 minute"},"schema":{"@context":"https:\/\/schema.org","@graph":[{"@type":"WebPage","@id":"https:\/\/www.raytech.it\/fr\/produit\/basse-tension\/jonction\/pre-remplis\/clik-fire","url":"https:\/\/www.raytech.it\/fr\/produit\/basse-tension\/jonction\/pre-remplis\/clik-fire","name":"Clik Fire | Raytech","isPartOf":{"@id":"https:\/\/www.raytech.it\/#website"},"primaryImageOfPage":{"@id":"https:\/\/www.raytech.it\/fr\/produit\/basse-tension\/jonction\/pre-remplis\/clik-fire#primaryimage"},"image":{"@id":"https:\/\/www.raytech.it\/fr\/produit\/basse-tension\/jonction\/pre-remplis\/clik-fire#primaryimage"},"thumbnailUrl":"https:\/\/www.raytech.it\/wp-content\/uploads\/clik.jpg","datePublished":"2015-12-14T11:19:48+00:00","dateModified":"2025-02-19T08:59:30+00:00","breadcrumb":{"@id":"https:\/\/www.raytech.it\/fr\/produit\/basse-tension\/jonction\/pre-remplis\/clik-fire#breadcrumb"},"inLanguage":"fr-FR","potentialAction":[{"@type":"ReadAction","target":["https:\/\/www.raytech.it\/fr\/produit\/basse-tension\/jonction\/pre-remplis\/clik-fire"]}]},{"@type":"ImageObject","inLanguage":"fr-FR","@id":"https:\/\/www.raytech.it\/fr\/produit\/basse-tension\/jonction\/pre-remplis\/clik-fire#primaryimage","url":"https:\/\/www.raytech.it\/wp-content\/uploads\/clik.jpg","contentUrl":"https:\/\/www.raytech.it\/wp-content\/uploads\/clik.jpg","width":1024,"height":1024},{"@type":"BreadcrumbList","@id":"https:\/\/www.raytech.it\/fr\/produit\/basse-tension\/jonction\/pre-remplis\/clik-fire#breadcrumb","itemListElement":[{"@type":"ListItem","position":1,"name":"Home","item":"https:\/\/www.raytech.it\/fr"},{"@type":"ListItem","position":2,"name":"Boutique","item":"https:\/\/www.raytech.it\/fr\/boutique"},{"@type":"ListItem","position":3,"name":"Clik Fire"}]},{"@type":"WebSite","@id":"https:\/\/www.raytech.it\/#website","url":"https:\/\/www.raytech.it\/","name":"Raytech","description":"Cable accessories company","publisher":{"@id":"https:\/\/www.raytech.it\/#organization"},"potentialAction":[{"@type":"SearchAction","target":{"@type":"EntryPoint","urlTemplate":"https:\/\/www.raytech.it\/?s={search_term_string}"},"query-input":{"@type":"PropertyValueSpecification","valueRequired":true,"valueName":"search_term_string"}}],"inLanguage":"fr-FR"},{"@type":"Organization","@id":"https:\/\/www.raytech.it\/#organization","name":"Raytech","url":"https:\/\/www.raytech.it\/","logo":{"@type":"ImageObject","inLanguage":"fr-FR","@id":"https:\/\/www.raytech.it\/#\/schema\/logo\/image\/","url":"https:\/\/www.raytech.it\/wp-content\/uploads\/logo-raytech-2019-retina-3.png","contentUrl":"https:\/\/www.raytech.it\/wp-content\/uploads\/logo-raytech-2019-retina-3.png","width":340,"height":90,"caption":"Raytech"},"image":{"@id":"https:\/\/www.raytech.it\/#\/schema\/logo\/image\/"},"sameAs":["https:\/\/www.facebook.com\/RaytechItaly","https:\/\/www.instagram.com\/raytech_italy\/","https:\/\/www.youtube.com\/user\/raytechitaly","https:\/\/twitter.com\/Raytech_Italy"]}]}},"_links":{"self":[{"href":"https:\/\/www.raytech.it\/fr\/wp-json\/wp\/v2\/product\/6045","targetHints":{"allow":["GET"]}}],"collection":[{"href":"https:\/\/www.raytech.it\/fr\/wp-json\/wp\/v2\/product"}],"about":[{"href":"https:\/\/www.raytech.it\/fr\/wp-json\/wp\/v2\/types\/product"}],"wp:featuredmedia":[{"embeddable":true,"href":"https:\/\/www.raytech.it\/fr\/wp-json\/wp\/v2\/media\/19391"}],"wp:attachment":[{"href":"https:\/\/www.raytech.it\/fr\/wp-json\/wp\/v2\/media?parent=6045"}],"wp:term":[{"taxonomy":"product_brand","embeddable":true,"href":"https:\/\/www.raytech.it\/fr\/wp-json\/wp\/v2\/product_brand?post=6045"},{"taxonomy":"product_cat","embeddable":true,"href":"https:\/\/www.raytech.it\/fr\/wp-json\/wp\/v2\/product_cat?post=6045"},{"taxonomy":"product_tag","embeddable":true,"href":"https:\/\/www.raytech.it\/fr\/wp-json\/wp\/v2\/product_tag?post=6045"}],"curies":[{"name":"wp","href":"https:\/\/api.w.org\/{rel}","templated":true}]}}