{"id":6086,"date":"2015-07-15T13:05:39","date_gmt":"2015-12-14T13:46:34","guid":{"rendered":"https:\/\/www.raytech.it\/?post_type=product&#038;p=6086&#038;lang=fr"},"modified":"2025-02-19T13:52:55","modified_gmt":"2025-02-19T12:52:55","slug":"magic-joint","status":"publish","type":"product","link":"https:\/\/www.raytech.it\/fr\/produit\/basse-tension\/jonction\/par-coulee\/magic-joint","title":{"rendered":"Magic Joint"},"content":{"rendered":"<h4><span style=\"color: #009832;\">Joint en droit ou d\u00e9riv\u00e9 avec isolant de remplissage de type Magic Gel pour c\u00e2bles avec isolant extrud\u00e9 jusqu\u2019\u00e0 1 kV<\/span><\/h4>\n<p>Joints pour c\u00e2bles extrud\u00e9s F(R)G7OR 0.6\/1 kV. Faciles \u00e0 installer, ils sont compos\u00e9s de deux demi-coquilles en plastique incassable, \u00e0 remplir avec l\u2019isolant bi-composant atoxique \u00e0 r\u00e9ticulation rapide sans date limite, de type Magic Gel. Adapt\u00e9s pour une installation en regards, caniveaux ou directement enterr\u00e9s ou immerg\u00e9s. Atoxiques, s\u00fbrs, l\u00e9gers et r\u00e9-accessibles, gr\u00e2ce \u00e0 la souplesse de l\u2019isolant, ils peuvent absorber les chocs externes sans se fissurer; la viscosit\u00e9 \u00e9lev\u00e9e de l\u2019isolant, unie \u00e0 la souplesse qui permet de transmettre la pression de l\u2019eau, facilite la pose m\u00eame en profondeur. Pour les mat\u00e9riaux utilis\u00e9s, les joints sont absolument atoxiques, surs et r\u00e9-accessibles m\u00eame apr\u00e8s de longues p\u00e9riodes d\u2019utilisation.<\/p>\n<ul>\n<li><span style=\"color: #009832;\">Gel \u00e0 r\u00e9ticulation rapide (seulement 10 minutes \u00e0 23\u00b0C)<\/span><\/li>\n<li><span style=\"color: #009832;\">Extr\u00eamement adh\u00e9rent et qui fixe parfaitement<\/span><\/li>\n<li><span style=\"color: #009832;\">Atoxiques et s\u00fbrs<\/span><\/li>\n<li><span style=\"color: #009832;\">Sans date limite<br \/>\n<\/span><\/li>\n<\/ul>\n","protected":false},"excerpt":{"rendered":"<p>Joint en droit ou d\u00e9riv\u00e9 avec isolant de remplissage de type Magic Gel pour c\u00e2bles avec isolant extrud\u00e9 jusqu\u2019\u00e0 1 kV Joints pour c\u00e2bles extrud\u00e9s F(R)G7OR 0.6\/1 kV. Faciles \u00e0<span class=\"excerpt-hellip\"> [\u2026]<\/span><\/p>\n","protected":false},"featured_media":2972,"template":"","meta":[],"product_brand":[],"product_cat":[136,138,140],"product_tag":[],"class_list":{"0":"post-6086","1":"product","2":"type-product","3":"status-publish","4":"has-post-thumbnail","6":"product_cat-basse-tension","7":"product_cat-jonction","8":"product_cat-par-coulee","10":"first","11":"outofstock","12":"taxable","13":"shipping-taxable","14":"product-type-simple"},"yoast_head":"<!-- This site is optimized with the Yoast SEO plugin v26.5 - https:\/\/yoast.com\/wordpress\/plugins\/seo\/ -->\n<title>Magic Joint | Raytech<\/title>\n<meta name=\"robots\" content=\"index, follow, max-snippet:-1, max-image-preview:large, max-video-preview:-1\" \/>\n<link rel=\"canonical\" href=\"https:\/\/www.raytech.it\/fr\/produit\/basse-tension\/jonction\/par-coulee\/magic-joint\" \/>\n<meta property=\"og:locale\" content=\"fr_FR\" \/>\n<meta property=\"og:type\" content=\"article\" \/>\n<meta property=\"og:title\" content=\"Magic Joint | Raytech\" \/>\n<meta property=\"og:description\" content=\"Joint en droit ou d\u00e9riv\u00e9 avec isolant de remplissage de type Magic Gel pour c\u00e2bles avec isolant extrud\u00e9 jusqu\u2019\u00e0 1 kV Joints pour c\u00e2bles extrud\u00e9s F(R)G7OR 0.6\/1 kV. Faciles \u00e0 [\u2026]\" \/>\n<meta property=\"og:url\" content=\"https:\/\/www.raytech.it\/fr\/produit\/basse-tension\/jonction\/par-coulee\/magic-joint\" \/>\n<meta property=\"og:site_name\" content=\"Raytech\" \/>\n<meta property=\"article:publisher\" content=\"https:\/\/www.facebook.com\/RaytechItaly\" \/>\n<meta property=\"article:modified_time\" content=\"2025-02-19T12:52:55+00:00\" \/>\n<meta property=\"og:image\" content=\"https:\/\/www.raytech.it\/wp-content\/uploads\/magic-joint-1.jpg\" \/>\n\t<meta property=\"og:image:width\" content=\"1024\" \/>\n\t<meta property=\"og:image:height\" content=\"1024\" \/>\n\t<meta property=\"og:image:type\" content=\"image\/jpeg\" \/>\n<meta name=\"twitter:card\" content=\"summary_large_image\" \/>\n<meta name=\"twitter:label1\" content=\"Dur\u00e9e de lecture estim\u00e9e\" \/>\n\t<meta name=\"twitter:data1\" content=\"1 minute\" \/>\n<script type=\"application\/ld+json\" class=\"yoast-schema-graph\">{\"@context\":\"https:\/\/schema.org\",\"@graph\":[{\"@type\":\"WebPage\",\"@id\":\"https:\/\/www.raytech.it\/fr\/produit\/basse-tension\/jonction\/par-coulee\/magic-joint\",\"url\":\"https:\/\/www.raytech.it\/fr\/produit\/basse-tension\/jonction\/par-coulee\/magic-joint\",\"name\":\"Magic Joint | Raytech\",\"isPartOf\":{\"@id\":\"https:\/\/www.raytech.it\/#website\"},\"primaryImageOfPage\":{\"@id\":\"https:\/\/www.raytech.it\/fr\/produit\/basse-tension\/jonction\/par-coulee\/magic-joint#primaryimage\"},\"image\":{\"@id\":\"https:\/\/www.raytech.it\/fr\/produit\/basse-tension\/jonction\/par-coulee\/magic-joint#primaryimage\"},\"thumbnailUrl\":\"https:\/\/www.raytech.it\/wp-content\/uploads\/magic-joint-1.jpg\",\"datePublished\":\"2015-12-14T13:46:34+00:00\",\"dateModified\":\"2025-02-19T12:52:55+00:00\",\"breadcrumb\":{\"@id\":\"https:\/\/www.raytech.it\/fr\/produit\/basse-tension\/jonction\/par-coulee\/magic-joint#breadcrumb\"},\"inLanguage\":\"fr-FR\",\"potentialAction\":[{\"@type\":\"ReadAction\",\"target\":[\"https:\/\/www.raytech.it\/fr\/produit\/basse-tension\/jonction\/par-coulee\/magic-joint\"]}]},{\"@type\":\"ImageObject\",\"inLanguage\":\"fr-FR\",\"@id\":\"https:\/\/www.raytech.it\/fr\/produit\/basse-tension\/jonction\/par-coulee\/magic-joint#primaryimage\",\"url\":\"https:\/\/www.raytech.it\/wp-content\/uploads\/magic-joint-1.jpg\",\"contentUrl\":\"https:\/\/www.raytech.it\/wp-content\/uploads\/magic-joint-1.jpg\",\"width\":1024,\"height\":1024},{\"@type\":\"BreadcrumbList\",\"@id\":\"https:\/\/www.raytech.it\/fr\/produit\/basse-tension\/jonction\/par-coulee\/magic-joint#breadcrumb\",\"itemListElement\":[{\"@type\":\"ListItem\",\"position\":1,\"name\":\"Home\",\"item\":\"https:\/\/www.raytech.it\/fr\"},{\"@type\":\"ListItem\",\"position\":2,\"name\":\"Boutique\",\"item\":\"https:\/\/www.raytech.it\/fr\/boutique\"},{\"@type\":\"ListItem\",\"position\":3,\"name\":\"Magic Joint\"}]},{\"@type\":\"WebSite\",\"@id\":\"https:\/\/www.raytech.it\/#website\",\"url\":\"https:\/\/www.raytech.it\/\",\"name\":\"Raytech\",\"description\":\"Cable accessories company\",\"publisher\":{\"@id\":\"https:\/\/www.raytech.it\/#organization\"},\"potentialAction\":[{\"@type\":\"SearchAction\",\"target\":{\"@type\":\"EntryPoint\",\"urlTemplate\":\"https:\/\/www.raytech.it\/?s={search_term_string}\"},\"query-input\":{\"@type\":\"PropertyValueSpecification\",\"valueRequired\":true,\"valueName\":\"search_term_string\"}}],\"inLanguage\":\"fr-FR\"},{\"@type\":\"Organization\",\"@id\":\"https:\/\/www.raytech.it\/#organization\",\"name\":\"Raytech\",\"url\":\"https:\/\/www.raytech.it\/\",\"logo\":{\"@type\":\"ImageObject\",\"inLanguage\":\"fr-FR\",\"@id\":\"https:\/\/www.raytech.it\/#\/schema\/logo\/image\/\",\"url\":\"https:\/\/www.raytech.it\/wp-content\/uploads\/logo-raytech-2019-retina-3.png\",\"contentUrl\":\"https:\/\/www.raytech.it\/wp-content\/uploads\/logo-raytech-2019-retina-3.png\",\"width\":340,\"height\":90,\"caption\":\"Raytech\"},\"image\":{\"@id\":\"https:\/\/www.raytech.it\/#\/schema\/logo\/image\/\"},\"sameAs\":[\"https:\/\/www.facebook.com\/RaytechItaly\",\"https:\/\/www.instagram.com\/raytech_italy\/\",\"https:\/\/www.youtube.com\/user\/raytechitaly\",\"https:\/\/twitter.com\/Raytech_Italy\"]}]}<\/script>\n<!-- \/ Yoast SEO plugin. -->","yoast_head_json":{"title":"Magic Joint | Raytech","robots":{"index":"index","follow":"follow","max-snippet":"max-snippet:-1","max-image-preview":"max-image-preview:large","max-video-preview":"max-video-preview:-1"},"canonical":"https:\/\/www.raytech.it\/fr\/produit\/basse-tension\/jonction\/par-coulee\/magic-joint","og_locale":"fr_FR","og_type":"article","og_title":"Magic Joint | Raytech","og_description":"Joint en droit ou d\u00e9riv\u00e9 avec isolant de remplissage de type Magic Gel pour c\u00e2bles avec isolant extrud\u00e9 jusqu\u2019\u00e0 1 kV Joints pour c\u00e2bles extrud\u00e9s F(R)G7OR 0.6\/1 kV. Faciles \u00e0 [\u2026]","og_url":"https:\/\/www.raytech.it\/fr\/produit\/basse-tension\/jonction\/par-coulee\/magic-joint","og_site_name":"Raytech","article_publisher":"https:\/\/www.facebook.com\/RaytechItaly","article_modified_time":"2025-02-19T12:52:55+00:00","og_image":[{"width":1024,"height":1024,"url":"https:\/\/www.raytech.it\/wp-content\/uploads\/magic-joint-1.jpg","type":"image\/jpeg"}],"twitter_card":"summary_large_image","twitter_misc":{"Dur\u00e9e de lecture estim\u00e9e":"1 minute"},"schema":{"@context":"https:\/\/schema.org","@graph":[{"@type":"WebPage","@id":"https:\/\/www.raytech.it\/fr\/produit\/basse-tension\/jonction\/par-coulee\/magic-joint","url":"https:\/\/www.raytech.it\/fr\/produit\/basse-tension\/jonction\/par-coulee\/magic-joint","name":"Magic Joint | Raytech","isPartOf":{"@id":"https:\/\/www.raytech.it\/#website"},"primaryImageOfPage":{"@id":"https:\/\/www.raytech.it\/fr\/produit\/basse-tension\/jonction\/par-coulee\/magic-joint#primaryimage"},"image":{"@id":"https:\/\/www.raytech.it\/fr\/produit\/basse-tension\/jonction\/par-coulee\/magic-joint#primaryimage"},"thumbnailUrl":"https:\/\/www.raytech.it\/wp-content\/uploads\/magic-joint-1.jpg","datePublished":"2015-12-14T13:46:34+00:00","dateModified":"2025-02-19T12:52:55+00:00","breadcrumb":{"@id":"https:\/\/www.raytech.it\/fr\/produit\/basse-tension\/jonction\/par-coulee\/magic-joint#breadcrumb"},"inLanguage":"fr-FR","potentialAction":[{"@type":"ReadAction","target":["https:\/\/www.raytech.it\/fr\/produit\/basse-tension\/jonction\/par-coulee\/magic-joint"]}]},{"@type":"ImageObject","inLanguage":"fr-FR","@id":"https:\/\/www.raytech.it\/fr\/produit\/basse-tension\/jonction\/par-coulee\/magic-joint#primaryimage","url":"https:\/\/www.raytech.it\/wp-content\/uploads\/magic-joint-1.jpg","contentUrl":"https:\/\/www.raytech.it\/wp-content\/uploads\/magic-joint-1.jpg","width":1024,"height":1024},{"@type":"BreadcrumbList","@id":"https:\/\/www.raytech.it\/fr\/produit\/basse-tension\/jonction\/par-coulee\/magic-joint#breadcrumb","itemListElement":[{"@type":"ListItem","position":1,"name":"Home","item":"https:\/\/www.raytech.it\/fr"},{"@type":"ListItem","position":2,"name":"Boutique","item":"https:\/\/www.raytech.it\/fr\/boutique"},{"@type":"ListItem","position":3,"name":"Magic Joint"}]},{"@type":"WebSite","@id":"https:\/\/www.raytech.it\/#website","url":"https:\/\/www.raytech.it\/","name":"Raytech","description":"Cable accessories company","publisher":{"@id":"https:\/\/www.raytech.it\/#organization"},"potentialAction":[{"@type":"SearchAction","target":{"@type":"EntryPoint","urlTemplate":"https:\/\/www.raytech.it\/?s={search_term_string}"},"query-input":{"@type":"PropertyValueSpecification","valueRequired":true,"valueName":"search_term_string"}}],"inLanguage":"fr-FR"},{"@type":"Organization","@id":"https:\/\/www.raytech.it\/#organization","name":"Raytech","url":"https:\/\/www.raytech.it\/","logo":{"@type":"ImageObject","inLanguage":"fr-FR","@id":"https:\/\/www.raytech.it\/#\/schema\/logo\/image\/","url":"https:\/\/www.raytech.it\/wp-content\/uploads\/logo-raytech-2019-retina-3.png","contentUrl":"https:\/\/www.raytech.it\/wp-content\/uploads\/logo-raytech-2019-retina-3.png","width":340,"height":90,"caption":"Raytech"},"image":{"@id":"https:\/\/www.raytech.it\/#\/schema\/logo\/image\/"},"sameAs":["https:\/\/www.facebook.com\/RaytechItaly","https:\/\/www.instagram.com\/raytech_italy\/","https:\/\/www.youtube.com\/user\/raytechitaly","https:\/\/twitter.com\/Raytech_Italy"]}]}},"_links":{"self":[{"href":"https:\/\/www.raytech.it\/fr\/wp-json\/wp\/v2\/product\/6086","targetHints":{"allow":["GET"]}}],"collection":[{"href":"https:\/\/www.raytech.it\/fr\/wp-json\/wp\/v2\/product"}],"about":[{"href":"https:\/\/www.raytech.it\/fr\/wp-json\/wp\/v2\/types\/product"}],"wp:featuredmedia":[{"embeddable":true,"href":"https:\/\/www.raytech.it\/fr\/wp-json\/wp\/v2\/media\/2972"}],"wp:attachment":[{"href":"https:\/\/www.raytech.it\/fr\/wp-json\/wp\/v2\/media?parent=6086"}],"wp:term":[{"taxonomy":"product_brand","embeddable":true,"href":"https:\/\/www.raytech.it\/fr\/wp-json\/wp\/v2\/product_brand?post=6086"},{"taxonomy":"product_cat","embeddable":true,"href":"https:\/\/www.raytech.it\/fr\/wp-json\/wp\/v2\/product_cat?post=6086"},{"taxonomy":"product_tag","embeddable":true,"href":"https:\/\/www.raytech.it\/fr\/wp-json\/wp\/v2\/product_tag?post=6086"}],"curies":[{"name":"wp","href":"https:\/\/api.w.org\/{rel}","templated":true}]}}