{"id":6095,"date":"2015-07-15T13:19:21","date_gmt":"2015-12-14T14:17:58","guid":{"rendered":"https:\/\/www.raytech.it\/?post_type=product&#038;p=6095&#038;lang=fr"},"modified":"2025-02-19T11:54:49","modified_gmt":"2025-02-19T10:54:49","slug":"rubber-joint","status":"publish","type":"product","link":"https:\/\/www.raytech.it\/fr\/produit\/basse-tension\/jonction\/par-coulee\/rubber-joint","title":{"rendered":"Rubber Joint"},"content":{"rendered":"<h4><span style=\"color: #009832;\">Joint droit ou d\u00e9riv\u00e9 avec isolation bi-composant en caoutchouc coul\u00e9 \u00e0 r\u00e9ticulation rapide pour c\u00e2ble 0,6\/1 kW<\/span><\/h4>\n<p>Avec la nouvelle isolation Magic Rubber, con\u00e7ue et d\u00e9velopp\u00e9e par Raytech pour les c\u00e2bles \u00e0 0,6\/1 kV, a \u00e9t\u00e9 r\u00e9alis\u00e9e une nouvelle ligne d\u2019accessoires aux caract\u00e9ristiques m\u00e9caniques, di\u00e9lectriques et thermiques tr\u00e8s \u00e9lev\u00e9es. La nouvelle ligne se caract\u00e9rise parce qu\u2019elle est absolument atoxique, r\u00e9-accessible m\u00eame apr\u00e8s de longues p\u00e9riodes d\u2019utilisation, non exothermique durant la r\u00e9ticulation, tr\u00e8s rapide \u00e0 pr\u00e9parer et sans date de p\u00e9remption.<\/p>\n<p>De plus, il est important de souligner les caract\u00e9ristiques de la faible \u00e9mission de gaz, fum\u00e9es toxiques et corrosives. Gr\u00e2ce \u00e0 leurs caract\u00e9ristiques m\u00e9caniques exceptionnelles, ces joints sont particuli\u00e8rement indiqu\u00e9s en cas de poses dans des regards ou caniveaux o\u00f9 il existe la possibilit\u00e9 de d\u00e9placer les c\u00e2bles m\u00eame apr\u00e8s la pose, ou toutefois en cas de forte abrasion, ou de sollicitations m\u00e9caniques qui se trouvent en dehors des param\u00e8tres normaux de pose et d\u2019exercice.<\/p>\n<ul>\n<li><span style=\"color: #009832;\">Caoutchouc \u00e0 r\u00e9ticulation rapide (seulement 15 minutes)<\/span><\/li>\n<li><span style=\"color: #009832;\">Des caract\u00e9ristiques m\u00e9caniques et \u00e9lastiques tr\u00e8s \u00e9lev\u00e9es<\/span><\/li>\n<li><span style=\"color: #009832;\">Pour c\u00e2ble extrud\u00e9 0,6\/1 kV<\/span><\/li>\n<li><span style=\"color: #009832;\">Sans date limite<\/span><\/li>\n<\/ul>\n","protected":false},"excerpt":{"rendered":"<p>Joint droit ou d\u00e9riv\u00e9 avec isolation bi-composant en caoutchouc coul\u00e9 \u00e0 r\u00e9ticulation rapide pour c\u00e2ble 0,6\/1 kW Avec la nouvelle isolation Magic Rubber, con\u00e7ue et d\u00e9velopp\u00e9e par Raytech pour les<span class=\"excerpt-hellip\"> [\u2026]<\/span><\/p>\n","protected":false},"featured_media":3685,"template":"","meta":[],"product_brand":[],"product_cat":[136,138,140],"product_tag":[],"class_list":{"0":"post-6095","1":"product","2":"type-product","3":"status-publish","4":"has-post-thumbnail","6":"product_cat-basse-tension","7":"product_cat-jonction","8":"product_cat-par-coulee","10":"first","11":"instock","12":"taxable","13":"shipping-taxable","14":"product-type-simple"},"yoast_head":"<!-- This site is optimized with the Yoast SEO plugin v26.5 - https:\/\/yoast.com\/wordpress\/plugins\/seo\/ -->\n<title>Rubber Joint | Raytech<\/title>\n<meta name=\"robots\" content=\"index, follow, max-snippet:-1, max-image-preview:large, max-video-preview:-1\" \/>\n<link rel=\"canonical\" href=\"https:\/\/www.raytech.it\/fr\/produit\/basse-tension\/jonction\/par-coulee\/rubber-joint\" \/>\n<meta property=\"og:locale\" content=\"fr_FR\" \/>\n<meta property=\"og:type\" content=\"article\" \/>\n<meta property=\"og:title\" content=\"Rubber Joint | Raytech\" \/>\n<meta property=\"og:description\" content=\"Joint droit ou d\u00e9riv\u00e9 avec isolation bi-composant en caoutchouc coul\u00e9 \u00e0 r\u00e9ticulation rapide pour c\u00e2ble 0,6\/1 kW Avec la nouvelle isolation Magic Rubber, con\u00e7ue et d\u00e9velopp\u00e9e par Raytech pour les [\u2026]\" \/>\n<meta property=\"og:url\" content=\"https:\/\/www.raytech.it\/fr\/produit\/basse-tension\/jonction\/par-coulee\/rubber-joint\" \/>\n<meta property=\"og:site_name\" content=\"Raytech\" \/>\n<meta property=\"article:publisher\" content=\"https:\/\/www.facebook.com\/RaytechItaly\" \/>\n<meta property=\"article:modified_time\" content=\"2025-02-19T10:54:49+00:00\" \/>\n<meta property=\"og:image\" content=\"https:\/\/www.raytech.it\/wp-content\/uploads\/rubber-joint-1.jpg\" \/>\n\t<meta property=\"og:image:width\" content=\"1024\" \/>\n\t<meta property=\"og:image:height\" content=\"1024\" \/>\n\t<meta property=\"og:image:type\" content=\"image\/jpeg\" \/>\n<meta name=\"twitter:card\" content=\"summary_large_image\" \/>\n<meta name=\"twitter:label1\" content=\"Dur\u00e9e de lecture estim\u00e9e\" \/>\n\t<meta name=\"twitter:data1\" content=\"1 minute\" \/>\n<script type=\"application\/ld+json\" class=\"yoast-schema-graph\">{\"@context\":\"https:\/\/schema.org\",\"@graph\":[{\"@type\":\"WebPage\",\"@id\":\"https:\/\/www.raytech.it\/fr\/produit\/basse-tension\/jonction\/par-coulee\/rubber-joint\",\"url\":\"https:\/\/www.raytech.it\/fr\/produit\/basse-tension\/jonction\/par-coulee\/rubber-joint\",\"name\":\"Rubber Joint | Raytech\",\"isPartOf\":{\"@id\":\"https:\/\/www.raytech.it\/#website\"},\"primaryImageOfPage\":{\"@id\":\"https:\/\/www.raytech.it\/fr\/produit\/basse-tension\/jonction\/par-coulee\/rubber-joint#primaryimage\"},\"image\":{\"@id\":\"https:\/\/www.raytech.it\/fr\/produit\/basse-tension\/jonction\/par-coulee\/rubber-joint#primaryimage\"},\"thumbnailUrl\":\"https:\/\/www.raytech.it\/wp-content\/uploads\/rubber-joint-1.jpg\",\"datePublished\":\"2015-12-14T14:17:58+00:00\",\"dateModified\":\"2025-02-19T10:54:49+00:00\",\"breadcrumb\":{\"@id\":\"https:\/\/www.raytech.it\/fr\/produit\/basse-tension\/jonction\/par-coulee\/rubber-joint#breadcrumb\"},\"inLanguage\":\"fr-FR\",\"potentialAction\":[{\"@type\":\"ReadAction\",\"target\":[\"https:\/\/www.raytech.it\/fr\/produit\/basse-tension\/jonction\/par-coulee\/rubber-joint\"]}]},{\"@type\":\"ImageObject\",\"inLanguage\":\"fr-FR\",\"@id\":\"https:\/\/www.raytech.it\/fr\/produit\/basse-tension\/jonction\/par-coulee\/rubber-joint#primaryimage\",\"url\":\"https:\/\/www.raytech.it\/wp-content\/uploads\/rubber-joint-1.jpg\",\"contentUrl\":\"https:\/\/www.raytech.it\/wp-content\/uploads\/rubber-joint-1.jpg\",\"width\":1024,\"height\":1024},{\"@type\":\"BreadcrumbList\",\"@id\":\"https:\/\/www.raytech.it\/fr\/produit\/basse-tension\/jonction\/par-coulee\/rubber-joint#breadcrumb\",\"itemListElement\":[{\"@type\":\"ListItem\",\"position\":1,\"name\":\"Home\",\"item\":\"https:\/\/www.raytech.it\/fr\"},{\"@type\":\"ListItem\",\"position\":2,\"name\":\"Boutique\",\"item\":\"https:\/\/www.raytech.it\/fr\/boutique\"},{\"@type\":\"ListItem\",\"position\":3,\"name\":\"Rubber Joint\"}]},{\"@type\":\"WebSite\",\"@id\":\"https:\/\/www.raytech.it\/#website\",\"url\":\"https:\/\/www.raytech.it\/\",\"name\":\"Raytech\",\"description\":\"Cable accessories company\",\"publisher\":{\"@id\":\"https:\/\/www.raytech.it\/#organization\"},\"potentialAction\":[{\"@type\":\"SearchAction\",\"target\":{\"@type\":\"EntryPoint\",\"urlTemplate\":\"https:\/\/www.raytech.it\/?s={search_term_string}\"},\"query-input\":{\"@type\":\"PropertyValueSpecification\",\"valueRequired\":true,\"valueName\":\"search_term_string\"}}],\"inLanguage\":\"fr-FR\"},{\"@type\":\"Organization\",\"@id\":\"https:\/\/www.raytech.it\/#organization\",\"name\":\"Raytech\",\"url\":\"https:\/\/www.raytech.it\/\",\"logo\":{\"@type\":\"ImageObject\",\"inLanguage\":\"fr-FR\",\"@id\":\"https:\/\/www.raytech.it\/#\/schema\/logo\/image\/\",\"url\":\"https:\/\/www.raytech.it\/wp-content\/uploads\/logo-raytech-2019-retina-3.png\",\"contentUrl\":\"https:\/\/www.raytech.it\/wp-content\/uploads\/logo-raytech-2019-retina-3.png\",\"width\":340,\"height\":90,\"caption\":\"Raytech\"},\"image\":{\"@id\":\"https:\/\/www.raytech.it\/#\/schema\/logo\/image\/\"},\"sameAs\":[\"https:\/\/www.facebook.com\/RaytechItaly\",\"https:\/\/www.instagram.com\/raytech_italy\/\",\"https:\/\/www.youtube.com\/user\/raytechitaly\",\"https:\/\/twitter.com\/Raytech_Italy\"]}]}<\/script>\n<!-- \/ Yoast SEO plugin. -->","yoast_head_json":{"title":"Rubber Joint | Raytech","robots":{"index":"index","follow":"follow","max-snippet":"max-snippet:-1","max-image-preview":"max-image-preview:large","max-video-preview":"max-video-preview:-1"},"canonical":"https:\/\/www.raytech.it\/fr\/produit\/basse-tension\/jonction\/par-coulee\/rubber-joint","og_locale":"fr_FR","og_type":"article","og_title":"Rubber Joint | Raytech","og_description":"Joint droit ou d\u00e9riv\u00e9 avec isolation bi-composant en caoutchouc coul\u00e9 \u00e0 r\u00e9ticulation rapide pour c\u00e2ble 0,6\/1 kW Avec la nouvelle isolation Magic Rubber, con\u00e7ue et d\u00e9velopp\u00e9e par Raytech pour les [\u2026]","og_url":"https:\/\/www.raytech.it\/fr\/produit\/basse-tension\/jonction\/par-coulee\/rubber-joint","og_site_name":"Raytech","article_publisher":"https:\/\/www.facebook.com\/RaytechItaly","article_modified_time":"2025-02-19T10:54:49+00:00","og_image":[{"width":1024,"height":1024,"url":"https:\/\/www.raytech.it\/wp-content\/uploads\/rubber-joint-1.jpg","type":"image\/jpeg"}],"twitter_card":"summary_large_image","twitter_misc":{"Dur\u00e9e de lecture estim\u00e9e":"1 minute"},"schema":{"@context":"https:\/\/schema.org","@graph":[{"@type":"WebPage","@id":"https:\/\/www.raytech.it\/fr\/produit\/basse-tension\/jonction\/par-coulee\/rubber-joint","url":"https:\/\/www.raytech.it\/fr\/produit\/basse-tension\/jonction\/par-coulee\/rubber-joint","name":"Rubber Joint | Raytech","isPartOf":{"@id":"https:\/\/www.raytech.it\/#website"},"primaryImageOfPage":{"@id":"https:\/\/www.raytech.it\/fr\/produit\/basse-tension\/jonction\/par-coulee\/rubber-joint#primaryimage"},"image":{"@id":"https:\/\/www.raytech.it\/fr\/produit\/basse-tension\/jonction\/par-coulee\/rubber-joint#primaryimage"},"thumbnailUrl":"https:\/\/www.raytech.it\/wp-content\/uploads\/rubber-joint-1.jpg","datePublished":"2015-12-14T14:17:58+00:00","dateModified":"2025-02-19T10:54:49+00:00","breadcrumb":{"@id":"https:\/\/www.raytech.it\/fr\/produit\/basse-tension\/jonction\/par-coulee\/rubber-joint#breadcrumb"},"inLanguage":"fr-FR","potentialAction":[{"@type":"ReadAction","target":["https:\/\/www.raytech.it\/fr\/produit\/basse-tension\/jonction\/par-coulee\/rubber-joint"]}]},{"@type":"ImageObject","inLanguage":"fr-FR","@id":"https:\/\/www.raytech.it\/fr\/produit\/basse-tension\/jonction\/par-coulee\/rubber-joint#primaryimage","url":"https:\/\/www.raytech.it\/wp-content\/uploads\/rubber-joint-1.jpg","contentUrl":"https:\/\/www.raytech.it\/wp-content\/uploads\/rubber-joint-1.jpg","width":1024,"height":1024},{"@type":"BreadcrumbList","@id":"https:\/\/www.raytech.it\/fr\/produit\/basse-tension\/jonction\/par-coulee\/rubber-joint#breadcrumb","itemListElement":[{"@type":"ListItem","position":1,"name":"Home","item":"https:\/\/www.raytech.it\/fr"},{"@type":"ListItem","position":2,"name":"Boutique","item":"https:\/\/www.raytech.it\/fr\/boutique"},{"@type":"ListItem","position":3,"name":"Rubber Joint"}]},{"@type":"WebSite","@id":"https:\/\/www.raytech.it\/#website","url":"https:\/\/www.raytech.it\/","name":"Raytech","description":"Cable accessories company","publisher":{"@id":"https:\/\/www.raytech.it\/#organization"},"potentialAction":[{"@type":"SearchAction","target":{"@type":"EntryPoint","urlTemplate":"https:\/\/www.raytech.it\/?s={search_term_string}"},"query-input":{"@type":"PropertyValueSpecification","valueRequired":true,"valueName":"search_term_string"}}],"inLanguage":"fr-FR"},{"@type":"Organization","@id":"https:\/\/www.raytech.it\/#organization","name":"Raytech","url":"https:\/\/www.raytech.it\/","logo":{"@type":"ImageObject","inLanguage":"fr-FR","@id":"https:\/\/www.raytech.it\/#\/schema\/logo\/image\/","url":"https:\/\/www.raytech.it\/wp-content\/uploads\/logo-raytech-2019-retina-3.png","contentUrl":"https:\/\/www.raytech.it\/wp-content\/uploads\/logo-raytech-2019-retina-3.png","width":340,"height":90,"caption":"Raytech"},"image":{"@id":"https:\/\/www.raytech.it\/#\/schema\/logo\/image\/"},"sameAs":["https:\/\/www.facebook.com\/RaytechItaly","https:\/\/www.instagram.com\/raytech_italy\/","https:\/\/www.youtube.com\/user\/raytechitaly","https:\/\/twitter.com\/Raytech_Italy"]}]}},"_links":{"self":[{"href":"https:\/\/www.raytech.it\/fr\/wp-json\/wp\/v2\/product\/6095","targetHints":{"allow":["GET"]}}],"collection":[{"href":"https:\/\/www.raytech.it\/fr\/wp-json\/wp\/v2\/product"}],"about":[{"href":"https:\/\/www.raytech.it\/fr\/wp-json\/wp\/v2\/types\/product"}],"wp:featuredmedia":[{"embeddable":true,"href":"https:\/\/www.raytech.it\/fr\/wp-json\/wp\/v2\/media\/3685"}],"wp:attachment":[{"href":"https:\/\/www.raytech.it\/fr\/wp-json\/wp\/v2\/media?parent=6095"}],"wp:term":[{"taxonomy":"product_brand","embeddable":true,"href":"https:\/\/www.raytech.it\/fr\/wp-json\/wp\/v2\/product_brand?post=6095"},{"taxonomy":"product_cat","embeddable":true,"href":"https:\/\/www.raytech.it\/fr\/wp-json\/wp\/v2\/product_cat?post=6095"},{"taxonomy":"product_tag","embeddable":true,"href":"https:\/\/www.raytech.it\/fr\/wp-json\/wp\/v2\/product_tag?post=6095"}],"curies":[{"name":"wp","href":"https:\/\/api.w.org\/{rel}","templated":true}]}}