{"id":7195,"date":"2015-07-15T13:33:14","date_gmt":"2016-01-02T14:46:50","guid":{"rendered":"https:\/\/www.raytech.it\/?post_type=product&#038;p=7195&#038;lang=fr"},"modified":"2025-02-20T05:07:01","modified_gmt":"2025-02-20T04:07:01","slug":"wonder-joint","status":"publish","type":"product","link":"https:\/\/www.raytech.it\/fr\/produit\/basse-tension\/jonction\/wonder-joint","title":{"rendered":"Wonder Joint"},"content":{"rendered":"<h4><span style=\"color: #009832;\">Joint en ligne ou d\u00e9riv\u00e9 avec isolant de remplissage de type Wonder Fluid, isolant mono-composant injectable, pr\u00eat \u00e0 l\u2019emploi, pouvant \u00eatre install\u00e9 \u00e0 toutes les temp\u00e9ratures<\/span><\/h4>\n<p>Joint dot\u00e9 d\u2019une valve d\u2019injection ; apr\u00e8s avoir ins\u00e9r\u00e9 la cartouche dans le pistolet, il faut enclencher le bec de fa\u00e7on stable sur la valve et injecter le gel jusqu\u2019au remplissage complet. La valve situ\u00e9e sur l\u2019\u00e9tui permet d\u2019\u00e9viter la fuite de l\u2019isolant, assurant une propret\u00e9 parfaite et fiabilit\u00e9 absolue, Il peut \u00eatre install\u00e9 sans l\u2019aide d\u2019outils particuliers : il n\u00e9cessite un pistolet \u00e0 silicone normal.<\/p>\n<ul>\n<li><span style=\"color: #009832;\">Joint isol\u00e9 avec <em><strong>Wonder Fluid<\/strong><\/em>, le gel fluide mono-composant<\/span><\/li>\n<li><span style=\"color: #009832;\">Installation propre, r\u00e9-accessible et v\u00e9rifiable<\/span><\/li>\n<li><span style=\"color: #009832;\">\u00c9tui pourvu d\u2019une valve de non-retour<\/span><\/li>\n<li><span style=\"color: #009832;\">Peut \u00eatre imm\u00e9diatement aliment\u00e9 en \u00e9nergie<\/span><\/li>\n<li><span style=\"color: #009832;\">Adapt\u00e9 aussi en grande profondeur<\/span><\/li>\n<li><span style=\"color: #009832;\">Atoxique et sans date de p\u00e9remption<\/span><\/li>\n<\/ul>\n","protected":false},"excerpt":{"rendered":"<p>Joint en ligne ou d\u00e9riv\u00e9 avec isolant de remplissage de type Wonder Fluid, isolant mono-composant injectable, pr\u00eat \u00e0 l\u2019emploi, pouvant \u00eatre install\u00e9 \u00e0 toutes les temp\u00e9ratures Joint dot\u00e9 d\u2019une valve<span class=\"excerpt-hellip\"> [\u2026]<\/span><\/p>\n","protected":false},"featured_media":3887,"template":"","meta":[],"product_brand":[],"product_cat":[136,138],"product_tag":[],"class_list":{"0":"post-7195","1":"product","2":"type-product","3":"status-publish","4":"has-post-thumbnail","6":"product_cat-basse-tension","7":"product_cat-jonction","9":"first","10":"instock","11":"taxable","12":"shipping-taxable","13":"product-type-simple"},"yoast_head":"<!-- This site is optimized with the Yoast SEO plugin v26.5 - https:\/\/yoast.com\/wordpress\/plugins\/seo\/ -->\n<title>Wonder Joint | Raytech<\/title>\n<meta name=\"robots\" content=\"index, follow, max-snippet:-1, max-image-preview:large, max-video-preview:-1\" \/>\n<link rel=\"canonical\" href=\"https:\/\/www.raytech.it\/fr\/produit\/basse-tension\/jonction\/a-injection\/wonder-joint\" \/>\n<meta property=\"og:locale\" content=\"fr_FR\" \/>\n<meta property=\"og:type\" content=\"article\" \/>\n<meta property=\"og:title\" content=\"Wonder Joint | Raytech\" \/>\n<meta property=\"og:description\" content=\"Joint en ligne ou d\u00e9riv\u00e9 avec isolant de remplissage de type Wonder Fluid, isolant mono-composant injectable, pr\u00eat \u00e0 l\u2019emploi, pouvant \u00eatre install\u00e9 \u00e0 toutes les temp\u00e9ratures Joint dot\u00e9 d\u2019une valve [\u2026]\" \/>\n<meta property=\"og:url\" content=\"https:\/\/www.raytech.it\/fr\/produit\/basse-tension\/jonction\/a-injection\/wonder-joint\" \/>\n<meta property=\"og:site_name\" content=\"Raytech\" \/>\n<meta property=\"article:publisher\" content=\"https:\/\/www.facebook.com\/RaytechItaly\" \/>\n<meta property=\"article:modified_time\" content=\"2025-02-20T04:07:01+00:00\" \/>\n<meta property=\"og:image\" content=\"https:\/\/www.raytech.it\/wp-content\/uploads\/wonder-joint-3.jpg\" \/>\n\t<meta property=\"og:image:width\" content=\"1024\" \/>\n\t<meta property=\"og:image:height\" content=\"1024\" \/>\n\t<meta property=\"og:image:type\" content=\"image\/jpeg\" \/>\n<meta name=\"twitter:card\" content=\"summary_large_image\" \/>\n<meta name=\"twitter:label1\" content=\"Dur\u00e9e de lecture estim\u00e9e\" \/>\n\t<meta name=\"twitter:data1\" content=\"1 minute\" \/>\n<script type=\"application\/ld+json\" class=\"yoast-schema-graph\">{\"@context\":\"https:\/\/schema.org\",\"@graph\":[{\"@type\":\"WebPage\",\"@id\":\"https:\/\/www.raytech.it\/fr\/produit\/basse-tension\/jonction\/a-injection\/wonder-joint\",\"url\":\"https:\/\/www.raytech.it\/fr\/produit\/basse-tension\/jonction\/a-injection\/wonder-joint\",\"name\":\"Wonder Joint | Raytech\",\"isPartOf\":{\"@id\":\"https:\/\/www.raytech.it\/#website\"},\"primaryImageOfPage\":{\"@id\":\"https:\/\/www.raytech.it\/fr\/produit\/basse-tension\/jonction\/a-injection\/wonder-joint#primaryimage\"},\"image\":{\"@id\":\"https:\/\/www.raytech.it\/fr\/produit\/basse-tension\/jonction\/a-injection\/wonder-joint#primaryimage\"},\"thumbnailUrl\":\"https:\/\/www.raytech.it\/wp-content\/uploads\/wonder-joint-3.jpg\",\"datePublished\":\"2016-01-02T14:46:50+00:00\",\"dateModified\":\"2025-02-20T04:07:01+00:00\",\"breadcrumb\":{\"@id\":\"https:\/\/www.raytech.it\/fr\/produit\/basse-tension\/jonction\/a-injection\/wonder-joint#breadcrumb\"},\"inLanguage\":\"fr-FR\",\"potentialAction\":[{\"@type\":\"ReadAction\",\"target\":[\"https:\/\/www.raytech.it\/fr\/produit\/basse-tension\/jonction\/a-injection\/wonder-joint\"]}]},{\"@type\":\"ImageObject\",\"inLanguage\":\"fr-FR\",\"@id\":\"https:\/\/www.raytech.it\/fr\/produit\/basse-tension\/jonction\/a-injection\/wonder-joint#primaryimage\",\"url\":\"https:\/\/www.raytech.it\/wp-content\/uploads\/wonder-joint-3.jpg\",\"contentUrl\":\"https:\/\/www.raytech.it\/wp-content\/uploads\/wonder-joint-3.jpg\",\"width\":1024,\"height\":1024},{\"@type\":\"BreadcrumbList\",\"@id\":\"https:\/\/www.raytech.it\/fr\/produit\/basse-tension\/jonction\/a-injection\/wonder-joint#breadcrumb\",\"itemListElement\":[{\"@type\":\"ListItem\",\"position\":1,\"name\":\"Home\",\"item\":\"https:\/\/www.raytech.it\/fr\"},{\"@type\":\"ListItem\",\"position\":2,\"name\":\"Boutique\",\"item\":\"https:\/\/www.raytech.it\/fr\/boutique\"},{\"@type\":\"ListItem\",\"position\":3,\"name\":\"Wonder Joint\"}]},{\"@type\":\"WebSite\",\"@id\":\"https:\/\/www.raytech.it\/#website\",\"url\":\"https:\/\/www.raytech.it\/\",\"name\":\"Raytech\",\"description\":\"Cable accessories company\",\"publisher\":{\"@id\":\"https:\/\/www.raytech.it\/#organization\"},\"potentialAction\":[{\"@type\":\"SearchAction\",\"target\":{\"@type\":\"EntryPoint\",\"urlTemplate\":\"https:\/\/www.raytech.it\/?s={search_term_string}\"},\"query-input\":{\"@type\":\"PropertyValueSpecification\",\"valueRequired\":true,\"valueName\":\"search_term_string\"}}],\"inLanguage\":\"fr-FR\"},{\"@type\":\"Organization\",\"@id\":\"https:\/\/www.raytech.it\/#organization\",\"name\":\"Raytech\",\"url\":\"https:\/\/www.raytech.it\/\",\"logo\":{\"@type\":\"ImageObject\",\"inLanguage\":\"fr-FR\",\"@id\":\"https:\/\/www.raytech.it\/#\/schema\/logo\/image\/\",\"url\":\"https:\/\/www.raytech.it\/wp-content\/uploads\/logo-raytech-2019-retina-3.png\",\"contentUrl\":\"https:\/\/www.raytech.it\/wp-content\/uploads\/logo-raytech-2019-retina-3.png\",\"width\":340,\"height\":90,\"caption\":\"Raytech\"},\"image\":{\"@id\":\"https:\/\/www.raytech.it\/#\/schema\/logo\/image\/\"},\"sameAs\":[\"https:\/\/www.facebook.com\/RaytechItaly\",\"https:\/\/www.instagram.com\/raytech_italy\/\",\"https:\/\/www.youtube.com\/user\/raytechitaly\",\"https:\/\/twitter.com\/Raytech_Italy\"]}]}<\/script>\n<!-- \/ Yoast SEO plugin. -->","yoast_head_json":{"title":"Wonder Joint | Raytech","robots":{"index":"index","follow":"follow","max-snippet":"max-snippet:-1","max-image-preview":"max-image-preview:large","max-video-preview":"max-video-preview:-1"},"canonical":"https:\/\/www.raytech.it\/fr\/produit\/basse-tension\/jonction\/a-injection\/wonder-joint","og_locale":"fr_FR","og_type":"article","og_title":"Wonder Joint | Raytech","og_description":"Joint en ligne ou d\u00e9riv\u00e9 avec isolant de remplissage de type Wonder Fluid, isolant mono-composant injectable, pr\u00eat \u00e0 l\u2019emploi, pouvant \u00eatre install\u00e9 \u00e0 toutes les temp\u00e9ratures Joint dot\u00e9 d\u2019une valve [\u2026]","og_url":"https:\/\/www.raytech.it\/fr\/produit\/basse-tension\/jonction\/a-injection\/wonder-joint","og_site_name":"Raytech","article_publisher":"https:\/\/www.facebook.com\/RaytechItaly","article_modified_time":"2025-02-20T04:07:01+00:00","og_image":[{"width":1024,"height":1024,"url":"https:\/\/www.raytech.it\/wp-content\/uploads\/wonder-joint-3.jpg","type":"image\/jpeg"}],"twitter_card":"summary_large_image","twitter_misc":{"Dur\u00e9e de lecture estim\u00e9e":"1 minute"},"schema":{"@context":"https:\/\/schema.org","@graph":[{"@type":"WebPage","@id":"https:\/\/www.raytech.it\/fr\/produit\/basse-tension\/jonction\/a-injection\/wonder-joint","url":"https:\/\/www.raytech.it\/fr\/produit\/basse-tension\/jonction\/a-injection\/wonder-joint","name":"Wonder Joint | Raytech","isPartOf":{"@id":"https:\/\/www.raytech.it\/#website"},"primaryImageOfPage":{"@id":"https:\/\/www.raytech.it\/fr\/produit\/basse-tension\/jonction\/a-injection\/wonder-joint#primaryimage"},"image":{"@id":"https:\/\/www.raytech.it\/fr\/produit\/basse-tension\/jonction\/a-injection\/wonder-joint#primaryimage"},"thumbnailUrl":"https:\/\/www.raytech.it\/wp-content\/uploads\/wonder-joint-3.jpg","datePublished":"2016-01-02T14:46:50+00:00","dateModified":"2025-02-20T04:07:01+00:00","breadcrumb":{"@id":"https:\/\/www.raytech.it\/fr\/produit\/basse-tension\/jonction\/a-injection\/wonder-joint#breadcrumb"},"inLanguage":"fr-FR","potentialAction":[{"@type":"ReadAction","target":["https:\/\/www.raytech.it\/fr\/produit\/basse-tension\/jonction\/a-injection\/wonder-joint"]}]},{"@type":"ImageObject","inLanguage":"fr-FR","@id":"https:\/\/www.raytech.it\/fr\/produit\/basse-tension\/jonction\/a-injection\/wonder-joint#primaryimage","url":"https:\/\/www.raytech.it\/wp-content\/uploads\/wonder-joint-3.jpg","contentUrl":"https:\/\/www.raytech.it\/wp-content\/uploads\/wonder-joint-3.jpg","width":1024,"height":1024},{"@type":"BreadcrumbList","@id":"https:\/\/www.raytech.it\/fr\/produit\/basse-tension\/jonction\/a-injection\/wonder-joint#breadcrumb","itemListElement":[{"@type":"ListItem","position":1,"name":"Home","item":"https:\/\/www.raytech.it\/fr"},{"@type":"ListItem","position":2,"name":"Boutique","item":"https:\/\/www.raytech.it\/fr\/boutique"},{"@type":"ListItem","position":3,"name":"Wonder Joint"}]},{"@type":"WebSite","@id":"https:\/\/www.raytech.it\/#website","url":"https:\/\/www.raytech.it\/","name":"Raytech","description":"Cable accessories company","publisher":{"@id":"https:\/\/www.raytech.it\/#organization"},"potentialAction":[{"@type":"SearchAction","target":{"@type":"EntryPoint","urlTemplate":"https:\/\/www.raytech.it\/?s={search_term_string}"},"query-input":{"@type":"PropertyValueSpecification","valueRequired":true,"valueName":"search_term_string"}}],"inLanguage":"fr-FR"},{"@type":"Organization","@id":"https:\/\/www.raytech.it\/#organization","name":"Raytech","url":"https:\/\/www.raytech.it\/","logo":{"@type":"ImageObject","inLanguage":"fr-FR","@id":"https:\/\/www.raytech.it\/#\/schema\/logo\/image\/","url":"https:\/\/www.raytech.it\/wp-content\/uploads\/logo-raytech-2019-retina-3.png","contentUrl":"https:\/\/www.raytech.it\/wp-content\/uploads\/logo-raytech-2019-retina-3.png","width":340,"height":90,"caption":"Raytech"},"image":{"@id":"https:\/\/www.raytech.it\/#\/schema\/logo\/image\/"},"sameAs":["https:\/\/www.facebook.com\/RaytechItaly","https:\/\/www.instagram.com\/raytech_italy\/","https:\/\/www.youtube.com\/user\/raytechitaly","https:\/\/twitter.com\/Raytech_Italy"]}]}},"_links":{"self":[{"href":"https:\/\/www.raytech.it\/fr\/wp-json\/wp\/v2\/product\/7195","targetHints":{"allow":["GET"]}}],"collection":[{"href":"https:\/\/www.raytech.it\/fr\/wp-json\/wp\/v2\/product"}],"about":[{"href":"https:\/\/www.raytech.it\/fr\/wp-json\/wp\/v2\/types\/product"}],"wp:featuredmedia":[{"embeddable":true,"href":"https:\/\/www.raytech.it\/fr\/wp-json\/wp\/v2\/media\/3887"}],"wp:attachment":[{"href":"https:\/\/www.raytech.it\/fr\/wp-json\/wp\/v2\/media?parent=7195"}],"wp:term":[{"taxonomy":"product_brand","embeddable":true,"href":"https:\/\/www.raytech.it\/fr\/wp-json\/wp\/v2\/product_brand?post=7195"},{"taxonomy":"product_cat","embeddable":true,"href":"https:\/\/www.raytech.it\/fr\/wp-json\/wp\/v2\/product_cat?post=7195"},{"taxonomy":"product_tag","embeddable":true,"href":"https:\/\/www.raytech.it\/fr\/wp-json\/wp\/v2\/product_tag?post=7195"}],"curies":[{"name":"wp","href":"https:\/\/api.w.org\/{rel}","templated":true}]}}