{"id":7209,"date":"2015-09-15T09:31:27","date_gmt":"2016-01-03T16:09:01","guid":{"rendered":"https:\/\/www.raytech.it\/?post_type=product&#038;p=7209&#038;lang=fr"},"modified":"2025-02-19T15:44:05","modified_gmt":"2025-02-19T14:44:05","slug":"jonction","status":"publish","type":"product","link":"https:\/\/www.raytech.it\/fr\/produit\/basse-tension\/jonction\/thermo-retractables\/jonction","title":{"rendered":"Jonctions en ligne ou d\u00e9riv\u00e9es de type thermo-r\u00e9tractable pour c\u00e2ble avec isolant extrud\u00e9 jusqu\u2019\u00e0 1 kV"},"content":{"rendered":"<p><strong><span style=\"color: #009832;\">Jonctions en ligne ou d\u00e9riv\u00e9es de type thermo-r\u00e9tractable pour c\u00e2ble avec isolant extrud\u00e9 jusqu\u2019\u00e0 1 kV<\/span><\/strong><\/p>\n<p><strong>GDL<\/strong><br \/>\nJonction pour c\u00e2bles unipolaires \u00e9galement\u00a0avec neutre concentrique<\/p>\n<p><strong>GLV<\/strong><br \/>\nJonction pour c\u00e2bles multipolaires\u00a0(\u00e9galement pour des pompes immerg\u00e9es)<\/p>\n<p><strong>GLV-N<\/strong><br \/>\nJonction pour c\u00e2bles multipolaires avec neutre concentrique<\/p>\n<p><strong>GLV-ARM<\/strong><br \/>\nJonction pour c\u00e2bles multipolaires arm\u00e9s<\/p>\n<p><strong>BOPA<\/strong><br \/>\nJonction pour c\u00e2bles MT pour \u00e9clairage public<\/p>\n<p><strong>DJ<\/strong><br \/>\nJonction de d\u00e9rivation BT<\/p>\n<p><strong>GLV F\/R &#8211; GMP F\/R<\/strong><br \/>\n<strong style=\"color: #009832;\">Jonction pour c\u00e2bles r\u00e9sistants au feu<\/strong><br \/>\nLes joints Raytech r\u00e9sistants \u00e0 la flamme sont adapt\u00e9s aux c\u00e2bles 0,6\/1 kV aussi de type\u00a0<strong>\u00e9nergie<\/strong>, que de type <strong>signalisation et contr\u00f4le<\/strong><\/p>\n<p><strong>DJ F\/R<\/strong><br \/>\n<strong style=\"color: #009832;\">Jonction de d\u00e9rivation pour c\u00e2bles r\u00e9sistants au feu<\/strong><br \/>\nLes jonctions Raytech du type DJ F\/R sont du type r\u00e9sistant au feu adaptes\u00a0pour c\u00e2bles <strong>\u00e9nergie<\/strong> 0.6\/1 kV<\/p>\n<p><strong>GMP<\/strong><br \/>\nKits de jonction pour c\u00e2bles multiconducteurs\u00a0de signalisation, commande ou contr\u00f4le<\/p>\n<p><strong>GMC<\/strong><br \/>\nDot\u00e9s de jonction pour c\u00e2bles multipaires\u00a0de communication, commande ou contr\u00f4le<\/p>\n","protected":false},"excerpt":{"rendered":"<p>Jonctions en ligne ou d\u00e9riv\u00e9es de type thermo-r\u00e9tractable pour c\u00e2ble avec isolant extrud\u00e9 jusqu\u2019\u00e0 1 kV GDL Jonction pour c\u00e2bles unipolaires \u00e9galement\u00a0avec neutre concentrique GLV Jonction pour c\u00e2bles multipolaires\u00a0(\u00e9galement pour<span class=\"excerpt-hellip\"> [\u2026]<\/span><\/p>\n","protected":false},"featured_media":4972,"template":"","meta":[],"product_brand":[],"product_cat":[136,138,144],"product_tag":[],"class_list":{"0":"post-7209","1":"product","2":"type-product","3":"status-publish","4":"has-post-thumbnail","6":"product_cat-basse-tension","7":"product_cat-jonction","8":"product_cat-thermo-retractables","10":"first","11":"instock","12":"taxable","13":"shipping-taxable","14":"product-type-simple"},"yoast_head":"<!-- This site is optimized with the Yoast SEO plugin v26.5 - https:\/\/yoast.com\/wordpress\/plugins\/seo\/ -->\n<title>Jonctions en ligne ou d\u00e9riv\u00e9es de type thermo-r\u00e9tractable pour c\u00e2ble avec isolant extrud\u00e9 jusqu\u2019\u00e0 1 kV | Raytech<\/title>\n<meta name=\"robots\" content=\"index, follow, max-snippet:-1, max-image-preview:large, max-video-preview:-1\" \/>\n<link rel=\"canonical\" href=\"https:\/\/www.raytech.it\/fr\/produit\/basse-tension\/jonction\/thermo-retractables\/jonction\" \/>\n<meta property=\"og:locale\" content=\"fr_FR\" \/>\n<meta property=\"og:type\" content=\"article\" \/>\n<meta property=\"og:title\" content=\"Jonctions en ligne ou d\u00e9riv\u00e9es de type thermo-r\u00e9tractable pour c\u00e2ble avec isolant extrud\u00e9 jusqu\u2019\u00e0 1 kV | Raytech\" \/>\n<meta property=\"og:description\" content=\"Jonctions en ligne ou d\u00e9riv\u00e9es de type thermo-r\u00e9tractable pour c\u00e2ble avec isolant extrud\u00e9 jusqu\u2019\u00e0 1 kV GDL Jonction pour c\u00e2bles unipolaires \u00e9galement\u00a0avec neutre concentrique GLV Jonction pour c\u00e2bles multipolaires\u00a0(\u00e9galement pour [\u2026]\" \/>\n<meta property=\"og:url\" content=\"https:\/\/www.raytech.it\/fr\/produit\/basse-tension\/jonction\/thermo-retractables\/jonction\" \/>\n<meta property=\"og:site_name\" content=\"Raytech\" \/>\n<meta property=\"article:publisher\" content=\"https:\/\/www.facebook.com\/RaytechItaly\" \/>\n<meta property=\"article:modified_time\" content=\"2025-02-19T14:44:05+00:00\" \/>\n<meta property=\"og:image\" content=\"https:\/\/www.raytech.it\/wp-content\/uploads\/termorestringenti-glv.jpg\" \/>\n\t<meta property=\"og:image:width\" content=\"1024\" \/>\n\t<meta property=\"og:image:height\" content=\"1024\" \/>\n\t<meta property=\"og:image:type\" content=\"image\/jpeg\" \/>\n<meta name=\"twitter:card\" content=\"summary_large_image\" \/>\n<meta name=\"twitter:label1\" content=\"Dur\u00e9e de lecture estim\u00e9e\" \/>\n\t<meta name=\"twitter:data1\" content=\"1 minute\" \/>\n<script type=\"application\/ld+json\" class=\"yoast-schema-graph\">{\"@context\":\"https:\/\/schema.org\",\"@graph\":[{\"@type\":\"WebPage\",\"@id\":\"https:\/\/www.raytech.it\/fr\/produit\/basse-tension\/jonction\/thermo-retractables\/jonction\",\"url\":\"https:\/\/www.raytech.it\/fr\/produit\/basse-tension\/jonction\/thermo-retractables\/jonction\",\"name\":\"Jonctions en ligne ou d\u00e9riv\u00e9es de type thermo-r\u00e9tractable pour c\u00e2ble avec isolant extrud\u00e9 jusqu\u2019\u00e0 1 kV | Raytech\",\"isPartOf\":{\"@id\":\"https:\/\/www.raytech.it\/#website\"},\"primaryImageOfPage\":{\"@id\":\"https:\/\/www.raytech.it\/fr\/produit\/basse-tension\/jonction\/thermo-retractables\/jonction#primaryimage\"},\"image\":{\"@id\":\"https:\/\/www.raytech.it\/fr\/produit\/basse-tension\/jonction\/thermo-retractables\/jonction#primaryimage\"},\"thumbnailUrl\":\"https:\/\/www.raytech.it\/wp-content\/uploads\/termorestringenti-glv.jpg\",\"datePublished\":\"2016-01-03T16:09:01+00:00\",\"dateModified\":\"2025-02-19T14:44:05+00:00\",\"breadcrumb\":{\"@id\":\"https:\/\/www.raytech.it\/fr\/produit\/basse-tension\/jonction\/thermo-retractables\/jonction#breadcrumb\"},\"inLanguage\":\"fr-FR\",\"potentialAction\":[{\"@type\":\"ReadAction\",\"target\":[\"https:\/\/www.raytech.it\/fr\/produit\/basse-tension\/jonction\/thermo-retractables\/jonction\"]}]},{\"@type\":\"ImageObject\",\"inLanguage\":\"fr-FR\",\"@id\":\"https:\/\/www.raytech.it\/fr\/produit\/basse-tension\/jonction\/thermo-retractables\/jonction#primaryimage\",\"url\":\"https:\/\/www.raytech.it\/wp-content\/uploads\/termorestringenti-glv.jpg\",\"contentUrl\":\"https:\/\/www.raytech.it\/wp-content\/uploads\/termorestringenti-glv.jpg\",\"width\":1024,\"height\":1024},{\"@type\":\"BreadcrumbList\",\"@id\":\"https:\/\/www.raytech.it\/fr\/produit\/basse-tension\/jonction\/thermo-retractables\/jonction#breadcrumb\",\"itemListElement\":[{\"@type\":\"ListItem\",\"position\":1,\"name\":\"Home\",\"item\":\"https:\/\/www.raytech.it\/fr\"},{\"@type\":\"ListItem\",\"position\":2,\"name\":\"Boutique\",\"item\":\"https:\/\/www.raytech.it\/fr\/boutique\"},{\"@type\":\"ListItem\",\"position\":3,\"name\":\"Jonctions en ligne ou d\u00e9riv\u00e9es de type thermo-r\u00e9tractable pour c\u00e2ble avec isolant extrud\u00e9 jusqu\u2019\u00e0 1 kV\"}]},{\"@type\":\"WebSite\",\"@id\":\"https:\/\/www.raytech.it\/#website\",\"url\":\"https:\/\/www.raytech.it\/\",\"name\":\"Raytech\",\"description\":\"Cable accessories company\",\"publisher\":{\"@id\":\"https:\/\/www.raytech.it\/#organization\"},\"potentialAction\":[{\"@type\":\"SearchAction\",\"target\":{\"@type\":\"EntryPoint\",\"urlTemplate\":\"https:\/\/www.raytech.it\/?s={search_term_string}\"},\"query-input\":{\"@type\":\"PropertyValueSpecification\",\"valueRequired\":true,\"valueName\":\"search_term_string\"}}],\"inLanguage\":\"fr-FR\"},{\"@type\":\"Organization\",\"@id\":\"https:\/\/www.raytech.it\/#organization\",\"name\":\"Raytech\",\"url\":\"https:\/\/www.raytech.it\/\",\"logo\":{\"@type\":\"ImageObject\",\"inLanguage\":\"fr-FR\",\"@id\":\"https:\/\/www.raytech.it\/#\/schema\/logo\/image\/\",\"url\":\"https:\/\/www.raytech.it\/wp-content\/uploads\/logo-raytech-2019-retina-3.png\",\"contentUrl\":\"https:\/\/www.raytech.it\/wp-content\/uploads\/logo-raytech-2019-retina-3.png\",\"width\":340,\"height\":90,\"caption\":\"Raytech\"},\"image\":{\"@id\":\"https:\/\/www.raytech.it\/#\/schema\/logo\/image\/\"},\"sameAs\":[\"https:\/\/www.facebook.com\/RaytechItaly\",\"https:\/\/www.instagram.com\/raytech_italy\/\",\"https:\/\/www.youtube.com\/user\/raytechitaly\",\"https:\/\/twitter.com\/Raytech_Italy\"]}]}<\/script>\n<!-- \/ Yoast SEO plugin. -->","yoast_head_json":{"title":"Jonctions en ligne ou d\u00e9riv\u00e9es de type thermo-r\u00e9tractable pour c\u00e2ble avec isolant extrud\u00e9 jusqu\u2019\u00e0 1 kV | Raytech","robots":{"index":"index","follow":"follow","max-snippet":"max-snippet:-1","max-image-preview":"max-image-preview:large","max-video-preview":"max-video-preview:-1"},"canonical":"https:\/\/www.raytech.it\/fr\/produit\/basse-tension\/jonction\/thermo-retractables\/jonction","og_locale":"fr_FR","og_type":"article","og_title":"Jonctions en ligne ou d\u00e9riv\u00e9es de type thermo-r\u00e9tractable pour c\u00e2ble avec isolant extrud\u00e9 jusqu\u2019\u00e0 1 kV | Raytech","og_description":"Jonctions en ligne ou d\u00e9riv\u00e9es de type thermo-r\u00e9tractable pour c\u00e2ble avec isolant extrud\u00e9 jusqu\u2019\u00e0 1 kV GDL Jonction pour c\u00e2bles unipolaires \u00e9galement\u00a0avec neutre concentrique GLV Jonction pour c\u00e2bles multipolaires\u00a0(\u00e9galement pour [\u2026]","og_url":"https:\/\/www.raytech.it\/fr\/produit\/basse-tension\/jonction\/thermo-retractables\/jonction","og_site_name":"Raytech","article_publisher":"https:\/\/www.facebook.com\/RaytechItaly","article_modified_time":"2025-02-19T14:44:05+00:00","og_image":[{"width":1024,"height":1024,"url":"https:\/\/www.raytech.it\/wp-content\/uploads\/termorestringenti-glv.jpg","type":"image\/jpeg"}],"twitter_card":"summary_large_image","twitter_misc":{"Dur\u00e9e de lecture estim\u00e9e":"1 minute"},"schema":{"@context":"https:\/\/schema.org","@graph":[{"@type":"WebPage","@id":"https:\/\/www.raytech.it\/fr\/produit\/basse-tension\/jonction\/thermo-retractables\/jonction","url":"https:\/\/www.raytech.it\/fr\/produit\/basse-tension\/jonction\/thermo-retractables\/jonction","name":"Jonctions en ligne ou d\u00e9riv\u00e9es de type thermo-r\u00e9tractable pour c\u00e2ble avec isolant extrud\u00e9 jusqu\u2019\u00e0 1 kV | Raytech","isPartOf":{"@id":"https:\/\/www.raytech.it\/#website"},"primaryImageOfPage":{"@id":"https:\/\/www.raytech.it\/fr\/produit\/basse-tension\/jonction\/thermo-retractables\/jonction#primaryimage"},"image":{"@id":"https:\/\/www.raytech.it\/fr\/produit\/basse-tension\/jonction\/thermo-retractables\/jonction#primaryimage"},"thumbnailUrl":"https:\/\/www.raytech.it\/wp-content\/uploads\/termorestringenti-glv.jpg","datePublished":"2016-01-03T16:09:01+00:00","dateModified":"2025-02-19T14:44:05+00:00","breadcrumb":{"@id":"https:\/\/www.raytech.it\/fr\/produit\/basse-tension\/jonction\/thermo-retractables\/jonction#breadcrumb"},"inLanguage":"fr-FR","potentialAction":[{"@type":"ReadAction","target":["https:\/\/www.raytech.it\/fr\/produit\/basse-tension\/jonction\/thermo-retractables\/jonction"]}]},{"@type":"ImageObject","inLanguage":"fr-FR","@id":"https:\/\/www.raytech.it\/fr\/produit\/basse-tension\/jonction\/thermo-retractables\/jonction#primaryimage","url":"https:\/\/www.raytech.it\/wp-content\/uploads\/termorestringenti-glv.jpg","contentUrl":"https:\/\/www.raytech.it\/wp-content\/uploads\/termorestringenti-glv.jpg","width":1024,"height":1024},{"@type":"BreadcrumbList","@id":"https:\/\/www.raytech.it\/fr\/produit\/basse-tension\/jonction\/thermo-retractables\/jonction#breadcrumb","itemListElement":[{"@type":"ListItem","position":1,"name":"Home","item":"https:\/\/www.raytech.it\/fr"},{"@type":"ListItem","position":2,"name":"Boutique","item":"https:\/\/www.raytech.it\/fr\/boutique"},{"@type":"ListItem","position":3,"name":"Jonctions en ligne ou d\u00e9riv\u00e9es de type thermo-r\u00e9tractable pour c\u00e2ble avec isolant extrud\u00e9 jusqu\u2019\u00e0 1 kV"}]},{"@type":"WebSite","@id":"https:\/\/www.raytech.it\/#website","url":"https:\/\/www.raytech.it\/","name":"Raytech","description":"Cable accessories company","publisher":{"@id":"https:\/\/www.raytech.it\/#organization"},"potentialAction":[{"@type":"SearchAction","target":{"@type":"EntryPoint","urlTemplate":"https:\/\/www.raytech.it\/?s={search_term_string}"},"query-input":{"@type":"PropertyValueSpecification","valueRequired":true,"valueName":"search_term_string"}}],"inLanguage":"fr-FR"},{"@type":"Organization","@id":"https:\/\/www.raytech.it\/#organization","name":"Raytech","url":"https:\/\/www.raytech.it\/","logo":{"@type":"ImageObject","inLanguage":"fr-FR","@id":"https:\/\/www.raytech.it\/#\/schema\/logo\/image\/","url":"https:\/\/www.raytech.it\/wp-content\/uploads\/logo-raytech-2019-retina-3.png","contentUrl":"https:\/\/www.raytech.it\/wp-content\/uploads\/logo-raytech-2019-retina-3.png","width":340,"height":90,"caption":"Raytech"},"image":{"@id":"https:\/\/www.raytech.it\/#\/schema\/logo\/image\/"},"sameAs":["https:\/\/www.facebook.com\/RaytechItaly","https:\/\/www.instagram.com\/raytech_italy\/","https:\/\/www.youtube.com\/user\/raytechitaly","https:\/\/twitter.com\/Raytech_Italy"]}]}},"_links":{"self":[{"href":"https:\/\/www.raytech.it\/fr\/wp-json\/wp\/v2\/product\/7209","targetHints":{"allow":["GET"]}}],"collection":[{"href":"https:\/\/www.raytech.it\/fr\/wp-json\/wp\/v2\/product"}],"about":[{"href":"https:\/\/www.raytech.it\/fr\/wp-json\/wp\/v2\/types\/product"}],"wp:featuredmedia":[{"embeddable":true,"href":"https:\/\/www.raytech.it\/fr\/wp-json\/wp\/v2\/media\/4972"}],"wp:attachment":[{"href":"https:\/\/www.raytech.it\/fr\/wp-json\/wp\/v2\/media?parent=7209"}],"wp:term":[{"taxonomy":"product_brand","embeddable":true,"href":"https:\/\/www.raytech.it\/fr\/wp-json\/wp\/v2\/product_brand?post=7209"},{"taxonomy":"product_cat","embeddable":true,"href":"https:\/\/www.raytech.it\/fr\/wp-json\/wp\/v2\/product_cat?post=7209"},{"taxonomy":"product_tag","embeddable":true,"href":"https:\/\/www.raytech.it\/fr\/wp-json\/wp\/v2\/product_tag?post=7209"}],"curies":[{"name":"wp","href":"https:\/\/api.w.org\/{rel}","templated":true}]}}