{"id":7212,"date":"2015-07-15T14:54:00","date_gmt":"2016-01-03T17:31:59","guid":{"rendered":"https:\/\/www.raytech.it\/?post_type=product&#038;p=7212&#038;lang=fr"},"modified":"2025-02-18T17:07:57","modified_gmt":"2025-02-18T16:07:57","slug":"magic-fluid","status":"publish","type":"product","link":"https:\/\/www.raytech.it\/fr\/produit\/basse-tension\/isolants-de-remplissage\/gel-fr\/magic-fluid","title":{"rendered":"Magic Fluid"},"content":{"rendered":"<h4><span style=\"color: #009832;\">Fluide isolant et scellant en sachet<\/span><\/h4>\n<p>Le fluide isolant et scellant Magic Fluid, coul\u00e9 dans des \u00e9tuis sp\u00e9cifiques, garantit un degr\u00e9\u00a0de protection IP68 et peut remplacer tout type de r\u00e9sine. Il s\u2019agit d\u2019un isolant autoscellant\u00a0de type polym\u00e8re, en sachet bi-composant, avec r\u00e9ticulation \u00e0 froid, sans date de\u00a0p\u00e9remption. En retirant le s\u00e9parateur, les deux composants se m\u00e9langent pour d\u00e9clencher\u00a0la r\u00e9ticulation. Une fois vers\u00e9, l\u2019isolant, caract\u00e9ris\u00e9 par une faible viscosit\u00e9, englobe et rev\u00eat\u00a0tout type de mat\u00e9riau en r\u00e9ticulant en moins de 10 minutes. Absolument atoxique, il\u00a0r\u00e9ticule avec un pic isothermique tr\u00e8s bas sans solliciter de fa\u00e7on thermique les mat\u00e9riaux\u00a0avec lesquels il est en contact. R\u00e9-accessible m\u00eame apr\u00e8s de longues p\u00e9riodes d\u2019utilisation.<\/p>\n<ul>\n<li><span style=\"color: #009832;\">Pour toutes les applications caract\u00e9ris\u00e9es par des tensions\u00a0et des temp\u00e9ratures \u00e9lev\u00e9es!<\/span><\/li>\n<li><span style=\"color: #009832;\">R\u00e9ticulation rapide (seulement 10 minutes)<\/span><\/li>\n<li><span style=\"color: #009832;\">R\u00e9accessible m\u00eame apr\u00e8s des longues p\u00e9riodes de service<\/span><\/li>\n<li><span style=\"color: #009832;\">Atoxique et s\u00fbr, sans date de p\u00e9remption<\/span><\/li>\n<li><span style=\"color: #009832;\">Basse viscosit\u00e9<\/span><\/li>\n<\/ul>\n","protected":false},"excerpt":{"rendered":"<p>Fluide isolant et scellant en sachet Le fluide isolant et scellant Magic Fluid, coul\u00e9 dans des \u00e9tuis sp\u00e9cifiques, garantit un degr\u00e9\u00a0de protection IP68 et peut remplacer tout type de r\u00e9sine.<span class=\"excerpt-hellip\"> [\u2026]<\/span><\/p>\n","protected":false},"featured_media":33094,"template":"","meta":[],"product_brand":[],"product_cat":[136,151,152],"product_tag":[],"class_list":{"0":"post-7212","1":"product","2":"type-product","3":"status-publish","4":"has-post-thumbnail","6":"product_cat-basse-tension","7":"product_cat-isolants-de-remplissage","8":"product_cat-gel-fr","10":"first","11":"instock","12":"taxable","13":"shipping-taxable","14":"purchasable","15":"product-type-variable"},"yoast_head":"<!-- This site is optimized with the Yoast SEO plugin v26.5 - https:\/\/yoast.com\/wordpress\/plugins\/seo\/ -->\n<title>Magic Fluid | Raytech<\/title>\n<meta name=\"robots\" content=\"index, follow, max-snippet:-1, max-image-preview:large, max-video-preview:-1\" \/>\n<link rel=\"canonical\" href=\"https:\/\/www.raytech.it\/fr\/produit\/basse-tension\/isolants-de-remplissage\/gel-fr\/magic-fluid\" \/>\n<meta property=\"og:locale\" content=\"fr_FR\" \/>\n<meta property=\"og:type\" content=\"article\" \/>\n<meta property=\"og:title\" content=\"Magic Fluid | Raytech\" \/>\n<meta property=\"og:description\" content=\"Fluide isolant et scellant en sachet Le fluide isolant et scellant Magic Fluid, coul\u00e9 dans des \u00e9tuis sp\u00e9cifiques, garantit un degr\u00e9\u00a0de protection IP68 et peut remplacer tout type de r\u00e9sine. [\u2026]\" \/>\n<meta property=\"og:url\" content=\"https:\/\/www.raytech.it\/fr\/produit\/basse-tension\/isolants-de-remplissage\/gel-fr\/magic-fluid\" \/>\n<meta property=\"og:site_name\" content=\"Raytech\" \/>\n<meta property=\"article:publisher\" content=\"https:\/\/www.facebook.com\/RaytechItaly\" \/>\n<meta property=\"article:modified_time\" content=\"2025-02-18T16:07:57+00:00\" \/>\n<meta property=\"og:image\" content=\"https:\/\/www.raytech.it\/wp-content\/uploads\/magic-fluid-5.jpg\" \/>\n\t<meta property=\"og:image:width\" content=\"1024\" \/>\n\t<meta property=\"og:image:height\" content=\"1024\" \/>\n\t<meta property=\"og:image:type\" content=\"image\/jpeg\" \/>\n<meta name=\"twitter:card\" content=\"summary_large_image\" \/>\n<meta name=\"twitter:label1\" content=\"Dur\u00e9e de lecture estim\u00e9e\" \/>\n\t<meta name=\"twitter:data1\" content=\"1 minute\" \/>\n<script type=\"application\/ld+json\" class=\"yoast-schema-graph\">{\"@context\":\"https:\/\/schema.org\",\"@graph\":[{\"@type\":\"WebPage\",\"@id\":\"https:\/\/www.raytech.it\/fr\/produit\/basse-tension\/isolants-de-remplissage\/gel-fr\/magic-fluid\",\"url\":\"https:\/\/www.raytech.it\/fr\/produit\/basse-tension\/isolants-de-remplissage\/gel-fr\/magic-fluid\",\"name\":\"Magic Fluid | Raytech\",\"isPartOf\":{\"@id\":\"https:\/\/www.raytech.it\/#website\"},\"primaryImageOfPage\":{\"@id\":\"https:\/\/www.raytech.it\/fr\/produit\/basse-tension\/isolants-de-remplissage\/gel-fr\/magic-fluid#primaryimage\"},\"image\":{\"@id\":\"https:\/\/www.raytech.it\/fr\/produit\/basse-tension\/isolants-de-remplissage\/gel-fr\/magic-fluid#primaryimage\"},\"thumbnailUrl\":\"https:\/\/www.raytech.it\/wp-content\/uploads\/magic-fluid-5.jpg\",\"datePublished\":\"2016-01-03T17:31:59+00:00\",\"dateModified\":\"2025-02-18T16:07:57+00:00\",\"breadcrumb\":{\"@id\":\"https:\/\/www.raytech.it\/fr\/produit\/basse-tension\/isolants-de-remplissage\/gel-fr\/magic-fluid#breadcrumb\"},\"inLanguage\":\"fr-FR\",\"potentialAction\":[{\"@type\":\"ReadAction\",\"target\":[\"https:\/\/www.raytech.it\/fr\/produit\/basse-tension\/isolants-de-remplissage\/gel-fr\/magic-fluid\"]}]},{\"@type\":\"ImageObject\",\"inLanguage\":\"fr-FR\",\"@id\":\"https:\/\/www.raytech.it\/fr\/produit\/basse-tension\/isolants-de-remplissage\/gel-fr\/magic-fluid#primaryimage\",\"url\":\"https:\/\/www.raytech.it\/wp-content\/uploads\/magic-fluid-5.jpg\",\"contentUrl\":\"https:\/\/www.raytech.it\/wp-content\/uploads\/magic-fluid-5.jpg\",\"width\":1024,\"height\":1024},{\"@type\":\"BreadcrumbList\",\"@id\":\"https:\/\/www.raytech.it\/fr\/produit\/basse-tension\/isolants-de-remplissage\/gel-fr\/magic-fluid#breadcrumb\",\"itemListElement\":[{\"@type\":\"ListItem\",\"position\":1,\"name\":\"Home\",\"item\":\"https:\/\/www.raytech.it\/fr\"},{\"@type\":\"ListItem\",\"position\":2,\"name\":\"Boutique\",\"item\":\"https:\/\/www.raytech.it\/fr\/boutique\"},{\"@type\":\"ListItem\",\"position\":3,\"name\":\"Magic Fluid\"}]},{\"@type\":\"WebSite\",\"@id\":\"https:\/\/www.raytech.it\/#website\",\"url\":\"https:\/\/www.raytech.it\/\",\"name\":\"Raytech\",\"description\":\"Cable accessories company\",\"publisher\":{\"@id\":\"https:\/\/www.raytech.it\/#organization\"},\"potentialAction\":[{\"@type\":\"SearchAction\",\"target\":{\"@type\":\"EntryPoint\",\"urlTemplate\":\"https:\/\/www.raytech.it\/?s={search_term_string}\"},\"query-input\":{\"@type\":\"PropertyValueSpecification\",\"valueRequired\":true,\"valueName\":\"search_term_string\"}}],\"inLanguage\":\"fr-FR\"},{\"@type\":\"Organization\",\"@id\":\"https:\/\/www.raytech.it\/#organization\",\"name\":\"Raytech\",\"url\":\"https:\/\/www.raytech.it\/\",\"logo\":{\"@type\":\"ImageObject\",\"inLanguage\":\"fr-FR\",\"@id\":\"https:\/\/www.raytech.it\/#\/schema\/logo\/image\/\",\"url\":\"https:\/\/www.raytech.it\/wp-content\/uploads\/logo-raytech-2019-retina-3.png\",\"contentUrl\":\"https:\/\/www.raytech.it\/wp-content\/uploads\/logo-raytech-2019-retina-3.png\",\"width\":340,\"height\":90,\"caption\":\"Raytech\"},\"image\":{\"@id\":\"https:\/\/www.raytech.it\/#\/schema\/logo\/image\/\"},\"sameAs\":[\"https:\/\/www.facebook.com\/RaytechItaly\",\"https:\/\/www.instagram.com\/raytech_italy\/\",\"https:\/\/www.youtube.com\/user\/raytechitaly\",\"https:\/\/twitter.com\/Raytech_Italy\"]}]}<\/script>\n<!-- \/ Yoast SEO plugin. -->","yoast_head_json":{"title":"Magic Fluid | Raytech","robots":{"index":"index","follow":"follow","max-snippet":"max-snippet:-1","max-image-preview":"max-image-preview:large","max-video-preview":"max-video-preview:-1"},"canonical":"https:\/\/www.raytech.it\/fr\/produit\/basse-tension\/isolants-de-remplissage\/gel-fr\/magic-fluid","og_locale":"fr_FR","og_type":"article","og_title":"Magic Fluid | Raytech","og_description":"Fluide isolant et scellant en sachet Le fluide isolant et scellant Magic Fluid, coul\u00e9 dans des \u00e9tuis sp\u00e9cifiques, garantit un degr\u00e9\u00a0de protection IP68 et peut remplacer tout type de r\u00e9sine. [\u2026]","og_url":"https:\/\/www.raytech.it\/fr\/produit\/basse-tension\/isolants-de-remplissage\/gel-fr\/magic-fluid","og_site_name":"Raytech","article_publisher":"https:\/\/www.facebook.com\/RaytechItaly","article_modified_time":"2025-02-18T16:07:57+00:00","og_image":[{"width":1024,"height":1024,"url":"https:\/\/www.raytech.it\/wp-content\/uploads\/magic-fluid-5.jpg","type":"image\/jpeg"}],"twitter_card":"summary_large_image","twitter_misc":{"Dur\u00e9e de lecture estim\u00e9e":"1 minute"},"schema":{"@context":"https:\/\/schema.org","@graph":[{"@type":"WebPage","@id":"https:\/\/www.raytech.it\/fr\/produit\/basse-tension\/isolants-de-remplissage\/gel-fr\/magic-fluid","url":"https:\/\/www.raytech.it\/fr\/produit\/basse-tension\/isolants-de-remplissage\/gel-fr\/magic-fluid","name":"Magic Fluid | Raytech","isPartOf":{"@id":"https:\/\/www.raytech.it\/#website"},"primaryImageOfPage":{"@id":"https:\/\/www.raytech.it\/fr\/produit\/basse-tension\/isolants-de-remplissage\/gel-fr\/magic-fluid#primaryimage"},"image":{"@id":"https:\/\/www.raytech.it\/fr\/produit\/basse-tension\/isolants-de-remplissage\/gel-fr\/magic-fluid#primaryimage"},"thumbnailUrl":"https:\/\/www.raytech.it\/wp-content\/uploads\/magic-fluid-5.jpg","datePublished":"2016-01-03T17:31:59+00:00","dateModified":"2025-02-18T16:07:57+00:00","breadcrumb":{"@id":"https:\/\/www.raytech.it\/fr\/produit\/basse-tension\/isolants-de-remplissage\/gel-fr\/magic-fluid#breadcrumb"},"inLanguage":"fr-FR","potentialAction":[{"@type":"ReadAction","target":["https:\/\/www.raytech.it\/fr\/produit\/basse-tension\/isolants-de-remplissage\/gel-fr\/magic-fluid"]}]},{"@type":"ImageObject","inLanguage":"fr-FR","@id":"https:\/\/www.raytech.it\/fr\/produit\/basse-tension\/isolants-de-remplissage\/gel-fr\/magic-fluid#primaryimage","url":"https:\/\/www.raytech.it\/wp-content\/uploads\/magic-fluid-5.jpg","contentUrl":"https:\/\/www.raytech.it\/wp-content\/uploads\/magic-fluid-5.jpg","width":1024,"height":1024},{"@type":"BreadcrumbList","@id":"https:\/\/www.raytech.it\/fr\/produit\/basse-tension\/isolants-de-remplissage\/gel-fr\/magic-fluid#breadcrumb","itemListElement":[{"@type":"ListItem","position":1,"name":"Home","item":"https:\/\/www.raytech.it\/fr"},{"@type":"ListItem","position":2,"name":"Boutique","item":"https:\/\/www.raytech.it\/fr\/boutique"},{"@type":"ListItem","position":3,"name":"Magic Fluid"}]},{"@type":"WebSite","@id":"https:\/\/www.raytech.it\/#website","url":"https:\/\/www.raytech.it\/","name":"Raytech","description":"Cable accessories company","publisher":{"@id":"https:\/\/www.raytech.it\/#organization"},"potentialAction":[{"@type":"SearchAction","target":{"@type":"EntryPoint","urlTemplate":"https:\/\/www.raytech.it\/?s={search_term_string}"},"query-input":{"@type":"PropertyValueSpecification","valueRequired":true,"valueName":"search_term_string"}}],"inLanguage":"fr-FR"},{"@type":"Organization","@id":"https:\/\/www.raytech.it\/#organization","name":"Raytech","url":"https:\/\/www.raytech.it\/","logo":{"@type":"ImageObject","inLanguage":"fr-FR","@id":"https:\/\/www.raytech.it\/#\/schema\/logo\/image\/","url":"https:\/\/www.raytech.it\/wp-content\/uploads\/logo-raytech-2019-retina-3.png","contentUrl":"https:\/\/www.raytech.it\/wp-content\/uploads\/logo-raytech-2019-retina-3.png","width":340,"height":90,"caption":"Raytech"},"image":{"@id":"https:\/\/www.raytech.it\/#\/schema\/logo\/image\/"},"sameAs":["https:\/\/www.facebook.com\/RaytechItaly","https:\/\/www.instagram.com\/raytech_italy\/","https:\/\/www.youtube.com\/user\/raytechitaly","https:\/\/twitter.com\/Raytech_Italy"]}]}},"_links":{"self":[{"href":"https:\/\/www.raytech.it\/fr\/wp-json\/wp\/v2\/product\/7212","targetHints":{"allow":["GET"]}}],"collection":[{"href":"https:\/\/www.raytech.it\/fr\/wp-json\/wp\/v2\/product"}],"about":[{"href":"https:\/\/www.raytech.it\/fr\/wp-json\/wp\/v2\/types\/product"}],"wp:featuredmedia":[{"embeddable":true,"href":"https:\/\/www.raytech.it\/fr\/wp-json\/wp\/v2\/media\/33094"}],"wp:attachment":[{"href":"https:\/\/www.raytech.it\/fr\/wp-json\/wp\/v2\/media?parent=7212"}],"wp:term":[{"taxonomy":"product_brand","embeddable":true,"href":"https:\/\/www.raytech.it\/fr\/wp-json\/wp\/v2\/product_brand?post=7212"},{"taxonomy":"product_cat","embeddable":true,"href":"https:\/\/www.raytech.it\/fr\/wp-json\/wp\/v2\/product_cat?post=7212"},{"taxonomy":"product_tag","embeddable":true,"href":"https:\/\/www.raytech.it\/fr\/wp-json\/wp\/v2\/product_tag?post=7212"}],"curies":[{"name":"wp","href":"https:\/\/api.w.org\/{rel}","templated":true}]}}