{"id":7253,"date":"2015-07-15T15:35:33","date_gmt":"2016-01-03T20:08:33","guid":{"rendered":"https:\/\/www.raytech.it\/?post_type=product&#038;p=7253&#038;lang=fr"},"modified":"2025-02-18T18:37:57","modified_gmt":"2025-02-18T17:37:57","slug":"sky-plast","status":"publish","type":"product","link":"https:\/\/www.raytech.it\/fr\/produit\/basse-tension\/isolants-de-remplissage\/caoutchoucs\/sky-plast","title":{"rendered":"Sky Plast"},"content":{"rendered":"<h4><span style=\"color: #009832;\">Le caoutchouc bi-composant en p\u00e2te isolante, modelable, auto-extinguible, aux caract\u00e9ristiques di\u00e9lectriques \u00e9lev\u00e9es<\/span><\/h4>\n<p>Gr\u00e2ce \u00e0 une recherche constante et minutieuse et au d\u00e9veloppement de nouvelles technologies, Raytech a con\u00e7u Sky Plast, une innovation technologique absolue pour couvrir, prot\u00e9ger, isoler, rev\u00eatir et rendre ignifuge tout composant \u00e9lectrique et autres. Une fois que les 2 composants sont amalgam\u00e9s dans un rapport 1 : 1 (pendant 2 min. max) jusqu\u2019\u00e0 obtenir un m\u00e9lange uniforme, la p\u00e2te r\u00e9ticule rapidement \u00e0 temp\u00e9rature ambiante en moins de 5 minutes. Sky Plast, apr\u00e8s avoir \u00e9t\u00e9 enroul\u00e9 autour du composant \u00e0 prot\u00e9ger, devient en peu de temps une couche de caoutchouc aux caract\u00e9ristiques di\u00e9lectriques d\u2019auto-extinction \u00e9lev\u00e9es.<\/p>\n<ul>\n<li><span style=\"color: #009832;\">\u00c0 basse \u00e9mission de fum\u00e9es et de gaz toxiques et corrosifs<\/span><\/li>\n<li><span style=\"color: #009832;\">Capable de remplacer les guipages, les gaines thermo-r\u00e9tractables, les r\u00e9sinages<\/span><\/li>\n<li><span style=\"color: #009832;\">Flexible et \u00e9lastique dans le temps<\/span><\/li>\n<li><span style=\"color: #009832;\">\u00c0 r\u00e9ticulation rapide<\/span><\/li>\n<\/ul>\n","protected":false},"excerpt":{"rendered":"<p>Le caoutchouc bi-composant en p\u00e2te isolante, modelable, auto-extinguible, aux caract\u00e9ristiques di\u00e9lectriques \u00e9lev\u00e9es Gr\u00e2ce \u00e0 une recherche constante et minutieuse et au d\u00e9veloppement de nouvelles technologies, Raytech a con\u00e7u Sky Plast,<span class=\"excerpt-hellip\"> [\u2026]<\/span><\/p>\n","protected":false},"featured_media":33052,"template":"","meta":[],"product_brand":[],"product_cat":[136,151,154],"product_tag":[],"class_list":{"0":"post-7253","1":"product","2":"type-product","3":"status-publish","4":"has-post-thumbnail","6":"product_cat-basse-tension","7":"product_cat-isolants-de-remplissage","8":"product_cat-caoutchoucs","10":"first","11":"instock","12":"taxable","13":"shipping-taxable","14":"purchasable","15":"product-type-variable"},"yoast_head":"<!-- This site is optimized with the Yoast SEO plugin v26.5 - https:\/\/yoast.com\/wordpress\/plugins\/seo\/ -->\n<title>Sky Plast | Raytech<\/title>\n<meta name=\"robots\" content=\"index, follow, max-snippet:-1, max-image-preview:large, max-video-preview:-1\" \/>\n<link rel=\"canonical\" href=\"https:\/\/www.raytech.it\/fr\/produit\/basse-tension\/isolants-de-remplissage\/caoutchoucs\/sky-plast\" \/>\n<meta property=\"og:locale\" content=\"fr_FR\" \/>\n<meta property=\"og:type\" content=\"article\" \/>\n<meta property=\"og:title\" content=\"Sky Plast | Raytech\" \/>\n<meta property=\"og:description\" content=\"Le caoutchouc bi-composant en p\u00e2te isolante, modelable, auto-extinguible, aux caract\u00e9ristiques di\u00e9lectriques \u00e9lev\u00e9es Gr\u00e2ce \u00e0 une recherche constante et minutieuse et au d\u00e9veloppement de nouvelles technologies, Raytech a con\u00e7u Sky Plast, [\u2026]\" \/>\n<meta property=\"og:url\" content=\"https:\/\/www.raytech.it\/fr\/produit\/basse-tension\/isolants-de-remplissage\/caoutchoucs\/sky-plast\" \/>\n<meta property=\"og:site_name\" content=\"Raytech\" \/>\n<meta property=\"article:publisher\" content=\"https:\/\/www.facebook.com\/RaytechItaly\" \/>\n<meta property=\"article:modified_time\" content=\"2025-02-18T17:37:57+00:00\" \/>\n<meta property=\"og:image\" content=\"https:\/\/www.raytech.it\/wp-content\/uploads\/SkyPlast_pack.jpg\" \/>\n\t<meta property=\"og:image:width\" content=\"1024\" \/>\n\t<meta property=\"og:image:height\" content=\"1024\" \/>\n\t<meta property=\"og:image:type\" content=\"image\/jpeg\" \/>\n<meta name=\"twitter:card\" content=\"summary_large_image\" \/>\n<meta name=\"twitter:label1\" content=\"Dur\u00e9e de lecture estim\u00e9e\" \/>\n\t<meta name=\"twitter:data1\" content=\"1 minute\" \/>\n<script type=\"application\/ld+json\" class=\"yoast-schema-graph\">{\"@context\":\"https:\/\/schema.org\",\"@graph\":[{\"@type\":\"WebPage\",\"@id\":\"https:\/\/www.raytech.it\/fr\/produit\/basse-tension\/isolants-de-remplissage\/caoutchoucs\/sky-plast\",\"url\":\"https:\/\/www.raytech.it\/fr\/produit\/basse-tension\/isolants-de-remplissage\/caoutchoucs\/sky-plast\",\"name\":\"Sky Plast | Raytech\",\"isPartOf\":{\"@id\":\"https:\/\/www.raytech.it\/#website\"},\"primaryImageOfPage\":{\"@id\":\"https:\/\/www.raytech.it\/fr\/produit\/basse-tension\/isolants-de-remplissage\/caoutchoucs\/sky-plast#primaryimage\"},\"image\":{\"@id\":\"https:\/\/www.raytech.it\/fr\/produit\/basse-tension\/isolants-de-remplissage\/caoutchoucs\/sky-plast#primaryimage\"},\"thumbnailUrl\":\"https:\/\/www.raytech.it\/wp-content\/uploads\/SkyPlast_pack.jpg\",\"datePublished\":\"2016-01-03T20:08:33+00:00\",\"dateModified\":\"2025-02-18T17:37:57+00:00\",\"breadcrumb\":{\"@id\":\"https:\/\/www.raytech.it\/fr\/produit\/basse-tension\/isolants-de-remplissage\/caoutchoucs\/sky-plast#breadcrumb\"},\"inLanguage\":\"fr-FR\",\"potentialAction\":[{\"@type\":\"ReadAction\",\"target\":[\"https:\/\/www.raytech.it\/fr\/produit\/basse-tension\/isolants-de-remplissage\/caoutchoucs\/sky-plast\"]}]},{\"@type\":\"ImageObject\",\"inLanguage\":\"fr-FR\",\"@id\":\"https:\/\/www.raytech.it\/fr\/produit\/basse-tension\/isolants-de-remplissage\/caoutchoucs\/sky-plast#primaryimage\",\"url\":\"https:\/\/www.raytech.it\/wp-content\/uploads\/SkyPlast_pack.jpg\",\"contentUrl\":\"https:\/\/www.raytech.it\/wp-content\/uploads\/SkyPlast_pack.jpg\",\"width\":1024,\"height\":1024},{\"@type\":\"BreadcrumbList\",\"@id\":\"https:\/\/www.raytech.it\/fr\/produit\/basse-tension\/isolants-de-remplissage\/caoutchoucs\/sky-plast#breadcrumb\",\"itemListElement\":[{\"@type\":\"ListItem\",\"position\":1,\"name\":\"Home\",\"item\":\"https:\/\/www.raytech.it\/fr\"},{\"@type\":\"ListItem\",\"position\":2,\"name\":\"Boutique\",\"item\":\"https:\/\/www.raytech.it\/fr\/boutique\"},{\"@type\":\"ListItem\",\"position\":3,\"name\":\"Sky Plast\"}]},{\"@type\":\"WebSite\",\"@id\":\"https:\/\/www.raytech.it\/#website\",\"url\":\"https:\/\/www.raytech.it\/\",\"name\":\"Raytech\",\"description\":\"Cable accessories company\",\"publisher\":{\"@id\":\"https:\/\/www.raytech.it\/#organization\"},\"potentialAction\":[{\"@type\":\"SearchAction\",\"target\":{\"@type\":\"EntryPoint\",\"urlTemplate\":\"https:\/\/www.raytech.it\/?s={search_term_string}\"},\"query-input\":{\"@type\":\"PropertyValueSpecification\",\"valueRequired\":true,\"valueName\":\"search_term_string\"}}],\"inLanguage\":\"fr-FR\"},{\"@type\":\"Organization\",\"@id\":\"https:\/\/www.raytech.it\/#organization\",\"name\":\"Raytech\",\"url\":\"https:\/\/www.raytech.it\/\",\"logo\":{\"@type\":\"ImageObject\",\"inLanguage\":\"fr-FR\",\"@id\":\"https:\/\/www.raytech.it\/#\/schema\/logo\/image\/\",\"url\":\"https:\/\/www.raytech.it\/wp-content\/uploads\/logo-raytech-2019-retina-3.png\",\"contentUrl\":\"https:\/\/www.raytech.it\/wp-content\/uploads\/logo-raytech-2019-retina-3.png\",\"width\":340,\"height\":90,\"caption\":\"Raytech\"},\"image\":{\"@id\":\"https:\/\/www.raytech.it\/#\/schema\/logo\/image\/\"},\"sameAs\":[\"https:\/\/www.facebook.com\/RaytechItaly\",\"https:\/\/www.instagram.com\/raytech_italy\/\",\"https:\/\/www.youtube.com\/user\/raytechitaly\",\"https:\/\/twitter.com\/Raytech_Italy\"]}]}<\/script>\n<!-- \/ Yoast SEO plugin. -->","yoast_head_json":{"title":"Sky Plast | Raytech","robots":{"index":"index","follow":"follow","max-snippet":"max-snippet:-1","max-image-preview":"max-image-preview:large","max-video-preview":"max-video-preview:-1"},"canonical":"https:\/\/www.raytech.it\/fr\/produit\/basse-tension\/isolants-de-remplissage\/caoutchoucs\/sky-plast","og_locale":"fr_FR","og_type":"article","og_title":"Sky Plast | Raytech","og_description":"Le caoutchouc bi-composant en p\u00e2te isolante, modelable, auto-extinguible, aux caract\u00e9ristiques di\u00e9lectriques \u00e9lev\u00e9es Gr\u00e2ce \u00e0 une recherche constante et minutieuse et au d\u00e9veloppement de nouvelles technologies, Raytech a con\u00e7u Sky Plast, [\u2026]","og_url":"https:\/\/www.raytech.it\/fr\/produit\/basse-tension\/isolants-de-remplissage\/caoutchoucs\/sky-plast","og_site_name":"Raytech","article_publisher":"https:\/\/www.facebook.com\/RaytechItaly","article_modified_time":"2025-02-18T17:37:57+00:00","og_image":[{"width":1024,"height":1024,"url":"https:\/\/www.raytech.it\/wp-content\/uploads\/SkyPlast_pack.jpg","type":"image\/jpeg"}],"twitter_card":"summary_large_image","twitter_misc":{"Dur\u00e9e de lecture estim\u00e9e":"1 minute"},"schema":{"@context":"https:\/\/schema.org","@graph":[{"@type":"WebPage","@id":"https:\/\/www.raytech.it\/fr\/produit\/basse-tension\/isolants-de-remplissage\/caoutchoucs\/sky-plast","url":"https:\/\/www.raytech.it\/fr\/produit\/basse-tension\/isolants-de-remplissage\/caoutchoucs\/sky-plast","name":"Sky Plast | Raytech","isPartOf":{"@id":"https:\/\/www.raytech.it\/#website"},"primaryImageOfPage":{"@id":"https:\/\/www.raytech.it\/fr\/produit\/basse-tension\/isolants-de-remplissage\/caoutchoucs\/sky-plast#primaryimage"},"image":{"@id":"https:\/\/www.raytech.it\/fr\/produit\/basse-tension\/isolants-de-remplissage\/caoutchoucs\/sky-plast#primaryimage"},"thumbnailUrl":"https:\/\/www.raytech.it\/wp-content\/uploads\/SkyPlast_pack.jpg","datePublished":"2016-01-03T20:08:33+00:00","dateModified":"2025-02-18T17:37:57+00:00","breadcrumb":{"@id":"https:\/\/www.raytech.it\/fr\/produit\/basse-tension\/isolants-de-remplissage\/caoutchoucs\/sky-plast#breadcrumb"},"inLanguage":"fr-FR","potentialAction":[{"@type":"ReadAction","target":["https:\/\/www.raytech.it\/fr\/produit\/basse-tension\/isolants-de-remplissage\/caoutchoucs\/sky-plast"]}]},{"@type":"ImageObject","inLanguage":"fr-FR","@id":"https:\/\/www.raytech.it\/fr\/produit\/basse-tension\/isolants-de-remplissage\/caoutchoucs\/sky-plast#primaryimage","url":"https:\/\/www.raytech.it\/wp-content\/uploads\/SkyPlast_pack.jpg","contentUrl":"https:\/\/www.raytech.it\/wp-content\/uploads\/SkyPlast_pack.jpg","width":1024,"height":1024},{"@type":"BreadcrumbList","@id":"https:\/\/www.raytech.it\/fr\/produit\/basse-tension\/isolants-de-remplissage\/caoutchoucs\/sky-plast#breadcrumb","itemListElement":[{"@type":"ListItem","position":1,"name":"Home","item":"https:\/\/www.raytech.it\/fr"},{"@type":"ListItem","position":2,"name":"Boutique","item":"https:\/\/www.raytech.it\/fr\/boutique"},{"@type":"ListItem","position":3,"name":"Sky Plast"}]},{"@type":"WebSite","@id":"https:\/\/www.raytech.it\/#website","url":"https:\/\/www.raytech.it\/","name":"Raytech","description":"Cable accessories company","publisher":{"@id":"https:\/\/www.raytech.it\/#organization"},"potentialAction":[{"@type":"SearchAction","target":{"@type":"EntryPoint","urlTemplate":"https:\/\/www.raytech.it\/?s={search_term_string}"},"query-input":{"@type":"PropertyValueSpecification","valueRequired":true,"valueName":"search_term_string"}}],"inLanguage":"fr-FR"},{"@type":"Organization","@id":"https:\/\/www.raytech.it\/#organization","name":"Raytech","url":"https:\/\/www.raytech.it\/","logo":{"@type":"ImageObject","inLanguage":"fr-FR","@id":"https:\/\/www.raytech.it\/#\/schema\/logo\/image\/","url":"https:\/\/www.raytech.it\/wp-content\/uploads\/logo-raytech-2019-retina-3.png","contentUrl":"https:\/\/www.raytech.it\/wp-content\/uploads\/logo-raytech-2019-retina-3.png","width":340,"height":90,"caption":"Raytech"},"image":{"@id":"https:\/\/www.raytech.it\/#\/schema\/logo\/image\/"},"sameAs":["https:\/\/www.facebook.com\/RaytechItaly","https:\/\/www.instagram.com\/raytech_italy\/","https:\/\/www.youtube.com\/user\/raytechitaly","https:\/\/twitter.com\/Raytech_Italy"]}]}},"_links":{"self":[{"href":"https:\/\/www.raytech.it\/fr\/wp-json\/wp\/v2\/product\/7253","targetHints":{"allow":["GET"]}}],"collection":[{"href":"https:\/\/www.raytech.it\/fr\/wp-json\/wp\/v2\/product"}],"about":[{"href":"https:\/\/www.raytech.it\/fr\/wp-json\/wp\/v2\/types\/product"}],"wp:featuredmedia":[{"embeddable":true,"href":"https:\/\/www.raytech.it\/fr\/wp-json\/wp\/v2\/media\/33052"}],"wp:attachment":[{"href":"https:\/\/www.raytech.it\/fr\/wp-json\/wp\/v2\/media?parent=7253"}],"wp:term":[{"taxonomy":"product_brand","embeddable":true,"href":"https:\/\/www.raytech.it\/fr\/wp-json\/wp\/v2\/product_brand?post=7253"},{"taxonomy":"product_cat","embeddable":true,"href":"https:\/\/www.raytech.it\/fr\/wp-json\/wp\/v2\/product_cat?post=7253"},{"taxonomy":"product_tag","embeddable":true,"href":"https:\/\/www.raytech.it\/fr\/wp-json\/wp\/v2\/product_tag?post=7253"}],"curies":[{"name":"wp","href":"https:\/\/api.w.org\/{rel}","templated":true}]}}