{"id":7254,"date":"2015-07-15T15:38:56","date_gmt":"2016-01-03T20:11:53","guid":{"rendered":"https:\/\/www.raytech.it\/?post_type=product&#038;p=7254&#038;lang=fr"},"modified":"2025-02-18T16:26:18","modified_gmt":"2025-02-18T15:26:18","slug":"magic-rubber","status":"publish","type":"product","link":"https:\/\/www.raytech.it\/fr\/produit\/basse-tension\/isolants-de-remplissage\/caoutchoucs\/magic-rubber","title":{"rendered":"Magic Rubber"},"content":{"rendered":"<h4><span style=\"color: #009832;\">Caoutchouc bi-composant \u00e0 r\u00e9ticulation rapide<\/span><\/h4>\n<p>Caoutchouc bi-composant liquide isolant, extr\u00eamement adaptable et enveloppant, flexible, \u00e9lastique et r\u00e9-accessible. En quelques minutes, il devient un caoutchouc aux caract\u00e9ristiques di\u00e9lectriques, thermiques, m\u00e9caniques et \u00e9lastiques tr\u00e8s \u00e9lev\u00e9es.<\/p>\n<ul>\n<li><span style=\"color: #009832;\">Pour l\u2019installation jusqu\u2019 \u00e0 1kV<\/span><\/li>\n<li><span style=\"color: #009832;\">A basse \u00e9mission de fum\u00e9es et de gaz toxiques et corrosifs<\/span><\/li>\n<li><span style=\"color: #009832;\">Id\u00e9al aussi pour r\u00e9aliser des calques et des moules<\/span><\/li>\n<li><span style=\"color: #009832;\">Sans date limite<\/span><\/li>\n<\/ul>\n","protected":false},"excerpt":{"rendered":"<p>Caoutchouc bi-composant \u00e0 r\u00e9ticulation rapide Caoutchouc bi-composant liquide isolant, extr\u00eamement adaptable et enveloppant, flexible, \u00e9lastique et r\u00e9-accessible. En quelques minutes, il devient un caoutchouc aux caract\u00e9ristiques di\u00e9lectriques, thermiques, m\u00e9caniques et<span class=\"excerpt-hellip\"> [\u2026]<\/span><\/p>\n","protected":false},"featured_media":33101,"template":"","meta":[],"product_brand":[],"product_cat":[136,151,154],"product_tag":[],"class_list":{"0":"post-7254","1":"product","2":"type-product","3":"status-publish","4":"has-post-thumbnail","6":"product_cat-basse-tension","7":"product_cat-isolants-de-remplissage","8":"product_cat-caoutchoucs","10":"first","11":"instock","12":"taxable","13":"shipping-taxable","14":"purchasable","15":"product-type-variable"},"yoast_head":"<!-- This site is optimized with the Yoast SEO plugin v26.5 - https:\/\/yoast.com\/wordpress\/plugins\/seo\/ -->\n<title>Magic Rubber | Raytech<\/title>\n<meta name=\"robots\" content=\"index, follow, max-snippet:-1, max-image-preview:large, max-video-preview:-1\" \/>\n<link rel=\"canonical\" href=\"https:\/\/www.raytech.it\/fr\/produit\/basse-tension\/isolants-de-remplissage\/caoutchoucs\/magic-rubber\" \/>\n<meta property=\"og:locale\" content=\"fr_FR\" \/>\n<meta property=\"og:type\" content=\"article\" \/>\n<meta property=\"og:title\" content=\"Magic Rubber | Raytech\" \/>\n<meta property=\"og:description\" content=\"Caoutchouc bi-composant \u00e0 r\u00e9ticulation rapide Caoutchouc bi-composant liquide isolant, extr\u00eamement adaptable et enveloppant, flexible, \u00e9lastique et r\u00e9-accessible. En quelques minutes, il devient un caoutchouc aux caract\u00e9ristiques di\u00e9lectriques, thermiques, m\u00e9caniques et [\u2026]\" \/>\n<meta property=\"og:url\" content=\"https:\/\/www.raytech.it\/fr\/produit\/basse-tension\/isolants-de-remplissage\/caoutchoucs\/magic-rubber\" \/>\n<meta property=\"og:site_name\" content=\"Raytech\" \/>\n<meta property=\"article:publisher\" content=\"https:\/\/www.facebook.com\/RaytechItaly\" \/>\n<meta property=\"article:modified_time\" content=\"2025-02-18T15:26:18+00:00\" \/>\n<meta property=\"og:image\" content=\"https:\/\/www.raytech.it\/wp-content\/uploads\/magic-rubber-5.jpg\" \/>\n\t<meta property=\"og:image:width\" content=\"1024\" \/>\n\t<meta property=\"og:image:height\" content=\"1024\" \/>\n\t<meta property=\"og:image:type\" content=\"image\/jpeg\" \/>\n<meta name=\"twitter:card\" content=\"summary_large_image\" \/>\n<script type=\"application\/ld+json\" class=\"yoast-schema-graph\">{\"@context\":\"https:\/\/schema.org\",\"@graph\":[{\"@type\":\"WebPage\",\"@id\":\"https:\/\/www.raytech.it\/fr\/produit\/basse-tension\/isolants-de-remplissage\/caoutchoucs\/magic-rubber\",\"url\":\"https:\/\/www.raytech.it\/fr\/produit\/basse-tension\/isolants-de-remplissage\/caoutchoucs\/magic-rubber\",\"name\":\"Magic Rubber | Raytech\",\"isPartOf\":{\"@id\":\"https:\/\/www.raytech.it\/#website\"},\"primaryImageOfPage\":{\"@id\":\"https:\/\/www.raytech.it\/fr\/produit\/basse-tension\/isolants-de-remplissage\/caoutchoucs\/magic-rubber#primaryimage\"},\"image\":{\"@id\":\"https:\/\/www.raytech.it\/fr\/produit\/basse-tension\/isolants-de-remplissage\/caoutchoucs\/magic-rubber#primaryimage\"},\"thumbnailUrl\":\"https:\/\/www.raytech.it\/wp-content\/uploads\/magic-rubber-5.jpg\",\"datePublished\":\"2016-01-03T20:11:53+00:00\",\"dateModified\":\"2025-02-18T15:26:18+00:00\",\"breadcrumb\":{\"@id\":\"https:\/\/www.raytech.it\/fr\/produit\/basse-tension\/isolants-de-remplissage\/caoutchoucs\/magic-rubber#breadcrumb\"},\"inLanguage\":\"fr-FR\",\"potentialAction\":[{\"@type\":\"ReadAction\",\"target\":[\"https:\/\/www.raytech.it\/fr\/produit\/basse-tension\/isolants-de-remplissage\/caoutchoucs\/magic-rubber\"]}]},{\"@type\":\"ImageObject\",\"inLanguage\":\"fr-FR\",\"@id\":\"https:\/\/www.raytech.it\/fr\/produit\/basse-tension\/isolants-de-remplissage\/caoutchoucs\/magic-rubber#primaryimage\",\"url\":\"https:\/\/www.raytech.it\/wp-content\/uploads\/magic-rubber-5.jpg\",\"contentUrl\":\"https:\/\/www.raytech.it\/wp-content\/uploads\/magic-rubber-5.jpg\",\"width\":1024,\"height\":1024},{\"@type\":\"BreadcrumbList\",\"@id\":\"https:\/\/www.raytech.it\/fr\/produit\/basse-tension\/isolants-de-remplissage\/caoutchoucs\/magic-rubber#breadcrumb\",\"itemListElement\":[{\"@type\":\"ListItem\",\"position\":1,\"name\":\"Home\",\"item\":\"https:\/\/www.raytech.it\/fr\"},{\"@type\":\"ListItem\",\"position\":2,\"name\":\"Boutique\",\"item\":\"https:\/\/www.raytech.it\/fr\/boutique\"},{\"@type\":\"ListItem\",\"position\":3,\"name\":\"Magic Rubber\"}]},{\"@type\":\"WebSite\",\"@id\":\"https:\/\/www.raytech.it\/#website\",\"url\":\"https:\/\/www.raytech.it\/\",\"name\":\"Raytech\",\"description\":\"Cable accessories company\",\"publisher\":{\"@id\":\"https:\/\/www.raytech.it\/#organization\"},\"potentialAction\":[{\"@type\":\"SearchAction\",\"target\":{\"@type\":\"EntryPoint\",\"urlTemplate\":\"https:\/\/www.raytech.it\/?s={search_term_string}\"},\"query-input\":{\"@type\":\"PropertyValueSpecification\",\"valueRequired\":true,\"valueName\":\"search_term_string\"}}],\"inLanguage\":\"fr-FR\"},{\"@type\":\"Organization\",\"@id\":\"https:\/\/www.raytech.it\/#organization\",\"name\":\"Raytech\",\"url\":\"https:\/\/www.raytech.it\/\",\"logo\":{\"@type\":\"ImageObject\",\"inLanguage\":\"fr-FR\",\"@id\":\"https:\/\/www.raytech.it\/#\/schema\/logo\/image\/\",\"url\":\"https:\/\/www.raytech.it\/wp-content\/uploads\/logo-raytech-2019-retina-3.png\",\"contentUrl\":\"https:\/\/www.raytech.it\/wp-content\/uploads\/logo-raytech-2019-retina-3.png\",\"width\":340,\"height\":90,\"caption\":\"Raytech\"},\"image\":{\"@id\":\"https:\/\/www.raytech.it\/#\/schema\/logo\/image\/\"},\"sameAs\":[\"https:\/\/www.facebook.com\/RaytechItaly\",\"https:\/\/www.instagram.com\/raytech_italy\/\",\"https:\/\/www.youtube.com\/user\/raytechitaly\",\"https:\/\/twitter.com\/Raytech_Italy\"]}]}<\/script>\n<!-- \/ Yoast SEO plugin. -->","yoast_head_json":{"title":"Magic Rubber | Raytech","robots":{"index":"index","follow":"follow","max-snippet":"max-snippet:-1","max-image-preview":"max-image-preview:large","max-video-preview":"max-video-preview:-1"},"canonical":"https:\/\/www.raytech.it\/fr\/produit\/basse-tension\/isolants-de-remplissage\/caoutchoucs\/magic-rubber","og_locale":"fr_FR","og_type":"article","og_title":"Magic Rubber | Raytech","og_description":"Caoutchouc bi-composant \u00e0 r\u00e9ticulation rapide Caoutchouc bi-composant liquide isolant, extr\u00eamement adaptable et enveloppant, flexible, \u00e9lastique et r\u00e9-accessible. En quelques minutes, il devient un caoutchouc aux caract\u00e9ristiques di\u00e9lectriques, thermiques, m\u00e9caniques et [\u2026]","og_url":"https:\/\/www.raytech.it\/fr\/produit\/basse-tension\/isolants-de-remplissage\/caoutchoucs\/magic-rubber","og_site_name":"Raytech","article_publisher":"https:\/\/www.facebook.com\/RaytechItaly","article_modified_time":"2025-02-18T15:26:18+00:00","og_image":[{"width":1024,"height":1024,"url":"https:\/\/www.raytech.it\/wp-content\/uploads\/magic-rubber-5.jpg","type":"image\/jpeg"}],"twitter_card":"summary_large_image","schema":{"@context":"https:\/\/schema.org","@graph":[{"@type":"WebPage","@id":"https:\/\/www.raytech.it\/fr\/produit\/basse-tension\/isolants-de-remplissage\/caoutchoucs\/magic-rubber","url":"https:\/\/www.raytech.it\/fr\/produit\/basse-tension\/isolants-de-remplissage\/caoutchoucs\/magic-rubber","name":"Magic Rubber | Raytech","isPartOf":{"@id":"https:\/\/www.raytech.it\/#website"},"primaryImageOfPage":{"@id":"https:\/\/www.raytech.it\/fr\/produit\/basse-tension\/isolants-de-remplissage\/caoutchoucs\/magic-rubber#primaryimage"},"image":{"@id":"https:\/\/www.raytech.it\/fr\/produit\/basse-tension\/isolants-de-remplissage\/caoutchoucs\/magic-rubber#primaryimage"},"thumbnailUrl":"https:\/\/www.raytech.it\/wp-content\/uploads\/magic-rubber-5.jpg","datePublished":"2016-01-03T20:11:53+00:00","dateModified":"2025-02-18T15:26:18+00:00","breadcrumb":{"@id":"https:\/\/www.raytech.it\/fr\/produit\/basse-tension\/isolants-de-remplissage\/caoutchoucs\/magic-rubber#breadcrumb"},"inLanguage":"fr-FR","potentialAction":[{"@type":"ReadAction","target":["https:\/\/www.raytech.it\/fr\/produit\/basse-tension\/isolants-de-remplissage\/caoutchoucs\/magic-rubber"]}]},{"@type":"ImageObject","inLanguage":"fr-FR","@id":"https:\/\/www.raytech.it\/fr\/produit\/basse-tension\/isolants-de-remplissage\/caoutchoucs\/magic-rubber#primaryimage","url":"https:\/\/www.raytech.it\/wp-content\/uploads\/magic-rubber-5.jpg","contentUrl":"https:\/\/www.raytech.it\/wp-content\/uploads\/magic-rubber-5.jpg","width":1024,"height":1024},{"@type":"BreadcrumbList","@id":"https:\/\/www.raytech.it\/fr\/produit\/basse-tension\/isolants-de-remplissage\/caoutchoucs\/magic-rubber#breadcrumb","itemListElement":[{"@type":"ListItem","position":1,"name":"Home","item":"https:\/\/www.raytech.it\/fr"},{"@type":"ListItem","position":2,"name":"Boutique","item":"https:\/\/www.raytech.it\/fr\/boutique"},{"@type":"ListItem","position":3,"name":"Magic Rubber"}]},{"@type":"WebSite","@id":"https:\/\/www.raytech.it\/#website","url":"https:\/\/www.raytech.it\/","name":"Raytech","description":"Cable accessories company","publisher":{"@id":"https:\/\/www.raytech.it\/#organization"},"potentialAction":[{"@type":"SearchAction","target":{"@type":"EntryPoint","urlTemplate":"https:\/\/www.raytech.it\/?s={search_term_string}"},"query-input":{"@type":"PropertyValueSpecification","valueRequired":true,"valueName":"search_term_string"}}],"inLanguage":"fr-FR"},{"@type":"Organization","@id":"https:\/\/www.raytech.it\/#organization","name":"Raytech","url":"https:\/\/www.raytech.it\/","logo":{"@type":"ImageObject","inLanguage":"fr-FR","@id":"https:\/\/www.raytech.it\/#\/schema\/logo\/image\/","url":"https:\/\/www.raytech.it\/wp-content\/uploads\/logo-raytech-2019-retina-3.png","contentUrl":"https:\/\/www.raytech.it\/wp-content\/uploads\/logo-raytech-2019-retina-3.png","width":340,"height":90,"caption":"Raytech"},"image":{"@id":"https:\/\/www.raytech.it\/#\/schema\/logo\/image\/"},"sameAs":["https:\/\/www.facebook.com\/RaytechItaly","https:\/\/www.instagram.com\/raytech_italy\/","https:\/\/www.youtube.com\/user\/raytechitaly","https:\/\/twitter.com\/Raytech_Italy"]}]}},"_links":{"self":[{"href":"https:\/\/www.raytech.it\/fr\/wp-json\/wp\/v2\/product\/7254","targetHints":{"allow":["GET"]}}],"collection":[{"href":"https:\/\/www.raytech.it\/fr\/wp-json\/wp\/v2\/product"}],"about":[{"href":"https:\/\/www.raytech.it\/fr\/wp-json\/wp\/v2\/types\/product"}],"wp:featuredmedia":[{"embeddable":true,"href":"https:\/\/www.raytech.it\/fr\/wp-json\/wp\/v2\/media\/33101"}],"wp:attachment":[{"href":"https:\/\/www.raytech.it\/fr\/wp-json\/wp\/v2\/media?parent=7254"}],"wp:term":[{"taxonomy":"product_brand","embeddable":true,"href":"https:\/\/www.raytech.it\/fr\/wp-json\/wp\/v2\/product_brand?post=7254"},{"taxonomy":"product_cat","embeddable":true,"href":"https:\/\/www.raytech.it\/fr\/wp-json\/wp\/v2\/product_cat?post=7254"},{"taxonomy":"product_tag","embeddable":true,"href":"https:\/\/www.raytech.it\/fr\/wp-json\/wp\/v2\/product_tag?post=7254"}],"curies":[{"name":"wp","href":"https:\/\/api.w.org\/{rel}","templated":true}]}}