{"id":7300,"date":"2015-07-15T15:44:46","date_gmt":"2016-01-04T09:57:24","guid":{"rendered":"https:\/\/www.raytech.it\/?post_type=product&#038;p=7300&#038;lang=fr"},"modified":"2025-02-20T05:12:58","modified_gmt":"2025-02-20T04:12:58","slug":"gaines-depaisseur-moyenne","status":"publish","type":"product","link":"https:\/\/www.raytech.it\/fr\/produit\/basse-tension\/thermo-retractables-fr-2\/gaines\/epaisseur\/gaines-depaisseur-moyenne","title":{"rendered":"Gaines d\u2019\u00e9paisseur moyenne"},"content":{"rendered":"<h4><span style=\"color: #009832;\">Gaines d\u2019\u00e9paisseur moyenne<\/span><\/h4>\n<p>Gaine thermo-r\u00e9tractable en polyol\u00e9fine modifi\u00e9e et r\u00e9ticul\u00e9e par radiation, pour l\u2019isolation,\u00a0le scellement et la protection des composants B.T. Elle est en effet utilis\u00e9e pour la\u00a0restauration de l\u2019isolation et de la couverture externe des c\u00e2bles B.T., et aux endroits qui\u00a0n\u00e9cessitent d\u2019excellentes caract\u00e9ristiques de r\u00e9sistance m\u00e9canique \u00e0 l\u2019impact, l\u2019abrasion,\u00a0aux agents atmosph\u00e9riques en g\u00e9n\u00e9ral parmi lesquels la radiation UV, o\u00f9 elle est destin\u00e9e\u00a0\u00e0 un usage immerg\u00e9. Utilis\u00e9e pour l\u2019isolation de barres ou connexions nues de BT avec une\u00a0excellente r\u00e9sistance m\u00e9canique, pour le scellement, en particulier si elle est associ\u00e9e \u00e0\u00a0l\u2019adh\u00e9sif thermo-fusible, et pour des protections anticorrosives. Elle remplace en outre les\u00a0rubans auto-adh\u00e9sifs et auto-agglom\u00e9rants.<\/p>\n","protected":false},"excerpt":{"rendered":"<p>Gaines d\u2019\u00e9paisseur moyenne Gaine thermo-r\u00e9tractable en polyol\u00e9fine modifi\u00e9e et r\u00e9ticul\u00e9e par radiation, pour l\u2019isolation,\u00a0le scellement et la protection des composants B.T. Elle est en effet utilis\u00e9e pour la\u00a0restauration de l\u2019isolation<span class=\"excerpt-hellip\"> [\u2026]<\/span><\/p>\n","protected":false},"featured_media":2263,"template":"","meta":[],"product_brand":[],"product_cat":[136,145,468,478],"product_tag":[],"class_list":{"0":"post-7300","1":"product","2":"type-product","3":"status-publish","4":"has-post-thumbnail","6":"product_cat-basse-tension","7":"product_cat-thermo-retractables-fr-2","8":"product_cat-gaines","9":"product_cat-epaisseur","11":"first","12":"instock","13":"taxable","14":"shipping-taxable","15":"product-type-simple"},"yoast_head":"<!-- This site is optimized with the Yoast SEO plugin v26.5 - https:\/\/yoast.com\/wordpress\/plugins\/seo\/ -->\n<title>Gaines d\u2019\u00e9paisseur moyenne | Raytech<\/title>\n<meta name=\"robots\" content=\"index, follow, max-snippet:-1, max-image-preview:large, max-video-preview:-1\" \/>\n<link rel=\"canonical\" href=\"https:\/\/www.raytech.it\/fr\/produit\/basse-tension\/thermo-retractables-fr-2\/gaines\/epaisseur\/gaines-depaisseur-moyenne\" \/>\n<meta property=\"og:locale\" content=\"fr_FR\" \/>\n<meta property=\"og:type\" content=\"article\" \/>\n<meta property=\"og:title\" content=\"Gaines d\u2019\u00e9paisseur moyenne | Raytech\" \/>\n<meta property=\"og:description\" content=\"Gaines d\u2019\u00e9paisseur moyenne Gaine thermo-r\u00e9tractable en polyol\u00e9fine modifi\u00e9e et r\u00e9ticul\u00e9e par radiation, pour l\u2019isolation,\u00a0le scellement et la protection des composants B.T. Elle est en effet utilis\u00e9e pour la\u00a0restauration de l\u2019isolation [\u2026]\" \/>\n<meta property=\"og:url\" content=\"https:\/\/www.raytech.it\/fr\/produit\/basse-tension\/thermo-retractables-fr-2\/gaines\/epaisseur\/gaines-depaisseur-moyenne\" \/>\n<meta property=\"og:site_name\" content=\"Raytech\" \/>\n<meta property=\"article:publisher\" content=\"https:\/\/www.facebook.com\/RaytechItaly\" \/>\n<meta property=\"article:modified_time\" content=\"2025-02-20T04:12:58+00:00\" \/>\n<meta property=\"og:image\" content=\"https:\/\/www.raytech.it\/wp-content\/uploads\/mtr.jpg\" \/>\n\t<meta property=\"og:image:width\" content=\"1024\" \/>\n\t<meta property=\"og:image:height\" content=\"1024\" \/>\n\t<meta property=\"og:image:type\" content=\"image\/jpeg\" \/>\n<meta name=\"twitter:card\" content=\"summary_large_image\" \/>\n<meta name=\"twitter:label1\" content=\"Dur\u00e9e de lecture estim\u00e9e\" \/>\n\t<meta name=\"twitter:data1\" content=\"1 minute\" \/>\n<script type=\"application\/ld+json\" class=\"yoast-schema-graph\">{\"@context\":\"https:\/\/schema.org\",\"@graph\":[{\"@type\":\"WebPage\",\"@id\":\"https:\/\/www.raytech.it\/fr\/produit\/basse-tension\/thermo-retractables-fr-2\/gaines\/epaisseur\/gaines-depaisseur-moyenne\",\"url\":\"https:\/\/www.raytech.it\/fr\/produit\/basse-tension\/thermo-retractables-fr-2\/gaines\/epaisseur\/gaines-depaisseur-moyenne\",\"name\":\"Gaines d\u2019\u00e9paisseur moyenne | Raytech\",\"isPartOf\":{\"@id\":\"https:\/\/www.raytech.it\/#website\"},\"primaryImageOfPage\":{\"@id\":\"https:\/\/www.raytech.it\/fr\/produit\/basse-tension\/thermo-retractables-fr-2\/gaines\/epaisseur\/gaines-depaisseur-moyenne#primaryimage\"},\"image\":{\"@id\":\"https:\/\/www.raytech.it\/fr\/produit\/basse-tension\/thermo-retractables-fr-2\/gaines\/epaisseur\/gaines-depaisseur-moyenne#primaryimage\"},\"thumbnailUrl\":\"https:\/\/www.raytech.it\/wp-content\/uploads\/mtr.jpg\",\"datePublished\":\"2016-01-04T09:57:24+00:00\",\"dateModified\":\"2025-02-20T04:12:58+00:00\",\"breadcrumb\":{\"@id\":\"https:\/\/www.raytech.it\/fr\/produit\/basse-tension\/thermo-retractables-fr-2\/gaines\/epaisseur\/gaines-depaisseur-moyenne#breadcrumb\"},\"inLanguage\":\"fr-FR\",\"potentialAction\":[{\"@type\":\"ReadAction\",\"target\":[\"https:\/\/www.raytech.it\/fr\/produit\/basse-tension\/thermo-retractables-fr-2\/gaines\/epaisseur\/gaines-depaisseur-moyenne\"]}]},{\"@type\":\"ImageObject\",\"inLanguage\":\"fr-FR\",\"@id\":\"https:\/\/www.raytech.it\/fr\/produit\/basse-tension\/thermo-retractables-fr-2\/gaines\/epaisseur\/gaines-depaisseur-moyenne#primaryimage\",\"url\":\"https:\/\/www.raytech.it\/wp-content\/uploads\/mtr.jpg\",\"contentUrl\":\"https:\/\/www.raytech.it\/wp-content\/uploads\/mtr.jpg\",\"width\":1024,\"height\":1024},{\"@type\":\"BreadcrumbList\",\"@id\":\"https:\/\/www.raytech.it\/fr\/produit\/basse-tension\/thermo-retractables-fr-2\/gaines\/epaisseur\/gaines-depaisseur-moyenne#breadcrumb\",\"itemListElement\":[{\"@type\":\"ListItem\",\"position\":1,\"name\":\"Home\",\"item\":\"https:\/\/www.raytech.it\/fr\"},{\"@type\":\"ListItem\",\"position\":2,\"name\":\"Boutique\",\"item\":\"https:\/\/www.raytech.it\/fr\/boutique\"},{\"@type\":\"ListItem\",\"position\":3,\"name\":\"Gaines d\u2019\u00e9paisseur moyenne\"}]},{\"@type\":\"WebSite\",\"@id\":\"https:\/\/www.raytech.it\/#website\",\"url\":\"https:\/\/www.raytech.it\/\",\"name\":\"Raytech\",\"description\":\"Cable accessories company\",\"publisher\":{\"@id\":\"https:\/\/www.raytech.it\/#organization\"},\"potentialAction\":[{\"@type\":\"SearchAction\",\"target\":{\"@type\":\"EntryPoint\",\"urlTemplate\":\"https:\/\/www.raytech.it\/?s={search_term_string}\"},\"query-input\":{\"@type\":\"PropertyValueSpecification\",\"valueRequired\":true,\"valueName\":\"search_term_string\"}}],\"inLanguage\":\"fr-FR\"},{\"@type\":\"Organization\",\"@id\":\"https:\/\/www.raytech.it\/#organization\",\"name\":\"Raytech\",\"url\":\"https:\/\/www.raytech.it\/\",\"logo\":{\"@type\":\"ImageObject\",\"inLanguage\":\"fr-FR\",\"@id\":\"https:\/\/www.raytech.it\/#\/schema\/logo\/image\/\",\"url\":\"https:\/\/www.raytech.it\/wp-content\/uploads\/logo-raytech-2019-retina-3.png\",\"contentUrl\":\"https:\/\/www.raytech.it\/wp-content\/uploads\/logo-raytech-2019-retina-3.png\",\"width\":340,\"height\":90,\"caption\":\"Raytech\"},\"image\":{\"@id\":\"https:\/\/www.raytech.it\/#\/schema\/logo\/image\/\"},\"sameAs\":[\"https:\/\/www.facebook.com\/RaytechItaly\",\"https:\/\/www.instagram.com\/raytech_italy\/\",\"https:\/\/www.youtube.com\/user\/raytechitaly\",\"https:\/\/twitter.com\/Raytech_Italy\"]}]}<\/script>\n<!-- \/ Yoast SEO plugin. -->","yoast_head_json":{"title":"Gaines d\u2019\u00e9paisseur moyenne | Raytech","robots":{"index":"index","follow":"follow","max-snippet":"max-snippet:-1","max-image-preview":"max-image-preview:large","max-video-preview":"max-video-preview:-1"},"canonical":"https:\/\/www.raytech.it\/fr\/produit\/basse-tension\/thermo-retractables-fr-2\/gaines\/epaisseur\/gaines-depaisseur-moyenne","og_locale":"fr_FR","og_type":"article","og_title":"Gaines d\u2019\u00e9paisseur moyenne | Raytech","og_description":"Gaines d\u2019\u00e9paisseur moyenne Gaine thermo-r\u00e9tractable en polyol\u00e9fine modifi\u00e9e et r\u00e9ticul\u00e9e par radiation, pour l\u2019isolation,\u00a0le scellement et la protection des composants B.T. Elle est en effet utilis\u00e9e pour la\u00a0restauration de l\u2019isolation [\u2026]","og_url":"https:\/\/www.raytech.it\/fr\/produit\/basse-tension\/thermo-retractables-fr-2\/gaines\/epaisseur\/gaines-depaisseur-moyenne","og_site_name":"Raytech","article_publisher":"https:\/\/www.facebook.com\/RaytechItaly","article_modified_time":"2025-02-20T04:12:58+00:00","og_image":[{"width":1024,"height":1024,"url":"https:\/\/www.raytech.it\/wp-content\/uploads\/mtr.jpg","type":"image\/jpeg"}],"twitter_card":"summary_large_image","twitter_misc":{"Dur\u00e9e de lecture estim\u00e9e":"1 minute"},"schema":{"@context":"https:\/\/schema.org","@graph":[{"@type":"WebPage","@id":"https:\/\/www.raytech.it\/fr\/produit\/basse-tension\/thermo-retractables-fr-2\/gaines\/epaisseur\/gaines-depaisseur-moyenne","url":"https:\/\/www.raytech.it\/fr\/produit\/basse-tension\/thermo-retractables-fr-2\/gaines\/epaisseur\/gaines-depaisseur-moyenne","name":"Gaines d\u2019\u00e9paisseur moyenne | Raytech","isPartOf":{"@id":"https:\/\/www.raytech.it\/#website"},"primaryImageOfPage":{"@id":"https:\/\/www.raytech.it\/fr\/produit\/basse-tension\/thermo-retractables-fr-2\/gaines\/epaisseur\/gaines-depaisseur-moyenne#primaryimage"},"image":{"@id":"https:\/\/www.raytech.it\/fr\/produit\/basse-tension\/thermo-retractables-fr-2\/gaines\/epaisseur\/gaines-depaisseur-moyenne#primaryimage"},"thumbnailUrl":"https:\/\/www.raytech.it\/wp-content\/uploads\/mtr.jpg","datePublished":"2016-01-04T09:57:24+00:00","dateModified":"2025-02-20T04:12:58+00:00","breadcrumb":{"@id":"https:\/\/www.raytech.it\/fr\/produit\/basse-tension\/thermo-retractables-fr-2\/gaines\/epaisseur\/gaines-depaisseur-moyenne#breadcrumb"},"inLanguage":"fr-FR","potentialAction":[{"@type":"ReadAction","target":["https:\/\/www.raytech.it\/fr\/produit\/basse-tension\/thermo-retractables-fr-2\/gaines\/epaisseur\/gaines-depaisseur-moyenne"]}]},{"@type":"ImageObject","inLanguage":"fr-FR","@id":"https:\/\/www.raytech.it\/fr\/produit\/basse-tension\/thermo-retractables-fr-2\/gaines\/epaisseur\/gaines-depaisseur-moyenne#primaryimage","url":"https:\/\/www.raytech.it\/wp-content\/uploads\/mtr.jpg","contentUrl":"https:\/\/www.raytech.it\/wp-content\/uploads\/mtr.jpg","width":1024,"height":1024},{"@type":"BreadcrumbList","@id":"https:\/\/www.raytech.it\/fr\/produit\/basse-tension\/thermo-retractables-fr-2\/gaines\/epaisseur\/gaines-depaisseur-moyenne#breadcrumb","itemListElement":[{"@type":"ListItem","position":1,"name":"Home","item":"https:\/\/www.raytech.it\/fr"},{"@type":"ListItem","position":2,"name":"Boutique","item":"https:\/\/www.raytech.it\/fr\/boutique"},{"@type":"ListItem","position":3,"name":"Gaines d\u2019\u00e9paisseur moyenne"}]},{"@type":"WebSite","@id":"https:\/\/www.raytech.it\/#website","url":"https:\/\/www.raytech.it\/","name":"Raytech","description":"Cable accessories company","publisher":{"@id":"https:\/\/www.raytech.it\/#organization"},"potentialAction":[{"@type":"SearchAction","target":{"@type":"EntryPoint","urlTemplate":"https:\/\/www.raytech.it\/?s={search_term_string}"},"query-input":{"@type":"PropertyValueSpecification","valueRequired":true,"valueName":"search_term_string"}}],"inLanguage":"fr-FR"},{"@type":"Organization","@id":"https:\/\/www.raytech.it\/#organization","name":"Raytech","url":"https:\/\/www.raytech.it\/","logo":{"@type":"ImageObject","inLanguage":"fr-FR","@id":"https:\/\/www.raytech.it\/#\/schema\/logo\/image\/","url":"https:\/\/www.raytech.it\/wp-content\/uploads\/logo-raytech-2019-retina-3.png","contentUrl":"https:\/\/www.raytech.it\/wp-content\/uploads\/logo-raytech-2019-retina-3.png","width":340,"height":90,"caption":"Raytech"},"image":{"@id":"https:\/\/www.raytech.it\/#\/schema\/logo\/image\/"},"sameAs":["https:\/\/www.facebook.com\/RaytechItaly","https:\/\/www.instagram.com\/raytech_italy\/","https:\/\/www.youtube.com\/user\/raytechitaly","https:\/\/twitter.com\/Raytech_Italy"]}]}},"_links":{"self":[{"href":"https:\/\/www.raytech.it\/fr\/wp-json\/wp\/v2\/product\/7300","targetHints":{"allow":["GET"]}}],"collection":[{"href":"https:\/\/www.raytech.it\/fr\/wp-json\/wp\/v2\/product"}],"about":[{"href":"https:\/\/www.raytech.it\/fr\/wp-json\/wp\/v2\/types\/product"}],"wp:featuredmedia":[{"embeddable":true,"href":"https:\/\/www.raytech.it\/fr\/wp-json\/wp\/v2\/media\/2263"}],"wp:attachment":[{"href":"https:\/\/www.raytech.it\/fr\/wp-json\/wp\/v2\/media?parent=7300"}],"wp:term":[{"taxonomy":"product_brand","embeddable":true,"href":"https:\/\/www.raytech.it\/fr\/wp-json\/wp\/v2\/product_brand?post=7300"},{"taxonomy":"product_cat","embeddable":true,"href":"https:\/\/www.raytech.it\/fr\/wp-json\/wp\/v2\/product_cat?post=7300"},{"taxonomy":"product_tag","embeddable":true,"href":"https:\/\/www.raytech.it\/fr\/wp-json\/wp\/v2\/product_tag?post=7300"}],"curies":[{"name":"wp","href":"https:\/\/api.w.org\/{rel}","templated":true}]}}