{"id":7302,"date":"2015-07-15T15:46:39","date_gmt":"2016-01-04T10:05:22","guid":{"rendered":"https:\/\/www.raytech.it\/?post_type=product&#038;p=7302&#038;lang=fr"},"modified":"2025-02-20T03:02:15","modified_gmt":"2025-02-20T02:02:15","slug":"gaine-enveloppante","status":"publish","type":"product","link":"https:\/\/www.raytech.it\/fr\/produit\/basse-tension\/thermo-retractables-fr-2\/gaines\/a-charniere\/gaine-enveloppante","title":{"rendered":"Gaine enveloppante"},"content":{"rendered":"<h4><span style=\"color: #009832;\">Gaine enveloppante<\/span><\/h4>\n<p>Gaine thermo-r\u00e9tractable enveloppante pour la r\u00e9paration de gaines plastiques ou m\u00e9talliques\u00a0des c\u00e2bles. Elle allie ses caract\u00e9ristiques m\u00e9caniques, de protection et de scellement\u00a0des jonctions tubulaires vues pr\u00e9c\u00e9demment \u00e0 la facilit\u00e9 d\u2019application et de fermeture.\u00a0Indispensable lorsqu\u2019il n\u2019est pas possible de couper le c\u00e2ble ; du fait qu\u2019il ne doit pas \u00eatre\u00a0pr\u00e9-enfil\u00e9, cela r\u00e9duit l\u2019espace pour son application.<\/p>\n","protected":false},"excerpt":{"rendered":"<p>Gaine enveloppante Gaine thermo-r\u00e9tractable enveloppante pour la r\u00e9paration de gaines plastiques ou m\u00e9talliques\u00a0des c\u00e2bles. Elle allie ses caract\u00e9ristiques m\u00e9caniques, de protection et de scellement\u00a0des jonctions tubulaires vues pr\u00e9c\u00e9demment \u00e0 la<span class=\"excerpt-hellip\"> [\u2026]<\/span><\/p>\n","protected":false},"featured_media":2277,"template":"","meta":[],"product_brand":[],"product_cat":[136,145,468,480],"product_tag":[],"class_list":{"0":"post-7302","1":"product","2":"type-product","3":"status-publish","4":"has-post-thumbnail","6":"product_cat-basse-tension","7":"product_cat-thermo-retractables-fr-2","8":"product_cat-gaines","9":"product_cat-a-charniere","11":"first","12":"instock","13":"taxable","14":"shipping-taxable","15":"product-type-simple"},"yoast_head":"<!-- This site is optimized with the Yoast SEO plugin v26.5 - https:\/\/yoast.com\/wordpress\/plugins\/seo\/ -->\n<title>Gaine enveloppante | Raytech<\/title>\n<meta name=\"robots\" content=\"index, follow, max-snippet:-1, max-image-preview:large, max-video-preview:-1\" \/>\n<link rel=\"canonical\" href=\"https:\/\/www.raytech.it\/fr\/produit\/basse-tension\/thermo-retractables-fr-2\/gaines\/a-charniere\/gaine-enveloppante\" \/>\n<meta property=\"og:locale\" content=\"fr_FR\" \/>\n<meta property=\"og:type\" content=\"article\" \/>\n<meta property=\"og:title\" content=\"Gaine enveloppante | Raytech\" \/>\n<meta property=\"og:description\" content=\"Gaine enveloppante Gaine thermo-r\u00e9tractable enveloppante pour la r\u00e9paration de gaines plastiques ou m\u00e9talliques\u00a0des c\u00e2bles. Elle allie ses caract\u00e9ristiques m\u00e9caniques, de protection et de scellement\u00a0des jonctions tubulaires vues pr\u00e9c\u00e9demment \u00e0 la [\u2026]\" \/>\n<meta property=\"og:url\" content=\"https:\/\/www.raytech.it\/fr\/produit\/basse-tension\/thermo-retractables-fr-2\/gaines\/a-charniere\/gaine-enveloppante\" \/>\n<meta property=\"og:site_name\" content=\"Raytech\" \/>\n<meta property=\"article:publisher\" content=\"https:\/\/www.facebook.com\/RaytechItaly\" \/>\n<meta property=\"article:modified_time\" content=\"2025-02-20T02:02:15+00:00\" \/>\n<meta property=\"og:image\" content=\"https:\/\/www.raytech.it\/wp-content\/uploads\/ray-rsm.jpg\" \/>\n\t<meta property=\"og:image:width\" content=\"1024\" \/>\n\t<meta property=\"og:image:height\" content=\"1024\" \/>\n\t<meta property=\"og:image:type\" content=\"image\/jpeg\" \/>\n<meta name=\"twitter:card\" content=\"summary_large_image\" \/>\n<script type=\"application\/ld+json\" class=\"yoast-schema-graph\">{\"@context\":\"https:\/\/schema.org\",\"@graph\":[{\"@type\":\"WebPage\",\"@id\":\"https:\/\/www.raytech.it\/fr\/produit\/basse-tension\/thermo-retractables-fr-2\/gaines\/a-charniere\/gaine-enveloppante\",\"url\":\"https:\/\/www.raytech.it\/fr\/produit\/basse-tension\/thermo-retractables-fr-2\/gaines\/a-charniere\/gaine-enveloppante\",\"name\":\"Gaine enveloppante | Raytech\",\"isPartOf\":{\"@id\":\"https:\/\/www.raytech.it\/#website\"},\"primaryImageOfPage\":{\"@id\":\"https:\/\/www.raytech.it\/fr\/produit\/basse-tension\/thermo-retractables-fr-2\/gaines\/a-charniere\/gaine-enveloppante#primaryimage\"},\"image\":{\"@id\":\"https:\/\/www.raytech.it\/fr\/produit\/basse-tension\/thermo-retractables-fr-2\/gaines\/a-charniere\/gaine-enveloppante#primaryimage\"},\"thumbnailUrl\":\"https:\/\/www.raytech.it\/wp-content\/uploads\/ray-rsm.jpg\",\"datePublished\":\"2016-01-04T10:05:22+00:00\",\"dateModified\":\"2025-02-20T02:02:15+00:00\",\"breadcrumb\":{\"@id\":\"https:\/\/www.raytech.it\/fr\/produit\/basse-tension\/thermo-retractables-fr-2\/gaines\/a-charniere\/gaine-enveloppante#breadcrumb\"},\"inLanguage\":\"fr-FR\",\"potentialAction\":[{\"@type\":\"ReadAction\",\"target\":[\"https:\/\/www.raytech.it\/fr\/produit\/basse-tension\/thermo-retractables-fr-2\/gaines\/a-charniere\/gaine-enveloppante\"]}]},{\"@type\":\"ImageObject\",\"inLanguage\":\"fr-FR\",\"@id\":\"https:\/\/www.raytech.it\/fr\/produit\/basse-tension\/thermo-retractables-fr-2\/gaines\/a-charniere\/gaine-enveloppante#primaryimage\",\"url\":\"https:\/\/www.raytech.it\/wp-content\/uploads\/ray-rsm.jpg\",\"contentUrl\":\"https:\/\/www.raytech.it\/wp-content\/uploads\/ray-rsm.jpg\",\"width\":1024,\"height\":1024},{\"@type\":\"BreadcrumbList\",\"@id\":\"https:\/\/www.raytech.it\/fr\/produit\/basse-tension\/thermo-retractables-fr-2\/gaines\/a-charniere\/gaine-enveloppante#breadcrumb\",\"itemListElement\":[{\"@type\":\"ListItem\",\"position\":1,\"name\":\"Home\",\"item\":\"https:\/\/www.raytech.it\/fr\"},{\"@type\":\"ListItem\",\"position\":2,\"name\":\"Boutique\",\"item\":\"https:\/\/www.raytech.it\/fr\/boutique\"},{\"@type\":\"ListItem\",\"position\":3,\"name\":\"Gaine enveloppante\"}]},{\"@type\":\"WebSite\",\"@id\":\"https:\/\/www.raytech.it\/#website\",\"url\":\"https:\/\/www.raytech.it\/\",\"name\":\"Raytech\",\"description\":\"Cable accessories company\",\"publisher\":{\"@id\":\"https:\/\/www.raytech.it\/#organization\"},\"potentialAction\":[{\"@type\":\"SearchAction\",\"target\":{\"@type\":\"EntryPoint\",\"urlTemplate\":\"https:\/\/www.raytech.it\/?s={search_term_string}\"},\"query-input\":{\"@type\":\"PropertyValueSpecification\",\"valueRequired\":true,\"valueName\":\"search_term_string\"}}],\"inLanguage\":\"fr-FR\"},{\"@type\":\"Organization\",\"@id\":\"https:\/\/www.raytech.it\/#organization\",\"name\":\"Raytech\",\"url\":\"https:\/\/www.raytech.it\/\",\"logo\":{\"@type\":\"ImageObject\",\"inLanguage\":\"fr-FR\",\"@id\":\"https:\/\/www.raytech.it\/#\/schema\/logo\/image\/\",\"url\":\"https:\/\/www.raytech.it\/wp-content\/uploads\/logo-raytech-2019-retina-3.png\",\"contentUrl\":\"https:\/\/www.raytech.it\/wp-content\/uploads\/logo-raytech-2019-retina-3.png\",\"width\":340,\"height\":90,\"caption\":\"Raytech\"},\"image\":{\"@id\":\"https:\/\/www.raytech.it\/#\/schema\/logo\/image\/\"},\"sameAs\":[\"https:\/\/www.facebook.com\/RaytechItaly\",\"https:\/\/www.instagram.com\/raytech_italy\/\",\"https:\/\/www.youtube.com\/user\/raytechitaly\",\"https:\/\/twitter.com\/Raytech_Italy\"]}]}<\/script>\n<!-- \/ Yoast SEO plugin. -->","yoast_head_json":{"title":"Gaine enveloppante | Raytech","robots":{"index":"index","follow":"follow","max-snippet":"max-snippet:-1","max-image-preview":"max-image-preview:large","max-video-preview":"max-video-preview:-1"},"canonical":"https:\/\/www.raytech.it\/fr\/produit\/basse-tension\/thermo-retractables-fr-2\/gaines\/a-charniere\/gaine-enveloppante","og_locale":"fr_FR","og_type":"article","og_title":"Gaine enveloppante | Raytech","og_description":"Gaine enveloppante Gaine thermo-r\u00e9tractable enveloppante pour la r\u00e9paration de gaines plastiques ou m\u00e9talliques\u00a0des c\u00e2bles. Elle allie ses caract\u00e9ristiques m\u00e9caniques, de protection et de scellement\u00a0des jonctions tubulaires vues pr\u00e9c\u00e9demment \u00e0 la [\u2026]","og_url":"https:\/\/www.raytech.it\/fr\/produit\/basse-tension\/thermo-retractables-fr-2\/gaines\/a-charniere\/gaine-enveloppante","og_site_name":"Raytech","article_publisher":"https:\/\/www.facebook.com\/RaytechItaly","article_modified_time":"2025-02-20T02:02:15+00:00","og_image":[{"width":1024,"height":1024,"url":"https:\/\/www.raytech.it\/wp-content\/uploads\/ray-rsm.jpg","type":"image\/jpeg"}],"twitter_card":"summary_large_image","schema":{"@context":"https:\/\/schema.org","@graph":[{"@type":"WebPage","@id":"https:\/\/www.raytech.it\/fr\/produit\/basse-tension\/thermo-retractables-fr-2\/gaines\/a-charniere\/gaine-enveloppante","url":"https:\/\/www.raytech.it\/fr\/produit\/basse-tension\/thermo-retractables-fr-2\/gaines\/a-charniere\/gaine-enveloppante","name":"Gaine enveloppante | Raytech","isPartOf":{"@id":"https:\/\/www.raytech.it\/#website"},"primaryImageOfPage":{"@id":"https:\/\/www.raytech.it\/fr\/produit\/basse-tension\/thermo-retractables-fr-2\/gaines\/a-charniere\/gaine-enveloppante#primaryimage"},"image":{"@id":"https:\/\/www.raytech.it\/fr\/produit\/basse-tension\/thermo-retractables-fr-2\/gaines\/a-charniere\/gaine-enveloppante#primaryimage"},"thumbnailUrl":"https:\/\/www.raytech.it\/wp-content\/uploads\/ray-rsm.jpg","datePublished":"2016-01-04T10:05:22+00:00","dateModified":"2025-02-20T02:02:15+00:00","breadcrumb":{"@id":"https:\/\/www.raytech.it\/fr\/produit\/basse-tension\/thermo-retractables-fr-2\/gaines\/a-charniere\/gaine-enveloppante#breadcrumb"},"inLanguage":"fr-FR","potentialAction":[{"@type":"ReadAction","target":["https:\/\/www.raytech.it\/fr\/produit\/basse-tension\/thermo-retractables-fr-2\/gaines\/a-charniere\/gaine-enveloppante"]}]},{"@type":"ImageObject","inLanguage":"fr-FR","@id":"https:\/\/www.raytech.it\/fr\/produit\/basse-tension\/thermo-retractables-fr-2\/gaines\/a-charniere\/gaine-enveloppante#primaryimage","url":"https:\/\/www.raytech.it\/wp-content\/uploads\/ray-rsm.jpg","contentUrl":"https:\/\/www.raytech.it\/wp-content\/uploads\/ray-rsm.jpg","width":1024,"height":1024},{"@type":"BreadcrumbList","@id":"https:\/\/www.raytech.it\/fr\/produit\/basse-tension\/thermo-retractables-fr-2\/gaines\/a-charniere\/gaine-enveloppante#breadcrumb","itemListElement":[{"@type":"ListItem","position":1,"name":"Home","item":"https:\/\/www.raytech.it\/fr"},{"@type":"ListItem","position":2,"name":"Boutique","item":"https:\/\/www.raytech.it\/fr\/boutique"},{"@type":"ListItem","position":3,"name":"Gaine enveloppante"}]},{"@type":"WebSite","@id":"https:\/\/www.raytech.it\/#website","url":"https:\/\/www.raytech.it\/","name":"Raytech","description":"Cable accessories company","publisher":{"@id":"https:\/\/www.raytech.it\/#organization"},"potentialAction":[{"@type":"SearchAction","target":{"@type":"EntryPoint","urlTemplate":"https:\/\/www.raytech.it\/?s={search_term_string}"},"query-input":{"@type":"PropertyValueSpecification","valueRequired":true,"valueName":"search_term_string"}}],"inLanguage":"fr-FR"},{"@type":"Organization","@id":"https:\/\/www.raytech.it\/#organization","name":"Raytech","url":"https:\/\/www.raytech.it\/","logo":{"@type":"ImageObject","inLanguage":"fr-FR","@id":"https:\/\/www.raytech.it\/#\/schema\/logo\/image\/","url":"https:\/\/www.raytech.it\/wp-content\/uploads\/logo-raytech-2019-retina-3.png","contentUrl":"https:\/\/www.raytech.it\/wp-content\/uploads\/logo-raytech-2019-retina-3.png","width":340,"height":90,"caption":"Raytech"},"image":{"@id":"https:\/\/www.raytech.it\/#\/schema\/logo\/image\/"},"sameAs":["https:\/\/www.facebook.com\/RaytechItaly","https:\/\/www.instagram.com\/raytech_italy\/","https:\/\/www.youtube.com\/user\/raytechitaly","https:\/\/twitter.com\/Raytech_Italy"]}]}},"_links":{"self":[{"href":"https:\/\/www.raytech.it\/fr\/wp-json\/wp\/v2\/product\/7302","targetHints":{"allow":["GET"]}}],"collection":[{"href":"https:\/\/www.raytech.it\/fr\/wp-json\/wp\/v2\/product"}],"about":[{"href":"https:\/\/www.raytech.it\/fr\/wp-json\/wp\/v2\/types\/product"}],"wp:featuredmedia":[{"embeddable":true,"href":"https:\/\/www.raytech.it\/fr\/wp-json\/wp\/v2\/media\/2277"}],"wp:attachment":[{"href":"https:\/\/www.raytech.it\/fr\/wp-json\/wp\/v2\/media?parent=7302"}],"wp:term":[{"taxonomy":"product_brand","embeddable":true,"href":"https:\/\/www.raytech.it\/fr\/wp-json\/wp\/v2\/product_brand?post=7302"},{"taxonomy":"product_cat","embeddable":true,"href":"https:\/\/www.raytech.it\/fr\/wp-json\/wp\/v2\/product_cat?post=7302"},{"taxonomy":"product_tag","embeddable":true,"href":"https:\/\/www.raytech.it\/fr\/wp-json\/wp\/v2\/product_tag?post=7302"}],"curies":[{"name":"wp","href":"https:\/\/api.w.org\/{rel}","templated":true}]}}