{"id":7303,"date":"2015-07-15T15:47:32","date_gmt":"2016-01-04T10:26:16","guid":{"rendered":"https:\/\/www.raytech.it\/?post_type=product&#038;p=7303&#038;lang=fr"},"modified":"2016-01-04T10:26:16","modified_gmt":"2016-01-04T10:26:16","slug":"protection-contre-la-corrosion-des-poteaux","status":"publish","type":"product","link":"https:\/\/www.raytech.it\/fr\/produit\/basse-tension\/thermo-retractables-fr-2\/gaines\/protection-de-poteaux\/protection-contre-la-corrosion-des-poteaux","title":{"rendered":"Protection contre la corrosion des poteaux"},"content":{"rendered":"<h4><span style=\"color: #009832;\">Protection contre\u00a0la corrosion des poteaux<\/span><\/h4>\n<p>Sur un poteau install\u00e9, la section la plus vuln\u00e9rable \u00e0 la corrosion est celle situ\u00e9e juste audessus\u00a0et en-dessous du niveau du terrain. Cette section est attaqu\u00e9e par les agents corrosifs\u00a0qui provoquent une d\u00e9gradation rapide du m\u00e9tal entra\u00eenant une r\u00e9duction consid\u00e9rable\u00a0de la vie du poteau. Des gaines thermo-r\u00e9tractables sp\u00e9ciales se sont r\u00e9v\u00e9l\u00e9es id\u00e9ales pour\u00a0la protection contre la corrosion des poteaux d\u2019\u00e9clairage public, traction \u00e9lectrique, feux et\u00a0panneaux de signalisation. Elles sont constitu\u00e9es en polyol\u00e9fine r\u00e9ticul\u00e9e de large \u00e9paisseur; la partie interne des tubes et des bandes est recouverte d\u2019un adh\u00e9sif thermo-fusible qui\u00a0garantit un scellement parfait \u00e9vitant l\u2019entr\u00e9e de l\u2019humidit\u00e9.<\/p>\n<ul>\n<li><span style=\"color: #009832;\">Forte adh\u00e9sion<\/span><\/li>\n<li><span style=\"color: #009832;\">Excellentes propri\u00e9t\u00e9s \u00e9lectriques<\/span><\/li>\n<li><span style=\"color: #009832;\">Bonne r\u00e9sistance chimique<\/span><\/li>\n<li><span style=\"color: #009832;\">R\u00e9sistance aux moisissures et micro-organismes<\/span><\/li>\n<li><span style=\"color: #009832;\">Protection constante contre les courants \u00e9lectriques vagabonds<\/span><\/li>\n<li><span style=\"color: #009832;\">Facilit\u00e9 d\u2019application<\/span><\/li>\n<li><span style=\"color: #009832;\">Stabilit\u00e9 \u00e0 long terme de toutes les propri\u00e9t\u00e9s<\/span><\/li>\n<\/ul>\n","protected":false},"excerpt":{"rendered":"<p>Protection contre\u00a0la corrosion des poteaux Sur un poteau install\u00e9, la section la plus vuln\u00e9rable \u00e0 la corrosion est celle situ\u00e9e juste audessus\u00a0et en-dessous du niveau du terrain. Cette section est<span class=\"excerpt-hellip\"> [\u2026]<\/span><\/p>\n","protected":false},"featured_media":2284,"template":"","meta":[],"product_brand":[],"product_cat":[136,145,468,500],"product_tag":[],"class_list":{"0":"post-7303","1":"product","2":"type-product","3":"status-publish","4":"has-post-thumbnail","6":"product_cat-basse-tension","7":"product_cat-thermo-retractables-fr-2","8":"product_cat-gaines","9":"product_cat-protection-de-poteaux","11":"first","12":"instock","13":"taxable","14":"shipping-taxable","15":"product-type-simple"},"yoast_head":"<!-- This site is optimized with the Yoast SEO plugin v26.5 - https:\/\/yoast.com\/wordpress\/plugins\/seo\/ -->\n<title>Protection contre la corrosion des poteaux | Raytech<\/title>\n<meta name=\"robots\" content=\"index, follow, max-snippet:-1, max-image-preview:large, max-video-preview:-1\" \/>\n<link rel=\"canonical\" href=\"https:\/\/www.raytech.it\/fr\/produit\/basse-tension\/thermo-retractables-fr-2\/gaines\/protection-de-poteaux\/protection-contre-la-corrosion-des-poteaux\" \/>\n<meta property=\"og:locale\" content=\"fr_FR\" \/>\n<meta property=\"og:type\" content=\"article\" \/>\n<meta property=\"og:title\" content=\"Protection contre la corrosion des poteaux | Raytech\" \/>\n<meta property=\"og:description\" content=\"Protection contre\u00a0la corrosion des poteaux Sur un poteau install\u00e9, la section la plus vuln\u00e9rable \u00e0 la corrosion est celle situ\u00e9e juste audessus\u00a0et en-dessous du niveau du terrain. Cette section est [\u2026]\" \/>\n<meta property=\"og:url\" content=\"https:\/\/www.raytech.it\/fr\/produit\/basse-tension\/thermo-retractables-fr-2\/gaines\/protection-de-poteaux\/protection-contre-la-corrosion-des-poteaux\" \/>\n<meta property=\"og:site_name\" content=\"Raytech\" \/>\n<meta property=\"article:publisher\" content=\"https:\/\/www.facebook.com\/RaytechItaly\" \/>\n<meta property=\"og:image\" content=\"https:\/\/www.raytech.it\/wp-content\/uploads\/wpc-ltpsm.jpg\" \/>\n\t<meta property=\"og:image:width\" content=\"1024\" \/>\n\t<meta property=\"og:image:height\" content=\"1024\" \/>\n\t<meta property=\"og:image:type\" content=\"image\/jpeg\" \/>\n<meta name=\"twitter:card\" content=\"summary_large_image\" \/>\n<meta name=\"twitter:label1\" content=\"Dur\u00e9e de lecture estim\u00e9e\" \/>\n\t<meta name=\"twitter:data1\" content=\"1 minute\" \/>\n<script type=\"application\/ld+json\" class=\"yoast-schema-graph\">{\"@context\":\"https:\/\/schema.org\",\"@graph\":[{\"@type\":\"WebPage\",\"@id\":\"https:\/\/www.raytech.it\/fr\/produit\/basse-tension\/thermo-retractables-fr-2\/gaines\/protection-de-poteaux\/protection-contre-la-corrosion-des-poteaux\",\"url\":\"https:\/\/www.raytech.it\/fr\/produit\/basse-tension\/thermo-retractables-fr-2\/gaines\/protection-de-poteaux\/protection-contre-la-corrosion-des-poteaux\",\"name\":\"Protection contre la corrosion des poteaux | Raytech\",\"isPartOf\":{\"@id\":\"https:\/\/www.raytech.it\/#website\"},\"primaryImageOfPage\":{\"@id\":\"https:\/\/www.raytech.it\/fr\/produit\/basse-tension\/thermo-retractables-fr-2\/gaines\/protection-de-poteaux\/protection-contre-la-corrosion-des-poteaux#primaryimage\"},\"image\":{\"@id\":\"https:\/\/www.raytech.it\/fr\/produit\/basse-tension\/thermo-retractables-fr-2\/gaines\/protection-de-poteaux\/protection-contre-la-corrosion-des-poteaux#primaryimage\"},\"thumbnailUrl\":\"https:\/\/www.raytech.it\/wp-content\/uploads\/wpc-ltpsm.jpg\",\"datePublished\":\"2016-01-04T10:26:16+00:00\",\"breadcrumb\":{\"@id\":\"https:\/\/www.raytech.it\/fr\/produit\/basse-tension\/thermo-retractables-fr-2\/gaines\/protection-de-poteaux\/protection-contre-la-corrosion-des-poteaux#breadcrumb\"},\"inLanguage\":\"fr-FR\",\"potentialAction\":[{\"@type\":\"ReadAction\",\"target\":[\"https:\/\/www.raytech.it\/fr\/produit\/basse-tension\/thermo-retractables-fr-2\/gaines\/protection-de-poteaux\/protection-contre-la-corrosion-des-poteaux\"]}]},{\"@type\":\"ImageObject\",\"inLanguage\":\"fr-FR\",\"@id\":\"https:\/\/www.raytech.it\/fr\/produit\/basse-tension\/thermo-retractables-fr-2\/gaines\/protection-de-poteaux\/protection-contre-la-corrosion-des-poteaux#primaryimage\",\"url\":\"https:\/\/www.raytech.it\/wp-content\/uploads\/wpc-ltpsm.jpg\",\"contentUrl\":\"https:\/\/www.raytech.it\/wp-content\/uploads\/wpc-ltpsm.jpg\",\"width\":1024,\"height\":1024},{\"@type\":\"BreadcrumbList\",\"@id\":\"https:\/\/www.raytech.it\/fr\/produit\/basse-tension\/thermo-retractables-fr-2\/gaines\/protection-de-poteaux\/protection-contre-la-corrosion-des-poteaux#breadcrumb\",\"itemListElement\":[{\"@type\":\"ListItem\",\"position\":1,\"name\":\"Home\",\"item\":\"https:\/\/www.raytech.it\/fr\"},{\"@type\":\"ListItem\",\"position\":2,\"name\":\"Boutique\",\"item\":\"https:\/\/www.raytech.it\/fr\/boutique\"},{\"@type\":\"ListItem\",\"position\":3,\"name\":\"Protection contre la corrosion des poteaux\"}]},{\"@type\":\"WebSite\",\"@id\":\"https:\/\/www.raytech.it\/#website\",\"url\":\"https:\/\/www.raytech.it\/\",\"name\":\"Raytech\",\"description\":\"Cable accessories company\",\"publisher\":{\"@id\":\"https:\/\/www.raytech.it\/#organization\"},\"potentialAction\":[{\"@type\":\"SearchAction\",\"target\":{\"@type\":\"EntryPoint\",\"urlTemplate\":\"https:\/\/www.raytech.it\/?s={search_term_string}\"},\"query-input\":{\"@type\":\"PropertyValueSpecification\",\"valueRequired\":true,\"valueName\":\"search_term_string\"}}],\"inLanguage\":\"fr-FR\"},{\"@type\":\"Organization\",\"@id\":\"https:\/\/www.raytech.it\/#organization\",\"name\":\"Raytech\",\"url\":\"https:\/\/www.raytech.it\/\",\"logo\":{\"@type\":\"ImageObject\",\"inLanguage\":\"fr-FR\",\"@id\":\"https:\/\/www.raytech.it\/#\/schema\/logo\/image\/\",\"url\":\"https:\/\/www.raytech.it\/wp-content\/uploads\/logo-raytech-2019-retina-3.png\",\"contentUrl\":\"https:\/\/www.raytech.it\/wp-content\/uploads\/logo-raytech-2019-retina-3.png\",\"width\":340,\"height\":90,\"caption\":\"Raytech\"},\"image\":{\"@id\":\"https:\/\/www.raytech.it\/#\/schema\/logo\/image\/\"},\"sameAs\":[\"https:\/\/www.facebook.com\/RaytechItaly\",\"https:\/\/www.instagram.com\/raytech_italy\/\",\"https:\/\/www.youtube.com\/user\/raytechitaly\",\"https:\/\/twitter.com\/Raytech_Italy\"]}]}<\/script>\n<!-- \/ Yoast SEO plugin. -->","yoast_head_json":{"title":"Protection contre la corrosion des poteaux | Raytech","robots":{"index":"index","follow":"follow","max-snippet":"max-snippet:-1","max-image-preview":"max-image-preview:large","max-video-preview":"max-video-preview:-1"},"canonical":"https:\/\/www.raytech.it\/fr\/produit\/basse-tension\/thermo-retractables-fr-2\/gaines\/protection-de-poteaux\/protection-contre-la-corrosion-des-poteaux","og_locale":"fr_FR","og_type":"article","og_title":"Protection contre la corrosion des poteaux | Raytech","og_description":"Protection contre\u00a0la corrosion des poteaux Sur un poteau install\u00e9, la section la plus vuln\u00e9rable \u00e0 la corrosion est celle situ\u00e9e juste audessus\u00a0et en-dessous du niveau du terrain. Cette section est [\u2026]","og_url":"https:\/\/www.raytech.it\/fr\/produit\/basse-tension\/thermo-retractables-fr-2\/gaines\/protection-de-poteaux\/protection-contre-la-corrosion-des-poteaux","og_site_name":"Raytech","article_publisher":"https:\/\/www.facebook.com\/RaytechItaly","og_image":[{"width":1024,"height":1024,"url":"https:\/\/www.raytech.it\/wp-content\/uploads\/wpc-ltpsm.jpg","type":"image\/jpeg"}],"twitter_card":"summary_large_image","twitter_misc":{"Dur\u00e9e de lecture estim\u00e9e":"1 minute"},"schema":{"@context":"https:\/\/schema.org","@graph":[{"@type":"WebPage","@id":"https:\/\/www.raytech.it\/fr\/produit\/basse-tension\/thermo-retractables-fr-2\/gaines\/protection-de-poteaux\/protection-contre-la-corrosion-des-poteaux","url":"https:\/\/www.raytech.it\/fr\/produit\/basse-tension\/thermo-retractables-fr-2\/gaines\/protection-de-poteaux\/protection-contre-la-corrosion-des-poteaux","name":"Protection contre la corrosion des poteaux | Raytech","isPartOf":{"@id":"https:\/\/www.raytech.it\/#website"},"primaryImageOfPage":{"@id":"https:\/\/www.raytech.it\/fr\/produit\/basse-tension\/thermo-retractables-fr-2\/gaines\/protection-de-poteaux\/protection-contre-la-corrosion-des-poteaux#primaryimage"},"image":{"@id":"https:\/\/www.raytech.it\/fr\/produit\/basse-tension\/thermo-retractables-fr-2\/gaines\/protection-de-poteaux\/protection-contre-la-corrosion-des-poteaux#primaryimage"},"thumbnailUrl":"https:\/\/www.raytech.it\/wp-content\/uploads\/wpc-ltpsm.jpg","datePublished":"2016-01-04T10:26:16+00:00","breadcrumb":{"@id":"https:\/\/www.raytech.it\/fr\/produit\/basse-tension\/thermo-retractables-fr-2\/gaines\/protection-de-poteaux\/protection-contre-la-corrosion-des-poteaux#breadcrumb"},"inLanguage":"fr-FR","potentialAction":[{"@type":"ReadAction","target":["https:\/\/www.raytech.it\/fr\/produit\/basse-tension\/thermo-retractables-fr-2\/gaines\/protection-de-poteaux\/protection-contre-la-corrosion-des-poteaux"]}]},{"@type":"ImageObject","inLanguage":"fr-FR","@id":"https:\/\/www.raytech.it\/fr\/produit\/basse-tension\/thermo-retractables-fr-2\/gaines\/protection-de-poteaux\/protection-contre-la-corrosion-des-poteaux#primaryimage","url":"https:\/\/www.raytech.it\/wp-content\/uploads\/wpc-ltpsm.jpg","contentUrl":"https:\/\/www.raytech.it\/wp-content\/uploads\/wpc-ltpsm.jpg","width":1024,"height":1024},{"@type":"BreadcrumbList","@id":"https:\/\/www.raytech.it\/fr\/produit\/basse-tension\/thermo-retractables-fr-2\/gaines\/protection-de-poteaux\/protection-contre-la-corrosion-des-poteaux#breadcrumb","itemListElement":[{"@type":"ListItem","position":1,"name":"Home","item":"https:\/\/www.raytech.it\/fr"},{"@type":"ListItem","position":2,"name":"Boutique","item":"https:\/\/www.raytech.it\/fr\/boutique"},{"@type":"ListItem","position":3,"name":"Protection contre la corrosion des poteaux"}]},{"@type":"WebSite","@id":"https:\/\/www.raytech.it\/#website","url":"https:\/\/www.raytech.it\/","name":"Raytech","description":"Cable accessories company","publisher":{"@id":"https:\/\/www.raytech.it\/#organization"},"potentialAction":[{"@type":"SearchAction","target":{"@type":"EntryPoint","urlTemplate":"https:\/\/www.raytech.it\/?s={search_term_string}"},"query-input":{"@type":"PropertyValueSpecification","valueRequired":true,"valueName":"search_term_string"}}],"inLanguage":"fr-FR"},{"@type":"Organization","@id":"https:\/\/www.raytech.it\/#organization","name":"Raytech","url":"https:\/\/www.raytech.it\/","logo":{"@type":"ImageObject","inLanguage":"fr-FR","@id":"https:\/\/www.raytech.it\/#\/schema\/logo\/image\/","url":"https:\/\/www.raytech.it\/wp-content\/uploads\/logo-raytech-2019-retina-3.png","contentUrl":"https:\/\/www.raytech.it\/wp-content\/uploads\/logo-raytech-2019-retina-3.png","width":340,"height":90,"caption":"Raytech"},"image":{"@id":"https:\/\/www.raytech.it\/#\/schema\/logo\/image\/"},"sameAs":["https:\/\/www.facebook.com\/RaytechItaly","https:\/\/www.instagram.com\/raytech_italy\/","https:\/\/www.youtube.com\/user\/raytechitaly","https:\/\/twitter.com\/Raytech_Italy"]}]}},"_links":{"self":[{"href":"https:\/\/www.raytech.it\/fr\/wp-json\/wp\/v2\/product\/7303","targetHints":{"allow":["GET"]}}],"collection":[{"href":"https:\/\/www.raytech.it\/fr\/wp-json\/wp\/v2\/product"}],"about":[{"href":"https:\/\/www.raytech.it\/fr\/wp-json\/wp\/v2\/types\/product"}],"wp:featuredmedia":[{"embeddable":true,"href":"https:\/\/www.raytech.it\/fr\/wp-json\/wp\/v2\/media\/2284"}],"wp:attachment":[{"href":"https:\/\/www.raytech.it\/fr\/wp-json\/wp\/v2\/media?parent=7303"}],"wp:term":[{"taxonomy":"product_brand","embeddable":true,"href":"https:\/\/www.raytech.it\/fr\/wp-json\/wp\/v2\/product_brand?post=7303"},{"taxonomy":"product_cat","embeddable":true,"href":"https:\/\/www.raytech.it\/fr\/wp-json\/wp\/v2\/product_cat?post=7303"},{"taxonomy":"product_tag","embeddable":true,"href":"https:\/\/www.raytech.it\/fr\/wp-json\/wp\/v2\/product_tag?post=7303"}],"curies":[{"name":"wp","href":"https:\/\/api.w.org\/{rel}","templated":true}]}}