{"id":7309,"date":"2015-07-16T09:58:21","date_gmt":"2016-01-04T10:36:13","guid":{"rendered":"https:\/\/www.raytech.it\/?post_type=product&#038;p=7309&#038;lang=fr"},"modified":"2025-02-20T05:07:16","modified_gmt":"2025-02-20T04:07:16","slug":"raytech-2-3","status":"publish","type":"product","link":"https:\/\/www.raytech.it\/fr\/produit\/basse-tension\/rubans-isolants\/autoagglomerant\/raytech-2-3","title":{"rendered":"Raytech 2.3"},"content":{"rendered":"<h4><span style=\"color: #009832;\">Ruban isolant EPR auto-agglom\u00e9rant BT et MT<\/span><\/h4>\n<p>Ruban isolant auto-agglom\u00e9rant pour haute tension \u00e0 base \u00e9thyl\u00e8ne-propyl\u00e9ne (EPR). Employ\u00e9\u00a0pour isoler et \u00e9tancher les connexions \u00e9lectriques pour tensions \u00e9lev\u00e9es (jusqu\u2019\u00e0 Um 72 kV). Il\u00a0amalgame rapidement en s\u2019adaptant au produit manufactur\u00e9 qu\u2019il recouvre avec lequel il forme\u00a0un corps compact, sans vides, particuli\u00e8rement r\u00e9sistant aux d\u00e9charges partielles (corona), et\u00a0qui conserve ses caract\u00e9ristiques dans le temps. Les assemblages doivent \u00eatre prot\u00e9g\u00e9s avec\u00a0du ruban en PVC ou semblable.<\/p>\n","protected":false},"excerpt":{"rendered":"<p>Ruban isolant EPR auto-agglom\u00e9rant BT et MT Ruban isolant auto-agglom\u00e9rant pour haute tension \u00e0 base \u00e9thyl\u00e8ne-propyl\u00e9ne (EPR). Employ\u00e9\u00a0pour isoler et \u00e9tancher les connexions \u00e9lectriques pour tensions \u00e9lev\u00e9es (jusqu\u2019\u00e0 Um 72<span class=\"excerpt-hellip\"> [\u2026]<\/span><\/p>\n","protected":false},"featured_media":1409,"template":"","meta":[],"product_brand":[],"product_cat":[136,147,150],"product_tag":[],"class_list":{"0":"post-7309","1":"product","2":"type-product","3":"status-publish","4":"has-post-thumbnail","6":"product_cat-basse-tension","7":"product_cat-rubans-isolants","8":"product_cat-autoagglomerant","10":"first","11":"instock","12":"taxable","13":"shipping-taxable","14":"purchasable","15":"product-type-variable"},"yoast_head":"<!-- This site is optimized with the Yoast SEO plugin v26.5 - https:\/\/yoast.com\/wordpress\/plugins\/seo\/ -->\n<title>Raytech 2.3 | Raytech<\/title>\n<meta name=\"robots\" content=\"index, follow, max-snippet:-1, max-image-preview:large, max-video-preview:-1\" \/>\n<link rel=\"canonical\" href=\"https:\/\/www.raytech.it\/fr\/produit\/basse-tension\/rubans-isolants\/autoagglomerant\/raytech-2-3\" \/>\n<meta property=\"og:locale\" content=\"fr_FR\" \/>\n<meta property=\"og:type\" content=\"article\" \/>\n<meta property=\"og:title\" content=\"Raytech 2.3 | Raytech\" \/>\n<meta property=\"og:description\" content=\"Ruban isolant EPR auto-agglom\u00e9rant BT et MT Ruban isolant auto-agglom\u00e9rant pour haute tension \u00e0 base \u00e9thyl\u00e8ne-propyl\u00e9ne (EPR). Employ\u00e9\u00a0pour isoler et \u00e9tancher les connexions \u00e9lectriques pour tensions \u00e9lev\u00e9es (jusqu\u2019\u00e0 Um 72 [\u2026]\" \/>\n<meta property=\"og:url\" content=\"https:\/\/www.raytech.it\/fr\/produit\/basse-tension\/rubans-isolants\/autoagglomerant\/raytech-2-3\" \/>\n<meta property=\"og:site_name\" content=\"Raytech\" \/>\n<meta property=\"article:publisher\" content=\"https:\/\/www.facebook.com\/RaytechItaly\" \/>\n<meta property=\"article:modified_time\" content=\"2025-02-20T04:07:16+00:00\" \/>\n<meta property=\"og:image\" content=\"https:\/\/www.raytech.it\/wp-content\/uploads\/raytech-2-3.jpg\" \/>\n\t<meta property=\"og:image:width\" content=\"500\" \/>\n\t<meta property=\"og:image:height\" content=\"500\" \/>\n\t<meta property=\"og:image:type\" content=\"image\/jpeg\" \/>\n<meta name=\"twitter:card\" content=\"summary_large_image\" \/>\n<script type=\"application\/ld+json\" class=\"yoast-schema-graph\">{\"@context\":\"https:\/\/schema.org\",\"@graph\":[{\"@type\":\"WebPage\",\"@id\":\"https:\/\/www.raytech.it\/fr\/produit\/basse-tension\/rubans-isolants\/autoagglomerant\/raytech-2-3\",\"url\":\"https:\/\/www.raytech.it\/fr\/produit\/basse-tension\/rubans-isolants\/autoagglomerant\/raytech-2-3\",\"name\":\"Raytech 2.3 | Raytech\",\"isPartOf\":{\"@id\":\"https:\/\/www.raytech.it\/#website\"},\"primaryImageOfPage\":{\"@id\":\"https:\/\/www.raytech.it\/fr\/produit\/basse-tension\/rubans-isolants\/autoagglomerant\/raytech-2-3#primaryimage\"},\"image\":{\"@id\":\"https:\/\/www.raytech.it\/fr\/produit\/basse-tension\/rubans-isolants\/autoagglomerant\/raytech-2-3#primaryimage\"},\"thumbnailUrl\":\"https:\/\/www.raytech.it\/wp-content\/uploads\/raytech-2-3.jpg\",\"datePublished\":\"2016-01-04T10:36:13+00:00\",\"dateModified\":\"2025-02-20T04:07:16+00:00\",\"breadcrumb\":{\"@id\":\"https:\/\/www.raytech.it\/fr\/produit\/basse-tension\/rubans-isolants\/autoagglomerant\/raytech-2-3#breadcrumb\"},\"inLanguage\":\"fr-FR\",\"potentialAction\":[{\"@type\":\"ReadAction\",\"target\":[\"https:\/\/www.raytech.it\/fr\/produit\/basse-tension\/rubans-isolants\/autoagglomerant\/raytech-2-3\"]}]},{\"@type\":\"ImageObject\",\"inLanguage\":\"fr-FR\",\"@id\":\"https:\/\/www.raytech.it\/fr\/produit\/basse-tension\/rubans-isolants\/autoagglomerant\/raytech-2-3#primaryimage\",\"url\":\"https:\/\/www.raytech.it\/wp-content\/uploads\/raytech-2-3.jpg\",\"contentUrl\":\"https:\/\/www.raytech.it\/wp-content\/uploads\/raytech-2-3.jpg\",\"width\":500,\"height\":500},{\"@type\":\"BreadcrumbList\",\"@id\":\"https:\/\/www.raytech.it\/fr\/produit\/basse-tension\/rubans-isolants\/autoagglomerant\/raytech-2-3#breadcrumb\",\"itemListElement\":[{\"@type\":\"ListItem\",\"position\":1,\"name\":\"Home\",\"item\":\"https:\/\/www.raytech.it\/fr\"},{\"@type\":\"ListItem\",\"position\":2,\"name\":\"Boutique\",\"item\":\"https:\/\/www.raytech.it\/fr\/boutique\"},{\"@type\":\"ListItem\",\"position\":3,\"name\":\"Raytech 2.3\"}]},{\"@type\":\"WebSite\",\"@id\":\"https:\/\/www.raytech.it\/#website\",\"url\":\"https:\/\/www.raytech.it\/\",\"name\":\"Raytech\",\"description\":\"Cable accessories company\",\"publisher\":{\"@id\":\"https:\/\/www.raytech.it\/#organization\"},\"potentialAction\":[{\"@type\":\"SearchAction\",\"target\":{\"@type\":\"EntryPoint\",\"urlTemplate\":\"https:\/\/www.raytech.it\/?s={search_term_string}\"},\"query-input\":{\"@type\":\"PropertyValueSpecification\",\"valueRequired\":true,\"valueName\":\"search_term_string\"}}],\"inLanguage\":\"fr-FR\"},{\"@type\":\"Organization\",\"@id\":\"https:\/\/www.raytech.it\/#organization\",\"name\":\"Raytech\",\"url\":\"https:\/\/www.raytech.it\/\",\"logo\":{\"@type\":\"ImageObject\",\"inLanguage\":\"fr-FR\",\"@id\":\"https:\/\/www.raytech.it\/#\/schema\/logo\/image\/\",\"url\":\"https:\/\/www.raytech.it\/wp-content\/uploads\/logo-raytech-2019-retina-3.png\",\"contentUrl\":\"https:\/\/www.raytech.it\/wp-content\/uploads\/logo-raytech-2019-retina-3.png\",\"width\":340,\"height\":90,\"caption\":\"Raytech\"},\"image\":{\"@id\":\"https:\/\/www.raytech.it\/#\/schema\/logo\/image\/\"},\"sameAs\":[\"https:\/\/www.facebook.com\/RaytechItaly\",\"https:\/\/www.instagram.com\/raytech_italy\/\",\"https:\/\/www.youtube.com\/user\/raytechitaly\",\"https:\/\/twitter.com\/Raytech_Italy\"]}]}<\/script>\n<!-- \/ Yoast SEO plugin. -->","yoast_head_json":{"title":"Raytech 2.3 | Raytech","robots":{"index":"index","follow":"follow","max-snippet":"max-snippet:-1","max-image-preview":"max-image-preview:large","max-video-preview":"max-video-preview:-1"},"canonical":"https:\/\/www.raytech.it\/fr\/produit\/basse-tension\/rubans-isolants\/autoagglomerant\/raytech-2-3","og_locale":"fr_FR","og_type":"article","og_title":"Raytech 2.3 | Raytech","og_description":"Ruban isolant EPR auto-agglom\u00e9rant BT et MT Ruban isolant auto-agglom\u00e9rant pour haute tension \u00e0 base \u00e9thyl\u00e8ne-propyl\u00e9ne (EPR). Employ\u00e9\u00a0pour isoler et \u00e9tancher les connexions \u00e9lectriques pour tensions \u00e9lev\u00e9es (jusqu\u2019\u00e0 Um 72 [\u2026]","og_url":"https:\/\/www.raytech.it\/fr\/produit\/basse-tension\/rubans-isolants\/autoagglomerant\/raytech-2-3","og_site_name":"Raytech","article_publisher":"https:\/\/www.facebook.com\/RaytechItaly","article_modified_time":"2025-02-20T04:07:16+00:00","og_image":[{"width":500,"height":500,"url":"https:\/\/www.raytech.it\/wp-content\/uploads\/raytech-2-3.jpg","type":"image\/jpeg"}],"twitter_card":"summary_large_image","schema":{"@context":"https:\/\/schema.org","@graph":[{"@type":"WebPage","@id":"https:\/\/www.raytech.it\/fr\/produit\/basse-tension\/rubans-isolants\/autoagglomerant\/raytech-2-3","url":"https:\/\/www.raytech.it\/fr\/produit\/basse-tension\/rubans-isolants\/autoagglomerant\/raytech-2-3","name":"Raytech 2.3 | Raytech","isPartOf":{"@id":"https:\/\/www.raytech.it\/#website"},"primaryImageOfPage":{"@id":"https:\/\/www.raytech.it\/fr\/produit\/basse-tension\/rubans-isolants\/autoagglomerant\/raytech-2-3#primaryimage"},"image":{"@id":"https:\/\/www.raytech.it\/fr\/produit\/basse-tension\/rubans-isolants\/autoagglomerant\/raytech-2-3#primaryimage"},"thumbnailUrl":"https:\/\/www.raytech.it\/wp-content\/uploads\/raytech-2-3.jpg","datePublished":"2016-01-04T10:36:13+00:00","dateModified":"2025-02-20T04:07:16+00:00","breadcrumb":{"@id":"https:\/\/www.raytech.it\/fr\/produit\/basse-tension\/rubans-isolants\/autoagglomerant\/raytech-2-3#breadcrumb"},"inLanguage":"fr-FR","potentialAction":[{"@type":"ReadAction","target":["https:\/\/www.raytech.it\/fr\/produit\/basse-tension\/rubans-isolants\/autoagglomerant\/raytech-2-3"]}]},{"@type":"ImageObject","inLanguage":"fr-FR","@id":"https:\/\/www.raytech.it\/fr\/produit\/basse-tension\/rubans-isolants\/autoagglomerant\/raytech-2-3#primaryimage","url":"https:\/\/www.raytech.it\/wp-content\/uploads\/raytech-2-3.jpg","contentUrl":"https:\/\/www.raytech.it\/wp-content\/uploads\/raytech-2-3.jpg","width":500,"height":500},{"@type":"BreadcrumbList","@id":"https:\/\/www.raytech.it\/fr\/produit\/basse-tension\/rubans-isolants\/autoagglomerant\/raytech-2-3#breadcrumb","itemListElement":[{"@type":"ListItem","position":1,"name":"Home","item":"https:\/\/www.raytech.it\/fr"},{"@type":"ListItem","position":2,"name":"Boutique","item":"https:\/\/www.raytech.it\/fr\/boutique"},{"@type":"ListItem","position":3,"name":"Raytech 2.3"}]},{"@type":"WebSite","@id":"https:\/\/www.raytech.it\/#website","url":"https:\/\/www.raytech.it\/","name":"Raytech","description":"Cable accessories company","publisher":{"@id":"https:\/\/www.raytech.it\/#organization"},"potentialAction":[{"@type":"SearchAction","target":{"@type":"EntryPoint","urlTemplate":"https:\/\/www.raytech.it\/?s={search_term_string}"},"query-input":{"@type":"PropertyValueSpecification","valueRequired":true,"valueName":"search_term_string"}}],"inLanguage":"fr-FR"},{"@type":"Organization","@id":"https:\/\/www.raytech.it\/#organization","name":"Raytech","url":"https:\/\/www.raytech.it\/","logo":{"@type":"ImageObject","inLanguage":"fr-FR","@id":"https:\/\/www.raytech.it\/#\/schema\/logo\/image\/","url":"https:\/\/www.raytech.it\/wp-content\/uploads\/logo-raytech-2019-retina-3.png","contentUrl":"https:\/\/www.raytech.it\/wp-content\/uploads\/logo-raytech-2019-retina-3.png","width":340,"height":90,"caption":"Raytech"},"image":{"@id":"https:\/\/www.raytech.it\/#\/schema\/logo\/image\/"},"sameAs":["https:\/\/www.facebook.com\/RaytechItaly","https:\/\/www.instagram.com\/raytech_italy\/","https:\/\/www.youtube.com\/user\/raytechitaly","https:\/\/twitter.com\/Raytech_Italy"]}]}},"_links":{"self":[{"href":"https:\/\/www.raytech.it\/fr\/wp-json\/wp\/v2\/product\/7309","targetHints":{"allow":["GET"]}}],"collection":[{"href":"https:\/\/www.raytech.it\/fr\/wp-json\/wp\/v2\/product"}],"about":[{"href":"https:\/\/www.raytech.it\/fr\/wp-json\/wp\/v2\/types\/product"}],"wp:featuredmedia":[{"embeddable":true,"href":"https:\/\/www.raytech.it\/fr\/wp-json\/wp\/v2\/media\/1409"}],"wp:attachment":[{"href":"https:\/\/www.raytech.it\/fr\/wp-json\/wp\/v2\/media?parent=7309"}],"wp:term":[{"taxonomy":"product_brand","embeddable":true,"href":"https:\/\/www.raytech.it\/fr\/wp-json\/wp\/v2\/product_brand?post=7309"},{"taxonomy":"product_cat","embeddable":true,"href":"https:\/\/www.raytech.it\/fr\/wp-json\/wp\/v2\/product_cat?post=7309"},{"taxonomy":"product_tag","embeddable":true,"href":"https:\/\/www.raytech.it\/fr\/wp-json\/wp\/v2\/product_tag?post=7309"}],"curies":[{"name":"wp","href":"https:\/\/api.w.org\/{rel}","templated":true}]}}