{"id":7326,"date":"2015-07-16T12:49:51","date_gmt":"2016-01-04T11:32:13","guid":{"rendered":"https:\/\/www.raytech.it\/?post_type=product&#038;p=7326&#038;lang=fr"},"modified":"2025-02-18T14:48:30","modified_gmt":"2025-02-18T13:48:30","slug":"barriere-ignifuge-en-sacs-intumescents","status":"publish","type":"product","link":"https:\/\/www.raytech.it\/fr\/produit\/basse-tension\/barrieres-ignifuges\/barriere-ignifuge-en-sacs-intumescents","title":{"rendered":"Barri\u00e8re ignifuge en sacs intumescents"},"content":{"rendered":"<h4><span style=\"color: #009832;\">Fire Stop Bag<br \/>\nBarri\u00e8re ignifuge en\u00a0sacs intumescents<\/span><\/h4>\n<p>Sacs ignifuges intumescents qui \u00e9vitent la propagation du feu dans les ouvertures de passage\u00a0de cloisons. Disponibles en diff\u00e9rents formats, ils doivent \u00eatre appliqu\u00e9s de mani\u00e8re\u00a0\u00e0 condamner l\u2019ouverture de passage, aussi bien dans les parois que dans les semelles. \u00c0\u00a0une temp\u00e9rature de 200\u00b0C environ le mat\u00e9riau commence \u00e0 se compacter et \u00e0 isoler les\u00a0interstices en emp\u00eachant le passage des flammes.<\/p>\n<ul>\n<li><span style=\"color: #009832;\">Conditionn\u00e9s dans un tissu\u00a0incombustible<\/span><\/li>\n<li><span style=\"color: #009832;\">Remplis avec des fibres min\u00e9rales\u00a0et compos\u00e9s extensibles<\/span><\/li>\n<\/ul>\n","protected":false},"excerpt":{"rendered":"<p>Fire Stop Bag Barri\u00e8re ignifuge en\u00a0sacs intumescents Sacs ignifuges intumescents qui \u00e9vitent la propagation du feu dans les ouvertures de passage\u00a0de cloisons. Disponibles en diff\u00e9rents formats, ils doivent \u00eatre appliqu\u00e9s<span class=\"excerpt-hellip\"> [\u2026]<\/span><\/p>\n","protected":false},"featured_media":1514,"template":"","meta":[],"product_brand":[],"product_cat":[136,137],"product_tag":[],"class_list":{"0":"post-7326","1":"product","2":"type-product","3":"status-publish","4":"has-post-thumbnail","6":"product_cat-basse-tension","7":"product_cat-barrieres-ignifuges","9":"first","10":"instock","11":"taxable","12":"shipping-taxable","13":"product-type-simple"},"yoast_head":"<!-- This site is optimized with the Yoast SEO plugin v26.5 - https:\/\/yoast.com\/wordpress\/plugins\/seo\/ -->\n<title>Barri\u00e8re ignifuge en sacs intumescents | Raytech<\/title>\n<meta name=\"robots\" content=\"index, follow, max-snippet:-1, max-image-preview:large, max-video-preview:-1\" \/>\n<link rel=\"canonical\" href=\"https:\/\/www.raytech.it\/fr\/produit\/basse-tension\/barrieres-ignifuges\/barriere-ignifuge-en-sacs-intumescents\" \/>\n<meta property=\"og:locale\" content=\"fr_FR\" \/>\n<meta property=\"og:type\" content=\"article\" \/>\n<meta property=\"og:title\" content=\"Barri\u00e8re ignifuge en sacs intumescents | Raytech\" \/>\n<meta property=\"og:description\" content=\"Fire Stop Bag Barri\u00e8re ignifuge en\u00a0sacs intumescents Sacs ignifuges intumescents qui \u00e9vitent la propagation du feu dans les ouvertures de passage\u00a0de cloisons. Disponibles en diff\u00e9rents formats, ils doivent \u00eatre appliqu\u00e9s [\u2026]\" \/>\n<meta property=\"og:url\" content=\"https:\/\/www.raytech.it\/fr\/produit\/basse-tension\/barrieres-ignifuges\/barriere-ignifuge-en-sacs-intumescents\" \/>\n<meta property=\"og:site_name\" content=\"Raytech\" \/>\n<meta property=\"article:publisher\" content=\"https:\/\/www.facebook.com\/RaytechItaly\" \/>\n<meta property=\"article:modified_time\" content=\"2025-02-18T13:48:30+00:00\" \/>\n<meta property=\"og:image\" content=\"https:\/\/www.raytech.it\/wp-content\/uploads\/fire-stop-bag.jpg\" \/>\n\t<meta property=\"og:image:width\" content=\"500\" \/>\n\t<meta property=\"og:image:height\" content=\"500\" \/>\n\t<meta property=\"og:image:type\" content=\"image\/jpeg\" \/>\n<meta name=\"twitter:card\" content=\"summary_large_image\" \/>\n<script type=\"application\/ld+json\" class=\"yoast-schema-graph\">{\"@context\":\"https:\/\/schema.org\",\"@graph\":[{\"@type\":\"WebPage\",\"@id\":\"https:\/\/www.raytech.it\/fr\/produit\/basse-tension\/barrieres-ignifuges\/barriere-ignifuge-en-sacs-intumescents\",\"url\":\"https:\/\/www.raytech.it\/fr\/produit\/basse-tension\/barrieres-ignifuges\/barriere-ignifuge-en-sacs-intumescents\",\"name\":\"Barri\u00e8re ignifuge en sacs intumescents | Raytech\",\"isPartOf\":{\"@id\":\"https:\/\/www.raytech.it\/#website\"},\"primaryImageOfPage\":{\"@id\":\"https:\/\/www.raytech.it\/fr\/produit\/basse-tension\/barrieres-ignifuges\/barriere-ignifuge-en-sacs-intumescents#primaryimage\"},\"image\":{\"@id\":\"https:\/\/www.raytech.it\/fr\/produit\/basse-tension\/barrieres-ignifuges\/barriere-ignifuge-en-sacs-intumescents#primaryimage\"},\"thumbnailUrl\":\"https:\/\/www.raytech.it\/wp-content\/uploads\/fire-stop-bag.jpg\",\"datePublished\":\"2016-01-04T11:32:13+00:00\",\"dateModified\":\"2025-02-18T13:48:30+00:00\",\"breadcrumb\":{\"@id\":\"https:\/\/www.raytech.it\/fr\/produit\/basse-tension\/barrieres-ignifuges\/barriere-ignifuge-en-sacs-intumescents#breadcrumb\"},\"inLanguage\":\"fr-FR\",\"potentialAction\":[{\"@type\":\"ReadAction\",\"target\":[\"https:\/\/www.raytech.it\/fr\/produit\/basse-tension\/barrieres-ignifuges\/barriere-ignifuge-en-sacs-intumescents\"]}]},{\"@type\":\"ImageObject\",\"inLanguage\":\"fr-FR\",\"@id\":\"https:\/\/www.raytech.it\/fr\/produit\/basse-tension\/barrieres-ignifuges\/barriere-ignifuge-en-sacs-intumescents#primaryimage\",\"url\":\"https:\/\/www.raytech.it\/wp-content\/uploads\/fire-stop-bag.jpg\",\"contentUrl\":\"https:\/\/www.raytech.it\/wp-content\/uploads\/fire-stop-bag.jpg\",\"width\":500,\"height\":500},{\"@type\":\"BreadcrumbList\",\"@id\":\"https:\/\/www.raytech.it\/fr\/produit\/basse-tension\/barrieres-ignifuges\/barriere-ignifuge-en-sacs-intumescents#breadcrumb\",\"itemListElement\":[{\"@type\":\"ListItem\",\"position\":1,\"name\":\"Home\",\"item\":\"https:\/\/www.raytech.it\/fr\"},{\"@type\":\"ListItem\",\"position\":2,\"name\":\"Boutique\",\"item\":\"https:\/\/www.raytech.it\/fr\/boutique\"},{\"@type\":\"ListItem\",\"position\":3,\"name\":\"Barri\u00e8re ignifuge en sacs intumescents\"}]},{\"@type\":\"WebSite\",\"@id\":\"https:\/\/www.raytech.it\/#website\",\"url\":\"https:\/\/www.raytech.it\/\",\"name\":\"Raytech\",\"description\":\"Cable accessories company\",\"publisher\":{\"@id\":\"https:\/\/www.raytech.it\/#organization\"},\"potentialAction\":[{\"@type\":\"SearchAction\",\"target\":{\"@type\":\"EntryPoint\",\"urlTemplate\":\"https:\/\/www.raytech.it\/?s={search_term_string}\"},\"query-input\":{\"@type\":\"PropertyValueSpecification\",\"valueRequired\":true,\"valueName\":\"search_term_string\"}}],\"inLanguage\":\"fr-FR\"},{\"@type\":\"Organization\",\"@id\":\"https:\/\/www.raytech.it\/#organization\",\"name\":\"Raytech\",\"url\":\"https:\/\/www.raytech.it\/\",\"logo\":{\"@type\":\"ImageObject\",\"inLanguage\":\"fr-FR\",\"@id\":\"https:\/\/www.raytech.it\/#\/schema\/logo\/image\/\",\"url\":\"https:\/\/www.raytech.it\/wp-content\/uploads\/logo-raytech-2019-retina-3.png\",\"contentUrl\":\"https:\/\/www.raytech.it\/wp-content\/uploads\/logo-raytech-2019-retina-3.png\",\"width\":340,\"height\":90,\"caption\":\"Raytech\"},\"image\":{\"@id\":\"https:\/\/www.raytech.it\/#\/schema\/logo\/image\/\"},\"sameAs\":[\"https:\/\/www.facebook.com\/RaytechItaly\",\"https:\/\/www.instagram.com\/raytech_italy\/\",\"https:\/\/www.youtube.com\/user\/raytechitaly\",\"https:\/\/twitter.com\/Raytech_Italy\"]}]}<\/script>\n<!-- \/ Yoast SEO plugin. -->","yoast_head_json":{"title":"Barri\u00e8re ignifuge en sacs intumescents | Raytech","robots":{"index":"index","follow":"follow","max-snippet":"max-snippet:-1","max-image-preview":"max-image-preview:large","max-video-preview":"max-video-preview:-1"},"canonical":"https:\/\/www.raytech.it\/fr\/produit\/basse-tension\/barrieres-ignifuges\/barriere-ignifuge-en-sacs-intumescents","og_locale":"fr_FR","og_type":"article","og_title":"Barri\u00e8re ignifuge en sacs intumescents | Raytech","og_description":"Fire Stop Bag Barri\u00e8re ignifuge en\u00a0sacs intumescents Sacs ignifuges intumescents qui \u00e9vitent la propagation du feu dans les ouvertures de passage\u00a0de cloisons. Disponibles en diff\u00e9rents formats, ils doivent \u00eatre appliqu\u00e9s [\u2026]","og_url":"https:\/\/www.raytech.it\/fr\/produit\/basse-tension\/barrieres-ignifuges\/barriere-ignifuge-en-sacs-intumescents","og_site_name":"Raytech","article_publisher":"https:\/\/www.facebook.com\/RaytechItaly","article_modified_time":"2025-02-18T13:48:30+00:00","og_image":[{"width":500,"height":500,"url":"https:\/\/www.raytech.it\/wp-content\/uploads\/fire-stop-bag.jpg","type":"image\/jpeg"}],"twitter_card":"summary_large_image","schema":{"@context":"https:\/\/schema.org","@graph":[{"@type":"WebPage","@id":"https:\/\/www.raytech.it\/fr\/produit\/basse-tension\/barrieres-ignifuges\/barriere-ignifuge-en-sacs-intumescents","url":"https:\/\/www.raytech.it\/fr\/produit\/basse-tension\/barrieres-ignifuges\/barriere-ignifuge-en-sacs-intumescents","name":"Barri\u00e8re ignifuge en sacs intumescents | Raytech","isPartOf":{"@id":"https:\/\/www.raytech.it\/#website"},"primaryImageOfPage":{"@id":"https:\/\/www.raytech.it\/fr\/produit\/basse-tension\/barrieres-ignifuges\/barriere-ignifuge-en-sacs-intumescents#primaryimage"},"image":{"@id":"https:\/\/www.raytech.it\/fr\/produit\/basse-tension\/barrieres-ignifuges\/barriere-ignifuge-en-sacs-intumescents#primaryimage"},"thumbnailUrl":"https:\/\/www.raytech.it\/wp-content\/uploads\/fire-stop-bag.jpg","datePublished":"2016-01-04T11:32:13+00:00","dateModified":"2025-02-18T13:48:30+00:00","breadcrumb":{"@id":"https:\/\/www.raytech.it\/fr\/produit\/basse-tension\/barrieres-ignifuges\/barriere-ignifuge-en-sacs-intumescents#breadcrumb"},"inLanguage":"fr-FR","potentialAction":[{"@type":"ReadAction","target":["https:\/\/www.raytech.it\/fr\/produit\/basse-tension\/barrieres-ignifuges\/barriere-ignifuge-en-sacs-intumescents"]}]},{"@type":"ImageObject","inLanguage":"fr-FR","@id":"https:\/\/www.raytech.it\/fr\/produit\/basse-tension\/barrieres-ignifuges\/barriere-ignifuge-en-sacs-intumescents#primaryimage","url":"https:\/\/www.raytech.it\/wp-content\/uploads\/fire-stop-bag.jpg","contentUrl":"https:\/\/www.raytech.it\/wp-content\/uploads\/fire-stop-bag.jpg","width":500,"height":500},{"@type":"BreadcrumbList","@id":"https:\/\/www.raytech.it\/fr\/produit\/basse-tension\/barrieres-ignifuges\/barriere-ignifuge-en-sacs-intumescents#breadcrumb","itemListElement":[{"@type":"ListItem","position":1,"name":"Home","item":"https:\/\/www.raytech.it\/fr"},{"@type":"ListItem","position":2,"name":"Boutique","item":"https:\/\/www.raytech.it\/fr\/boutique"},{"@type":"ListItem","position":3,"name":"Barri\u00e8re ignifuge en sacs intumescents"}]},{"@type":"WebSite","@id":"https:\/\/www.raytech.it\/#website","url":"https:\/\/www.raytech.it\/","name":"Raytech","description":"Cable accessories company","publisher":{"@id":"https:\/\/www.raytech.it\/#organization"},"potentialAction":[{"@type":"SearchAction","target":{"@type":"EntryPoint","urlTemplate":"https:\/\/www.raytech.it\/?s={search_term_string}"},"query-input":{"@type":"PropertyValueSpecification","valueRequired":true,"valueName":"search_term_string"}}],"inLanguage":"fr-FR"},{"@type":"Organization","@id":"https:\/\/www.raytech.it\/#organization","name":"Raytech","url":"https:\/\/www.raytech.it\/","logo":{"@type":"ImageObject","inLanguage":"fr-FR","@id":"https:\/\/www.raytech.it\/#\/schema\/logo\/image\/","url":"https:\/\/www.raytech.it\/wp-content\/uploads\/logo-raytech-2019-retina-3.png","contentUrl":"https:\/\/www.raytech.it\/wp-content\/uploads\/logo-raytech-2019-retina-3.png","width":340,"height":90,"caption":"Raytech"},"image":{"@id":"https:\/\/www.raytech.it\/#\/schema\/logo\/image\/"},"sameAs":["https:\/\/www.facebook.com\/RaytechItaly","https:\/\/www.instagram.com\/raytech_italy\/","https:\/\/www.youtube.com\/user\/raytechitaly","https:\/\/twitter.com\/Raytech_Italy"]}]}},"_links":{"self":[{"href":"https:\/\/www.raytech.it\/fr\/wp-json\/wp\/v2\/product\/7326","targetHints":{"allow":["GET"]}}],"collection":[{"href":"https:\/\/www.raytech.it\/fr\/wp-json\/wp\/v2\/product"}],"about":[{"href":"https:\/\/www.raytech.it\/fr\/wp-json\/wp\/v2\/types\/product"}],"wp:featuredmedia":[{"embeddable":true,"href":"https:\/\/www.raytech.it\/fr\/wp-json\/wp\/v2\/media\/1514"}],"wp:attachment":[{"href":"https:\/\/www.raytech.it\/fr\/wp-json\/wp\/v2\/media?parent=7326"}],"wp:term":[{"taxonomy":"product_brand","embeddable":true,"href":"https:\/\/www.raytech.it\/fr\/wp-json\/wp\/v2\/product_brand?post=7326"},{"taxonomy":"product_cat","embeddable":true,"href":"https:\/\/www.raytech.it\/fr\/wp-json\/wp\/v2\/product_cat?post=7326"},{"taxonomy":"product_tag","embeddable":true,"href":"https:\/\/www.raytech.it\/fr\/wp-json\/wp\/v2\/product_tag?post=7326"}],"curies":[{"name":"wp","href":"https:\/\/api.w.org\/{rel}","templated":true}]}}