{"id":7334,"date":"2015-07-16T13:07:09","date_gmt":"2016-01-04T12:11:08","guid":{"rendered":"https:\/\/www.raytech.it\/?post_type=product&#038;p=7334&#038;lang=fr"},"modified":"2025-02-19T18:41:33","modified_gmt":"2025-02-19T17:41:33","slug":"barriere-ignifuge-pour-couverture-spots","status":"publish","type":"product","link":"https:\/\/www.raytech.it\/fr\/produit\/basse-tension\/barrieres-ignifuges\/barriere-ignifuge-pour-couverture-spots","title":{"rendered":"Barri\u00e8re ignifuge pour couverture spots"},"content":{"rendered":"<h4><span style=\"color: #009832;\">FSCF<br \/>\nBarri\u00e8re ignifuge pour couverture spots<br \/>\n<\/span><\/h4>\n<p>Barri\u00e8re incombustible \u00e0 coupole pour la couverture et la protection de spots dans les fauxplafonds; elle maintient l\u2019int\u00e9grit\u00e9 de la r\u00e9sistance au feu des plafonds et faux-plafonds.\u00a0Elle emp\u00eache la propagation du feu et r\u00e9duit sensiblement la temp\u00e9rature dans l\u2019interstice\u00a0entre le faux-plafond et la dalle.<\/p>\n<ul>\n<li><span style=\"color: #009832;\">Conditionn\u00e9e avec des fibres min\u00e9rales atoxiques<\/span><\/li>\n<li><span style=\"color: #009832;\">R\u00e9sistante \u00e0 l\u2019incendie et avec compos\u00e9s extensibles<\/span><\/li>\n<li><span style=\"color: #009832;\">\u00c9vite la surchauffe de la lampe<\/span><\/li>\n<li><span style=\"color: #009832;\">Flexible, l\u00e9g\u00e8re et autoportante<\/span><\/li>\n<li><span style=\"color: #009832;\">Facile \u00e0 installer et \u00e0 retirer<\/span><\/li>\n<\/ul>\n","protected":false},"excerpt":{"rendered":"<p>FSCF Barri\u00e8re ignifuge pour couverture spots Barri\u00e8re incombustible \u00e0 coupole pour la couverture et la protection de spots dans les fauxplafonds; elle maintient l\u2019int\u00e9grit\u00e9 de la r\u00e9sistance au feu des<span class=\"excerpt-hellip\"> [\u2026]<\/span><\/p>\n","protected":false},"featured_media":3976,"template":"","meta":[],"product_brand":[],"product_cat":[136,137],"product_tag":[],"class_list":{"0":"post-7334","1":"product","2":"type-product","3":"status-publish","4":"has-post-thumbnail","6":"product_cat-basse-tension","7":"product_cat-barrieres-ignifuges","9":"first","10":"instock","11":"taxable","12":"shipping-taxable","13":"product-type-simple"},"yoast_head":"<!-- This site is optimized with the Yoast SEO plugin v26.5 - https:\/\/yoast.com\/wordpress\/plugins\/seo\/ -->\n<title>Barri\u00e8re ignifuge pour couverture spots | Raytech<\/title>\n<meta name=\"robots\" content=\"index, follow, max-snippet:-1, max-image-preview:large, max-video-preview:-1\" \/>\n<link rel=\"canonical\" href=\"https:\/\/www.raytech.it\/fr\/produit\/basse-tension\/barrieres-ignifuges\/barriere-ignifuge-pour-couverture-spots\" \/>\n<meta property=\"og:locale\" content=\"fr_FR\" \/>\n<meta property=\"og:type\" content=\"article\" \/>\n<meta property=\"og:title\" content=\"Barri\u00e8re ignifuge pour couverture spots | Raytech\" \/>\n<meta property=\"og:description\" content=\"FSCF Barri\u00e8re ignifuge pour couverture spots Barri\u00e8re incombustible \u00e0 coupole pour la couverture et la protection de spots dans les fauxplafonds; elle maintient l\u2019int\u00e9grit\u00e9 de la r\u00e9sistance au feu des [\u2026]\" \/>\n<meta property=\"og:url\" content=\"https:\/\/www.raytech.it\/fr\/produit\/basse-tension\/barrieres-ignifuges\/barriere-ignifuge-pour-couverture-spots\" \/>\n<meta property=\"og:site_name\" content=\"Raytech\" \/>\n<meta property=\"article:publisher\" content=\"https:\/\/www.facebook.com\/RaytechItaly\" \/>\n<meta property=\"article:modified_time\" content=\"2025-02-19T17:41:33+00:00\" \/>\n<meta property=\"og:image\" content=\"https:\/\/www.raytech.it\/wp-content\/uploads\/fscf-1.jpg\" \/>\n\t<meta property=\"og:image:width\" content=\"1024\" \/>\n\t<meta property=\"og:image:height\" content=\"1024\" \/>\n\t<meta property=\"og:image:type\" content=\"image\/jpeg\" \/>\n<meta name=\"twitter:card\" content=\"summary_large_image\" \/>\n<script type=\"application\/ld+json\" class=\"yoast-schema-graph\">{\"@context\":\"https:\/\/schema.org\",\"@graph\":[{\"@type\":\"WebPage\",\"@id\":\"https:\/\/www.raytech.it\/fr\/produit\/basse-tension\/barrieres-ignifuges\/barriere-ignifuge-pour-couverture-spots\",\"url\":\"https:\/\/www.raytech.it\/fr\/produit\/basse-tension\/barrieres-ignifuges\/barriere-ignifuge-pour-couverture-spots\",\"name\":\"Barri\u00e8re ignifuge pour couverture spots | Raytech\",\"isPartOf\":{\"@id\":\"https:\/\/www.raytech.it\/#website\"},\"primaryImageOfPage\":{\"@id\":\"https:\/\/www.raytech.it\/fr\/produit\/basse-tension\/barrieres-ignifuges\/barriere-ignifuge-pour-couverture-spots#primaryimage\"},\"image\":{\"@id\":\"https:\/\/www.raytech.it\/fr\/produit\/basse-tension\/barrieres-ignifuges\/barriere-ignifuge-pour-couverture-spots#primaryimage\"},\"thumbnailUrl\":\"https:\/\/www.raytech.it\/wp-content\/uploads\/fscf-1.jpg\",\"datePublished\":\"2016-01-04T12:11:08+00:00\",\"dateModified\":\"2025-02-19T17:41:33+00:00\",\"breadcrumb\":{\"@id\":\"https:\/\/www.raytech.it\/fr\/produit\/basse-tension\/barrieres-ignifuges\/barriere-ignifuge-pour-couverture-spots#breadcrumb\"},\"inLanguage\":\"fr-FR\",\"potentialAction\":[{\"@type\":\"ReadAction\",\"target\":[\"https:\/\/www.raytech.it\/fr\/produit\/basse-tension\/barrieres-ignifuges\/barriere-ignifuge-pour-couverture-spots\"]}]},{\"@type\":\"ImageObject\",\"inLanguage\":\"fr-FR\",\"@id\":\"https:\/\/www.raytech.it\/fr\/produit\/basse-tension\/barrieres-ignifuges\/barriere-ignifuge-pour-couverture-spots#primaryimage\",\"url\":\"https:\/\/www.raytech.it\/wp-content\/uploads\/fscf-1.jpg\",\"contentUrl\":\"https:\/\/www.raytech.it\/wp-content\/uploads\/fscf-1.jpg\",\"width\":1024,\"height\":1024},{\"@type\":\"BreadcrumbList\",\"@id\":\"https:\/\/www.raytech.it\/fr\/produit\/basse-tension\/barrieres-ignifuges\/barriere-ignifuge-pour-couverture-spots#breadcrumb\",\"itemListElement\":[{\"@type\":\"ListItem\",\"position\":1,\"name\":\"Home\",\"item\":\"https:\/\/www.raytech.it\/fr\"},{\"@type\":\"ListItem\",\"position\":2,\"name\":\"Boutique\",\"item\":\"https:\/\/www.raytech.it\/fr\/boutique\"},{\"@type\":\"ListItem\",\"position\":3,\"name\":\"Barri\u00e8re ignifuge pour couverture spots\"}]},{\"@type\":\"WebSite\",\"@id\":\"https:\/\/www.raytech.it\/#website\",\"url\":\"https:\/\/www.raytech.it\/\",\"name\":\"Raytech\",\"description\":\"Cable accessories company\",\"publisher\":{\"@id\":\"https:\/\/www.raytech.it\/#organization\"},\"potentialAction\":[{\"@type\":\"SearchAction\",\"target\":{\"@type\":\"EntryPoint\",\"urlTemplate\":\"https:\/\/www.raytech.it\/?s={search_term_string}\"},\"query-input\":{\"@type\":\"PropertyValueSpecification\",\"valueRequired\":true,\"valueName\":\"search_term_string\"}}],\"inLanguage\":\"fr-FR\"},{\"@type\":\"Organization\",\"@id\":\"https:\/\/www.raytech.it\/#organization\",\"name\":\"Raytech\",\"url\":\"https:\/\/www.raytech.it\/\",\"logo\":{\"@type\":\"ImageObject\",\"inLanguage\":\"fr-FR\",\"@id\":\"https:\/\/www.raytech.it\/#\/schema\/logo\/image\/\",\"url\":\"https:\/\/www.raytech.it\/wp-content\/uploads\/logo-raytech-2019-retina-3.png\",\"contentUrl\":\"https:\/\/www.raytech.it\/wp-content\/uploads\/logo-raytech-2019-retina-3.png\",\"width\":340,\"height\":90,\"caption\":\"Raytech\"},\"image\":{\"@id\":\"https:\/\/www.raytech.it\/#\/schema\/logo\/image\/\"},\"sameAs\":[\"https:\/\/www.facebook.com\/RaytechItaly\",\"https:\/\/www.instagram.com\/raytech_italy\/\",\"https:\/\/www.youtube.com\/user\/raytechitaly\",\"https:\/\/twitter.com\/Raytech_Italy\"]}]}<\/script>\n<!-- \/ Yoast SEO plugin. -->","yoast_head_json":{"title":"Barri\u00e8re ignifuge pour couverture spots | Raytech","robots":{"index":"index","follow":"follow","max-snippet":"max-snippet:-1","max-image-preview":"max-image-preview:large","max-video-preview":"max-video-preview:-1"},"canonical":"https:\/\/www.raytech.it\/fr\/produit\/basse-tension\/barrieres-ignifuges\/barriere-ignifuge-pour-couverture-spots","og_locale":"fr_FR","og_type":"article","og_title":"Barri\u00e8re ignifuge pour couverture spots | Raytech","og_description":"FSCF Barri\u00e8re ignifuge pour couverture spots Barri\u00e8re incombustible \u00e0 coupole pour la couverture et la protection de spots dans les fauxplafonds; elle maintient l\u2019int\u00e9grit\u00e9 de la r\u00e9sistance au feu des [\u2026]","og_url":"https:\/\/www.raytech.it\/fr\/produit\/basse-tension\/barrieres-ignifuges\/barriere-ignifuge-pour-couverture-spots","og_site_name":"Raytech","article_publisher":"https:\/\/www.facebook.com\/RaytechItaly","article_modified_time":"2025-02-19T17:41:33+00:00","og_image":[{"width":1024,"height":1024,"url":"https:\/\/www.raytech.it\/wp-content\/uploads\/fscf-1.jpg","type":"image\/jpeg"}],"twitter_card":"summary_large_image","schema":{"@context":"https:\/\/schema.org","@graph":[{"@type":"WebPage","@id":"https:\/\/www.raytech.it\/fr\/produit\/basse-tension\/barrieres-ignifuges\/barriere-ignifuge-pour-couverture-spots","url":"https:\/\/www.raytech.it\/fr\/produit\/basse-tension\/barrieres-ignifuges\/barriere-ignifuge-pour-couverture-spots","name":"Barri\u00e8re ignifuge pour couverture spots | Raytech","isPartOf":{"@id":"https:\/\/www.raytech.it\/#website"},"primaryImageOfPage":{"@id":"https:\/\/www.raytech.it\/fr\/produit\/basse-tension\/barrieres-ignifuges\/barriere-ignifuge-pour-couverture-spots#primaryimage"},"image":{"@id":"https:\/\/www.raytech.it\/fr\/produit\/basse-tension\/barrieres-ignifuges\/barriere-ignifuge-pour-couverture-spots#primaryimage"},"thumbnailUrl":"https:\/\/www.raytech.it\/wp-content\/uploads\/fscf-1.jpg","datePublished":"2016-01-04T12:11:08+00:00","dateModified":"2025-02-19T17:41:33+00:00","breadcrumb":{"@id":"https:\/\/www.raytech.it\/fr\/produit\/basse-tension\/barrieres-ignifuges\/barriere-ignifuge-pour-couverture-spots#breadcrumb"},"inLanguage":"fr-FR","potentialAction":[{"@type":"ReadAction","target":["https:\/\/www.raytech.it\/fr\/produit\/basse-tension\/barrieres-ignifuges\/barriere-ignifuge-pour-couverture-spots"]}]},{"@type":"ImageObject","inLanguage":"fr-FR","@id":"https:\/\/www.raytech.it\/fr\/produit\/basse-tension\/barrieres-ignifuges\/barriere-ignifuge-pour-couverture-spots#primaryimage","url":"https:\/\/www.raytech.it\/wp-content\/uploads\/fscf-1.jpg","contentUrl":"https:\/\/www.raytech.it\/wp-content\/uploads\/fscf-1.jpg","width":1024,"height":1024},{"@type":"BreadcrumbList","@id":"https:\/\/www.raytech.it\/fr\/produit\/basse-tension\/barrieres-ignifuges\/barriere-ignifuge-pour-couverture-spots#breadcrumb","itemListElement":[{"@type":"ListItem","position":1,"name":"Home","item":"https:\/\/www.raytech.it\/fr"},{"@type":"ListItem","position":2,"name":"Boutique","item":"https:\/\/www.raytech.it\/fr\/boutique"},{"@type":"ListItem","position":3,"name":"Barri\u00e8re ignifuge pour couverture spots"}]},{"@type":"WebSite","@id":"https:\/\/www.raytech.it\/#website","url":"https:\/\/www.raytech.it\/","name":"Raytech","description":"Cable accessories company","publisher":{"@id":"https:\/\/www.raytech.it\/#organization"},"potentialAction":[{"@type":"SearchAction","target":{"@type":"EntryPoint","urlTemplate":"https:\/\/www.raytech.it\/?s={search_term_string}"},"query-input":{"@type":"PropertyValueSpecification","valueRequired":true,"valueName":"search_term_string"}}],"inLanguage":"fr-FR"},{"@type":"Organization","@id":"https:\/\/www.raytech.it\/#organization","name":"Raytech","url":"https:\/\/www.raytech.it\/","logo":{"@type":"ImageObject","inLanguage":"fr-FR","@id":"https:\/\/www.raytech.it\/#\/schema\/logo\/image\/","url":"https:\/\/www.raytech.it\/wp-content\/uploads\/logo-raytech-2019-retina-3.png","contentUrl":"https:\/\/www.raytech.it\/wp-content\/uploads\/logo-raytech-2019-retina-3.png","width":340,"height":90,"caption":"Raytech"},"image":{"@id":"https:\/\/www.raytech.it\/#\/schema\/logo\/image\/"},"sameAs":["https:\/\/www.facebook.com\/RaytechItaly","https:\/\/www.instagram.com\/raytech_italy\/","https:\/\/www.youtube.com\/user\/raytechitaly","https:\/\/twitter.com\/Raytech_Italy"]}]}},"_links":{"self":[{"href":"https:\/\/www.raytech.it\/fr\/wp-json\/wp\/v2\/product\/7334","targetHints":{"allow":["GET"]}}],"collection":[{"href":"https:\/\/www.raytech.it\/fr\/wp-json\/wp\/v2\/product"}],"about":[{"href":"https:\/\/www.raytech.it\/fr\/wp-json\/wp\/v2\/types\/product"}],"wp:featuredmedia":[{"embeddable":true,"href":"https:\/\/www.raytech.it\/fr\/wp-json\/wp\/v2\/media\/3976"}],"wp:attachment":[{"href":"https:\/\/www.raytech.it\/fr\/wp-json\/wp\/v2\/media?parent=7334"}],"wp:term":[{"taxonomy":"product_brand","embeddable":true,"href":"https:\/\/www.raytech.it\/fr\/wp-json\/wp\/v2\/product_brand?post=7334"},{"taxonomy":"product_cat","embeddable":true,"href":"https:\/\/www.raytech.it\/fr\/wp-json\/wp\/v2\/product_cat?post=7334"},{"taxonomy":"product_tag","embeddable":true,"href":"https:\/\/www.raytech.it\/fr\/wp-json\/wp\/v2\/product_tag?post=7334"}],"curies":[{"name":"wp","href":"https:\/\/api.w.org\/{rel}","templated":true}]}}