{"id":7335,"date":"2015-07-16T13:09:11","date_gmt":"2016-01-04T12:13:06","guid":{"rendered":"https:\/\/www.raytech.it\/?post_type=product&#038;p=7335&#038;lang=fr"},"modified":"2025-02-20T04:58:41","modified_gmt":"2025-02-20T03:58:41","slug":"barriere-ignifuge-intumescente-pour-la-couverture-des-interrupteurs","status":"publish","type":"product","link":"https:\/\/www.raytech.it\/fr\/produit\/basse-tension\/barrieres-ignifuges\/barriere-ignifuge-intumescente-pour-la-couverture-des-interrupteurs","title":{"rendered":"Barri\u00e8re ignifuge intumescente pour la couverture des interrupteurs"},"content":{"rendered":"<h4><span style=\"color: #009832;\">FSCI<br \/>\nBarri\u00e8re ignifuge intumescente pour la couverture\u00a0des interrupteurs<br \/>\n<\/span><\/h4>\n<p>Barri\u00e8re incombustible intumescente pour la couverture d\u2019interrupteurs et de bo\u00eetes encastrables,\u00a0pour maintenir les caract\u00e9ristiques de r\u00e9sistance au feu des murs. Elle contient\u00a0un bo\u00eetier \u00e9lectrique de type 503. Elle r\u00e9duit la temp\u00e9rature dans l\u2019interstice de la paroi en\u00a0placopl\u00e2tre.<\/p>\n<ul>\n<li><span style=\"color: #009832;\">Conditionn\u00e9e avec des fibres incombustibles\u00a0et charges intumescentes<\/span><\/li>\n<li><span style=\"color: #009832;\">Elle prot\u00e8ge contre la propagation\u00a0de l\u2019incendie<\/span><\/li>\n<\/ul>\n","protected":false},"excerpt":{"rendered":"<p>Dimensioni 150&#215;150<\/p>\n","protected":false},"featured_media":1577,"template":"","meta":[],"product_brand":[],"product_cat":[136,137],"product_tag":[],"class_list":{"0":"post-7335","1":"product","2":"type-product","3":"status-publish","4":"has-post-thumbnail","6":"product_cat-basse-tension","7":"product_cat-barrieres-ignifuges","9":"first","10":"instock","11":"taxable","12":"shipping-taxable","13":"product-type-simple"},"yoast_head":"<!-- This site is optimized with the Yoast SEO plugin v26.5 - https:\/\/yoast.com\/wordpress\/plugins\/seo\/ -->\n<title>Barri\u00e8re ignifuge intumescente pour la couverture des interrupteurs | Raytech<\/title>\n<meta name=\"robots\" content=\"index, follow, max-snippet:-1, max-image-preview:large, max-video-preview:-1\" \/>\n<link rel=\"canonical\" href=\"https:\/\/www.raytech.it\/fr\/produit\/basse-tension\/barrieres-ignifuges\/barriere-ignifuge-intumescente-pour-la-couverture-des-interrupteurs\" \/>\n<meta property=\"og:locale\" content=\"fr_FR\" \/>\n<meta property=\"og:type\" content=\"article\" \/>\n<meta property=\"og:title\" content=\"Barri\u00e8re ignifuge intumescente pour la couverture des interrupteurs | Raytech\" \/>\n<meta property=\"og:description\" content=\"Dimensioni 150x150\" \/>\n<meta property=\"og:url\" content=\"https:\/\/www.raytech.it\/fr\/produit\/basse-tension\/barrieres-ignifuges\/barriere-ignifuge-intumescente-pour-la-couverture-des-interrupteurs\" \/>\n<meta property=\"og:site_name\" content=\"Raytech\" \/>\n<meta property=\"article:publisher\" content=\"https:\/\/www.facebook.com\/RaytechItaly\" \/>\n<meta property=\"article:modified_time\" content=\"2025-02-20T03:58:41+00:00\" \/>\n<meta property=\"og:image\" content=\"https:\/\/www.raytech.it\/wp-content\/uploads\/fsci.jpg\" \/>\n\t<meta property=\"og:image:width\" content=\"500\" \/>\n\t<meta property=\"og:image:height\" content=\"500\" \/>\n\t<meta property=\"og:image:type\" content=\"image\/jpeg\" \/>\n<meta name=\"twitter:card\" content=\"summary_large_image\" \/>\n<script type=\"application\/ld+json\" class=\"yoast-schema-graph\">{\"@context\":\"https:\/\/schema.org\",\"@graph\":[{\"@type\":\"WebPage\",\"@id\":\"https:\/\/www.raytech.it\/fr\/produit\/basse-tension\/barrieres-ignifuges\/barriere-ignifuge-intumescente-pour-la-couverture-des-interrupteurs\",\"url\":\"https:\/\/www.raytech.it\/fr\/produit\/basse-tension\/barrieres-ignifuges\/barriere-ignifuge-intumescente-pour-la-couverture-des-interrupteurs\",\"name\":\"Barri\u00e8re ignifuge intumescente pour la couverture des interrupteurs | Raytech\",\"isPartOf\":{\"@id\":\"https:\/\/www.raytech.it\/#website\"},\"primaryImageOfPage\":{\"@id\":\"https:\/\/www.raytech.it\/fr\/produit\/basse-tension\/barrieres-ignifuges\/barriere-ignifuge-intumescente-pour-la-couverture-des-interrupteurs#primaryimage\"},\"image\":{\"@id\":\"https:\/\/www.raytech.it\/fr\/produit\/basse-tension\/barrieres-ignifuges\/barriere-ignifuge-intumescente-pour-la-couverture-des-interrupteurs#primaryimage\"},\"thumbnailUrl\":\"https:\/\/www.raytech.it\/wp-content\/uploads\/fsci.jpg\",\"datePublished\":\"2016-01-04T12:13:06+00:00\",\"dateModified\":\"2025-02-20T03:58:41+00:00\",\"breadcrumb\":{\"@id\":\"https:\/\/www.raytech.it\/fr\/produit\/basse-tension\/barrieres-ignifuges\/barriere-ignifuge-intumescente-pour-la-couverture-des-interrupteurs#breadcrumb\"},\"inLanguage\":\"fr-FR\",\"potentialAction\":[{\"@type\":\"ReadAction\",\"target\":[\"https:\/\/www.raytech.it\/fr\/produit\/basse-tension\/barrieres-ignifuges\/barriere-ignifuge-intumescente-pour-la-couverture-des-interrupteurs\"]}]},{\"@type\":\"ImageObject\",\"inLanguage\":\"fr-FR\",\"@id\":\"https:\/\/www.raytech.it\/fr\/produit\/basse-tension\/barrieres-ignifuges\/barriere-ignifuge-intumescente-pour-la-couverture-des-interrupteurs#primaryimage\",\"url\":\"https:\/\/www.raytech.it\/wp-content\/uploads\/fsci.jpg\",\"contentUrl\":\"https:\/\/www.raytech.it\/wp-content\/uploads\/fsci.jpg\",\"width\":500,\"height\":500},{\"@type\":\"BreadcrumbList\",\"@id\":\"https:\/\/www.raytech.it\/fr\/produit\/basse-tension\/barrieres-ignifuges\/barriere-ignifuge-intumescente-pour-la-couverture-des-interrupteurs#breadcrumb\",\"itemListElement\":[{\"@type\":\"ListItem\",\"position\":1,\"name\":\"Home\",\"item\":\"https:\/\/www.raytech.it\/fr\"},{\"@type\":\"ListItem\",\"position\":2,\"name\":\"Boutique\",\"item\":\"https:\/\/www.raytech.it\/fr\/boutique\"},{\"@type\":\"ListItem\",\"position\":3,\"name\":\"Barri\u00e8re ignifuge intumescente pour la couverture des interrupteurs\"}]},{\"@type\":\"WebSite\",\"@id\":\"https:\/\/www.raytech.it\/#website\",\"url\":\"https:\/\/www.raytech.it\/\",\"name\":\"Raytech\",\"description\":\"Cable accessories company\",\"publisher\":{\"@id\":\"https:\/\/www.raytech.it\/#organization\"},\"potentialAction\":[{\"@type\":\"SearchAction\",\"target\":{\"@type\":\"EntryPoint\",\"urlTemplate\":\"https:\/\/www.raytech.it\/?s={search_term_string}\"},\"query-input\":{\"@type\":\"PropertyValueSpecification\",\"valueRequired\":true,\"valueName\":\"search_term_string\"}}],\"inLanguage\":\"fr-FR\"},{\"@type\":\"Organization\",\"@id\":\"https:\/\/www.raytech.it\/#organization\",\"name\":\"Raytech\",\"url\":\"https:\/\/www.raytech.it\/\",\"logo\":{\"@type\":\"ImageObject\",\"inLanguage\":\"fr-FR\",\"@id\":\"https:\/\/www.raytech.it\/#\/schema\/logo\/image\/\",\"url\":\"https:\/\/www.raytech.it\/wp-content\/uploads\/logo-raytech-2019-retina-3.png\",\"contentUrl\":\"https:\/\/www.raytech.it\/wp-content\/uploads\/logo-raytech-2019-retina-3.png\",\"width\":340,\"height\":90,\"caption\":\"Raytech\"},\"image\":{\"@id\":\"https:\/\/www.raytech.it\/#\/schema\/logo\/image\/\"},\"sameAs\":[\"https:\/\/www.facebook.com\/RaytechItaly\",\"https:\/\/www.instagram.com\/raytech_italy\/\",\"https:\/\/www.youtube.com\/user\/raytechitaly\",\"https:\/\/twitter.com\/Raytech_Italy\"]}]}<\/script>\n<!-- \/ Yoast SEO plugin. -->","yoast_head_json":{"title":"Barri\u00e8re ignifuge intumescente pour la couverture des interrupteurs | Raytech","robots":{"index":"index","follow":"follow","max-snippet":"max-snippet:-1","max-image-preview":"max-image-preview:large","max-video-preview":"max-video-preview:-1"},"canonical":"https:\/\/www.raytech.it\/fr\/produit\/basse-tension\/barrieres-ignifuges\/barriere-ignifuge-intumescente-pour-la-couverture-des-interrupteurs","og_locale":"fr_FR","og_type":"article","og_title":"Barri\u00e8re ignifuge intumescente pour la couverture des interrupteurs | Raytech","og_description":"Dimensioni 150x150","og_url":"https:\/\/www.raytech.it\/fr\/produit\/basse-tension\/barrieres-ignifuges\/barriere-ignifuge-intumescente-pour-la-couverture-des-interrupteurs","og_site_name":"Raytech","article_publisher":"https:\/\/www.facebook.com\/RaytechItaly","article_modified_time":"2025-02-20T03:58:41+00:00","og_image":[{"width":500,"height":500,"url":"https:\/\/www.raytech.it\/wp-content\/uploads\/fsci.jpg","type":"image\/jpeg"}],"twitter_card":"summary_large_image","schema":{"@context":"https:\/\/schema.org","@graph":[{"@type":"WebPage","@id":"https:\/\/www.raytech.it\/fr\/produit\/basse-tension\/barrieres-ignifuges\/barriere-ignifuge-intumescente-pour-la-couverture-des-interrupteurs","url":"https:\/\/www.raytech.it\/fr\/produit\/basse-tension\/barrieres-ignifuges\/barriere-ignifuge-intumescente-pour-la-couverture-des-interrupteurs","name":"Barri\u00e8re ignifuge intumescente pour la couverture des interrupteurs | Raytech","isPartOf":{"@id":"https:\/\/www.raytech.it\/#website"},"primaryImageOfPage":{"@id":"https:\/\/www.raytech.it\/fr\/produit\/basse-tension\/barrieres-ignifuges\/barriere-ignifuge-intumescente-pour-la-couverture-des-interrupteurs#primaryimage"},"image":{"@id":"https:\/\/www.raytech.it\/fr\/produit\/basse-tension\/barrieres-ignifuges\/barriere-ignifuge-intumescente-pour-la-couverture-des-interrupteurs#primaryimage"},"thumbnailUrl":"https:\/\/www.raytech.it\/wp-content\/uploads\/fsci.jpg","datePublished":"2016-01-04T12:13:06+00:00","dateModified":"2025-02-20T03:58:41+00:00","breadcrumb":{"@id":"https:\/\/www.raytech.it\/fr\/produit\/basse-tension\/barrieres-ignifuges\/barriere-ignifuge-intumescente-pour-la-couverture-des-interrupteurs#breadcrumb"},"inLanguage":"fr-FR","potentialAction":[{"@type":"ReadAction","target":["https:\/\/www.raytech.it\/fr\/produit\/basse-tension\/barrieres-ignifuges\/barriere-ignifuge-intumescente-pour-la-couverture-des-interrupteurs"]}]},{"@type":"ImageObject","inLanguage":"fr-FR","@id":"https:\/\/www.raytech.it\/fr\/produit\/basse-tension\/barrieres-ignifuges\/barriere-ignifuge-intumescente-pour-la-couverture-des-interrupteurs#primaryimage","url":"https:\/\/www.raytech.it\/wp-content\/uploads\/fsci.jpg","contentUrl":"https:\/\/www.raytech.it\/wp-content\/uploads\/fsci.jpg","width":500,"height":500},{"@type":"BreadcrumbList","@id":"https:\/\/www.raytech.it\/fr\/produit\/basse-tension\/barrieres-ignifuges\/barriere-ignifuge-intumescente-pour-la-couverture-des-interrupteurs#breadcrumb","itemListElement":[{"@type":"ListItem","position":1,"name":"Home","item":"https:\/\/www.raytech.it\/fr"},{"@type":"ListItem","position":2,"name":"Boutique","item":"https:\/\/www.raytech.it\/fr\/boutique"},{"@type":"ListItem","position":3,"name":"Barri\u00e8re ignifuge intumescente pour la couverture des interrupteurs"}]},{"@type":"WebSite","@id":"https:\/\/www.raytech.it\/#website","url":"https:\/\/www.raytech.it\/","name":"Raytech","description":"Cable accessories company","publisher":{"@id":"https:\/\/www.raytech.it\/#organization"},"potentialAction":[{"@type":"SearchAction","target":{"@type":"EntryPoint","urlTemplate":"https:\/\/www.raytech.it\/?s={search_term_string}"},"query-input":{"@type":"PropertyValueSpecification","valueRequired":true,"valueName":"search_term_string"}}],"inLanguage":"fr-FR"},{"@type":"Organization","@id":"https:\/\/www.raytech.it\/#organization","name":"Raytech","url":"https:\/\/www.raytech.it\/","logo":{"@type":"ImageObject","inLanguage":"fr-FR","@id":"https:\/\/www.raytech.it\/#\/schema\/logo\/image\/","url":"https:\/\/www.raytech.it\/wp-content\/uploads\/logo-raytech-2019-retina-3.png","contentUrl":"https:\/\/www.raytech.it\/wp-content\/uploads\/logo-raytech-2019-retina-3.png","width":340,"height":90,"caption":"Raytech"},"image":{"@id":"https:\/\/www.raytech.it\/#\/schema\/logo\/image\/"},"sameAs":["https:\/\/www.facebook.com\/RaytechItaly","https:\/\/www.instagram.com\/raytech_italy\/","https:\/\/www.youtube.com\/user\/raytechitaly","https:\/\/twitter.com\/Raytech_Italy"]}]}},"_links":{"self":[{"href":"https:\/\/www.raytech.it\/fr\/wp-json\/wp\/v2\/product\/7335","targetHints":{"allow":["GET"]}}],"collection":[{"href":"https:\/\/www.raytech.it\/fr\/wp-json\/wp\/v2\/product"}],"about":[{"href":"https:\/\/www.raytech.it\/fr\/wp-json\/wp\/v2\/types\/product"}],"wp:featuredmedia":[{"embeddable":true,"href":"https:\/\/www.raytech.it\/fr\/wp-json\/wp\/v2\/media\/1577"}],"wp:attachment":[{"href":"https:\/\/www.raytech.it\/fr\/wp-json\/wp\/v2\/media?parent=7335"}],"wp:term":[{"taxonomy":"product_brand","embeddable":true,"href":"https:\/\/www.raytech.it\/fr\/wp-json\/wp\/v2\/product_brand?post=7335"},{"taxonomy":"product_cat","embeddable":true,"href":"https:\/\/www.raytech.it\/fr\/wp-json\/wp\/v2\/product_cat?post=7335"},{"taxonomy":"product_tag","embeddable":true,"href":"https:\/\/www.raytech.it\/fr\/wp-json\/wp\/v2\/product_tag?post=7335"}],"curies":[{"name":"wp","href":"https:\/\/api.w.org\/{rel}","templated":true}]}}