{"id":7337,"date":"2015-07-16T13:13:08","date_gmt":"2016-01-04T12:16:53","guid":{"rendered":"https:\/\/www.raytech.it\/?post_type=product&#038;p=7337&#038;lang=fr"},"modified":"2025-02-20T04:59:56","modified_gmt":"2025-02-20T03:59:56","slug":"barriere-protectrice-de-tuyaux-metalliques-en-matelas","status":"publish","type":"product","link":"https:\/\/www.raytech.it\/fr\/produit\/basse-tension\/barrieres-ignifuges\/barriere-protectrice-de-tuyaux-metalliques-en-matelas","title":{"rendered":"Barri\u00e8re protectrice de tuyaux m\u00e9talliques en matelas"},"content":{"rendered":"<h4><span style=\"color: #009832;\">FSCO T110<br \/>\nBarri\u00e8re protectrice de tuyaux m\u00e9talliques en matelas<br \/>\n<\/span><\/h4>\n<p>La barri\u00e8re FSCO T110 est constitu\u00e9e d\u2019un matelas flexible et facilement conformable, tr\u00e8s\u00a0r\u00e9sistant au feu. Celui-ci est rev\u00eatu d\u2019une feuille en aluminium, et prot\u00e8ge les tuyaux m\u00e9talliques,\u00a0isol\u00e9s ou non, dans les travers\u00e9es de murs. Il se coupe et se mod\u00e8le facilement ; il suffit\u00a0d\u2019entourer le tuyau d\u2019une seule couche le tuyau et de le fixer avec du ruban adh\u00e9sif aluminis\u00e9.\u00a0Il prot\u00e8ge les tuyaux m\u00e9talliques qui traversent les murs ou les planchers, en \u00e9vitant la\u00a0propagation longitudinale de la chaleur et la fonte de l\u2019\u00e9ventuel isolant.<\/p>\n<ul>\n<li><span style=\"color: #009832;\">Compos\u00e9 en fibres sans r\u00e9sine et sans liants organiques<\/span><\/li>\n<li><span style=\"color: #009832;\">Pour des murs d\u2019au moins 125 mm d\u2019\u00e9paisseur<\/span><\/li>\n<\/ul>\n","protected":false},"excerpt":{"rendered":"<p>FSCO T110 Barri\u00e8re protectrice de tuyaux m\u00e9talliques en matelas La barri\u00e8re FSCO T110 est constitu\u00e9e d\u2019un matelas flexible et facilement conformable, tr\u00e8s\u00a0r\u00e9sistant au feu. Celui-ci est rev\u00eatu d\u2019une feuille en<span class=\"excerpt-hellip\"> [\u2026]<\/span><\/p>\n","protected":false},"featured_media":1591,"template":"","meta":[],"product_brand":[],"product_cat":[136,137],"product_tag":[],"class_list":{"0":"post-7337","1":"product","2":"type-product","3":"status-publish","4":"has-post-thumbnail","6":"product_cat-basse-tension","7":"product_cat-barrieres-ignifuges","9":"first","10":"instock","11":"taxable","12":"shipping-taxable","13":"product-type-simple"},"yoast_head":"<!-- This site is optimized with the Yoast SEO plugin v26.5 - https:\/\/yoast.com\/wordpress\/plugins\/seo\/ -->\n<title>Barri\u00e8re protectrice de tuyaux m\u00e9talliques en matelas | Raytech<\/title>\n<meta name=\"robots\" content=\"index, follow, max-snippet:-1, max-image-preview:large, max-video-preview:-1\" \/>\n<link rel=\"canonical\" href=\"https:\/\/www.raytech.it\/fr\/produit\/basse-tension\/barrieres-ignifuges\/barriere-protectrice-de-tuyaux-metalliques-en-matelas\" \/>\n<meta property=\"og:locale\" content=\"fr_FR\" \/>\n<meta property=\"og:type\" content=\"article\" \/>\n<meta property=\"og:title\" content=\"Barri\u00e8re protectrice de tuyaux m\u00e9talliques en matelas | Raytech\" \/>\n<meta property=\"og:description\" content=\"FSCO T110 Barri\u00e8re protectrice de tuyaux m\u00e9talliques en matelas La barri\u00e8re FSCO T110 est constitu\u00e9e d\u2019un matelas flexible et facilement conformable, tr\u00e8s\u00a0r\u00e9sistant au feu. Celui-ci est rev\u00eatu d\u2019une feuille en [\u2026]\" \/>\n<meta property=\"og:url\" content=\"https:\/\/www.raytech.it\/fr\/produit\/basse-tension\/barrieres-ignifuges\/barriere-protectrice-de-tuyaux-metalliques-en-matelas\" \/>\n<meta property=\"og:site_name\" content=\"Raytech\" \/>\n<meta property=\"article:publisher\" content=\"https:\/\/www.facebook.com\/RaytechItaly\" \/>\n<meta property=\"article:modified_time\" content=\"2025-02-20T03:59:56+00:00\" \/>\n<meta property=\"og:image\" content=\"https:\/\/www.raytech.it\/wp-content\/uploads\/fsco-t110.jpg\" \/>\n\t<meta property=\"og:image:width\" content=\"500\" \/>\n\t<meta property=\"og:image:height\" content=\"500\" \/>\n\t<meta property=\"og:image:type\" content=\"image\/jpeg\" \/>\n<meta name=\"twitter:card\" content=\"summary_large_image\" \/>\n<meta name=\"twitter:label1\" content=\"Dur\u00e9e de lecture estim\u00e9e\" \/>\n\t<meta name=\"twitter:data1\" content=\"1 minute\" \/>\n<script type=\"application\/ld+json\" class=\"yoast-schema-graph\">{\"@context\":\"https:\/\/schema.org\",\"@graph\":[{\"@type\":\"WebPage\",\"@id\":\"https:\/\/www.raytech.it\/fr\/produit\/basse-tension\/barrieres-ignifuges\/barriere-protectrice-de-tuyaux-metalliques-en-matelas\",\"url\":\"https:\/\/www.raytech.it\/fr\/produit\/basse-tension\/barrieres-ignifuges\/barriere-protectrice-de-tuyaux-metalliques-en-matelas\",\"name\":\"Barri\u00e8re protectrice de tuyaux m\u00e9talliques en matelas | Raytech\",\"isPartOf\":{\"@id\":\"https:\/\/www.raytech.it\/#website\"},\"primaryImageOfPage\":{\"@id\":\"https:\/\/www.raytech.it\/fr\/produit\/basse-tension\/barrieres-ignifuges\/barriere-protectrice-de-tuyaux-metalliques-en-matelas#primaryimage\"},\"image\":{\"@id\":\"https:\/\/www.raytech.it\/fr\/produit\/basse-tension\/barrieres-ignifuges\/barriere-protectrice-de-tuyaux-metalliques-en-matelas#primaryimage\"},\"thumbnailUrl\":\"https:\/\/www.raytech.it\/wp-content\/uploads\/fsco-t110.jpg\",\"datePublished\":\"2016-01-04T12:16:53+00:00\",\"dateModified\":\"2025-02-20T03:59:56+00:00\",\"breadcrumb\":{\"@id\":\"https:\/\/www.raytech.it\/fr\/produit\/basse-tension\/barrieres-ignifuges\/barriere-protectrice-de-tuyaux-metalliques-en-matelas#breadcrumb\"},\"inLanguage\":\"fr-FR\",\"potentialAction\":[{\"@type\":\"ReadAction\",\"target\":[\"https:\/\/www.raytech.it\/fr\/produit\/basse-tension\/barrieres-ignifuges\/barriere-protectrice-de-tuyaux-metalliques-en-matelas\"]}]},{\"@type\":\"ImageObject\",\"inLanguage\":\"fr-FR\",\"@id\":\"https:\/\/www.raytech.it\/fr\/produit\/basse-tension\/barrieres-ignifuges\/barriere-protectrice-de-tuyaux-metalliques-en-matelas#primaryimage\",\"url\":\"https:\/\/www.raytech.it\/wp-content\/uploads\/fsco-t110.jpg\",\"contentUrl\":\"https:\/\/www.raytech.it\/wp-content\/uploads\/fsco-t110.jpg\",\"width\":500,\"height\":500},{\"@type\":\"BreadcrumbList\",\"@id\":\"https:\/\/www.raytech.it\/fr\/produit\/basse-tension\/barrieres-ignifuges\/barriere-protectrice-de-tuyaux-metalliques-en-matelas#breadcrumb\",\"itemListElement\":[{\"@type\":\"ListItem\",\"position\":1,\"name\":\"Home\",\"item\":\"https:\/\/www.raytech.it\/fr\"},{\"@type\":\"ListItem\",\"position\":2,\"name\":\"Boutique\",\"item\":\"https:\/\/www.raytech.it\/fr\/boutique\"},{\"@type\":\"ListItem\",\"position\":3,\"name\":\"Barri\u00e8re protectrice de tuyaux m\u00e9talliques en matelas\"}]},{\"@type\":\"WebSite\",\"@id\":\"https:\/\/www.raytech.it\/#website\",\"url\":\"https:\/\/www.raytech.it\/\",\"name\":\"Raytech\",\"description\":\"Cable accessories company\",\"publisher\":{\"@id\":\"https:\/\/www.raytech.it\/#organization\"},\"potentialAction\":[{\"@type\":\"SearchAction\",\"target\":{\"@type\":\"EntryPoint\",\"urlTemplate\":\"https:\/\/www.raytech.it\/?s={search_term_string}\"},\"query-input\":{\"@type\":\"PropertyValueSpecification\",\"valueRequired\":true,\"valueName\":\"search_term_string\"}}],\"inLanguage\":\"fr-FR\"},{\"@type\":\"Organization\",\"@id\":\"https:\/\/www.raytech.it\/#organization\",\"name\":\"Raytech\",\"url\":\"https:\/\/www.raytech.it\/\",\"logo\":{\"@type\":\"ImageObject\",\"inLanguage\":\"fr-FR\",\"@id\":\"https:\/\/www.raytech.it\/#\/schema\/logo\/image\/\",\"url\":\"https:\/\/www.raytech.it\/wp-content\/uploads\/logo-raytech-2019-retina-3.png\",\"contentUrl\":\"https:\/\/www.raytech.it\/wp-content\/uploads\/logo-raytech-2019-retina-3.png\",\"width\":340,\"height\":90,\"caption\":\"Raytech\"},\"image\":{\"@id\":\"https:\/\/www.raytech.it\/#\/schema\/logo\/image\/\"},\"sameAs\":[\"https:\/\/www.facebook.com\/RaytechItaly\",\"https:\/\/www.instagram.com\/raytech_italy\/\",\"https:\/\/www.youtube.com\/user\/raytechitaly\",\"https:\/\/twitter.com\/Raytech_Italy\"]}]}<\/script>\n<!-- \/ Yoast SEO plugin. -->","yoast_head_json":{"title":"Barri\u00e8re protectrice de tuyaux m\u00e9talliques en matelas | Raytech","robots":{"index":"index","follow":"follow","max-snippet":"max-snippet:-1","max-image-preview":"max-image-preview:large","max-video-preview":"max-video-preview:-1"},"canonical":"https:\/\/www.raytech.it\/fr\/produit\/basse-tension\/barrieres-ignifuges\/barriere-protectrice-de-tuyaux-metalliques-en-matelas","og_locale":"fr_FR","og_type":"article","og_title":"Barri\u00e8re protectrice de tuyaux m\u00e9talliques en matelas | Raytech","og_description":"FSCO T110 Barri\u00e8re protectrice de tuyaux m\u00e9talliques en matelas La barri\u00e8re FSCO T110 est constitu\u00e9e d\u2019un matelas flexible et facilement conformable, tr\u00e8s\u00a0r\u00e9sistant au feu. Celui-ci est rev\u00eatu d\u2019une feuille en [\u2026]","og_url":"https:\/\/www.raytech.it\/fr\/produit\/basse-tension\/barrieres-ignifuges\/barriere-protectrice-de-tuyaux-metalliques-en-matelas","og_site_name":"Raytech","article_publisher":"https:\/\/www.facebook.com\/RaytechItaly","article_modified_time":"2025-02-20T03:59:56+00:00","og_image":[{"width":500,"height":500,"url":"https:\/\/www.raytech.it\/wp-content\/uploads\/fsco-t110.jpg","type":"image\/jpeg"}],"twitter_card":"summary_large_image","twitter_misc":{"Dur\u00e9e de lecture estim\u00e9e":"1 minute"},"schema":{"@context":"https:\/\/schema.org","@graph":[{"@type":"WebPage","@id":"https:\/\/www.raytech.it\/fr\/produit\/basse-tension\/barrieres-ignifuges\/barriere-protectrice-de-tuyaux-metalliques-en-matelas","url":"https:\/\/www.raytech.it\/fr\/produit\/basse-tension\/barrieres-ignifuges\/barriere-protectrice-de-tuyaux-metalliques-en-matelas","name":"Barri\u00e8re protectrice de tuyaux m\u00e9talliques en matelas | Raytech","isPartOf":{"@id":"https:\/\/www.raytech.it\/#website"},"primaryImageOfPage":{"@id":"https:\/\/www.raytech.it\/fr\/produit\/basse-tension\/barrieres-ignifuges\/barriere-protectrice-de-tuyaux-metalliques-en-matelas#primaryimage"},"image":{"@id":"https:\/\/www.raytech.it\/fr\/produit\/basse-tension\/barrieres-ignifuges\/barriere-protectrice-de-tuyaux-metalliques-en-matelas#primaryimage"},"thumbnailUrl":"https:\/\/www.raytech.it\/wp-content\/uploads\/fsco-t110.jpg","datePublished":"2016-01-04T12:16:53+00:00","dateModified":"2025-02-20T03:59:56+00:00","breadcrumb":{"@id":"https:\/\/www.raytech.it\/fr\/produit\/basse-tension\/barrieres-ignifuges\/barriere-protectrice-de-tuyaux-metalliques-en-matelas#breadcrumb"},"inLanguage":"fr-FR","potentialAction":[{"@type":"ReadAction","target":["https:\/\/www.raytech.it\/fr\/produit\/basse-tension\/barrieres-ignifuges\/barriere-protectrice-de-tuyaux-metalliques-en-matelas"]}]},{"@type":"ImageObject","inLanguage":"fr-FR","@id":"https:\/\/www.raytech.it\/fr\/produit\/basse-tension\/barrieres-ignifuges\/barriere-protectrice-de-tuyaux-metalliques-en-matelas#primaryimage","url":"https:\/\/www.raytech.it\/wp-content\/uploads\/fsco-t110.jpg","contentUrl":"https:\/\/www.raytech.it\/wp-content\/uploads\/fsco-t110.jpg","width":500,"height":500},{"@type":"BreadcrumbList","@id":"https:\/\/www.raytech.it\/fr\/produit\/basse-tension\/barrieres-ignifuges\/barriere-protectrice-de-tuyaux-metalliques-en-matelas#breadcrumb","itemListElement":[{"@type":"ListItem","position":1,"name":"Home","item":"https:\/\/www.raytech.it\/fr"},{"@type":"ListItem","position":2,"name":"Boutique","item":"https:\/\/www.raytech.it\/fr\/boutique"},{"@type":"ListItem","position":3,"name":"Barri\u00e8re protectrice de tuyaux m\u00e9talliques en matelas"}]},{"@type":"WebSite","@id":"https:\/\/www.raytech.it\/#website","url":"https:\/\/www.raytech.it\/","name":"Raytech","description":"Cable accessories company","publisher":{"@id":"https:\/\/www.raytech.it\/#organization"},"potentialAction":[{"@type":"SearchAction","target":{"@type":"EntryPoint","urlTemplate":"https:\/\/www.raytech.it\/?s={search_term_string}"},"query-input":{"@type":"PropertyValueSpecification","valueRequired":true,"valueName":"search_term_string"}}],"inLanguage":"fr-FR"},{"@type":"Organization","@id":"https:\/\/www.raytech.it\/#organization","name":"Raytech","url":"https:\/\/www.raytech.it\/","logo":{"@type":"ImageObject","inLanguage":"fr-FR","@id":"https:\/\/www.raytech.it\/#\/schema\/logo\/image\/","url":"https:\/\/www.raytech.it\/wp-content\/uploads\/logo-raytech-2019-retina-3.png","contentUrl":"https:\/\/www.raytech.it\/wp-content\/uploads\/logo-raytech-2019-retina-3.png","width":340,"height":90,"caption":"Raytech"},"image":{"@id":"https:\/\/www.raytech.it\/#\/schema\/logo\/image\/"},"sameAs":["https:\/\/www.facebook.com\/RaytechItaly","https:\/\/www.instagram.com\/raytech_italy\/","https:\/\/www.youtube.com\/user\/raytechitaly","https:\/\/twitter.com\/Raytech_Italy"]}]}},"_links":{"self":[{"href":"https:\/\/www.raytech.it\/fr\/wp-json\/wp\/v2\/product\/7337","targetHints":{"allow":["GET"]}}],"collection":[{"href":"https:\/\/www.raytech.it\/fr\/wp-json\/wp\/v2\/product"}],"about":[{"href":"https:\/\/www.raytech.it\/fr\/wp-json\/wp\/v2\/types\/product"}],"wp:featuredmedia":[{"embeddable":true,"href":"https:\/\/www.raytech.it\/fr\/wp-json\/wp\/v2\/media\/1591"}],"wp:attachment":[{"href":"https:\/\/www.raytech.it\/fr\/wp-json\/wp\/v2\/media?parent=7337"}],"wp:term":[{"taxonomy":"product_brand","embeddable":true,"href":"https:\/\/www.raytech.it\/fr\/wp-json\/wp\/v2\/product_brand?post=7337"},{"taxonomy":"product_cat","embeddable":true,"href":"https:\/\/www.raytech.it\/fr\/wp-json\/wp\/v2\/product_cat?post=7337"},{"taxonomy":"product_tag","embeddable":true,"href":"https:\/\/www.raytech.it\/fr\/wp-json\/wp\/v2\/product_tag?post=7337"}],"curies":[{"name":"wp","href":"https:\/\/api.w.org\/{rel}","templated":true}]}}