{"id":7338,"date":"2015-07-16T13:22:26","date_gmt":"2016-01-04T13:24:50","guid":{"rendered":"https:\/\/www.raytech.it\/?post_type=product&#038;p=7338&#038;lang=fr"},"modified":"2025-02-20T05:11:18","modified_gmt":"2025-02-20T04:11:18","slug":"galactic-water-stop","status":"publish","type":"product","link":"https:\/\/www.raytech.it\/fr\/produit\/basse-tension\/speciaux-fr\/kit-pour-installations-electriques\/galactic-water-stop","title":{"rendered":"Galactic Water Stop"},"content":{"rendered":"<h4><span style=\"color: #009832;\">Gel mono-composant pr\u00eat \u00e0 l\u2019emploi<\/span><\/h4>\n<p>Le gel mono-composant Galactic Water Stop est un produit mou, extr\u00eamement collant,\u00a0fourni dans des emballages pratiques, d\u00e9j\u00e0 pr\u00eat \u00e0 l\u2019emploi: il suffit de le d\u00e9chirer dans les\u00a0quantit\u00e9s n\u00e9cessaires et de le positionner sur le point \u00e0 prot\u00e9ger de l\u2019infiltration. Gr\u00e2ce \u00e0 son\u00a0caract\u00e8re collant il fournit un scellage stable et efficace dans le temps. Il peut \u00eatre facilement\u00a0retir\u00e9 et r\u00e9-accessible, ce qui permet d\u2019acc\u00e9der de nouveau \u00e0 la partie prot\u00e9g\u00e9e sans laisser\u00a0de trace. Il ne coule pas, peut-\u00eatre install\u00e9 \u00e9galement \u00e0 la verticale ou au plafond. Hautement\u00a0scellant, il se pr\u00eate \u00e0 l\u2019isolation de petites connexions ou \u00e0 la protection de connexions\u00a0particuli\u00e8rement expos\u00e9es (connexions externes, bornes de la batterie de la voiture, etc.).\u00a0Le produit est appliqu\u00e9 partout o\u00f9 il pourrait y avoir une infiltration provenant des tuyaux\u00a0pliss\u00e9s, des goulottes, etc. ou o\u00f9 l\u2019isolation rapide et efficace est n\u00e9cessaire.<\/p>\n","protected":false},"excerpt":{"rendered":"<p>Gel mono-composant pr\u00eat \u00e0 l\u2019emploi Le gel mono-composant Galactic Water Stop est un produit mou, extr\u00eamement collant,\u00a0fourni dans des emballages pratiques, d\u00e9j\u00e0 pr\u00eat \u00e0 l\u2019emploi: il suffit de le d\u00e9chirer<span class=\"excerpt-hellip\"> [\u2026]<\/span><\/p>\n","protected":false},"featured_media":4179,"template":"","meta":[],"product_brand":[],"product_cat":[136,157,158],"product_tag":[],"class_list":{"0":"post-7338","1":"product","2":"type-product","3":"status-publish","4":"has-post-thumbnail","6":"product_cat-basse-tension","7":"product_cat-speciaux-fr","8":"product_cat-kit-pour-installations-electriques","10":"first","11":"instock","12":"taxable","13":"shipping-taxable","14":"purchasable","15":"product-type-variable"},"yoast_head":"<!-- This site is optimized with the Yoast SEO plugin v26.5 - https:\/\/yoast.com\/wordpress\/plugins\/seo\/ -->\n<title>Galactic Water Stop | Raytech<\/title>\n<meta name=\"robots\" content=\"index, follow, max-snippet:-1, max-image-preview:large, max-video-preview:-1\" \/>\n<link rel=\"canonical\" href=\"https:\/\/www.raytech.it\/fr\/produit\/basse-tension\/speciaux-fr\/kit-pour-installations-electriques\/galactic-water-stop\" \/>\n<meta property=\"og:locale\" content=\"fr_FR\" \/>\n<meta property=\"og:type\" content=\"article\" \/>\n<meta property=\"og:title\" content=\"Galactic Water Stop | Raytech\" \/>\n<meta property=\"og:description\" content=\"Gel mono-composant pr\u00eat \u00e0 l\u2019emploi Le gel mono-composant Galactic Water Stop est un produit mou, extr\u00eamement collant,\u00a0fourni dans des emballages pratiques, d\u00e9j\u00e0 pr\u00eat \u00e0 l\u2019emploi: il suffit de le d\u00e9chirer [\u2026]\" \/>\n<meta property=\"og:url\" content=\"https:\/\/www.raytech.it\/fr\/produit\/basse-tension\/speciaux-fr\/kit-pour-installations-electriques\/galactic-water-stop\" \/>\n<meta property=\"og:site_name\" content=\"Raytech\" \/>\n<meta property=\"article:publisher\" content=\"https:\/\/www.facebook.com\/RaytechItaly\" \/>\n<meta property=\"article:modified_time\" content=\"2025-02-20T04:11:18+00:00\" \/>\n<meta property=\"og:image\" content=\"https:\/\/www.raytech.it\/wp-content\/uploads\/galactic-water-stop-1.jpg\" \/>\n\t<meta property=\"og:image:width\" content=\"1024\" \/>\n\t<meta property=\"og:image:height\" content=\"1024\" \/>\n\t<meta property=\"og:image:type\" content=\"image\/jpeg\" \/>\n<meta name=\"twitter:card\" content=\"summary_large_image\" \/>\n<meta name=\"twitter:label1\" content=\"Dur\u00e9e de lecture estim\u00e9e\" \/>\n\t<meta name=\"twitter:data1\" content=\"1 minute\" \/>\n<script type=\"application\/ld+json\" class=\"yoast-schema-graph\">{\"@context\":\"https:\/\/schema.org\",\"@graph\":[{\"@type\":\"WebPage\",\"@id\":\"https:\/\/www.raytech.it\/fr\/produit\/basse-tension\/speciaux-fr\/kit-pour-installations-electriques\/galactic-water-stop\",\"url\":\"https:\/\/www.raytech.it\/fr\/produit\/basse-tension\/speciaux-fr\/kit-pour-installations-electriques\/galactic-water-stop\",\"name\":\"Galactic Water Stop | Raytech\",\"isPartOf\":{\"@id\":\"https:\/\/www.raytech.it\/#website\"},\"primaryImageOfPage\":{\"@id\":\"https:\/\/www.raytech.it\/fr\/produit\/basse-tension\/speciaux-fr\/kit-pour-installations-electriques\/galactic-water-stop#primaryimage\"},\"image\":{\"@id\":\"https:\/\/www.raytech.it\/fr\/produit\/basse-tension\/speciaux-fr\/kit-pour-installations-electriques\/galactic-water-stop#primaryimage\"},\"thumbnailUrl\":\"https:\/\/www.raytech.it\/wp-content\/uploads\/galactic-water-stop-1.jpg\",\"datePublished\":\"2016-01-04T13:24:50+00:00\",\"dateModified\":\"2025-02-20T04:11:18+00:00\",\"breadcrumb\":{\"@id\":\"https:\/\/www.raytech.it\/fr\/produit\/basse-tension\/speciaux-fr\/kit-pour-installations-electriques\/galactic-water-stop#breadcrumb\"},\"inLanguage\":\"fr-FR\",\"potentialAction\":[{\"@type\":\"ReadAction\",\"target\":[\"https:\/\/www.raytech.it\/fr\/produit\/basse-tension\/speciaux-fr\/kit-pour-installations-electriques\/galactic-water-stop\"]}]},{\"@type\":\"ImageObject\",\"inLanguage\":\"fr-FR\",\"@id\":\"https:\/\/www.raytech.it\/fr\/produit\/basse-tension\/speciaux-fr\/kit-pour-installations-electriques\/galactic-water-stop#primaryimage\",\"url\":\"https:\/\/www.raytech.it\/wp-content\/uploads\/galactic-water-stop-1.jpg\",\"contentUrl\":\"https:\/\/www.raytech.it\/wp-content\/uploads\/galactic-water-stop-1.jpg\",\"width\":1024,\"height\":1024},{\"@type\":\"BreadcrumbList\",\"@id\":\"https:\/\/www.raytech.it\/fr\/produit\/basse-tension\/speciaux-fr\/kit-pour-installations-electriques\/galactic-water-stop#breadcrumb\",\"itemListElement\":[{\"@type\":\"ListItem\",\"position\":1,\"name\":\"Home\",\"item\":\"https:\/\/www.raytech.it\/fr\"},{\"@type\":\"ListItem\",\"position\":2,\"name\":\"Boutique\",\"item\":\"https:\/\/www.raytech.it\/fr\/boutique\"},{\"@type\":\"ListItem\",\"position\":3,\"name\":\"Galactic Water Stop\"}]},{\"@type\":\"WebSite\",\"@id\":\"https:\/\/www.raytech.it\/#website\",\"url\":\"https:\/\/www.raytech.it\/\",\"name\":\"Raytech\",\"description\":\"Cable accessories company\",\"publisher\":{\"@id\":\"https:\/\/www.raytech.it\/#organization\"},\"potentialAction\":[{\"@type\":\"SearchAction\",\"target\":{\"@type\":\"EntryPoint\",\"urlTemplate\":\"https:\/\/www.raytech.it\/?s={search_term_string}\"},\"query-input\":{\"@type\":\"PropertyValueSpecification\",\"valueRequired\":true,\"valueName\":\"search_term_string\"}}],\"inLanguage\":\"fr-FR\"},{\"@type\":\"Organization\",\"@id\":\"https:\/\/www.raytech.it\/#organization\",\"name\":\"Raytech\",\"url\":\"https:\/\/www.raytech.it\/\",\"logo\":{\"@type\":\"ImageObject\",\"inLanguage\":\"fr-FR\",\"@id\":\"https:\/\/www.raytech.it\/#\/schema\/logo\/image\/\",\"url\":\"https:\/\/www.raytech.it\/wp-content\/uploads\/logo-raytech-2019-retina-3.png\",\"contentUrl\":\"https:\/\/www.raytech.it\/wp-content\/uploads\/logo-raytech-2019-retina-3.png\",\"width\":340,\"height\":90,\"caption\":\"Raytech\"},\"image\":{\"@id\":\"https:\/\/www.raytech.it\/#\/schema\/logo\/image\/\"},\"sameAs\":[\"https:\/\/www.facebook.com\/RaytechItaly\",\"https:\/\/www.instagram.com\/raytech_italy\/\",\"https:\/\/www.youtube.com\/user\/raytechitaly\",\"https:\/\/twitter.com\/Raytech_Italy\"]}]}<\/script>\n<!-- \/ Yoast SEO plugin. -->","yoast_head_json":{"title":"Galactic Water Stop | Raytech","robots":{"index":"index","follow":"follow","max-snippet":"max-snippet:-1","max-image-preview":"max-image-preview:large","max-video-preview":"max-video-preview:-1"},"canonical":"https:\/\/www.raytech.it\/fr\/produit\/basse-tension\/speciaux-fr\/kit-pour-installations-electriques\/galactic-water-stop","og_locale":"fr_FR","og_type":"article","og_title":"Galactic Water Stop | Raytech","og_description":"Gel mono-composant pr\u00eat \u00e0 l\u2019emploi Le gel mono-composant Galactic Water Stop est un produit mou, extr\u00eamement collant,\u00a0fourni dans des emballages pratiques, d\u00e9j\u00e0 pr\u00eat \u00e0 l\u2019emploi: il suffit de le d\u00e9chirer [\u2026]","og_url":"https:\/\/www.raytech.it\/fr\/produit\/basse-tension\/speciaux-fr\/kit-pour-installations-electriques\/galactic-water-stop","og_site_name":"Raytech","article_publisher":"https:\/\/www.facebook.com\/RaytechItaly","article_modified_time":"2025-02-20T04:11:18+00:00","og_image":[{"width":1024,"height":1024,"url":"https:\/\/www.raytech.it\/wp-content\/uploads\/galactic-water-stop-1.jpg","type":"image\/jpeg"}],"twitter_card":"summary_large_image","twitter_misc":{"Dur\u00e9e de lecture estim\u00e9e":"1 minute"},"schema":{"@context":"https:\/\/schema.org","@graph":[{"@type":"WebPage","@id":"https:\/\/www.raytech.it\/fr\/produit\/basse-tension\/speciaux-fr\/kit-pour-installations-electriques\/galactic-water-stop","url":"https:\/\/www.raytech.it\/fr\/produit\/basse-tension\/speciaux-fr\/kit-pour-installations-electriques\/galactic-water-stop","name":"Galactic Water Stop | Raytech","isPartOf":{"@id":"https:\/\/www.raytech.it\/#website"},"primaryImageOfPage":{"@id":"https:\/\/www.raytech.it\/fr\/produit\/basse-tension\/speciaux-fr\/kit-pour-installations-electriques\/galactic-water-stop#primaryimage"},"image":{"@id":"https:\/\/www.raytech.it\/fr\/produit\/basse-tension\/speciaux-fr\/kit-pour-installations-electriques\/galactic-water-stop#primaryimage"},"thumbnailUrl":"https:\/\/www.raytech.it\/wp-content\/uploads\/galactic-water-stop-1.jpg","datePublished":"2016-01-04T13:24:50+00:00","dateModified":"2025-02-20T04:11:18+00:00","breadcrumb":{"@id":"https:\/\/www.raytech.it\/fr\/produit\/basse-tension\/speciaux-fr\/kit-pour-installations-electriques\/galactic-water-stop#breadcrumb"},"inLanguage":"fr-FR","potentialAction":[{"@type":"ReadAction","target":["https:\/\/www.raytech.it\/fr\/produit\/basse-tension\/speciaux-fr\/kit-pour-installations-electriques\/galactic-water-stop"]}]},{"@type":"ImageObject","inLanguage":"fr-FR","@id":"https:\/\/www.raytech.it\/fr\/produit\/basse-tension\/speciaux-fr\/kit-pour-installations-electriques\/galactic-water-stop#primaryimage","url":"https:\/\/www.raytech.it\/wp-content\/uploads\/galactic-water-stop-1.jpg","contentUrl":"https:\/\/www.raytech.it\/wp-content\/uploads\/galactic-water-stop-1.jpg","width":1024,"height":1024},{"@type":"BreadcrumbList","@id":"https:\/\/www.raytech.it\/fr\/produit\/basse-tension\/speciaux-fr\/kit-pour-installations-electriques\/galactic-water-stop#breadcrumb","itemListElement":[{"@type":"ListItem","position":1,"name":"Home","item":"https:\/\/www.raytech.it\/fr"},{"@type":"ListItem","position":2,"name":"Boutique","item":"https:\/\/www.raytech.it\/fr\/boutique"},{"@type":"ListItem","position":3,"name":"Galactic Water Stop"}]},{"@type":"WebSite","@id":"https:\/\/www.raytech.it\/#website","url":"https:\/\/www.raytech.it\/","name":"Raytech","description":"Cable accessories company","publisher":{"@id":"https:\/\/www.raytech.it\/#organization"},"potentialAction":[{"@type":"SearchAction","target":{"@type":"EntryPoint","urlTemplate":"https:\/\/www.raytech.it\/?s={search_term_string}"},"query-input":{"@type":"PropertyValueSpecification","valueRequired":true,"valueName":"search_term_string"}}],"inLanguage":"fr-FR"},{"@type":"Organization","@id":"https:\/\/www.raytech.it\/#organization","name":"Raytech","url":"https:\/\/www.raytech.it\/","logo":{"@type":"ImageObject","inLanguage":"fr-FR","@id":"https:\/\/www.raytech.it\/#\/schema\/logo\/image\/","url":"https:\/\/www.raytech.it\/wp-content\/uploads\/logo-raytech-2019-retina-3.png","contentUrl":"https:\/\/www.raytech.it\/wp-content\/uploads\/logo-raytech-2019-retina-3.png","width":340,"height":90,"caption":"Raytech"},"image":{"@id":"https:\/\/www.raytech.it\/#\/schema\/logo\/image\/"},"sameAs":["https:\/\/www.facebook.com\/RaytechItaly","https:\/\/www.instagram.com\/raytech_italy\/","https:\/\/www.youtube.com\/user\/raytechitaly","https:\/\/twitter.com\/Raytech_Italy"]}]}},"_links":{"self":[{"href":"https:\/\/www.raytech.it\/fr\/wp-json\/wp\/v2\/product\/7338","targetHints":{"allow":["GET"]}}],"collection":[{"href":"https:\/\/www.raytech.it\/fr\/wp-json\/wp\/v2\/product"}],"about":[{"href":"https:\/\/www.raytech.it\/fr\/wp-json\/wp\/v2\/types\/product"}],"wp:featuredmedia":[{"embeddable":true,"href":"https:\/\/www.raytech.it\/fr\/wp-json\/wp\/v2\/media\/4179"}],"wp:attachment":[{"href":"https:\/\/www.raytech.it\/fr\/wp-json\/wp\/v2\/media?parent=7338"}],"wp:term":[{"taxonomy":"product_brand","embeddable":true,"href":"https:\/\/www.raytech.it\/fr\/wp-json\/wp\/v2\/product_brand?post=7338"},{"taxonomy":"product_cat","embeddable":true,"href":"https:\/\/www.raytech.it\/fr\/wp-json\/wp\/v2\/product_cat?post=7338"},{"taxonomy":"product_tag","embeddable":true,"href":"https:\/\/www.raytech.it\/fr\/wp-json\/wp\/v2\/product_tag?post=7338"}],"curies":[{"name":"wp","href":"https:\/\/api.w.org\/{rel}","templated":true}]}}