{"id":7342,"date":"2015-07-16T13:20:43","date_gmt":"2016-01-04T13:23:52","guid":{"rendered":"https:\/\/www.raytech.it\/?post_type=product&#038;p=7342&#038;lang=fr"},"modified":"2025-02-20T05:10:49","modified_gmt":"2025-02-20T04:10:49","slug":"galactic-animal-barrier","status":"publish","type":"product","link":"https:\/\/www.raytech.it\/fr\/produit\/basse-tension\/speciaux-fr\/kit-pour-installations-electriques\/galactic-animal-barrier","title":{"rendered":"Galactic Animal Barrier"},"content":{"rendered":"<h4><span style=\"color: #009832;\">Caoutchouc en p\u00e2te bi-composant modelable pour\u00a0la pr\u00e9vention contre l\u2019intrusion d\u2019animaux<\/span><\/h4>\n<p>Galactic Animal Barrier est un compos\u00e9 en p\u00e2te bi-composant atoxique, sans p\u00e9remption de\u00a0stockage, extr\u00eamement souple et mall\u00e9able avant la r\u00e9ticulation qui, appliqu\u00e9 sur la base de\u00a0l\u2019entr\u00e9e \u00e0 prot\u00e9ger de l\u2019intrusion (canalisation, tuyaux et conduits porte-c\u00e2bles, etc.), r\u00e9ticule\u00a0rapidement pour constituer une barri\u00e8re efficace \u00e0 l\u2019entr\u00e9e des petits animaux (insectes,\u00a0limaces, serpents, etc., ex. dans les bo\u00eetiers de portails automatiques).<\/p>\n","protected":false},"excerpt":{"rendered":"<p>Caoutchouc en p\u00e2te bi-composant modelable pour\u00a0la pr\u00e9vention contre l\u2019intrusion d\u2019animaux Galactic Animal Barrier est un compos\u00e9 en p\u00e2te bi-composant atoxique, sans p\u00e9remption de\u00a0stockage, extr\u00eamement souple et mall\u00e9able avant la r\u00e9ticulation<span class=\"excerpt-hellip\"> [\u2026]<\/span><\/p>\n","protected":false},"featured_media":3984,"template":"","meta":[],"product_brand":[],"product_cat":[136,157,158],"product_tag":[],"class_list":{"0":"post-7342","1":"product","2":"type-product","3":"status-publish","4":"has-post-thumbnail","6":"product_cat-basse-tension","7":"product_cat-speciaux-fr","8":"product_cat-kit-pour-installations-electriques","10":"first","11":"instock","12":"taxable","13":"shipping-taxable","14":"purchasable","15":"product-type-variable"},"yoast_head":"<!-- This site is optimized with the Yoast SEO plugin v26.5 - https:\/\/yoast.com\/wordpress\/plugins\/seo\/ -->\n<title>Galactic Animal Barrier | Raytech<\/title>\n<meta name=\"robots\" content=\"index, follow, max-snippet:-1, max-image-preview:large, max-video-preview:-1\" \/>\n<link rel=\"canonical\" href=\"https:\/\/www.raytech.it\/fr\/produit\/basse-tension\/speciaux-fr\/kit-pour-installations-electriques\/galactic-animal-barrier\" \/>\n<meta property=\"og:locale\" content=\"fr_FR\" \/>\n<meta property=\"og:type\" content=\"article\" \/>\n<meta property=\"og:title\" content=\"Galactic Animal Barrier | Raytech\" \/>\n<meta property=\"og:description\" content=\"Caoutchouc en p\u00e2te bi-composant modelable pour\u00a0la pr\u00e9vention contre l\u2019intrusion d\u2019animaux Galactic Animal Barrier est un compos\u00e9 en p\u00e2te bi-composant atoxique, sans p\u00e9remption de\u00a0stockage, extr\u00eamement souple et mall\u00e9able avant la r\u00e9ticulation [\u2026]\" \/>\n<meta property=\"og:url\" content=\"https:\/\/www.raytech.it\/fr\/produit\/basse-tension\/speciaux-fr\/kit-pour-installations-electriques\/galactic-animal-barrier\" \/>\n<meta property=\"og:site_name\" content=\"Raytech\" \/>\n<meta property=\"article:publisher\" content=\"https:\/\/www.facebook.com\/RaytechItaly\" \/>\n<meta property=\"article:modified_time\" content=\"2025-02-20T04:10:49+00:00\" \/>\n<meta property=\"og:image\" content=\"https:\/\/www.raytech.it\/wp-content\/uploads\/galactic-animal-barrier-1.jpg\" \/>\n\t<meta property=\"og:image:width\" content=\"1024\" \/>\n\t<meta property=\"og:image:height\" content=\"1024\" \/>\n\t<meta property=\"og:image:type\" content=\"image\/jpeg\" \/>\n<meta name=\"twitter:card\" content=\"summary_large_image\" \/>\n<script type=\"application\/ld+json\" class=\"yoast-schema-graph\">{\"@context\":\"https:\/\/schema.org\",\"@graph\":[{\"@type\":\"WebPage\",\"@id\":\"https:\/\/www.raytech.it\/fr\/produit\/basse-tension\/speciaux-fr\/kit-pour-installations-electriques\/galactic-animal-barrier\",\"url\":\"https:\/\/www.raytech.it\/fr\/produit\/basse-tension\/speciaux-fr\/kit-pour-installations-electriques\/galactic-animal-barrier\",\"name\":\"Galactic Animal Barrier | Raytech\",\"isPartOf\":{\"@id\":\"https:\/\/www.raytech.it\/#website\"},\"primaryImageOfPage\":{\"@id\":\"https:\/\/www.raytech.it\/fr\/produit\/basse-tension\/speciaux-fr\/kit-pour-installations-electriques\/galactic-animal-barrier#primaryimage\"},\"image\":{\"@id\":\"https:\/\/www.raytech.it\/fr\/produit\/basse-tension\/speciaux-fr\/kit-pour-installations-electriques\/galactic-animal-barrier#primaryimage\"},\"thumbnailUrl\":\"https:\/\/www.raytech.it\/wp-content\/uploads\/galactic-animal-barrier-1.jpg\",\"datePublished\":\"2016-01-04T13:23:52+00:00\",\"dateModified\":\"2025-02-20T04:10:49+00:00\",\"breadcrumb\":{\"@id\":\"https:\/\/www.raytech.it\/fr\/produit\/basse-tension\/speciaux-fr\/kit-pour-installations-electriques\/galactic-animal-barrier#breadcrumb\"},\"inLanguage\":\"fr-FR\",\"potentialAction\":[{\"@type\":\"ReadAction\",\"target\":[\"https:\/\/www.raytech.it\/fr\/produit\/basse-tension\/speciaux-fr\/kit-pour-installations-electriques\/galactic-animal-barrier\"]}]},{\"@type\":\"ImageObject\",\"inLanguage\":\"fr-FR\",\"@id\":\"https:\/\/www.raytech.it\/fr\/produit\/basse-tension\/speciaux-fr\/kit-pour-installations-electriques\/galactic-animal-barrier#primaryimage\",\"url\":\"https:\/\/www.raytech.it\/wp-content\/uploads\/galactic-animal-barrier-1.jpg\",\"contentUrl\":\"https:\/\/www.raytech.it\/wp-content\/uploads\/galactic-animal-barrier-1.jpg\",\"width\":1024,\"height\":1024},{\"@type\":\"BreadcrumbList\",\"@id\":\"https:\/\/www.raytech.it\/fr\/produit\/basse-tension\/speciaux-fr\/kit-pour-installations-electriques\/galactic-animal-barrier#breadcrumb\",\"itemListElement\":[{\"@type\":\"ListItem\",\"position\":1,\"name\":\"Home\",\"item\":\"https:\/\/www.raytech.it\/fr\"},{\"@type\":\"ListItem\",\"position\":2,\"name\":\"Boutique\",\"item\":\"https:\/\/www.raytech.it\/fr\/boutique\"},{\"@type\":\"ListItem\",\"position\":3,\"name\":\"Galactic Animal Barrier\"}]},{\"@type\":\"WebSite\",\"@id\":\"https:\/\/www.raytech.it\/#website\",\"url\":\"https:\/\/www.raytech.it\/\",\"name\":\"Raytech\",\"description\":\"Cable accessories company\",\"publisher\":{\"@id\":\"https:\/\/www.raytech.it\/#organization\"},\"potentialAction\":[{\"@type\":\"SearchAction\",\"target\":{\"@type\":\"EntryPoint\",\"urlTemplate\":\"https:\/\/www.raytech.it\/?s={search_term_string}\"},\"query-input\":{\"@type\":\"PropertyValueSpecification\",\"valueRequired\":true,\"valueName\":\"search_term_string\"}}],\"inLanguage\":\"fr-FR\"},{\"@type\":\"Organization\",\"@id\":\"https:\/\/www.raytech.it\/#organization\",\"name\":\"Raytech\",\"url\":\"https:\/\/www.raytech.it\/\",\"logo\":{\"@type\":\"ImageObject\",\"inLanguage\":\"fr-FR\",\"@id\":\"https:\/\/www.raytech.it\/#\/schema\/logo\/image\/\",\"url\":\"https:\/\/www.raytech.it\/wp-content\/uploads\/logo-raytech-2019-retina-3.png\",\"contentUrl\":\"https:\/\/www.raytech.it\/wp-content\/uploads\/logo-raytech-2019-retina-3.png\",\"width\":340,\"height\":90,\"caption\":\"Raytech\"},\"image\":{\"@id\":\"https:\/\/www.raytech.it\/#\/schema\/logo\/image\/\"},\"sameAs\":[\"https:\/\/www.facebook.com\/RaytechItaly\",\"https:\/\/www.instagram.com\/raytech_italy\/\",\"https:\/\/www.youtube.com\/user\/raytechitaly\",\"https:\/\/twitter.com\/Raytech_Italy\"]}]}<\/script>\n<!-- \/ Yoast SEO plugin. -->","yoast_head_json":{"title":"Galactic Animal Barrier | Raytech","robots":{"index":"index","follow":"follow","max-snippet":"max-snippet:-1","max-image-preview":"max-image-preview:large","max-video-preview":"max-video-preview:-1"},"canonical":"https:\/\/www.raytech.it\/fr\/produit\/basse-tension\/speciaux-fr\/kit-pour-installations-electriques\/galactic-animal-barrier","og_locale":"fr_FR","og_type":"article","og_title":"Galactic Animal Barrier | Raytech","og_description":"Caoutchouc en p\u00e2te bi-composant modelable pour\u00a0la pr\u00e9vention contre l\u2019intrusion d\u2019animaux Galactic Animal Barrier est un compos\u00e9 en p\u00e2te bi-composant atoxique, sans p\u00e9remption de\u00a0stockage, extr\u00eamement souple et mall\u00e9able avant la r\u00e9ticulation [\u2026]","og_url":"https:\/\/www.raytech.it\/fr\/produit\/basse-tension\/speciaux-fr\/kit-pour-installations-electriques\/galactic-animal-barrier","og_site_name":"Raytech","article_publisher":"https:\/\/www.facebook.com\/RaytechItaly","article_modified_time":"2025-02-20T04:10:49+00:00","og_image":[{"width":1024,"height":1024,"url":"https:\/\/www.raytech.it\/wp-content\/uploads\/galactic-animal-barrier-1.jpg","type":"image\/jpeg"}],"twitter_card":"summary_large_image","schema":{"@context":"https:\/\/schema.org","@graph":[{"@type":"WebPage","@id":"https:\/\/www.raytech.it\/fr\/produit\/basse-tension\/speciaux-fr\/kit-pour-installations-electriques\/galactic-animal-barrier","url":"https:\/\/www.raytech.it\/fr\/produit\/basse-tension\/speciaux-fr\/kit-pour-installations-electriques\/galactic-animal-barrier","name":"Galactic Animal Barrier | Raytech","isPartOf":{"@id":"https:\/\/www.raytech.it\/#website"},"primaryImageOfPage":{"@id":"https:\/\/www.raytech.it\/fr\/produit\/basse-tension\/speciaux-fr\/kit-pour-installations-electriques\/galactic-animal-barrier#primaryimage"},"image":{"@id":"https:\/\/www.raytech.it\/fr\/produit\/basse-tension\/speciaux-fr\/kit-pour-installations-electriques\/galactic-animal-barrier#primaryimage"},"thumbnailUrl":"https:\/\/www.raytech.it\/wp-content\/uploads\/galactic-animal-barrier-1.jpg","datePublished":"2016-01-04T13:23:52+00:00","dateModified":"2025-02-20T04:10:49+00:00","breadcrumb":{"@id":"https:\/\/www.raytech.it\/fr\/produit\/basse-tension\/speciaux-fr\/kit-pour-installations-electriques\/galactic-animal-barrier#breadcrumb"},"inLanguage":"fr-FR","potentialAction":[{"@type":"ReadAction","target":["https:\/\/www.raytech.it\/fr\/produit\/basse-tension\/speciaux-fr\/kit-pour-installations-electriques\/galactic-animal-barrier"]}]},{"@type":"ImageObject","inLanguage":"fr-FR","@id":"https:\/\/www.raytech.it\/fr\/produit\/basse-tension\/speciaux-fr\/kit-pour-installations-electriques\/galactic-animal-barrier#primaryimage","url":"https:\/\/www.raytech.it\/wp-content\/uploads\/galactic-animal-barrier-1.jpg","contentUrl":"https:\/\/www.raytech.it\/wp-content\/uploads\/galactic-animal-barrier-1.jpg","width":1024,"height":1024},{"@type":"BreadcrumbList","@id":"https:\/\/www.raytech.it\/fr\/produit\/basse-tension\/speciaux-fr\/kit-pour-installations-electriques\/galactic-animal-barrier#breadcrumb","itemListElement":[{"@type":"ListItem","position":1,"name":"Home","item":"https:\/\/www.raytech.it\/fr"},{"@type":"ListItem","position":2,"name":"Boutique","item":"https:\/\/www.raytech.it\/fr\/boutique"},{"@type":"ListItem","position":3,"name":"Galactic Animal Barrier"}]},{"@type":"WebSite","@id":"https:\/\/www.raytech.it\/#website","url":"https:\/\/www.raytech.it\/","name":"Raytech","description":"Cable accessories company","publisher":{"@id":"https:\/\/www.raytech.it\/#organization"},"potentialAction":[{"@type":"SearchAction","target":{"@type":"EntryPoint","urlTemplate":"https:\/\/www.raytech.it\/?s={search_term_string}"},"query-input":{"@type":"PropertyValueSpecification","valueRequired":true,"valueName":"search_term_string"}}],"inLanguage":"fr-FR"},{"@type":"Organization","@id":"https:\/\/www.raytech.it\/#organization","name":"Raytech","url":"https:\/\/www.raytech.it\/","logo":{"@type":"ImageObject","inLanguage":"fr-FR","@id":"https:\/\/www.raytech.it\/#\/schema\/logo\/image\/","url":"https:\/\/www.raytech.it\/wp-content\/uploads\/logo-raytech-2019-retina-3.png","contentUrl":"https:\/\/www.raytech.it\/wp-content\/uploads\/logo-raytech-2019-retina-3.png","width":340,"height":90,"caption":"Raytech"},"image":{"@id":"https:\/\/www.raytech.it\/#\/schema\/logo\/image\/"},"sameAs":["https:\/\/www.facebook.com\/RaytechItaly","https:\/\/www.instagram.com\/raytech_italy\/","https:\/\/www.youtube.com\/user\/raytechitaly","https:\/\/twitter.com\/Raytech_Italy"]}]}},"_links":{"self":[{"href":"https:\/\/www.raytech.it\/fr\/wp-json\/wp\/v2\/product\/7342","targetHints":{"allow":["GET"]}}],"collection":[{"href":"https:\/\/www.raytech.it\/fr\/wp-json\/wp\/v2\/product"}],"about":[{"href":"https:\/\/www.raytech.it\/fr\/wp-json\/wp\/v2\/types\/product"}],"wp:featuredmedia":[{"embeddable":true,"href":"https:\/\/www.raytech.it\/fr\/wp-json\/wp\/v2\/media\/3984"}],"wp:attachment":[{"href":"https:\/\/www.raytech.it\/fr\/wp-json\/wp\/v2\/media?parent=7342"}],"wp:term":[{"taxonomy":"product_brand","embeddable":true,"href":"https:\/\/www.raytech.it\/fr\/wp-json\/wp\/v2\/product_brand?post=7342"},{"taxonomy":"product_cat","embeddable":true,"href":"https:\/\/www.raytech.it\/fr\/wp-json\/wp\/v2\/product_cat?post=7342"},{"taxonomy":"product_tag","embeddable":true,"href":"https:\/\/www.raytech.it\/fr\/wp-json\/wp\/v2\/product_tag?post=7342"}],"curies":[{"name":"wp","href":"https:\/\/api.w.org\/{rel}","templated":true}]}}