{"id":7355,"date":"2015-07-16T13:45:06","date_gmt":"2016-01-04T13:57:57","guid":{"rendered":"https:\/\/www.raytech.it\/?post_type=product&#038;p=7355&#038;lang=fr"},"modified":"2025-02-19T08:13:16","modified_gmt":"2025-02-19T07:13:16","slug":"nettoyage-des-panneaux-solare","status":"publish","type":"product","link":"https:\/\/www.raytech.it\/fr\/produit\/energies-renouvelables\/nettoyeur-de-panneaux\/nettoyage-des-panneaux-solare","title":{"rendered":"Nettoyage des panneaux solare"},"content":{"rendered":"<h4><span style=\"color: #009832;\">Shiny Solar<br \/>\nSolution pour l\u2019entretien des panneaux solaires\u00a0et photovolta\u00efques<\/span><\/h4>\n<p>Shiny Solar est un produit pour la maintenance des modules solaires et photovoltai\u0308ques, pour enlever facilement la graisse, les de\u0301po\u0302ts de calcaire et de cristaux, de poussie\u0300re, de fume\u0301e, de de\u0301jections, etc. Un panneau photovoltai\u0308que sale peut re\u0301duire la puissance ge\u0301ne\u0301re\u0301e jusqu\u2019a\u0300 15% pour les zones particulie\u0300rement pollue\u0301es, et jusqu\u2019a\u0300 25% pour les zones hautement pollue\u0301es; l\u2019utilisation re\u0301gulie\u0300re de Shiny Solar permet de maintenir la parfaite efficacite\u0301 de l\u2019installation. Extre\u0302mement efficace et tre\u0300s facile d\u2019application, il est sans pe\u0301remption. Il est conseille\u0301, pour la maintenance de l\u2019efficacite\u0301 du syste\u0300me, de proce\u0301der a\u0300 2-3 applications\/an pour les zones moyennement pollue\u0301es; le de\u0301graissant et antistatique de protection contenu dans le produit permet d\u2019obtenir des re\u0301sultats optimaux me\u0302me rince\u0301s avec de l\u2019eau dure (me\u0302me de\u0301passant 30\u00b0f). Rapide a\u0300 appliquer: le traitement d\u2019un syste\u0300me de 6 kW (e\u0301quivalent a\u0300 environ 50 m<sup>2<\/sup>) demande 20 minutes, gra\u0302ce au fait qu\u2019il de\u0301graisse, nettoie et applique une protection antistatique en une seule ope\u0301ration. Shiny Solar respecte les composants, le panneau, l\u2019encadrement en aluminium, les joints, le verre de protection. Un seul flacon de Shiny Solar permet le traitement d\u2019une puissance de 10 a\u0300 15 kW installe\u0301e dans des panneaux photovoltai\u0308ques, e\u0301quivalent a\u0300 environ a\u0300 80-120 m<sup>2<\/sup> de surface; les puissances et les surfaces traitables, avec les diffe\u0301rentes confections, sont indique\u0301es sur le tableau des donne\u0301es de l\u2019emballage.<\/p>\n<ul>\n<li><span style=\"color: #009832;\">Pour retirer facilement la graisse, les d\u00e9p\u00f4ts de calcaire\u00a0et de cristaux, de poussi\u00e8re de fum\u00e9e, de d\u00e9jections, etc.<\/span><\/li>\n<li><span style=\"color: #009832;\">Contient la protection antistatique<\/span><\/li>\n<\/ul>\n","protected":false},"excerpt":{"rendered":"<p>Shiny Solar Solution pour l\u2019entretien des panneaux solaires\u00a0et photovolta\u00efques Shiny Solar est un produit pour la maintenance des modules solaires et photovoltai\u0308ques, pour enlever facilement la graisse, les de\u0301po\u0302ts de<span class=\"excerpt-hellip\"> [\u2026]<\/span><\/p>\n","protected":false},"featured_media":11718,"template":"","meta":[],"product_brand":[],"product_cat":[1539,1540],"product_tag":[],"class_list":{"0":"post-7355","1":"product","2":"type-product","3":"status-publish","4":"has-post-thumbnail","6":"product_cat-energies-renouvelables","7":"product_cat-nettoyeur-de-panneaux","9":"first","10":"instock","11":"taxable","12":"shipping-taxable","13":"purchasable","14":"product-type-variable"},"yoast_head":"<!-- This site is optimized with the Yoast SEO plugin v26.5 - https:\/\/yoast.com\/wordpress\/plugins\/seo\/ -->\n<title>Nettoyage des panneaux solare | Raytech<\/title>\n<meta name=\"robots\" content=\"index, follow, max-snippet:-1, max-image-preview:large, max-video-preview:-1\" \/>\n<link rel=\"canonical\" href=\"https:\/\/www.raytech.it\/fr\/produit\/energies-renouvelables\/nettoyeur-de-panneaux\/nettoyage-des-panneaux-solare\" \/>\n<meta property=\"og:locale\" content=\"fr_FR\" \/>\n<meta property=\"og:type\" content=\"article\" \/>\n<meta property=\"og:title\" content=\"Nettoyage des panneaux solare | Raytech\" \/>\n<meta property=\"og:description\" content=\"Shiny Solar Solution pour l\u2019entretien des panneaux solaires\u00a0et photovolta\u00efques Shiny Solar est un produit pour la maintenance des modules solaires et photovoltai\u0308ques, pour enlever facilement la graisse, les de\u0301po\u0302ts de [\u2026]\" \/>\n<meta property=\"og:url\" content=\"https:\/\/www.raytech.it\/fr\/produit\/energies-renouvelables\/nettoyeur-de-panneaux\/nettoyage-des-panneaux-solare\" \/>\n<meta property=\"og:site_name\" content=\"Raytech\" \/>\n<meta property=\"article:publisher\" content=\"https:\/\/www.facebook.com\/RaytechItaly\" \/>\n<meta property=\"article:modified_time\" content=\"2025-02-19T07:13:16+00:00\" \/>\n<meta property=\"og:image\" content=\"https:\/\/www.raytech.it\/wp-content\/uploads\/shiny-solar-1.jpg\" \/>\n\t<meta property=\"og:image:width\" content=\"1024\" \/>\n\t<meta property=\"og:image:height\" content=\"1024\" \/>\n\t<meta property=\"og:image:type\" content=\"image\/jpeg\" \/>\n<meta name=\"twitter:card\" content=\"summary_large_image\" \/>\n<meta name=\"twitter:label1\" content=\"Dur\u00e9e de lecture estim\u00e9e\" \/>\n\t<meta name=\"twitter:data1\" content=\"2 minutes\" \/>\n<script type=\"application\/ld+json\" class=\"yoast-schema-graph\">{\"@context\":\"https:\/\/schema.org\",\"@graph\":[{\"@type\":\"WebPage\",\"@id\":\"https:\/\/www.raytech.it\/fr\/produit\/energies-renouvelables\/nettoyeur-de-panneaux\/nettoyage-des-panneaux-solare\",\"url\":\"https:\/\/www.raytech.it\/fr\/produit\/energies-renouvelables\/nettoyeur-de-panneaux\/nettoyage-des-panneaux-solare\",\"name\":\"Nettoyage des panneaux solare | Raytech\",\"isPartOf\":{\"@id\":\"https:\/\/www.raytech.it\/#website\"},\"primaryImageOfPage\":{\"@id\":\"https:\/\/www.raytech.it\/fr\/produit\/energies-renouvelables\/nettoyeur-de-panneaux\/nettoyage-des-panneaux-solare#primaryimage\"},\"image\":{\"@id\":\"https:\/\/www.raytech.it\/fr\/produit\/energies-renouvelables\/nettoyeur-de-panneaux\/nettoyage-des-panneaux-solare#primaryimage\"},\"thumbnailUrl\":\"https:\/\/www.raytech.it\/wp-content\/uploads\/shiny-solar-1.jpg\",\"datePublished\":\"2016-01-04T13:57:57+00:00\",\"dateModified\":\"2025-02-19T07:13:16+00:00\",\"breadcrumb\":{\"@id\":\"https:\/\/www.raytech.it\/fr\/produit\/energies-renouvelables\/nettoyeur-de-panneaux\/nettoyage-des-panneaux-solare#breadcrumb\"},\"inLanguage\":\"fr-FR\",\"potentialAction\":[{\"@type\":\"ReadAction\",\"target\":[\"https:\/\/www.raytech.it\/fr\/produit\/energies-renouvelables\/nettoyeur-de-panneaux\/nettoyage-des-panneaux-solare\"]}]},{\"@type\":\"ImageObject\",\"inLanguage\":\"fr-FR\",\"@id\":\"https:\/\/www.raytech.it\/fr\/produit\/energies-renouvelables\/nettoyeur-de-panneaux\/nettoyage-des-panneaux-solare#primaryimage\",\"url\":\"https:\/\/www.raytech.it\/wp-content\/uploads\/shiny-solar-1.jpg\",\"contentUrl\":\"https:\/\/www.raytech.it\/wp-content\/uploads\/shiny-solar-1.jpg\",\"width\":1024,\"height\":1024},{\"@type\":\"BreadcrumbList\",\"@id\":\"https:\/\/www.raytech.it\/fr\/produit\/energies-renouvelables\/nettoyeur-de-panneaux\/nettoyage-des-panneaux-solare#breadcrumb\",\"itemListElement\":[{\"@type\":\"ListItem\",\"position\":1,\"name\":\"Home\",\"item\":\"https:\/\/www.raytech.it\/fr\"},{\"@type\":\"ListItem\",\"position\":2,\"name\":\"Boutique\",\"item\":\"https:\/\/www.raytech.it\/fr\/boutique\"},{\"@type\":\"ListItem\",\"position\":3,\"name\":\"Nettoyage des panneaux solare\"}]},{\"@type\":\"WebSite\",\"@id\":\"https:\/\/www.raytech.it\/#website\",\"url\":\"https:\/\/www.raytech.it\/\",\"name\":\"Raytech\",\"description\":\"Cable accessories company\",\"publisher\":{\"@id\":\"https:\/\/www.raytech.it\/#organization\"},\"potentialAction\":[{\"@type\":\"SearchAction\",\"target\":{\"@type\":\"EntryPoint\",\"urlTemplate\":\"https:\/\/www.raytech.it\/?s={search_term_string}\"},\"query-input\":{\"@type\":\"PropertyValueSpecification\",\"valueRequired\":true,\"valueName\":\"search_term_string\"}}],\"inLanguage\":\"fr-FR\"},{\"@type\":\"Organization\",\"@id\":\"https:\/\/www.raytech.it\/#organization\",\"name\":\"Raytech\",\"url\":\"https:\/\/www.raytech.it\/\",\"logo\":{\"@type\":\"ImageObject\",\"inLanguage\":\"fr-FR\",\"@id\":\"https:\/\/www.raytech.it\/#\/schema\/logo\/image\/\",\"url\":\"https:\/\/www.raytech.it\/wp-content\/uploads\/logo-raytech-2019-retina-3.png\",\"contentUrl\":\"https:\/\/www.raytech.it\/wp-content\/uploads\/logo-raytech-2019-retina-3.png\",\"width\":340,\"height\":90,\"caption\":\"Raytech\"},\"image\":{\"@id\":\"https:\/\/www.raytech.it\/#\/schema\/logo\/image\/\"},\"sameAs\":[\"https:\/\/www.facebook.com\/RaytechItaly\",\"https:\/\/www.instagram.com\/raytech_italy\/\",\"https:\/\/www.youtube.com\/user\/raytechitaly\",\"https:\/\/twitter.com\/Raytech_Italy\"]}]}<\/script>\n<!-- \/ Yoast SEO plugin. -->","yoast_head_json":{"title":"Nettoyage des panneaux solare | Raytech","robots":{"index":"index","follow":"follow","max-snippet":"max-snippet:-1","max-image-preview":"max-image-preview:large","max-video-preview":"max-video-preview:-1"},"canonical":"https:\/\/www.raytech.it\/fr\/produit\/energies-renouvelables\/nettoyeur-de-panneaux\/nettoyage-des-panneaux-solare","og_locale":"fr_FR","og_type":"article","og_title":"Nettoyage des panneaux solare | Raytech","og_description":"Shiny Solar Solution pour l\u2019entretien des panneaux solaires\u00a0et photovolta\u00efques Shiny Solar est un produit pour la maintenance des modules solaires et photovoltai\u0308ques, pour enlever facilement la graisse, les de\u0301po\u0302ts de [\u2026]","og_url":"https:\/\/www.raytech.it\/fr\/produit\/energies-renouvelables\/nettoyeur-de-panneaux\/nettoyage-des-panneaux-solare","og_site_name":"Raytech","article_publisher":"https:\/\/www.facebook.com\/RaytechItaly","article_modified_time":"2025-02-19T07:13:16+00:00","og_image":[{"width":1024,"height":1024,"url":"https:\/\/www.raytech.it\/wp-content\/uploads\/shiny-solar-1.jpg","type":"image\/jpeg"}],"twitter_card":"summary_large_image","twitter_misc":{"Dur\u00e9e de lecture estim\u00e9e":"2 minutes"},"schema":{"@context":"https:\/\/schema.org","@graph":[{"@type":"WebPage","@id":"https:\/\/www.raytech.it\/fr\/produit\/energies-renouvelables\/nettoyeur-de-panneaux\/nettoyage-des-panneaux-solare","url":"https:\/\/www.raytech.it\/fr\/produit\/energies-renouvelables\/nettoyeur-de-panneaux\/nettoyage-des-panneaux-solare","name":"Nettoyage des panneaux solare | Raytech","isPartOf":{"@id":"https:\/\/www.raytech.it\/#website"},"primaryImageOfPage":{"@id":"https:\/\/www.raytech.it\/fr\/produit\/energies-renouvelables\/nettoyeur-de-panneaux\/nettoyage-des-panneaux-solare#primaryimage"},"image":{"@id":"https:\/\/www.raytech.it\/fr\/produit\/energies-renouvelables\/nettoyeur-de-panneaux\/nettoyage-des-panneaux-solare#primaryimage"},"thumbnailUrl":"https:\/\/www.raytech.it\/wp-content\/uploads\/shiny-solar-1.jpg","datePublished":"2016-01-04T13:57:57+00:00","dateModified":"2025-02-19T07:13:16+00:00","breadcrumb":{"@id":"https:\/\/www.raytech.it\/fr\/produit\/energies-renouvelables\/nettoyeur-de-panneaux\/nettoyage-des-panneaux-solare#breadcrumb"},"inLanguage":"fr-FR","potentialAction":[{"@type":"ReadAction","target":["https:\/\/www.raytech.it\/fr\/produit\/energies-renouvelables\/nettoyeur-de-panneaux\/nettoyage-des-panneaux-solare"]}]},{"@type":"ImageObject","inLanguage":"fr-FR","@id":"https:\/\/www.raytech.it\/fr\/produit\/energies-renouvelables\/nettoyeur-de-panneaux\/nettoyage-des-panneaux-solare#primaryimage","url":"https:\/\/www.raytech.it\/wp-content\/uploads\/shiny-solar-1.jpg","contentUrl":"https:\/\/www.raytech.it\/wp-content\/uploads\/shiny-solar-1.jpg","width":1024,"height":1024},{"@type":"BreadcrumbList","@id":"https:\/\/www.raytech.it\/fr\/produit\/energies-renouvelables\/nettoyeur-de-panneaux\/nettoyage-des-panneaux-solare#breadcrumb","itemListElement":[{"@type":"ListItem","position":1,"name":"Home","item":"https:\/\/www.raytech.it\/fr"},{"@type":"ListItem","position":2,"name":"Boutique","item":"https:\/\/www.raytech.it\/fr\/boutique"},{"@type":"ListItem","position":3,"name":"Nettoyage des panneaux solare"}]},{"@type":"WebSite","@id":"https:\/\/www.raytech.it\/#website","url":"https:\/\/www.raytech.it\/","name":"Raytech","description":"Cable accessories company","publisher":{"@id":"https:\/\/www.raytech.it\/#organization"},"potentialAction":[{"@type":"SearchAction","target":{"@type":"EntryPoint","urlTemplate":"https:\/\/www.raytech.it\/?s={search_term_string}"},"query-input":{"@type":"PropertyValueSpecification","valueRequired":true,"valueName":"search_term_string"}}],"inLanguage":"fr-FR"},{"@type":"Organization","@id":"https:\/\/www.raytech.it\/#organization","name":"Raytech","url":"https:\/\/www.raytech.it\/","logo":{"@type":"ImageObject","inLanguage":"fr-FR","@id":"https:\/\/www.raytech.it\/#\/schema\/logo\/image\/","url":"https:\/\/www.raytech.it\/wp-content\/uploads\/logo-raytech-2019-retina-3.png","contentUrl":"https:\/\/www.raytech.it\/wp-content\/uploads\/logo-raytech-2019-retina-3.png","width":340,"height":90,"caption":"Raytech"},"image":{"@id":"https:\/\/www.raytech.it\/#\/schema\/logo\/image\/"},"sameAs":["https:\/\/www.facebook.com\/RaytechItaly","https:\/\/www.instagram.com\/raytech_italy\/","https:\/\/www.youtube.com\/user\/raytechitaly","https:\/\/twitter.com\/Raytech_Italy"]}]}},"_links":{"self":[{"href":"https:\/\/www.raytech.it\/fr\/wp-json\/wp\/v2\/product\/7355","targetHints":{"allow":["GET"]}}],"collection":[{"href":"https:\/\/www.raytech.it\/fr\/wp-json\/wp\/v2\/product"}],"about":[{"href":"https:\/\/www.raytech.it\/fr\/wp-json\/wp\/v2\/types\/product"}],"wp:featuredmedia":[{"embeddable":true,"href":"https:\/\/www.raytech.it\/fr\/wp-json\/wp\/v2\/media\/11718"}],"wp:attachment":[{"href":"https:\/\/www.raytech.it\/fr\/wp-json\/wp\/v2\/media?parent=7355"}],"wp:term":[{"taxonomy":"product_brand","embeddable":true,"href":"https:\/\/www.raytech.it\/fr\/wp-json\/wp\/v2\/product_brand?post=7355"},{"taxonomy":"product_cat","embeddable":true,"href":"https:\/\/www.raytech.it\/fr\/wp-json\/wp\/v2\/product_cat?post=7355"},{"taxonomy":"product_tag","embeddable":true,"href":"https:\/\/www.raytech.it\/fr\/wp-json\/wp\/v2\/product_tag?post=7355"}],"curies":[{"name":"wp","href":"https:\/\/api.w.org\/{rel}","templated":true}]}}