{"id":7386,"date":"2015-09-15T11:16:11","date_gmt":"2016-01-04T15:28:09","guid":{"rendered":"https:\/\/www.raytech.it\/?post_type=product&#038;p=7386&#038;lang=fr"},"modified":"2025-02-19T20:38:38","modified_gmt":"2025-02-19T19:38:38","slug":"terminaisons-thermo-retractables-homologues-enel","status":"publish","type":"product","link":"https:\/\/www.raytech.it\/fr\/produit\/moyenne-tension\/terminaisons-et-jonctions-thermo-retractables-jusqua-36kv\/terminaisons\/terminaisons-thermo-retractables-homologues-enel","title":{"rendered":"Terminaisons Thermo-r\u00e9tractables homologu\u00e9s ENEL"},"content":{"rendered":"<h4><span style=\"color: #004f9f;\">Pour int\u00e9rieur et ext\u00e9rieur de type unipolaire<\/span><\/h4>\n<p>Les terminaisons thermo-r\u00e9tractables peuvent \u00eatre imm\u00e9diatement aliment\u00e9s en \u00e9nergie,\u00a0conditionnement rapide et fiables. Les rapports de r\u00e9tr\u00e9cissement \u00e9lev\u00e9s permettent d&rsquo;\u00e9largir\u00a0la gamme d&rsquo;application et de r\u00e9duire le nombre de kits \u00e0 stocker.\u00a0Le premier probl\u00e8me \u00e0 r\u00e9soudre dans les accessoires de moyenne tension est d&rsquo;\u00e9viter la concentration\u00a0de la tension sur la ligne de coupe de l&rsquo;\u00e9cran. L&rsquo;utilisation de polym\u00e8res charg\u00e9s avec des\u00a0oxydes m\u00e9talliques \u00e0 caract\u00e9ristique non-lin\u00e9aire a permis l&rsquo;excellente distribution du champ \u00e9lectrique\u00a0sans \u00e9paissir l&#8217;embout ; l&rsquo;\u00e9l\u00e9ment de contr\u00f4le du champ peut \u00eatre une gaine \u00e0 appliquer\u00a0directement sur la t\u00eate du c\u00e2ble, ou une couche extrud\u00e9e avec la gaine de couverture ext\u00e9rieure.<\/p>\n<ul>\n<li><span style=\"color: #004f9f;\">Extr\u00eamement simples<\/span><\/li>\n<li><span style=\"color: #004f9f;\">N&rsquo;exigent pas de main d&rsquo;oeuvre particuli\u00e8re<\/span><\/li>\n<li><span style=\"color: #004f9f;\">Peuvent \u00eatre install\u00e9s dans n&rsquo;importe quelle condition<\/span><\/li>\n<li><span style=\"color: #004f9f;\">Sans date de p\u00e9remption<\/span><\/li>\n<\/ul>\n<p><a class=\"btn btn-default linkpdf mt_bg\" style=\"margin-top: 10px;\" href=\"\/catalogo\/fr\/identificazione-terminali.pdf\" target=\"_blank\">Donn\u00e9es pour l&rsquo;identification de la terminaison appropri\u00e9e<\/a><\/p>\n","protected":false},"excerpt":{"rendered":"<p>Pour int\u00e9rieur et ext\u00e9rieur de type unipolaire Les terminaisons thermo-r\u00e9tractables peuvent \u00eatre imm\u00e9diatement aliment\u00e9s en \u00e9nergie,\u00a0conditionnement rapide et fiables. Les rapports de r\u00e9tr\u00e9cissement \u00e9lev\u00e9s permettent d&rsquo;\u00e9largir\u00a0la gamme d&rsquo;application et de<span class=\"excerpt-hellip\"> [\u2026]<\/span><\/p>\n","protected":false},"featured_media":2375,"template":"","meta":[],"product_brand":[],"product_cat":[174,175,431],"product_tag":[],"class_list":{"0":"post-7386","1":"product","2":"type-product","3":"status-publish","4":"has-post-thumbnail","6":"product_cat-moyenne-tension","7":"product_cat-terminaisons-et-jonctions-thermo-retractables-jusqua-36kv","8":"product_cat-terminaisons","10":"first","11":"instock","12":"taxable","13":"shipping-taxable","14":"product-type-simple"},"yoast_head":"<!-- This site is optimized with the Yoast SEO plugin v26.5 - https:\/\/yoast.com\/wordpress\/plugins\/seo\/ -->\n<title>Terminaisons Thermo-r\u00e9tractables homologu\u00e9s ENEL | Raytech<\/title>\n<meta name=\"robots\" content=\"index, follow, max-snippet:-1, max-image-preview:large, max-video-preview:-1\" \/>\n<link rel=\"canonical\" href=\"https:\/\/www.raytech.it\/fr\/produit\/moyenne-tension\/terminaisons-et-jonctions-thermo-retractables-jusqua-36kv\/terminaisons\/terminaisons-thermo-retractables-homologues-enel\" \/>\n<meta property=\"og:locale\" content=\"fr_FR\" \/>\n<meta property=\"og:type\" content=\"article\" \/>\n<meta property=\"og:title\" content=\"Terminaisons Thermo-r\u00e9tractables homologu\u00e9s ENEL | Raytech\" \/>\n<meta property=\"og:description\" content=\"Pour int\u00e9rieur et ext\u00e9rieur de type unipolaire Les terminaisons thermo-r\u00e9tractables peuvent \u00eatre imm\u00e9diatement aliment\u00e9s en \u00e9nergie,\u00a0conditionnement rapide et fiables. Les rapports de r\u00e9tr\u00e9cissement \u00e9lev\u00e9s permettent d&rsquo;\u00e9largir\u00a0la gamme d&rsquo;application et de [\u2026]\" \/>\n<meta property=\"og:url\" content=\"https:\/\/www.raytech.it\/fr\/produit\/moyenne-tension\/terminaisons-et-jonctions-thermo-retractables-jusqua-36kv\/terminaisons\/terminaisons-thermo-retractables-homologues-enel\" \/>\n<meta property=\"og:site_name\" content=\"Raytech\" \/>\n<meta property=\"article:publisher\" content=\"https:\/\/www.facebook.com\/RaytechItaly\" \/>\n<meta property=\"article:modified_time\" content=\"2025-02-19T19:38:38+00:00\" \/>\n<meta property=\"og:image\" content=\"https:\/\/www.raytech.it\/wp-content\/uploads\/terminali-omologati.jpg\" \/>\n\t<meta property=\"og:image:width\" content=\"1024\" \/>\n\t<meta property=\"og:image:height\" content=\"1024\" \/>\n\t<meta property=\"og:image:type\" content=\"image\/jpeg\" \/>\n<meta name=\"twitter:card\" content=\"summary_large_image\" \/>\n<meta name=\"twitter:label1\" content=\"Dur\u00e9e de lecture estim\u00e9e\" \/>\n\t<meta name=\"twitter:data1\" content=\"1 minute\" \/>\n<script type=\"application\/ld+json\" class=\"yoast-schema-graph\">{\"@context\":\"https:\/\/schema.org\",\"@graph\":[{\"@type\":\"WebPage\",\"@id\":\"https:\/\/www.raytech.it\/fr\/produit\/moyenne-tension\/terminaisons-et-jonctions-thermo-retractables-jusqua-36kv\/terminaisons\/terminaisons-thermo-retractables-homologues-enel\",\"url\":\"https:\/\/www.raytech.it\/fr\/produit\/moyenne-tension\/terminaisons-et-jonctions-thermo-retractables-jusqua-36kv\/terminaisons\/terminaisons-thermo-retractables-homologues-enel\",\"name\":\"Terminaisons Thermo-r\u00e9tractables homologu\u00e9s ENEL | Raytech\",\"isPartOf\":{\"@id\":\"https:\/\/www.raytech.it\/#website\"},\"primaryImageOfPage\":{\"@id\":\"https:\/\/www.raytech.it\/fr\/produit\/moyenne-tension\/terminaisons-et-jonctions-thermo-retractables-jusqua-36kv\/terminaisons\/terminaisons-thermo-retractables-homologues-enel#primaryimage\"},\"image\":{\"@id\":\"https:\/\/www.raytech.it\/fr\/produit\/moyenne-tension\/terminaisons-et-jonctions-thermo-retractables-jusqua-36kv\/terminaisons\/terminaisons-thermo-retractables-homologues-enel#primaryimage\"},\"thumbnailUrl\":\"https:\/\/www.raytech.it\/wp-content\/uploads\/terminali-omologati.jpg\",\"datePublished\":\"2016-01-04T15:28:09+00:00\",\"dateModified\":\"2025-02-19T19:38:38+00:00\",\"breadcrumb\":{\"@id\":\"https:\/\/www.raytech.it\/fr\/produit\/moyenne-tension\/terminaisons-et-jonctions-thermo-retractables-jusqua-36kv\/terminaisons\/terminaisons-thermo-retractables-homologues-enel#breadcrumb\"},\"inLanguage\":\"fr-FR\",\"potentialAction\":[{\"@type\":\"ReadAction\",\"target\":[\"https:\/\/www.raytech.it\/fr\/produit\/moyenne-tension\/terminaisons-et-jonctions-thermo-retractables-jusqua-36kv\/terminaisons\/terminaisons-thermo-retractables-homologues-enel\"]}]},{\"@type\":\"ImageObject\",\"inLanguage\":\"fr-FR\",\"@id\":\"https:\/\/www.raytech.it\/fr\/produit\/moyenne-tension\/terminaisons-et-jonctions-thermo-retractables-jusqua-36kv\/terminaisons\/terminaisons-thermo-retractables-homologues-enel#primaryimage\",\"url\":\"https:\/\/www.raytech.it\/wp-content\/uploads\/terminali-omologati.jpg\",\"contentUrl\":\"https:\/\/www.raytech.it\/wp-content\/uploads\/terminali-omologati.jpg\",\"width\":1024,\"height\":1024},{\"@type\":\"BreadcrumbList\",\"@id\":\"https:\/\/www.raytech.it\/fr\/produit\/moyenne-tension\/terminaisons-et-jonctions-thermo-retractables-jusqua-36kv\/terminaisons\/terminaisons-thermo-retractables-homologues-enel#breadcrumb\",\"itemListElement\":[{\"@type\":\"ListItem\",\"position\":1,\"name\":\"Home\",\"item\":\"https:\/\/www.raytech.it\/fr\"},{\"@type\":\"ListItem\",\"position\":2,\"name\":\"Boutique\",\"item\":\"https:\/\/www.raytech.it\/fr\/boutique\"},{\"@type\":\"ListItem\",\"position\":3,\"name\":\"Terminaisons Thermo-r\u00e9tractables homologu\u00e9s ENEL\"}]},{\"@type\":\"WebSite\",\"@id\":\"https:\/\/www.raytech.it\/#website\",\"url\":\"https:\/\/www.raytech.it\/\",\"name\":\"Raytech\",\"description\":\"Cable accessories company\",\"publisher\":{\"@id\":\"https:\/\/www.raytech.it\/#organization\"},\"potentialAction\":[{\"@type\":\"SearchAction\",\"target\":{\"@type\":\"EntryPoint\",\"urlTemplate\":\"https:\/\/www.raytech.it\/?s={search_term_string}\"},\"query-input\":{\"@type\":\"PropertyValueSpecification\",\"valueRequired\":true,\"valueName\":\"search_term_string\"}}],\"inLanguage\":\"fr-FR\"},{\"@type\":\"Organization\",\"@id\":\"https:\/\/www.raytech.it\/#organization\",\"name\":\"Raytech\",\"url\":\"https:\/\/www.raytech.it\/\",\"logo\":{\"@type\":\"ImageObject\",\"inLanguage\":\"fr-FR\",\"@id\":\"https:\/\/www.raytech.it\/#\/schema\/logo\/image\/\",\"url\":\"https:\/\/www.raytech.it\/wp-content\/uploads\/logo-raytech-2019-retina-3.png\",\"contentUrl\":\"https:\/\/www.raytech.it\/wp-content\/uploads\/logo-raytech-2019-retina-3.png\",\"width\":340,\"height\":90,\"caption\":\"Raytech\"},\"image\":{\"@id\":\"https:\/\/www.raytech.it\/#\/schema\/logo\/image\/\"},\"sameAs\":[\"https:\/\/www.facebook.com\/RaytechItaly\",\"https:\/\/www.instagram.com\/raytech_italy\/\",\"https:\/\/www.youtube.com\/user\/raytechitaly\",\"https:\/\/twitter.com\/Raytech_Italy\"]}]}<\/script>\n<!-- \/ Yoast SEO plugin. -->","yoast_head_json":{"title":"Terminaisons Thermo-r\u00e9tractables homologu\u00e9s ENEL | Raytech","robots":{"index":"index","follow":"follow","max-snippet":"max-snippet:-1","max-image-preview":"max-image-preview:large","max-video-preview":"max-video-preview:-1"},"canonical":"https:\/\/www.raytech.it\/fr\/produit\/moyenne-tension\/terminaisons-et-jonctions-thermo-retractables-jusqua-36kv\/terminaisons\/terminaisons-thermo-retractables-homologues-enel","og_locale":"fr_FR","og_type":"article","og_title":"Terminaisons Thermo-r\u00e9tractables homologu\u00e9s ENEL | Raytech","og_description":"Pour int\u00e9rieur et ext\u00e9rieur de type unipolaire Les terminaisons thermo-r\u00e9tractables peuvent \u00eatre imm\u00e9diatement aliment\u00e9s en \u00e9nergie,\u00a0conditionnement rapide et fiables. Les rapports de r\u00e9tr\u00e9cissement \u00e9lev\u00e9s permettent d&rsquo;\u00e9largir\u00a0la gamme d&rsquo;application et de [\u2026]","og_url":"https:\/\/www.raytech.it\/fr\/produit\/moyenne-tension\/terminaisons-et-jonctions-thermo-retractables-jusqua-36kv\/terminaisons\/terminaisons-thermo-retractables-homologues-enel","og_site_name":"Raytech","article_publisher":"https:\/\/www.facebook.com\/RaytechItaly","article_modified_time":"2025-02-19T19:38:38+00:00","og_image":[{"width":1024,"height":1024,"url":"https:\/\/www.raytech.it\/wp-content\/uploads\/terminali-omologati.jpg","type":"image\/jpeg"}],"twitter_card":"summary_large_image","twitter_misc":{"Dur\u00e9e de lecture estim\u00e9e":"1 minute"},"schema":{"@context":"https:\/\/schema.org","@graph":[{"@type":"WebPage","@id":"https:\/\/www.raytech.it\/fr\/produit\/moyenne-tension\/terminaisons-et-jonctions-thermo-retractables-jusqua-36kv\/terminaisons\/terminaisons-thermo-retractables-homologues-enel","url":"https:\/\/www.raytech.it\/fr\/produit\/moyenne-tension\/terminaisons-et-jonctions-thermo-retractables-jusqua-36kv\/terminaisons\/terminaisons-thermo-retractables-homologues-enel","name":"Terminaisons Thermo-r\u00e9tractables homologu\u00e9s ENEL | Raytech","isPartOf":{"@id":"https:\/\/www.raytech.it\/#website"},"primaryImageOfPage":{"@id":"https:\/\/www.raytech.it\/fr\/produit\/moyenne-tension\/terminaisons-et-jonctions-thermo-retractables-jusqua-36kv\/terminaisons\/terminaisons-thermo-retractables-homologues-enel#primaryimage"},"image":{"@id":"https:\/\/www.raytech.it\/fr\/produit\/moyenne-tension\/terminaisons-et-jonctions-thermo-retractables-jusqua-36kv\/terminaisons\/terminaisons-thermo-retractables-homologues-enel#primaryimage"},"thumbnailUrl":"https:\/\/www.raytech.it\/wp-content\/uploads\/terminali-omologati.jpg","datePublished":"2016-01-04T15:28:09+00:00","dateModified":"2025-02-19T19:38:38+00:00","breadcrumb":{"@id":"https:\/\/www.raytech.it\/fr\/produit\/moyenne-tension\/terminaisons-et-jonctions-thermo-retractables-jusqua-36kv\/terminaisons\/terminaisons-thermo-retractables-homologues-enel#breadcrumb"},"inLanguage":"fr-FR","potentialAction":[{"@type":"ReadAction","target":["https:\/\/www.raytech.it\/fr\/produit\/moyenne-tension\/terminaisons-et-jonctions-thermo-retractables-jusqua-36kv\/terminaisons\/terminaisons-thermo-retractables-homologues-enel"]}]},{"@type":"ImageObject","inLanguage":"fr-FR","@id":"https:\/\/www.raytech.it\/fr\/produit\/moyenne-tension\/terminaisons-et-jonctions-thermo-retractables-jusqua-36kv\/terminaisons\/terminaisons-thermo-retractables-homologues-enel#primaryimage","url":"https:\/\/www.raytech.it\/wp-content\/uploads\/terminali-omologati.jpg","contentUrl":"https:\/\/www.raytech.it\/wp-content\/uploads\/terminali-omologati.jpg","width":1024,"height":1024},{"@type":"BreadcrumbList","@id":"https:\/\/www.raytech.it\/fr\/produit\/moyenne-tension\/terminaisons-et-jonctions-thermo-retractables-jusqua-36kv\/terminaisons\/terminaisons-thermo-retractables-homologues-enel#breadcrumb","itemListElement":[{"@type":"ListItem","position":1,"name":"Home","item":"https:\/\/www.raytech.it\/fr"},{"@type":"ListItem","position":2,"name":"Boutique","item":"https:\/\/www.raytech.it\/fr\/boutique"},{"@type":"ListItem","position":3,"name":"Terminaisons Thermo-r\u00e9tractables homologu\u00e9s ENEL"}]},{"@type":"WebSite","@id":"https:\/\/www.raytech.it\/#website","url":"https:\/\/www.raytech.it\/","name":"Raytech","description":"Cable accessories company","publisher":{"@id":"https:\/\/www.raytech.it\/#organization"},"potentialAction":[{"@type":"SearchAction","target":{"@type":"EntryPoint","urlTemplate":"https:\/\/www.raytech.it\/?s={search_term_string}"},"query-input":{"@type":"PropertyValueSpecification","valueRequired":true,"valueName":"search_term_string"}}],"inLanguage":"fr-FR"},{"@type":"Organization","@id":"https:\/\/www.raytech.it\/#organization","name":"Raytech","url":"https:\/\/www.raytech.it\/","logo":{"@type":"ImageObject","inLanguage":"fr-FR","@id":"https:\/\/www.raytech.it\/#\/schema\/logo\/image\/","url":"https:\/\/www.raytech.it\/wp-content\/uploads\/logo-raytech-2019-retina-3.png","contentUrl":"https:\/\/www.raytech.it\/wp-content\/uploads\/logo-raytech-2019-retina-3.png","width":340,"height":90,"caption":"Raytech"},"image":{"@id":"https:\/\/www.raytech.it\/#\/schema\/logo\/image\/"},"sameAs":["https:\/\/www.facebook.com\/RaytechItaly","https:\/\/www.instagram.com\/raytech_italy\/","https:\/\/www.youtube.com\/user\/raytechitaly","https:\/\/twitter.com\/Raytech_Italy"]}]}},"_links":{"self":[{"href":"https:\/\/www.raytech.it\/fr\/wp-json\/wp\/v2\/product\/7386","targetHints":{"allow":["GET"]}}],"collection":[{"href":"https:\/\/www.raytech.it\/fr\/wp-json\/wp\/v2\/product"}],"about":[{"href":"https:\/\/www.raytech.it\/fr\/wp-json\/wp\/v2\/types\/product"}],"wp:featuredmedia":[{"embeddable":true,"href":"https:\/\/www.raytech.it\/fr\/wp-json\/wp\/v2\/media\/2375"}],"wp:attachment":[{"href":"https:\/\/www.raytech.it\/fr\/wp-json\/wp\/v2\/media?parent=7386"}],"wp:term":[{"taxonomy":"product_brand","embeddable":true,"href":"https:\/\/www.raytech.it\/fr\/wp-json\/wp\/v2\/product_brand?post=7386"},{"taxonomy":"product_cat","embeddable":true,"href":"https:\/\/www.raytech.it\/fr\/wp-json\/wp\/v2\/product_cat?post=7386"},{"taxonomy":"product_tag","embeddable":true,"href":"https:\/\/www.raytech.it\/fr\/wp-json\/wp\/v2\/product_tag?post=7386"}],"curies":[{"name":"wp","href":"https:\/\/api.w.org\/{rel}","templated":true}]}}