{"id":7391,"date":"2015-09-15T11:30:42","date_gmt":"2016-01-04T15:45:18","guid":{"rendered":"https:\/\/www.raytech.it\/?post_type=product&#038;p=7391&#038;lang=fr"},"modified":"2025-02-20T05:23:42","modified_gmt":"2025-02-20T04:23:42","slug":"jonctions-thermo-retractables-homologues-enel","status":"publish","type":"product","link":"https:\/\/www.raytech.it\/fr\/produit\/moyenne-tension\/terminaisons-et-jonctions-thermo-retractables-jusqua-36kv\/jonctions\/jonctions-thermo-retractables-homologues-enel","title":{"rendered":"Jonctions thermo-r\u00e9tractables homologu\u00e9s ENEL"},"content":{"rendered":"<p><strong>Distribution du champ \u00e9lectrique<\/strong><br \/>\nD\u00e8s la coupe de l&rsquo;\u00e9cran du c\u00e2ble, le champ \u00e9lectrique est contr\u00f4l\u00e9 par un mat\u00e9riel d\u00e9j\u00e0\u00a0exp\u00e9riment\u00e9 dans les terminaisons : le tube de contr\u00f4le du gradient \u00e9lectrique. Ce tube est\u00a0en mat\u00e9riau isolant \u00e0 imp\u00e9dance non-lin\u00e9aire, capable de contr\u00f4ler le champ \u00e9lectrique\u00a0aussi bien \u00e0 la fin de l&rsquo;\u00e9cran du c\u00e2ble que sur le connecteur m\u00e9tallique. De m\u00eame que\u00a0pour les terminaisons, gr\u00e2ce aux composants thermo-r\u00e9tractables, la gamme de Jonctions\u00a0comprend pratiquement la totalit\u00e9 des configurations des c\u00e2bles existants, tout comme les\u00a0Jonctions mixtes avec diff\u00e9rents types de c\u00e2ble. Les r\u00e9f\u00e9rences des kits qui apparaissent sur\u00a0les tableaux de s\u00e9lection appartiennent aux kits les plus utilis\u00e9s par les installateurs sur tout\u00a0le territoire national, pour des applications avec des c\u00e2bles jusqu&rsquo;\u00e0 36 kV. Pour les cas non\u00a0mentionn\u00e9s et quelque soit le type du c\u00e2ble, veuillez consulter Raytech.<\/p>\n<ul>\n<li><span style=\"color: #004f9f;\">Jonctions unipolaires pour c\u00e2bles \u00e0 isolant extrud\u00e9<\/span><\/li>\n<li><span style=\"color: #004f9f;\">Jonctions unipolaires pour c\u00e2ble a\u00e9rien porteur<\/span><\/li>\n<li><span style=\"color: #004f9f;\">Jonctions unipolaires pour c\u00e2bles isol\u00e9s avec papier\u00a0impr\u00e9gn\u00e9e<\/span><\/li>\n<li><span style=\"color: #004f9f;\">C\u00e2ble extrud\u00e9 pour pose souterraine avec \u00e9cran en tube\u00a0d&rsquo;aluminium<\/span><\/li>\n<\/ul>\n<p><a class=\"btn btn-default linkpdf mt_bg\" style=\"margin-top: 10px;\" href=\"\/catalogo\/fr\/identificazione-giunzioni.pdf\" target=\"_blank\">Donn\u00e9es pour l&rsquo;identification de la jonction appropri\u00e9e<\/a><\/p>\n","protected":false},"excerpt":{"rendered":"<p>Distribution du champ \u00e9lectrique D\u00e8s la coupe de l&rsquo;\u00e9cran du c\u00e2ble, le champ \u00e9lectrique est contr\u00f4l\u00e9 par un mat\u00e9riel d\u00e9j\u00e0\u00a0exp\u00e9riment\u00e9 dans les terminaisons : le tube de contr\u00f4le du gradient<span class=\"excerpt-hellip\"> [\u2026]<\/span><\/p>\n","protected":false},"featured_media":2410,"template":"","meta":[],"product_brand":[],"product_cat":[174,175,432],"product_tag":[],"class_list":{"0":"post-7391","1":"product","2":"type-product","3":"status-publish","4":"has-post-thumbnail","6":"product_cat-moyenne-tension","7":"product_cat-terminaisons-et-jonctions-thermo-retractables-jusqua-36kv","8":"product_cat-jonctions","10":"first","11":"instock","12":"taxable","13":"shipping-taxable","14":"product-type-simple"},"yoast_head":"<!-- This site is optimized with the Yoast SEO plugin v26.5 - https:\/\/yoast.com\/wordpress\/plugins\/seo\/ -->\n<title>Jonctions thermo-r\u00e9tractables homologu\u00e9s ENEL | Raytech<\/title>\n<meta name=\"robots\" content=\"index, follow, max-snippet:-1, max-image-preview:large, max-video-preview:-1\" \/>\n<link rel=\"canonical\" href=\"https:\/\/www.raytech.it\/fr\/produit\/moyenne-tension\/terminaisons-et-jonctions-thermo-retractables-jusqua-36kv\/jonctions\/jonctions-thermo-retractables-homologues-enel\" \/>\n<meta property=\"og:locale\" content=\"fr_FR\" \/>\n<meta property=\"og:type\" content=\"article\" \/>\n<meta property=\"og:title\" content=\"Jonctions thermo-r\u00e9tractables homologu\u00e9s ENEL | Raytech\" \/>\n<meta property=\"og:description\" content=\"Distribution du champ \u00e9lectrique D\u00e8s la coupe de l&rsquo;\u00e9cran du c\u00e2ble, le champ \u00e9lectrique est contr\u00f4l\u00e9 par un mat\u00e9riel d\u00e9j\u00e0\u00a0exp\u00e9riment\u00e9 dans les terminaisons : le tube de contr\u00f4le du gradient [\u2026]\" \/>\n<meta property=\"og:url\" content=\"https:\/\/www.raytech.it\/fr\/produit\/moyenne-tension\/terminaisons-et-jonctions-thermo-retractables-jusqua-36kv\/jonctions\/jonctions-thermo-retractables-homologues-enel\" \/>\n<meta property=\"og:site_name\" content=\"Raytech\" \/>\n<meta property=\"article:publisher\" content=\"https:\/\/www.facebook.com\/RaytechItaly\" \/>\n<meta property=\"article:modified_time\" content=\"2025-02-20T04:23:42+00:00\" \/>\n<meta property=\"og:image\" content=\"https:\/\/www.raytech.it\/wp-content\/uploads\/giunti-termorestringenti-omologati-enel.jpg\" \/>\n\t<meta property=\"og:image:width\" content=\"1024\" \/>\n\t<meta property=\"og:image:height\" content=\"1024\" \/>\n\t<meta property=\"og:image:type\" content=\"image\/jpeg\" \/>\n<meta name=\"twitter:card\" content=\"summary_large_image\" \/>\n<meta name=\"twitter:label1\" content=\"Dur\u00e9e de lecture estim\u00e9e\" \/>\n\t<meta name=\"twitter:data1\" content=\"1 minute\" \/>\n<script type=\"application\/ld+json\" class=\"yoast-schema-graph\">{\"@context\":\"https:\/\/schema.org\",\"@graph\":[{\"@type\":\"WebPage\",\"@id\":\"https:\/\/www.raytech.it\/fr\/produit\/moyenne-tension\/terminaisons-et-jonctions-thermo-retractables-jusqua-36kv\/jonctions\/jonctions-thermo-retractables-homologues-enel\",\"url\":\"https:\/\/www.raytech.it\/fr\/produit\/moyenne-tension\/terminaisons-et-jonctions-thermo-retractables-jusqua-36kv\/jonctions\/jonctions-thermo-retractables-homologues-enel\",\"name\":\"Jonctions thermo-r\u00e9tractables homologu\u00e9s ENEL | Raytech\",\"isPartOf\":{\"@id\":\"https:\/\/www.raytech.it\/#website\"},\"primaryImageOfPage\":{\"@id\":\"https:\/\/www.raytech.it\/fr\/produit\/moyenne-tension\/terminaisons-et-jonctions-thermo-retractables-jusqua-36kv\/jonctions\/jonctions-thermo-retractables-homologues-enel#primaryimage\"},\"image\":{\"@id\":\"https:\/\/www.raytech.it\/fr\/produit\/moyenne-tension\/terminaisons-et-jonctions-thermo-retractables-jusqua-36kv\/jonctions\/jonctions-thermo-retractables-homologues-enel#primaryimage\"},\"thumbnailUrl\":\"https:\/\/www.raytech.it\/wp-content\/uploads\/giunti-termorestringenti-omologati-enel.jpg\",\"datePublished\":\"2016-01-04T15:45:18+00:00\",\"dateModified\":\"2025-02-20T04:23:42+00:00\",\"breadcrumb\":{\"@id\":\"https:\/\/www.raytech.it\/fr\/produit\/moyenne-tension\/terminaisons-et-jonctions-thermo-retractables-jusqua-36kv\/jonctions\/jonctions-thermo-retractables-homologues-enel#breadcrumb\"},\"inLanguage\":\"fr-FR\",\"potentialAction\":[{\"@type\":\"ReadAction\",\"target\":[\"https:\/\/www.raytech.it\/fr\/produit\/moyenne-tension\/terminaisons-et-jonctions-thermo-retractables-jusqua-36kv\/jonctions\/jonctions-thermo-retractables-homologues-enel\"]}]},{\"@type\":\"ImageObject\",\"inLanguage\":\"fr-FR\",\"@id\":\"https:\/\/www.raytech.it\/fr\/produit\/moyenne-tension\/terminaisons-et-jonctions-thermo-retractables-jusqua-36kv\/jonctions\/jonctions-thermo-retractables-homologues-enel#primaryimage\",\"url\":\"https:\/\/www.raytech.it\/wp-content\/uploads\/giunti-termorestringenti-omologati-enel.jpg\",\"contentUrl\":\"https:\/\/www.raytech.it\/wp-content\/uploads\/giunti-termorestringenti-omologati-enel.jpg\",\"width\":1024,\"height\":1024},{\"@type\":\"BreadcrumbList\",\"@id\":\"https:\/\/www.raytech.it\/fr\/produit\/moyenne-tension\/terminaisons-et-jonctions-thermo-retractables-jusqua-36kv\/jonctions\/jonctions-thermo-retractables-homologues-enel#breadcrumb\",\"itemListElement\":[{\"@type\":\"ListItem\",\"position\":1,\"name\":\"Home\",\"item\":\"https:\/\/www.raytech.it\/fr\"},{\"@type\":\"ListItem\",\"position\":2,\"name\":\"Boutique\",\"item\":\"https:\/\/www.raytech.it\/fr\/boutique\"},{\"@type\":\"ListItem\",\"position\":3,\"name\":\"Jonctions thermo-r\u00e9tractables homologu\u00e9s ENEL\"}]},{\"@type\":\"WebSite\",\"@id\":\"https:\/\/www.raytech.it\/#website\",\"url\":\"https:\/\/www.raytech.it\/\",\"name\":\"Raytech\",\"description\":\"Cable accessories company\",\"publisher\":{\"@id\":\"https:\/\/www.raytech.it\/#organization\"},\"potentialAction\":[{\"@type\":\"SearchAction\",\"target\":{\"@type\":\"EntryPoint\",\"urlTemplate\":\"https:\/\/www.raytech.it\/?s={search_term_string}\"},\"query-input\":{\"@type\":\"PropertyValueSpecification\",\"valueRequired\":true,\"valueName\":\"search_term_string\"}}],\"inLanguage\":\"fr-FR\"},{\"@type\":\"Organization\",\"@id\":\"https:\/\/www.raytech.it\/#organization\",\"name\":\"Raytech\",\"url\":\"https:\/\/www.raytech.it\/\",\"logo\":{\"@type\":\"ImageObject\",\"inLanguage\":\"fr-FR\",\"@id\":\"https:\/\/www.raytech.it\/#\/schema\/logo\/image\/\",\"url\":\"https:\/\/www.raytech.it\/wp-content\/uploads\/logo-raytech-2019-retina-3.png\",\"contentUrl\":\"https:\/\/www.raytech.it\/wp-content\/uploads\/logo-raytech-2019-retina-3.png\",\"width\":340,\"height\":90,\"caption\":\"Raytech\"},\"image\":{\"@id\":\"https:\/\/www.raytech.it\/#\/schema\/logo\/image\/\"},\"sameAs\":[\"https:\/\/www.facebook.com\/RaytechItaly\",\"https:\/\/www.instagram.com\/raytech_italy\/\",\"https:\/\/www.youtube.com\/user\/raytechitaly\",\"https:\/\/twitter.com\/Raytech_Italy\"]}]}<\/script>\n<!-- \/ Yoast SEO plugin. -->","yoast_head_json":{"title":"Jonctions thermo-r\u00e9tractables homologu\u00e9s ENEL | Raytech","robots":{"index":"index","follow":"follow","max-snippet":"max-snippet:-1","max-image-preview":"max-image-preview:large","max-video-preview":"max-video-preview:-1"},"canonical":"https:\/\/www.raytech.it\/fr\/produit\/moyenne-tension\/terminaisons-et-jonctions-thermo-retractables-jusqua-36kv\/jonctions\/jonctions-thermo-retractables-homologues-enel","og_locale":"fr_FR","og_type":"article","og_title":"Jonctions thermo-r\u00e9tractables homologu\u00e9s ENEL | Raytech","og_description":"Distribution du champ \u00e9lectrique D\u00e8s la coupe de l&rsquo;\u00e9cran du c\u00e2ble, le champ \u00e9lectrique est contr\u00f4l\u00e9 par un mat\u00e9riel d\u00e9j\u00e0\u00a0exp\u00e9riment\u00e9 dans les terminaisons : le tube de contr\u00f4le du gradient [\u2026]","og_url":"https:\/\/www.raytech.it\/fr\/produit\/moyenne-tension\/terminaisons-et-jonctions-thermo-retractables-jusqua-36kv\/jonctions\/jonctions-thermo-retractables-homologues-enel","og_site_name":"Raytech","article_publisher":"https:\/\/www.facebook.com\/RaytechItaly","article_modified_time":"2025-02-20T04:23:42+00:00","og_image":[{"width":1024,"height":1024,"url":"https:\/\/www.raytech.it\/wp-content\/uploads\/giunti-termorestringenti-omologati-enel.jpg","type":"image\/jpeg"}],"twitter_card":"summary_large_image","twitter_misc":{"Dur\u00e9e de lecture estim\u00e9e":"1 minute"},"schema":{"@context":"https:\/\/schema.org","@graph":[{"@type":"WebPage","@id":"https:\/\/www.raytech.it\/fr\/produit\/moyenne-tension\/terminaisons-et-jonctions-thermo-retractables-jusqua-36kv\/jonctions\/jonctions-thermo-retractables-homologues-enel","url":"https:\/\/www.raytech.it\/fr\/produit\/moyenne-tension\/terminaisons-et-jonctions-thermo-retractables-jusqua-36kv\/jonctions\/jonctions-thermo-retractables-homologues-enel","name":"Jonctions thermo-r\u00e9tractables homologu\u00e9s ENEL | Raytech","isPartOf":{"@id":"https:\/\/www.raytech.it\/#website"},"primaryImageOfPage":{"@id":"https:\/\/www.raytech.it\/fr\/produit\/moyenne-tension\/terminaisons-et-jonctions-thermo-retractables-jusqua-36kv\/jonctions\/jonctions-thermo-retractables-homologues-enel#primaryimage"},"image":{"@id":"https:\/\/www.raytech.it\/fr\/produit\/moyenne-tension\/terminaisons-et-jonctions-thermo-retractables-jusqua-36kv\/jonctions\/jonctions-thermo-retractables-homologues-enel#primaryimage"},"thumbnailUrl":"https:\/\/www.raytech.it\/wp-content\/uploads\/giunti-termorestringenti-omologati-enel.jpg","datePublished":"2016-01-04T15:45:18+00:00","dateModified":"2025-02-20T04:23:42+00:00","breadcrumb":{"@id":"https:\/\/www.raytech.it\/fr\/produit\/moyenne-tension\/terminaisons-et-jonctions-thermo-retractables-jusqua-36kv\/jonctions\/jonctions-thermo-retractables-homologues-enel#breadcrumb"},"inLanguage":"fr-FR","potentialAction":[{"@type":"ReadAction","target":["https:\/\/www.raytech.it\/fr\/produit\/moyenne-tension\/terminaisons-et-jonctions-thermo-retractables-jusqua-36kv\/jonctions\/jonctions-thermo-retractables-homologues-enel"]}]},{"@type":"ImageObject","inLanguage":"fr-FR","@id":"https:\/\/www.raytech.it\/fr\/produit\/moyenne-tension\/terminaisons-et-jonctions-thermo-retractables-jusqua-36kv\/jonctions\/jonctions-thermo-retractables-homologues-enel#primaryimage","url":"https:\/\/www.raytech.it\/wp-content\/uploads\/giunti-termorestringenti-omologati-enel.jpg","contentUrl":"https:\/\/www.raytech.it\/wp-content\/uploads\/giunti-termorestringenti-omologati-enel.jpg","width":1024,"height":1024},{"@type":"BreadcrumbList","@id":"https:\/\/www.raytech.it\/fr\/produit\/moyenne-tension\/terminaisons-et-jonctions-thermo-retractables-jusqua-36kv\/jonctions\/jonctions-thermo-retractables-homologues-enel#breadcrumb","itemListElement":[{"@type":"ListItem","position":1,"name":"Home","item":"https:\/\/www.raytech.it\/fr"},{"@type":"ListItem","position":2,"name":"Boutique","item":"https:\/\/www.raytech.it\/fr\/boutique"},{"@type":"ListItem","position":3,"name":"Jonctions thermo-r\u00e9tractables homologu\u00e9s ENEL"}]},{"@type":"WebSite","@id":"https:\/\/www.raytech.it\/#website","url":"https:\/\/www.raytech.it\/","name":"Raytech","description":"Cable accessories company","publisher":{"@id":"https:\/\/www.raytech.it\/#organization"},"potentialAction":[{"@type":"SearchAction","target":{"@type":"EntryPoint","urlTemplate":"https:\/\/www.raytech.it\/?s={search_term_string}"},"query-input":{"@type":"PropertyValueSpecification","valueRequired":true,"valueName":"search_term_string"}}],"inLanguage":"fr-FR"},{"@type":"Organization","@id":"https:\/\/www.raytech.it\/#organization","name":"Raytech","url":"https:\/\/www.raytech.it\/","logo":{"@type":"ImageObject","inLanguage":"fr-FR","@id":"https:\/\/www.raytech.it\/#\/schema\/logo\/image\/","url":"https:\/\/www.raytech.it\/wp-content\/uploads\/logo-raytech-2019-retina-3.png","contentUrl":"https:\/\/www.raytech.it\/wp-content\/uploads\/logo-raytech-2019-retina-3.png","width":340,"height":90,"caption":"Raytech"},"image":{"@id":"https:\/\/www.raytech.it\/#\/schema\/logo\/image\/"},"sameAs":["https:\/\/www.facebook.com\/RaytechItaly","https:\/\/www.instagram.com\/raytech_italy\/","https:\/\/www.youtube.com\/user\/raytechitaly","https:\/\/twitter.com\/Raytech_Italy"]}]}},"_links":{"self":[{"href":"https:\/\/www.raytech.it\/fr\/wp-json\/wp\/v2\/product\/7391","targetHints":{"allow":["GET"]}}],"collection":[{"href":"https:\/\/www.raytech.it\/fr\/wp-json\/wp\/v2\/product"}],"about":[{"href":"https:\/\/www.raytech.it\/fr\/wp-json\/wp\/v2\/types\/product"}],"wp:featuredmedia":[{"embeddable":true,"href":"https:\/\/www.raytech.it\/fr\/wp-json\/wp\/v2\/media\/2410"}],"wp:attachment":[{"href":"https:\/\/www.raytech.it\/fr\/wp-json\/wp\/v2\/media?parent=7391"}],"wp:term":[{"taxonomy":"product_brand","embeddable":true,"href":"https:\/\/www.raytech.it\/fr\/wp-json\/wp\/v2\/product_brand?post=7391"},{"taxonomy":"product_cat","embeddable":true,"href":"https:\/\/www.raytech.it\/fr\/wp-json\/wp\/v2\/product_cat?post=7391"},{"taxonomy":"product_tag","embeddable":true,"href":"https:\/\/www.raytech.it\/fr\/wp-json\/wp\/v2\/product_tag?post=7391"}],"curies":[{"name":"wp","href":"https:\/\/api.w.org\/{rel}","templated":true}]}}