{"id":7392,"date":"2015-09-15T11:33:19","date_gmt":"2016-01-04T15:49:58","guid":{"rendered":"https:\/\/www.raytech.it\/?post_type=product&#038;p=7392&#038;lang=fr"},"modified":"2016-01-04T15:49:58","modified_gmt":"2016-01-04T15:49:58","slug":"terminaisons-thermo-retractables-pour-haute-tension-72-kv","status":"publish","type":"product","link":"https:\/\/www.raytech.it\/fr\/produit\/moyenne-tension\/thermo-retractables-72-kv\/terminaisons-fr\/terminaisons-thermo-retractables-pour-haute-tension-72-kv","title":{"rendered":"Terminaisons thermo-r\u00e9tractables pour haute tension 72 kV"},"content":{"rendered":"<p>Le kit contient un nombre limit\u00e9 de composants ayant une dur\u00e9e illimit\u00e9e dans des conditions\u00a0de stockage normales. Trois kits de base couvrent toutes les sections possibles des c\u00e2bles, avec\u00a0l&rsquo;avantage d&rsquo;avoir un stock r\u00e9duit et efficace. La l\u00e9g\u00e8ret\u00e9 et le volume limit\u00e9 des kits facilitent\u00a0leur manipulation et le transport. Aucune formation particuli\u00e8re suppl\u00e9mentaire n&rsquo;est n\u00e9cessaire.\u00a0L&rsquo;installation simple garantit des r\u00e9sultats fiables.\u00a0Les terminaisons sont conformes aux sp\u00e9cifications internationales (exemple IEEE 48, IEC 840,\u00a0SEN 241434, ESI 09-16, EdF HN-62\/5448\/2, KEMA S10, CEI 20.24) et toutes soumises aux essais\u00a0de qualification internes.<\/p>\n<p>3 classes de terminaisons AT sont actuellement disponibles :<br \/>\nUo\/U=23\/40 kV (U max 42 kV)<br \/>\nUo\/U=26\/45 kV (U max 52 kV)<br \/>\nUo\/U=36\/60 kV (U max 72 kV).<\/p>\n","protected":false},"excerpt":{"rendered":"<p>Le kit contient un nombre limit\u00e9 de composants ayant une dur\u00e9e illimit\u00e9e dans des conditions\u00a0de stockage normales. Trois kits de base couvrent toutes les sections possibles des c\u00e2bles, avec\u00a0l&rsquo;avantage d&rsquo;avoir<span class=\"excerpt-hellip\"> [\u2026]<\/span><\/p>\n","protected":false},"featured_media":4729,"template":"","meta":[],"product_brand":[],"product_cat":[174,176,430],"product_tag":[],"class_list":{"0":"post-7392","1":"product","2":"type-product","3":"status-publish","4":"has-post-thumbnail","6":"product_cat-moyenne-tension","7":"product_cat-thermo-retractables-72-kv","8":"product_cat-terminaisons-fr","10":"first","11":"instock","12":"taxable","13":"shipping-taxable","14":"product-type-simple"},"yoast_head":"<!-- This site is optimized with the Yoast SEO plugin v26.5 - https:\/\/yoast.com\/wordpress\/plugins\/seo\/ -->\n<title>Terminaisons thermo-r\u00e9tractables pour haute tension 72 kV | Raytech<\/title>\n<meta name=\"robots\" content=\"index, follow, max-snippet:-1, max-image-preview:large, max-video-preview:-1\" \/>\n<link rel=\"canonical\" href=\"https:\/\/www.raytech.it\/fr\/produit\/moyenne-tension\/thermo-retractables-72-kv\/terminaisons-fr\/terminaisons-thermo-retractables-pour-haute-tension-72-kv\" \/>\n<meta property=\"og:locale\" content=\"fr_FR\" \/>\n<meta property=\"og:type\" content=\"article\" \/>\n<meta property=\"og:title\" content=\"Terminaisons thermo-r\u00e9tractables pour haute tension 72 kV | Raytech\" \/>\n<meta property=\"og:description\" content=\"Le kit contient un nombre limit\u00e9 de composants ayant une dur\u00e9e illimit\u00e9e dans des conditions\u00a0de stockage normales. Trois kits de base couvrent toutes les sections possibles des c\u00e2bles, avec\u00a0l&rsquo;avantage d&rsquo;avoir [\u2026]\" \/>\n<meta property=\"og:url\" content=\"https:\/\/www.raytech.it\/fr\/produit\/moyenne-tension\/thermo-retractables-72-kv\/terminaisons-fr\/terminaisons-thermo-retractables-pour-haute-tension-72-kv\" \/>\n<meta property=\"og:site_name\" content=\"Raytech\" \/>\n<meta property=\"article:publisher\" content=\"https:\/\/www.facebook.com\/RaytechItaly\" \/>\n<meta property=\"og:image\" content=\"https:\/\/www.raytech.it\/wp-content\/uploads\/Terminali-termorestringenti-per-alta-tensione-72-kV-1.jpg\" \/>\n\t<meta property=\"og:image:width\" content=\"1024\" \/>\n\t<meta property=\"og:image:height\" content=\"1024\" \/>\n\t<meta property=\"og:image:type\" content=\"image\/jpeg\" \/>\n<meta name=\"twitter:card\" content=\"summary_large_image\" \/>\n<meta name=\"twitter:label1\" content=\"Dur\u00e9e de lecture estim\u00e9e\" \/>\n\t<meta name=\"twitter:data1\" content=\"1 minute\" \/>\n<script type=\"application\/ld+json\" class=\"yoast-schema-graph\">{\"@context\":\"https:\/\/schema.org\",\"@graph\":[{\"@type\":\"WebPage\",\"@id\":\"https:\/\/www.raytech.it\/fr\/produit\/moyenne-tension\/thermo-retractables-72-kv\/terminaisons-fr\/terminaisons-thermo-retractables-pour-haute-tension-72-kv\",\"url\":\"https:\/\/www.raytech.it\/fr\/produit\/moyenne-tension\/thermo-retractables-72-kv\/terminaisons-fr\/terminaisons-thermo-retractables-pour-haute-tension-72-kv\",\"name\":\"Terminaisons thermo-r\u00e9tractables pour haute tension 72 kV | Raytech\",\"isPartOf\":{\"@id\":\"https:\/\/www.raytech.it\/#website\"},\"primaryImageOfPage\":{\"@id\":\"https:\/\/www.raytech.it\/fr\/produit\/moyenne-tension\/thermo-retractables-72-kv\/terminaisons-fr\/terminaisons-thermo-retractables-pour-haute-tension-72-kv#primaryimage\"},\"image\":{\"@id\":\"https:\/\/www.raytech.it\/fr\/produit\/moyenne-tension\/thermo-retractables-72-kv\/terminaisons-fr\/terminaisons-thermo-retractables-pour-haute-tension-72-kv#primaryimage\"},\"thumbnailUrl\":\"https:\/\/www.raytech.it\/wp-content\/uploads\/Terminali-termorestringenti-per-alta-tensione-72-kV-1.jpg\",\"datePublished\":\"2016-01-04T15:49:58+00:00\",\"breadcrumb\":{\"@id\":\"https:\/\/www.raytech.it\/fr\/produit\/moyenne-tension\/thermo-retractables-72-kv\/terminaisons-fr\/terminaisons-thermo-retractables-pour-haute-tension-72-kv#breadcrumb\"},\"inLanguage\":\"fr-FR\",\"potentialAction\":[{\"@type\":\"ReadAction\",\"target\":[\"https:\/\/www.raytech.it\/fr\/produit\/moyenne-tension\/thermo-retractables-72-kv\/terminaisons-fr\/terminaisons-thermo-retractables-pour-haute-tension-72-kv\"]}]},{\"@type\":\"ImageObject\",\"inLanguage\":\"fr-FR\",\"@id\":\"https:\/\/www.raytech.it\/fr\/produit\/moyenne-tension\/thermo-retractables-72-kv\/terminaisons-fr\/terminaisons-thermo-retractables-pour-haute-tension-72-kv#primaryimage\",\"url\":\"https:\/\/www.raytech.it\/wp-content\/uploads\/Terminali-termorestringenti-per-alta-tensione-72-kV-1.jpg\",\"contentUrl\":\"https:\/\/www.raytech.it\/wp-content\/uploads\/Terminali-termorestringenti-per-alta-tensione-72-kV-1.jpg\",\"width\":1024,\"height\":1024},{\"@type\":\"BreadcrumbList\",\"@id\":\"https:\/\/www.raytech.it\/fr\/produit\/moyenne-tension\/thermo-retractables-72-kv\/terminaisons-fr\/terminaisons-thermo-retractables-pour-haute-tension-72-kv#breadcrumb\",\"itemListElement\":[{\"@type\":\"ListItem\",\"position\":1,\"name\":\"Home\",\"item\":\"https:\/\/www.raytech.it\/fr\"},{\"@type\":\"ListItem\",\"position\":2,\"name\":\"Boutique\",\"item\":\"https:\/\/www.raytech.it\/fr\/boutique\"},{\"@type\":\"ListItem\",\"position\":3,\"name\":\"Terminaisons thermo-r\u00e9tractables pour haute tension 72 kV\"}]},{\"@type\":\"WebSite\",\"@id\":\"https:\/\/www.raytech.it\/#website\",\"url\":\"https:\/\/www.raytech.it\/\",\"name\":\"Raytech\",\"description\":\"Cable accessories company\",\"publisher\":{\"@id\":\"https:\/\/www.raytech.it\/#organization\"},\"potentialAction\":[{\"@type\":\"SearchAction\",\"target\":{\"@type\":\"EntryPoint\",\"urlTemplate\":\"https:\/\/www.raytech.it\/?s={search_term_string}\"},\"query-input\":{\"@type\":\"PropertyValueSpecification\",\"valueRequired\":true,\"valueName\":\"search_term_string\"}}],\"inLanguage\":\"fr-FR\"},{\"@type\":\"Organization\",\"@id\":\"https:\/\/www.raytech.it\/#organization\",\"name\":\"Raytech\",\"url\":\"https:\/\/www.raytech.it\/\",\"logo\":{\"@type\":\"ImageObject\",\"inLanguage\":\"fr-FR\",\"@id\":\"https:\/\/www.raytech.it\/#\/schema\/logo\/image\/\",\"url\":\"https:\/\/www.raytech.it\/wp-content\/uploads\/logo-raytech-2019-retina-3.png\",\"contentUrl\":\"https:\/\/www.raytech.it\/wp-content\/uploads\/logo-raytech-2019-retina-3.png\",\"width\":340,\"height\":90,\"caption\":\"Raytech\"},\"image\":{\"@id\":\"https:\/\/www.raytech.it\/#\/schema\/logo\/image\/\"},\"sameAs\":[\"https:\/\/www.facebook.com\/RaytechItaly\",\"https:\/\/www.instagram.com\/raytech_italy\/\",\"https:\/\/www.youtube.com\/user\/raytechitaly\",\"https:\/\/twitter.com\/Raytech_Italy\"]}]}<\/script>\n<!-- \/ Yoast SEO plugin. -->","yoast_head_json":{"title":"Terminaisons thermo-r\u00e9tractables pour haute tension 72 kV | Raytech","robots":{"index":"index","follow":"follow","max-snippet":"max-snippet:-1","max-image-preview":"max-image-preview:large","max-video-preview":"max-video-preview:-1"},"canonical":"https:\/\/www.raytech.it\/fr\/produit\/moyenne-tension\/thermo-retractables-72-kv\/terminaisons-fr\/terminaisons-thermo-retractables-pour-haute-tension-72-kv","og_locale":"fr_FR","og_type":"article","og_title":"Terminaisons thermo-r\u00e9tractables pour haute tension 72 kV | Raytech","og_description":"Le kit contient un nombre limit\u00e9 de composants ayant une dur\u00e9e illimit\u00e9e dans des conditions\u00a0de stockage normales. Trois kits de base couvrent toutes les sections possibles des c\u00e2bles, avec\u00a0l&rsquo;avantage d&rsquo;avoir [\u2026]","og_url":"https:\/\/www.raytech.it\/fr\/produit\/moyenne-tension\/thermo-retractables-72-kv\/terminaisons-fr\/terminaisons-thermo-retractables-pour-haute-tension-72-kv","og_site_name":"Raytech","article_publisher":"https:\/\/www.facebook.com\/RaytechItaly","og_image":[{"width":1024,"height":1024,"url":"https:\/\/www.raytech.it\/wp-content\/uploads\/Terminali-termorestringenti-per-alta-tensione-72-kV-1.jpg","type":"image\/jpeg"}],"twitter_card":"summary_large_image","twitter_misc":{"Dur\u00e9e de lecture estim\u00e9e":"1 minute"},"schema":{"@context":"https:\/\/schema.org","@graph":[{"@type":"WebPage","@id":"https:\/\/www.raytech.it\/fr\/produit\/moyenne-tension\/thermo-retractables-72-kv\/terminaisons-fr\/terminaisons-thermo-retractables-pour-haute-tension-72-kv","url":"https:\/\/www.raytech.it\/fr\/produit\/moyenne-tension\/thermo-retractables-72-kv\/terminaisons-fr\/terminaisons-thermo-retractables-pour-haute-tension-72-kv","name":"Terminaisons thermo-r\u00e9tractables pour haute tension 72 kV | Raytech","isPartOf":{"@id":"https:\/\/www.raytech.it\/#website"},"primaryImageOfPage":{"@id":"https:\/\/www.raytech.it\/fr\/produit\/moyenne-tension\/thermo-retractables-72-kv\/terminaisons-fr\/terminaisons-thermo-retractables-pour-haute-tension-72-kv#primaryimage"},"image":{"@id":"https:\/\/www.raytech.it\/fr\/produit\/moyenne-tension\/thermo-retractables-72-kv\/terminaisons-fr\/terminaisons-thermo-retractables-pour-haute-tension-72-kv#primaryimage"},"thumbnailUrl":"https:\/\/www.raytech.it\/wp-content\/uploads\/Terminali-termorestringenti-per-alta-tensione-72-kV-1.jpg","datePublished":"2016-01-04T15:49:58+00:00","breadcrumb":{"@id":"https:\/\/www.raytech.it\/fr\/produit\/moyenne-tension\/thermo-retractables-72-kv\/terminaisons-fr\/terminaisons-thermo-retractables-pour-haute-tension-72-kv#breadcrumb"},"inLanguage":"fr-FR","potentialAction":[{"@type":"ReadAction","target":["https:\/\/www.raytech.it\/fr\/produit\/moyenne-tension\/thermo-retractables-72-kv\/terminaisons-fr\/terminaisons-thermo-retractables-pour-haute-tension-72-kv"]}]},{"@type":"ImageObject","inLanguage":"fr-FR","@id":"https:\/\/www.raytech.it\/fr\/produit\/moyenne-tension\/thermo-retractables-72-kv\/terminaisons-fr\/terminaisons-thermo-retractables-pour-haute-tension-72-kv#primaryimage","url":"https:\/\/www.raytech.it\/wp-content\/uploads\/Terminali-termorestringenti-per-alta-tensione-72-kV-1.jpg","contentUrl":"https:\/\/www.raytech.it\/wp-content\/uploads\/Terminali-termorestringenti-per-alta-tensione-72-kV-1.jpg","width":1024,"height":1024},{"@type":"BreadcrumbList","@id":"https:\/\/www.raytech.it\/fr\/produit\/moyenne-tension\/thermo-retractables-72-kv\/terminaisons-fr\/terminaisons-thermo-retractables-pour-haute-tension-72-kv#breadcrumb","itemListElement":[{"@type":"ListItem","position":1,"name":"Home","item":"https:\/\/www.raytech.it\/fr"},{"@type":"ListItem","position":2,"name":"Boutique","item":"https:\/\/www.raytech.it\/fr\/boutique"},{"@type":"ListItem","position":3,"name":"Terminaisons thermo-r\u00e9tractables pour haute tension 72 kV"}]},{"@type":"WebSite","@id":"https:\/\/www.raytech.it\/#website","url":"https:\/\/www.raytech.it\/","name":"Raytech","description":"Cable accessories company","publisher":{"@id":"https:\/\/www.raytech.it\/#organization"},"potentialAction":[{"@type":"SearchAction","target":{"@type":"EntryPoint","urlTemplate":"https:\/\/www.raytech.it\/?s={search_term_string}"},"query-input":{"@type":"PropertyValueSpecification","valueRequired":true,"valueName":"search_term_string"}}],"inLanguage":"fr-FR"},{"@type":"Organization","@id":"https:\/\/www.raytech.it\/#organization","name":"Raytech","url":"https:\/\/www.raytech.it\/","logo":{"@type":"ImageObject","inLanguage":"fr-FR","@id":"https:\/\/www.raytech.it\/#\/schema\/logo\/image\/","url":"https:\/\/www.raytech.it\/wp-content\/uploads\/logo-raytech-2019-retina-3.png","contentUrl":"https:\/\/www.raytech.it\/wp-content\/uploads\/logo-raytech-2019-retina-3.png","width":340,"height":90,"caption":"Raytech"},"image":{"@id":"https:\/\/www.raytech.it\/#\/schema\/logo\/image\/"},"sameAs":["https:\/\/www.facebook.com\/RaytechItaly","https:\/\/www.instagram.com\/raytech_italy\/","https:\/\/www.youtube.com\/user\/raytechitaly","https:\/\/twitter.com\/Raytech_Italy"]}]}},"_links":{"self":[{"href":"https:\/\/www.raytech.it\/fr\/wp-json\/wp\/v2\/product\/7392","targetHints":{"allow":["GET"]}}],"collection":[{"href":"https:\/\/www.raytech.it\/fr\/wp-json\/wp\/v2\/product"}],"about":[{"href":"https:\/\/www.raytech.it\/fr\/wp-json\/wp\/v2\/types\/product"}],"wp:featuredmedia":[{"embeddable":true,"href":"https:\/\/www.raytech.it\/fr\/wp-json\/wp\/v2\/media\/4729"}],"wp:attachment":[{"href":"https:\/\/www.raytech.it\/fr\/wp-json\/wp\/v2\/media?parent=7392"}],"wp:term":[{"taxonomy":"product_brand","embeddable":true,"href":"https:\/\/www.raytech.it\/fr\/wp-json\/wp\/v2\/product_brand?post=7392"},{"taxonomy":"product_cat","embeddable":true,"href":"https:\/\/www.raytech.it\/fr\/wp-json\/wp\/v2\/product_cat?post=7392"},{"taxonomy":"product_tag","embeddable":true,"href":"https:\/\/www.raytech.it\/fr\/wp-json\/wp\/v2\/product_tag?post=7392"}],"curies":[{"name":"wp","href":"https:\/\/api.w.org\/{rel}","templated":true}]}}