{"id":7396,"date":"2015-09-15T11:53:50","date_gmt":"2016-01-04T16:19:13","guid":{"rendered":"https:\/\/www.raytech.it\/?post_type=product&#038;p=7396&#038;lang=fr"},"modified":"2019-08-29T12:09:24","modified_gmt":"2019-08-29T12:09:24","slug":"rubans-thermo-retractables","status":"publish","type":"product","link":"https:\/\/www.raytech.it\/fr\/produit\/moyenne-tension\/gaines-et-rubans\/rubans-thermo-retractables","title":{"rendered":"Rubans thermo-r\u00e9tractables"},"content":{"rendered":"<h4><span style=\"color: #0069b4;\">Ruban HVBT thermo-r\u00e9tractable rev\u00eatu d&rsquo;adh\u00e9sif\u00a0thermo-fusible pour MT<\/span><\/h4>\n<p><strong>APPLICATION<\/strong><br \/>\nLe ruban HVBT fait partie de la gamme de produits pour l&rsquo;isolation des barres. Il s&rsquo;agit d&rsquo;un<br \/>\nruban thermo-r\u00e9tractable rev\u00eatu d&rsquo;adh\u00e9sif thermo-fusible sur un c\u00f4t\u00e9.<\/p>\n<p><strong>INSTALLATION<\/strong><br \/>\nLe ruban HVBT s&rsquo;installe en l&rsquo;enroulant sur la barre avec un chevauchement de 2\/3 mod\u00e9r\u00e9ment<br \/>\ntendu. Une fois chauff\u00e9, il r\u00e9tr\u00e9cit et adh\u00e8re au substrat ; simultan\u00e9ment les couches<br \/>\nde ce ruban s&rsquo;amalgament pour constituer une gaine isolante continue.<\/p>\n<p><strong>DISTANCE D&rsquo;ISOLATION<\/strong><br \/>\nPour se r\u00e9f\u00e9rer au tableau \u00e0 la page 179 (valeurs BPM) pour d\u00e9terminer les distances entre<br \/>\nles barres et vers la terre. Le ruban HVBT est vendu en 4 largeurs diff\u00e9rentes et est rev\u00eatu<br \/>\nd&rsquo;adh\u00e9sif sur le c\u00f4t\u00e9 ext\u00e9rieur. Un ruban adh\u00e9sif en fibre de verre, utilis\u00e9 pour arr\u00eater le<br \/>\nguipage r\u00e9alis\u00e9, est fourni avec chaque rouleau.<\/p>\n","protected":false},"excerpt":{"rendered":"<p>Ruban HVBT thermo-r\u00e9tractable rev\u00eatu d&rsquo;adh\u00e9sif\u00a0thermo-fusible pour MT APPLICATION Le ruban HVBT fait partie de la gamme de produits pour l&rsquo;isolation des barres. Il s&rsquo;agit d&rsquo;un ruban thermo-r\u00e9tractable rev\u00eatu d&rsquo;adh\u00e9sif thermo-fusible<span class=\"excerpt-hellip\"> [\u2026]<\/span><\/p>\n","protected":false},"featured_media":2473,"template":"","meta":[],"product_brand":[],"product_cat":[174,172],"product_tag":[],"class_list":{"0":"post-7396","1":"product","2":"type-product","3":"status-publish","4":"has-post-thumbnail","6":"product_cat-moyenne-tension","7":"product_cat-gaines-et-rubans","9":"first","10":"instock","11":"taxable","12":"shipping-taxable","13":"product-type-simple"},"yoast_head":"<!-- This site is optimized with the Yoast SEO plugin v26.5 - https:\/\/yoast.com\/wordpress\/plugins\/seo\/ -->\n<title>Rubans thermo-r\u00e9tractables | Raytech<\/title>\n<meta name=\"robots\" content=\"index, follow, max-snippet:-1, max-image-preview:large, max-video-preview:-1\" \/>\n<link rel=\"canonical\" href=\"https:\/\/www.raytech.it\/fr\/produit\/moyenne-tension\/gaines-et-rubans\/rubans-thermo-retractables\" \/>\n<meta property=\"og:locale\" content=\"fr_FR\" \/>\n<meta property=\"og:type\" content=\"article\" \/>\n<meta property=\"og:title\" content=\"Rubans thermo-r\u00e9tractables | Raytech\" \/>\n<meta property=\"og:description\" content=\"Ruban HVBT thermo-r\u00e9tractable rev\u00eatu d&rsquo;adh\u00e9sif\u00a0thermo-fusible pour MT APPLICATION Le ruban HVBT fait partie de la gamme de produits pour l&rsquo;isolation des barres. Il s&rsquo;agit d&rsquo;un ruban thermo-r\u00e9tractable rev\u00eatu d&rsquo;adh\u00e9sif thermo-fusible [\u2026]\" \/>\n<meta property=\"og:url\" content=\"https:\/\/www.raytech.it\/fr\/produit\/moyenne-tension\/gaines-et-rubans\/rubans-thermo-retractables\" \/>\n<meta property=\"og:site_name\" content=\"Raytech\" \/>\n<meta property=\"article:publisher\" content=\"https:\/\/www.facebook.com\/RaytechItaly\" \/>\n<meta property=\"article:modified_time\" content=\"2019-08-29T12:09:24+00:00\" \/>\n<meta property=\"og:image\" content=\"https:\/\/www.raytech.it\/wp-content\/uploads\/hvbt.jpg\" \/>\n\t<meta property=\"og:image:width\" content=\"1024\" \/>\n\t<meta property=\"og:image:height\" content=\"1024\" \/>\n\t<meta property=\"og:image:type\" content=\"image\/jpeg\" \/>\n<meta name=\"twitter:card\" content=\"summary_large_image\" \/>\n<meta name=\"twitter:label1\" content=\"Dur\u00e9e de lecture estim\u00e9e\" \/>\n\t<meta name=\"twitter:data1\" content=\"1 minute\" \/>\n<script type=\"application\/ld+json\" class=\"yoast-schema-graph\">{\"@context\":\"https:\/\/schema.org\",\"@graph\":[{\"@type\":\"WebPage\",\"@id\":\"https:\/\/www.raytech.it\/fr\/produit\/moyenne-tension\/gaines-et-rubans\/rubans-thermo-retractables\",\"url\":\"https:\/\/www.raytech.it\/fr\/produit\/moyenne-tension\/gaines-et-rubans\/rubans-thermo-retractables\",\"name\":\"Rubans thermo-r\u00e9tractables | Raytech\",\"isPartOf\":{\"@id\":\"https:\/\/www.raytech.it\/#website\"},\"primaryImageOfPage\":{\"@id\":\"https:\/\/www.raytech.it\/fr\/produit\/moyenne-tension\/gaines-et-rubans\/rubans-thermo-retractables#primaryimage\"},\"image\":{\"@id\":\"https:\/\/www.raytech.it\/fr\/produit\/moyenne-tension\/gaines-et-rubans\/rubans-thermo-retractables#primaryimage\"},\"thumbnailUrl\":\"https:\/\/www.raytech.it\/wp-content\/uploads\/hvbt.jpg\",\"datePublished\":\"2016-01-04T16:19:13+00:00\",\"dateModified\":\"2019-08-29T12:09:24+00:00\",\"breadcrumb\":{\"@id\":\"https:\/\/www.raytech.it\/fr\/produit\/moyenne-tension\/gaines-et-rubans\/rubans-thermo-retractables#breadcrumb\"},\"inLanguage\":\"fr-FR\",\"potentialAction\":[{\"@type\":\"ReadAction\",\"target\":[\"https:\/\/www.raytech.it\/fr\/produit\/moyenne-tension\/gaines-et-rubans\/rubans-thermo-retractables\"]}]},{\"@type\":\"ImageObject\",\"inLanguage\":\"fr-FR\",\"@id\":\"https:\/\/www.raytech.it\/fr\/produit\/moyenne-tension\/gaines-et-rubans\/rubans-thermo-retractables#primaryimage\",\"url\":\"https:\/\/www.raytech.it\/wp-content\/uploads\/hvbt.jpg\",\"contentUrl\":\"https:\/\/www.raytech.it\/wp-content\/uploads\/hvbt.jpg\",\"width\":1024,\"height\":1024},{\"@type\":\"BreadcrumbList\",\"@id\":\"https:\/\/www.raytech.it\/fr\/produit\/moyenne-tension\/gaines-et-rubans\/rubans-thermo-retractables#breadcrumb\",\"itemListElement\":[{\"@type\":\"ListItem\",\"position\":1,\"name\":\"Home\",\"item\":\"https:\/\/www.raytech.it\/fr\"},{\"@type\":\"ListItem\",\"position\":2,\"name\":\"Boutique\",\"item\":\"https:\/\/www.raytech.it\/fr\/boutique\"},{\"@type\":\"ListItem\",\"position\":3,\"name\":\"Rubans thermo-r\u00e9tractables\"}]},{\"@type\":\"WebSite\",\"@id\":\"https:\/\/www.raytech.it\/#website\",\"url\":\"https:\/\/www.raytech.it\/\",\"name\":\"Raytech\",\"description\":\"Cable accessories company\",\"publisher\":{\"@id\":\"https:\/\/www.raytech.it\/#organization\"},\"potentialAction\":[{\"@type\":\"SearchAction\",\"target\":{\"@type\":\"EntryPoint\",\"urlTemplate\":\"https:\/\/www.raytech.it\/?s={search_term_string}\"},\"query-input\":{\"@type\":\"PropertyValueSpecification\",\"valueRequired\":true,\"valueName\":\"search_term_string\"}}],\"inLanguage\":\"fr-FR\"},{\"@type\":\"Organization\",\"@id\":\"https:\/\/www.raytech.it\/#organization\",\"name\":\"Raytech\",\"url\":\"https:\/\/www.raytech.it\/\",\"logo\":{\"@type\":\"ImageObject\",\"inLanguage\":\"fr-FR\",\"@id\":\"https:\/\/www.raytech.it\/#\/schema\/logo\/image\/\",\"url\":\"https:\/\/www.raytech.it\/wp-content\/uploads\/logo-raytech-2019-retina-3.png\",\"contentUrl\":\"https:\/\/www.raytech.it\/wp-content\/uploads\/logo-raytech-2019-retina-3.png\",\"width\":340,\"height\":90,\"caption\":\"Raytech\"},\"image\":{\"@id\":\"https:\/\/www.raytech.it\/#\/schema\/logo\/image\/\"},\"sameAs\":[\"https:\/\/www.facebook.com\/RaytechItaly\",\"https:\/\/www.instagram.com\/raytech_italy\/\",\"https:\/\/www.youtube.com\/user\/raytechitaly\",\"https:\/\/twitter.com\/Raytech_Italy\"]}]}<\/script>\n<!-- \/ Yoast SEO plugin. -->","yoast_head_json":{"title":"Rubans thermo-r\u00e9tractables | Raytech","robots":{"index":"index","follow":"follow","max-snippet":"max-snippet:-1","max-image-preview":"max-image-preview:large","max-video-preview":"max-video-preview:-1"},"canonical":"https:\/\/www.raytech.it\/fr\/produit\/moyenne-tension\/gaines-et-rubans\/rubans-thermo-retractables","og_locale":"fr_FR","og_type":"article","og_title":"Rubans thermo-r\u00e9tractables | Raytech","og_description":"Ruban HVBT thermo-r\u00e9tractable rev\u00eatu d&rsquo;adh\u00e9sif\u00a0thermo-fusible pour MT APPLICATION Le ruban HVBT fait partie de la gamme de produits pour l&rsquo;isolation des barres. Il s&rsquo;agit d&rsquo;un ruban thermo-r\u00e9tractable rev\u00eatu d&rsquo;adh\u00e9sif thermo-fusible [\u2026]","og_url":"https:\/\/www.raytech.it\/fr\/produit\/moyenne-tension\/gaines-et-rubans\/rubans-thermo-retractables","og_site_name":"Raytech","article_publisher":"https:\/\/www.facebook.com\/RaytechItaly","article_modified_time":"2019-08-29T12:09:24+00:00","og_image":[{"width":1024,"height":1024,"url":"https:\/\/www.raytech.it\/wp-content\/uploads\/hvbt.jpg","type":"image\/jpeg"}],"twitter_card":"summary_large_image","twitter_misc":{"Dur\u00e9e de lecture estim\u00e9e":"1 minute"},"schema":{"@context":"https:\/\/schema.org","@graph":[{"@type":"WebPage","@id":"https:\/\/www.raytech.it\/fr\/produit\/moyenne-tension\/gaines-et-rubans\/rubans-thermo-retractables","url":"https:\/\/www.raytech.it\/fr\/produit\/moyenne-tension\/gaines-et-rubans\/rubans-thermo-retractables","name":"Rubans thermo-r\u00e9tractables | Raytech","isPartOf":{"@id":"https:\/\/www.raytech.it\/#website"},"primaryImageOfPage":{"@id":"https:\/\/www.raytech.it\/fr\/produit\/moyenne-tension\/gaines-et-rubans\/rubans-thermo-retractables#primaryimage"},"image":{"@id":"https:\/\/www.raytech.it\/fr\/produit\/moyenne-tension\/gaines-et-rubans\/rubans-thermo-retractables#primaryimage"},"thumbnailUrl":"https:\/\/www.raytech.it\/wp-content\/uploads\/hvbt.jpg","datePublished":"2016-01-04T16:19:13+00:00","dateModified":"2019-08-29T12:09:24+00:00","breadcrumb":{"@id":"https:\/\/www.raytech.it\/fr\/produit\/moyenne-tension\/gaines-et-rubans\/rubans-thermo-retractables#breadcrumb"},"inLanguage":"fr-FR","potentialAction":[{"@type":"ReadAction","target":["https:\/\/www.raytech.it\/fr\/produit\/moyenne-tension\/gaines-et-rubans\/rubans-thermo-retractables"]}]},{"@type":"ImageObject","inLanguage":"fr-FR","@id":"https:\/\/www.raytech.it\/fr\/produit\/moyenne-tension\/gaines-et-rubans\/rubans-thermo-retractables#primaryimage","url":"https:\/\/www.raytech.it\/wp-content\/uploads\/hvbt.jpg","contentUrl":"https:\/\/www.raytech.it\/wp-content\/uploads\/hvbt.jpg","width":1024,"height":1024},{"@type":"BreadcrumbList","@id":"https:\/\/www.raytech.it\/fr\/produit\/moyenne-tension\/gaines-et-rubans\/rubans-thermo-retractables#breadcrumb","itemListElement":[{"@type":"ListItem","position":1,"name":"Home","item":"https:\/\/www.raytech.it\/fr"},{"@type":"ListItem","position":2,"name":"Boutique","item":"https:\/\/www.raytech.it\/fr\/boutique"},{"@type":"ListItem","position":3,"name":"Rubans thermo-r\u00e9tractables"}]},{"@type":"WebSite","@id":"https:\/\/www.raytech.it\/#website","url":"https:\/\/www.raytech.it\/","name":"Raytech","description":"Cable accessories company","publisher":{"@id":"https:\/\/www.raytech.it\/#organization"},"potentialAction":[{"@type":"SearchAction","target":{"@type":"EntryPoint","urlTemplate":"https:\/\/www.raytech.it\/?s={search_term_string}"},"query-input":{"@type":"PropertyValueSpecification","valueRequired":true,"valueName":"search_term_string"}}],"inLanguage":"fr-FR"},{"@type":"Organization","@id":"https:\/\/www.raytech.it\/#organization","name":"Raytech","url":"https:\/\/www.raytech.it\/","logo":{"@type":"ImageObject","inLanguage":"fr-FR","@id":"https:\/\/www.raytech.it\/#\/schema\/logo\/image\/","url":"https:\/\/www.raytech.it\/wp-content\/uploads\/logo-raytech-2019-retina-3.png","contentUrl":"https:\/\/www.raytech.it\/wp-content\/uploads\/logo-raytech-2019-retina-3.png","width":340,"height":90,"caption":"Raytech"},"image":{"@id":"https:\/\/www.raytech.it\/#\/schema\/logo\/image\/"},"sameAs":["https:\/\/www.facebook.com\/RaytechItaly","https:\/\/www.instagram.com\/raytech_italy\/","https:\/\/www.youtube.com\/user\/raytechitaly","https:\/\/twitter.com\/Raytech_Italy"]}]}},"_links":{"self":[{"href":"https:\/\/www.raytech.it\/fr\/wp-json\/wp\/v2\/product\/7396","targetHints":{"allow":["GET"]}}],"collection":[{"href":"https:\/\/www.raytech.it\/fr\/wp-json\/wp\/v2\/product"}],"about":[{"href":"https:\/\/www.raytech.it\/fr\/wp-json\/wp\/v2\/types\/product"}],"wp:featuredmedia":[{"embeddable":true,"href":"https:\/\/www.raytech.it\/fr\/wp-json\/wp\/v2\/media\/2473"}],"wp:attachment":[{"href":"https:\/\/www.raytech.it\/fr\/wp-json\/wp\/v2\/media?parent=7396"}],"wp:term":[{"taxonomy":"product_brand","embeddable":true,"href":"https:\/\/www.raytech.it\/fr\/wp-json\/wp\/v2\/product_brand?post=7396"},{"taxonomy":"product_cat","embeddable":true,"href":"https:\/\/www.raytech.it\/fr\/wp-json\/wp\/v2\/product_cat?post=7396"},{"taxonomy":"product_tag","embeddable":true,"href":"https:\/\/www.raytech.it\/fr\/wp-json\/wp\/v2\/product_tag?post=7396"}],"curies":[{"name":"wp","href":"https:\/\/api.w.org\/{rel}","templated":true}]}}