{"id":7397,"date":"2015-09-15T11:45:16","date_gmt":"2016-01-04T16:19:37","guid":{"rendered":"https:\/\/www.raytech.it\/?post_type=product&#038;p=7397&#038;lang=fr"},"modified":"2019-08-29T12:41:59","modified_gmt":"2019-08-29T12:41:59","slug":"gaines-thermo-retractables","status":"publish","type":"product","link":"https:\/\/www.raytech.it\/fr\/produit\/moyenne-tension\/gaines-et-rubans\/gaines-thermo-retractables","title":{"rendered":"Gaines thermo-r\u00e9tractables"},"content":{"rendered":"<h4><span style=\"color: #0069b4;\"><strong>Gaines pour l&rsquo;isolation des barres \u00e0 l&rsquo;int\u00e9rieur d&rsquo;armoires\u00a0\u00e9lectriques, ou \u00e0 l&rsquo;ext\u00e9rieur dans des cabines primaires ou\u00a0secondaires<\/strong><\/span><\/h4>\n<p><strong>APPLICATION<\/strong><br \/>\nLes cabines \u00e9lectriques primaires (AT-MT) et secondaires (MT-BT) jusqu&rsquo;\u00e0 36 kV ont aujourd&rsquo;hui\u00a0des dimensions tr\u00e8s compactes. Les barres doivent \u00eatre isol\u00e9es pour \u00e9viter les\u00a0d\u00e9charges superficielles et les courts-circuits accidentels fondamentalement dus \u00e0 l&rsquo;intrusion\u00a0d&rsquo;animaux.\u00a0Les gaines thermo-r\u00e9tractables pour MT peuvent \u00eatre utilis\u00e9es sur des barres rondes ou\u00a0rectangulaires, en cuivre ou aluminium. Elles sont flexibles et \u00e9lastiques, et peuvent \u00eatre\u00a0install\u00e9es sur des barres pr\u00e9alablement pli\u00e9es sans aucun risque de d\u00e9chirure ou de plissage.<\/p>\n<p><strong>DESCRIPTION<\/strong><br \/>\nLes gaines utilisant un \u00e9lastom\u00e8re sp\u00e9cial r\u00e9ticul\u00e9 par irradiation, avec un pouvoir isolant\u00a0exceptionnel et une excellente \u00e9tanch\u00e9it\u00e9 dans le temps, m\u00eame en cas d&rsquo;utilisation continue\u00a0\u00e0 haute temp\u00e9rature. Elles ne contiennent pas d&rsquo;allog\u00e8nes, il n&rsquo;y a donc aucun risque\u00a0d&rsquo;\u00e9mission de substances toxiques et corrosives en cas d&rsquo;incendie. Elles sont r\u00e9sistantes\u00a0aux solvants, \u00e0 la radiation U.V., \u00e0 l&rsquo;exposition aux agents atmosph\u00e9riques, \u00e0 l&rsquo;impact et \u00e0 la\u00a0d\u00e9chirure, donc pleinement conformes pour l&rsquo;utilisation \u00e0 l&rsquo;ext\u00e9rieur.<\/p>\n<p><strong>INSTALLATION<\/strong><br \/>\nLes gaines pour MT peuvent \u00eatre facilement install\u00e9es en usine, lorsqu&rsquo;il s&rsquo;agit de production\u00a0en s\u00e9rie, en utilisant un four pour le thermo-r\u00e9tr\u00e9cissement. Sur place, le r\u00e9tr\u00e9cissement peut\u00a0\u00eatre r\u00e9alis\u00e9 \u00e0 l&rsquo;aide d&rsquo;un chalumeau ou d&rsquo;une torche \u00e0 air chaud. En chauffant la gaine \u00e0 plus de\u00a0120\u00b0C, celle-ci se r\u00e9tr\u00e9cit sur la barre sans risque de l&rsquo;endommager car le mat\u00e9riau est r\u00e9ticul\u00e9\u00a0et tr\u00e8s r\u00e9sistant aux temp\u00e9ratures \u00e9lev\u00e9es. La grande \u00e9lasticit\u00e9 des gaines permet, si n\u00e9cessaire,\u00a0de plier les barres durant le montage de la cabine \u00e9lectrique, avec la gaine d\u00e9j\u00e0 install\u00e9e.<\/p>\n<p>&nbsp;<\/p>\n","protected":false},"excerpt":{"rendered":"<p>Gaines pour l&rsquo;isolation des barres \u00e0 l&rsquo;int\u00e9rieur d&rsquo;armoires\u00a0\u00e9lectriques, ou \u00e0 l&rsquo;ext\u00e9rieur dans des cabines primaires ou\u00a0secondaires APPLICATION Les cabines \u00e9lectriques primaires (AT-MT) et secondaires (MT-BT) jusqu&rsquo;\u00e0 36 kV ont aujourd&rsquo;hui\u00a0des<span class=\"excerpt-hellip\"> [\u2026]<\/span><\/p>\n","protected":false},"featured_media":2445,"template":"","meta":[],"product_brand":[],"product_cat":[174,172],"product_tag":[],"class_list":{"0":"post-7397","1":"product","2":"type-product","3":"status-publish","4":"has-post-thumbnail","6":"product_cat-moyenne-tension","7":"product_cat-gaines-et-rubans","9":"first","10":"instock","11":"taxable","12":"shipping-taxable","13":"product-type-simple"},"yoast_head":"<!-- This site is optimized with the Yoast SEO plugin v26.5 - https:\/\/yoast.com\/wordpress\/plugins\/seo\/ -->\n<title>Gaines thermo-r\u00e9tractables | Raytech<\/title>\n<meta name=\"robots\" content=\"index, follow, max-snippet:-1, max-image-preview:large, max-video-preview:-1\" \/>\n<link rel=\"canonical\" href=\"https:\/\/www.raytech.it\/fr\/produit\/moyenne-tension\/gaines-et-rubans\/gaines-thermo-retractables\" \/>\n<meta property=\"og:locale\" content=\"fr_FR\" \/>\n<meta property=\"og:type\" content=\"article\" \/>\n<meta property=\"og:title\" content=\"Gaines thermo-r\u00e9tractables | Raytech\" \/>\n<meta property=\"og:description\" content=\"Gaines pour l&rsquo;isolation des barres \u00e0 l&rsquo;int\u00e9rieur d&rsquo;armoires\u00a0\u00e9lectriques, ou \u00e0 l&rsquo;ext\u00e9rieur dans des cabines primaires ou\u00a0secondaires APPLICATION Les cabines \u00e9lectriques primaires (AT-MT) et secondaires (MT-BT) jusqu&rsquo;\u00e0 36 kV ont aujourd&rsquo;hui\u00a0des [\u2026]\" \/>\n<meta property=\"og:url\" content=\"https:\/\/www.raytech.it\/fr\/produit\/moyenne-tension\/gaines-et-rubans\/gaines-thermo-retractables\" \/>\n<meta property=\"og:site_name\" content=\"Raytech\" \/>\n<meta property=\"article:publisher\" content=\"https:\/\/www.facebook.com\/RaytechItaly\" \/>\n<meta property=\"article:modified_time\" content=\"2019-08-29T12:41:59+00:00\" \/>\n<meta property=\"og:image\" content=\"https:\/\/www.raytech.it\/wp-content\/uploads\/bbt.jpg\" \/>\n\t<meta property=\"og:image:width\" content=\"1024\" \/>\n\t<meta property=\"og:image:height\" content=\"1024\" \/>\n\t<meta property=\"og:image:type\" content=\"image\/jpeg\" \/>\n<meta name=\"twitter:card\" content=\"summary_large_image\" \/>\n<meta name=\"twitter:label1\" content=\"Dur\u00e9e de lecture estim\u00e9e\" \/>\n\t<meta name=\"twitter:data1\" content=\"1 minute\" \/>\n<script type=\"application\/ld+json\" class=\"yoast-schema-graph\">{\"@context\":\"https:\/\/schema.org\",\"@graph\":[{\"@type\":\"WebPage\",\"@id\":\"https:\/\/www.raytech.it\/fr\/produit\/moyenne-tension\/gaines-et-rubans\/gaines-thermo-retractables\",\"url\":\"https:\/\/www.raytech.it\/fr\/produit\/moyenne-tension\/gaines-et-rubans\/gaines-thermo-retractables\",\"name\":\"Gaines thermo-r\u00e9tractables | Raytech\",\"isPartOf\":{\"@id\":\"https:\/\/www.raytech.it\/#website\"},\"primaryImageOfPage\":{\"@id\":\"https:\/\/www.raytech.it\/fr\/produit\/moyenne-tension\/gaines-et-rubans\/gaines-thermo-retractables#primaryimage\"},\"image\":{\"@id\":\"https:\/\/www.raytech.it\/fr\/produit\/moyenne-tension\/gaines-et-rubans\/gaines-thermo-retractables#primaryimage\"},\"thumbnailUrl\":\"https:\/\/www.raytech.it\/wp-content\/uploads\/bbt.jpg\",\"datePublished\":\"2016-01-04T16:19:37+00:00\",\"dateModified\":\"2019-08-29T12:41:59+00:00\",\"breadcrumb\":{\"@id\":\"https:\/\/www.raytech.it\/fr\/produit\/moyenne-tension\/gaines-et-rubans\/gaines-thermo-retractables#breadcrumb\"},\"inLanguage\":\"fr-FR\",\"potentialAction\":[{\"@type\":\"ReadAction\",\"target\":[\"https:\/\/www.raytech.it\/fr\/produit\/moyenne-tension\/gaines-et-rubans\/gaines-thermo-retractables\"]}]},{\"@type\":\"ImageObject\",\"inLanguage\":\"fr-FR\",\"@id\":\"https:\/\/www.raytech.it\/fr\/produit\/moyenne-tension\/gaines-et-rubans\/gaines-thermo-retractables#primaryimage\",\"url\":\"https:\/\/www.raytech.it\/wp-content\/uploads\/bbt.jpg\",\"contentUrl\":\"https:\/\/www.raytech.it\/wp-content\/uploads\/bbt.jpg\",\"width\":1024,\"height\":1024},{\"@type\":\"BreadcrumbList\",\"@id\":\"https:\/\/www.raytech.it\/fr\/produit\/moyenne-tension\/gaines-et-rubans\/gaines-thermo-retractables#breadcrumb\",\"itemListElement\":[{\"@type\":\"ListItem\",\"position\":1,\"name\":\"Home\",\"item\":\"https:\/\/www.raytech.it\/fr\"},{\"@type\":\"ListItem\",\"position\":2,\"name\":\"Boutique\",\"item\":\"https:\/\/www.raytech.it\/fr\/boutique\"},{\"@type\":\"ListItem\",\"position\":3,\"name\":\"Gaines thermo-r\u00e9tractables\"}]},{\"@type\":\"WebSite\",\"@id\":\"https:\/\/www.raytech.it\/#website\",\"url\":\"https:\/\/www.raytech.it\/\",\"name\":\"Raytech\",\"description\":\"Cable accessories company\",\"publisher\":{\"@id\":\"https:\/\/www.raytech.it\/#organization\"},\"potentialAction\":[{\"@type\":\"SearchAction\",\"target\":{\"@type\":\"EntryPoint\",\"urlTemplate\":\"https:\/\/www.raytech.it\/?s={search_term_string}\"},\"query-input\":{\"@type\":\"PropertyValueSpecification\",\"valueRequired\":true,\"valueName\":\"search_term_string\"}}],\"inLanguage\":\"fr-FR\"},{\"@type\":\"Organization\",\"@id\":\"https:\/\/www.raytech.it\/#organization\",\"name\":\"Raytech\",\"url\":\"https:\/\/www.raytech.it\/\",\"logo\":{\"@type\":\"ImageObject\",\"inLanguage\":\"fr-FR\",\"@id\":\"https:\/\/www.raytech.it\/#\/schema\/logo\/image\/\",\"url\":\"https:\/\/www.raytech.it\/wp-content\/uploads\/logo-raytech-2019-retina-3.png\",\"contentUrl\":\"https:\/\/www.raytech.it\/wp-content\/uploads\/logo-raytech-2019-retina-3.png\",\"width\":340,\"height\":90,\"caption\":\"Raytech\"},\"image\":{\"@id\":\"https:\/\/www.raytech.it\/#\/schema\/logo\/image\/\"},\"sameAs\":[\"https:\/\/www.facebook.com\/RaytechItaly\",\"https:\/\/www.instagram.com\/raytech_italy\/\",\"https:\/\/www.youtube.com\/user\/raytechitaly\",\"https:\/\/twitter.com\/Raytech_Italy\"]}]}<\/script>\n<!-- \/ Yoast SEO plugin. -->","yoast_head_json":{"title":"Gaines thermo-r\u00e9tractables | Raytech","robots":{"index":"index","follow":"follow","max-snippet":"max-snippet:-1","max-image-preview":"max-image-preview:large","max-video-preview":"max-video-preview:-1"},"canonical":"https:\/\/www.raytech.it\/fr\/produit\/moyenne-tension\/gaines-et-rubans\/gaines-thermo-retractables","og_locale":"fr_FR","og_type":"article","og_title":"Gaines thermo-r\u00e9tractables | Raytech","og_description":"Gaines pour l&rsquo;isolation des barres \u00e0 l&rsquo;int\u00e9rieur d&rsquo;armoires\u00a0\u00e9lectriques, ou \u00e0 l&rsquo;ext\u00e9rieur dans des cabines primaires ou\u00a0secondaires APPLICATION Les cabines \u00e9lectriques primaires (AT-MT) et secondaires (MT-BT) jusqu&rsquo;\u00e0 36 kV ont aujourd&rsquo;hui\u00a0des [\u2026]","og_url":"https:\/\/www.raytech.it\/fr\/produit\/moyenne-tension\/gaines-et-rubans\/gaines-thermo-retractables","og_site_name":"Raytech","article_publisher":"https:\/\/www.facebook.com\/RaytechItaly","article_modified_time":"2019-08-29T12:41:59+00:00","og_image":[{"width":1024,"height":1024,"url":"https:\/\/www.raytech.it\/wp-content\/uploads\/bbt.jpg","type":"image\/jpeg"}],"twitter_card":"summary_large_image","twitter_misc":{"Dur\u00e9e de lecture estim\u00e9e":"1 minute"},"schema":{"@context":"https:\/\/schema.org","@graph":[{"@type":"WebPage","@id":"https:\/\/www.raytech.it\/fr\/produit\/moyenne-tension\/gaines-et-rubans\/gaines-thermo-retractables","url":"https:\/\/www.raytech.it\/fr\/produit\/moyenne-tension\/gaines-et-rubans\/gaines-thermo-retractables","name":"Gaines thermo-r\u00e9tractables | Raytech","isPartOf":{"@id":"https:\/\/www.raytech.it\/#website"},"primaryImageOfPage":{"@id":"https:\/\/www.raytech.it\/fr\/produit\/moyenne-tension\/gaines-et-rubans\/gaines-thermo-retractables#primaryimage"},"image":{"@id":"https:\/\/www.raytech.it\/fr\/produit\/moyenne-tension\/gaines-et-rubans\/gaines-thermo-retractables#primaryimage"},"thumbnailUrl":"https:\/\/www.raytech.it\/wp-content\/uploads\/bbt.jpg","datePublished":"2016-01-04T16:19:37+00:00","dateModified":"2019-08-29T12:41:59+00:00","breadcrumb":{"@id":"https:\/\/www.raytech.it\/fr\/produit\/moyenne-tension\/gaines-et-rubans\/gaines-thermo-retractables#breadcrumb"},"inLanguage":"fr-FR","potentialAction":[{"@type":"ReadAction","target":["https:\/\/www.raytech.it\/fr\/produit\/moyenne-tension\/gaines-et-rubans\/gaines-thermo-retractables"]}]},{"@type":"ImageObject","inLanguage":"fr-FR","@id":"https:\/\/www.raytech.it\/fr\/produit\/moyenne-tension\/gaines-et-rubans\/gaines-thermo-retractables#primaryimage","url":"https:\/\/www.raytech.it\/wp-content\/uploads\/bbt.jpg","contentUrl":"https:\/\/www.raytech.it\/wp-content\/uploads\/bbt.jpg","width":1024,"height":1024},{"@type":"BreadcrumbList","@id":"https:\/\/www.raytech.it\/fr\/produit\/moyenne-tension\/gaines-et-rubans\/gaines-thermo-retractables#breadcrumb","itemListElement":[{"@type":"ListItem","position":1,"name":"Home","item":"https:\/\/www.raytech.it\/fr"},{"@type":"ListItem","position":2,"name":"Boutique","item":"https:\/\/www.raytech.it\/fr\/boutique"},{"@type":"ListItem","position":3,"name":"Gaines thermo-r\u00e9tractables"}]},{"@type":"WebSite","@id":"https:\/\/www.raytech.it\/#website","url":"https:\/\/www.raytech.it\/","name":"Raytech","description":"Cable accessories company","publisher":{"@id":"https:\/\/www.raytech.it\/#organization"},"potentialAction":[{"@type":"SearchAction","target":{"@type":"EntryPoint","urlTemplate":"https:\/\/www.raytech.it\/?s={search_term_string}"},"query-input":{"@type":"PropertyValueSpecification","valueRequired":true,"valueName":"search_term_string"}}],"inLanguage":"fr-FR"},{"@type":"Organization","@id":"https:\/\/www.raytech.it\/#organization","name":"Raytech","url":"https:\/\/www.raytech.it\/","logo":{"@type":"ImageObject","inLanguage":"fr-FR","@id":"https:\/\/www.raytech.it\/#\/schema\/logo\/image\/","url":"https:\/\/www.raytech.it\/wp-content\/uploads\/logo-raytech-2019-retina-3.png","contentUrl":"https:\/\/www.raytech.it\/wp-content\/uploads\/logo-raytech-2019-retina-3.png","width":340,"height":90,"caption":"Raytech"},"image":{"@id":"https:\/\/www.raytech.it\/#\/schema\/logo\/image\/"},"sameAs":["https:\/\/www.facebook.com\/RaytechItaly","https:\/\/www.instagram.com\/raytech_italy\/","https:\/\/www.youtube.com\/user\/raytechitaly","https:\/\/twitter.com\/Raytech_Italy"]}]}},"_links":{"self":[{"href":"https:\/\/www.raytech.it\/fr\/wp-json\/wp\/v2\/product\/7397","targetHints":{"allow":["GET"]}}],"collection":[{"href":"https:\/\/www.raytech.it\/fr\/wp-json\/wp\/v2\/product"}],"about":[{"href":"https:\/\/www.raytech.it\/fr\/wp-json\/wp\/v2\/types\/product"}],"wp:featuredmedia":[{"embeddable":true,"href":"https:\/\/www.raytech.it\/fr\/wp-json\/wp\/v2\/media\/2445"}],"wp:attachment":[{"href":"https:\/\/www.raytech.it\/fr\/wp-json\/wp\/v2\/media?parent=7397"}],"wp:term":[{"taxonomy":"product_brand","embeddable":true,"href":"https:\/\/www.raytech.it\/fr\/wp-json\/wp\/v2\/product_brand?post=7397"},{"taxonomy":"product_cat","embeddable":true,"href":"https:\/\/www.raytech.it\/fr\/wp-json\/wp\/v2\/product_cat?post=7397"},{"taxonomy":"product_tag","embeddable":true,"href":"https:\/\/www.raytech.it\/fr\/wp-json\/wp\/v2\/product_tag?post=7397"}],"curies":[{"name":"wp","href":"https:\/\/api.w.org\/{rel}","templated":true}]}}