{"id":7410,"date":"2015-07-16T14:06:23","date_gmt":"2016-01-04T16:40:33","guid":{"rendered":"https:\/\/www.raytech.it\/?post_type=product&#038;p=7410&#038;lang=fr"},"modified":"2025-02-20T05:20:35","modified_gmt":"2025-02-20T04:20:35","slug":"tapis-chauffant","status":"publish","type":"product","link":"https:\/\/www.raytech.it\/fr\/produit\/cables-chauffants\/usage-civil\/antigel-pour-rampes\/puissance-constante-fr\/tapis-chauffant","title":{"rendered":"Tapis chauffant"},"content":{"rendered":"<h4><span style=\"color: #e3001a;\">Easy Ramp<br \/>\nTapis chauffant puissance constante<\/span><\/h4>\n<p>Raytech Easy Ramp est constitu\u00e9 d\u2019un c\u00e2ble chauffant \u00e0 puissance constante, assembl\u00e9 avec\u00a0une bande formant un tapis chauffant facile et rapide \u00e0 \u00e9tendre sur les surfaces \u00e0 prot\u00e9ger.\u00a0Easy Ramp est conseill\u00e9 tout particuli\u00e8rement pour pallier aux probl\u00e8mes caus\u00e9s par la\u00a0formation de glace et par l\u2019accumulation de neige sur les rampes d\u2019acc\u00e8s aux garages, les\u00a0rues pi\u00e9tonnes, les parkings d\u00e9couverts, les trottoirs, etc. Il peut \u00eatre install\u00e9 dans le ciment,\u00a0l\u2019asphalte, les briques autobloquantes ou sous des pav\u00e9s de porphyre ou autres mat\u00e9riaux \u00a0de rev\u00eatement bloqu\u00e9s avec du ciment et du sable. La largeur standard des tapis Easy Ramp\u00a0est de 60 cm. Cette largeur est suffisante pour lib\u00e9rer de la glace et de la neige la trace de la\u00a0roue d\u2019une voiture ou de cr\u00e9er un passage pour les pi\u00e9tons extr\u00eamement s\u00fbr. La puissance\u00a0sp\u00e9cifique d\u00e9velopp\u00e9e par Easy Ramp est de 300 W\/m2. Le tapis est disponible en plusieurs\u00a0longueurs, facilement adaptable aux dimensions de la surface \u00e0 tracer et si les dimensions du\u00a0tapis \u00e9taient sup\u00e9rieures aux dimensions de la rampe, la partie exc\u00e9dante du tapis peut \u00eatre\u00a0facilement pli\u00e9e \u00e0 90\u00b0. Le tapis est fourni termin\u00e9, pr\u00eat \u00e0 \u00eatre install\u00e9, avec 4 m\u00e8tres de c\u00e2bles\u00a0froid (3&#215;1,5 mm2 o 3&#215;2,5 mm2) pour la connexion \u00e0 l\u2019alimentation. Le c\u00e2ble chauffant \u00e0 puissance\u00a0constante qui compose le tapis est un c\u00e2ble chauffant \u00e0 2 conducteurs, blind\u00e9. Cela\u00a0permet d\u2019alimenter une seule extr\u00e9mit\u00e9, rendant l\u2019installation encore plus simple et rapide.<\/p>\n","protected":false},"excerpt":{"rendered":"<p>Easy Ramp Tapis chauffant puissance constante Raytech Easy Ramp est constitu\u00e9 d\u2019un c\u00e2ble chauffant \u00e0 puissance constante, assembl\u00e9 avec\u00a0une bande formant un tapis chauffant facile et rapide \u00e0 \u00e9tendre sur<span class=\"excerpt-hellip\"> [\u2026]<\/span><\/p>\n","protected":false},"featured_media":4461,"template":"","meta":[],"product_brand":[],"product_cat":[161,166,168,401],"product_tag":[],"class_list":{"0":"post-7410","1":"product","2":"type-product","3":"status-publish","4":"has-post-thumbnail","6":"product_cat-cables-chauffants","7":"product_cat-usage-civil","8":"product_cat-antigel-pour-rampes","9":"product_cat-puissance-constante-fr","11":"first","12":"instock","13":"taxable","14":"shipping-taxable","15":"product-type-simple"},"yoast_head":"<!-- This site is optimized with the Yoast SEO plugin v26.5 - https:\/\/yoast.com\/wordpress\/plugins\/seo\/ -->\n<title>Tapis chauffant | Raytech<\/title>\n<meta name=\"robots\" content=\"index, follow, max-snippet:-1, max-image-preview:large, max-video-preview:-1\" \/>\n<link rel=\"canonical\" href=\"https:\/\/www.raytech.it\/fr\/produit\/cables-chauffants\/usage-civil\/antigel-pour-rampes\/puissance-constante-fr\/tapis-chauffant\" \/>\n<meta property=\"og:locale\" content=\"fr_FR\" \/>\n<meta property=\"og:type\" content=\"article\" \/>\n<meta property=\"og:title\" content=\"Tapis chauffant | Raytech\" \/>\n<meta property=\"og:description\" content=\"Easy Ramp Tapis chauffant puissance constante Raytech Easy Ramp est constitu\u00e9 d\u2019un c\u00e2ble chauffant \u00e0 puissance constante, assembl\u00e9 avec\u00a0une bande formant un tapis chauffant facile et rapide \u00e0 \u00e9tendre sur [\u2026]\" \/>\n<meta property=\"og:url\" content=\"https:\/\/www.raytech.it\/fr\/produit\/cables-chauffants\/usage-civil\/antigel-pour-rampes\/puissance-constante-fr\/tapis-chauffant\" \/>\n<meta property=\"og:site_name\" content=\"Raytech\" \/>\n<meta property=\"article:publisher\" content=\"https:\/\/www.facebook.com\/RaytechItaly\" \/>\n<meta property=\"article:modified_time\" content=\"2025-02-20T04:20:35+00:00\" \/>\n<meta property=\"og:image\" content=\"https:\/\/www.raytech.it\/wp-content\/uploads\/easy-ramp-1.jpg\" \/>\n\t<meta property=\"og:image:width\" content=\"1024\" \/>\n\t<meta property=\"og:image:height\" content=\"1024\" \/>\n\t<meta property=\"og:image:type\" content=\"image\/jpeg\" \/>\n<meta name=\"twitter:card\" content=\"summary_large_image\" \/>\n<meta name=\"twitter:label1\" content=\"Dur\u00e9e de lecture estim\u00e9e\" \/>\n\t<meta name=\"twitter:data1\" content=\"1 minute\" \/>\n<script type=\"application\/ld+json\" class=\"yoast-schema-graph\">{\"@context\":\"https:\/\/schema.org\",\"@graph\":[{\"@type\":\"WebPage\",\"@id\":\"https:\/\/www.raytech.it\/fr\/produit\/cables-chauffants\/usage-civil\/antigel-pour-rampes\/puissance-constante-fr\/tapis-chauffant\",\"url\":\"https:\/\/www.raytech.it\/fr\/produit\/cables-chauffants\/usage-civil\/antigel-pour-rampes\/puissance-constante-fr\/tapis-chauffant\",\"name\":\"Tapis chauffant | Raytech\",\"isPartOf\":{\"@id\":\"https:\/\/www.raytech.it\/#website\"},\"primaryImageOfPage\":{\"@id\":\"https:\/\/www.raytech.it\/fr\/produit\/cables-chauffants\/usage-civil\/antigel-pour-rampes\/puissance-constante-fr\/tapis-chauffant#primaryimage\"},\"image\":{\"@id\":\"https:\/\/www.raytech.it\/fr\/produit\/cables-chauffants\/usage-civil\/antigel-pour-rampes\/puissance-constante-fr\/tapis-chauffant#primaryimage\"},\"thumbnailUrl\":\"https:\/\/www.raytech.it\/wp-content\/uploads\/easy-ramp-1.jpg\",\"datePublished\":\"2016-01-04T16:40:33+00:00\",\"dateModified\":\"2025-02-20T04:20:35+00:00\",\"breadcrumb\":{\"@id\":\"https:\/\/www.raytech.it\/fr\/produit\/cables-chauffants\/usage-civil\/antigel-pour-rampes\/puissance-constante-fr\/tapis-chauffant#breadcrumb\"},\"inLanguage\":\"fr-FR\",\"potentialAction\":[{\"@type\":\"ReadAction\",\"target\":[\"https:\/\/www.raytech.it\/fr\/produit\/cables-chauffants\/usage-civil\/antigel-pour-rampes\/puissance-constante-fr\/tapis-chauffant\"]}]},{\"@type\":\"ImageObject\",\"inLanguage\":\"fr-FR\",\"@id\":\"https:\/\/www.raytech.it\/fr\/produit\/cables-chauffants\/usage-civil\/antigel-pour-rampes\/puissance-constante-fr\/tapis-chauffant#primaryimage\",\"url\":\"https:\/\/www.raytech.it\/wp-content\/uploads\/easy-ramp-1.jpg\",\"contentUrl\":\"https:\/\/www.raytech.it\/wp-content\/uploads\/easy-ramp-1.jpg\",\"width\":1024,\"height\":1024},{\"@type\":\"BreadcrumbList\",\"@id\":\"https:\/\/www.raytech.it\/fr\/produit\/cables-chauffants\/usage-civil\/antigel-pour-rampes\/puissance-constante-fr\/tapis-chauffant#breadcrumb\",\"itemListElement\":[{\"@type\":\"ListItem\",\"position\":1,\"name\":\"Home\",\"item\":\"https:\/\/www.raytech.it\/fr\"},{\"@type\":\"ListItem\",\"position\":2,\"name\":\"Boutique\",\"item\":\"https:\/\/www.raytech.it\/fr\/boutique\"},{\"@type\":\"ListItem\",\"position\":3,\"name\":\"Tapis chauffant\"}]},{\"@type\":\"WebSite\",\"@id\":\"https:\/\/www.raytech.it\/#website\",\"url\":\"https:\/\/www.raytech.it\/\",\"name\":\"Raytech\",\"description\":\"Cable accessories company\",\"publisher\":{\"@id\":\"https:\/\/www.raytech.it\/#organization\"},\"potentialAction\":[{\"@type\":\"SearchAction\",\"target\":{\"@type\":\"EntryPoint\",\"urlTemplate\":\"https:\/\/www.raytech.it\/?s={search_term_string}\"},\"query-input\":{\"@type\":\"PropertyValueSpecification\",\"valueRequired\":true,\"valueName\":\"search_term_string\"}}],\"inLanguage\":\"fr-FR\"},{\"@type\":\"Organization\",\"@id\":\"https:\/\/www.raytech.it\/#organization\",\"name\":\"Raytech\",\"url\":\"https:\/\/www.raytech.it\/\",\"logo\":{\"@type\":\"ImageObject\",\"inLanguage\":\"fr-FR\",\"@id\":\"https:\/\/www.raytech.it\/#\/schema\/logo\/image\/\",\"url\":\"https:\/\/www.raytech.it\/wp-content\/uploads\/logo-raytech-2019-retina-3.png\",\"contentUrl\":\"https:\/\/www.raytech.it\/wp-content\/uploads\/logo-raytech-2019-retina-3.png\",\"width\":340,\"height\":90,\"caption\":\"Raytech\"},\"image\":{\"@id\":\"https:\/\/www.raytech.it\/#\/schema\/logo\/image\/\"},\"sameAs\":[\"https:\/\/www.facebook.com\/RaytechItaly\",\"https:\/\/www.instagram.com\/raytech_italy\/\",\"https:\/\/www.youtube.com\/user\/raytechitaly\",\"https:\/\/twitter.com\/Raytech_Italy\"]}]}<\/script>\n<!-- \/ Yoast SEO plugin. -->","yoast_head_json":{"title":"Tapis chauffant | Raytech","robots":{"index":"index","follow":"follow","max-snippet":"max-snippet:-1","max-image-preview":"max-image-preview:large","max-video-preview":"max-video-preview:-1"},"canonical":"https:\/\/www.raytech.it\/fr\/produit\/cables-chauffants\/usage-civil\/antigel-pour-rampes\/puissance-constante-fr\/tapis-chauffant","og_locale":"fr_FR","og_type":"article","og_title":"Tapis chauffant | Raytech","og_description":"Easy Ramp Tapis chauffant puissance constante Raytech Easy Ramp est constitu\u00e9 d\u2019un c\u00e2ble chauffant \u00e0 puissance constante, assembl\u00e9 avec\u00a0une bande formant un tapis chauffant facile et rapide \u00e0 \u00e9tendre sur [\u2026]","og_url":"https:\/\/www.raytech.it\/fr\/produit\/cables-chauffants\/usage-civil\/antigel-pour-rampes\/puissance-constante-fr\/tapis-chauffant","og_site_name":"Raytech","article_publisher":"https:\/\/www.facebook.com\/RaytechItaly","article_modified_time":"2025-02-20T04:20:35+00:00","og_image":[{"width":1024,"height":1024,"url":"https:\/\/www.raytech.it\/wp-content\/uploads\/easy-ramp-1.jpg","type":"image\/jpeg"}],"twitter_card":"summary_large_image","twitter_misc":{"Dur\u00e9e de lecture estim\u00e9e":"1 minute"},"schema":{"@context":"https:\/\/schema.org","@graph":[{"@type":"WebPage","@id":"https:\/\/www.raytech.it\/fr\/produit\/cables-chauffants\/usage-civil\/antigel-pour-rampes\/puissance-constante-fr\/tapis-chauffant","url":"https:\/\/www.raytech.it\/fr\/produit\/cables-chauffants\/usage-civil\/antigel-pour-rampes\/puissance-constante-fr\/tapis-chauffant","name":"Tapis chauffant | Raytech","isPartOf":{"@id":"https:\/\/www.raytech.it\/#website"},"primaryImageOfPage":{"@id":"https:\/\/www.raytech.it\/fr\/produit\/cables-chauffants\/usage-civil\/antigel-pour-rampes\/puissance-constante-fr\/tapis-chauffant#primaryimage"},"image":{"@id":"https:\/\/www.raytech.it\/fr\/produit\/cables-chauffants\/usage-civil\/antigel-pour-rampes\/puissance-constante-fr\/tapis-chauffant#primaryimage"},"thumbnailUrl":"https:\/\/www.raytech.it\/wp-content\/uploads\/easy-ramp-1.jpg","datePublished":"2016-01-04T16:40:33+00:00","dateModified":"2025-02-20T04:20:35+00:00","breadcrumb":{"@id":"https:\/\/www.raytech.it\/fr\/produit\/cables-chauffants\/usage-civil\/antigel-pour-rampes\/puissance-constante-fr\/tapis-chauffant#breadcrumb"},"inLanguage":"fr-FR","potentialAction":[{"@type":"ReadAction","target":["https:\/\/www.raytech.it\/fr\/produit\/cables-chauffants\/usage-civil\/antigel-pour-rampes\/puissance-constante-fr\/tapis-chauffant"]}]},{"@type":"ImageObject","inLanguage":"fr-FR","@id":"https:\/\/www.raytech.it\/fr\/produit\/cables-chauffants\/usage-civil\/antigel-pour-rampes\/puissance-constante-fr\/tapis-chauffant#primaryimage","url":"https:\/\/www.raytech.it\/wp-content\/uploads\/easy-ramp-1.jpg","contentUrl":"https:\/\/www.raytech.it\/wp-content\/uploads\/easy-ramp-1.jpg","width":1024,"height":1024},{"@type":"BreadcrumbList","@id":"https:\/\/www.raytech.it\/fr\/produit\/cables-chauffants\/usage-civil\/antigel-pour-rampes\/puissance-constante-fr\/tapis-chauffant#breadcrumb","itemListElement":[{"@type":"ListItem","position":1,"name":"Home","item":"https:\/\/www.raytech.it\/fr"},{"@type":"ListItem","position":2,"name":"Boutique","item":"https:\/\/www.raytech.it\/fr\/boutique"},{"@type":"ListItem","position":3,"name":"Tapis chauffant"}]},{"@type":"WebSite","@id":"https:\/\/www.raytech.it\/#website","url":"https:\/\/www.raytech.it\/","name":"Raytech","description":"Cable accessories company","publisher":{"@id":"https:\/\/www.raytech.it\/#organization"},"potentialAction":[{"@type":"SearchAction","target":{"@type":"EntryPoint","urlTemplate":"https:\/\/www.raytech.it\/?s={search_term_string}"},"query-input":{"@type":"PropertyValueSpecification","valueRequired":true,"valueName":"search_term_string"}}],"inLanguage":"fr-FR"},{"@type":"Organization","@id":"https:\/\/www.raytech.it\/#organization","name":"Raytech","url":"https:\/\/www.raytech.it\/","logo":{"@type":"ImageObject","inLanguage":"fr-FR","@id":"https:\/\/www.raytech.it\/#\/schema\/logo\/image\/","url":"https:\/\/www.raytech.it\/wp-content\/uploads\/logo-raytech-2019-retina-3.png","contentUrl":"https:\/\/www.raytech.it\/wp-content\/uploads\/logo-raytech-2019-retina-3.png","width":340,"height":90,"caption":"Raytech"},"image":{"@id":"https:\/\/www.raytech.it\/#\/schema\/logo\/image\/"},"sameAs":["https:\/\/www.facebook.com\/RaytechItaly","https:\/\/www.instagram.com\/raytech_italy\/","https:\/\/www.youtube.com\/user\/raytechitaly","https:\/\/twitter.com\/Raytech_Italy"]}]}},"_links":{"self":[{"href":"https:\/\/www.raytech.it\/fr\/wp-json\/wp\/v2\/product\/7410","targetHints":{"allow":["GET"]}}],"collection":[{"href":"https:\/\/www.raytech.it\/fr\/wp-json\/wp\/v2\/product"}],"about":[{"href":"https:\/\/www.raytech.it\/fr\/wp-json\/wp\/v2\/types\/product"}],"wp:featuredmedia":[{"embeddable":true,"href":"https:\/\/www.raytech.it\/fr\/wp-json\/wp\/v2\/media\/4461"}],"wp:attachment":[{"href":"https:\/\/www.raytech.it\/fr\/wp-json\/wp\/v2\/media?parent=7410"}],"wp:term":[{"taxonomy":"product_brand","embeddable":true,"href":"https:\/\/www.raytech.it\/fr\/wp-json\/wp\/v2\/product_brand?post=7410"},{"taxonomy":"product_cat","embeddable":true,"href":"https:\/\/www.raytech.it\/fr\/wp-json\/wp\/v2\/product_cat?post=7410"},{"taxonomy":"product_tag","embeddable":true,"href":"https:\/\/www.raytech.it\/fr\/wp-json\/wp\/v2\/product_tag?post=7410"}],"curies":[{"name":"wp","href":"https:\/\/api.w.org\/{rel}","templated":true}]}}