{"id":7415,"date":"2015-07-16T14:09:21","date_gmt":"2016-01-04T16:34:39","guid":{"rendered":"https:\/\/www.raytech.it\/?post_type=product&#038;p=7415&#038;lang=fr"},"modified":"2019-07-31T14:53:30","modified_gmt":"2019-07-31T14:53:30","slug":"cable-autoregulant-pour-utilisation-antigel","status":"publish","type":"product","link":"https:\/\/www.raytech.it\/fr\/produit\/cables-chauffants\/usage-civil\/antigel-pour-canalisations\/autoregulants-fr-2\/cable-autoregulant-pour-utilisation-antigel","title":{"rendered":"C\u00e2ble autor\u00e9gulant pour utilisation antigel"},"content":{"rendered":"<h4><span style=\"color: #e3001a;\">MCA<br \/>\nC\u00e2ble autor\u00e9gulant pour utilisation antigel ou pour\u00a0le maintien en temp\u00e9rature pour un usage g\u00e9n\u00e9ral<\/span><\/h4>\n<p>Pour un usage antigel sur les tuyaux ou les r\u00e9servoirs ou pour le maintient de temp\u00e9ratures de\u00a0proc\u00e9d\u00e9 dans un milieu de 65\u00b0C, m\u00eame dans des zones classifi\u00e9es. Sans maintenance, fiable, facile\u00a0\u00e0 installer. Adapt\u00e9 pour fonctionner \u00e9galement en pr\u00e9sence de solutions inorganiques l\u00e9g\u00e8res.<\/p>\n<div class=\"mca-compact\">\n<h4><span style=\"color: #e3001a;\">MCA Compact<\/span><\/h4>\n<p>Ca\u0302bles <strong>autore\u0301gulants<\/strong> de petites dimensions pour un usage antigel ou pour le maintient en tempe\u0301rature.\n<\/div>\n","protected":false},"excerpt":{"rendered":"<p>MCA C\u00e2ble autor\u00e9gulant pour utilisation antigel ou pour\u00a0le maintien en temp\u00e9rature pour un usage g\u00e9n\u00e9ral Pour un usage antigel sur les tuyaux ou les r\u00e9servoirs ou pour le maintient de<span class=\"excerpt-hellip\"> [\u2026]<\/span><\/p>\n","protected":false},"featured_media":2494,"template":"","meta":[],"product_brand":[],"product_cat":[161,166,167,399],"product_tag":[],"class_list":{"0":"post-7415","1":"product","2":"type-product","3":"status-publish","4":"has-post-thumbnail","6":"product_cat-cables-chauffants","7":"product_cat-usage-civil","8":"product_cat-antigel-pour-canalisations","9":"product_cat-autoregulants-fr-2","11":"first","12":"instock","13":"taxable","14":"shipping-taxable","15":"product-type-simple"},"yoast_head":"<!-- This site is optimized with the Yoast SEO plugin v26.5 - https:\/\/yoast.com\/wordpress\/plugins\/seo\/ -->\n<title>C\u00e2ble autor\u00e9gulant pour utilisation antigel | Raytech<\/title>\n<meta name=\"robots\" content=\"index, follow, max-snippet:-1, max-image-preview:large, max-video-preview:-1\" \/>\n<link rel=\"canonical\" href=\"https:\/\/www.raytech.it\/fr\/produit\/cables-chauffants\/usage-civil\/antigel-pour-canalisations\/autoregulants-fr-2\/cable-autoregulant-pour-utilisation-antigel\" \/>\n<meta property=\"og:locale\" content=\"fr_FR\" \/>\n<meta property=\"og:type\" content=\"article\" \/>\n<meta property=\"og:title\" content=\"C\u00e2ble autor\u00e9gulant pour utilisation antigel | Raytech\" \/>\n<meta property=\"og:description\" content=\"MCA C\u00e2ble autor\u00e9gulant pour utilisation antigel ou pour\u00a0le maintien en temp\u00e9rature pour un usage g\u00e9n\u00e9ral Pour un usage antigel sur les tuyaux ou les r\u00e9servoirs ou pour le maintient de [\u2026]\" \/>\n<meta property=\"og:url\" content=\"https:\/\/www.raytech.it\/fr\/produit\/cables-chauffants\/usage-civil\/antigel-pour-canalisations\/autoregulants-fr-2\/cable-autoregulant-pour-utilisation-antigel\" \/>\n<meta property=\"og:site_name\" content=\"Raytech\" \/>\n<meta property=\"article:publisher\" content=\"https:\/\/www.facebook.com\/RaytechItaly\" \/>\n<meta property=\"article:modified_time\" content=\"2019-07-31T14:53:30+00:00\" \/>\n<meta property=\"og:image\" content=\"https:\/\/www.raytech.it\/wp-content\/uploads\/mca-tutti.jpg\" \/>\n\t<meta property=\"og:image:width\" content=\"1024\" \/>\n\t<meta property=\"og:image:height\" content=\"1024\" \/>\n\t<meta property=\"og:image:type\" content=\"image\/jpeg\" \/>\n<meta name=\"twitter:card\" content=\"summary_large_image\" \/>\n<script type=\"application\/ld+json\" class=\"yoast-schema-graph\">{\"@context\":\"https:\/\/schema.org\",\"@graph\":[{\"@type\":\"WebPage\",\"@id\":\"https:\/\/www.raytech.it\/fr\/produit\/cables-chauffants\/usage-civil\/antigel-pour-canalisations\/autoregulants-fr-2\/cable-autoregulant-pour-utilisation-antigel\",\"url\":\"https:\/\/www.raytech.it\/fr\/produit\/cables-chauffants\/usage-civil\/antigel-pour-canalisations\/autoregulants-fr-2\/cable-autoregulant-pour-utilisation-antigel\",\"name\":\"C\u00e2ble autor\u00e9gulant pour utilisation antigel | Raytech\",\"isPartOf\":{\"@id\":\"https:\/\/www.raytech.it\/#website\"},\"primaryImageOfPage\":{\"@id\":\"https:\/\/www.raytech.it\/fr\/produit\/cables-chauffants\/usage-civil\/antigel-pour-canalisations\/autoregulants-fr-2\/cable-autoregulant-pour-utilisation-antigel#primaryimage\"},\"image\":{\"@id\":\"https:\/\/www.raytech.it\/fr\/produit\/cables-chauffants\/usage-civil\/antigel-pour-canalisations\/autoregulants-fr-2\/cable-autoregulant-pour-utilisation-antigel#primaryimage\"},\"thumbnailUrl\":\"https:\/\/www.raytech.it\/wp-content\/uploads\/mca-tutti.jpg\",\"datePublished\":\"2016-01-04T16:34:39+00:00\",\"dateModified\":\"2019-07-31T14:53:30+00:00\",\"breadcrumb\":{\"@id\":\"https:\/\/www.raytech.it\/fr\/produit\/cables-chauffants\/usage-civil\/antigel-pour-canalisations\/autoregulants-fr-2\/cable-autoregulant-pour-utilisation-antigel#breadcrumb\"},\"inLanguage\":\"fr-FR\",\"potentialAction\":[{\"@type\":\"ReadAction\",\"target\":[\"https:\/\/www.raytech.it\/fr\/produit\/cables-chauffants\/usage-civil\/antigel-pour-canalisations\/autoregulants-fr-2\/cable-autoregulant-pour-utilisation-antigel\"]}]},{\"@type\":\"ImageObject\",\"inLanguage\":\"fr-FR\",\"@id\":\"https:\/\/www.raytech.it\/fr\/produit\/cables-chauffants\/usage-civil\/antigel-pour-canalisations\/autoregulants-fr-2\/cable-autoregulant-pour-utilisation-antigel#primaryimage\",\"url\":\"https:\/\/www.raytech.it\/wp-content\/uploads\/mca-tutti.jpg\",\"contentUrl\":\"https:\/\/www.raytech.it\/wp-content\/uploads\/mca-tutti.jpg\",\"width\":1024,\"height\":1024},{\"@type\":\"BreadcrumbList\",\"@id\":\"https:\/\/www.raytech.it\/fr\/produit\/cables-chauffants\/usage-civil\/antigel-pour-canalisations\/autoregulants-fr-2\/cable-autoregulant-pour-utilisation-antigel#breadcrumb\",\"itemListElement\":[{\"@type\":\"ListItem\",\"position\":1,\"name\":\"Home\",\"item\":\"https:\/\/www.raytech.it\/fr\"},{\"@type\":\"ListItem\",\"position\":2,\"name\":\"Boutique\",\"item\":\"https:\/\/www.raytech.it\/fr\/boutique\"},{\"@type\":\"ListItem\",\"position\":3,\"name\":\"C\u00e2ble autor\u00e9gulant pour utilisation antigel\"}]},{\"@type\":\"WebSite\",\"@id\":\"https:\/\/www.raytech.it\/#website\",\"url\":\"https:\/\/www.raytech.it\/\",\"name\":\"Raytech\",\"description\":\"Cable accessories company\",\"publisher\":{\"@id\":\"https:\/\/www.raytech.it\/#organization\"},\"potentialAction\":[{\"@type\":\"SearchAction\",\"target\":{\"@type\":\"EntryPoint\",\"urlTemplate\":\"https:\/\/www.raytech.it\/?s={search_term_string}\"},\"query-input\":{\"@type\":\"PropertyValueSpecification\",\"valueRequired\":true,\"valueName\":\"search_term_string\"}}],\"inLanguage\":\"fr-FR\"},{\"@type\":\"Organization\",\"@id\":\"https:\/\/www.raytech.it\/#organization\",\"name\":\"Raytech\",\"url\":\"https:\/\/www.raytech.it\/\",\"logo\":{\"@type\":\"ImageObject\",\"inLanguage\":\"fr-FR\",\"@id\":\"https:\/\/www.raytech.it\/#\/schema\/logo\/image\/\",\"url\":\"https:\/\/www.raytech.it\/wp-content\/uploads\/logo-raytech-2019-retina-3.png\",\"contentUrl\":\"https:\/\/www.raytech.it\/wp-content\/uploads\/logo-raytech-2019-retina-3.png\",\"width\":340,\"height\":90,\"caption\":\"Raytech\"},\"image\":{\"@id\":\"https:\/\/www.raytech.it\/#\/schema\/logo\/image\/\"},\"sameAs\":[\"https:\/\/www.facebook.com\/RaytechItaly\",\"https:\/\/www.instagram.com\/raytech_italy\/\",\"https:\/\/www.youtube.com\/user\/raytechitaly\",\"https:\/\/twitter.com\/Raytech_Italy\"]}]}<\/script>\n<!-- \/ Yoast SEO plugin. -->","yoast_head_json":{"title":"C\u00e2ble autor\u00e9gulant pour utilisation antigel | Raytech","robots":{"index":"index","follow":"follow","max-snippet":"max-snippet:-1","max-image-preview":"max-image-preview:large","max-video-preview":"max-video-preview:-1"},"canonical":"https:\/\/www.raytech.it\/fr\/produit\/cables-chauffants\/usage-civil\/antigel-pour-canalisations\/autoregulants-fr-2\/cable-autoregulant-pour-utilisation-antigel","og_locale":"fr_FR","og_type":"article","og_title":"C\u00e2ble autor\u00e9gulant pour utilisation antigel | Raytech","og_description":"MCA C\u00e2ble autor\u00e9gulant pour utilisation antigel ou pour\u00a0le maintien en temp\u00e9rature pour un usage g\u00e9n\u00e9ral Pour un usage antigel sur les tuyaux ou les r\u00e9servoirs ou pour le maintient de [\u2026]","og_url":"https:\/\/www.raytech.it\/fr\/produit\/cables-chauffants\/usage-civil\/antigel-pour-canalisations\/autoregulants-fr-2\/cable-autoregulant-pour-utilisation-antigel","og_site_name":"Raytech","article_publisher":"https:\/\/www.facebook.com\/RaytechItaly","article_modified_time":"2019-07-31T14:53:30+00:00","og_image":[{"width":1024,"height":1024,"url":"https:\/\/www.raytech.it\/wp-content\/uploads\/mca-tutti.jpg","type":"image\/jpeg"}],"twitter_card":"summary_large_image","schema":{"@context":"https:\/\/schema.org","@graph":[{"@type":"WebPage","@id":"https:\/\/www.raytech.it\/fr\/produit\/cables-chauffants\/usage-civil\/antigel-pour-canalisations\/autoregulants-fr-2\/cable-autoregulant-pour-utilisation-antigel","url":"https:\/\/www.raytech.it\/fr\/produit\/cables-chauffants\/usage-civil\/antigel-pour-canalisations\/autoregulants-fr-2\/cable-autoregulant-pour-utilisation-antigel","name":"C\u00e2ble autor\u00e9gulant pour utilisation antigel | Raytech","isPartOf":{"@id":"https:\/\/www.raytech.it\/#website"},"primaryImageOfPage":{"@id":"https:\/\/www.raytech.it\/fr\/produit\/cables-chauffants\/usage-civil\/antigel-pour-canalisations\/autoregulants-fr-2\/cable-autoregulant-pour-utilisation-antigel#primaryimage"},"image":{"@id":"https:\/\/www.raytech.it\/fr\/produit\/cables-chauffants\/usage-civil\/antigel-pour-canalisations\/autoregulants-fr-2\/cable-autoregulant-pour-utilisation-antigel#primaryimage"},"thumbnailUrl":"https:\/\/www.raytech.it\/wp-content\/uploads\/mca-tutti.jpg","datePublished":"2016-01-04T16:34:39+00:00","dateModified":"2019-07-31T14:53:30+00:00","breadcrumb":{"@id":"https:\/\/www.raytech.it\/fr\/produit\/cables-chauffants\/usage-civil\/antigel-pour-canalisations\/autoregulants-fr-2\/cable-autoregulant-pour-utilisation-antigel#breadcrumb"},"inLanguage":"fr-FR","potentialAction":[{"@type":"ReadAction","target":["https:\/\/www.raytech.it\/fr\/produit\/cables-chauffants\/usage-civil\/antigel-pour-canalisations\/autoregulants-fr-2\/cable-autoregulant-pour-utilisation-antigel"]}]},{"@type":"ImageObject","inLanguage":"fr-FR","@id":"https:\/\/www.raytech.it\/fr\/produit\/cables-chauffants\/usage-civil\/antigel-pour-canalisations\/autoregulants-fr-2\/cable-autoregulant-pour-utilisation-antigel#primaryimage","url":"https:\/\/www.raytech.it\/wp-content\/uploads\/mca-tutti.jpg","contentUrl":"https:\/\/www.raytech.it\/wp-content\/uploads\/mca-tutti.jpg","width":1024,"height":1024},{"@type":"BreadcrumbList","@id":"https:\/\/www.raytech.it\/fr\/produit\/cables-chauffants\/usage-civil\/antigel-pour-canalisations\/autoregulants-fr-2\/cable-autoregulant-pour-utilisation-antigel#breadcrumb","itemListElement":[{"@type":"ListItem","position":1,"name":"Home","item":"https:\/\/www.raytech.it\/fr"},{"@type":"ListItem","position":2,"name":"Boutique","item":"https:\/\/www.raytech.it\/fr\/boutique"},{"@type":"ListItem","position":3,"name":"C\u00e2ble autor\u00e9gulant pour utilisation antigel"}]},{"@type":"WebSite","@id":"https:\/\/www.raytech.it\/#website","url":"https:\/\/www.raytech.it\/","name":"Raytech","description":"Cable accessories company","publisher":{"@id":"https:\/\/www.raytech.it\/#organization"},"potentialAction":[{"@type":"SearchAction","target":{"@type":"EntryPoint","urlTemplate":"https:\/\/www.raytech.it\/?s={search_term_string}"},"query-input":{"@type":"PropertyValueSpecification","valueRequired":true,"valueName":"search_term_string"}}],"inLanguage":"fr-FR"},{"@type":"Organization","@id":"https:\/\/www.raytech.it\/#organization","name":"Raytech","url":"https:\/\/www.raytech.it\/","logo":{"@type":"ImageObject","inLanguage":"fr-FR","@id":"https:\/\/www.raytech.it\/#\/schema\/logo\/image\/","url":"https:\/\/www.raytech.it\/wp-content\/uploads\/logo-raytech-2019-retina-3.png","contentUrl":"https:\/\/www.raytech.it\/wp-content\/uploads\/logo-raytech-2019-retina-3.png","width":340,"height":90,"caption":"Raytech"},"image":{"@id":"https:\/\/www.raytech.it\/#\/schema\/logo\/image\/"},"sameAs":["https:\/\/www.facebook.com\/RaytechItaly","https:\/\/www.instagram.com\/raytech_italy\/","https:\/\/www.youtube.com\/user\/raytechitaly","https:\/\/twitter.com\/Raytech_Italy"]}]}},"_links":{"self":[{"href":"https:\/\/www.raytech.it\/fr\/wp-json\/wp\/v2\/product\/7415","targetHints":{"allow":["GET"]}}],"collection":[{"href":"https:\/\/www.raytech.it\/fr\/wp-json\/wp\/v2\/product"}],"about":[{"href":"https:\/\/www.raytech.it\/fr\/wp-json\/wp\/v2\/types\/product"}],"wp:featuredmedia":[{"embeddable":true,"href":"https:\/\/www.raytech.it\/fr\/wp-json\/wp\/v2\/media\/2494"}],"wp:attachment":[{"href":"https:\/\/www.raytech.it\/fr\/wp-json\/wp\/v2\/media?parent=7415"}],"wp:term":[{"taxonomy":"product_brand","embeddable":true,"href":"https:\/\/www.raytech.it\/fr\/wp-json\/wp\/v2\/product_brand?post=7415"},{"taxonomy":"product_cat","embeddable":true,"href":"https:\/\/www.raytech.it\/fr\/wp-json\/wp\/v2\/product_cat?post=7415"},{"taxonomy":"product_tag","embeddable":true,"href":"https:\/\/www.raytech.it\/fr\/wp-json\/wp\/v2\/product_tag?post=7415"}],"curies":[{"name":"wp","href":"https:\/\/api.w.org\/{rel}","templated":true}]}}