{"id":7431,"date":"2015-07-16T14:38:25","date_gmt":"2016-01-04T17:11:08","guid":{"rendered":"https:\/\/www.raytech.it\/?post_type=product&#038;p=7431&#038;lang=fr"},"modified":"2016-01-07T16:06:26","modified_gmt":"2016-01-07T16:06:26","slug":"kit-de-traversee-isolant-thermique","status":"publish","type":"product","link":"https:\/\/www.raytech.it\/fr\/produit\/cables-chauffants\/accessoires\/kit-de-traversee-isolant-thermique","title":{"rendered":"Kit de travers\u00e9e isolant thermique"},"content":{"rendered":"<h4><span style=\"color: #e3001a;\">MCA-AL<br \/>\nKit de travers\u00e9e isolant thermique<\/span><\/h4>\n<p>Guide le c\u00e2ble \u00e0 passer \u00e0 travers l\u2019isolant thermique, pour \u00e9viter l\u2019abrasion et les infiltrations\u00a0d\u2019eau ou humidit\u00e9. Il contient le presse \u00e9toupe et la plaque de fixation. Un kit pour\u00a0chaque c\u00e2ble.<\/p>\n","protected":false},"excerpt":{"rendered":"<p>MCA-AL Kit de travers\u00e9e isolant thermique Guide le c\u00e2ble \u00e0 passer \u00e0 travers l\u2019isolant thermique, pour \u00e9viter l\u2019abrasion et les infiltrations\u00a0d\u2019eau ou humidit\u00e9. Il contient le presse \u00e9toupe et la<span class=\"excerpt-hellip\"> [\u2026]<\/span><\/p>\n","protected":false},"featured_media":2578,"template":"","meta":[],"product_brand":[],"product_cat":[161,382],"product_tag":[],"class_list":{"0":"post-7431","1":"product","2":"type-product","3":"status-publish","4":"has-post-thumbnail","6":"product_cat-cables-chauffants","7":"product_cat-accessoires","9":"first","10":"instock","11":"taxable","12":"shipping-taxable","13":"product-type-simple"},"yoast_head":"<!-- This site is optimized with the Yoast SEO plugin v26.5 - https:\/\/yoast.com\/wordpress\/plugins\/seo\/ -->\n<title>Kit de travers\u00e9e isolant thermique | Raytech<\/title>\n<meta name=\"robots\" content=\"index, follow, max-snippet:-1, max-image-preview:large, max-video-preview:-1\" \/>\n<link rel=\"canonical\" href=\"https:\/\/www.raytech.it\/fr\/produit\/cables-chauffants\/accessoires\/kit-de-traversee-isolant-thermique\" \/>\n<meta property=\"og:locale\" content=\"fr_FR\" \/>\n<meta property=\"og:type\" content=\"article\" \/>\n<meta property=\"og:title\" content=\"Kit de travers\u00e9e isolant thermique | Raytech\" \/>\n<meta property=\"og:description\" content=\"MCA-AL Kit de travers\u00e9e isolant thermique Guide le c\u00e2ble \u00e0 passer \u00e0 travers l\u2019isolant thermique, pour \u00e9viter l\u2019abrasion et les infiltrations\u00a0d\u2019eau ou humidit\u00e9. Il contient le presse \u00e9toupe et la [\u2026]\" \/>\n<meta property=\"og:url\" content=\"https:\/\/www.raytech.it\/fr\/produit\/cables-chauffants\/accessoires\/kit-de-traversee-isolant-thermique\" \/>\n<meta property=\"og:site_name\" content=\"Raytech\" \/>\n<meta property=\"article:publisher\" content=\"https:\/\/www.facebook.com\/RaytechItaly\" \/>\n<meta property=\"article:modified_time\" content=\"2016-01-07T16:06:26+00:00\" \/>\n<meta property=\"og:image\" content=\"https:\/\/www.raytech.it\/wp-content\/uploads\/MCA-AL.jpg\" \/>\n\t<meta property=\"og:image:width\" content=\"1024\" \/>\n\t<meta property=\"og:image:height\" content=\"1024\" \/>\n\t<meta property=\"og:image:type\" content=\"image\/jpeg\" \/>\n<meta name=\"twitter:card\" content=\"summary_large_image\" \/>\n<script type=\"application\/ld+json\" class=\"yoast-schema-graph\">{\"@context\":\"https:\/\/schema.org\",\"@graph\":[{\"@type\":\"WebPage\",\"@id\":\"https:\/\/www.raytech.it\/fr\/produit\/cables-chauffants\/accessoires\/kit-de-traversee-isolant-thermique\",\"url\":\"https:\/\/www.raytech.it\/fr\/produit\/cables-chauffants\/accessoires\/kit-de-traversee-isolant-thermique\",\"name\":\"Kit de travers\u00e9e isolant thermique | Raytech\",\"isPartOf\":{\"@id\":\"https:\/\/www.raytech.it\/#website\"},\"primaryImageOfPage\":{\"@id\":\"https:\/\/www.raytech.it\/fr\/produit\/cables-chauffants\/accessoires\/kit-de-traversee-isolant-thermique#primaryimage\"},\"image\":{\"@id\":\"https:\/\/www.raytech.it\/fr\/produit\/cables-chauffants\/accessoires\/kit-de-traversee-isolant-thermique#primaryimage\"},\"thumbnailUrl\":\"https:\/\/www.raytech.it\/wp-content\/uploads\/MCA-AL.jpg\",\"datePublished\":\"2016-01-04T17:11:08+00:00\",\"dateModified\":\"2016-01-07T16:06:26+00:00\",\"breadcrumb\":{\"@id\":\"https:\/\/www.raytech.it\/fr\/produit\/cables-chauffants\/accessoires\/kit-de-traversee-isolant-thermique#breadcrumb\"},\"inLanguage\":\"fr-FR\",\"potentialAction\":[{\"@type\":\"ReadAction\",\"target\":[\"https:\/\/www.raytech.it\/fr\/produit\/cables-chauffants\/accessoires\/kit-de-traversee-isolant-thermique\"]}]},{\"@type\":\"ImageObject\",\"inLanguage\":\"fr-FR\",\"@id\":\"https:\/\/www.raytech.it\/fr\/produit\/cables-chauffants\/accessoires\/kit-de-traversee-isolant-thermique#primaryimage\",\"url\":\"https:\/\/www.raytech.it\/wp-content\/uploads\/MCA-AL.jpg\",\"contentUrl\":\"https:\/\/www.raytech.it\/wp-content\/uploads\/MCA-AL.jpg\",\"width\":1024,\"height\":1024},{\"@type\":\"BreadcrumbList\",\"@id\":\"https:\/\/www.raytech.it\/fr\/produit\/cables-chauffants\/accessoires\/kit-de-traversee-isolant-thermique#breadcrumb\",\"itemListElement\":[{\"@type\":\"ListItem\",\"position\":1,\"name\":\"Home\",\"item\":\"https:\/\/www.raytech.it\/fr\"},{\"@type\":\"ListItem\",\"position\":2,\"name\":\"Boutique\",\"item\":\"https:\/\/www.raytech.it\/fr\/boutique\"},{\"@type\":\"ListItem\",\"position\":3,\"name\":\"Kit de travers\u00e9e isolant thermique\"}]},{\"@type\":\"WebSite\",\"@id\":\"https:\/\/www.raytech.it\/#website\",\"url\":\"https:\/\/www.raytech.it\/\",\"name\":\"Raytech\",\"description\":\"Cable accessories company\",\"publisher\":{\"@id\":\"https:\/\/www.raytech.it\/#organization\"},\"potentialAction\":[{\"@type\":\"SearchAction\",\"target\":{\"@type\":\"EntryPoint\",\"urlTemplate\":\"https:\/\/www.raytech.it\/?s={search_term_string}\"},\"query-input\":{\"@type\":\"PropertyValueSpecification\",\"valueRequired\":true,\"valueName\":\"search_term_string\"}}],\"inLanguage\":\"fr-FR\"},{\"@type\":\"Organization\",\"@id\":\"https:\/\/www.raytech.it\/#organization\",\"name\":\"Raytech\",\"url\":\"https:\/\/www.raytech.it\/\",\"logo\":{\"@type\":\"ImageObject\",\"inLanguage\":\"fr-FR\",\"@id\":\"https:\/\/www.raytech.it\/#\/schema\/logo\/image\/\",\"url\":\"https:\/\/www.raytech.it\/wp-content\/uploads\/logo-raytech-2019-retina-3.png\",\"contentUrl\":\"https:\/\/www.raytech.it\/wp-content\/uploads\/logo-raytech-2019-retina-3.png\",\"width\":340,\"height\":90,\"caption\":\"Raytech\"},\"image\":{\"@id\":\"https:\/\/www.raytech.it\/#\/schema\/logo\/image\/\"},\"sameAs\":[\"https:\/\/www.facebook.com\/RaytechItaly\",\"https:\/\/www.instagram.com\/raytech_italy\/\",\"https:\/\/www.youtube.com\/user\/raytechitaly\",\"https:\/\/twitter.com\/Raytech_Italy\"]}]}<\/script>\n<!-- \/ Yoast SEO plugin. -->","yoast_head_json":{"title":"Kit de travers\u00e9e isolant thermique | Raytech","robots":{"index":"index","follow":"follow","max-snippet":"max-snippet:-1","max-image-preview":"max-image-preview:large","max-video-preview":"max-video-preview:-1"},"canonical":"https:\/\/www.raytech.it\/fr\/produit\/cables-chauffants\/accessoires\/kit-de-traversee-isolant-thermique","og_locale":"fr_FR","og_type":"article","og_title":"Kit de travers\u00e9e isolant thermique | Raytech","og_description":"MCA-AL Kit de travers\u00e9e isolant thermique Guide le c\u00e2ble \u00e0 passer \u00e0 travers l\u2019isolant thermique, pour \u00e9viter l\u2019abrasion et les infiltrations\u00a0d\u2019eau ou humidit\u00e9. Il contient le presse \u00e9toupe et la [\u2026]","og_url":"https:\/\/www.raytech.it\/fr\/produit\/cables-chauffants\/accessoires\/kit-de-traversee-isolant-thermique","og_site_name":"Raytech","article_publisher":"https:\/\/www.facebook.com\/RaytechItaly","article_modified_time":"2016-01-07T16:06:26+00:00","og_image":[{"width":1024,"height":1024,"url":"https:\/\/www.raytech.it\/wp-content\/uploads\/MCA-AL.jpg","type":"image\/jpeg"}],"twitter_card":"summary_large_image","schema":{"@context":"https:\/\/schema.org","@graph":[{"@type":"WebPage","@id":"https:\/\/www.raytech.it\/fr\/produit\/cables-chauffants\/accessoires\/kit-de-traversee-isolant-thermique","url":"https:\/\/www.raytech.it\/fr\/produit\/cables-chauffants\/accessoires\/kit-de-traversee-isolant-thermique","name":"Kit de travers\u00e9e isolant thermique | Raytech","isPartOf":{"@id":"https:\/\/www.raytech.it\/#website"},"primaryImageOfPage":{"@id":"https:\/\/www.raytech.it\/fr\/produit\/cables-chauffants\/accessoires\/kit-de-traversee-isolant-thermique#primaryimage"},"image":{"@id":"https:\/\/www.raytech.it\/fr\/produit\/cables-chauffants\/accessoires\/kit-de-traversee-isolant-thermique#primaryimage"},"thumbnailUrl":"https:\/\/www.raytech.it\/wp-content\/uploads\/MCA-AL.jpg","datePublished":"2016-01-04T17:11:08+00:00","dateModified":"2016-01-07T16:06:26+00:00","breadcrumb":{"@id":"https:\/\/www.raytech.it\/fr\/produit\/cables-chauffants\/accessoires\/kit-de-traversee-isolant-thermique#breadcrumb"},"inLanguage":"fr-FR","potentialAction":[{"@type":"ReadAction","target":["https:\/\/www.raytech.it\/fr\/produit\/cables-chauffants\/accessoires\/kit-de-traversee-isolant-thermique"]}]},{"@type":"ImageObject","inLanguage":"fr-FR","@id":"https:\/\/www.raytech.it\/fr\/produit\/cables-chauffants\/accessoires\/kit-de-traversee-isolant-thermique#primaryimage","url":"https:\/\/www.raytech.it\/wp-content\/uploads\/MCA-AL.jpg","contentUrl":"https:\/\/www.raytech.it\/wp-content\/uploads\/MCA-AL.jpg","width":1024,"height":1024},{"@type":"BreadcrumbList","@id":"https:\/\/www.raytech.it\/fr\/produit\/cables-chauffants\/accessoires\/kit-de-traversee-isolant-thermique#breadcrumb","itemListElement":[{"@type":"ListItem","position":1,"name":"Home","item":"https:\/\/www.raytech.it\/fr"},{"@type":"ListItem","position":2,"name":"Boutique","item":"https:\/\/www.raytech.it\/fr\/boutique"},{"@type":"ListItem","position":3,"name":"Kit de travers\u00e9e isolant thermique"}]},{"@type":"WebSite","@id":"https:\/\/www.raytech.it\/#website","url":"https:\/\/www.raytech.it\/","name":"Raytech","description":"Cable accessories company","publisher":{"@id":"https:\/\/www.raytech.it\/#organization"},"potentialAction":[{"@type":"SearchAction","target":{"@type":"EntryPoint","urlTemplate":"https:\/\/www.raytech.it\/?s={search_term_string}"},"query-input":{"@type":"PropertyValueSpecification","valueRequired":true,"valueName":"search_term_string"}}],"inLanguage":"fr-FR"},{"@type":"Organization","@id":"https:\/\/www.raytech.it\/#organization","name":"Raytech","url":"https:\/\/www.raytech.it\/","logo":{"@type":"ImageObject","inLanguage":"fr-FR","@id":"https:\/\/www.raytech.it\/#\/schema\/logo\/image\/","url":"https:\/\/www.raytech.it\/wp-content\/uploads\/logo-raytech-2019-retina-3.png","contentUrl":"https:\/\/www.raytech.it\/wp-content\/uploads\/logo-raytech-2019-retina-3.png","width":340,"height":90,"caption":"Raytech"},"image":{"@id":"https:\/\/www.raytech.it\/#\/schema\/logo\/image\/"},"sameAs":["https:\/\/www.facebook.com\/RaytechItaly","https:\/\/www.instagram.com\/raytech_italy\/","https:\/\/www.youtube.com\/user\/raytechitaly","https:\/\/twitter.com\/Raytech_Italy"]}]}},"_links":{"self":[{"href":"https:\/\/www.raytech.it\/fr\/wp-json\/wp\/v2\/product\/7431","targetHints":{"allow":["GET"]}}],"collection":[{"href":"https:\/\/www.raytech.it\/fr\/wp-json\/wp\/v2\/product"}],"about":[{"href":"https:\/\/www.raytech.it\/fr\/wp-json\/wp\/v2\/types\/product"}],"wp:featuredmedia":[{"embeddable":true,"href":"https:\/\/www.raytech.it\/fr\/wp-json\/wp\/v2\/media\/2578"}],"wp:attachment":[{"href":"https:\/\/www.raytech.it\/fr\/wp-json\/wp\/v2\/media?parent=7431"}],"wp:term":[{"taxonomy":"product_brand","embeddable":true,"href":"https:\/\/www.raytech.it\/fr\/wp-json\/wp\/v2\/product_brand?post=7431"},{"taxonomy":"product_cat","embeddable":true,"href":"https:\/\/www.raytech.it\/fr\/wp-json\/wp\/v2\/product_cat?post=7431"},{"taxonomy":"product_tag","embeddable":true,"href":"https:\/\/www.raytech.it\/fr\/wp-json\/wp\/v2\/product_tag?post=7431"}],"curies":[{"name":"wp","href":"https:\/\/api.w.org\/{rel}","templated":true}]}}