{"id":7444,"date":"2015-07-16T15:06:30","date_gmt":"2016-01-05T09:51:52","guid":{"rendered":"https:\/\/www.raytech.it\/?post_type=product&#038;p=7444&#038;lang=fr"},"modified":"2025-02-20T05:19:40","modified_gmt":"2025-02-20T04:19:40","slug":"raytech-intelligent-display","status":"publish","type":"product","link":"https:\/\/www.raytech.it\/fr\/produit\/cables-chauffants\/confort\/pour-sol\/raytech-intelligent-display","title":{"rendered":"Raytech Intelligent Display"},"content":{"rendered":"<h4><span style=\"color: #e3001a;\">Chronothermostat intelligent pour pi\u00e8ce<\/span><\/h4>\n<p>Le chrono thermostat ambiant \u00e0 microprocesseur RID (Raytech Intelligent Display) est facile\u00a0\u00e0 utiliser gr\u00e2ce au guide de programmation pas-\u00e0-pas. L\u2019\u00e9cran est facilement lisible et affiche\u00a0apr\u00e8s 10 secondes l\u2019explication compl\u00e8te des param\u00e8tres programm\u00e9s.<\/p>\n<p>Il est fourni avec la fonction parquet, limit\u00e9e \u00e0 28\u00b0C pour les rev\u00eatements en bois.<\/p>\n<p>Le RID contr\u00f4le en mode autonome toutes les fonctions ambiantes, de fa\u00e7on \u00e0 rendre\u00a0toute intervention superflue. Avec la programmation par semaine, il est en mesure de tenir\u00a0compte, entre autre, de la temp\u00e9rature programm\u00e9e \u00e0 maintenir, du type et de l\u2019\u00e9paisseur\u00a0du rev\u00eatement, des temp\u00e9ratures limites \u00e0 ne pas d\u00e9passer, de la modalit\u00e9 d\u2019augmentation\u00a0de la temp\u00e9rature, etc.<\/p>\n<p>\u00c9quip\u00e9 des fonctions antigel lorsque la maison n\u2019est pas habit\u00e9e, du blocage pour des\u00a0interventions intempestives (par exemple, des enfants), communique des \u00e9ventuels fonctionnements\u00a0anormaux par le biais d\u2019alarmes appropri\u00e9es.<\/p>\n","protected":false},"excerpt":{"rendered":"<p>Chronothermostat intelligent pour pi\u00e8ce Le chrono thermostat ambiant \u00e0 microprocesseur RID (Raytech Intelligent Display) est facile\u00a0\u00e0 utiliser gr\u00e2ce au guide de programmation pas-\u00e0-pas. L\u2019\u00e9cran est facilement lisible et affiche\u00a0apr\u00e8s 10<span class=\"excerpt-hellip\"> [\u2026]<\/span><\/p>\n","protected":false},"featured_media":1913,"template":"","meta":[],"product_brand":[],"product_cat":[161,162,163],"product_tag":[],"class_list":{"0":"post-7444","1":"product","2":"type-product","3":"status-publish","4":"has-post-thumbnail","6":"product_cat-cables-chauffants","7":"product_cat-confort","8":"product_cat-pour-sol","10":"first","11":"instock","12":"taxable","13":"shipping-taxable","14":"product-type-simple"},"yoast_head":"<!-- This site is optimized with the Yoast SEO plugin v26.5 - https:\/\/yoast.com\/wordpress\/plugins\/seo\/ -->\n<title>Raytech Intelligent Display | Raytech<\/title>\n<meta name=\"robots\" content=\"index, follow, max-snippet:-1, max-image-preview:large, max-video-preview:-1\" \/>\n<link rel=\"canonical\" href=\"https:\/\/www.raytech.it\/fr\/produit\/cables-chauffants\/confort\/pour-sol\/raytech-intelligent-display\" \/>\n<meta property=\"og:locale\" content=\"fr_FR\" \/>\n<meta property=\"og:type\" content=\"article\" \/>\n<meta property=\"og:title\" content=\"Raytech Intelligent Display | Raytech\" \/>\n<meta property=\"og:description\" content=\"Chronothermostat intelligent pour pi\u00e8ce Le chrono thermostat ambiant \u00e0 microprocesseur RID (Raytech Intelligent Display) est facile\u00a0\u00e0 utiliser gr\u00e2ce au guide de programmation pas-\u00e0-pas. L\u2019\u00e9cran est facilement lisible et affiche\u00a0apr\u00e8s 10 [\u2026]\" \/>\n<meta property=\"og:url\" content=\"https:\/\/www.raytech.it\/fr\/produit\/cables-chauffants\/confort\/pour-sol\/raytech-intelligent-display\" \/>\n<meta property=\"og:site_name\" content=\"Raytech\" \/>\n<meta property=\"article:publisher\" content=\"https:\/\/www.facebook.com\/RaytechItaly\" \/>\n<meta property=\"article:modified_time\" content=\"2025-02-20T04:19:40+00:00\" \/>\n<meta property=\"og:image\" content=\"https:\/\/www.raytech.it\/wp-content\/uploads\/raytech-intelligent-display.jpg\" \/>\n\t<meta property=\"og:image:width\" content=\"500\" \/>\n\t<meta property=\"og:image:height\" content=\"500\" \/>\n\t<meta property=\"og:image:type\" content=\"image\/jpeg\" \/>\n<meta name=\"twitter:card\" content=\"summary_large_image\" \/>\n<meta name=\"twitter:label1\" content=\"Dur\u00e9e de lecture estim\u00e9e\" \/>\n\t<meta name=\"twitter:data1\" content=\"1 minute\" \/>\n<script type=\"application\/ld+json\" class=\"yoast-schema-graph\">{\"@context\":\"https:\/\/schema.org\",\"@graph\":[{\"@type\":\"WebPage\",\"@id\":\"https:\/\/www.raytech.it\/fr\/produit\/cables-chauffants\/confort\/pour-sol\/raytech-intelligent-display\",\"url\":\"https:\/\/www.raytech.it\/fr\/produit\/cables-chauffants\/confort\/pour-sol\/raytech-intelligent-display\",\"name\":\"Raytech Intelligent Display | Raytech\",\"isPartOf\":{\"@id\":\"https:\/\/www.raytech.it\/#website\"},\"primaryImageOfPage\":{\"@id\":\"https:\/\/www.raytech.it\/fr\/produit\/cables-chauffants\/confort\/pour-sol\/raytech-intelligent-display#primaryimage\"},\"image\":{\"@id\":\"https:\/\/www.raytech.it\/fr\/produit\/cables-chauffants\/confort\/pour-sol\/raytech-intelligent-display#primaryimage\"},\"thumbnailUrl\":\"https:\/\/www.raytech.it\/wp-content\/uploads\/raytech-intelligent-display.jpg\",\"datePublished\":\"2016-01-05T09:51:52+00:00\",\"dateModified\":\"2025-02-20T04:19:40+00:00\",\"breadcrumb\":{\"@id\":\"https:\/\/www.raytech.it\/fr\/produit\/cables-chauffants\/confort\/pour-sol\/raytech-intelligent-display#breadcrumb\"},\"inLanguage\":\"fr-FR\",\"potentialAction\":[{\"@type\":\"ReadAction\",\"target\":[\"https:\/\/www.raytech.it\/fr\/produit\/cables-chauffants\/confort\/pour-sol\/raytech-intelligent-display\"]}]},{\"@type\":\"ImageObject\",\"inLanguage\":\"fr-FR\",\"@id\":\"https:\/\/www.raytech.it\/fr\/produit\/cables-chauffants\/confort\/pour-sol\/raytech-intelligent-display#primaryimage\",\"url\":\"https:\/\/www.raytech.it\/wp-content\/uploads\/raytech-intelligent-display.jpg\",\"contentUrl\":\"https:\/\/www.raytech.it\/wp-content\/uploads\/raytech-intelligent-display.jpg\",\"width\":500,\"height\":500},{\"@type\":\"BreadcrumbList\",\"@id\":\"https:\/\/www.raytech.it\/fr\/produit\/cables-chauffants\/confort\/pour-sol\/raytech-intelligent-display#breadcrumb\",\"itemListElement\":[{\"@type\":\"ListItem\",\"position\":1,\"name\":\"Home\",\"item\":\"https:\/\/www.raytech.it\/fr\"},{\"@type\":\"ListItem\",\"position\":2,\"name\":\"Boutique\",\"item\":\"https:\/\/www.raytech.it\/fr\/boutique\"},{\"@type\":\"ListItem\",\"position\":3,\"name\":\"Raytech Intelligent Display\"}]},{\"@type\":\"WebSite\",\"@id\":\"https:\/\/www.raytech.it\/#website\",\"url\":\"https:\/\/www.raytech.it\/\",\"name\":\"Raytech\",\"description\":\"Cable accessories company\",\"publisher\":{\"@id\":\"https:\/\/www.raytech.it\/#organization\"},\"potentialAction\":[{\"@type\":\"SearchAction\",\"target\":{\"@type\":\"EntryPoint\",\"urlTemplate\":\"https:\/\/www.raytech.it\/?s={search_term_string}\"},\"query-input\":{\"@type\":\"PropertyValueSpecification\",\"valueRequired\":true,\"valueName\":\"search_term_string\"}}],\"inLanguage\":\"fr-FR\"},{\"@type\":\"Organization\",\"@id\":\"https:\/\/www.raytech.it\/#organization\",\"name\":\"Raytech\",\"url\":\"https:\/\/www.raytech.it\/\",\"logo\":{\"@type\":\"ImageObject\",\"inLanguage\":\"fr-FR\",\"@id\":\"https:\/\/www.raytech.it\/#\/schema\/logo\/image\/\",\"url\":\"https:\/\/www.raytech.it\/wp-content\/uploads\/logo-raytech-2019-retina-3.png\",\"contentUrl\":\"https:\/\/www.raytech.it\/wp-content\/uploads\/logo-raytech-2019-retina-3.png\",\"width\":340,\"height\":90,\"caption\":\"Raytech\"},\"image\":{\"@id\":\"https:\/\/www.raytech.it\/#\/schema\/logo\/image\/\"},\"sameAs\":[\"https:\/\/www.facebook.com\/RaytechItaly\",\"https:\/\/www.instagram.com\/raytech_italy\/\",\"https:\/\/www.youtube.com\/user\/raytechitaly\",\"https:\/\/twitter.com\/Raytech_Italy\"]}]}<\/script>\n<!-- \/ Yoast SEO plugin. -->","yoast_head_json":{"title":"Raytech Intelligent Display | Raytech","robots":{"index":"index","follow":"follow","max-snippet":"max-snippet:-1","max-image-preview":"max-image-preview:large","max-video-preview":"max-video-preview:-1"},"canonical":"https:\/\/www.raytech.it\/fr\/produit\/cables-chauffants\/confort\/pour-sol\/raytech-intelligent-display","og_locale":"fr_FR","og_type":"article","og_title":"Raytech Intelligent Display | Raytech","og_description":"Chronothermostat intelligent pour pi\u00e8ce Le chrono thermostat ambiant \u00e0 microprocesseur RID (Raytech Intelligent Display) est facile\u00a0\u00e0 utiliser gr\u00e2ce au guide de programmation pas-\u00e0-pas. L\u2019\u00e9cran est facilement lisible et affiche\u00a0apr\u00e8s 10 [\u2026]","og_url":"https:\/\/www.raytech.it\/fr\/produit\/cables-chauffants\/confort\/pour-sol\/raytech-intelligent-display","og_site_name":"Raytech","article_publisher":"https:\/\/www.facebook.com\/RaytechItaly","article_modified_time":"2025-02-20T04:19:40+00:00","og_image":[{"width":500,"height":500,"url":"https:\/\/www.raytech.it\/wp-content\/uploads\/raytech-intelligent-display.jpg","type":"image\/jpeg"}],"twitter_card":"summary_large_image","twitter_misc":{"Dur\u00e9e de lecture estim\u00e9e":"1 minute"},"schema":{"@context":"https:\/\/schema.org","@graph":[{"@type":"WebPage","@id":"https:\/\/www.raytech.it\/fr\/produit\/cables-chauffants\/confort\/pour-sol\/raytech-intelligent-display","url":"https:\/\/www.raytech.it\/fr\/produit\/cables-chauffants\/confort\/pour-sol\/raytech-intelligent-display","name":"Raytech Intelligent Display | Raytech","isPartOf":{"@id":"https:\/\/www.raytech.it\/#website"},"primaryImageOfPage":{"@id":"https:\/\/www.raytech.it\/fr\/produit\/cables-chauffants\/confort\/pour-sol\/raytech-intelligent-display#primaryimage"},"image":{"@id":"https:\/\/www.raytech.it\/fr\/produit\/cables-chauffants\/confort\/pour-sol\/raytech-intelligent-display#primaryimage"},"thumbnailUrl":"https:\/\/www.raytech.it\/wp-content\/uploads\/raytech-intelligent-display.jpg","datePublished":"2016-01-05T09:51:52+00:00","dateModified":"2025-02-20T04:19:40+00:00","breadcrumb":{"@id":"https:\/\/www.raytech.it\/fr\/produit\/cables-chauffants\/confort\/pour-sol\/raytech-intelligent-display#breadcrumb"},"inLanguage":"fr-FR","potentialAction":[{"@type":"ReadAction","target":["https:\/\/www.raytech.it\/fr\/produit\/cables-chauffants\/confort\/pour-sol\/raytech-intelligent-display"]}]},{"@type":"ImageObject","inLanguage":"fr-FR","@id":"https:\/\/www.raytech.it\/fr\/produit\/cables-chauffants\/confort\/pour-sol\/raytech-intelligent-display#primaryimage","url":"https:\/\/www.raytech.it\/wp-content\/uploads\/raytech-intelligent-display.jpg","contentUrl":"https:\/\/www.raytech.it\/wp-content\/uploads\/raytech-intelligent-display.jpg","width":500,"height":500},{"@type":"BreadcrumbList","@id":"https:\/\/www.raytech.it\/fr\/produit\/cables-chauffants\/confort\/pour-sol\/raytech-intelligent-display#breadcrumb","itemListElement":[{"@type":"ListItem","position":1,"name":"Home","item":"https:\/\/www.raytech.it\/fr"},{"@type":"ListItem","position":2,"name":"Boutique","item":"https:\/\/www.raytech.it\/fr\/boutique"},{"@type":"ListItem","position":3,"name":"Raytech Intelligent Display"}]},{"@type":"WebSite","@id":"https:\/\/www.raytech.it\/#website","url":"https:\/\/www.raytech.it\/","name":"Raytech","description":"Cable accessories company","publisher":{"@id":"https:\/\/www.raytech.it\/#organization"},"potentialAction":[{"@type":"SearchAction","target":{"@type":"EntryPoint","urlTemplate":"https:\/\/www.raytech.it\/?s={search_term_string}"},"query-input":{"@type":"PropertyValueSpecification","valueRequired":true,"valueName":"search_term_string"}}],"inLanguage":"fr-FR"},{"@type":"Organization","@id":"https:\/\/www.raytech.it\/#organization","name":"Raytech","url":"https:\/\/www.raytech.it\/","logo":{"@type":"ImageObject","inLanguage":"fr-FR","@id":"https:\/\/www.raytech.it\/#\/schema\/logo\/image\/","url":"https:\/\/www.raytech.it\/wp-content\/uploads\/logo-raytech-2019-retina-3.png","contentUrl":"https:\/\/www.raytech.it\/wp-content\/uploads\/logo-raytech-2019-retina-3.png","width":340,"height":90,"caption":"Raytech"},"image":{"@id":"https:\/\/www.raytech.it\/#\/schema\/logo\/image\/"},"sameAs":["https:\/\/www.facebook.com\/RaytechItaly","https:\/\/www.instagram.com\/raytech_italy\/","https:\/\/www.youtube.com\/user\/raytechitaly","https:\/\/twitter.com\/Raytech_Italy"]}]}},"_links":{"self":[{"href":"https:\/\/www.raytech.it\/fr\/wp-json\/wp\/v2\/product\/7444","targetHints":{"allow":["GET"]}}],"collection":[{"href":"https:\/\/www.raytech.it\/fr\/wp-json\/wp\/v2\/product"}],"about":[{"href":"https:\/\/www.raytech.it\/fr\/wp-json\/wp\/v2\/types\/product"}],"wp:featuredmedia":[{"embeddable":true,"href":"https:\/\/www.raytech.it\/fr\/wp-json\/wp\/v2\/media\/1913"}],"wp:attachment":[{"href":"https:\/\/www.raytech.it\/fr\/wp-json\/wp\/v2\/media?parent=7444"}],"wp:term":[{"taxonomy":"product_brand","embeddable":true,"href":"https:\/\/www.raytech.it\/fr\/wp-json\/wp\/v2\/product_brand?post=7444"},{"taxonomy":"product_cat","embeddable":true,"href":"https:\/\/www.raytech.it\/fr\/wp-json\/wp\/v2\/product_cat?post=7444"},{"taxonomy":"product_tag","embeddable":true,"href":"https:\/\/www.raytech.it\/fr\/wp-json\/wp\/v2\/product_tag?post=7444"}],"curies":[{"name":"wp","href":"https:\/\/api.w.org\/{rel}","templated":true}]}}