{"id":7447,"date":"2015-07-16T15:09:45","date_gmt":"2016-01-05T09:55:21","guid":{"rendered":"https:\/\/www.raytech.it\/?post_type=product&#038;p=7447&#038;lang=fr"},"modified":"2019-08-29T11:42:11","modified_gmt":"2019-08-29T11:42:11","slug":"easy-mirror","status":"publish","type":"product","link":"https:\/\/www.raytech.it\/fr\/produit\/cables-chauffants\/confort\/face-arriere-miroir\/easy-mirror","title":{"rendered":"Easy Mirror"},"content":{"rendered":"<h4><span style=\"color: #e3001a;\">Feuille chauffante auto-adh\u00e9sive<\/span><\/h4>\n<p>Fini les miroirs embu\u00e9s en sortant de la douche ou du bain! Easy Mirror, la feuille chauffante\u00a0auto-adh\u00e9sive \u00e0 appliquer sur la partir arri\u00e8re du miroir et \u00e0 brancher sur le r\u00e9seau \u00e9lectrique,\u00a0\u00e9limine le probl\u00e8me! Aliment\u00e9 avec du 230V, il est \u00e0 double isolation selon les r\u00e8gles de\u00a0s\u00e9curit\u00e9 en vigueur. En 3-5 minutes environ, il chauffe la surface du miroir \u00e0 une temp\u00e9rature\u00a0de 30\u00b0C, \u00e9liminant le voile d\u2019humidit\u00e9. Les feuilles Easy Mirror sont con\u00e7ues avec une feuille\u00a0en lamin\u00e9 d\u2019aluminium sur du polyester, avec une double isolation r\u00e9alis\u00e9e avec 4 autres\u00a0feuilles de polyester vulcanis\u00e9s, parfaitement \u00e9tanches contre l\u2019eau.<\/p>\n<ul>\n<li><span style=\"color: #e3001a;\">Id\u00e9ale pour les salles de bain, saunas, cuisines, habitations\u00a0priv\u00e9es, H\u00f4tels, complexes sportifs<\/span><\/li>\n<\/ul>\n","protected":false},"excerpt":{"rendered":"<p>Feuille chauffante auto-adh\u00e9sive Fini les miroirs embu\u00e9s en sortant de la douche ou du bain! Easy Mirror, la feuille chauffante\u00a0auto-adh\u00e9sive \u00e0 appliquer sur la partir arri\u00e8re du miroir et \u00e0<span class=\"excerpt-hellip\"> [\u2026]<\/span><\/p>\n","protected":false},"featured_media":4453,"template":"","meta":[],"product_brand":[],"product_cat":[161,162,164],"product_tag":[],"class_list":{"0":"post-7447","1":"product","2":"type-product","3":"status-publish","4":"has-post-thumbnail","6":"product_cat-cables-chauffants","7":"product_cat-confort","8":"product_cat-face-arriere-miroir","10":"first","11":"instock","12":"taxable","13":"shipping-taxable","14":"purchasable","15":"product-type-variable"},"yoast_head":"<!-- This site is optimized with the Yoast SEO plugin v26.5 - https:\/\/yoast.com\/wordpress\/plugins\/seo\/ -->\n<title>Easy Mirror | Raytech<\/title>\n<meta name=\"robots\" content=\"index, follow, max-snippet:-1, max-image-preview:large, max-video-preview:-1\" \/>\n<link rel=\"canonical\" href=\"https:\/\/www.raytech.it\/fr\/produit\/cables-chauffants\/confort\/face-arriere-miroir\/easy-mirror\" \/>\n<meta property=\"og:locale\" content=\"fr_FR\" \/>\n<meta property=\"og:type\" content=\"article\" \/>\n<meta property=\"og:title\" content=\"Easy Mirror | Raytech\" \/>\n<meta property=\"og:description\" content=\"Feuille chauffante auto-adh\u00e9sive Fini les miroirs embu\u00e9s en sortant de la douche ou du bain! Easy Mirror, la feuille chauffante\u00a0auto-adh\u00e9sive \u00e0 appliquer sur la partir arri\u00e8re du miroir et \u00e0 [\u2026]\" \/>\n<meta property=\"og:url\" content=\"https:\/\/www.raytech.it\/fr\/produit\/cables-chauffants\/confort\/face-arriere-miroir\/easy-mirror\" \/>\n<meta property=\"og:site_name\" content=\"Raytech\" \/>\n<meta property=\"article:publisher\" content=\"https:\/\/www.facebook.com\/RaytechItaly\" \/>\n<meta property=\"article:modified_time\" content=\"2019-08-29T11:42:11+00:00\" \/>\n<meta property=\"og:image\" content=\"https:\/\/www.raytech.it\/wp-content\/uploads\/easy-mirror-1.jpg\" \/>\n\t<meta property=\"og:image:width\" content=\"1024\" \/>\n\t<meta property=\"og:image:height\" content=\"1024\" \/>\n\t<meta property=\"og:image:type\" content=\"image\/jpeg\" \/>\n<meta name=\"twitter:card\" content=\"summary_large_image\" \/>\n<meta name=\"twitter:label1\" content=\"Dur\u00e9e de lecture estim\u00e9e\" \/>\n\t<meta name=\"twitter:data1\" content=\"1 minute\" \/>\n<script type=\"application\/ld+json\" class=\"yoast-schema-graph\">{\"@context\":\"https:\/\/schema.org\",\"@graph\":[{\"@type\":\"WebPage\",\"@id\":\"https:\/\/www.raytech.it\/fr\/produit\/cables-chauffants\/confort\/face-arriere-miroir\/easy-mirror\",\"url\":\"https:\/\/www.raytech.it\/fr\/produit\/cables-chauffants\/confort\/face-arriere-miroir\/easy-mirror\",\"name\":\"Easy Mirror | Raytech\",\"isPartOf\":{\"@id\":\"https:\/\/www.raytech.it\/#website\"},\"primaryImageOfPage\":{\"@id\":\"https:\/\/www.raytech.it\/fr\/produit\/cables-chauffants\/confort\/face-arriere-miroir\/easy-mirror#primaryimage\"},\"image\":{\"@id\":\"https:\/\/www.raytech.it\/fr\/produit\/cables-chauffants\/confort\/face-arriere-miroir\/easy-mirror#primaryimage\"},\"thumbnailUrl\":\"https:\/\/www.raytech.it\/wp-content\/uploads\/easy-mirror-1.jpg\",\"datePublished\":\"2016-01-05T09:55:21+00:00\",\"dateModified\":\"2019-08-29T11:42:11+00:00\",\"breadcrumb\":{\"@id\":\"https:\/\/www.raytech.it\/fr\/produit\/cables-chauffants\/confort\/face-arriere-miroir\/easy-mirror#breadcrumb\"},\"inLanguage\":\"fr-FR\",\"potentialAction\":[{\"@type\":\"ReadAction\",\"target\":[\"https:\/\/www.raytech.it\/fr\/produit\/cables-chauffants\/confort\/face-arriere-miroir\/easy-mirror\"]}]},{\"@type\":\"ImageObject\",\"inLanguage\":\"fr-FR\",\"@id\":\"https:\/\/www.raytech.it\/fr\/produit\/cables-chauffants\/confort\/face-arriere-miroir\/easy-mirror#primaryimage\",\"url\":\"https:\/\/www.raytech.it\/wp-content\/uploads\/easy-mirror-1.jpg\",\"contentUrl\":\"https:\/\/www.raytech.it\/wp-content\/uploads\/easy-mirror-1.jpg\",\"width\":1024,\"height\":1024},{\"@type\":\"BreadcrumbList\",\"@id\":\"https:\/\/www.raytech.it\/fr\/produit\/cables-chauffants\/confort\/face-arriere-miroir\/easy-mirror#breadcrumb\",\"itemListElement\":[{\"@type\":\"ListItem\",\"position\":1,\"name\":\"Home\",\"item\":\"https:\/\/www.raytech.it\/fr\"},{\"@type\":\"ListItem\",\"position\":2,\"name\":\"Boutique\",\"item\":\"https:\/\/www.raytech.it\/fr\/boutique\"},{\"@type\":\"ListItem\",\"position\":3,\"name\":\"Easy Mirror\"}]},{\"@type\":\"WebSite\",\"@id\":\"https:\/\/www.raytech.it\/#website\",\"url\":\"https:\/\/www.raytech.it\/\",\"name\":\"Raytech\",\"description\":\"Cable accessories company\",\"publisher\":{\"@id\":\"https:\/\/www.raytech.it\/#organization\"},\"potentialAction\":[{\"@type\":\"SearchAction\",\"target\":{\"@type\":\"EntryPoint\",\"urlTemplate\":\"https:\/\/www.raytech.it\/?s={search_term_string}\"},\"query-input\":{\"@type\":\"PropertyValueSpecification\",\"valueRequired\":true,\"valueName\":\"search_term_string\"}}],\"inLanguage\":\"fr-FR\"},{\"@type\":\"Organization\",\"@id\":\"https:\/\/www.raytech.it\/#organization\",\"name\":\"Raytech\",\"url\":\"https:\/\/www.raytech.it\/\",\"logo\":{\"@type\":\"ImageObject\",\"inLanguage\":\"fr-FR\",\"@id\":\"https:\/\/www.raytech.it\/#\/schema\/logo\/image\/\",\"url\":\"https:\/\/www.raytech.it\/wp-content\/uploads\/logo-raytech-2019-retina-3.png\",\"contentUrl\":\"https:\/\/www.raytech.it\/wp-content\/uploads\/logo-raytech-2019-retina-3.png\",\"width\":340,\"height\":90,\"caption\":\"Raytech\"},\"image\":{\"@id\":\"https:\/\/www.raytech.it\/#\/schema\/logo\/image\/\"},\"sameAs\":[\"https:\/\/www.facebook.com\/RaytechItaly\",\"https:\/\/www.instagram.com\/raytech_italy\/\",\"https:\/\/www.youtube.com\/user\/raytechitaly\",\"https:\/\/twitter.com\/Raytech_Italy\"]}]}<\/script>\n<!-- \/ Yoast SEO plugin. -->","yoast_head_json":{"title":"Easy Mirror | Raytech","robots":{"index":"index","follow":"follow","max-snippet":"max-snippet:-1","max-image-preview":"max-image-preview:large","max-video-preview":"max-video-preview:-1"},"canonical":"https:\/\/www.raytech.it\/fr\/produit\/cables-chauffants\/confort\/face-arriere-miroir\/easy-mirror","og_locale":"fr_FR","og_type":"article","og_title":"Easy Mirror | Raytech","og_description":"Feuille chauffante auto-adh\u00e9sive Fini les miroirs embu\u00e9s en sortant de la douche ou du bain! Easy Mirror, la feuille chauffante\u00a0auto-adh\u00e9sive \u00e0 appliquer sur la partir arri\u00e8re du miroir et \u00e0 [\u2026]","og_url":"https:\/\/www.raytech.it\/fr\/produit\/cables-chauffants\/confort\/face-arriere-miroir\/easy-mirror","og_site_name":"Raytech","article_publisher":"https:\/\/www.facebook.com\/RaytechItaly","article_modified_time":"2019-08-29T11:42:11+00:00","og_image":[{"width":1024,"height":1024,"url":"https:\/\/www.raytech.it\/wp-content\/uploads\/easy-mirror-1.jpg","type":"image\/jpeg"}],"twitter_card":"summary_large_image","twitter_misc":{"Dur\u00e9e de lecture estim\u00e9e":"1 minute"},"schema":{"@context":"https:\/\/schema.org","@graph":[{"@type":"WebPage","@id":"https:\/\/www.raytech.it\/fr\/produit\/cables-chauffants\/confort\/face-arriere-miroir\/easy-mirror","url":"https:\/\/www.raytech.it\/fr\/produit\/cables-chauffants\/confort\/face-arriere-miroir\/easy-mirror","name":"Easy Mirror | Raytech","isPartOf":{"@id":"https:\/\/www.raytech.it\/#website"},"primaryImageOfPage":{"@id":"https:\/\/www.raytech.it\/fr\/produit\/cables-chauffants\/confort\/face-arriere-miroir\/easy-mirror#primaryimage"},"image":{"@id":"https:\/\/www.raytech.it\/fr\/produit\/cables-chauffants\/confort\/face-arriere-miroir\/easy-mirror#primaryimage"},"thumbnailUrl":"https:\/\/www.raytech.it\/wp-content\/uploads\/easy-mirror-1.jpg","datePublished":"2016-01-05T09:55:21+00:00","dateModified":"2019-08-29T11:42:11+00:00","breadcrumb":{"@id":"https:\/\/www.raytech.it\/fr\/produit\/cables-chauffants\/confort\/face-arriere-miroir\/easy-mirror#breadcrumb"},"inLanguage":"fr-FR","potentialAction":[{"@type":"ReadAction","target":["https:\/\/www.raytech.it\/fr\/produit\/cables-chauffants\/confort\/face-arriere-miroir\/easy-mirror"]}]},{"@type":"ImageObject","inLanguage":"fr-FR","@id":"https:\/\/www.raytech.it\/fr\/produit\/cables-chauffants\/confort\/face-arriere-miroir\/easy-mirror#primaryimage","url":"https:\/\/www.raytech.it\/wp-content\/uploads\/easy-mirror-1.jpg","contentUrl":"https:\/\/www.raytech.it\/wp-content\/uploads\/easy-mirror-1.jpg","width":1024,"height":1024},{"@type":"BreadcrumbList","@id":"https:\/\/www.raytech.it\/fr\/produit\/cables-chauffants\/confort\/face-arriere-miroir\/easy-mirror#breadcrumb","itemListElement":[{"@type":"ListItem","position":1,"name":"Home","item":"https:\/\/www.raytech.it\/fr"},{"@type":"ListItem","position":2,"name":"Boutique","item":"https:\/\/www.raytech.it\/fr\/boutique"},{"@type":"ListItem","position":3,"name":"Easy Mirror"}]},{"@type":"WebSite","@id":"https:\/\/www.raytech.it\/#website","url":"https:\/\/www.raytech.it\/","name":"Raytech","description":"Cable accessories company","publisher":{"@id":"https:\/\/www.raytech.it\/#organization"},"potentialAction":[{"@type":"SearchAction","target":{"@type":"EntryPoint","urlTemplate":"https:\/\/www.raytech.it\/?s={search_term_string}"},"query-input":{"@type":"PropertyValueSpecification","valueRequired":true,"valueName":"search_term_string"}}],"inLanguage":"fr-FR"},{"@type":"Organization","@id":"https:\/\/www.raytech.it\/#organization","name":"Raytech","url":"https:\/\/www.raytech.it\/","logo":{"@type":"ImageObject","inLanguage":"fr-FR","@id":"https:\/\/www.raytech.it\/#\/schema\/logo\/image\/","url":"https:\/\/www.raytech.it\/wp-content\/uploads\/logo-raytech-2019-retina-3.png","contentUrl":"https:\/\/www.raytech.it\/wp-content\/uploads\/logo-raytech-2019-retina-3.png","width":340,"height":90,"caption":"Raytech"},"image":{"@id":"https:\/\/www.raytech.it\/#\/schema\/logo\/image\/"},"sameAs":["https:\/\/www.facebook.com\/RaytechItaly","https:\/\/www.instagram.com\/raytech_italy\/","https:\/\/www.youtube.com\/user\/raytechitaly","https:\/\/twitter.com\/Raytech_Italy"]}]}},"_links":{"self":[{"href":"https:\/\/www.raytech.it\/fr\/wp-json\/wp\/v2\/product\/7447","targetHints":{"allow":["GET"]}}],"collection":[{"href":"https:\/\/www.raytech.it\/fr\/wp-json\/wp\/v2\/product"}],"about":[{"href":"https:\/\/www.raytech.it\/fr\/wp-json\/wp\/v2\/types\/product"}],"wp:featuredmedia":[{"embeddable":true,"href":"https:\/\/www.raytech.it\/fr\/wp-json\/wp\/v2\/media\/4453"}],"wp:attachment":[{"href":"https:\/\/www.raytech.it\/fr\/wp-json\/wp\/v2\/media?parent=7447"}],"wp:term":[{"taxonomy":"product_brand","embeddable":true,"href":"https:\/\/www.raytech.it\/fr\/wp-json\/wp\/v2\/product_brand?post=7447"},{"taxonomy":"product_cat","embeddable":true,"href":"https:\/\/www.raytech.it\/fr\/wp-json\/wp\/v2\/product_cat?post=7447"},{"taxonomy":"product_tag","embeddable":true,"href":"https:\/\/www.raytech.it\/fr\/wp-json\/wp\/v2\/product_tag?post=7447"}],"curies":[{"name":"wp","href":"https:\/\/api.w.org\/{rel}","templated":true}]}}