{"id":7448,"date":"2015-07-16T15:11:37","date_gmt":"2016-01-05T09:58:06","guid":{"rendered":"https:\/\/www.raytech.it\/?post_type=product&#038;p=7448&#038;lang=fr"},"modified":"2025-02-20T05:19:01","modified_gmt":"2025-02-20T04:19:01","slug":"warm-up","status":"publish","type":"product","link":"https:\/\/www.raytech.it\/fr\/produit\/cables-chauffants\/confort\/pour-plafond\/warm-up","title":{"rendered":"Warm Up"},"content":{"rendered":"<h4><span style=\"color: #e3001a;\">Les panneaux chauffants pour plafond<\/span><\/h4>\n<p>Les panneaux chauffants pour plafond WARM-UP de Raytech peuvent \u00eatre install\u00e9s de fa\u00e7on\u00a0invisible et int\u00e9gr\u00e9e sur les plafonds de n\u2019importe quelle habitation, bureau, magasin, atelier,\u00a0serre, camping-car, etc. en exploitant au maximum l\u2019espace et laissant les murs d\u00e9gag\u00e9s. Une\u00a0intervention invasive sur les murs de la pi\u00e8ce n\u2019est pas n\u00e9cessaire pour la mise en place du\u00a0syst\u00e8me et le branchement \u00e9lectrique est tr\u00e8s simple. Ils peuvent \u00eatre install\u00e9s, \u00e9ventuellement\u00a0en les positionnant \u00e0 des endroits o\u00f9 il y en a le plus besoin, avec diff\u00e9rents syst\u00e8mes de\u00a0montage: suspendus par des cha\u00eenes, \u00e0 fleur de plafond ou encastr\u00e9s dans les panneaux des\u00a0faux-plafonds, toujours de fa\u00e7on simple et rapide. Le type de chauffage, bas\u00e9 sur le rayonnement\u00a0infrarouge similaire au rayonnement solaire, est s\u00fbr et sain, rapide, efficace et tr\u00e8s confortable.<\/p>\n<p><strong>Pourquoi le systeme Warm-Up?<\/strong><\/p>\n<ul>\n<li><span style=\"color: #e3001a;\">Il peut \u00eatre install\u00e9 sans intervention envahissante\u00a0sur les structures de l\u2019habitation<\/span><\/li>\n<li><span style=\"color: #e3001a;\">Il peut \u00eatre d\u00e9sinstall\u00e9 facilement pour \u00eatre r\u00e9utilis\u00e9\u00a0dans un autre contexte<\/span><\/li>\n<li><span style=\"color: #e3001a;\">La chaleur rayonn\u00e9e est saine, sans mouvements d\u2019air,\u00a0ne salie ni les murs ni la pi\u00e8ce<\/span><\/li>\n<li><span style=\"color: #e3001a;\">Il est utilis\u00e9 comme un chauffage principal et comme\u00a0un syst\u00e8me de chauffage compl\u00e9mentaire secondaire,\u00a0en optimisant le chauffage et en r\u00e9duisant les co\u00fbts gr\u00e2ce\u00a0au thermostat RID-WL<\/span><\/li>\n<\/ul>\n","protected":false},"excerpt":{"rendered":"<p>Les panneaux chauffants pour plafond Les panneaux chauffants pour plafond WARM-UP de Raytech peuvent \u00eatre install\u00e9s de fa\u00e7on\u00a0invisible et int\u00e9gr\u00e9e sur les plafonds de n\u2019importe quelle habitation, bureau, magasin, atelier,\u00a0serre,<span class=\"excerpt-hellip\"> [\u2026]<\/span><\/p>\n","protected":false},"featured_media":4687,"template":"","meta":[],"product_brand":[],"product_cat":[161,162,165],"product_tag":[],"class_list":{"0":"post-7448","1":"product","2":"type-product","3":"status-publish","4":"has-post-thumbnail","6":"product_cat-cables-chauffants","7":"product_cat-confort","8":"product_cat-pour-plafond","10":"first","11":"instock","12":"taxable","13":"shipping-taxable","14":"product-type-simple"},"yoast_head":"<!-- This site is optimized with the Yoast SEO plugin v26.5 - https:\/\/yoast.com\/wordpress\/plugins\/seo\/ -->\n<title>Warm Up | Raytech<\/title>\n<meta name=\"robots\" content=\"index, follow, max-snippet:-1, max-image-preview:large, max-video-preview:-1\" \/>\n<link rel=\"canonical\" href=\"https:\/\/www.raytech.it\/fr\/produit\/cables-chauffants\/confort\/pour-plafond\/warm-up\" \/>\n<meta property=\"og:locale\" content=\"fr_FR\" \/>\n<meta property=\"og:type\" content=\"article\" \/>\n<meta property=\"og:title\" content=\"Warm Up | Raytech\" \/>\n<meta property=\"og:description\" content=\"Les panneaux chauffants pour plafond Les panneaux chauffants pour plafond WARM-UP de Raytech peuvent \u00eatre install\u00e9s de fa\u00e7on\u00a0invisible et int\u00e9gr\u00e9e sur les plafonds de n\u2019importe quelle habitation, bureau, magasin, atelier,\u00a0serre, [\u2026]\" \/>\n<meta property=\"og:url\" content=\"https:\/\/www.raytech.it\/fr\/produit\/cables-chauffants\/confort\/pour-plafond\/warm-up\" \/>\n<meta property=\"og:site_name\" content=\"Raytech\" \/>\n<meta property=\"article:publisher\" content=\"https:\/\/www.facebook.com\/RaytechItaly\" \/>\n<meta property=\"article:modified_time\" content=\"2025-02-20T04:19:01+00:00\" \/>\n<meta property=\"og:image\" content=\"https:\/\/www.raytech.it\/wp-content\/uploads\/warm-up-1.jpg\" \/>\n\t<meta property=\"og:image:width\" content=\"1024\" \/>\n\t<meta property=\"og:image:height\" content=\"1024\" \/>\n\t<meta property=\"og:image:type\" content=\"image\/jpeg\" \/>\n<meta name=\"twitter:card\" content=\"summary_large_image\" \/>\n<meta name=\"twitter:label1\" content=\"Dur\u00e9e de lecture estim\u00e9e\" \/>\n\t<meta name=\"twitter:data1\" content=\"1 minute\" \/>\n<script type=\"application\/ld+json\" class=\"yoast-schema-graph\">{\"@context\":\"https:\/\/schema.org\",\"@graph\":[{\"@type\":\"WebPage\",\"@id\":\"https:\/\/www.raytech.it\/fr\/produit\/cables-chauffants\/confort\/pour-plafond\/warm-up\",\"url\":\"https:\/\/www.raytech.it\/fr\/produit\/cables-chauffants\/confort\/pour-plafond\/warm-up\",\"name\":\"Warm Up | Raytech\",\"isPartOf\":{\"@id\":\"https:\/\/www.raytech.it\/#website\"},\"primaryImageOfPage\":{\"@id\":\"https:\/\/www.raytech.it\/fr\/produit\/cables-chauffants\/confort\/pour-plafond\/warm-up#primaryimage\"},\"image\":{\"@id\":\"https:\/\/www.raytech.it\/fr\/produit\/cables-chauffants\/confort\/pour-plafond\/warm-up#primaryimage\"},\"thumbnailUrl\":\"https:\/\/www.raytech.it\/wp-content\/uploads\/warm-up-1.jpg\",\"datePublished\":\"2016-01-05T09:58:06+00:00\",\"dateModified\":\"2025-02-20T04:19:01+00:00\",\"breadcrumb\":{\"@id\":\"https:\/\/www.raytech.it\/fr\/produit\/cables-chauffants\/confort\/pour-plafond\/warm-up#breadcrumb\"},\"inLanguage\":\"fr-FR\",\"potentialAction\":[{\"@type\":\"ReadAction\",\"target\":[\"https:\/\/www.raytech.it\/fr\/produit\/cables-chauffants\/confort\/pour-plafond\/warm-up\"]}]},{\"@type\":\"ImageObject\",\"inLanguage\":\"fr-FR\",\"@id\":\"https:\/\/www.raytech.it\/fr\/produit\/cables-chauffants\/confort\/pour-plafond\/warm-up#primaryimage\",\"url\":\"https:\/\/www.raytech.it\/wp-content\/uploads\/warm-up-1.jpg\",\"contentUrl\":\"https:\/\/www.raytech.it\/wp-content\/uploads\/warm-up-1.jpg\",\"width\":1024,\"height\":1024},{\"@type\":\"BreadcrumbList\",\"@id\":\"https:\/\/www.raytech.it\/fr\/produit\/cables-chauffants\/confort\/pour-plafond\/warm-up#breadcrumb\",\"itemListElement\":[{\"@type\":\"ListItem\",\"position\":1,\"name\":\"Home\",\"item\":\"https:\/\/www.raytech.it\/fr\"},{\"@type\":\"ListItem\",\"position\":2,\"name\":\"Boutique\",\"item\":\"https:\/\/www.raytech.it\/fr\/boutique\"},{\"@type\":\"ListItem\",\"position\":3,\"name\":\"Warm Up\"}]},{\"@type\":\"WebSite\",\"@id\":\"https:\/\/www.raytech.it\/#website\",\"url\":\"https:\/\/www.raytech.it\/\",\"name\":\"Raytech\",\"description\":\"Cable accessories company\",\"publisher\":{\"@id\":\"https:\/\/www.raytech.it\/#organization\"},\"potentialAction\":[{\"@type\":\"SearchAction\",\"target\":{\"@type\":\"EntryPoint\",\"urlTemplate\":\"https:\/\/www.raytech.it\/?s={search_term_string}\"},\"query-input\":{\"@type\":\"PropertyValueSpecification\",\"valueRequired\":true,\"valueName\":\"search_term_string\"}}],\"inLanguage\":\"fr-FR\"},{\"@type\":\"Organization\",\"@id\":\"https:\/\/www.raytech.it\/#organization\",\"name\":\"Raytech\",\"url\":\"https:\/\/www.raytech.it\/\",\"logo\":{\"@type\":\"ImageObject\",\"inLanguage\":\"fr-FR\",\"@id\":\"https:\/\/www.raytech.it\/#\/schema\/logo\/image\/\",\"url\":\"https:\/\/www.raytech.it\/wp-content\/uploads\/logo-raytech-2019-retina-3.png\",\"contentUrl\":\"https:\/\/www.raytech.it\/wp-content\/uploads\/logo-raytech-2019-retina-3.png\",\"width\":340,\"height\":90,\"caption\":\"Raytech\"},\"image\":{\"@id\":\"https:\/\/www.raytech.it\/#\/schema\/logo\/image\/\"},\"sameAs\":[\"https:\/\/www.facebook.com\/RaytechItaly\",\"https:\/\/www.instagram.com\/raytech_italy\/\",\"https:\/\/www.youtube.com\/user\/raytechitaly\",\"https:\/\/twitter.com\/Raytech_Italy\"]}]}<\/script>\n<!-- \/ Yoast SEO plugin. -->","yoast_head_json":{"title":"Warm Up | Raytech","robots":{"index":"index","follow":"follow","max-snippet":"max-snippet:-1","max-image-preview":"max-image-preview:large","max-video-preview":"max-video-preview:-1"},"canonical":"https:\/\/www.raytech.it\/fr\/produit\/cables-chauffants\/confort\/pour-plafond\/warm-up","og_locale":"fr_FR","og_type":"article","og_title":"Warm Up | Raytech","og_description":"Les panneaux chauffants pour plafond Les panneaux chauffants pour plafond WARM-UP de Raytech peuvent \u00eatre install\u00e9s de fa\u00e7on\u00a0invisible et int\u00e9gr\u00e9e sur les plafonds de n\u2019importe quelle habitation, bureau, magasin, atelier,\u00a0serre, [\u2026]","og_url":"https:\/\/www.raytech.it\/fr\/produit\/cables-chauffants\/confort\/pour-plafond\/warm-up","og_site_name":"Raytech","article_publisher":"https:\/\/www.facebook.com\/RaytechItaly","article_modified_time":"2025-02-20T04:19:01+00:00","og_image":[{"width":1024,"height":1024,"url":"https:\/\/www.raytech.it\/wp-content\/uploads\/warm-up-1.jpg","type":"image\/jpeg"}],"twitter_card":"summary_large_image","twitter_misc":{"Dur\u00e9e de lecture estim\u00e9e":"1 minute"},"schema":{"@context":"https:\/\/schema.org","@graph":[{"@type":"WebPage","@id":"https:\/\/www.raytech.it\/fr\/produit\/cables-chauffants\/confort\/pour-plafond\/warm-up","url":"https:\/\/www.raytech.it\/fr\/produit\/cables-chauffants\/confort\/pour-plafond\/warm-up","name":"Warm Up | Raytech","isPartOf":{"@id":"https:\/\/www.raytech.it\/#website"},"primaryImageOfPage":{"@id":"https:\/\/www.raytech.it\/fr\/produit\/cables-chauffants\/confort\/pour-plafond\/warm-up#primaryimage"},"image":{"@id":"https:\/\/www.raytech.it\/fr\/produit\/cables-chauffants\/confort\/pour-plafond\/warm-up#primaryimage"},"thumbnailUrl":"https:\/\/www.raytech.it\/wp-content\/uploads\/warm-up-1.jpg","datePublished":"2016-01-05T09:58:06+00:00","dateModified":"2025-02-20T04:19:01+00:00","breadcrumb":{"@id":"https:\/\/www.raytech.it\/fr\/produit\/cables-chauffants\/confort\/pour-plafond\/warm-up#breadcrumb"},"inLanguage":"fr-FR","potentialAction":[{"@type":"ReadAction","target":["https:\/\/www.raytech.it\/fr\/produit\/cables-chauffants\/confort\/pour-plafond\/warm-up"]}]},{"@type":"ImageObject","inLanguage":"fr-FR","@id":"https:\/\/www.raytech.it\/fr\/produit\/cables-chauffants\/confort\/pour-plafond\/warm-up#primaryimage","url":"https:\/\/www.raytech.it\/wp-content\/uploads\/warm-up-1.jpg","contentUrl":"https:\/\/www.raytech.it\/wp-content\/uploads\/warm-up-1.jpg","width":1024,"height":1024},{"@type":"BreadcrumbList","@id":"https:\/\/www.raytech.it\/fr\/produit\/cables-chauffants\/confort\/pour-plafond\/warm-up#breadcrumb","itemListElement":[{"@type":"ListItem","position":1,"name":"Home","item":"https:\/\/www.raytech.it\/fr"},{"@type":"ListItem","position":2,"name":"Boutique","item":"https:\/\/www.raytech.it\/fr\/boutique"},{"@type":"ListItem","position":3,"name":"Warm Up"}]},{"@type":"WebSite","@id":"https:\/\/www.raytech.it\/#website","url":"https:\/\/www.raytech.it\/","name":"Raytech","description":"Cable accessories company","publisher":{"@id":"https:\/\/www.raytech.it\/#organization"},"potentialAction":[{"@type":"SearchAction","target":{"@type":"EntryPoint","urlTemplate":"https:\/\/www.raytech.it\/?s={search_term_string}"},"query-input":{"@type":"PropertyValueSpecification","valueRequired":true,"valueName":"search_term_string"}}],"inLanguage":"fr-FR"},{"@type":"Organization","@id":"https:\/\/www.raytech.it\/#organization","name":"Raytech","url":"https:\/\/www.raytech.it\/","logo":{"@type":"ImageObject","inLanguage":"fr-FR","@id":"https:\/\/www.raytech.it\/#\/schema\/logo\/image\/","url":"https:\/\/www.raytech.it\/wp-content\/uploads\/logo-raytech-2019-retina-3.png","contentUrl":"https:\/\/www.raytech.it\/wp-content\/uploads\/logo-raytech-2019-retina-3.png","width":340,"height":90,"caption":"Raytech"},"image":{"@id":"https:\/\/www.raytech.it\/#\/schema\/logo\/image\/"},"sameAs":["https:\/\/www.facebook.com\/RaytechItaly","https:\/\/www.instagram.com\/raytech_italy\/","https:\/\/www.youtube.com\/user\/raytechitaly","https:\/\/twitter.com\/Raytech_Italy"]}]}},"_links":{"self":[{"href":"https:\/\/www.raytech.it\/fr\/wp-json\/wp\/v2\/product\/7448","targetHints":{"allow":["GET"]}}],"collection":[{"href":"https:\/\/www.raytech.it\/fr\/wp-json\/wp\/v2\/product"}],"about":[{"href":"https:\/\/www.raytech.it\/fr\/wp-json\/wp\/v2\/types\/product"}],"wp:featuredmedia":[{"embeddable":true,"href":"https:\/\/www.raytech.it\/fr\/wp-json\/wp\/v2\/media\/4687"}],"wp:attachment":[{"href":"https:\/\/www.raytech.it\/fr\/wp-json\/wp\/v2\/media?parent=7448"}],"wp:term":[{"taxonomy":"product_brand","embeddable":true,"href":"https:\/\/www.raytech.it\/fr\/wp-json\/wp\/v2\/product_brand?post=7448"},{"taxonomy":"product_cat","embeddable":true,"href":"https:\/\/www.raytech.it\/fr\/wp-json\/wp\/v2\/product_cat?post=7448"},{"taxonomy":"product_tag","embeddable":true,"href":"https:\/\/www.raytech.it\/fr\/wp-json\/wp\/v2\/product_tag?post=7448"}],"curies":[{"name":"wp","href":"https:\/\/api.w.org\/{rel}","templated":true}]}}