{"id":9989,"date":"2017-01-20T14:30:11","date_gmt":"2017-02-15T11:17:13","guid":{"rendered":"http:\/\/raytech.it\/?post_type=product&#038;p=9989&#038;lang=fr"},"modified":"2025-02-19T08:32:56","modified_gmt":"2025-02-19T07:32:56","slug":"nano-joint","status":"publish","type":"product","link":"https:\/\/www.raytech.it\/fr\/produit\/basse-tension\/jonction\/pre-remplis\/nano-joint","title":{"rendered":"Nano Joint"},"content":{"rendered":"<h4><span style=\"color: #008b33;\">Accessoires pr\u00e9-remplis avec du gel, pour la protection, la s\u00e9curit\u00e9 et l\u2019\u00e9tanch\u00e9it\u00e9 des connexions \u00e9lectriques<\/span><\/h4>\n<p>UPGRADE DE LA GAMME AVEC LA NOUVELLE G\u00c9N\u00c9RATION DE BORNES<\/p>\n<ul>\n<li><span style=\"color: #009832;\">PR\u00caT \u00c0 L\u2019EMPLOI, RAPIDE ET R\u00c9-ACCESSIBLE<\/span><\/li>\n<li><span style=\"color: #009832;\">Id\u00e9al pour les installations \u00e0 l\u2019ext\u00e9rieur, enterr\u00e9e et immerg\u00e9e<\/span><\/li>\n<li><span style=\"color: #009832;\">Sans avoir besoin d\u2019outils<\/span><\/li>\n<li><span style=\"color: #009832;\">Peut \u00eatre imm\u00e9diatement aliment\u00e9 en \u00e9nergie<\/span><\/li>\n<li><span style=\"color: #009832;\">Pour les connexions droit ou d\u00e9riv\u00e9es<\/span><\/li>\n<li><span style=\"color: #009832;\">Pour les fils isol\u00e9s, rigides ou flexibles de 1 \u00e0 4 mm\u00b2<\/span><\/li>\n<li><span style=\"color: #009832;\">Pour des connexions unipolaires, bipolaires et tripolaires<\/span><\/li>\n<li><span style=\"color: #009832;\">Jusqu\u2019\u00e0 5 conducteurs sur une phase ou jusqu\u2019\u00e0 2 conducteurs sur deux ou trois phases<\/span><\/li>\n<li><span style=\"color: #009832;\">Petites, compactes et r\u00e9sistants<\/span><\/li>\n<li><span style=\"color: #009832;\">Compatible avec diff\u00e9rents types de bornes<\/span><\/li>\n<li><span style=\"color: #009832;\">Sans date de p\u00e9remption<\/span><\/li>\n<li><span style=\"color: #009832;\">Halogen free<\/span><\/li>\n<li><span style=\"color: #009832;\">UV resistant<\/span><\/li>\n<\/ul>\n","protected":false},"excerpt":{"rendered":"<p>Accessoires pr\u00e9-remplis avec du gel, pour la protection, la s\u00e9curit\u00e9 et l\u2019\u00e9tanch\u00e9it\u00e9 des connexions \u00e9lectriques UPGRADE DE LA GAMME AVEC LA NOUVELLE G\u00c9N\u00c9RATION DE BORNES PR\u00caT \u00c0 L\u2019EMPLOI, RAPIDE ET<span class=\"excerpt-hellip\"> [\u2026]<\/span><\/p>\n","protected":false},"featured_media":9909,"template":"","meta":[],"product_brand":[],"product_cat":[136,138,141],"product_tag":[],"class_list":{"0":"post-9989","1":"product","2":"type-product","3":"status-publish","4":"has-post-thumbnail","6":"product_cat-basse-tension","7":"product_cat-jonction","8":"product_cat-pre-remplis","10":"first","11":"instock","12":"taxable","13":"shipping-taxable","14":"purchasable","15":"product-type-variable"},"yoast_head":"<!-- This site is optimized with the Yoast SEO plugin v26.5 - https:\/\/yoast.com\/wordpress\/plugins\/seo\/ -->\n<title>Nano Joint | Raytech<\/title>\n<meta name=\"robots\" content=\"index, follow, max-snippet:-1, max-image-preview:large, max-video-preview:-1\" \/>\n<link rel=\"canonical\" href=\"https:\/\/www.raytech.it\/fr\/produit\/basse-tension\/jonction\/pre-remplis\/nano-joint\" \/>\n<meta property=\"og:locale\" content=\"fr_FR\" \/>\n<meta property=\"og:type\" content=\"article\" \/>\n<meta property=\"og:title\" content=\"Nano Joint | Raytech\" \/>\n<meta property=\"og:description\" content=\"Accessoires pr\u00e9-remplis avec du gel, pour la protection, la s\u00e9curit\u00e9 et l\u2019\u00e9tanch\u00e9it\u00e9 des connexions \u00e9lectriques UPGRADE DE LA GAMME AVEC LA NOUVELLE G\u00c9N\u00c9RATION DE BORNES PR\u00caT \u00c0 L\u2019EMPLOI, RAPIDE ET [\u2026]\" \/>\n<meta property=\"og:url\" content=\"https:\/\/www.raytech.it\/fr\/produit\/basse-tension\/jonction\/pre-remplis\/nano-joint\" \/>\n<meta property=\"og:site_name\" content=\"Raytech\" \/>\n<meta property=\"article:publisher\" content=\"https:\/\/www.facebook.com\/RaytechItaly\" \/>\n<meta property=\"article:modified_time\" content=\"2025-02-19T07:32:56+00:00\" \/>\n<meta property=\"og:image\" content=\"https:\/\/www.raytech.it\/wp-content\/uploads\/Nano-Joint2017.jpg\" \/>\n\t<meta property=\"og:image:width\" content=\"1024\" \/>\n\t<meta property=\"og:image:height\" content=\"1024\" \/>\n\t<meta property=\"og:image:type\" content=\"image\/jpeg\" \/>\n<meta name=\"twitter:card\" content=\"summary_large_image\" \/>\n<meta name=\"twitter:label1\" content=\"Dur\u00e9e de lecture estim\u00e9e\" \/>\n\t<meta name=\"twitter:data1\" content=\"1 minute\" \/>\n<script type=\"application\/ld+json\" class=\"yoast-schema-graph\">{\"@context\":\"https:\/\/schema.org\",\"@graph\":[{\"@type\":\"WebPage\",\"@id\":\"https:\/\/www.raytech.it\/fr\/produit\/basse-tension\/jonction\/pre-remplis\/nano-joint\",\"url\":\"https:\/\/www.raytech.it\/fr\/produit\/basse-tension\/jonction\/pre-remplis\/nano-joint\",\"name\":\"Nano Joint | Raytech\",\"isPartOf\":{\"@id\":\"https:\/\/www.raytech.it\/#website\"},\"primaryImageOfPage\":{\"@id\":\"https:\/\/www.raytech.it\/fr\/produit\/basse-tension\/jonction\/pre-remplis\/nano-joint#primaryimage\"},\"image\":{\"@id\":\"https:\/\/www.raytech.it\/fr\/produit\/basse-tension\/jonction\/pre-remplis\/nano-joint#primaryimage\"},\"thumbnailUrl\":\"https:\/\/www.raytech.it\/wp-content\/uploads\/Nano-Joint2017.jpg\",\"datePublished\":\"2017-02-15T11:17:13+00:00\",\"dateModified\":\"2025-02-19T07:32:56+00:00\",\"breadcrumb\":{\"@id\":\"https:\/\/www.raytech.it\/fr\/produit\/basse-tension\/jonction\/pre-remplis\/nano-joint#breadcrumb\"},\"inLanguage\":\"fr-FR\",\"potentialAction\":[{\"@type\":\"ReadAction\",\"target\":[\"https:\/\/www.raytech.it\/fr\/produit\/basse-tension\/jonction\/pre-remplis\/nano-joint\"]}]},{\"@type\":\"ImageObject\",\"inLanguage\":\"fr-FR\",\"@id\":\"https:\/\/www.raytech.it\/fr\/produit\/basse-tension\/jonction\/pre-remplis\/nano-joint#primaryimage\",\"url\":\"https:\/\/www.raytech.it\/wp-content\/uploads\/Nano-Joint2017.jpg\",\"contentUrl\":\"https:\/\/www.raytech.it\/wp-content\/uploads\/Nano-Joint2017.jpg\",\"width\":1024,\"height\":1024},{\"@type\":\"BreadcrumbList\",\"@id\":\"https:\/\/www.raytech.it\/fr\/produit\/basse-tension\/jonction\/pre-remplis\/nano-joint#breadcrumb\",\"itemListElement\":[{\"@type\":\"ListItem\",\"position\":1,\"name\":\"Home\",\"item\":\"https:\/\/www.raytech.it\/fr\"},{\"@type\":\"ListItem\",\"position\":2,\"name\":\"Boutique\",\"item\":\"https:\/\/www.raytech.it\/fr\/boutique\"},{\"@type\":\"ListItem\",\"position\":3,\"name\":\"Nano Joint\"}]},{\"@type\":\"WebSite\",\"@id\":\"https:\/\/www.raytech.it\/#website\",\"url\":\"https:\/\/www.raytech.it\/\",\"name\":\"Raytech\",\"description\":\"Cable accessories company\",\"publisher\":{\"@id\":\"https:\/\/www.raytech.it\/#organization\"},\"potentialAction\":[{\"@type\":\"SearchAction\",\"target\":{\"@type\":\"EntryPoint\",\"urlTemplate\":\"https:\/\/www.raytech.it\/?s={search_term_string}\"},\"query-input\":{\"@type\":\"PropertyValueSpecification\",\"valueRequired\":true,\"valueName\":\"search_term_string\"}}],\"inLanguage\":\"fr-FR\"},{\"@type\":\"Organization\",\"@id\":\"https:\/\/www.raytech.it\/#organization\",\"name\":\"Raytech\",\"url\":\"https:\/\/www.raytech.it\/\",\"logo\":{\"@type\":\"ImageObject\",\"inLanguage\":\"fr-FR\",\"@id\":\"https:\/\/www.raytech.it\/#\/schema\/logo\/image\/\",\"url\":\"https:\/\/www.raytech.it\/wp-content\/uploads\/logo-raytech-2019-retina-3.png\",\"contentUrl\":\"https:\/\/www.raytech.it\/wp-content\/uploads\/logo-raytech-2019-retina-3.png\",\"width\":340,\"height\":90,\"caption\":\"Raytech\"},\"image\":{\"@id\":\"https:\/\/www.raytech.it\/#\/schema\/logo\/image\/\"},\"sameAs\":[\"https:\/\/www.facebook.com\/RaytechItaly\",\"https:\/\/www.instagram.com\/raytech_italy\/\",\"https:\/\/www.youtube.com\/user\/raytechitaly\",\"https:\/\/twitter.com\/Raytech_Italy\"]}]}<\/script>\n<!-- \/ Yoast SEO plugin. -->","yoast_head_json":{"title":"Nano Joint | Raytech","robots":{"index":"index","follow":"follow","max-snippet":"max-snippet:-1","max-image-preview":"max-image-preview:large","max-video-preview":"max-video-preview:-1"},"canonical":"https:\/\/www.raytech.it\/fr\/produit\/basse-tension\/jonction\/pre-remplis\/nano-joint","og_locale":"fr_FR","og_type":"article","og_title":"Nano Joint | Raytech","og_description":"Accessoires pr\u00e9-remplis avec du gel, pour la protection, la s\u00e9curit\u00e9 et l\u2019\u00e9tanch\u00e9it\u00e9 des connexions \u00e9lectriques UPGRADE DE LA GAMME AVEC LA NOUVELLE G\u00c9N\u00c9RATION DE BORNES PR\u00caT \u00c0 L\u2019EMPLOI, RAPIDE ET [\u2026]","og_url":"https:\/\/www.raytech.it\/fr\/produit\/basse-tension\/jonction\/pre-remplis\/nano-joint","og_site_name":"Raytech","article_publisher":"https:\/\/www.facebook.com\/RaytechItaly","article_modified_time":"2025-02-19T07:32:56+00:00","og_image":[{"width":1024,"height":1024,"url":"https:\/\/www.raytech.it\/wp-content\/uploads\/Nano-Joint2017.jpg","type":"image\/jpeg"}],"twitter_card":"summary_large_image","twitter_misc":{"Dur\u00e9e de lecture estim\u00e9e":"1 minute"},"schema":{"@context":"https:\/\/schema.org","@graph":[{"@type":"WebPage","@id":"https:\/\/www.raytech.it\/fr\/produit\/basse-tension\/jonction\/pre-remplis\/nano-joint","url":"https:\/\/www.raytech.it\/fr\/produit\/basse-tension\/jonction\/pre-remplis\/nano-joint","name":"Nano Joint | Raytech","isPartOf":{"@id":"https:\/\/www.raytech.it\/#website"},"primaryImageOfPage":{"@id":"https:\/\/www.raytech.it\/fr\/produit\/basse-tension\/jonction\/pre-remplis\/nano-joint#primaryimage"},"image":{"@id":"https:\/\/www.raytech.it\/fr\/produit\/basse-tension\/jonction\/pre-remplis\/nano-joint#primaryimage"},"thumbnailUrl":"https:\/\/www.raytech.it\/wp-content\/uploads\/Nano-Joint2017.jpg","datePublished":"2017-02-15T11:17:13+00:00","dateModified":"2025-02-19T07:32:56+00:00","breadcrumb":{"@id":"https:\/\/www.raytech.it\/fr\/produit\/basse-tension\/jonction\/pre-remplis\/nano-joint#breadcrumb"},"inLanguage":"fr-FR","potentialAction":[{"@type":"ReadAction","target":["https:\/\/www.raytech.it\/fr\/produit\/basse-tension\/jonction\/pre-remplis\/nano-joint"]}]},{"@type":"ImageObject","inLanguage":"fr-FR","@id":"https:\/\/www.raytech.it\/fr\/produit\/basse-tension\/jonction\/pre-remplis\/nano-joint#primaryimage","url":"https:\/\/www.raytech.it\/wp-content\/uploads\/Nano-Joint2017.jpg","contentUrl":"https:\/\/www.raytech.it\/wp-content\/uploads\/Nano-Joint2017.jpg","width":1024,"height":1024},{"@type":"BreadcrumbList","@id":"https:\/\/www.raytech.it\/fr\/produit\/basse-tension\/jonction\/pre-remplis\/nano-joint#breadcrumb","itemListElement":[{"@type":"ListItem","position":1,"name":"Home","item":"https:\/\/www.raytech.it\/fr"},{"@type":"ListItem","position":2,"name":"Boutique","item":"https:\/\/www.raytech.it\/fr\/boutique"},{"@type":"ListItem","position":3,"name":"Nano Joint"}]},{"@type":"WebSite","@id":"https:\/\/www.raytech.it\/#website","url":"https:\/\/www.raytech.it\/","name":"Raytech","description":"Cable accessories company","publisher":{"@id":"https:\/\/www.raytech.it\/#organization"},"potentialAction":[{"@type":"SearchAction","target":{"@type":"EntryPoint","urlTemplate":"https:\/\/www.raytech.it\/?s={search_term_string}"},"query-input":{"@type":"PropertyValueSpecification","valueRequired":true,"valueName":"search_term_string"}}],"inLanguage":"fr-FR"},{"@type":"Organization","@id":"https:\/\/www.raytech.it\/#organization","name":"Raytech","url":"https:\/\/www.raytech.it\/","logo":{"@type":"ImageObject","inLanguage":"fr-FR","@id":"https:\/\/www.raytech.it\/#\/schema\/logo\/image\/","url":"https:\/\/www.raytech.it\/wp-content\/uploads\/logo-raytech-2019-retina-3.png","contentUrl":"https:\/\/www.raytech.it\/wp-content\/uploads\/logo-raytech-2019-retina-3.png","width":340,"height":90,"caption":"Raytech"},"image":{"@id":"https:\/\/www.raytech.it\/#\/schema\/logo\/image\/"},"sameAs":["https:\/\/www.facebook.com\/RaytechItaly","https:\/\/www.instagram.com\/raytech_italy\/","https:\/\/www.youtube.com\/user\/raytechitaly","https:\/\/twitter.com\/Raytech_Italy"]}]}},"_links":{"self":[{"href":"https:\/\/www.raytech.it\/fr\/wp-json\/wp\/v2\/product\/9989","targetHints":{"allow":["GET"]}}],"collection":[{"href":"https:\/\/www.raytech.it\/fr\/wp-json\/wp\/v2\/product"}],"about":[{"href":"https:\/\/www.raytech.it\/fr\/wp-json\/wp\/v2\/types\/product"}],"wp:featuredmedia":[{"embeddable":true,"href":"https:\/\/www.raytech.it\/fr\/wp-json\/wp\/v2\/media\/9909"}],"wp:attachment":[{"href":"https:\/\/www.raytech.it\/fr\/wp-json\/wp\/v2\/media?parent=9989"}],"wp:term":[{"taxonomy":"product_brand","embeddable":true,"href":"https:\/\/www.raytech.it\/fr\/wp-json\/wp\/v2\/product_brand?post=9989"},{"taxonomy":"product_cat","embeddable":true,"href":"https:\/\/www.raytech.it\/fr\/wp-json\/wp\/v2\/product_cat?post=9989"},{"taxonomy":"product_tag","embeddable":true,"href":"https:\/\/www.raytech.it\/fr\/wp-json\/wp\/v2\/product_tag?post=9989"}],"curies":[{"name":"wp","href":"https:\/\/api.w.org\/{rel}","templated":true}]}}