{"id":7952,"date":"2015-07-16T13:07:09","date_gmt":"2016-01-13T13:13:58","guid":{"rendered":"http:\/\/raytech.it\/?post_type=product&#038;p=7952&#038;lang=nl"},"modified":"2025-02-20T05:51:39","modified_gmt":"2025-02-20T04:51:39","slug":"vlamwerende-barriere-voor-het-afdekken-van-lampen-fscf","status":"publish","type":"product","link":"https:\/\/www.raytech.it\/nl\/product\/laagspanning\/vlamwerende-barrieres\/vlamwerende-barriere-voor-het-afdekken-van-lampen-fscf","title":{"rendered":"Vlamwerende barri\u00e8re voor het afdekken van lampen FSCF"},"content":{"rendered":"<h4><span style=\"color: #009832;\">FSCF<br \/>\nVlamwerende barri\u00e8re voor het afdekken van lampen FSCF<\/span><\/h4>\n<p>Onbrandbare, koepelvormige barri\u00e8re voor de afdekking en bescherming van inbouwspots in verlaagde plafonds de vuurbestendigheid van plafonds en verlaagde plafonds. Voorkomt de verspreiding van het vuur en verlaagt aanzienlijk de temperatuur tussen het verlaagde plafond en het plafond.<\/p>\n<ul>\n<li><span style=\"color: #009832;\">Verpakt met niet-giftige mineraalvezels<\/span><\/li>\n<li><span style=\"color: #009832;\">Brandbestendig en gemaakt van uitzettende samenstellingen<\/span><\/li>\n<li><span style=\"color: #009832;\">Voorkomt de oververhitting van de lamp<\/span><\/li>\n<li><span style=\"color: #009832;\">Flexibel, licht en zelfondersteunend<\/span><\/li>\n<li><span style=\"color: #009832;\">Eenvoudig te installeren en te verwijderen<\/span><\/li>\n<\/ul>\n","protected":false},"excerpt":{"rendered":"<p>FSCF Vlamwerende barri\u00e8re voor het afdekken van lampen FSCF Onbrandbare, koepelvormige barri\u00e8re voor de afdekking en bescherming van inbouwspots in verlaagde plafonds de vuurbestendigheid van plafonds en verlaagde plafonds. Voorkomt<span class=\"excerpt-hellip\"> [\u2026]<\/span><\/p>\n","protected":false},"featured_media":3974,"template":"","meta":[],"product_brand":[],"product_cat":[198,199],"product_tag":[],"class_list":{"0":"post-7952","1":"product","2":"type-product","3":"status-publish","4":"has-post-thumbnail","6":"product_cat-laagspanning","7":"product_cat-vlamwerende-barrieres","9":"first","10":"instock","11":"taxable","12":"shipping-taxable","13":"product-type-simple"},"yoast_head":"<!-- This site is optimized with the Yoast SEO plugin v26.5 - https:\/\/yoast.com\/wordpress\/plugins\/seo\/ -->\n<title>Vlamwerende barri\u00e8re voor het afdekken van lampen FSCF | Raytech<\/title>\n<meta name=\"robots\" content=\"index, follow, max-snippet:-1, max-image-preview:large, max-video-preview:-1\" \/>\n<link rel=\"canonical\" href=\"https:\/\/www.raytech.it\/nl\/product\/laagspanning\/vlamwerende-barrieres\/vlamwerende-barriere-voor-het-afdekken-van-lampen-fscf\" \/>\n<meta property=\"og:locale\" content=\"nl_NL\" \/>\n<meta property=\"og:type\" content=\"article\" \/>\n<meta property=\"og:title\" content=\"Vlamwerende barri\u00e8re voor het afdekken van lampen FSCF | Raytech\" \/>\n<meta property=\"og:description\" content=\"FSCF Vlamwerende barri\u00e8re voor het afdekken van lampen FSCF Onbrandbare, koepelvormige barri\u00e8re voor de afdekking en bescherming van inbouwspots in verlaagde plafonds de vuurbestendigheid van plafonds en verlaagde plafonds. Voorkomt [\u2026]\" \/>\n<meta property=\"og:url\" content=\"https:\/\/www.raytech.it\/nl\/product\/laagspanning\/vlamwerende-barrieres\/vlamwerende-barriere-voor-het-afdekken-van-lampen-fscf\" \/>\n<meta property=\"og:site_name\" content=\"Raytech\" \/>\n<meta property=\"article:publisher\" content=\"https:\/\/www.facebook.com\/RaytechItaly\" \/>\n<meta property=\"article:modified_time\" content=\"2025-02-20T04:51:39+00:00\" \/>\n<meta property=\"og:image\" content=\"https:\/\/www.raytech.it\/wp-content\/uploads\/fscf-1.jpg\" \/>\n\t<meta property=\"og:image:width\" content=\"1024\" \/>\n\t<meta property=\"og:image:height\" content=\"1024\" \/>\n\t<meta property=\"og:image:type\" content=\"image\/jpeg\" \/>\n<meta name=\"twitter:card\" content=\"summary_large_image\" \/>\n<script type=\"application\/ld+json\" class=\"yoast-schema-graph\">{\"@context\":\"https:\/\/schema.org\",\"@graph\":[{\"@type\":\"WebPage\",\"@id\":\"https:\/\/www.raytech.it\/nl\/product\/laagspanning\/vlamwerende-barrieres\/vlamwerende-barriere-voor-het-afdekken-van-lampen-fscf\",\"url\":\"https:\/\/www.raytech.it\/nl\/product\/laagspanning\/vlamwerende-barrieres\/vlamwerende-barriere-voor-het-afdekken-van-lampen-fscf\",\"name\":\"Vlamwerende barri\u00e8re voor het afdekken van lampen FSCF | Raytech\",\"isPartOf\":{\"@id\":\"https:\/\/www.raytech.it\/#website\"},\"primaryImageOfPage\":{\"@id\":\"https:\/\/www.raytech.it\/nl\/product\/laagspanning\/vlamwerende-barrieres\/vlamwerende-barriere-voor-het-afdekken-van-lampen-fscf#primaryimage\"},\"image\":{\"@id\":\"https:\/\/www.raytech.it\/nl\/product\/laagspanning\/vlamwerende-barrieres\/vlamwerende-barriere-voor-het-afdekken-van-lampen-fscf#primaryimage\"},\"thumbnailUrl\":\"https:\/\/www.raytech.it\/wp-content\/uploads\/fscf-1.jpg\",\"datePublished\":\"2016-01-13T13:13:58+00:00\",\"dateModified\":\"2025-02-20T04:51:39+00:00\",\"breadcrumb\":{\"@id\":\"https:\/\/www.raytech.it\/nl\/product\/laagspanning\/vlamwerende-barrieres\/vlamwerende-barriere-voor-het-afdekken-van-lampen-fscf#breadcrumb\"},\"inLanguage\":\"nl-NL\",\"potentialAction\":[{\"@type\":\"ReadAction\",\"target\":[\"https:\/\/www.raytech.it\/nl\/product\/laagspanning\/vlamwerende-barrieres\/vlamwerende-barriere-voor-het-afdekken-van-lampen-fscf\"]}]},{\"@type\":\"ImageObject\",\"inLanguage\":\"nl-NL\",\"@id\":\"https:\/\/www.raytech.it\/nl\/product\/laagspanning\/vlamwerende-barrieres\/vlamwerende-barriere-voor-het-afdekken-van-lampen-fscf#primaryimage\",\"url\":\"https:\/\/www.raytech.it\/wp-content\/uploads\/fscf-1.jpg\",\"contentUrl\":\"https:\/\/www.raytech.it\/wp-content\/uploads\/fscf-1.jpg\",\"width\":1024,\"height\":1024},{\"@type\":\"BreadcrumbList\",\"@id\":\"https:\/\/www.raytech.it\/nl\/product\/laagspanning\/vlamwerende-barrieres\/vlamwerende-barriere-voor-het-afdekken-van-lampen-fscf#breadcrumb\",\"itemListElement\":[{\"@type\":\"ListItem\",\"position\":1,\"name\":\"Home\",\"item\":\"https:\/\/www.raytech.it\/nl\"},{\"@type\":\"ListItem\",\"position\":2,\"name\":\"Winkel\",\"item\":\"https:\/\/www.raytech.it\/nl\/winkel\"},{\"@type\":\"ListItem\",\"position\":3,\"name\":\"Vlamwerende barri\u00e8re voor het afdekken van lampen FSCF\"}]},{\"@type\":\"WebSite\",\"@id\":\"https:\/\/www.raytech.it\/#website\",\"url\":\"https:\/\/www.raytech.it\/\",\"name\":\"Raytech\",\"description\":\"Cable accessories company\",\"publisher\":{\"@id\":\"https:\/\/www.raytech.it\/#organization\"},\"potentialAction\":[{\"@type\":\"SearchAction\",\"target\":{\"@type\":\"EntryPoint\",\"urlTemplate\":\"https:\/\/www.raytech.it\/?s={search_term_string}\"},\"query-input\":{\"@type\":\"PropertyValueSpecification\",\"valueRequired\":true,\"valueName\":\"search_term_string\"}}],\"inLanguage\":\"nl-NL\"},{\"@type\":\"Organization\",\"@id\":\"https:\/\/www.raytech.it\/#organization\",\"name\":\"Raytech\",\"url\":\"https:\/\/www.raytech.it\/\",\"logo\":{\"@type\":\"ImageObject\",\"inLanguage\":\"nl-NL\",\"@id\":\"https:\/\/www.raytech.it\/#\/schema\/logo\/image\/\",\"url\":\"https:\/\/www.raytech.it\/wp-content\/uploads\/logo-raytech-2019-retina-3.png\",\"contentUrl\":\"https:\/\/www.raytech.it\/wp-content\/uploads\/logo-raytech-2019-retina-3.png\",\"width\":340,\"height\":90,\"caption\":\"Raytech\"},\"image\":{\"@id\":\"https:\/\/www.raytech.it\/#\/schema\/logo\/image\/\"},\"sameAs\":[\"https:\/\/www.facebook.com\/RaytechItaly\",\"https:\/\/www.instagram.com\/raytech_italy\/\",\"https:\/\/www.youtube.com\/user\/raytechitaly\",\"https:\/\/twitter.com\/Raytech_Italy\"]}]}<\/script>\n<!-- \/ Yoast SEO plugin. -->","yoast_head_json":{"title":"Vlamwerende barri\u00e8re voor het afdekken van lampen FSCF | Raytech","robots":{"index":"index","follow":"follow","max-snippet":"max-snippet:-1","max-image-preview":"max-image-preview:large","max-video-preview":"max-video-preview:-1"},"canonical":"https:\/\/www.raytech.it\/nl\/product\/laagspanning\/vlamwerende-barrieres\/vlamwerende-barriere-voor-het-afdekken-van-lampen-fscf","og_locale":"nl_NL","og_type":"article","og_title":"Vlamwerende barri\u00e8re voor het afdekken van lampen FSCF | Raytech","og_description":"FSCF Vlamwerende barri\u00e8re voor het afdekken van lampen FSCF Onbrandbare, koepelvormige barri\u00e8re voor de afdekking en bescherming van inbouwspots in verlaagde plafonds de vuurbestendigheid van plafonds en verlaagde plafonds. Voorkomt [\u2026]","og_url":"https:\/\/www.raytech.it\/nl\/product\/laagspanning\/vlamwerende-barrieres\/vlamwerende-barriere-voor-het-afdekken-van-lampen-fscf","og_site_name":"Raytech","article_publisher":"https:\/\/www.facebook.com\/RaytechItaly","article_modified_time":"2025-02-20T04:51:39+00:00","og_image":[{"width":1024,"height":1024,"url":"https:\/\/www.raytech.it\/wp-content\/uploads\/fscf-1.jpg","type":"image\/jpeg"}],"twitter_card":"summary_large_image","schema":{"@context":"https:\/\/schema.org","@graph":[{"@type":"WebPage","@id":"https:\/\/www.raytech.it\/nl\/product\/laagspanning\/vlamwerende-barrieres\/vlamwerende-barriere-voor-het-afdekken-van-lampen-fscf","url":"https:\/\/www.raytech.it\/nl\/product\/laagspanning\/vlamwerende-barrieres\/vlamwerende-barriere-voor-het-afdekken-van-lampen-fscf","name":"Vlamwerende barri\u00e8re voor het afdekken van lampen FSCF | Raytech","isPartOf":{"@id":"https:\/\/www.raytech.it\/#website"},"primaryImageOfPage":{"@id":"https:\/\/www.raytech.it\/nl\/product\/laagspanning\/vlamwerende-barrieres\/vlamwerende-barriere-voor-het-afdekken-van-lampen-fscf#primaryimage"},"image":{"@id":"https:\/\/www.raytech.it\/nl\/product\/laagspanning\/vlamwerende-barrieres\/vlamwerende-barriere-voor-het-afdekken-van-lampen-fscf#primaryimage"},"thumbnailUrl":"https:\/\/www.raytech.it\/wp-content\/uploads\/fscf-1.jpg","datePublished":"2016-01-13T13:13:58+00:00","dateModified":"2025-02-20T04:51:39+00:00","breadcrumb":{"@id":"https:\/\/www.raytech.it\/nl\/product\/laagspanning\/vlamwerende-barrieres\/vlamwerende-barriere-voor-het-afdekken-van-lampen-fscf#breadcrumb"},"inLanguage":"nl-NL","potentialAction":[{"@type":"ReadAction","target":["https:\/\/www.raytech.it\/nl\/product\/laagspanning\/vlamwerende-barrieres\/vlamwerende-barriere-voor-het-afdekken-van-lampen-fscf"]}]},{"@type":"ImageObject","inLanguage":"nl-NL","@id":"https:\/\/www.raytech.it\/nl\/product\/laagspanning\/vlamwerende-barrieres\/vlamwerende-barriere-voor-het-afdekken-van-lampen-fscf#primaryimage","url":"https:\/\/www.raytech.it\/wp-content\/uploads\/fscf-1.jpg","contentUrl":"https:\/\/www.raytech.it\/wp-content\/uploads\/fscf-1.jpg","width":1024,"height":1024},{"@type":"BreadcrumbList","@id":"https:\/\/www.raytech.it\/nl\/product\/laagspanning\/vlamwerende-barrieres\/vlamwerende-barriere-voor-het-afdekken-van-lampen-fscf#breadcrumb","itemListElement":[{"@type":"ListItem","position":1,"name":"Home","item":"https:\/\/www.raytech.it\/nl"},{"@type":"ListItem","position":2,"name":"Winkel","item":"https:\/\/www.raytech.it\/nl\/winkel"},{"@type":"ListItem","position":3,"name":"Vlamwerende barri\u00e8re voor het afdekken van lampen FSCF"}]},{"@type":"WebSite","@id":"https:\/\/www.raytech.it\/#website","url":"https:\/\/www.raytech.it\/","name":"Raytech","description":"Cable accessories company","publisher":{"@id":"https:\/\/www.raytech.it\/#organization"},"potentialAction":[{"@type":"SearchAction","target":{"@type":"EntryPoint","urlTemplate":"https:\/\/www.raytech.it\/?s={search_term_string}"},"query-input":{"@type":"PropertyValueSpecification","valueRequired":true,"valueName":"search_term_string"}}],"inLanguage":"nl-NL"},{"@type":"Organization","@id":"https:\/\/www.raytech.it\/#organization","name":"Raytech","url":"https:\/\/www.raytech.it\/","logo":{"@type":"ImageObject","inLanguage":"nl-NL","@id":"https:\/\/www.raytech.it\/#\/schema\/logo\/image\/","url":"https:\/\/www.raytech.it\/wp-content\/uploads\/logo-raytech-2019-retina-3.png","contentUrl":"https:\/\/www.raytech.it\/wp-content\/uploads\/logo-raytech-2019-retina-3.png","width":340,"height":90,"caption":"Raytech"},"image":{"@id":"https:\/\/www.raytech.it\/#\/schema\/logo\/image\/"},"sameAs":["https:\/\/www.facebook.com\/RaytechItaly","https:\/\/www.instagram.com\/raytech_italy\/","https:\/\/www.youtube.com\/user\/raytechitaly","https:\/\/twitter.com\/Raytech_Italy"]}]}},"_links":{"self":[{"href":"https:\/\/www.raytech.it\/nl\/wp-json\/wp\/v2\/product\/7952","targetHints":{"allow":["GET"]}}],"collection":[{"href":"https:\/\/www.raytech.it\/nl\/wp-json\/wp\/v2\/product"}],"about":[{"href":"https:\/\/www.raytech.it\/nl\/wp-json\/wp\/v2\/types\/product"}],"wp:featuredmedia":[{"embeddable":true,"href":"https:\/\/www.raytech.it\/nl\/wp-json\/wp\/v2\/media\/3974"}],"wp:attachment":[{"href":"https:\/\/www.raytech.it\/nl\/wp-json\/wp\/v2\/media?parent=7952"}],"wp:term":[{"taxonomy":"product_brand","embeddable":true,"href":"https:\/\/www.raytech.it\/nl\/wp-json\/wp\/v2\/product_brand?post=7952"},{"taxonomy":"product_cat","embeddable":true,"href":"https:\/\/www.raytech.it\/nl\/wp-json\/wp\/v2\/product_cat?post=7952"},{"taxonomy":"product_tag","embeddable":true,"href":"https:\/\/www.raytech.it\/nl\/wp-json\/wp\/v2\/product_tag?post=7952"}],"curies":[{"name":"wp","href":"https:\/\/api.w.org\/{rel}","templated":true}]}}