{"id":7955,"date":"2015-07-16T13:13:08","date_gmt":"2016-01-13T13:24:36","guid":{"rendered":"http:\/\/raytech.it\/?post_type=product&#038;p=7955&#038;lang=nl"},"modified":"2025-02-19T10:25:17","modified_gmt":"2025-02-19T09:25:17","slug":"beschermende-barriere-metalen-leidingen-in-matras","status":"publish","type":"product","link":"https:\/\/www.raytech.it\/nl\/product\/laagspanning\/vlamwerende-barrieres\/beschermende-barriere-metalen-leidingen-in-matras","title":{"rendered":"Beschermende barri\u00e8re metalen leidingen in matras"},"content":{"rendered":"<h4><span style=\"color: #009832;\">FSCO T110<br \/>\nBeschermende barri\u00e8re metalen leidingen in matras<\/span><\/h4>\n<p>De barri\u00e8re FSCP T110 bestaat uit een flexibele en gemakkelijk vervormbare matras die uiterst vuurbestendig is. De barri\u00e8re is opgebouwd uit aluminiumfolie en beschermt metalen wel of niet ge\u00efsoleerde leidingen tijdens de passage door wanden. Kan gemakkelijk worden gesneden en gevormd, wordt in een enkele laag om de leiding gewikkeld en kan met aluminiumtape worden afgesloten. Beschermt metalen leidingen die door wanden of vloeren voeren, vermijdt de doorgifte in lengterichting van de warmte en het mogelijk smelten van isolatiemateriaal.<\/p>\n<ul>\n<li><span style=\"color: #009832;\">Bestaat uit vezels zonder harsen en organische bindmiddelen<\/span><\/li>\n<li><span style=\"color: #009832;\">Voor wanden van minstens 125 mm dik<\/span><\/li>\n<\/ul>\n","protected":false},"excerpt":{"rendered":"<p><strong>Approvazioni<\/strong> Classe EI 120 Atossica e priva di amianto Conforme alla norma\u00a0EN 1366-1 \u2022 EN 1366-3 \u2022 EN 1366-5<\/p>\n","protected":false},"featured_media":1589,"template":"","meta":[],"product_brand":[],"product_cat":[198,199],"product_tag":[],"class_list":{"0":"post-7955","1":"product","2":"type-product","3":"status-publish","4":"has-post-thumbnail","6":"product_cat-laagspanning","7":"product_cat-vlamwerende-barrieres","9":"first","10":"instock","11":"taxable","12":"shipping-taxable","13":"product-type-simple"},"yoast_head":"<!-- This site is optimized with the Yoast SEO plugin v26.5 - https:\/\/yoast.com\/wordpress\/plugins\/seo\/ -->\n<title>Beschermende barri\u00e8re metalen leidingen in matras | Raytech<\/title>\n<meta name=\"robots\" content=\"index, follow, max-snippet:-1, max-image-preview:large, max-video-preview:-1\" \/>\n<link rel=\"canonical\" href=\"https:\/\/www.raytech.it\/nl\/product\/laagspanning\/vlamwerende-barrieres\/beschermende-barriere-metalen-leidingen-in-matras\" \/>\n<meta property=\"og:locale\" content=\"nl_NL\" \/>\n<meta property=\"og:type\" content=\"article\" \/>\n<meta property=\"og:title\" content=\"Beschermende barri\u00e8re metalen leidingen in matras | Raytech\" \/>\n<meta property=\"og:description\" content=\"Approvazioni Classe EI 120 Atossica e priva di amianto Conforme alla norma\u00a0EN 1366-1 \u2022 EN 1366-3 \u2022 EN 1366-5\" \/>\n<meta property=\"og:url\" content=\"https:\/\/www.raytech.it\/nl\/product\/laagspanning\/vlamwerende-barrieres\/beschermende-barriere-metalen-leidingen-in-matras\" \/>\n<meta property=\"og:site_name\" content=\"Raytech\" \/>\n<meta property=\"article:publisher\" content=\"https:\/\/www.facebook.com\/RaytechItaly\" \/>\n<meta property=\"article:modified_time\" content=\"2025-02-19T09:25:17+00:00\" \/>\n<meta property=\"og:image\" content=\"https:\/\/www.raytech.it\/wp-content\/uploads\/fsco-t110.jpg\" \/>\n\t<meta property=\"og:image:width\" content=\"500\" \/>\n\t<meta property=\"og:image:height\" content=\"500\" \/>\n\t<meta property=\"og:image:type\" content=\"image\/jpeg\" \/>\n<meta name=\"twitter:card\" content=\"summary_large_image\" \/>\n<meta name=\"twitter:label1\" content=\"Geschatte leestijd\" \/>\n\t<meta name=\"twitter:data1\" content=\"1 minuut\" \/>\n<script type=\"application\/ld+json\" class=\"yoast-schema-graph\">{\"@context\":\"https:\/\/schema.org\",\"@graph\":[{\"@type\":\"WebPage\",\"@id\":\"https:\/\/www.raytech.it\/nl\/product\/laagspanning\/vlamwerende-barrieres\/beschermende-barriere-metalen-leidingen-in-matras\",\"url\":\"https:\/\/www.raytech.it\/nl\/product\/laagspanning\/vlamwerende-barrieres\/beschermende-barriere-metalen-leidingen-in-matras\",\"name\":\"Beschermende barri\u00e8re metalen leidingen in matras | Raytech\",\"isPartOf\":{\"@id\":\"https:\/\/www.raytech.it\/#website\"},\"primaryImageOfPage\":{\"@id\":\"https:\/\/www.raytech.it\/nl\/product\/laagspanning\/vlamwerende-barrieres\/beschermende-barriere-metalen-leidingen-in-matras#primaryimage\"},\"image\":{\"@id\":\"https:\/\/www.raytech.it\/nl\/product\/laagspanning\/vlamwerende-barrieres\/beschermende-barriere-metalen-leidingen-in-matras#primaryimage\"},\"thumbnailUrl\":\"https:\/\/www.raytech.it\/wp-content\/uploads\/fsco-t110.jpg\",\"datePublished\":\"2016-01-13T13:24:36+00:00\",\"dateModified\":\"2025-02-19T09:25:17+00:00\",\"breadcrumb\":{\"@id\":\"https:\/\/www.raytech.it\/nl\/product\/laagspanning\/vlamwerende-barrieres\/beschermende-barriere-metalen-leidingen-in-matras#breadcrumb\"},\"inLanguage\":\"nl-NL\",\"potentialAction\":[{\"@type\":\"ReadAction\",\"target\":[\"https:\/\/www.raytech.it\/nl\/product\/laagspanning\/vlamwerende-barrieres\/beschermende-barriere-metalen-leidingen-in-matras\"]}]},{\"@type\":\"ImageObject\",\"inLanguage\":\"nl-NL\",\"@id\":\"https:\/\/www.raytech.it\/nl\/product\/laagspanning\/vlamwerende-barrieres\/beschermende-barriere-metalen-leidingen-in-matras#primaryimage\",\"url\":\"https:\/\/www.raytech.it\/wp-content\/uploads\/fsco-t110.jpg\",\"contentUrl\":\"https:\/\/www.raytech.it\/wp-content\/uploads\/fsco-t110.jpg\",\"width\":500,\"height\":500},{\"@type\":\"BreadcrumbList\",\"@id\":\"https:\/\/www.raytech.it\/nl\/product\/laagspanning\/vlamwerende-barrieres\/beschermende-barriere-metalen-leidingen-in-matras#breadcrumb\",\"itemListElement\":[{\"@type\":\"ListItem\",\"position\":1,\"name\":\"Home\",\"item\":\"https:\/\/www.raytech.it\/nl\"},{\"@type\":\"ListItem\",\"position\":2,\"name\":\"Winkel\",\"item\":\"https:\/\/www.raytech.it\/nl\/winkel\"},{\"@type\":\"ListItem\",\"position\":3,\"name\":\"Beschermende barri\u00e8re metalen leidingen in matras\"}]},{\"@type\":\"WebSite\",\"@id\":\"https:\/\/www.raytech.it\/#website\",\"url\":\"https:\/\/www.raytech.it\/\",\"name\":\"Raytech\",\"description\":\"Cable accessories company\",\"publisher\":{\"@id\":\"https:\/\/www.raytech.it\/#organization\"},\"potentialAction\":[{\"@type\":\"SearchAction\",\"target\":{\"@type\":\"EntryPoint\",\"urlTemplate\":\"https:\/\/www.raytech.it\/?s={search_term_string}\"},\"query-input\":{\"@type\":\"PropertyValueSpecification\",\"valueRequired\":true,\"valueName\":\"search_term_string\"}}],\"inLanguage\":\"nl-NL\"},{\"@type\":\"Organization\",\"@id\":\"https:\/\/www.raytech.it\/#organization\",\"name\":\"Raytech\",\"url\":\"https:\/\/www.raytech.it\/\",\"logo\":{\"@type\":\"ImageObject\",\"inLanguage\":\"nl-NL\",\"@id\":\"https:\/\/www.raytech.it\/#\/schema\/logo\/image\/\",\"url\":\"https:\/\/www.raytech.it\/wp-content\/uploads\/logo-raytech-2019-retina-3.png\",\"contentUrl\":\"https:\/\/www.raytech.it\/wp-content\/uploads\/logo-raytech-2019-retina-3.png\",\"width\":340,\"height\":90,\"caption\":\"Raytech\"},\"image\":{\"@id\":\"https:\/\/www.raytech.it\/#\/schema\/logo\/image\/\"},\"sameAs\":[\"https:\/\/www.facebook.com\/RaytechItaly\",\"https:\/\/www.instagram.com\/raytech_italy\/\",\"https:\/\/www.youtube.com\/user\/raytechitaly\",\"https:\/\/twitter.com\/Raytech_Italy\"]}]}<\/script>\n<!-- \/ Yoast SEO plugin. -->","yoast_head_json":{"title":"Beschermende barri\u00e8re metalen leidingen in matras | Raytech","robots":{"index":"index","follow":"follow","max-snippet":"max-snippet:-1","max-image-preview":"max-image-preview:large","max-video-preview":"max-video-preview:-1"},"canonical":"https:\/\/www.raytech.it\/nl\/product\/laagspanning\/vlamwerende-barrieres\/beschermende-barriere-metalen-leidingen-in-matras","og_locale":"nl_NL","og_type":"article","og_title":"Beschermende barri\u00e8re metalen leidingen in matras | Raytech","og_description":"Approvazioni Classe EI 120 Atossica e priva di amianto Conforme alla norma\u00a0EN 1366-1 \u2022 EN 1366-3 \u2022 EN 1366-5","og_url":"https:\/\/www.raytech.it\/nl\/product\/laagspanning\/vlamwerende-barrieres\/beschermende-barriere-metalen-leidingen-in-matras","og_site_name":"Raytech","article_publisher":"https:\/\/www.facebook.com\/RaytechItaly","article_modified_time":"2025-02-19T09:25:17+00:00","og_image":[{"width":500,"height":500,"url":"https:\/\/www.raytech.it\/wp-content\/uploads\/fsco-t110.jpg","type":"image\/jpeg"}],"twitter_card":"summary_large_image","twitter_misc":{"Geschatte leestijd":"1 minuut"},"schema":{"@context":"https:\/\/schema.org","@graph":[{"@type":"WebPage","@id":"https:\/\/www.raytech.it\/nl\/product\/laagspanning\/vlamwerende-barrieres\/beschermende-barriere-metalen-leidingen-in-matras","url":"https:\/\/www.raytech.it\/nl\/product\/laagspanning\/vlamwerende-barrieres\/beschermende-barriere-metalen-leidingen-in-matras","name":"Beschermende barri\u00e8re metalen leidingen in matras | Raytech","isPartOf":{"@id":"https:\/\/www.raytech.it\/#website"},"primaryImageOfPage":{"@id":"https:\/\/www.raytech.it\/nl\/product\/laagspanning\/vlamwerende-barrieres\/beschermende-barriere-metalen-leidingen-in-matras#primaryimage"},"image":{"@id":"https:\/\/www.raytech.it\/nl\/product\/laagspanning\/vlamwerende-barrieres\/beschermende-barriere-metalen-leidingen-in-matras#primaryimage"},"thumbnailUrl":"https:\/\/www.raytech.it\/wp-content\/uploads\/fsco-t110.jpg","datePublished":"2016-01-13T13:24:36+00:00","dateModified":"2025-02-19T09:25:17+00:00","breadcrumb":{"@id":"https:\/\/www.raytech.it\/nl\/product\/laagspanning\/vlamwerende-barrieres\/beschermende-barriere-metalen-leidingen-in-matras#breadcrumb"},"inLanguage":"nl-NL","potentialAction":[{"@type":"ReadAction","target":["https:\/\/www.raytech.it\/nl\/product\/laagspanning\/vlamwerende-barrieres\/beschermende-barriere-metalen-leidingen-in-matras"]}]},{"@type":"ImageObject","inLanguage":"nl-NL","@id":"https:\/\/www.raytech.it\/nl\/product\/laagspanning\/vlamwerende-barrieres\/beschermende-barriere-metalen-leidingen-in-matras#primaryimage","url":"https:\/\/www.raytech.it\/wp-content\/uploads\/fsco-t110.jpg","contentUrl":"https:\/\/www.raytech.it\/wp-content\/uploads\/fsco-t110.jpg","width":500,"height":500},{"@type":"BreadcrumbList","@id":"https:\/\/www.raytech.it\/nl\/product\/laagspanning\/vlamwerende-barrieres\/beschermende-barriere-metalen-leidingen-in-matras#breadcrumb","itemListElement":[{"@type":"ListItem","position":1,"name":"Home","item":"https:\/\/www.raytech.it\/nl"},{"@type":"ListItem","position":2,"name":"Winkel","item":"https:\/\/www.raytech.it\/nl\/winkel"},{"@type":"ListItem","position":3,"name":"Beschermende barri\u00e8re metalen leidingen in matras"}]},{"@type":"WebSite","@id":"https:\/\/www.raytech.it\/#website","url":"https:\/\/www.raytech.it\/","name":"Raytech","description":"Cable accessories company","publisher":{"@id":"https:\/\/www.raytech.it\/#organization"},"potentialAction":[{"@type":"SearchAction","target":{"@type":"EntryPoint","urlTemplate":"https:\/\/www.raytech.it\/?s={search_term_string}"},"query-input":{"@type":"PropertyValueSpecification","valueRequired":true,"valueName":"search_term_string"}}],"inLanguage":"nl-NL"},{"@type":"Organization","@id":"https:\/\/www.raytech.it\/#organization","name":"Raytech","url":"https:\/\/www.raytech.it\/","logo":{"@type":"ImageObject","inLanguage":"nl-NL","@id":"https:\/\/www.raytech.it\/#\/schema\/logo\/image\/","url":"https:\/\/www.raytech.it\/wp-content\/uploads\/logo-raytech-2019-retina-3.png","contentUrl":"https:\/\/www.raytech.it\/wp-content\/uploads\/logo-raytech-2019-retina-3.png","width":340,"height":90,"caption":"Raytech"},"image":{"@id":"https:\/\/www.raytech.it\/#\/schema\/logo\/image\/"},"sameAs":["https:\/\/www.facebook.com\/RaytechItaly","https:\/\/www.instagram.com\/raytech_italy\/","https:\/\/www.youtube.com\/user\/raytechitaly","https:\/\/twitter.com\/Raytech_Italy"]}]}},"_links":{"self":[{"href":"https:\/\/www.raytech.it\/nl\/wp-json\/wp\/v2\/product\/7955","targetHints":{"allow":["GET"]}}],"collection":[{"href":"https:\/\/www.raytech.it\/nl\/wp-json\/wp\/v2\/product"}],"about":[{"href":"https:\/\/www.raytech.it\/nl\/wp-json\/wp\/v2\/types\/product"}],"wp:featuredmedia":[{"embeddable":true,"href":"https:\/\/www.raytech.it\/nl\/wp-json\/wp\/v2\/media\/1589"}],"wp:attachment":[{"href":"https:\/\/www.raytech.it\/nl\/wp-json\/wp\/v2\/media?parent=7955"}],"wp:term":[{"taxonomy":"product_brand","embeddable":true,"href":"https:\/\/www.raytech.it\/nl\/wp-json\/wp\/v2\/product_brand?post=7955"},{"taxonomy":"product_cat","embeddable":true,"href":"https:\/\/www.raytech.it\/nl\/wp-json\/wp\/v2\/product_cat?post=7955"},{"taxonomy":"product_tag","embeddable":true,"href":"https:\/\/www.raytech.it\/nl\/wp-json\/wp\/v2\/product_tag?post=7955"}],"curies":[{"name":"wp","href":"https:\/\/api.w.org\/{rel}","templated":true}]}}