{"id":17865,"date":"2019-08-22T13:20:03","date_gmt":"2019-08-22T13:20:03","guid":{"rendered":"https:\/\/www.raytech.it\/?page_id=17865"},"modified":"2019-08-22T13:20:03","modified_gmt":"2019-08-22T13:20:03","slug":"laboratorio-certificado-de-alta-tensao","status":"publish","type":"page","link":"https:\/\/www.raytech.it\/pt-pt\/quem-somos\/laboratorio-certificado-de-alta-tensao","title":{"rendered":"Laborat\u00f3rio certificado de alta tens\u00e3o"},"content":{"rendered":"<div class=\"wpb-content-wrapper\"><p>[vc_row css=&#8221;.vc_custom_1564757943622{margin-bottom: 20px !important;}&#8221;][vc_column][vc_custom_heading text=&#8221;Laborat\u00f3rio certificado de alta tens\u00e3o&#8221; font_container=&#8221;tag:h1|font_size:32px|text_align:left|color:%23e30613|line_height:38px&#8221; use_theme_fonts=&#8221;yes&#8221; css=&#8221;.vc_custom_1566482203497{margin-bottom: 30px !important;}&#8221;][vc_row_inner][vc_column_inner width=&#8221;1\/4&#8243;][vc_single_image image=&#8221;954&#8243; img_size=&#8221;medium&#8221; add_caption=&#8221;yes&#8221; alignment=&#8221;center&#8221;][vc_single_image image=&#8221;946&#8243; img_size=&#8221;medium&#8221; add_caption=&#8221;yes&#8221; alignment=&#8221;center&#8221; css=&#8221;.vc_custom_1564760615914{margin-top: 30px !important;}&#8221;][\/vc_column_inner][vc_column_inner width=&#8221;3\/4&#8243;][vc_column_text]<\/p>\n<div class=\"wpb_text_column wpb_content_element \">\n<div class=\"wpb_wrapper\">\n<p>Equipado para qualquer tipo de ensaio (de corrente alternada, corrente cont\u00ednua, impulsos e ciclos de carga), com o cabo sob tens\u00e3o no ar ou imergido, para a medi\u00e7\u00e3o da resist\u00eancia de isolamento, das descargas parciais, para a verifica\u00e7\u00e3o da resposta ao trilhamento el\u00e9ctrico dos materiais isolantes, para o ensaio da c\u00e2mara h\u00famida e de n\u00e9voa salina.<\/p>\n<\/div>\n<\/div>\n<ul class=\"square\">\n<li class=\"\">Gerador de corrente cont\u00ednua de 120 kV<\/li>\n<li class=\"\">Transformador para ensaios com frequ\u00eancia industrial de 100 kV, livre de descargas parciais<\/li>\n<li class=\"\">Transformador para ensaios de longa dura\u00e7\u00e3o de 45 kV, 20 kVA<\/li>\n<li class=\"\">Transformadores de medida<\/li>\n<li class=\"\">Transformador para ensaios e impulsos de at\u00e9 600 kV<\/li>\n<li class=\"\">Dispositivo para ensaios de ciclos de carga, aquecimento por indu\u00e7\u00e3o, com cuba de teste<\/li>\n<li class=\"\">Dispositivo para a medi\u00e7\u00e3o do n\u00edvel das descargas parciais, m\u00e9todo directo e m\u00e9todo de ponte (equil\u00edbrio).<\/li>\n<li class=\"\">Dispositivo para a avalia\u00e7\u00e3o da resist\u00eancia ao trilhamento el\u00e9ctrico dos materiais isolantes segundo a norma CEI 60587<\/li>\n<li class=\"\">Milivolt\u00edmetros e registadores de temperatura<\/li>\n<\/ul>\n<p>[\/vc_column_text][vc_btn title=&#8221;Baixe o certificado IMQ&#8221; style=&#8221;custom&#8221; custom_background=&#8221;#e30613&#8243; custom_text=&#8221;#ffffff&#8221; shape=&#8221;square&#8221; i_align=&#8221;right&#8221; i_icon_fontawesome=&#8221;fa fa-file-pdf-o&#8221; add_icon=&#8221;true&#8221; link=&#8221;url:https%3A%2F%2Fwww.raytech.it%2Fwp-content%2Fuploads%2FIMQ-340_CTF2_2018-07-24.pdf||target:%20_blank|&#8221; css=&#8221;.vc_custom_1566482229752{margin-top: 40px !important;}&#8221;][\/vc_column_inner][\/vc_row_inner][\/vc_column][\/vc_row]<\/p>\n<\/div>","protected":false},"excerpt":{"rendered":"<p>[vc_row css=&#8221;.vc_custom_1564757943622{margin-bottom: 20px !important;}&#8221;][vc_column][vc_custom_heading text=&#8221;Laborat\u00f3rio certificado de alta tens\u00e3o&#8221; font_container=&#8221;tag:h1|font_size:32px|text_align:left|color:%23e30613|line_height:38px&#8221; use_theme_fonts=&#8221;yes&#8221; css=&#8221;.vc_custom_1566482203497{margin-bottom: 30px !important;}&#8221;][vc_row_inner][vc_column_inner width=&#8221;1\/4&#8243;][vc_single_image image=&#8221;954&#8243; img_size=&#8221;medium&#8221; add_caption=&#8221;yes&#8221; alignment=&#8221;center&#8221;][vc_single_image image=&#8221;946&#8243; img_size=&#8221;medium&#8221; add_caption=&#8221;yes&#8221; alignment=&#8221;center&#8221; css=&#8221;.vc_custom_1564760615914{margin-top: 30px !important;}&#8221;][\/vc_column_inner][vc_column_inner width=&#8221;3\/4&#8243;][vc_column_text] Equipado para qualquer<span class=\"excerpt-hellip\"> [\u2026]<\/span><\/p>\n","protected":false},"author":1,"featured_media":0,"parent":8439,"menu_order":1,"comment_status":"closed","ping_status":"closed","template":"","meta":{"footnotes":""},"class_list":["post-17865","page","type-page","status-publish","hentry"],"yoast_head":"<!-- This site is optimized with the Yoast SEO plugin v26.5 - https:\/\/yoast.com\/wordpress\/plugins\/seo\/ -->\n<title>Laborat\u00f3rio certificado de alta tens\u00e3o | Raytech<\/title>\n<meta name=\"robots\" content=\"index, follow, max-snippet:-1, max-image-preview:large, max-video-preview:-1\" \/>\n<link rel=\"canonical\" href=\"https:\/\/www.raytech.it\/pt-pt\/quem-somos\/laboratorio-certificado-de-alta-tensao\" \/>\n<meta property=\"og:locale\" content=\"pt_PT\" \/>\n<meta property=\"og:type\" content=\"article\" \/>\n<meta property=\"og:title\" content=\"Laborat\u00f3rio certificado de alta tens\u00e3o | Raytech\" \/>\n<meta property=\"og:description\" content=\"[vc_row css=&#8221;.vc_custom_1564757943622{margin-bottom: 20px !important;}&#8221;][vc_column][vc_custom_heading text=&#8221;Laborat\u00f3rio certificado de alta tens\u00e3o&#8221; font_container=&#8221;tag:h1|font_size:32px|text_align:left|color:%23e30613|line_height:38px&#8221; use_theme_fonts=&#8221;yes&#8221; css=&#8221;.vc_custom_1566482203497{margin-bottom: 30px !important;}&#8221;][vc_row_inner][vc_column_inner width=&#8221;1\/4&#8243;][vc_single_image image=&#8221;954&#8243; img_size=&#8221;medium&#8221; add_caption=&#8221;yes&#8221; alignment=&#8221;center&#8221;][vc_single_image image=&#8221;946&#8243; img_size=&#8221;medium&#8221; add_caption=&#8221;yes&#8221; alignment=&#8221;center&#8221; css=&#8221;.vc_custom_1564760615914{margin-top: 30px !important;}&#8221;][\/vc_column_inner][vc_column_inner width=&#8221;3\/4&#8243;][vc_column_text] Equipado para qualquer [\u2026]\" \/>\n<meta property=\"og:url\" content=\"https:\/\/www.raytech.it\/pt-pt\/quem-somos\/laboratorio-certificado-de-alta-tensao\" \/>\n<meta property=\"og:site_name\" content=\"Raytech\" \/>\n<meta property=\"article:publisher\" content=\"https:\/\/www.facebook.com\/RaytechItaly\" \/>\n<meta property=\"og:image\" content=\"https:\/\/www.raytech.it\/wp-content\/uploads\/logo_raytech.png\" \/>\n\t<meta property=\"og:image:width\" content=\"188\" \/>\n\t<meta property=\"og:image:height\" content=\"101\" \/>\n\t<meta property=\"og:image:type\" content=\"image\/png\" \/>\n<meta name=\"twitter:card\" content=\"summary_large_image\" \/>\n<meta name=\"twitter:label1\" content=\"Tempo estimado de leitura\" \/>\n\t<meta name=\"twitter:data1\" content=\"2 minutos\" \/>\n<script type=\"application\/ld+json\" class=\"yoast-schema-graph\">{\"@context\":\"https:\/\/schema.org\",\"@graph\":[{\"@type\":\"WebPage\",\"@id\":\"https:\/\/www.raytech.it\/pt-pt\/quem-somos\/laboratorio-certificado-de-alta-tensao\",\"url\":\"https:\/\/www.raytech.it\/pt-pt\/quem-somos\/laboratorio-certificado-de-alta-tensao\",\"name\":\"Laborat\u00f3rio certificado de alta tens\u00e3o | Raytech\",\"isPartOf\":{\"@id\":\"https:\/\/www.raytech.it\/#website\"},\"datePublished\":\"2019-08-22T13:20:03+00:00\",\"breadcrumb\":{\"@id\":\"https:\/\/www.raytech.it\/pt-pt\/quem-somos\/laboratorio-certificado-de-alta-tensao#breadcrumb\"},\"inLanguage\":\"pt-PT\",\"potentialAction\":[{\"@type\":\"ReadAction\",\"target\":[\"https:\/\/www.raytech.it\/pt-pt\/quem-somos\/laboratorio-certificado-de-alta-tensao\"]}]},{\"@type\":\"BreadcrumbList\",\"@id\":\"https:\/\/www.raytech.it\/pt-pt\/quem-somos\/laboratorio-certificado-de-alta-tensao#breadcrumb\",\"itemListElement\":[{\"@type\":\"ListItem\",\"position\":1,\"name\":\"Home\",\"item\":\"https:\/\/www.raytech.it\/pt-pt\"},{\"@type\":\"ListItem\",\"position\":2,\"name\":\"Quem somos\",\"item\":\"https:\/\/www.raytech.it\/pt-pt\/quem-somos\"},{\"@type\":\"ListItem\",\"position\":3,\"name\":\"Laborat\u00f3rio certificado de alta tens\u00e3o\"}]},{\"@type\":\"WebSite\",\"@id\":\"https:\/\/www.raytech.it\/#website\",\"url\":\"https:\/\/www.raytech.it\/\",\"name\":\"Raytech\",\"description\":\"Cable accessories company\",\"publisher\":{\"@id\":\"https:\/\/www.raytech.it\/#organization\"},\"potentialAction\":[{\"@type\":\"SearchAction\",\"target\":{\"@type\":\"EntryPoint\",\"urlTemplate\":\"https:\/\/www.raytech.it\/?s={search_term_string}\"},\"query-input\":{\"@type\":\"PropertyValueSpecification\",\"valueRequired\":true,\"valueName\":\"search_term_string\"}}],\"inLanguage\":\"pt-PT\"},{\"@type\":\"Organization\",\"@id\":\"https:\/\/www.raytech.it\/#organization\",\"name\":\"Raytech\",\"url\":\"https:\/\/www.raytech.it\/\",\"logo\":{\"@type\":\"ImageObject\",\"inLanguage\":\"pt-PT\",\"@id\":\"https:\/\/www.raytech.it\/#\/schema\/logo\/image\/\",\"url\":\"https:\/\/www.raytech.it\/wp-content\/uploads\/logo-raytech-2019-retina-3.png\",\"contentUrl\":\"https:\/\/www.raytech.it\/wp-content\/uploads\/logo-raytech-2019-retina-3.png\",\"width\":340,\"height\":90,\"caption\":\"Raytech\"},\"image\":{\"@id\":\"https:\/\/www.raytech.it\/#\/schema\/logo\/image\/\"},\"sameAs\":[\"https:\/\/www.facebook.com\/RaytechItaly\",\"https:\/\/www.instagram.com\/raytech_italy\/\",\"https:\/\/www.youtube.com\/user\/raytechitaly\",\"https:\/\/twitter.com\/Raytech_Italy\"]}]}<\/script>\n<!-- \/ Yoast SEO plugin. -->","yoast_head_json":{"title":"Laborat\u00f3rio certificado de alta tens\u00e3o | Raytech","robots":{"index":"index","follow":"follow","max-snippet":"max-snippet:-1","max-image-preview":"max-image-preview:large","max-video-preview":"max-video-preview:-1"},"canonical":"https:\/\/www.raytech.it\/pt-pt\/quem-somos\/laboratorio-certificado-de-alta-tensao","og_locale":"pt_PT","og_type":"article","og_title":"Laborat\u00f3rio certificado de alta tens\u00e3o | Raytech","og_description":"[vc_row css=&#8221;.vc_custom_1564757943622{margin-bottom: 20px !important;}&#8221;][vc_column][vc_custom_heading text=&#8221;Laborat\u00f3rio certificado de alta tens\u00e3o&#8221; font_container=&#8221;tag:h1|font_size:32px|text_align:left|color:%23e30613|line_height:38px&#8221; use_theme_fonts=&#8221;yes&#8221; css=&#8221;.vc_custom_1566482203497{margin-bottom: 30px !important;}&#8221;][vc_row_inner][vc_column_inner width=&#8221;1\/4&#8243;][vc_single_image image=&#8221;954&#8243; img_size=&#8221;medium&#8221; add_caption=&#8221;yes&#8221; alignment=&#8221;center&#8221;][vc_single_image image=&#8221;946&#8243; img_size=&#8221;medium&#8221; add_caption=&#8221;yes&#8221; alignment=&#8221;center&#8221; css=&#8221;.vc_custom_1564760615914{margin-top: 30px !important;}&#8221;][\/vc_column_inner][vc_column_inner width=&#8221;3\/4&#8243;][vc_column_text] Equipado para qualquer [\u2026]","og_url":"https:\/\/www.raytech.it\/pt-pt\/quem-somos\/laboratorio-certificado-de-alta-tensao","og_site_name":"Raytech","article_publisher":"https:\/\/www.facebook.com\/RaytechItaly","og_image":[{"width":188,"height":101,"url":"https:\/\/www.raytech.it\/wp-content\/uploads\/logo_raytech.png","type":"image\/png"}],"twitter_card":"summary_large_image","twitter_misc":{"Tempo estimado de leitura":"2 minutos"},"schema":{"@context":"https:\/\/schema.org","@graph":[{"@type":"WebPage","@id":"https:\/\/www.raytech.it\/pt-pt\/quem-somos\/laboratorio-certificado-de-alta-tensao","url":"https:\/\/www.raytech.it\/pt-pt\/quem-somos\/laboratorio-certificado-de-alta-tensao","name":"Laborat\u00f3rio certificado de alta tens\u00e3o | Raytech","isPartOf":{"@id":"https:\/\/www.raytech.it\/#website"},"datePublished":"2019-08-22T13:20:03+00:00","breadcrumb":{"@id":"https:\/\/www.raytech.it\/pt-pt\/quem-somos\/laboratorio-certificado-de-alta-tensao#breadcrumb"},"inLanguage":"pt-PT","potentialAction":[{"@type":"ReadAction","target":["https:\/\/www.raytech.it\/pt-pt\/quem-somos\/laboratorio-certificado-de-alta-tensao"]}]},{"@type":"BreadcrumbList","@id":"https:\/\/www.raytech.it\/pt-pt\/quem-somos\/laboratorio-certificado-de-alta-tensao#breadcrumb","itemListElement":[{"@type":"ListItem","position":1,"name":"Home","item":"https:\/\/www.raytech.it\/pt-pt"},{"@type":"ListItem","position":2,"name":"Quem somos","item":"https:\/\/www.raytech.it\/pt-pt\/quem-somos"},{"@type":"ListItem","position":3,"name":"Laborat\u00f3rio certificado de alta tens\u00e3o"}]},{"@type":"WebSite","@id":"https:\/\/www.raytech.it\/#website","url":"https:\/\/www.raytech.it\/","name":"Raytech","description":"Cable accessories company","publisher":{"@id":"https:\/\/www.raytech.it\/#organization"},"potentialAction":[{"@type":"SearchAction","target":{"@type":"EntryPoint","urlTemplate":"https:\/\/www.raytech.it\/?s={search_term_string}"},"query-input":{"@type":"PropertyValueSpecification","valueRequired":true,"valueName":"search_term_string"}}],"inLanguage":"pt-PT"},{"@type":"Organization","@id":"https:\/\/www.raytech.it\/#organization","name":"Raytech","url":"https:\/\/www.raytech.it\/","logo":{"@type":"ImageObject","inLanguage":"pt-PT","@id":"https:\/\/www.raytech.it\/#\/schema\/logo\/image\/","url":"https:\/\/www.raytech.it\/wp-content\/uploads\/logo-raytech-2019-retina-3.png","contentUrl":"https:\/\/www.raytech.it\/wp-content\/uploads\/logo-raytech-2019-retina-3.png","width":340,"height":90,"caption":"Raytech"},"image":{"@id":"https:\/\/www.raytech.it\/#\/schema\/logo\/image\/"},"sameAs":["https:\/\/www.facebook.com\/RaytechItaly","https:\/\/www.instagram.com\/raytech_italy\/","https:\/\/www.youtube.com\/user\/raytechitaly","https:\/\/twitter.com\/Raytech_Italy"]}]}},"_links":{"self":[{"href":"https:\/\/www.raytech.it\/pt-pt\/wp-json\/wp\/v2\/pages\/17865","targetHints":{"allow":["GET"]}}],"collection":[{"href":"https:\/\/www.raytech.it\/pt-pt\/wp-json\/wp\/v2\/pages"}],"about":[{"href":"https:\/\/www.raytech.it\/pt-pt\/wp-json\/wp\/v2\/types\/page"}],"author":[{"embeddable":true,"href":"https:\/\/www.raytech.it\/pt-pt\/wp-json\/wp\/v2\/users\/1"}],"replies":[{"embeddable":true,"href":"https:\/\/www.raytech.it\/pt-pt\/wp-json\/wp\/v2\/comments?post=17865"}],"version-history":[{"count":0,"href":"https:\/\/www.raytech.it\/pt-pt\/wp-json\/wp\/v2\/pages\/17865\/revisions"}],"up":[{"embeddable":true,"href":"https:\/\/www.raytech.it\/pt-pt\/wp-json\/wp\/v2\/pages\/8439"}],"wp:attachment":[{"href":"https:\/\/www.raytech.it\/pt-pt\/wp-json\/wp\/v2\/media?parent=17865"}],"curies":[{"name":"wp","href":"https:\/\/api.w.org\/{rel}","templated":true}]}}