{"id":18246,"date":"2017-01-04T11:56:45","date_gmt":"2017-01-04T11:56:45","guid":{"rendered":"https:\/\/www.raytech.it\/home-slider"},"modified":"2017-01-04T11:56:45","modified_gmt":"2017-01-04T11:56:45","slug":"home-slider","status":"publish","type":"page","link":"https:\/\/www.raytech.it\/pt-pt\/home-slider","title":{"rendered":"Home"},"content":{"rendered":"<div class=\"wpb-content-wrapper\"><p>[vc_row row_type=&#8221;1&#8243;][vc_column][rev_slider_vc alias=&#8221;showcase-v2&#8243;][distance][\/vc_column][\/vc_row][vc_row][vc_column css=&#8221;.vc_custom_1483530110817{margin-top: -330px !important;}&#8221;][vc_row_inner][vc_column_inner width=&#8221;1\/3&#8243;][iconbox type=&#8221;6&#8243; icon_title=&#8221;BASSA TENSIONE&#8221; title_color=&#8221;#008b33&#8243; iconbox_content=&#8221;Giunti, isolanti, guaine termorestringenti, e barriere antifiamma&#8221; icon_link_text=&#8221;Approfondisci&#8221; icon_link_url=&#8221;\/categoria-prodotto\/bassa-tensione&#8221; link_color=&#8221;#008b33&#8243; icon_image=&#8221;2692&#8243; icon_name=&#8221;none&#8221;][\/vc_column_inner][vc_column_inner width=&#8221;1\/3&#8243;][iconbox type=&#8221;6&#8243; icon_title=&#8221;MEDIA TENSIONE&#8221; title_color=&#8221;#0069b4&#8243; iconbox_content=&#8221;Giunti e terminali autorestringenti e\/o termorestringenti&#8221; icon_link_text=&#8221;Approfondisci&#8221; icon_link_url=&#8221;\/categoria-prodotto\/media-tensione\/&#8221; link_color=&#8221;#0069b4&#8243; icon_image=&#8221;2700&#8243; icon_name=&#8221;none&#8221;][\/vc_column_inner][vc_column_inner width=&#8221;1\/3&#8243;][iconbox type=&#8221;6&#8243; icon_title=&#8221;CAVI SCALDANTI&#8221; title_color=&#8221;#e52520&#8243; iconbox_content=&#8221;Cavi scaldanti per uso civile, industriale e comfort&#8221; icon_link_text=&#8221;Approfondisci&#8221; icon_link_url=&#8221;\/categoria-prodotto\/cavi-scaldanti\/&#8221; link_color=&#8221;#e52520&#8243; icon_image=&#8221;765&#8243; icon_name=&#8221;none&#8221;][\/vc_column_inner][\/vc_row_inner][\/vc_column][\/vc_row][vc_row row_type=&#8221;2&#8243; blox_image=&#8221;843&#8243; blox_bg_attachment=&#8221;true&#8221; blox_dark=&#8221;true&#8221;][vc_column offset=&#8221;vc_hidden-lg vc_hidden-md vc_hidden-sm vc_hidden-xs&#8221;][vc_row_inner][vc_column_inner width=&#8221;1\/2&#8243;][\/vc_column_inner][vc_column_inner width=&#8221;1\/2&#8243;][p]<\/p>\n<div class=\"slogan aligncenter\">\n<h1>We will show you<br \/>\nthe way to Success!<\/h1>\n<h4>Give us a chance and we will prove our efficiency!<\/h4>\n<\/div>\n<p>[\/p][\/vc_column_inner][\/vc_row_inner][distance type=&#8221;4&#8243;][vc_row_inner][vc_column_inner width=&#8221;1\/3&#8243;][iconbox type=&#8221;6&#8243; icon_title=&#8221;BASSA TENSIONE&#8221; title_color=&#8221;#008b33&#8243; iconbox_content=&#8221;Lorem ipsum dolor sit amet, consectetur adipisci elit, sed eiusmod tempor incidunt ut labore et dolore magna aliqua. Ut enim ad minim veniam&#8221; icon_link_text=&#8221;Approfondisci&#8221; icon_link_url=&#8221;\/bassa-tensione\/&#8221; link_color=&#8221;#008b33&#8243; icon_image=&#8221;757&#8243; icon_name=&#8221;none&#8221;][\/vc_column_inner][vc_column_inner width=&#8221;1\/3&#8243;][iconbox type=&#8221;6&#8243; icon_title=&#8221;MEDIA TENSIONE&#8221; title_color=&#8221;#0069b4&#8243; iconbox_content=&#8221;Lorem ipsum dolor sit amet, consectetur adipisci elit, sed eiusmod tempor incidunt ut labore et dolore magna aliqua. Ut enim ad minim veniam&#8221; icon_link_text=&#8221;Approfondisci&#8221; icon_link_url=&#8221;\/media-tensione\/&#8221; link_color=&#8221;#0069b4&#8243; icon_image=&#8221;773&#8243; icon_name=&#8221;none&#8221;][\/vc_column_inner][vc_column_inner width=&#8221;1\/3&#8243;][iconbox type=&#8221;6&#8243; icon_title=&#8221;CAVI SCALDANTI&#8221; title_color=&#8221;#e52520&#8243; iconbox_content=&#8221;Lorem ipsum dolor sit amet, consectetur adipisci elit, sed eiusmod tempor incidunt ut labore et dolore magna aliqua. Ut enim ad minim veniam&#8221; icon_link_text=&#8221;Approfondisci&#8221; icon_link_url=&#8221;\/cavi-scaldanti\/&#8221; link_color=&#8221;#e52520&#8243; icon_image=&#8221;765&#8243; icon_name=&#8221;none&#8221;][\/vc_column_inner][\/vc_row_inner][\/vc_column][\/vc_row][vc_row row_type=&#8221;2&#8243; blox_height=&#8221;420&#8243; blox_image=&#8221;5816&#8243; blox_bg_position=&#8221;center bottom&#8221; blox_cover=&#8221;false&#8221; align_center=&#8221;aligncenter&#8221;][vc_column css=&#8221;.vc_custom_1449768677624{margin-top: 80px !important;}&#8221;][big_title2 bigtitle_content=&#8221;Scarica il catalogo&#8221;][vc_column_text]Segui l&#8217;evoluzione della tecnologia Raytech\u00a0<a href=\"http:\/\/raytech.it\/catalogo\/it\/catalogo2017.pdf\" target=\"_blank\" rel=\"noopener noreferrer\">scarica il nuovo catalogo 2017<\/a>[\/vc_column_text][vc_single_image image=&#8221;8923&#8243; img_size=&#8221;full&#8221; alignment=&#8221;center&#8221;][\/vc_column][\/vc_row][vc_row blox_class=&#8221;aligncenter redbox&#8221;][vc_column css=&#8221;.vc_custom_1446544431680{padding-right: 8% !important;padding-left: 8% !important;}&#8221;][distance type=&#8221;4&#8243;][vc_raw_html]JTNDaDIlMjBjbGFzcyUzRCUyMm1leC10aXRsZSUyMiUzRSUzQ3NwYW4lMjBzdHlsZSUzRCUyMmNvbG9yJTNBJTIzZTQwMDA2JTNCJTIwZm9udC13ZWlnaHQlM0E2MDAlMjIlM0VSYXl0ZWNoJTNDJTJGc3BhbiUzRSUzQSUyMGNhdmklMjBzY2FsZGFudGklMkMlMjBtZWRpYSUyMGUlMjBiYXNzYSUyMHRlbnNpb25lJTNDJTJGaDIlM0U=[\/vc_raw_html][p]Benvenuti nel sito di Raytech, <strong>la societ\u00e0 con il pi\u00f9 ampio range di accessoristica e componentistica per cavi elettrici del mondo<\/strong>.<br \/>\nIn una superficie di <strong>20.000 m<sup>2<\/sup><\/strong>complessivi: laboratorio certificato attrezzato per ogni tipo di prova, in corrente alternata, in corrente continua, all&#8217;impulso, ai cicli di carico, laboratorio chimico-fisico, un sito produttivo di soluzioni innovative, uno stock per evadere gli ordini in <strong>24 ore<\/strong>; il tutto gestito da un team altamente qualificato operante secondo <strong>ISO 9001:2008<\/strong>.[\/p][distance type=&#8221;2&#8243;][\/vc_column][\/vc_row][vc_row row_type=&#8221;2&#8243; blox_height=&#8221;200&#8243; blox_image=&#8221;749&#8243; blox_bg_attachment=&#8221;true&#8221; blox_cover=&#8221;false&#8221; align_center=&#8221;aligncenter&#8221;][vc_column][\/vc_column][\/vc_row][vc_row row_type=&#8221;2&#8243; blox_height=&#8221;420&#8243; blox_bg_position=&#8221;center bottom&#8221; blox_cover=&#8221;false&#8221; align_center=&#8221;aligncenter&#8221; blox_bgcolor=&#8221;#ffffff&#8221;][vc_column css=&#8221;.vc_custom_1449768677624{margin-top: 80px !important;}&#8221;][big_title2 bigtitle_content=&#8221;Certificazioni&#8221;][vc_column_text]La qualit\u00e0 della societ\u00e0 e dei prodotti Raytech \u00e8 avvalorata dai maggiori enti certificatori[\/vc_column_text][vc_row_inner][vc_column_inner width=&#8221;1\/6&#8243;][vc_single_image image=&#8221;5907&#8243; img_size=&#8221;full&#8221; alignment=&#8221;center&#8221;][\/vc_column_inner][vc_column_inner width=&#8221;1\/6&#8243;][vc_single_image image=&#8221;5935&#8243; img_size=&#8221;full&#8221; alignment=&#8221;center&#8221;][\/vc_column_inner][vc_column_inner width=&#8221;1\/6&#8243;][vc_single_image image=&#8221;5921&#8243; img_size=&#8221;full&#8221; alignment=&#8221;center&#8221;][\/vc_column_inner][vc_column_inner width=&#8221;1\/6&#8243;][vc_single_image image=&#8221;5928&#8243; img_size=&#8221;full&#8221; alignment=&#8221;center&#8221;][\/vc_column_inner][vc_column_inner width=&#8221;1\/6&#8243;][vc_single_image image=&#8221;5914&#8243; img_size=&#8221;full&#8221; alignment=&#8221;center&#8221;][\/vc_column_inner][vc_column_inner width=&#8221;1\/6&#8243;][vc_single_image image=&#8221;5900&#8243; img_size=&#8221;full&#8221; alignment=&#8221;center&#8221;][\/vc_column_inner][\/vc_row_inner][\/vc_column][\/vc_row][vc_row row_type=&#8221;2&#8243; blox_height=&#8221;450&#8243; blox_image=&#8221;6250&#8243; blox_bg_attachment=&#8221;true&#8221; blox_cover=&#8221;false&#8221; blox_dark=&#8221;true&#8221; video_fullscreen=&#8221;true&#8221; video_type=&#8221;video\/youtube&#8221;][vc_column][vc_row_inner el_class=&#8221;laboratorio_home&#8221;][vc_column_inner width=&#8221;1\/2&#8243; css=&#8221;.vc_custom_1450272319187{padding-right: 20px !important;}&#8221;][distance type=&#8221;3&#8243;][big_title2 bigtitle_content=&#8221;Laboratorio alta tensione&#8221;][p]Attrezzato per ogni tipo di prova, in corrente alternata, in corrente continua, all\u2019impulso, ai cicli di carico con il cavo in tensione in aria ed in acqua, per la misura della resistenza di isolamento, delle scariche parziali, per la verifica del comportamento alla tracciatura elettrica dei materiali isolanti, per la prova in camera umida ed in nebbia salina.[\/p][\/vc_column_inner][vc_column_inner width=&#8221;1\/2&#8243;][\/vc_column_inner][\/vc_row_inner][\/vc_column][\/vc_row][vc_row][vc_column offset=&#8221;vc_hidden-lg vc_hidden-md vc_hidden-sm&#8221;][distance type=&#8221;4&#8243;][\/vc_column][\/vc_row][vc_row row_type=&#8221;1&#8243;][vc_column offset=&#8221;vc_hidden-xs&#8221;][distance type=&#8221;4&#8243;][vc_column_text css_animation=&#8221;bottom-to-top&#8221;]<\/p>\n<div class=\"aligncenter\"><i class=\"\" style=\"color:#e40006\" aria-hidden=\"true\"><\/i>[h2] La nostra sede[\/h2][h4 class=&#8221;slight&#8221;]Situata a Settimo Milanese,<br \/>\nal confine di Milano, l&#8217;area economico-finanziaria pi\u00f9 importante d&#8217;Italia [\/h4][distance2]<\/div>\n<p>[\/vc_column_text][gmap zoom=&#8221;16&#8243; popup=&#8221;enable&#8221; width=&#8221;&#8221; latitude=&#8221;45.4738764&#8243; longitude=&#8221;9.0746494&#8243; html=&#8221;Raytech srl, via Fermi 11 &#8211; 20019 Settimo Milanese (MI)&#8221;][distance type=&#8221;4&#8243;][\/vc_column][\/vc_row][vc_row row_type=&#8221;2&#8243; blox_height=&#8221;200&#8243; blox_image=&#8221;749&#8243; blox_bg_attachment=&#8221;true&#8221; blox_cover=&#8221;false&#8221; align_center=&#8221;aligncenter&#8221;][vc_column][\/vc_column][\/vc_row][vc_row row_type=&#8221;1&#8243;][vc_column][distance type=&#8221;4&#8243;][vc_row_inner][vc_column_inner width=&#8221;1\/4&#8243;][\/vc_column_inner][vc_column_inner el_class=&#8221;aligncenter&#8221; width=&#8221;1\/2&#8243;][vc_column_text css_animation=&#8221;top-to-bottom&#8221;]<i class=\"\" style=\"color:#e40006\" aria-hidden=\"true\"><\/i>[h2] Contatti[\/h2][\/vc_column_text][\/vc_column_inner][vc_column_inner width=&#8221;1\/4&#8243;][\/vc_column_inner][\/vc_row_inner][vc_row_inner][vc_column_inner width=&#8221;1\/6&#8243;][\/vc_column_inner][vc_column_inner width=&#8221;1\/3&#8243;][vc_column_text css_animation=&#8221;bottom-to-top&#8221;]<\/p>\n<div style=\"background: url('http:\/\/g.inkcommunication.it\/wp-content\/themes\/florida-wp\/images\/world-map2.png') no-repeat right top;\">\n<div style=\"padding-top: 80px; text-align: right;\"><strong>RAYTECH S.r.l.<\/strong><br \/>\nVia Enrico Fermi, 11\/13\/17<br \/>\n20019 Settimo Milanese (MI) Italy<\/div>\n<div style=\"padding-top: 20px; text-align: right;\"><\/div>\n<p style=\"text-align: right;\"><strong>Telefono:<\/strong><br \/>\nTel.: +39 02 33500147<\/p>\n<\/div>\n<p>[\/vc_column_text][\/vc_column_inner][vc_column_inner width=&#8221;1\/3&#8243;]\n<div class=\"wpcf7 no-js\" id=\"wpcf7-f375-o1\" lang=\"it-IT\" dir=\"ltr\" data-wpcf7-id=\"375\">\n<div class=\"screen-reader-response\"><p role=\"status\" aria-live=\"polite\" aria-atomic=\"true\"><\/p> <ul><\/ul><\/div>\n<form action=\"\/pt-pt\/wp-json\/wp\/v2\/pages\/18246#wpcf7-f375-o1\" method=\"post\" class=\"wpcf7-form init\" aria-label=\"Modulo di contatto\" novalidate=\"novalidate\" data-status=\"init\">\n<fieldset class=\"hidden-fields-container\"><input type=\"hidden\" name=\"_wpcf7\" value=\"375\" \/><input type=\"hidden\" name=\"_wpcf7_version\" value=\"6.1.4\" \/><input type=\"hidden\" name=\"_wpcf7_locale\" value=\"it_IT\" \/><input type=\"hidden\" name=\"_wpcf7_unit_tag\" value=\"wpcf7-f375-o1\" \/><input type=\"hidden\" name=\"_wpcf7_container_post\" value=\"0\" \/><input type=\"hidden\" name=\"_wpcf7_posted_data_hash\" value=\"\" \/><input type=\"hidden\" name=\"_wpcf7_recaptcha_response\" value=\"\" \/>\n<\/fieldset>\n<div class=\"vc_col-sm-6\">\n\t<p class=\"campi\"><span class=\"wpcf7-form-control-wrap\" data-name=\"nome\"><input size=\"40\" maxlength=\"400\" class=\"wpcf7-form-control wpcf7-text wpcf7-validates-as-required\" aria-required=\"true\" aria-invalid=\"false\" placeholder=\"Nome e Cognome*\" value=\"\" type=\"text\" name=\"nome\" \/><\/span>\n\t<\/p>\n\t<p class=\"campi\"><span class=\"wpcf7-form-control-wrap\" data-name=\"azienda\"><input size=\"40\" maxlength=\"400\" class=\"wpcf7-form-control wpcf7-text\" aria-invalid=\"false\" placeholder=\"Azienda\" value=\"\" type=\"text\" name=\"azienda\" \/><\/span>\n\t<\/p>\n\t<p class=\"colonna1\"><span class=\"wpcf7-form-control-wrap\" data-name=\"email\"><input size=\"40\" maxlength=\"400\" class=\"wpcf7-form-control wpcf7-email wpcf7-validates-as-required wpcf7-text wpcf7-validates-as-email\" aria-required=\"true\" aria-invalid=\"false\" placeholder=\"E-mail *\" value=\"\" type=\"email\" name=\"email\" \/><\/span>\n\t<\/p>\n<\/div>\n<div class=\"vc_col-sm-6\">\n\t<p class=\"colonna1\"><span class=\"wpcf7-form-control-wrap\" data-name=\"messaggio\"><textarea cols=\"40\" rows=\"7\" maxlength=\"2000\" class=\"wpcf7-form-control wpcf7-textarea wpcf7-validates-as-required\" aria-required=\"true\" aria-invalid=\"false\" placeholder=\"Messaggio *\" name=\"messaggio\"><\/textarea><\/span>\n\t<\/p>\n<\/div>\n<div style=\"clear: both;\">\n\t<p style=\"padding-left: 15px; padding-right: 15px; color: #fff;\"><span class=\"wpcf7-form-control-wrap\" data-name=\"privacy\"><span class=\"wpcf7-form-control wpcf7-acceptance\"><span class=\"wpcf7-list-item\"><input type=\"checkbox\" name=\"privacy\" value=\"1\" aria-invalid=\"false\" \/><\/span><\/span><\/span> Ho letto e accetto le condizioni riportate nel documento <a href=\"https:\/\/www.raytech.it\/informativa-sulla-privacy-e-cookie-policy\" target=\"_blank\" style=\"color: #d20a11;\">Privacy Policy<\/a>\n\t<\/p>\n<\/div>\n<div style=\"clear: both;\">\n\t<p style=\"padding-left: 15px; padding-right: 15px;\"><input class=\"wpcf7-form-control wpcf7-submit has-spinner btn-rosso\" type=\"submit\" value=\"Scrivici\" \/>\n\t<\/p>\n<\/div><input type='hidden' class='wpcf7-pum' value='{\"closepopup\":false,\"closedelay\":0,\"openpopup\":false,\"openpopup_id\":0}' \/><div class=\"wpcf7-response-output\" aria-hidden=\"true\"><\/div>\n<\/form>\n<\/div>\n[\/vc_column_inner][vc_column_inner width=&#8221;1\/6&#8243;][\/vc_column_inner][\/vc_row_inner][distance type=&#8221;2&#8243;][\/vc_column][\/vc_row]<\/p>\n<\/div>","protected":false},"excerpt":{"rendered":"<p>[vc_row row_type=&#8221;1&#8243;][vc_column][rev_slider_vc alias=&#8221;showcase-v2&#8243;][distance][\/vc_column][\/vc_row][vc_row][vc_column css=&#8221;.vc_custom_1483530110817{margin-top: -330px !important;}&#8221;][vc_row_inner][vc_column_inner width=&#8221;1\/3&#8243;][iconbox type=&#8221;6&#8243; icon_title=&#8221;BASSA TENSIONE&#8221; title_color=&#8221;#008b33&#8243; iconbox_content=&#8221;Giunti, isolanti, guaine termorestringenti, e barriere antifiamma&#8221; icon_link_text=&#8221;Approfondisci&#8221; icon_link_url=&#8221;\/categoria-prodotto\/bassa-tensione&#8221; link_color=&#8221;#008b33&#8243; icon_image=&#8221;2692&#8243; icon_name=&#8221;none&#8221;][\/vc_column_inner][vc_column_inner width=&#8221;1\/3&#8243;][iconbox type=&#8221;6&#8243; icon_title=&#8221;MEDIA TENSIONE&#8221; title_color=&#8221;#0069b4&#8243; iconbox_content=&#8221;Giunti e<span class=\"excerpt-hellip\"> [\u2026]<\/span><\/p>\n","protected":false},"author":1,"featured_media":0,"parent":0,"menu_order":0,"comment_status":"closed","ping_status":"closed","template":"","meta":{"footnotes":""},"class_list":["post-18246","page","type-page","status-publish","hentry"],"yoast_head":"<!-- This site is optimized with the Yoast SEO plugin v26.5 - https:\/\/yoast.com\/wordpress\/plugins\/seo\/ -->\n<title>Cavi Scaldanti - Accessori e Componenti per cavi elettrici - Raytech<\/title>\n<meta name=\"description\" content=\"Benvenuti nel sito di Raytech, la societ\u00e0 con il pi\u00f9 ampio range di accessori e componenti per cavi elettrici del mondo. Cavi Scaldanti e isolanti elettrici\" \/>\n<meta name=\"robots\" content=\"index, follow, max-snippet:-1, max-image-preview:large, max-video-preview:-1\" \/>\n<link rel=\"canonical\" href=\"https:\/\/www.raytech.it\/pt-pt\/home-slider\" \/>\n<meta property=\"og:locale\" content=\"pt_PT\" \/>\n<meta property=\"og:type\" content=\"article\" \/>\n<meta property=\"og:title\" content=\"Cavi Scaldanti - Accessori e Componenti per cavi elettrici - Raytech\" \/>\n<meta property=\"og:description\" content=\"Benvenuti nel sito di Raytech, la societ\u00e0 con il pi\u00f9 ampio range di accessori e componenti per cavi elettrici del mondo. Cavi Scaldanti e isolanti elettrici\" \/>\n<meta property=\"og:url\" content=\"https:\/\/www.raytech.it\/pt-pt\/home-slider\" \/>\n<meta property=\"og:site_name\" content=\"Raytech\" \/>\n<meta property=\"article:publisher\" content=\"https:\/\/www.facebook.com\/RaytechItaly\" \/>\n<meta property=\"og:image\" content=\"https:\/\/www.raytech.it\/wp-content\/uploads\/logo_raytech.png\" \/>\n\t<meta property=\"og:image:width\" content=\"188\" \/>\n\t<meta property=\"og:image:height\" content=\"101\" \/>\n\t<meta property=\"og:image:type\" content=\"image\/png\" \/>\n<meta name=\"twitter:card\" content=\"summary_large_image\" \/>\n<meta name=\"twitter:label1\" content=\"Tempo estimado de leitura\" \/>\n\t<meta name=\"twitter:data1\" content=\"6 minutos\" \/>\n<script type=\"application\/ld+json\" class=\"yoast-schema-graph\">{\"@context\":\"https:\/\/schema.org\",\"@graph\":[{\"@type\":\"WebPage\",\"@id\":\"https:\/\/www.raytech.it\/pt-pt\/home-slider\",\"url\":\"https:\/\/www.raytech.it\/pt-pt\/home-slider\",\"name\":\"Cavi Scaldanti - Accessori e Componenti per cavi elettrici - Raytech\",\"isPartOf\":{\"@id\":\"https:\/\/www.raytech.it\/#website\"},\"datePublished\":\"2017-01-04T11:56:45+00:00\",\"description\":\"Benvenuti nel sito di Raytech, la societ\u00e0 con il pi\u00f9 ampio range di accessori e componenti per cavi elettrici del mondo. Cavi Scaldanti e isolanti elettrici\",\"breadcrumb\":{\"@id\":\"https:\/\/www.raytech.it\/pt-pt\/home-slider#breadcrumb\"},\"inLanguage\":\"pt-PT\",\"potentialAction\":[{\"@type\":\"ReadAction\",\"target\":[\"https:\/\/www.raytech.it\/pt-pt\/home-slider\"]}]},{\"@type\":\"BreadcrumbList\",\"@id\":\"https:\/\/www.raytech.it\/pt-pt\/home-slider#breadcrumb\",\"itemListElement\":[{\"@type\":\"ListItem\",\"position\":1,\"name\":\"Home\",\"item\":\"https:\/\/www.raytech.it\/pt-pt\"},{\"@type\":\"ListItem\",\"position\":2,\"name\":\"Home\"}]},{\"@type\":\"WebSite\",\"@id\":\"https:\/\/www.raytech.it\/#website\",\"url\":\"https:\/\/www.raytech.it\/\",\"name\":\"Raytech\",\"description\":\"Cable accessories company\",\"publisher\":{\"@id\":\"https:\/\/www.raytech.it\/#organization\"},\"potentialAction\":[{\"@type\":\"SearchAction\",\"target\":{\"@type\":\"EntryPoint\",\"urlTemplate\":\"https:\/\/www.raytech.it\/?s={search_term_string}\"},\"query-input\":{\"@type\":\"PropertyValueSpecification\",\"valueRequired\":true,\"valueName\":\"search_term_string\"}}],\"inLanguage\":\"pt-PT\"},{\"@type\":\"Organization\",\"@id\":\"https:\/\/www.raytech.it\/#organization\",\"name\":\"Raytech\",\"url\":\"https:\/\/www.raytech.it\/\",\"logo\":{\"@type\":\"ImageObject\",\"inLanguage\":\"pt-PT\",\"@id\":\"https:\/\/www.raytech.it\/#\/schema\/logo\/image\/\",\"url\":\"https:\/\/www.raytech.it\/wp-content\/uploads\/logo-raytech-2019-retina-3.png\",\"contentUrl\":\"https:\/\/www.raytech.it\/wp-content\/uploads\/logo-raytech-2019-retina-3.png\",\"width\":340,\"height\":90,\"caption\":\"Raytech\"},\"image\":{\"@id\":\"https:\/\/www.raytech.it\/#\/schema\/logo\/image\/\"},\"sameAs\":[\"https:\/\/www.facebook.com\/RaytechItaly\",\"https:\/\/www.instagram.com\/raytech_italy\/\",\"https:\/\/www.youtube.com\/user\/raytechitaly\",\"https:\/\/twitter.com\/Raytech_Italy\"]}]}<\/script>\n<!-- \/ Yoast SEO plugin. -->","yoast_head_json":{"title":"Cavi Scaldanti - Accessori e Componenti per cavi elettrici - Raytech","description":"Benvenuti nel sito di Raytech, la societ\u00e0 con il pi\u00f9 ampio range di accessori e componenti per cavi elettrici del mondo. Cavi Scaldanti e isolanti elettrici","robots":{"index":"index","follow":"follow","max-snippet":"max-snippet:-1","max-image-preview":"max-image-preview:large","max-video-preview":"max-video-preview:-1"},"canonical":"https:\/\/www.raytech.it\/pt-pt\/home-slider","og_locale":"pt_PT","og_type":"article","og_title":"Cavi Scaldanti - Accessori e Componenti per cavi elettrici - Raytech","og_description":"Benvenuti nel sito di Raytech, la societ\u00e0 con il pi\u00f9 ampio range di accessori e componenti per cavi elettrici del mondo. Cavi Scaldanti e isolanti elettrici","og_url":"https:\/\/www.raytech.it\/pt-pt\/home-slider","og_site_name":"Raytech","article_publisher":"https:\/\/www.facebook.com\/RaytechItaly","og_image":[{"width":188,"height":101,"url":"https:\/\/www.raytech.it\/wp-content\/uploads\/logo_raytech.png","type":"image\/png"}],"twitter_card":"summary_large_image","twitter_misc":{"Tempo estimado de leitura":"6 minutos"},"schema":{"@context":"https:\/\/schema.org","@graph":[{"@type":"WebPage","@id":"https:\/\/www.raytech.it\/pt-pt\/home-slider","url":"https:\/\/www.raytech.it\/pt-pt\/home-slider","name":"Cavi Scaldanti - Accessori e Componenti per cavi elettrici - Raytech","isPartOf":{"@id":"https:\/\/www.raytech.it\/#website"},"datePublished":"2017-01-04T11:56:45+00:00","description":"Benvenuti nel sito di Raytech, la societ\u00e0 con il pi\u00f9 ampio range di accessori e componenti per cavi elettrici del mondo. Cavi Scaldanti e isolanti elettrici","breadcrumb":{"@id":"https:\/\/www.raytech.it\/pt-pt\/home-slider#breadcrumb"},"inLanguage":"pt-PT","potentialAction":[{"@type":"ReadAction","target":["https:\/\/www.raytech.it\/pt-pt\/home-slider"]}]},{"@type":"BreadcrumbList","@id":"https:\/\/www.raytech.it\/pt-pt\/home-slider#breadcrumb","itemListElement":[{"@type":"ListItem","position":1,"name":"Home","item":"https:\/\/www.raytech.it\/pt-pt"},{"@type":"ListItem","position":2,"name":"Home"}]},{"@type":"WebSite","@id":"https:\/\/www.raytech.it\/#website","url":"https:\/\/www.raytech.it\/","name":"Raytech","description":"Cable accessories company","publisher":{"@id":"https:\/\/www.raytech.it\/#organization"},"potentialAction":[{"@type":"SearchAction","target":{"@type":"EntryPoint","urlTemplate":"https:\/\/www.raytech.it\/?s={search_term_string}"},"query-input":{"@type":"PropertyValueSpecification","valueRequired":true,"valueName":"search_term_string"}}],"inLanguage":"pt-PT"},{"@type":"Organization","@id":"https:\/\/www.raytech.it\/#organization","name":"Raytech","url":"https:\/\/www.raytech.it\/","logo":{"@type":"ImageObject","inLanguage":"pt-PT","@id":"https:\/\/www.raytech.it\/#\/schema\/logo\/image\/","url":"https:\/\/www.raytech.it\/wp-content\/uploads\/logo-raytech-2019-retina-3.png","contentUrl":"https:\/\/www.raytech.it\/wp-content\/uploads\/logo-raytech-2019-retina-3.png","width":340,"height":90,"caption":"Raytech"},"image":{"@id":"https:\/\/www.raytech.it\/#\/schema\/logo\/image\/"},"sameAs":["https:\/\/www.facebook.com\/RaytechItaly","https:\/\/www.instagram.com\/raytech_italy\/","https:\/\/www.youtube.com\/user\/raytechitaly","https:\/\/twitter.com\/Raytech_Italy"]}]}},"_links":{"self":[{"href":"https:\/\/www.raytech.it\/pt-pt\/wp-json\/wp\/v2\/pages\/18246","targetHints":{"allow":["GET"]}}],"collection":[{"href":"https:\/\/www.raytech.it\/pt-pt\/wp-json\/wp\/v2\/pages"}],"about":[{"href":"https:\/\/www.raytech.it\/pt-pt\/wp-json\/wp\/v2\/types\/page"}],"author":[{"embeddable":true,"href":"https:\/\/www.raytech.it\/pt-pt\/wp-json\/wp\/v2\/users\/1"}],"replies":[{"embeddable":true,"href":"https:\/\/www.raytech.it\/pt-pt\/wp-json\/wp\/v2\/comments?post=18246"}],"version-history":[{"count":0,"href":"https:\/\/www.raytech.it\/pt-pt\/wp-json\/wp\/v2\/pages\/18246\/revisions"}],"wp:attachment":[{"href":"https:\/\/www.raytech.it\/pt-pt\/wp-json\/wp\/v2\/media?parent=18246"}],"curies":[{"name":"wp","href":"https:\/\/api.w.org\/{rel}","templated":true}]}}