{"id":36166,"date":"2024-12-17T23:48:00","date_gmt":"2024-12-17T22:48:00","guid":{"rendered":"https:\/\/www.raytech.it\/?page_id=36166"},"modified":"2025-11-21T15:38:39","modified_gmt":"2025-11-21T14:38:39","slug":"certificacoes","status":"publish","type":"page","link":"https:\/\/www.raytech.it\/pt-pt\/quem-somos\/certificacoes","title":{"rendered":"Certifica\u00e7\u00f5es"},"content":{"rendered":"<div class=\"wpb-content-wrapper\"><p>[vc_row full_width=&#8221;stretch_row&#8221; row_type=&#8221;2&#8243; blox_height=&#8221;420&#8243; blox_bg_position=&#8221;center bottom&#8221; blox_cover=&#8221;false&#8221; align_center=&#8221;aligncenter&#8221; blox_bgcolor=&#8221;#ffffff&#8221; css=&#8221;.vc_custom_1728643229192{padding-top: 30px !important;padding-bottom: 50px !important;background-color: #ffffff !important;}&#8221;][vc_column][vc_custom_heading text=&#8221;Certifica\u00e7\u00f5es&#8221; font_container=&#8221;tag:h1|font_size:32px|text_align:left|color:%23e30613|line_height:38px&#8221; use_theme_fonts=&#8221;yes&#8221; css=&#8221;.vc_custom_1734431336708{padding-bottom: 30px !important;}&#8221;][vc_column_text css=&#8221;.vc_custom_1734431344027{padding-bottom: 30px !important;}&#8221;]Nossa empresa est\u00e1 constantemente comprometida em garantir a m\u00e1xima qualidade, seguran\u00e7a e sustentabilidade dos produtos e servi\u00e7os oferecidos. Por este motivo, obtivemos v\u00e1rias certifica\u00e7\u00f5es reconhecidas internacionalmente, como prova de nosso respeito por padr\u00f5es rigorosos e de nosso compromisso em manter altos n\u00edveis de excel\u00eancia.[\/vc_column_text][vc_row_inner css=&#8221;.vc_custom_1734431351233{margin-top: 30px !important;padding-bottom: 30px !important;}&#8221;][vc_column_inner width=&#8221;1\/2&#8243;][vc_single_image image=&#8221;38676&#8243; img_size=&#8221;150&#215;150&#8243; alignment=&#8221;right&#8221; onclick=&#8221;custom_link&#8221; img_link_target=&#8221;_blank&#8221; css=&#8221;.vc_custom_1763735893895{margin-bottom: 0px !important;}&#8221; link=&#8221;https:\/\/www.raytech.it\/wp-content\/uploads\/raytech-iso-14001.pdf&#8221;][\/vc_column_inner][vc_column_inner width=&#8221;1\/2&#8243;][vc_single_image image=&#8221;23008&#8243; img_size=&#8221;150&#215;150&#8243; onclick=&#8221;custom_link&#8221; img_link_target=&#8221;_blank&#8221; css=&#8221;.vc_custom_1763735903838{margin-bottom: 0px !important;}&#8221; link=&#8221;https:\/\/www.raytech.it\/wp-content\/uploads\/raytech-iso-45001-2018-iqnet.pdf&#8221;][\/vc_column_inner][\/vc_row_inner][vc_row_inner css=&#8221;.vc_custom_1564755562635{margin-top: 30px !important;}&#8221;][vc_column_inner width=&#8221;1\/3&#8243;][vc_single_image image=&#8221;18721&#8243; img_size=&#8221;169&#215;150&#8243; alignment=&#8221;center&#8221; onclick=&#8221;custom_link&#8221; img_link_target=&#8221;_blank&#8221; css=&#8221;.vc_custom_1733243233581{margin-bottom: 0px !important;}&#8221; link=&#8221;https:\/\/www.raytech.it\/wp-content\/uploads\/dekra-certification-2024.pdf&#8221;][\/vc_column_inner][vc_column_inner width=&#8221;1\/3&#8243;][vc_single_image image=&#8221;18707&#8243; img_size=&#8221;150&#215;150&#8243; alignment=&#8221;center&#8221; onclick=&#8221;custom_link&#8221; img_link_target=&#8221;_blank&#8221; css=&#8221;.vc_custom_1733243258132{margin-bottom: 0px !important;}&#8221; link=&#8221;https:\/\/www.raytech.it\/wp-content\/uploads\/raytech_bv_mca_mca-i-pf_eps15atex-1986u_3.pdf&#8221;][\/vc_column_inner][vc_column_inner width=&#8221;1\/3&#8243;][vc_single_image image=&#8221;18728&#8243; img_size=&#8221;150&#215;150&#8243; alignment=&#8221;center&#8221; onclick=&#8221;custom_link&#8221; img_link_target=&#8221;_blank&#8221; css=&#8221;.vc_custom_1733243291129{margin-bottom: 0px !important;}&#8221; link=&#8221;https:\/\/www.raytech.it\/wp-content\/uploads\/raytech-imq-340_ctf2.pdf&#8221;][\/vc_column_inner][\/vc_row_inner][\/vc_column][\/vc_row][vc_row][vc_column][vc_column_text]<\/p>\n<p>[\/vc_column_text][\/vc_column][\/vc_row]<\/p>\n<\/div>","protected":false},"excerpt":{"rendered":"<p>[vc_row full_width=&#8221;stretch_row&#8221; row_type=&#8221;2&#8243; blox_height=&#8221;420&#8243; blox_bg_position=&#8221;center bottom&#8221; blox_cover=&#8221;false&#8221; align_center=&#8221;aligncenter&#8221; blox_bgcolor=&#8221;#ffffff&#8221; css=&#8221;.vc_custom_1728643229192{padding-top: 30px !important;padding-bottom: 50px !important;background-color: #ffffff !important;}&#8221;][vc_column][vc_custom_heading text=&#8221;Certifica\u00e7\u00f5es&#8221; font_container=&#8221;tag:h1|font_size:32px|text_align:left|color:%23e30613|line_height:38px&#8221; use_theme_fonts=&#8221;yes&#8221; css=&#8221;.vc_custom_1734431336708{padding-bottom: 30px !important;}&#8221;][vc_column_text css=&#8221;.vc_custom_1734431344027{padding-bottom: 30px !important;}&#8221;]Nossa empresa est\u00e1 constantemente comprometida em<span class=\"excerpt-hellip\"> [\u2026]<\/span><\/p>\n","protected":false},"author":1,"featured_media":0,"parent":8439,"menu_order":1,"comment_status":"closed","ping_status":"closed","template":"","meta":{"footnotes":""},"class_list":["post-36166","page","type-page","status-publish","hentry"],"yoast_head":"<!-- This site is optimized with the Yoast SEO plugin v26.5 - https:\/\/yoast.com\/wordpress\/plugins\/seo\/ -->\n<title>Raytech | Certifica\u00e7\u00f5es<\/title>\n<meta name=\"robots\" content=\"index, follow, max-snippet:-1, max-image-preview:large, max-video-preview:-1\" \/>\n<link rel=\"canonical\" href=\"https:\/\/www.raytech.it\/pt-pt\/quem-somos\/certificacoes\" \/>\n<meta property=\"og:locale\" content=\"pt_PT\" \/>\n<meta property=\"og:type\" content=\"article\" \/>\n<meta property=\"og:title\" content=\"Raytech | Certifica\u00e7\u00f5es\" \/>\n<meta property=\"og:description\" content=\"[vc_row full_width=&#8221;stretch_row&#8221; row_type=&#8221;2&#8243; blox_height=&#8221;420&#8243; blox_bg_position=&#8221;center bottom&#8221; blox_cover=&#8221;false&#8221; align_center=&#8221;aligncenter&#8221; blox_bgcolor=&#8221;#ffffff&#8221; css=&#8221;.vc_custom_1728643229192{padding-top: 30px !important;padding-bottom: 50px !important;background-color: #ffffff !important;}&#8221;][vc_column][vc_custom_heading text=&#8221;Certifica\u00e7\u00f5es&#8221; font_container=&#8221;tag:h1|font_size:32px|text_align:left|color:%23e30613|line_height:38px&#8221; use_theme_fonts=&#8221;yes&#8221; css=&#8221;.vc_custom_1734431336708{padding-bottom: 30px !important;}&#8221;][vc_column_text css=&#8221;.vc_custom_1734431344027{padding-bottom: 30px !important;}&#8221;]Nossa empresa est\u00e1 constantemente comprometida em [\u2026]\" \/>\n<meta property=\"og:url\" content=\"https:\/\/www.raytech.it\/pt-pt\/quem-somos\/certificacoes\" \/>\n<meta property=\"og:site_name\" content=\"Raytech\" \/>\n<meta property=\"article:publisher\" content=\"https:\/\/www.facebook.com\/RaytechItaly\" \/>\n<meta property=\"article:modified_time\" content=\"2025-11-21T14:38:39+00:00\" \/>\n<meta property=\"og:image\" content=\"https:\/\/www.raytech.it\/wp-content\/uploads\/logo_raytech.png\" \/>\n\t<meta property=\"og:image:width\" content=\"188\" \/>\n\t<meta property=\"og:image:height\" content=\"101\" \/>\n\t<meta property=\"og:image:type\" content=\"image\/png\" \/>\n<meta name=\"twitter:card\" content=\"summary_large_image\" \/>\n<meta name=\"twitter:label1\" content=\"Tempo estimado de leitura\" \/>\n\t<meta name=\"twitter:data1\" content=\"2 minutos\" \/>\n<script type=\"application\/ld+json\" class=\"yoast-schema-graph\">{\"@context\":\"https:\/\/schema.org\",\"@graph\":[{\"@type\":\"WebPage\",\"@id\":\"https:\/\/www.raytech.it\/pt-pt\/quem-somos\/certificacoes\",\"url\":\"https:\/\/www.raytech.it\/pt-pt\/quem-somos\/certificacoes\",\"name\":\"Raytech | Certifica\u00e7\u00f5es\",\"isPartOf\":{\"@id\":\"https:\/\/www.raytech.it\/#website\"},\"datePublished\":\"2024-12-17T22:48:00+00:00\",\"dateModified\":\"2025-11-21T14:38:39+00:00\",\"breadcrumb\":{\"@id\":\"https:\/\/www.raytech.it\/pt-pt\/quem-somos\/certificacoes#breadcrumb\"},\"inLanguage\":\"pt-PT\",\"potentialAction\":[{\"@type\":\"ReadAction\",\"target\":[\"https:\/\/www.raytech.it\/pt-pt\/quem-somos\/certificacoes\"]}]},{\"@type\":\"BreadcrumbList\",\"@id\":\"https:\/\/www.raytech.it\/pt-pt\/quem-somos\/certificacoes#breadcrumb\",\"itemListElement\":[{\"@type\":\"ListItem\",\"position\":1,\"name\":\"Home\",\"item\":\"https:\/\/www.raytech.it\/pt-pt\"},{\"@type\":\"ListItem\",\"position\":2,\"name\":\"Quem somos\",\"item\":\"https:\/\/www.raytech.it\/pt-pt\/quem-somos\"},{\"@type\":\"ListItem\",\"position\":3,\"name\":\"Certifica\u00e7\u00f5es\"}]},{\"@type\":\"WebSite\",\"@id\":\"https:\/\/www.raytech.it\/#website\",\"url\":\"https:\/\/www.raytech.it\/\",\"name\":\"Raytech\",\"description\":\"Cable accessories company\",\"publisher\":{\"@id\":\"https:\/\/www.raytech.it\/#organization\"},\"potentialAction\":[{\"@type\":\"SearchAction\",\"target\":{\"@type\":\"EntryPoint\",\"urlTemplate\":\"https:\/\/www.raytech.it\/?s={search_term_string}\"},\"query-input\":{\"@type\":\"PropertyValueSpecification\",\"valueRequired\":true,\"valueName\":\"search_term_string\"}}],\"inLanguage\":\"pt-PT\"},{\"@type\":\"Organization\",\"@id\":\"https:\/\/www.raytech.it\/#organization\",\"name\":\"Raytech\",\"url\":\"https:\/\/www.raytech.it\/\",\"logo\":{\"@type\":\"ImageObject\",\"inLanguage\":\"pt-PT\",\"@id\":\"https:\/\/www.raytech.it\/#\/schema\/logo\/image\/\",\"url\":\"https:\/\/www.raytech.it\/wp-content\/uploads\/logo-raytech-2019-retina-3.png\",\"contentUrl\":\"https:\/\/www.raytech.it\/wp-content\/uploads\/logo-raytech-2019-retina-3.png\",\"width\":340,\"height\":90,\"caption\":\"Raytech\"},\"image\":{\"@id\":\"https:\/\/www.raytech.it\/#\/schema\/logo\/image\/\"},\"sameAs\":[\"https:\/\/www.facebook.com\/RaytechItaly\",\"https:\/\/www.instagram.com\/raytech_italy\/\",\"https:\/\/www.youtube.com\/user\/raytechitaly\",\"https:\/\/twitter.com\/Raytech_Italy\"]}]}<\/script>\n<!-- \/ Yoast SEO plugin. -->","yoast_head_json":{"title":"Raytech | Certifica\u00e7\u00f5es","robots":{"index":"index","follow":"follow","max-snippet":"max-snippet:-1","max-image-preview":"max-image-preview:large","max-video-preview":"max-video-preview:-1"},"canonical":"https:\/\/www.raytech.it\/pt-pt\/quem-somos\/certificacoes","og_locale":"pt_PT","og_type":"article","og_title":"Raytech | Certifica\u00e7\u00f5es","og_description":"[vc_row full_width=&#8221;stretch_row&#8221; row_type=&#8221;2&#8243; blox_height=&#8221;420&#8243; blox_bg_position=&#8221;center bottom&#8221; blox_cover=&#8221;false&#8221; align_center=&#8221;aligncenter&#8221; blox_bgcolor=&#8221;#ffffff&#8221; css=&#8221;.vc_custom_1728643229192{padding-top: 30px !important;padding-bottom: 50px !important;background-color: #ffffff !important;}&#8221;][vc_column][vc_custom_heading text=&#8221;Certifica\u00e7\u00f5es&#8221; font_container=&#8221;tag:h1|font_size:32px|text_align:left|color:%23e30613|line_height:38px&#8221; use_theme_fonts=&#8221;yes&#8221; css=&#8221;.vc_custom_1734431336708{padding-bottom: 30px !important;}&#8221;][vc_column_text css=&#8221;.vc_custom_1734431344027{padding-bottom: 30px !important;}&#8221;]Nossa empresa est\u00e1 constantemente comprometida em [\u2026]","og_url":"https:\/\/www.raytech.it\/pt-pt\/quem-somos\/certificacoes","og_site_name":"Raytech","article_publisher":"https:\/\/www.facebook.com\/RaytechItaly","article_modified_time":"2025-11-21T14:38:39+00:00","og_image":[{"width":188,"height":101,"url":"https:\/\/www.raytech.it\/wp-content\/uploads\/logo_raytech.png","type":"image\/png"}],"twitter_card":"summary_large_image","twitter_misc":{"Tempo estimado de leitura":"2 minutos"},"schema":{"@context":"https:\/\/schema.org","@graph":[{"@type":"WebPage","@id":"https:\/\/www.raytech.it\/pt-pt\/quem-somos\/certificacoes","url":"https:\/\/www.raytech.it\/pt-pt\/quem-somos\/certificacoes","name":"Raytech | Certifica\u00e7\u00f5es","isPartOf":{"@id":"https:\/\/www.raytech.it\/#website"},"datePublished":"2024-12-17T22:48:00+00:00","dateModified":"2025-11-21T14:38:39+00:00","breadcrumb":{"@id":"https:\/\/www.raytech.it\/pt-pt\/quem-somos\/certificacoes#breadcrumb"},"inLanguage":"pt-PT","potentialAction":[{"@type":"ReadAction","target":["https:\/\/www.raytech.it\/pt-pt\/quem-somos\/certificacoes"]}]},{"@type":"BreadcrumbList","@id":"https:\/\/www.raytech.it\/pt-pt\/quem-somos\/certificacoes#breadcrumb","itemListElement":[{"@type":"ListItem","position":1,"name":"Home","item":"https:\/\/www.raytech.it\/pt-pt"},{"@type":"ListItem","position":2,"name":"Quem somos","item":"https:\/\/www.raytech.it\/pt-pt\/quem-somos"},{"@type":"ListItem","position":3,"name":"Certifica\u00e7\u00f5es"}]},{"@type":"WebSite","@id":"https:\/\/www.raytech.it\/#website","url":"https:\/\/www.raytech.it\/","name":"Raytech","description":"Cable accessories company","publisher":{"@id":"https:\/\/www.raytech.it\/#organization"},"potentialAction":[{"@type":"SearchAction","target":{"@type":"EntryPoint","urlTemplate":"https:\/\/www.raytech.it\/?s={search_term_string}"},"query-input":{"@type":"PropertyValueSpecification","valueRequired":true,"valueName":"search_term_string"}}],"inLanguage":"pt-PT"},{"@type":"Organization","@id":"https:\/\/www.raytech.it\/#organization","name":"Raytech","url":"https:\/\/www.raytech.it\/","logo":{"@type":"ImageObject","inLanguage":"pt-PT","@id":"https:\/\/www.raytech.it\/#\/schema\/logo\/image\/","url":"https:\/\/www.raytech.it\/wp-content\/uploads\/logo-raytech-2019-retina-3.png","contentUrl":"https:\/\/www.raytech.it\/wp-content\/uploads\/logo-raytech-2019-retina-3.png","width":340,"height":90,"caption":"Raytech"},"image":{"@id":"https:\/\/www.raytech.it\/#\/schema\/logo\/image\/"},"sameAs":["https:\/\/www.facebook.com\/RaytechItaly","https:\/\/www.instagram.com\/raytech_italy\/","https:\/\/www.youtube.com\/user\/raytechitaly","https:\/\/twitter.com\/Raytech_Italy"]}]}},"_links":{"self":[{"href":"https:\/\/www.raytech.it\/pt-pt\/wp-json\/wp\/v2\/pages\/36166","targetHints":{"allow":["GET"]}}],"collection":[{"href":"https:\/\/www.raytech.it\/pt-pt\/wp-json\/wp\/v2\/pages"}],"about":[{"href":"https:\/\/www.raytech.it\/pt-pt\/wp-json\/wp\/v2\/types\/page"}],"author":[{"embeddable":true,"href":"https:\/\/www.raytech.it\/pt-pt\/wp-json\/wp\/v2\/users\/1"}],"replies":[{"embeddable":true,"href":"https:\/\/www.raytech.it\/pt-pt\/wp-json\/wp\/v2\/comments?post=36166"}],"version-history":[{"count":3,"href":"https:\/\/www.raytech.it\/pt-pt\/wp-json\/wp\/v2\/pages\/36166\/revisions"}],"predecessor-version":[{"id":38696,"href":"https:\/\/www.raytech.it\/pt-pt\/wp-json\/wp\/v2\/pages\/36166\/revisions\/38696"}],"up":[{"embeddable":true,"href":"https:\/\/www.raytech.it\/pt-pt\/wp-json\/wp\/v2\/pages\/8439"}],"wp:attachment":[{"href":"https:\/\/www.raytech.it\/pt-pt\/wp-json\/wp\/v2\/media?parent=36166"}],"curies":[{"name":"wp","href":"https:\/\/api.w.org\/{rel}","templated":true}]}}